{"id":83,"date":"2024-12-06T11:34:50","date_gmt":"2024-12-06T11:34:50","guid":{"rendered":"https:\/\/ai-chenming.com\/product\/piorro-quisquam\/"},"modified":"2025-09-24T09:08:55","modified_gmt":"2025-09-24T09:08:55","slug":"piorro-quisquam","status":"publish","type":"product","link":"https:\/\/www.ai-chenming.com\/fr\/produit\/piorro-quisquam\/","title":{"rendered":"Equipement de tri logistique intelligent machine de tri de modules convoyeur banc de travail roulement \u00e0 billes type 400 module plastique r\u00e9seau cha\u00eene logistique ligne de convoyage"},"content":{"rendered":"<p><img alt=\"\" fetchpriority=\"high\" decoding=\"async\" class=\"wp-image-3570  aligncenter\" src=\"https:\/\/www.ai-chenming.com\/wp-content\/uploads\/2024\/12\/400\u7cfb\u5217\u6eda\u73e0\u578b2-225x300.jpg\" width=\"548\" height=\"731\" srcset=\"https:\/\/www.ai-chenming.com\/wp-content\/uploads\/2024\/12\/400\u7cfb\u5217\u6eda\u73e0\u578b2-225x300.jpg 225w, https:\/\/www.ai-chenming.com\/wp-content\/uploads\/2024\/12\/400\u7cfb\u5217\u6eda\u73e0\u578b2-scaled-600x800.jpg 600w, https:\/\/www.ai-chenming.com\/wp-content\/uploads\/2024\/12\/400\u7cfb\u5217\u6eda\u73e0\u578b2-768x1024.jpg 768w, https:\/\/www.ai-chenming.com\/wp-content\/uploads\/2024\/12\/400\u7cfb\u5217\u6eda\u73e0\u578b2-1152x1536.jpg 1152w, https:\/\/www.ai-chenming.com\/wp-content\/uploads\/2024\/12\/400\u7cfb\u5217\u6eda\u73e0\u578b2-1536x2048.jpg 1536w, https:\/\/www.ai-chenming.com\/wp-content\/uploads\/2024\/12\/400\u7cfb\u5217\u6eda\u73e0\u578b2-9x12.jpg 9w, https:\/\/www.ai-chenming.com\/wp-content\/uploads\/2024\/12\/400\u7cfb\u5217\u6eda\u73e0\u578b2-scaled.jpg 1920w\" sizes=\"(max-width: 548px) 100vw, 548px\" \/><\/p>\n<p><img alt=\"\" decoding=\"async\" class=\"wp-image-3569  aligncenter\" src=\"https:\/\/www.ai-chenming.com\/wp-content\/uploads\/2024\/12\/400\u7cfb\u5217\u6eda\u73e0\u578b1-225x300.jpg\" width=\"524\" height=\"699\" srcset=\"https:\/\/www.ai-chenming.com\/wp-content\/uploads\/2024\/12\/400\u7cfb\u5217\u6eda\u73e0\u578b1-225x300.jpg 225w, https:\/\/www.ai-chenming.com\/wp-content\/uploads\/2024\/12\/400\u7cfb\u5217\u6eda\u73e0\u578b1-scaled-600x800.jpg 600w, https:\/\/www.ai-chenming.com\/wp-content\/uploads\/2024\/12\/400\u7cfb\u5217\u6eda\u73e0\u578b1-768x1024.jpg 768w, https:\/\/www.ai-chenming.com\/wp-content\/uploads\/2024\/12\/400\u7cfb\u5217\u6eda\u73e0\u578b1-1152x1536.jpg 1152w, https:\/\/www.ai-chenming.com\/wp-content\/uploads\/2024\/12\/400\u7cfb\u5217\u6eda\u73e0\u578b1-1536x2048.jpg 1536w, https:\/\/www.ai-chenming.com\/wp-content\/uploads\/2024\/12\/400\u7cfb\u5217\u6eda\u73e0\u578b1-9x12.jpg 9w, https:\/\/www.ai-chenming.com\/wp-content\/uploads\/2024\/12\/400\u7cfb\u5217\u6eda\u73e0\u578b1-scaled.jpg 1920w\" sizes=\"(max-width: 524px) 100vw, 524px\" \/><\/p>\n<p><img alt=\"\" decoding=\"async\" class=\"wp-image-3569  aligncenter\" src=\"https:\/\/www.ai-chenming.com\/wp-content\/uploads\/2024\/12\/400\u7cfb\u5217\u6eda\u73e0\u578b1-225x300.jpg\" width=\"609\" height=\"812\" srcset=\"https:\/\/www.ai-chenming.com\/wp-content\/uploads\/2024\/12\/400\u7cfb\u5217\u6eda\u73e0\u578b1-225x300.jpg 225w, https:\/\/www.ai-chenming.com\/wp-content\/uploads\/2024\/12\/400\u7cfb\u5217\u6eda\u73e0\u578b1-scaled-600x800.jpg 600w, https:\/\/www.ai-chenming.com\/wp-content\/uploads\/2024\/12\/400\u7cfb\u5217\u6eda\u73e0\u578b1-768x1024.jpg 768w, https:\/\/www.ai-chenming.com\/wp-content\/uploads\/2024\/12\/400\u7cfb\u5217\u6eda\u73e0\u578b1-1152x1536.jpg 1152w, https:\/\/www.ai-chenming.com\/wp-content\/uploads\/2024\/12\/400\u7cfb\u5217\u6eda\u73e0\u578b1-1536x2048.jpg 1536w, https:\/\/www.ai-chenming.com\/wp-content\/uploads\/2024\/12\/400\u7cfb\u5217\u6eda\u73e0\u578b1-9x12.jpg 9w, https:\/\/www.ai-chenming.com\/wp-content\/uploads\/2024\/12\/400\u7cfb\u5217\u6eda\u73e0\u578b1-scaled.jpg 1920w\" sizes=\"(max-width: 609px) 100vw, 609px\" \/><\/p>","protected":false},"excerpt":{"rendered":"","protected":false},"featured_media":4017,"template":"","meta":{"_acf_changed":false,"_seopress_robots_primary_cat":"none","_seopress_titles_title":"","_seopress_titles_desc":"","_seopress_robots_index":"","_uag_custom_page_level_css":"","site-sidebar-layout":"default","site-content-layout":"default","ast-site-content-layout":"default","site-content-style":"default","site-sidebar-style":"default","ast-global-header-display":"","ast-banner-title-visibility":"","ast-main-header-display":"","ast-hfb-above-header-display":"","ast-hfb-below-header-display":"","ast-hfb-mobile-header-display":"","site-post-title":"","ast-breadcrumbs-content":"","ast-featured-img":"","footer-sml-layout":"","theme-transparent-header-meta":"default","adv-header-id-meta":"","stick-header-meta":"","header-above-stick-meta":"","header-main-stick-meta":"","header-below-stick-meta":"","astra-migrate-meta-layouts":"set","ast-page-background-enabled":"default","ast-page-background-meta":{"desktop":{"background-color":"","background-image":"","background-repeat":"repeat","background-position":"center center","background-size":"auto","background-attachment":"scroll","background-type":"","background-media":"","overlay-type":"","overlay-color":"","overlay-opacity":"","overlay-gradient":""},"tablet":{"background-color":"","background-image":"","background-repeat":"repeat","background-position":"center center","background-size":"auto","background-attachment":"scroll","background-type":"","background-media":"","overlay-type":"","overlay-color":"","overlay-opacity":"","overlay-gradient":""},"mobile":{"background-color":"","background-image":"","background-repeat":"repeat","background-position":"center center","background-size":"auto","background-attachment":"scroll","background-type":"","background-media":"","overlay-type":"","overlay-color":"","overlay-opacity":"","overlay-gradient":""}},"ast-content-background-meta":{"desktop":{"background-color":"var(--ast-global-color-5)","background-image":"","background-repeat":"repeat","background-position":"center center","background-size":"auto","background-attachment":"scroll","background-type":"","background-media":"","overlay-type":"","overlay-color":"","overlay-opacity":"","overlay-gradient":""},"tablet":{"background-color":"var(--ast-global-color-5)","background-image":"","background-repeat":"repeat","background-position":"center center","background-size":"auto","background-attachment":"scroll","background-type":"","background-media":"","overlay-type":"","overlay-color":"","overlay-opacity":"","overlay-gradient":""},"mobile":{"background-color":"var(--ast-global-color-5)","background-image":"","background-repeat":"repeat","background-position":"center center","background-size":"auto","background-attachment":"scroll","background-type":"","background-media":"","overlay-type":"","overlay-color":"","overlay-opacity":"","overlay-gradient":""}}},"product_brand":[],"product_cat":[87],"product_tag":[],"class_list":{"0":"post-83","1":"product","2":"type-product","3":"status-publish","4":"has-post-thumbnail","6":"product_cat-conveyor","7":"desktop-align-center","8":"tablet-align-center","9":"mobile-align-left","10":"ast-product-gallery-layout-horizontal-slider","11":"ast-product-gallery-with-no-image","12":"ast-product-tabs-layout-horizontal","13":"ast-qv-on-image","15":"first","16":"instock","17":"featured","18":"shipping-taxable","19":"product-type-simple"},"acf":[],"uagb_featured_image_src":{"full":["https:\/\/www.ai-chenming.com\/wp-content\/uploads\/2024\/12\/100s.jpg",1000,1000,false],"thumbnail":["https:\/\/www.ai-chenming.com\/wp-content\/uploads\/2024\/12\/100s-150x150.jpg",150,150,true],"medium":["https:\/\/www.ai-chenming.com\/wp-content\/uploads\/2024\/12\/100s-300x300.jpg",300,300,true],"medium_large":["https:\/\/www.ai-chenming.com\/wp-content\/uploads\/2024\/12\/100s-768x768.jpg",768,768,true],"large":["https:\/\/www.ai-chenming.com\/wp-content\/uploads\/2024\/12\/100s.jpg",1000,1000,false],"1536x1536":["https:\/\/www.ai-chenming.com\/wp-content\/uploads\/2024\/12\/100s.jpg",1000,1000,false],"2048x2048":["https:\/\/www.ai-chenming.com\/wp-content\/uploads\/2024\/12\/100s.jpg",1000,1000,false],"trp-custom-language-flag":["https:\/\/www.ai-chenming.com\/wp-content\/uploads\/2024\/12\/100s-12x12.jpg",12,12,true],"woocommerce_thumbnail":["https:\/\/www.ai-chenming.com\/wp-content\/uploads\/2024\/12\/100s-450x450.jpg",450,450,true],"woocommerce_single":["https:\/\/www.ai-chenming.com\/wp-content\/uploads\/2024\/12\/100s-600x600.jpg",600,600,true],"woocommerce_gallery_thumbnail":["https:\/\/www.ai-chenming.com\/wp-content\/uploads\/2024\/12\/100s-100x100.jpg",100,100,true]},"uagb_author_info":{"display_name":"jinxing6611@gmail.com","author_link":"https:\/\/www.ai-chenming.com\/fr\/author\/"},"uagb_comment_info":0,"uagb_excerpt":null,"_links":{"self":[{"href":"https:\/\/www.ai-chenming.com\/fr\/wp-json\/wp\/v2\/product\/83","targetHints":{"allow":["GET"]}}],"collection":[{"href":"https:\/\/www.ai-chenming.com\/fr\/wp-json\/wp\/v2\/product"}],"about":[{"href":"https:\/\/www.ai-chenming.com\/fr\/wp-json\/wp\/v2\/types\/product"}],"wp:featuredmedia":[{"embeddable":true,"href":"https:\/\/www.ai-chenming.com\/fr\/wp-json\/wp\/v2\/media\/4017"}],"wp:attachment":[{"href":"https:\/\/www.ai-chenming.com\/fr\/wp-json\/wp\/v2\/media?parent=83"}],"wp:term":[{"taxonomy":"product_brand","embeddable":true,"href":"https:\/\/www.ai-chenming.com\/fr\/wp-json\/wp\/v2\/product_brand?post=83"},{"taxonomy":"product_cat","embeddable":true,"href":"https:\/\/www.ai-chenming.com\/fr\/wp-json\/wp\/v2\/product_cat?post=83"},{"taxonomy":"product_tag","embeddable":true,"href":"https:\/\/www.ai-chenming.com\/fr\/wp-json\/wp\/v2\/product_tag?post=83"}],"curies":[{"name":"wp","href":"https:\/\/api.w.org\/{rel}","templated":true}]}}