{"id":82,"date":"2024-12-06T11:34:50","date_gmt":"2024-12-06T11:34:50","guid":{"rendered":"https:\/\/ai-chenming.com\/product\/rattle-snake-tail\/"},"modified":"2025-09-24T09:07:45","modified_gmt":"2025-09-24T09:07:45","slug":"rattle-snake-tail","status":"publish","type":"product","link":"https:\/\/www.ai-chenming.com\/fr\/produit\/rattle-snake-tail\/","title":{"rendered":"Convoyeur circulaire \u00e0 mailles en plastique, convoyeur de ligne d'assemblage, convoyeur \u00e0 plaques \u00e0 cha\u00eene en plastique de qualit\u00e9 alimentaire"},"content":{"rendered":"<h3>Introduction aux param\u00e8tres du produit<\/h3>\n<p>&nbsp;<\/p>\n<div style=\"width: 1280px;\" class=\"wp-video\"><!--[if lt IE 9]><script>document.createElement('video');<\/script><![endif]-->\n<video class=\"wp-video-shortcode\" id=\"video-82-1\" width=\"1280\" height=\"720\" preload=\"metadata\" controls=\"controls\"><source type=\"video\/mp4\" src=\"https:\/\/www.ai-chenming.com\/wp-content\/uploads\/2024\/12\/OPB\u6321\u677f\u63d0\u5347\u673a\u89c6\u9891.mp4?_=1\" \/><a href=\"https:\/\/www.ai-chenming.com\/wp-content\/uploads\/2024\/12\/OPB\u6321\u677f\u63d0\u5347\u673a\u89c6\u9891.mp4\">https:\/\/www.ai-chenming.com\/wp-content\/uploads\/2024\/12\/OPB\u6321\u677f\u63d0\u5347\u673a\u89c6\u9891.mp4<\/a><\/video><\/div>\n<h4>1. D\u00e9finition et caract\u00e9ristiques structurelles<\/h4>\n<p><strong>Conception modulaire :<\/strong> Il adopte une combinaison de courroies plates en plastique et en acier et de d\u00e9flecteurs amovibles. La hauteur des d\u00e9flecteurs peut \u00eatre personnalis\u00e9e, ce qui convient au levage antid\u00e9rapant de mat\u00e9riaux tels que les particules et les bouteilles.<\/p>\n<p><strong>Mode de conduite :<\/strong> Entra\u00eenement par roue \u00e0 cha\u00eene, avec une grande stabilit\u00e9 de fonctionnement, supportant le transport horizontal, ascendant et vertical.<\/p>\n<h4><\/h4>\n<h3><img alt=\"\" fetchpriority=\"high\" decoding=\"async\" class=\"aligncenter wp-image-4036 size-large\" src=\"https:\/\/www.ai-chenming.com\/wp-content\/uploads\/2024\/12\/OPB\u6321\u677f\u63d0\u5347\u673a1-1024x768.jpg\" width=\"1024\" height=\"768\" srcset=\"https:\/\/www.ai-chenming.com\/wp-content\/uploads\/2024\/12\/OPB\u6321\u677f\u63d0\u5347\u673a1-1024x768.jpg 1024w, https:\/\/www.ai-chenming.com\/wp-content\/uploads\/2024\/12\/OPB\u6321\u677f\u63d0\u5347\u673a1-300x225.jpg 300w, https:\/\/www.ai-chenming.com\/wp-content\/uploads\/2024\/12\/OPB\u6321\u677f\u63d0\u5347\u673a1-768x576.jpg 768w, https:\/\/www.ai-chenming.com\/wp-content\/uploads\/2024\/12\/OPB\u6321\u677f\u63d0\u5347\u673a1-1536x1152.jpg 1536w, https:\/\/www.ai-chenming.com\/wp-content\/uploads\/2024\/12\/OPB\u6321\u677f\u63d0\u5347\u673a1-16x12.jpg 16w, https:\/\/www.ai-chenming.com\/wp-content\/uploads\/2024\/12\/OPB\u6321\u677f\u63d0\u5347\u673a1-600x450.jpg 600w, https:\/\/www.ai-chenming.com\/wp-content\/uploads\/2024\/12\/OPB\u6321\u677f\u63d0\u5347\u673a1.jpg 1702w\" sizes=\"(max-width: 1024px) 100vw, 1024px\" \/><\/h3>\n<p>&nbsp;<\/p>\n<h4>2. Mat\u00e9riaux et propri\u00e9t\u00e9s<\/h4>\n<h5>Principaux mat\u00e9riaux :<\/h5>\n<p>Acier au chlorure de polyvinyle (POM) : r\u00e9sistant \u00e0 l'huile, \u00e0 l'eau et aux chocs, adapt\u00e9 \u00e0 une plage de temp\u00e9rature de -10 \u00b0C \u00e0 120 \u00b0C ;<\/p>\n<p>Mat\u00e9riaux modifi\u00e9s en option : Les mat\u00e9riaux modifi\u00e9s peuvent am\u00e9liorer la r\u00e9sistance aux hautes temp\u00e9ratures ou \u00e0 la corrosion chimique.<\/p>\n<p>Mat\u00e9riau du d\u00e9flecteur : int\u00e9gr\u00e9 \u00e0 la bande en maille, il am\u00e9liore la r\u00e9sistance \u00e0 l'usure et emp\u00eache la dispersion du mat\u00e9riau.<\/p>\n<h4>\n3. Param\u00e8tres techniques<\/h4>\n<p>Param\u00e8tre \u00c9l\u00e9ment Sp\u00e9cification Plage<\/p>\n<p>Espacement 50,8 mm (universel)<\/p>\n<p>Hauteur de la barri\u00e8re : 10-50 mm (personnalisable)<\/p>\n<p>Vitesse applicable : 0,5-20m\/min (r\u00e9glable)<\/p>\n<p>Ratio de surface ouverte : 2% - 48% (\u00e0 s\u00e9lectionner selon les besoins)<\/p>\n<h4>4. Sc\u00e9narios d'application typiques<\/h4>\n<p><strong>Industrie alimentaire :<\/strong> Levage vertical de boissons en bouteille, transport dans des lignes de st\u00e9rilisation (doit r\u00e9pondre aux normes alimentaires) ;<\/p>\n<p><strong>Chimie\/\u00e9lectronique :<\/strong> Tri et transport de mat\u00e9riaux corrosifs ou de composants de pr\u00e9cision (en s'appuyant sur la r\u00e9sistance \u00e0 la corrosion et les caract\u00e9ristiques de faible bruit) ;<\/p>\n<p><strong>Tri logistique :<\/strong> transport directionnel de paquets et de bo\u00eetes (avec des d\u00e9flecteurs pour \u00e9viter les d\u00e9viations)<\/p>\n<h4><\/h4>","protected":false},"excerpt":{"rendered":"<p>Introduction aux param\u00e8tres du produit 1. D\u00e9finition et caract\u00e9ristiques structurelles Conception modulaire : Il adopte une combinaison d'acier plastique plat [...]<\/p>","protected":false},"featured_media":4035,"template":"","meta":{"_acf_changed":false,"_seopress_robots_primary_cat":"none","_seopress_titles_title":"","_seopress_titles_desc":"","_seopress_robots_index":"","_uag_custom_page_level_css":"","site-sidebar-layout":"default","site-content-layout":"default","ast-site-content-layout":"default","site-content-style":"default","site-sidebar-style":"default","ast-global-header-display":"","ast-banner-title-visibility":"","ast-main-header-display":"","ast-hfb-above-header-display":"","ast-hfb-below-header-display":"","ast-hfb-mobile-header-display":"","site-post-title":"","ast-breadcrumbs-content":"","ast-featured-img":"","footer-sml-layout":"","theme-transparent-header-meta":"default","adv-header-id-meta":"","stick-header-meta":"","header-above-stick-meta":"","header-main-stick-meta":"","header-below-stick-meta":"","astra-migrate-meta-layouts":"set","ast-page-background-enabled":"default","ast-page-background-meta":{"desktop":{"background-color":"","background-image":"","background-repeat":"repeat","background-position":"center center","background-size":"auto","background-attachment":"scroll","background-type":"","background-media":"","overlay-type":"","overlay-color":"","overlay-opacity":"","overlay-gradient":""},"tablet":{"background-color":"","background-image":"","background-repeat":"repeat","background-position":"center center","background-size":"auto","background-attachment":"scroll","background-type":"","background-media":"","overlay-type":"","overlay-color":"","overlay-opacity":"","overlay-gradient":""},"mobile":{"background-color":"","background-image":"","background-repeat":"repeat","background-position":"center center","background-size":"auto","background-attachment":"scroll","background-type":"","background-media":"","overlay-type":"","overlay-color":"","overlay-opacity":"","overlay-gradient":""}},"ast-content-background-meta":{"desktop":{"background-color":"var(--ast-global-color-5)","background-image":"","background-repeat":"repeat","background-position":"center center","background-size":"auto","background-attachment":"scroll","background-type":"","background-media":"","overlay-type":"","overlay-color":"","overlay-opacity":"","overlay-gradient":""},"tablet":{"background-color":"var(--ast-global-color-5)","background-image":"","background-repeat":"repeat","background-position":"center center","background-size":"auto","background-attachment":"scroll","background-type":"","background-media":"","overlay-type":"","overlay-color":"","overlay-opacity":"","overlay-gradient":""},"mobile":{"background-color":"var(--ast-global-color-5)","background-image":"","background-repeat":"repeat","background-position":"center center","background-size":"auto","background-attachment":"scroll","background-type":"","background-media":"","overlay-type":"","overlay-color":"","overlay-opacity":"","overlay-gradient":""}}},"product_brand":[],"product_cat":[87],"product_tag":[],"class_list":{"0":"post-82","1":"product","2":"type-product","3":"status-publish","4":"has-post-thumbnail","6":"product_cat-conveyor","7":"desktop-align-center","8":"tablet-align-center","9":"mobile-align-left","10":"ast-product-gallery-layout-horizontal-slider","11":"ast-product-tabs-layout-horizontal","12":"ast-qv-on-image","14":"first","15":"instock","16":"featured","17":"shipping-taxable","18":"product-type-simple"},"acf":[],"uagb_featured_image_src":{"full":["https:\/\/www.ai-chenming.com\/wp-content\/uploads\/2024\/12\/OPB\u6321\u677f\u63d0\u5347\u673a-e1750067401287.jpg",1276,1276,false],"thumbnail":["https:\/\/www.ai-chenming.com\/wp-content\/uploads\/2024\/12\/OPB\u6321\u677f\u63d0\u5347\u673a-e1750067401287-150x150.jpg",150,150,true],"medium":["https:\/\/www.ai-chenming.com\/wp-content\/uploads\/2024\/12\/OPB\u6321\u677f\u63d0\u5347\u673a-e1750067401287-300x300.jpg",300,300,true],"medium_large":["https:\/\/www.ai-chenming.com\/wp-content\/uploads\/2024\/12\/OPB\u6321\u677f\u63d0\u5347\u673a-e1750067401287-768x768.jpg",768,768,true],"large":["https:\/\/www.ai-chenming.com\/wp-content\/uploads\/2024\/12\/OPB\u6321\u677f\u63d0\u5347\u673a-e1750067401287-1024x1024.jpg",1024,1024,true],"1536x1536":["https:\/\/www.ai-chenming.com\/wp-content\/uploads\/2024\/12\/OPB\u6321\u677f\u63d0\u5347\u673a-1536x1152.jpg",1536,1152,true],"2048x2048":["https:\/\/www.ai-chenming.com\/wp-content\/uploads\/2024\/12\/OPB\u6321\u677f\u63d0\u5347\u673a-e1750067401287.jpg",1276,1276,false],"trp-custom-language-flag":["https:\/\/www.ai-chenming.com\/wp-content\/uploads\/2024\/12\/OPB\u6321\u677f\u63d0\u5347\u673a-e1750067401287-12x12.jpg",12,12,true],"woocommerce_thumbnail":["https:\/\/www.ai-chenming.com\/wp-content\/uploads\/2024\/12\/OPB\u6321\u677f\u63d0\u5347\u673a-e1750067401287-450x450.jpg",450,450,true],"woocommerce_single":["https:\/\/www.ai-chenming.com\/wp-content\/uploads\/2024\/12\/OPB\u6321\u677f\u63d0\u5347\u673a-e1750067401287-600x600.jpg",600,600,true],"woocommerce_gallery_thumbnail":["https:\/\/www.ai-chenming.com\/wp-content\/uploads\/2024\/12\/OPB\u6321\u677f\u63d0\u5347\u673a-e1750067401287-100x100.jpg",100,100,true]},"uagb_author_info":{"display_name":"jinxing6611@gmail.com","author_link":"https:\/\/www.ai-chenming.com\/fr\/author\/"},"uagb_comment_info":0,"uagb_excerpt":"Introduction to product parameters &nbsp; 1. Definition and Structural Characteristics Modular design: It adopts a combination of flat plastic steel [&hellip;]","_links":{"self":[{"href":"https:\/\/www.ai-chenming.com\/fr\/wp-json\/wp\/v2\/product\/82","targetHints":{"allow":["GET"]}}],"collection":[{"href":"https:\/\/www.ai-chenming.com\/fr\/wp-json\/wp\/v2\/product"}],"about":[{"href":"https:\/\/www.ai-chenming.com\/fr\/wp-json\/wp\/v2\/types\/product"}],"wp:featuredmedia":[{"embeddable":true,"href":"https:\/\/www.ai-chenming.com\/fr\/wp-json\/wp\/v2\/media\/4035"}],"wp:attachment":[{"href":"https:\/\/www.ai-chenming.com\/fr\/wp-json\/wp\/v2\/media?parent=82"}],"wp:term":[{"taxonomy":"product_brand","embeddable":true,"href":"https:\/\/www.ai-chenming.com\/fr\/wp-json\/wp\/v2\/product_brand?post=82"},{"taxonomy":"product_cat","embeddable":true,"href":"https:\/\/www.ai-chenming.com\/fr\/wp-json\/wp\/v2\/product_cat?post=82"},{"taxonomy":"product_tag","embeddable":true,"href":"https:\/\/www.ai-chenming.com\/fr\/wp-json\/wp\/v2\/product_tag?post=82"}],"curies":[{"name":"wp","href":"https:\/\/api.w.org\/{rel}","templated":true}]}}