{"id":80,"date":"2024-12-06T11:34:50","date_gmt":"2024-12-06T11:34:50","guid":{"rendered":"https:\/\/ai-chenming.com\/product\/star-cactus\/"},"modified":"2025-09-24T08:58:50","modified_gmt":"2025-09-24T08:58:50","slug":"star-cactus","status":"publish","type":"product","link":"https:\/\/www.ai-chenming.com\/fr\/produit\/star-cactus\/","title":{"rendered":"Convoyeur \u00e0 rouleaux motoris\u00e9s, bande transporteuse \u00e0 rouleaux, ligne d'assemblage, \u00e9quipement de convoyeur \u00e0 rouleaux tournants, r\u00e9sistance aux temp\u00e9ratures \u00e9lev\u00e9es et \u00e0 la corrosion"},"content":{"rendered":"<h3>1. Param\u00e8tres de base<\/h3>\n<p>Cat\u00e9gories de param\u00e8tres, plages de sp\u00e9cifications ou points cl\u00e9s de configuration<\/p>\n<p><strong>Mat\u00e9riau :<\/strong> Tout en acier inoxydable (pi\u00e8ces m\u00e9talliques telles que les cylindres, les noyaux d'arbre, les paliers, etc.), en option acier inoxydable 304\/201, r\u00e9sistant \u00e0 la corrosion.<br \/>\n<strong>Diam\u00e8tre du rouleau :<\/strong> 25-89mm (g\u00e9n\u00e9ralement 25mm, 38mm, 50mm, 76mm, etc., choisis en fonction des exigences de charge)<br \/>\nLa longueur du rouleau est d\u00e9termin\u00e9e en fonction de la largeur des marchandises, g\u00e9n\u00e9ralement \"largeur du mat\u00e9riau + 50 mm\". L'\u00e9paisseur de la paroi et le diam\u00e8tre de l'arbre sont calcul\u00e9s en fonction du poids du mat\u00e9riau pour r\u00e9pondre aux exigences de charge. \u00c9paisseur de la paroi : 1-3 mm, diam\u00e8tre de l'arbre : 10-30 mm (l'\u00e9paississement est n\u00e9cessaire pour le transport lourd).<br \/>\n<strong>Mode de conduite :<\/strong> entra\u00eenement par cha\u00eene (cha\u00eene simple\/double), entra\u00eenement par joint torique, entra\u00eenement par friction ; permet un entra\u00eenement individuel ou group\u00e9. Vitesse du convoyeur : 0,5-60 m\/min (r\u00e9glable, g\u00e9n\u00e9ralement contr\u00f4l\u00e9e par conversion de fr\u00e9quence).<br \/>\n<strong>Capacit\u00e9 de charge :<\/strong> Un seul rouleau peut supporter un poids de 5 \u00e0 200 kg (en fonction du mat\u00e9riau et de la conception structurelle).<br \/>\n<strong>M\u00e9thodes d'installation :<\/strong> Type \u00e0 ressort, type \u00e0 arbre dent\u00e9 interne, type \u00e0 tenon plat complet, type \u00e0 arbre traversant \u00e0 trou d'\u00e9pingle (des rouleaux coniques sont n\u00e9cessaires pour le transport en courbe).<\/p>\n<p>&nbsp;<\/p>\n<p><img alt=\"\" fetchpriority=\"high\" decoding=\"async\" class=\"aligncenter wp-image-4041 size-large\" src=\"https:\/\/www.ai-chenming.com\/wp-content\/uploads\/2024\/12\/90\u5ea6\u8f6c\u5f2f\u6eda\u7b52\u8f93\u9001\u673a-903x1024.png\" width=\"903\" height=\"1024\" srcset=\"https:\/\/www.ai-chenming.com\/wp-content\/uploads\/2024\/12\/90\u5ea6\u8f6c\u5f2f\u6eda\u7b52\u8f93\u9001\u673a-903x1024.png 903w, https:\/\/www.ai-chenming.com\/wp-content\/uploads\/2024\/12\/90\u5ea6\u8f6c\u5f2f\u6eda\u7b52\u8f93\u9001\u673a-265x300.png 265w, https:\/\/www.ai-chenming.com\/wp-content\/uploads\/2024\/12\/90\u5ea6\u8f6c\u5f2f\u6eda\u7b52\u8f93\u9001\u673a-768x871.png 768w, https:\/\/www.ai-chenming.com\/wp-content\/uploads\/2024\/12\/90\u5ea6\u8f6c\u5f2f\u6eda\u7b52\u8f93\u9001\u673a-1354x1536.png 1354w, https:\/\/www.ai-chenming.com\/wp-content\/uploads\/2024\/12\/90\u5ea6\u8f6c\u5f2f\u6eda\u7b52\u8f93\u9001\u673a-1806x2048.png 1806w, https:\/\/www.ai-chenming.com\/wp-content\/uploads\/2024\/12\/90\u5ea6\u8f6c\u5f2f\u6eda\u7b52\u8f93\u9001\u673a-11x12.png 11w, https:\/\/www.ai-chenming.com\/wp-content\/uploads\/2024\/12\/90\u5ea6\u8f6c\u5f2f\u6eda\u7b52\u8f93\u9001\u673a-600x680.png 600w, https:\/\/www.ai-chenming.com\/wp-content\/uploads\/2024\/12\/90\u5ea6\u8f6c\u5f2f\u6eda\u7b52\u8f93\u9001\u673a.png 2000w\" sizes=\"(max-width: 903px) 100vw, 903px\" \/><\/p>\n<h3>2. Environnement de l'application<\/h3>\n<h4>1. Sc\u00e9narios de l'industrie<\/h4>\n<p><strong>Industrie alimentaire et pharmaceutique :<\/strong> Les lignes de st\u00e9rilisation, les lignes d'emballage et le transport en chambre froide utilisent tous des mat\u00e9riaux en acier inoxydable pour \u00e9viter la rouille et r\u00e9pondre aux normes d'hygi\u00e8ne ;<\/p>\n<p><strong>Logistique et commerce \u00e9lectronique :<\/strong> tri des paquets, transport des bo\u00eetes (par exemple, syst\u00e8me de transport \u00e0 trois couches tournant \u00e0 180\u00b0) ;<\/p>\n<p><strong>Fabrication d'automobiles :<\/strong> Les lignes d'assemblage de composants sont tributaires d'une capacit\u00e9 de charge et d'une r\u00e9sistance aux chocs \u00e9lev\u00e9es ;<\/p>\n<p><strong>Chimie et \u00e9lectronique :<\/strong> Pour les environnements corrosifs ou le transport de composants de pr\u00e9cision, l'acier inoxydable 316 est n\u00e9cessaire pour r\u00e9sister \u00e0 la corrosion.<\/p>\n<p><img alt=\"\" decoding=\"async\" class=\"wp-image-4043 size-large aligncenter\" src=\"https:\/\/www.ai-chenming.com\/wp-content\/uploads\/2024\/12\/\u65e0\u52a8\u529b\u4e0d\u9508\u94a2\u6eda\u7b52\u8f93\u9001\u673a-1024x768.png\" width=\"1024\" height=\"768\" srcset=\"https:\/\/www.ai-chenming.com\/wp-content\/uploads\/2024\/12\/\u65e0\u52a8\u529b\u4e0d\u9508\u94a2\u6eda\u7b52\u8f93\u9001\u673a-1024x768.png 1024w, https:\/\/www.ai-chenming.com\/wp-content\/uploads\/2024\/12\/\u65e0\u52a8\u529b\u4e0d\u9508\u94a2\u6eda\u7b52\u8f93\u9001\u673a-300x225.png 300w, https:\/\/www.ai-chenming.com\/wp-content\/uploads\/2024\/12\/\u65e0\u52a8\u529b\u4e0d\u9508\u94a2\u6eda\u7b52\u8f93\u9001\u673a-768x576.png 768w, https:\/\/www.ai-chenming.com\/wp-content\/uploads\/2024\/12\/\u65e0\u52a8\u529b\u4e0d\u9508\u94a2\u6eda\u7b52\u8f93\u9001\u673a-1536x1151.png 1536w, https:\/\/www.ai-chenming.com\/wp-content\/uploads\/2024\/12\/\u65e0\u52a8\u529b\u4e0d\u9508\u94a2\u6eda\u7b52\u8f93\u9001\u673a-2048x1535.png 2048w, https:\/\/www.ai-chenming.com\/wp-content\/uploads\/2024\/12\/\u65e0\u52a8\u529b\u4e0d\u9508\u94a2\u6eda\u7b52\u8f93\u9001\u673a-16x12.png 16w, https:\/\/www.ai-chenming.com\/wp-content\/uploads\/2024\/12\/\u65e0\u52a8\u529b\u4e0d\u9508\u94a2\u6eda\u7b52\u8f93\u9001\u673a-600x450.png 600w\" sizes=\"(max-width: 1024px) 100vw, 1024px\" \/><\/p>\n<h4>2. S'adapter aux conditions de travail<\/h4>\n<p><strong>Environnement humide\/arros\u00e9 :<\/strong> Rouleaux en acier inoxydable (y compris les roulements, les pignons et autres composants) pour \u00e9viter la rouille et la pollution ;<\/p>\n<p><strong>Sc\u00e9nario \u00e0 haute temp\u00e9rature :<\/strong> Mat\u00e9riaux en acier inoxydable 316 ou 2520 r\u00e9sistant aux temp\u00e9ratures \u00e9lev\u00e9es (certains fabricants proposent des solutions personnalis\u00e9es en mati\u00e8re de r\u00e9sistance aux temp\u00e9ratures) ;<\/p>\n<p><strong>Exigences en mati\u00e8re de propret\u00e9 :<\/strong> La surface doit \u00eatre polie, facile \u00e0 nettoyer et ne laisser aucun r\u00e9sidu.<\/p>\n<p><img alt=\"\" decoding=\"async\" class=\"wp-image-4042 size-large aligncenter\" src=\"https:\/\/www.ai-chenming.com\/wp-content\/uploads\/2024\/12\/\u4e0d\u9508\u94a2\u52a8\u529b\u6eda\u7b52\u8f93\u9001\u673a-1024x1024.png\" width=\"1024\" height=\"1024\" srcset=\"https:\/\/www.ai-chenming.com\/wp-content\/uploads\/2024\/12\/\u4e0d\u9508\u94a2\u52a8\u529b\u6eda\u7b52\u8f93\u9001\u673a-1024x1024.png 1024w, https:\/\/www.ai-chenming.com\/wp-content\/uploads\/2024\/12\/\u4e0d\u9508\u94a2\u52a8\u529b\u6eda\u7b52\u8f93\u9001\u673a-300x300.png 300w, https:\/\/www.ai-chenming.com\/wp-content\/uploads\/2024\/12\/\u4e0d\u9508\u94a2\u52a8\u529b\u6eda\u7b52\u8f93\u9001\u673a-150x150.png 150w\" sizes=\"(max-width: 1024px) 100vw, 1024px\" \/><\/p>\n<p>&nbsp;<\/p>\n<h3>3. Consid\u00e9rations pour la s\u00e9lection<\/h3>\n<p><strong>Grade antirouille :<\/strong> Pour les environnements difficiles tels que les entrep\u00f4ts frigorifiques et les abattoirs, tous les composants en acier inoxydable sont requis. Pour les sc\u00e9narios ordinaires, certains accessoires en acier inoxydable et galvanis\u00e9 peuvent \u00eatre s\u00e9lectionn\u00e9s ;<br \/>\n<strong>Conception du virage :<\/strong> Les convoyeurs courbes doivent \u00eatre \u00e9quip\u00e9s de rouleaux coniques et d'un rayon de braquage raisonnable (voir la configuration des convoyeurs \u00e0 rouleaux en spirale) ;<br \/>\n<strong>Correspondance des charges :<\/strong> Le transport de palettes lourdes n\u00e9cessite une \u00e9paisseur de paroi et un diam\u00e8tre d'arbre plus importants, tandis que les sc\u00e9narios de charges l\u00e9g\u00e8res permettent d'optimiser les co\u00fbts et de choisir des configurations \u00e9conomiques.<\/p>","protected":false},"excerpt":{"rendered":"<p>1. Param\u00e8tres fondamentaux Cat\u00e9gories de param\u00e8tres, plages de sp\u00e9cifications ou points cl\u00e9s de la configuration Mat\u00e9riau : Tout acier inoxydable (pi\u00e8ces m\u00e9talliques telles que les cylindres, [...]<\/p>","protected":false},"featured_media":4019,"template":"","meta":{"_acf_changed":false,"_seopress_robots_primary_cat":"none","_seopress_titles_title":"","_seopress_titles_desc":"","_seopress_robots_index":"","_uag_custom_page_level_css":"","site-sidebar-layout":"default","site-content-layout":"default","ast-site-content-layout":"default","site-content-style":"default","site-sidebar-style":"default","ast-global-header-display":"","ast-banner-title-visibility":"","ast-main-header-display":"","ast-hfb-above-header-display":"","ast-hfb-below-header-display":"","ast-hfb-mobile-header-display":"","site-post-title":"","ast-breadcrumbs-content":"","ast-featured-img":"","footer-sml-layout":"","theme-transparent-header-meta":"default","adv-header-id-meta":"","stick-header-meta":"","header-above-stick-meta":"","header-main-stick-meta":"","header-below-stick-meta":"","astra-migrate-meta-layouts":"set","ast-page-background-enabled":"default","ast-page-background-meta":{"desktop":{"background-color":"","background-image":"","background-repeat":"repeat","background-position":"center center","background-size":"auto","background-attachment":"scroll","background-type":"","background-media":"","overlay-type":"","overlay-color":"","overlay-opacity":"","overlay-gradient":""},"tablet":{"background-color":"","background-image":"","background-repeat":"repeat","background-position":"center center","background-size":"auto","background-attachment":"scroll","background-type":"","background-media":"","overlay-type":"","overlay-color":"","overlay-opacity":"","overlay-gradient":""},"mobile":{"background-color":"","background-image":"","background-repeat":"repeat","background-position":"center center","background-size":"auto","background-attachment":"scroll","background-type":"","background-media":"","overlay-type":"","overlay-color":"","overlay-opacity":"","overlay-gradient":""}},"ast-content-background-meta":{"desktop":{"background-color":"var(--ast-global-color-5)","background-image":"","background-repeat":"repeat","background-position":"center center","background-size":"auto","background-attachment":"scroll","background-type":"","background-media":"","overlay-type":"","overlay-color":"","overlay-opacity":"","overlay-gradient":""},"tablet":{"background-color":"var(--ast-global-color-5)","background-image":"","background-repeat":"repeat","background-position":"center center","background-size":"auto","background-attachment":"scroll","background-type":"","background-media":"","overlay-type":"","overlay-color":"","overlay-opacity":"","overlay-gradient":""},"mobile":{"background-color":"var(--ast-global-color-5)","background-image":"","background-repeat":"repeat","background-position":"center center","background-size":"auto","background-attachment":"scroll","background-type":"","background-media":"","overlay-type":"","overlay-color":"","overlay-opacity":"","overlay-gradient":""}}},"product_brand":[],"product_cat":[101],"product_tag":[],"class_list":{"0":"post-80","1":"product","2":"type-product","3":"status-publish","4":"has-post-thumbnail","6":"product_cat-conevyor-parts","7":"desktop-align-center","8":"tablet-align-center","9":"mobile-align-left","10":"ast-product-gallery-layout-horizontal-slider","11":"ast-product-gallery-with-no-image","12":"ast-product-tabs-layout-horizontal","13":"ast-qv-on-image","15":"first","16":"instock","17":"featured","18":"shipping-taxable","19":"product-type-simple"},"acf":[],"uagb_featured_image_src":{"full":["https:\/\/www.ai-chenming.com\/wp-content\/uploads\/2024\/12\/1765d.jpg",800,800,false],"thumbnail":["https:\/\/www.ai-chenming.com\/wp-content\/uploads\/2024\/12\/1765d-150x150.jpg",150,150,true],"medium":["https:\/\/www.ai-chenming.com\/wp-content\/uploads\/2024\/12\/1765d-300x300.jpg",300,300,true],"medium_large":["https:\/\/www.ai-chenming.com\/wp-content\/uploads\/2024\/12\/1765d-768x768.jpg",768,768,true],"large":["https:\/\/www.ai-chenming.com\/wp-content\/uploads\/2024\/12\/1765d.jpg",800,800,false],"1536x1536":["https:\/\/www.ai-chenming.com\/wp-content\/uploads\/2024\/12\/1765d.jpg",800,800,false],"2048x2048":["https:\/\/www.ai-chenming.com\/wp-content\/uploads\/2024\/12\/1765d.jpg",800,800,false],"trp-custom-language-flag":["https:\/\/www.ai-chenming.com\/wp-content\/uploads\/2024\/12\/1765d-12x12.jpg",12,12,true],"woocommerce_thumbnail":["https:\/\/www.ai-chenming.com\/wp-content\/uploads\/2024\/12\/1765d-450x450.jpg",450,450,true],"woocommerce_single":["https:\/\/www.ai-chenming.com\/wp-content\/uploads\/2024\/12\/1765d-600x600.jpg",600,600,true],"woocommerce_gallery_thumbnail":["https:\/\/www.ai-chenming.com\/wp-content\/uploads\/2024\/12\/1765d-100x100.jpg",100,100,true]},"uagb_author_info":{"display_name":"jinxing6611@gmail.com","author_link":"https:\/\/www.ai-chenming.com\/fr\/author\/"},"uagb_comment_info":0,"uagb_excerpt":"1. Core Parameters Parameter categories, specification ranges, or configuration key points Material: All stainless steel (metal parts such as cylinders, [&hellip;]","_links":{"self":[{"href":"https:\/\/www.ai-chenming.com\/fr\/wp-json\/wp\/v2\/product\/80","targetHints":{"allow":["GET"]}}],"collection":[{"href":"https:\/\/www.ai-chenming.com\/fr\/wp-json\/wp\/v2\/product"}],"about":[{"href":"https:\/\/www.ai-chenming.com\/fr\/wp-json\/wp\/v2\/types\/product"}],"wp:featuredmedia":[{"embeddable":true,"href":"https:\/\/www.ai-chenming.com\/fr\/wp-json\/wp\/v2\/media\/4019"}],"wp:attachment":[{"href":"https:\/\/www.ai-chenming.com\/fr\/wp-json\/wp\/v2\/media?parent=80"}],"wp:term":[{"taxonomy":"product_brand","embeddable":true,"href":"https:\/\/www.ai-chenming.com\/fr\/wp-json\/wp\/v2\/product_brand?post=80"},{"taxonomy":"product_cat","embeddable":true,"href":"https:\/\/www.ai-chenming.com\/fr\/wp-json\/wp\/v2\/product_cat?post=80"},{"taxonomy":"product_tag","embeddable":true,"href":"https:\/\/www.ai-chenming.com\/fr\/wp-json\/wp\/v2\/product_tag?post=80"}],"curies":[{"name":"wp","href":"https:\/\/api.w.org\/{rel}","templated":true}]}}