{"id":7411,"date":"2025-10-13T08:04:28","date_gmt":"2025-10-13T08:04:28","guid":{"rendered":"https:\/\/www.ai-chenming.com\/?post_type=product&#038;p=7411"},"modified":"2025-10-13T08:04:28","modified_gmt":"2025-10-13T08:04:28","slug":"pa66-stainless-steel-round-square-conveyor-fittings-tripod-frame-transmission-chains-for-conveyor-line-conveyor-accessories","status":"publish","type":"product","link":"https:\/\/www.ai-chenming.com\/fr\/produit\/pa66-stainless-steel-round-square-conveyor-fittings-tripod-frame-transmission-chains-for-conveyor-line-conveyor-accessories\/","title":{"rendered":"PA66 Acier inoxydable Raccords de convoyeur ronds\/carr\u00e9s Ch\u00e2ssis de tr\u00e9pied Cha\u00eenes de transmission pour ligne de convoyeur Accessoires de convoyeur"},"content":{"rendered":"<div class=\"editor-component-row editor-component-row-relative active\">\n<div class=\"editor-component-container\">\n<div class=\"previewer-item-wrap\">\n<div id=\"43930468617\" class=\"J_module\">\n<div class=\"icbu-pc-images\" data-reactroot=\"\">\n<div class=\"text-wrapper-below text-theme-light text-align-left\" data-spm-anchor-id=\"a2700.pc-decorate.0.i3.7e823333frSwiT\">\n<div class=\"text-title\" data-id=\"below-title\">\n<div class=\"preview-edit-text-editor\" data-reactroot=\"\">\n<div id=\"preview-edit-2\" class=\"content-editor\" tabindex=\"1\" contenteditable=\"true\"><span style=\"color: #8d91ff;\">Accessoires pour convoyeurs<\/span><\/div>\n<\/div>\n<\/div>\n<div class=\"text-content\" data-id=\"below-content\">\n<div class=\"preview-edit-text-editor\" data-reactroot=\"\">\n<div id=\"preview-edit-1\" class=\"content-editor\" tabindex=\"1\" contenteditable=\"true\">\n<div><span><b><img alt=\"\" fetchpriority=\"high\" decoding=\"async\" class=\"alignnone size-medium wp-image-7417\" src=\"https:\/\/www.ai-chenming.com\/wp-content\/uploads\/2025\/10\/de9e66af-61b5-4c23-9da0-37939a1b1e2a-300x300.png\" width=\"300\" height=\"300\" srcset=\"https:\/\/www.ai-chenming.com\/wp-content\/uploads\/2025\/10\/de9e66af-61b5-4c23-9da0-37939a1b1e2a-300x300.png 300w, https:\/\/www.ai-chenming.com\/wp-content\/uploads\/2025\/10\/de9e66af-61b5-4c23-9da0-37939a1b1e2a-150x150.png 150w, https:\/\/www.ai-chenming.com\/wp-content\/uploads\/2025\/10\/de9e66af-61b5-4c23-9da0-37939a1b1e2a-12x12.png 12w, https:\/\/www.ai-chenming.com\/wp-content\/uploads\/2025\/10\/de9e66af-61b5-4c23-9da0-37939a1b1e2a-450x450.png 450w, https:\/\/www.ai-chenming.com\/wp-content\/uploads\/2025\/10\/de9e66af-61b5-4c23-9da0-37939a1b1e2a-600x600.png 600w, https:\/\/www.ai-chenming.com\/wp-content\/uploads\/2025\/10\/de9e66af-61b5-4c23-9da0-37939a1b1e2a-100x100.png 100w, https:\/\/www.ai-chenming.com\/wp-content\/uploads\/2025\/10\/de9e66af-61b5-4c23-9da0-37939a1b1e2a.png 640w\" sizes=\"(max-width: 300px) 100vw, 300px\" \/> <img alt=\"\" decoding=\"async\" class=\"alignnone size-medium wp-image-7418\" src=\"https:\/\/www.ai-chenming.com\/wp-content\/uploads\/2025\/10\/f70bb64c-cae7-438e-9ee4-edf9c9bad958-300x300.png\" width=\"300\" height=\"300\" srcset=\"https:\/\/www.ai-chenming.com\/wp-content\/uploads\/2025\/10\/f70bb64c-cae7-438e-9ee4-edf9c9bad958-300x300.png 300w, https:\/\/www.ai-chenming.com\/wp-content\/uploads\/2025\/10\/f70bb64c-cae7-438e-9ee4-edf9c9bad958-150x150.png 150w, https:\/\/www.ai-chenming.com\/wp-content\/uploads\/2025\/10\/f70bb64c-cae7-438e-9ee4-edf9c9bad958-12x12.png 12w, https:\/\/www.ai-chenming.com\/wp-content\/uploads\/2025\/10\/f70bb64c-cae7-438e-9ee4-edf9c9bad958-450x450.png 450w, https:\/\/www.ai-chenming.com\/wp-content\/uploads\/2025\/10\/f70bb64c-cae7-438e-9ee4-edf9c9bad958-600x600.png 600w, https:\/\/www.ai-chenming.com\/wp-content\/uploads\/2025\/10\/f70bb64c-cae7-438e-9ee4-edf9c9bad958-100x100.png 100w, https:\/\/www.ai-chenming.com\/wp-content\/uploads\/2025\/10\/f70bb64c-cae7-438e-9ee4-edf9c9bad958.png 640w\" sizes=\"(max-width: 300px) 100vw, 300px\" \/><\/b><\/span><\/div>\n<p><span><b>1. R\u00e9sistance \u00e9lev\u00e9e \u00e0 l'usure -<\/b> <\/span>Fabriqu\u00e9 \u00e0 partir de mat\u00e9riaux de haute performance pour une dur\u00e9e de vie prolong\u00e9e et une fr\u00e9quence de remplacement r\u00e9duite.<\/p>\n<div><b><span>2. Faible frottement - <\/span><\/b>R\u00e9duit la consommation d'\u00e9nergie, am\u00e9liore l'efficacit\u00e9 du transport et minimise l'usure.<br \/>\n<b><span>3. Haute r\u00e9sistance<\/span> <\/b>Con\u00e7us pour supporter des charges lourdes tout en conservant leur stabilit\u00e9 et leur forme.<br \/>\n<b><span>4. Installation facile - <\/span><\/b>Structure optimis\u00e9e pour une installation et une maintenance rapides, am\u00e9liorant l'efficacit\u00e9.<br \/>\n<span><b>5. <\/b><b>Fonctionnement en douceur - <\/b>Adaptation pr\u00e9cise aux cha\u00eenes ou aux bandes transporteuses pour r\u00e9duire les vibrations et le bruit.<\/span><\/p>\n<div><b><span>6.<\/span><\/b><b><span>Large application - <\/span><\/b>Convient aux industries telles que l'alimentation, les boissons et l'emballage, et r\u00e9pond \u00e0 divers besoins de transport.<\/div>\n<\/div>\n<div><span style=\"color: #e91919;\"><b>Pour plus de d\u00e9tails, veuillez contacter la vente<\/b><\/span><\/div>\n<div><\/div>\n<\/div>\n<\/div>\n<\/div>\n<\/div>\n<\/div>\n<\/div>\n<\/div>\n<\/div>\n<\/div>\n<div class=\"editor-component-row editor-component-row-relative\">\n<div class=\"editor-component-container\">\n<div class=\"previewer-item-wrap\">\n<div id=\"43964367059\" class=\"J_module\">\n<div id=\"ali-anchor-AliMagic-j890mo\" data-reactroot=\"\" data-section=\"AliMagic-j890mo\" data-section-title=\"Specification\">Sp\u00e9cifications<\/div>\n<div data-reactroot=\"\" data-section=\"AliMagic-j890mo\" data-section-title=\"Specification\">\n<table>\n<tbody>\n<tr>\n<td>article<\/td>\n<td>Accessoires pour convoyeurs<\/td>\n<\/tr>\n<tr>\n<td>Garantie<\/td>\n<td>1 an<\/td>\n<\/tr>\n<tr>\n<td>Industries concern\u00e9es<\/td>\n<td>Usinage CNC Brochage, per\u00e7age, fraisage, autres services d'usinage, prototypage rapide, tournage,<\/td>\n<\/tr>\n<tr>\n<td>Lieu d'origine<\/td>\n<td>Chine<\/td>\n<\/tr>\n<tr>\n<td>Mat\u00e9riau<\/td>\n<td>Plastique\/acier inoxydable ;<\/td>\n<\/tr>\n<tr>\n<td>Nom de la marque<\/td>\n<td>Chenming<\/td>\n<\/tr>\n<tr>\n<td>Autres informations<\/td>\n<td>Contacter le service client\u00e8le<\/td>\n<\/tr>\n<\/tbody>\n<\/table>\n<div class=\"editor-component-row editor-component-row-relative\">\n<div class=\"editor-component-container\">\n<div class=\"previewer-item-wrap\">\n<div id=\"43964367077\" class=\"J_module\">\n<div id=\"ali-anchor-AliMagic-06he70\" data-reactroot=\"\" data-section=\"AliMagic-06he70\" data-section-title=\"FAQ\">FAQ<\/div>\n<\/div>\n<\/div>\n<div class=\"editor-component-container-mask\"><\/div>\n<\/div>\n<\/div>\n<div class=\"editor-component-row editor-component-row-relative\">\n<div class=\"editor-component-container\">\n<div class=\"previewer-item-wrap\">\n<div id=\"43964367078\" class=\"J_module\">\n<div class=\"detail-decorate-json-renderer-container\" data-reactroot=\"\">\n<div>\n<div>\n<div>\n<div>\n<div class=\"preview-edit-text-editor\" data-reactroot=\"\">\n<div id=\"preview-edit-4\" class=\"content-editor\" tabindex=\"1\" contenteditable=\"true\"><b><\/b><b><span>Q : \u00cates-vous une soci\u00e9t\u00e9 commerciale ou un fabricant ?<\/span><\/b><br \/>\nR : Nous sommes une usine. <b><span>Q2 : Acceptez-vous les OEM ou ODM ?<\/span> <\/b>A2:Oui, mais nous avons des exigences de quantit\u00e9, veuillez nous contacter directement. <b><span>Q3:Quel est le mode de paiement de votre entreprise ?<\/span> <\/b>A3:T\/T, L\/C \u00e0 vue, Paypal, Western Union <b><span>Q4:Quel est le mode d'exp\u00e9dition ?<\/span> <\/b>A4:Par voie maritime, a\u00e9rienne, Fedex, DHL, UPS, TNT, etc.<\/p>\n<div><\/div>\n<div><b><\/b><b><span>Q5 : Quel est le d\u00e9lai de livraison ?<\/span><\/b><br \/>\nA5 : En g\u00e9n\u00e9ral, le d\u00e9lai est de 5 \u00e0 10 jours si les marchandises sont en stock, ou de 15 \u00e0 20 jours si les marchandises ne sont pas en stock, en fonction de l'\u00e9tat des stocks.<br \/>\nquantit\u00e9.<\/p>\n<p><b><span>Q6 : Comment est votre service ?<\/span><\/b><br \/>\nA6\uff1aDon't worry, we have professionals at your service 24 hours a day.<\/div>\n<div><\/div>\n<\/div>\n<\/div>\n<\/div>\n<\/div>\n<\/div>\n<\/div>\n<\/div>\n<\/div>\n<\/div>\n<\/div>\n<\/div>\n<\/div>\n<\/div>\n<\/div>\n<\/div>\n<\/div>","protected":false},"excerpt":{"rendered":"<p>raccords de convoyeur \u00e0 cha\u00eene en feuille cha\u00eenes de convoyeur de restaurant raccords de convoyeur en acier inoxydable<\/p>","protected":false},"featured_media":7418,"template":"","meta":{"_acf_changed":false,"_seopress_robots_primary_cat":"","_seopress_titles_title":"PA66 Stainless Steel Round\/Square Conveyor Fittings Tripod Frame Transmission Chains for Conveyor Line Conveyor Accessories","_seopress_titles_desc":"leaf chain conveyor fittings restaurant conveyor chains stainless steel conveyor fittings","_seopress_robots_index":"","_uag_custom_page_level_css":"","site-sidebar-layout":"default","site-content-layout":"","ast-site-content-layout":"default","site-content-style":"default","site-sidebar-style":"default","ast-global-header-display":"","ast-banner-title-visibility":"","ast-main-header-display":"","ast-hfb-above-header-display":"","ast-hfb-below-header-display":"","ast-hfb-mobile-header-display":"","site-post-title":"","ast-breadcrumbs-content":"","ast-featured-img":"","footer-sml-layout":"","theme-transparent-header-meta":"default","adv-header-id-meta":"","stick-header-meta":"default","header-above-stick-meta":"","header-main-stick-meta":"","header-below-stick-meta":"","astra-migrate-meta-layouts":"set","ast-page-background-enabled":"default","ast-page-background-meta":{"desktop":{"background-color":"","background-image":"","background-repeat":"repeat","background-position":"center center","background-size":"auto","background-attachment":"scroll","background-type":"","background-media":"","overlay-type":"","overlay-color":"","overlay-opacity":"","overlay-gradient":""},"tablet":{"background-color":"","background-image":"","background-repeat":"repeat","background-position":"center center","background-size":"auto","background-attachment":"scroll","background-type":"","background-media":"","overlay-type":"","overlay-color":"","overlay-opacity":"","overlay-gradient":""},"mobile":{"background-color":"","background-image":"","background-repeat":"repeat","background-position":"center center","background-size":"auto","background-attachment":"scroll","background-type":"","background-media":"","overlay-type":"","overlay-color":"","overlay-opacity":"","overlay-gradient":""}},"ast-content-background-meta":{"desktop":{"background-color":"var(--ast-global-color-5)","background-image":"","background-repeat":"repeat","background-position":"center center","background-size":"auto","background-attachment":"scroll","background-type":"","background-media":"","overlay-type":"","overlay-color":"","overlay-opacity":"","overlay-gradient":""},"tablet":{"background-color":"var(--ast-global-color-5)","background-image":"","background-repeat":"repeat","background-position":"center center","background-size":"auto","background-attachment":"scroll","background-type":"","background-media":"","overlay-type":"","overlay-color":"","overlay-opacity":"","overlay-gradient":""},"mobile":{"background-color":"var(--ast-global-color-5)","background-image":"","background-repeat":"repeat","background-position":"center center","background-size":"auto","background-attachment":"scroll","background-type":"","background-media":"","overlay-type":"","overlay-color":"","overlay-opacity":"","overlay-gradient":""}}},"product_brand":[131],"product_cat":[101],"product_tag":[1200,1201,1202,1203,1204,1205],"class_list":{"0":"post-7411","1":"product","2":"type-product","3":"status-publish","4":"has-post-thumbnail","6":"product_brand-chenming","7":"product_cat-conevyor-parts","8":"product_tag-leaf-chain-conveyor-fittings","9":"product_tag-restaurant-conveyor-chains","10":"product_tag-retail-conveyor-accessories","11":"product_tag-stainless-steel-conveyor-fittings","12":"product_tag-stainless-steel-round-square-conveyor-fittings","13":"product_tag-tripod-frame-transmission-chains","14":"desktop-align-center","15":"tablet-align-center","16":"mobile-align-left","17":"ast-product-gallery-layout-horizontal-slider","18":"ast-product-tabs-layout-horizontal","19":"ast-qv-on-image","21":"first","22":"instock","23":"sale","24":"shipping-taxable","25":"purchasable","26":"product-type-simple"},"acf":[],"uagb_featured_image_src":{"full":["https:\/\/www.ai-chenming.com\/wp-content\/uploads\/2025\/10\/f70bb64c-cae7-438e-9ee4-edf9c9bad958.png",640,640,false],"thumbnail":["https:\/\/www.ai-chenming.com\/wp-content\/uploads\/2025\/10\/f70bb64c-cae7-438e-9ee4-edf9c9bad958-150x150.png",150,150,true],"medium":["https:\/\/www.ai-chenming.com\/wp-content\/uploads\/2025\/10\/f70bb64c-cae7-438e-9ee4-edf9c9bad958-300x300.png",300,300,true],"medium_large":["https:\/\/www.ai-chenming.com\/wp-content\/uploads\/2025\/10\/f70bb64c-cae7-438e-9ee4-edf9c9bad958.png",640,640,false],"large":["https:\/\/www.ai-chenming.com\/wp-content\/uploads\/2025\/10\/f70bb64c-cae7-438e-9ee4-edf9c9bad958.png",640,640,false],"1536x1536":["https:\/\/www.ai-chenming.com\/wp-content\/uploads\/2025\/10\/f70bb64c-cae7-438e-9ee4-edf9c9bad958.png",640,640,false],"2048x2048":["https:\/\/www.ai-chenming.com\/wp-content\/uploads\/2025\/10\/f70bb64c-cae7-438e-9ee4-edf9c9bad958.png",640,640,false],"trp-custom-language-flag":["https:\/\/www.ai-chenming.com\/wp-content\/uploads\/2025\/10\/f70bb64c-cae7-438e-9ee4-edf9c9bad958-12x12.png",12,12,true],"woocommerce_thumbnail":["https:\/\/www.ai-chenming.com\/wp-content\/uploads\/2025\/10\/f70bb64c-cae7-438e-9ee4-edf9c9bad958-450x450.png",450,450,true],"woocommerce_single":["https:\/\/www.ai-chenming.com\/wp-content\/uploads\/2025\/10\/f70bb64c-cae7-438e-9ee4-edf9c9bad958-600x600.png",600,600,true],"woocommerce_gallery_thumbnail":["https:\/\/www.ai-chenming.com\/wp-content\/uploads\/2025\/10\/f70bb64c-cae7-438e-9ee4-edf9c9bad958-100x100.png",100,100,true]},"uagb_author_info":{"display_name":"chenming","author_link":"https:\/\/www.ai-chenming.com\/fr\/author\/"},"uagb_comment_info":0,"uagb_excerpt":"leaf chain conveyor fittings restaurant conveyor chains stainless steel conveyor fittings","_links":{"self":[{"href":"https:\/\/www.ai-chenming.com\/fr\/wp-json\/wp\/v2\/product\/7411","targetHints":{"allow":["GET"]}}],"collection":[{"href":"https:\/\/www.ai-chenming.com\/fr\/wp-json\/wp\/v2\/product"}],"about":[{"href":"https:\/\/www.ai-chenming.com\/fr\/wp-json\/wp\/v2\/types\/product"}],"wp:featuredmedia":[{"embeddable":true,"href":"https:\/\/www.ai-chenming.com\/fr\/wp-json\/wp\/v2\/media\/7418"}],"wp:attachment":[{"href":"https:\/\/www.ai-chenming.com\/fr\/wp-json\/wp\/v2\/media?parent=7411"}],"wp:term":[{"taxonomy":"product_brand","embeddable":true,"href":"https:\/\/www.ai-chenming.com\/fr\/wp-json\/wp\/v2\/product_brand?post=7411"},{"taxonomy":"product_cat","embeddable":true,"href":"https:\/\/www.ai-chenming.com\/fr\/wp-json\/wp\/v2\/product_cat?post=7411"},{"taxonomy":"product_tag","embeddable":true,"href":"https:\/\/www.ai-chenming.com\/fr\/wp-json\/wp\/v2\/product_tag?post=7411"}],"curies":[{"name":"wp","href":"https:\/\/api.w.org\/{rel}","templated":true}]}}