{"id":7387,"date":"2025-10-13T07:35:55","date_gmt":"2025-10-13T07:35:55","guid":{"rendered":"https:\/\/www.ai-chenming.com\/?post_type=product&#038;p=7387"},"modified":"2025-10-13T07:35:55","modified_gmt":"2025-10-13T07:35:55","slug":"roller-chain-plate-assembly-line-roller-chain-plate-plate-single-row-roller-chain-plate-conveying-equipment-accessories","status":"publish","type":"product","link":"https:\/\/www.ai-chenming.com\/fr\/produit\/roller-chain-plate-assembly-line-roller-chain-plate-plate-single-row-roller-chain-plate-conveying-equipment-accessories\/","title":{"rendered":"Plaque de cha\u00eene \u00e0 rouleaux Ligne d'assemblage Plaque de cha\u00eene \u00e0 rouleaux Plaque de cha\u00eene \u00e0 rouleaux \u00e0 une rang\u00e9e Accessoires pour \u00e9quipements de convoyage"},"content":{"rendered":"<div class=\"editor-component-row editor-component-row-relative\">\n<div class=\"editor-component-container\">\n<div class=\"previewer-item-wrap\">\n<div id=\"46691923177\" class=\"J_module\">\n<div id=\"ali-anchor-AliMagic-s751wr\" data-reactroot=\"\" data-section=\"AliMagic-s751wr\" data-section-title=\"Product Overview\" data-spm-anchor-id=\"a2700.pc-decorate.0.i2.2de43333C05hG1\">Aper\u00e7u du produit<\/div>\n<\/div>\n<\/div>\n<div class=\"editor-component-container-mask\">\n<div style=\"width: 1280px;\" class=\"wp-video\"><!--[if lt IE 9]><script>document.createElement('video');<\/script><![endif]-->\n<video class=\"wp-video-shortcode\" id=\"video-7387-1\" width=\"1280\" height=\"720\" preload=\"metadata\" controls=\"controls\"><source type=\"video\/mp4\" src=\"https:\/\/www.ai-chenming.com\/wp-content\/uploads\/2025\/10\/6000311854833.mp4?_=1\" \/><a href=\"https:\/\/www.ai-chenming.com\/wp-content\/uploads\/2025\/10\/6000311854833.mp4\">https:\/\/www.ai-chenming.com\/wp-content\/uploads\/2025\/10\/6000311854833.mp4<\/a><\/video><\/div>\n<\/div>\n<\/div>\n<\/div>\n<div class=\"editor-component-row editor-component-row-relative\">\n<div class=\"editor-component-container\">\n<div class=\"previewer-item-wrap\">\n<div id=\"46691923178\" class=\"J_module\">\n<div class=\"detail-decorate-json-renderer-container\" data-reactroot=\"\">\n<div>\n<div>\n<div><img decoding=\"async\" class=\"\" src=\"https:\/\/sc04.alicdn.com\/kf\/H86890f50346c4f9ca8b9ab39a8d6f7166\/284464100\/H86890f50346c4f9ca8b9ab39a8d6f7166.png\" width=\"180\" height=\"180\" data-id=\"img0\" \/><img decoding=\"async\" class=\"\" style=\"font-style: inherit; font-weight: inherit;\" src=\"https:\/\/sc04.alicdn.com\/kf\/H03f401ed9ca14fff9e6a7814f7093e7fg\/284464100\/H03f401ed9ca14fff9e6a7814f7093e7fg.png\" width=\"180\" height=\"184\" data-id=\"img1\" \/><\/div>\n<\/div>\n<div>\n<div class=\"preview-edit-text-editor\" data-reactroot=\"\">\n<div id=\"preview-edit-4\" class=\"content-editor\" tabindex=\"1\" contenteditable=\"true\">d\u00e9tails<\/div>\n<\/div>\n<\/div>\n<div>\n<div data-id=\"paragraph0\">\n<div class=\"preview-edit-text-editor\" data-reactroot=\"\">\n<div id=\"preview-edit-5\" class=\"content-editor\" tabindex=\"1\" contenteditable=\"true\"><b><\/b>Les rouleaux de la cha\u00eene \u00e0 rouleaux peuvent r\u00e9duire efficacement la friction entre les articles transport\u00e9s et la cha\u00eene, ce qui permet aux marchandises de se d\u00e9placer plus facilement. Elle est particuli\u00e8rement adapt\u00e9e au transport de bo\u00eetes et de palettes \u00e0 fond relativement plat, ainsi que de composants \u00e9lectroniques de pr\u00e9cision et de produits en verre n\u00e9cessitant une r\u00e9sistance aux rayures.<\/div>\n<\/div>\n<\/div>\n<\/div>\n<\/div>\n<div>\n<div>\n<div class=\"preview-edit-text-editor\" data-reactroot=\"\">\n<div id=\"preview-edit-6\" class=\"content-editor\" tabindex=\"1\" contenteditable=\"true\">Avantages<\/div>\n<\/div>\n<\/div>\n<div>\n<div data-id=\"paragraph1\">\n<div class=\"preview-edit-text-editor\" data-reactroot=\"\">\n<div id=\"preview-edit-7\" class=\"content-editor\" tabindex=\"1\" contenteditable=\"true\"><b><\/b><b><\/b>Faible friction et transport facile : Les rouleaux r\u00e9duisent le frottement, emp\u00eachant les mat\u00e9riaux de se coincer ou de se rayer, et garantissant un mouvement en douceur. Large compatibilit\u00e9 avec les applications : Disponibles en acier inoxydable et en plastique, ils conviennent aux charges l\u00e9g\u00e8res et lourdes, ainsi qu'aux applications sanitaires et r\u00e9sistantes \u00e0 la corrosion.<\/div>\n<\/div>\n<\/div>\n<\/div>\n<\/div>\n<\/div>\n<\/div>\n<\/div>\n<div class=\"editor-component-container-mask\"><\/div>\n<\/div>\n<\/div>\n<div class=\"editor-component-row editor-component-row-relative\">\n<div class=\"editor-component-container\">\n<div class=\"previewer-item-wrap\">\n<div id=\"46691923179\" class=\"J_module\">\n<div id=\"ali-anchor-AliMagic-v3cb7f\" data-reactroot=\"\" data-section=\"AliMagic-v3cb7f\" data-section-title=\"PRODUCT SPECIFICATIONS\">SP\u00c9CIFICATIONS DU PRODUIT<\/div>\n<div data-reactroot=\"\" data-section=\"AliMagic-v3cb7f\" data-section-title=\"PRODUCT SPECIFICATIONS\"><\/div>\n<div data-reactroot=\"\" data-section=\"AliMagic-v3cb7f\" data-section-title=\"PRODUCT SPECIFICATIONS\">\n<table>\n<tbody>\n<tr>\n<td>Nom du produit<\/td>\n<td>Accessoires pour convoyeurs<\/td>\n<\/tr>\n<tr>\n<td>Industries concern\u00e9es<\/td>\n<td>Un accessoire dans l'\u00e9quipement de transport<\/td>\n<\/tr>\n<tr>\n<td>\u00c9tat<\/td>\n<td>Nouveau<\/td>\n<\/tr>\n<tr>\n<td>Puissance<\/td>\n<td>220V<\/td>\n<\/tr>\n<tr>\n<td>Mat\u00e9riau<\/td>\n<td>Plastique POM PP PA<\/td>\n<\/tr>\n<tr>\n<td>Colo<\/td>\n<td>Offrir des services personnalis\u00e9s<\/td>\n<\/tr>\n<tr>\n<td>Certification<\/td>\n<td>ISO CE<\/td>\n<\/tr>\n<tr>\n<td>Vitesse du convoyeur<\/td>\n<td>0,1~5m\/s<\/td>\n<\/tr>\n<tr>\n<td>Paiements<\/td>\n<td>T\/T<\/td>\n<\/tr>\n<tr>\n<td>P\u00e9riode de garantie<\/td>\n<td>1 an<\/td>\n<\/tr>\n<\/tbody>\n<\/table>\n<p>FQA<\/p>\n<p>1. qui sommes-nous ?<\/p>\n<p>Nous sommes bas\u00e9s dans la province de Shandong, en Chine, depuis 2018. Nous vendons \u00e0 diverses r\u00e9gions du monde, telles que l'Europe, l'Am\u00e9rique du Nord et l'Asie du Sud-Est. Il y a environ 50 personnes dans notre entreprise, y compris des \u00e9quipes professionnelles de R &amp; D, de production, de vente et de service apr\u00e8s-vente.<\/p>\n<p>2. Comment pouvons-nous garantir la qualit\u00e9 ?<\/p>\n<p>Toujours un \u00e9chantillon de pr\u00e9production avant la production de masse ; cet \u00e9chantillon est strictement test\u00e9 conform\u00e9ment aux normes internationales et industrielles afin de garantir que tous les d\u00e9tails r\u00e9pondent aux exigences. Toujours une inspection finale avant l'exp\u00e9dition ; notre \u00e9quipe de contr\u00f4le de la qualit\u00e9 proc\u00e8de \u00e0 une inspection compl\u00e8te de chaque lot de produits, en v\u00e9rifiant qu'il n'y a pas de d\u00e9fauts d'apparence, de taille et de fonctionnalit\u00e9.<\/p>\n<div>\n<div>3. Pourquoi devriez-vous acheter chez nous plut\u00f4t que chez d'autres fournisseurs ?<\/div>\n<div>Des prix comp\u00e9titifs : Gr\u00e2ce \u00e0 une gestion efficace de la production et \u00e0 un approvisionnement \u00e0 grande \u00e9chelle en mati\u00e8res premi\u00e8res, nous pouvons proposer des produits \u00e0 des prix plus avantageux que ceux de nombreux concurrents. Produits de haute qualit\u00e9 : Gr\u00e2ce \u00e0 des processus stricts de contr\u00f4le de la qualit\u00e9, de la production \u00e0 l'exp\u00e9dition, nos produits sont tr\u00e8s fiables et offrent des performances \u00e0 long terme. Excellent service apr\u00e8s-vente : Notre \u00e9quipe professionnelle de service apr\u00e8s-vente est pr\u00eate \u00e0 r\u00e9soudre tous les probl\u00e8mes que vous rencontrez, \u00e0 fournir une assistance technique en temps voulu et \u00e0 assurer la maintenance des produits.<\/div>\n<div><\/div>\n<div>4. quels services pouvons-nous fournir ?<\/div>\n<div>Conditions de livraison accept\u00e9es : FOB (Qingdao), CIF, EXW, etc.<\/div>\n<div>Devise de paiement accept\u00e9e : USD, EUR, CNY etc.<\/div>\n<div>Types de paiement accept\u00e9s : T\/T (transfert t\u00e9l\u00e9graphique), L\/C (lettre de cr\u00e9dit), PayPal, etc.<\/div>\n<\/div>\n<\/div>\n<\/div>\n<\/div>\n<\/div>\n<\/div>","protected":false},"excerpt":{"rendered":"<p>Applicable aux lignes de convoyage logistique, aux lignes de production de l'industrie alimentaire, aux lignes de production de l'assemblage \u00e9lectronique et \u00e0 d'autres sc\u00e9narios<\/p>","protected":false},"featured_media":7390,"template":"","meta":{"_acf_changed":false,"_seopress_robots_primary_cat":"","_seopress_titles_title":"Roller Chain Plate Assembly Line Roller Chain Plate Plate Single - Row Roller Chain Plate Conveying Equipment Accessories","_seopress_titles_desc":"Applicable to logistics conveyor lines food processing production lines electronic assembly production lines and other scenarios","_seopress_robots_index":"","_uag_custom_page_level_css":"","site-sidebar-layout":"default","site-content-layout":"","ast-site-content-layout":"default","site-content-style":"default","site-sidebar-style":"default","ast-global-header-display":"","ast-banner-title-visibility":"","ast-main-header-display":"","ast-hfb-above-header-display":"","ast-hfb-below-header-display":"","ast-hfb-mobile-header-display":"","site-post-title":"","ast-breadcrumbs-content":"","ast-featured-img":"","footer-sml-layout":"","theme-transparent-header-meta":"default","adv-header-id-meta":"","stick-header-meta":"default","header-above-stick-meta":"","header-main-stick-meta":"","header-below-stick-meta":"","astra-migrate-meta-layouts":"set","ast-page-background-enabled":"default","ast-page-background-meta":{"desktop":{"background-color":"","background-image":"","background-repeat":"repeat","background-position":"center center","background-size":"auto","background-attachment":"scroll","background-type":"","background-media":"","overlay-type":"","overlay-color":"","overlay-opacity":"","overlay-gradient":""},"tablet":{"background-color":"","background-image":"","background-repeat":"repeat","background-position":"center center","background-size":"auto","background-attachment":"scroll","background-type":"","background-media":"","overlay-type":"","overlay-color":"","overlay-opacity":"","overlay-gradient":""},"mobile":{"background-color":"","background-image":"","background-repeat":"repeat","background-position":"center center","background-size":"auto","background-attachment":"scroll","background-type":"","background-media":"","overlay-type":"","overlay-color":"","overlay-opacity":"","overlay-gradient":""}},"ast-content-background-meta":{"desktop":{"background-color":"var(--ast-global-color-5)","background-image":"","background-repeat":"repeat","background-position":"center center","background-size":"auto","background-attachment":"scroll","background-type":"","background-media":"","overlay-type":"","overlay-color":"","overlay-opacity":"","overlay-gradient":""},"tablet":{"background-color":"var(--ast-global-color-5)","background-image":"","background-repeat":"repeat","background-position":"center center","background-size":"auto","background-attachment":"scroll","background-type":"","background-media":"","overlay-type":"","overlay-color":"","overlay-opacity":"","overlay-gradient":""},"mobile":{"background-color":"var(--ast-global-color-5)","background-image":"","background-repeat":"repeat","background-position":"center center","background-size":"auto","background-attachment":"scroll","background-type":"","background-media":"","overlay-type":"","overlay-color":"","overlay-opacity":"","overlay-gradient":""}}},"product_brand":[131],"product_cat":[101],"product_tag":[1186,1190,1191,1193,1187,1184,1192,1185,1188,1189],"class_list":{"0":"post-7387","1":"product","2":"type-product","3":"status-publish","4":"has-post-thumbnail","6":"product_brand-chenming","7":"product_cat-conevyor-parts","8":"product_tag-adjustable-roller-chain-plate","9":"product_tag-corrosion-resistant-roller-chain-plate","10":"product_tag-high-strength-alloy-roller-chain-plate","11":"product_tag-material-related-stainless-steel-roller-chain-plate","12":"product_tag-modular-roller-chain-plate","13":"product_tag-multi-row-roller-chain-plate","14":"product_tag-plastic-roller-chain-plate","15":"product_tag-single-row-roller-chain-plate","16":"product_tag-structural-features-interchangeable-roller-chain-plate","17":"product_tag-wear-resistant-roller-chain-plate","18":"desktop-align-center","19":"tablet-align-center","20":"mobile-align-left","21":"ast-product-gallery-layout-horizontal-slider","22":"ast-product-tabs-layout-horizontal","23":"ast-qv-on-image","25":"first","26":"instock","27":"sale","28":"shipping-taxable","29":"purchasable","30":"product-type-simple"},"acf":[],"uagb_featured_image_src":{"full":["https:\/\/www.ai-chenming.com\/wp-content\/uploads\/2025\/10\/e58fba66-16f7-4d37-a713-3e6d0f23dd70.png",640,640,false],"thumbnail":["https:\/\/www.ai-chenming.com\/wp-content\/uploads\/2025\/10\/e58fba66-16f7-4d37-a713-3e6d0f23dd70-150x150.png",150,150,true],"medium":["https:\/\/www.ai-chenming.com\/wp-content\/uploads\/2025\/10\/e58fba66-16f7-4d37-a713-3e6d0f23dd70-300x300.png",300,300,true],"medium_large":["https:\/\/www.ai-chenming.com\/wp-content\/uploads\/2025\/10\/e58fba66-16f7-4d37-a713-3e6d0f23dd70.png",640,640,false],"large":["https:\/\/www.ai-chenming.com\/wp-content\/uploads\/2025\/10\/e58fba66-16f7-4d37-a713-3e6d0f23dd70.png",640,640,false],"1536x1536":["https:\/\/www.ai-chenming.com\/wp-content\/uploads\/2025\/10\/e58fba66-16f7-4d37-a713-3e6d0f23dd70.png",640,640,false],"2048x2048":["https:\/\/www.ai-chenming.com\/wp-content\/uploads\/2025\/10\/e58fba66-16f7-4d37-a713-3e6d0f23dd70.png",640,640,false],"trp-custom-language-flag":["https:\/\/www.ai-chenming.com\/wp-content\/uploads\/2025\/10\/e58fba66-16f7-4d37-a713-3e6d0f23dd70-12x12.png",12,12,true],"woocommerce_thumbnail":["https:\/\/www.ai-chenming.com\/wp-content\/uploads\/2025\/10\/e58fba66-16f7-4d37-a713-3e6d0f23dd70-450x450.png",450,450,true],"woocommerce_single":["https:\/\/www.ai-chenming.com\/wp-content\/uploads\/2025\/10\/e58fba66-16f7-4d37-a713-3e6d0f23dd70-600x600.png",600,600,true],"woocommerce_gallery_thumbnail":["https:\/\/www.ai-chenming.com\/wp-content\/uploads\/2025\/10\/e58fba66-16f7-4d37-a713-3e6d0f23dd70-100x100.png",100,100,true]},"uagb_author_info":{"display_name":"chenming","author_link":"https:\/\/www.ai-chenming.com\/fr\/author\/"},"uagb_comment_info":0,"uagb_excerpt":"Applicable to logistics conveyor lines food processing production lines electronic assembly production lines and other scenarios","_links":{"self":[{"href":"https:\/\/www.ai-chenming.com\/fr\/wp-json\/wp\/v2\/product\/7387","targetHints":{"allow":["GET"]}}],"collection":[{"href":"https:\/\/www.ai-chenming.com\/fr\/wp-json\/wp\/v2\/product"}],"about":[{"href":"https:\/\/www.ai-chenming.com\/fr\/wp-json\/wp\/v2\/types\/product"}],"wp:featuredmedia":[{"embeddable":true,"href":"https:\/\/www.ai-chenming.com\/fr\/wp-json\/wp\/v2\/media\/7390"}],"wp:attachment":[{"href":"https:\/\/www.ai-chenming.com\/fr\/wp-json\/wp\/v2\/media?parent=7387"}],"wp:term":[{"taxonomy":"product_brand","embeddable":true,"href":"https:\/\/www.ai-chenming.com\/fr\/wp-json\/wp\/v2\/product_brand?post=7387"},{"taxonomy":"product_cat","embeddable":true,"href":"https:\/\/www.ai-chenming.com\/fr\/wp-json\/wp\/v2\/product_cat?post=7387"},{"taxonomy":"product_tag","embeddable":true,"href":"https:\/\/www.ai-chenming.com\/fr\/wp-json\/wp\/v2\/product_tag?post=7387"}],"curies":[{"name":"wp","href":"https:\/\/api.w.org\/{rel}","templated":true}]}}