{"id":7267,"date":"2025-09-28T09:58:04","date_gmt":"2025-09-28T09:58:04","guid":{"rendered":"https:\/\/www.ai-chenming.com\/?post_type=product&#038;p=7267"},"modified":"2025-09-28T09:58:04","modified_gmt":"2025-09-28T09:58:04","slug":"wholesale-industrial-conveyor-modular-belt-many-variations-available-plastic-material-with-roller-and-ball-bearing-options","status":"publish","type":"product","link":"https:\/\/www.ai-chenming.com\/fr\/produit\/wholesale-industrial-conveyor-modular-belt-many-variations-available-plastic-material-with-roller-and-ball-bearing-options\/","title":{"rendered":"Convoyeur industriel en gros Bande modulaire Nombreuses variations disponibles Mati\u00e8re plastique avec options de roulements \u00e0 rouleaux et \u00e0 billes"},"content":{"rendered":"<div id=\"ali-anchor-AliPostDhMb-ULAwU\" class=\"mceSectionContainer\" style=\"padding-top: 8px;\" data-section=\"AliPostDhMb-ULAwU\" data-section-title=\"Product Description\">\n<div style=\"padding: 8px 0; border-bottom: 1px solid #ddd;\">Description du produit<\/div>\n<div style=\"padding: 10px 0;\"><img alt=\"\" fetchpriority=\"high\" decoding=\"async\" class=\"wp-image-7279 aligncenter\" src=\"https:\/\/www.ai-chenming.com\/wp-content\/uploads\/2025\/09\/129-300x300.png\" width=\"360\" height=\"360\" srcset=\"https:\/\/www.ai-chenming.com\/wp-content\/uploads\/2025\/09\/129-300x300.png 300w, https:\/\/www.ai-chenming.com\/wp-content\/uploads\/2025\/09\/129-1024x1024.png 1024w, https:\/\/www.ai-chenming.com\/wp-content\/uploads\/2025\/09\/129-150x150.png 150w, https:\/\/www.ai-chenming.com\/wp-content\/uploads\/2025\/09\/129-768x768.png 768w, https:\/\/www.ai-chenming.com\/wp-content\/uploads\/2025\/09\/129-12x12.png 12w, https:\/\/www.ai-chenming.com\/wp-content\/uploads\/2025\/09\/129-450x450.png 450w, https:\/\/www.ai-chenming.com\/wp-content\/uploads\/2025\/09\/129-600x600.png 600w, https:\/\/www.ai-chenming.com\/wp-content\/uploads\/2025\/09\/129-100x100.png 100w, https:\/\/www.ai-chenming.com\/wp-content\/uploads\/2025\/09\/129.png 1280w\" sizes=\"(max-width: 360px) 100vw, 360px\" \/><\/div>\n<\/div>\n<div id=\"ali-anchor-AliPostDhMb-7haTh\" class=\"mceSectionContainer\" style=\"padding-top: 8px;\" data-section=\"AliPostDhMb-7haTh\" data-section-title=\"Specification\">\n<div id=\"ali-title-AliPostDhMb-7haTh\" style=\"padding: 8px 0; border-bottom: 1px solid #ddd;\">Sp\u00e9cifications<\/div>\n<div id=\"ali-desLoader-AliPostDhMb-7haTh\" style=\"padding: 10px 4px;\">\n<table style=\"border-collapse: collapse; border-style: solid; background-color: #ffffff;\" border=\"1px\">\n<tbody>\n<tr>\n<td style=\"min-height: 18px; padding: 5px 10px; width: 259px;\">article<\/td>\n<td style=\"min-height: 18px; padding: 5px 10px; width: 443px;\">valeur<\/td>\n<\/tr>\n<tr>\n<td style=\"min-height: 18px; padding: 5px 10px; width: 259px;\">Garantie<\/td>\n<td style=\"min-height: 18px; padding: 5px 10px; width: 443px;\">1 an<\/td>\n<\/tr>\n<tr>\n<td style=\"min-height: 18px; padding: 5px 10px; width: 259px;\">Industries concern\u00e9es<\/td>\n<td style=\"min-height: 18px; padding: 5px 10px; width: 443px;\">Travaux de construction, \u00c9nergie et mines, Usines de produits alimentaires et de boissons, Magasins de produits alimentaires et de boissons, Magasins de produits alimentaires, Commerce de d\u00e9tail, Autres<\/td>\n<\/tr>\n<tr>\n<td style=\"min-height: 18px; padding: 5px 10px; width: 259px;\">Lieu d'origine<\/td>\n<td style=\"min-height: 18px; padding: 5px 10px; width: 443px;\">Chine<\/td>\n<\/tr>\n<tr>\n<td style=\"min-height: 18px; padding: 5px 10px; width: 259px;\">Mat\u00e9riau<\/td>\n<td style=\"min-height: 18px; padding: 5px 10px; width: 443px;\">Plastique<\/td>\n<\/tr>\n<tr>\n<td style=\"min-height: 18px; padding: 5px 10px; width: 259px;\">Poids (KG)<\/td>\n<td style=\"min-height: 18px; padding: 5px 10px; width: 443px;\">1<\/td>\n<\/tr>\n<tr>\n<td style=\"min-height: 18px; padding: 5px 10px; width: 259px;\">Capacit\u00e9 de charge<\/td>\n<td style=\"min-height: 18px; padding: 5px 10px; width: 443px;\">100 kg<\/td>\n<\/tr>\n<tr>\n<td style=\"min-height: 18px; padding: 5px 10px; width: 259px;\">palier<\/td>\n<td style=\"min-height: 18px; padding: 5px 10px; width: 443px;\">Roulements \u00e0 billes, roulements \u00e0 rouleaux, roulements \u00e0 rotule, roulements \u00e0 billes \u00e0 gorge profonde, roulements lisses<\/td>\n<\/tr>\n<tr>\n<td style=\"min-height: 18px; padding: 5px 10px; width: 259px;\">Condition<\/td>\n<td style=\"min-height: 18px; padding: 5px 10px; width: 443px;\">Nouveau<\/td>\n<\/tr>\n<tr>\n<td style=\"min-height: 18px; padding: 5px 10px; width: 259px;\">Emplacement de la salle d'exposition<\/td>\n<td style=\"min-height: 18px; padding: 5px 10px; width: 443px;\">3270618<\/td>\n<\/tr>\n<\/tbody>\n<\/table>\n<\/div>\n<\/div>\n<div id=\"ali-anchor-AliPostDhMb-XtfYq\" class=\"mceSectionContainer\" style=\"padding-top: 8px;\" data-section=\"AliPostDhMb-XtfYq\" data-section-title=\"Selling Point\">\n<div id=\"ali-title-AliPostDhMb-XtfYq\" style=\"padding: 8px 0; border-bottom: 1px solid #ddd;\">Argument de vente<\/div>\n<div style=\"padding: 10px 4px;\">\n<p>1. conception robuste et durable : Construite avec des mat\u00e9riaux plastiques et une garantie d'un an, cette bande modulaire de convoyeur \u00e0 prix de gros est con\u00e7ue pour r\u00e9sister \u00e0 diverses applications industrielles, assurant des performances et une fiabilit\u00e9 robustes.<\/p>\n<p>2. applications polyvalentes : Adapt\u00e9 \u00e0 diverses industries, notamment la construction, l'\u00e9nergie et l'exploitation mini\u00e8re, les usines alimentaires, les magasins de d\u00e9tail et d'autres \u00e9tablissements, ce convoyeur \u00e0 bande polyvalent peut prendre en charge diff\u00e9rentes t\u00e2ches et diff\u00e9rents environnements.<\/p>\n<p>3. capacit\u00e9 de charge efficace : Avec une capacit\u00e9 de charge maximale de 100 kg, ce convoyeur \u00e0 bande industriel est bien \u00e9quip\u00e9 pour supporter de lourdes charges, rationalisant ainsi les op\u00e9rations de transport et de traitement des mat\u00e9riaux.<\/p>\n<p>4. des syst\u00e8mes de roulements robustes : La s\u00e9lection de roulements de haute qualit\u00e9, notamment des roulements \u00e0 billes, \u00e0 rouleaux, des rotules et des roulements \u00e0 billes \u00e0 gorge profonde, garantit un fonctionnement souple et silencieux et des performances constantes dans le temps.<\/p>\n<p>5. conception modulaire et personnalisable : Cette bande transporteuse offre diverses options de personnalisation et peut \u00eatre adapt\u00e9e aux exigences sp\u00e9cifiques de l'industrie, ce qui en fait un choix id\u00e9al pour les entreprises \u00e0 la recherche d'une solution de transport polyvalente et adaptable.<\/p>\n<\/div>\n<\/div>\n<div id=\"ali-anchor-AliPostDhMb-ZfYyd\" class=\"mceSectionContainer\" style=\"padding-top: 8px;\" data-section=\"AliPostDhMb-ZfYyd\" data-section-title=\"Company Introduction\">\n<div id=\"ali-title-AliPostDhMb-ZfYyd\" style=\"padding: 8px 0; border-bottom: 1px solid #ddd;\">Pr\u00e9sentation de l'entreprise<\/div>\n<div style=\"padding: 10px 4px;\">\n<p>Shandong Chenming Intelligent Equipment Co. a \u00e9t\u00e9 fond\u00e9e en 2018. L'usine couvre une superficie de 5 000 m\u00e8tres carr\u00e9s et dispose de multiples machines de moulage par injection, machines laser, machines de cisaillement et de pliage et autres \u00e9quipements de traitement. Il est \u00e9galement \u00e9quip\u00e9 d'\u00e9quipements de soudage professionnels tels que le soudage \u00e0 l'arc \u00e0 l'argon, le soudage sous protection de dioxyde de carbone et le soudage \u00e9lectrique. L'entreprise dispose de cinq cadres sup\u00e9rieurs en recherche et d\u00e9veloppement, de quinze personnes charg\u00e9es de l'assemblage et du d\u00e9bogage, et de trente \u00e9quipes de vente nationales et \u00e9trang\u00e8res. La soci\u00e9t\u00e9 est sp\u00e9cialis\u00e9e dans la production et la fabrication de divers convoyeurs \u00e0 bande, de convoyeurs \u00e0 bande \u00e0 mailles en acier plastique, de convoyeurs \u00e0 rouleaux, de convoyeurs \u00e0 bande \u00e0 mailles m\u00e9talliques et de convoyeurs \u00e0 plaques \u00e0 cha\u00eene, ainsi que d'accessoires d'\u00e9quipement. Elle fournit principalement un ensemble complet de projets d'automatisation pour les machines d'encartonnage et les robots de palettisation pour le processus de production en aval de la transformation des aliments. En tant qu'entreprise \u00e9mergente de haute technologie, de nombreuses machines de la soci\u00e9t\u00e9 ont obtenu des brevets d'invention. En outre, nos \u00e9quipements m\u00e9caniques ont \u00e9galement obtenu des certificats CE et la certification du syst\u00e8me de qualit\u00e9 ISO9001.<br \/>\nNombre de nos produits se vendent bien aux \u00c9tats-Unis, en Allemagne, en Russie, en Australie, en Malaisie, en Cor\u00e9e du Sud, au Japon et dans d'autres pays d'Asie du Sud-Est. Nous avons \u00e9tabli une coop\u00e9ration \u00e0 long terme avec de nombreuses entreprises nationales de renom, les principaux partenaires \u00e9tant notamment Want Want Group, Qianxihe Foods, Jinshahe Group, Jiabao Dairy, Anmu Dairy, PepsiCo, Master Kong Beverages, Yinlu Foods et d'autres entreprises.<\/p>\n<\/div>\n<\/div>\n<div id=\"ali-anchor-AliPostDhMb-ESLdC\" class=\"mceSectionContainer\" style=\"padding-top: 8px;\" data-section=\"AliPostDhMb-ESLdC\" data-section-title=\"FAQ\">\n<div id=\"ali-title-AliPostDhMb-ESLdC\" style=\"padding: 8px 0; border-bottom: 1px solid #ddd;\">FAQ<\/div>\n<div style=\"padding: 10px 4px;\">\n<p><strong>1. qui sommes-nous ?<\/strong><br \/>\nNous sommes bas\u00e9s \u00e0 Shandong, Chine, \u00e0 partir de 2018, vendre \u00e0 Southeast Asia(35.00%),Mid East(25.00%),Eastern Europe(15.00%),South Asia(3.00%),Domestic Market(3.00%),South America(3.00%),Europe de l'Ouest(3.00%),Am\u00e9rique du Nord(2.00%),Europe du Sud(2.00%),Europe du Nord(2.00%),Am\u00e9rique centrale(2.00%),Asie de l'Est(2.00%),Afrique(2.00%),Oc\u00e9anie(1.00%). Notre bureau compte au total entre 11 et 50 personnes.<\/p>\n<p><strong>2. Comment pouvons-nous garantir la qualit\u00e9 ?<\/strong><br \/>\nIl y a toujours un \u00e9chantillon de pr\u00e9production avant la production en s\u00e9rie ;<br \/>\nL'inspection finale est toujours effectu\u00e9e avant l'exp\u00e9dition ;<\/p>\n<p><strong>3.Que pouvez-vous acheter chez nous ?<\/strong><br \/>\nComposants de convoyeurs, convoyeurs \u00e0 cha\u00eene flexibles, convoyeurs \u00e0 pinces, convoyeurs \u00e0 bande modulaires, convoyeurs \u00e0 cha\u00eene sup\u00e9rieurs<\/p>\n<p><strong>4. Pourquoi devriez-vous acheter chez nous plut\u00f4t que chez d'autres fournisseurs ?<\/strong><br \/>\nNous disposons de notre propre usine de 3 000 m\u00e8tres carr\u00e9s, avec 10 personnes charg\u00e9es de la conception et du d\u00e9veloppement, qui prennent en charge les dessins de personnalisation non standard (3D+CAD). Nous disposons de 20 personnes charg\u00e9es de l'installation et du d\u00e9bogage et pouvons fournir des services d'installation de porte \u00e0 porte.<\/p>\n<p><strong>5. quels services pouvons-nous fournir ?<\/strong><br \/>\nConditions de livraison accept\u00e9es : FOB, CFR, CIF, EXW ;<br \/>\nDevise de paiement accept\u00e9e : USD, EUR, JPY, CAD, AUD, HKD, GBP, CNY, CHF ;<br \/>\nType de paiement accept\u00e9 : T\/T, MoneyGram, Western Union, Cash ;<br \/>\nLangues parl\u00e9es : anglais, chinois, espagnol, japonais, portugais, allemand, arabe, fran\u00e7ais, russe, cor\u00e9en, hindi, italien<\/p>\n<\/div>\n<\/div>","protected":false},"excerpt":{"rendered":"<p>Bande transporteuse Pom Bandes transporteuses plates en plastique pour convoyeurs alimentaires<\/p>","protected":false},"featured_media":7273,"template":"","meta":{"_acf_changed":false,"_seopress_robots_primary_cat":"","_seopress_titles_title":"Wholesale Industrial Conveyor Modular Belt Many Variations Available Plastic Material with Roller and Ball Bearing Options","_seopress_titles_desc":"pom conveyor belt Plastic flat conveyor belts for food conveyors","_seopress_robots_index":"","_uag_custom_page_level_css":"","site-sidebar-layout":"default","site-content-layout":"","ast-site-content-layout":"default","site-content-style":"default","site-sidebar-style":"default","ast-global-header-display":"","ast-banner-title-visibility":"","ast-main-header-display":"","ast-hfb-above-header-display":"","ast-hfb-below-header-display":"","ast-hfb-mobile-header-display":"","site-post-title":"","ast-breadcrumbs-content":"","ast-featured-img":"","footer-sml-layout":"","theme-transparent-header-meta":"default","adv-header-id-meta":"","stick-header-meta":"","header-above-stick-meta":"","header-main-stick-meta":"","header-below-stick-meta":"","astra-migrate-meta-layouts":"set","ast-page-background-enabled":"default","ast-page-background-meta":{"desktop":{"background-color":"","background-image":"","background-repeat":"repeat","background-position":"center center","background-size":"auto","background-attachment":"scroll","background-type":"","background-media":"","overlay-type":"","overlay-color":"","overlay-opacity":"","overlay-gradient":""},"tablet":{"background-color":"","background-image":"","background-repeat":"repeat","background-position":"center center","background-size":"auto","background-attachment":"scroll","background-type":"","background-media":"","overlay-type":"","overlay-color":"","overlay-opacity":"","overlay-gradient":""},"mobile":{"background-color":"","background-image":"","background-repeat":"repeat","background-position":"center center","background-size":"auto","background-attachment":"scroll","background-type":"","background-media":"","overlay-type":"","overlay-color":"","overlay-opacity":"","overlay-gradient":""}},"ast-content-background-meta":{"desktop":{"background-color":"var(--ast-global-color-5)","background-image":"","background-repeat":"repeat","background-position":"center center","background-size":"auto","background-attachment":"scroll","background-type":"","background-media":"","overlay-type":"","overlay-color":"","overlay-opacity":"","overlay-gradient":""},"tablet":{"background-color":"var(--ast-global-color-5)","background-image":"","background-repeat":"repeat","background-position":"center center","background-size":"auto","background-attachment":"scroll","background-type":"","background-media":"","overlay-type":"","overlay-color":"","overlay-opacity":"","overlay-gradient":""},"mobile":{"background-color":"var(--ast-global-color-5)","background-image":"","background-repeat":"repeat","background-position":"center center","background-size":"auto","background-attachment":"scroll","background-type":"","background-media":"","overlay-type":"","overlay-color":"","overlay-opacity":"","overlay-gradient":""}}},"product_brand":[131],"product_cat":[109],"product_tag":[1095,1096,144,1097,1094],"class_list":{"0":"post-7267","1":"product","2":"type-product","3":"status-publish","4":"has-post-thumbnail","6":"product_brand-chenming","7":"product_cat-straight-modular-belt","8":"product_tag-ball-bearing-conveyor-belt","9":"product_tag-new-condition-conveyor-belt","10":"product_tag-plastic-material-conveyor-belt","11":"product_tag-retail-applicable-conveyor-belt","12":"product_tag-roller-bearing-conveyor-belt","13":"desktop-align-center","14":"tablet-align-center","15":"mobile-align-left","16":"ast-product-gallery-layout-horizontal-slider","17":"ast-product-tabs-layout-horizontal","18":"ast-qv-on-image","20":"first","21":"instock","22":"shipping-taxable","23":"product-type-simple"},"acf":[],"uagb_featured_image_src":{"full":["https:\/\/www.ai-chenming.com\/wp-content\/uploads\/2025\/09\/f004a308-1aa7-4fb4-915d-16ea99e3c4c0.png",1470,1470,false],"thumbnail":["https:\/\/www.ai-chenming.com\/wp-content\/uploads\/2025\/09\/f004a308-1aa7-4fb4-915d-16ea99e3c4c0-150x150.png",150,150,true],"medium":["https:\/\/www.ai-chenming.com\/wp-content\/uploads\/2025\/09\/f004a308-1aa7-4fb4-915d-16ea99e3c4c0-300x300.png",300,300,true],"medium_large":["https:\/\/www.ai-chenming.com\/wp-content\/uploads\/2025\/09\/f004a308-1aa7-4fb4-915d-16ea99e3c4c0-768x768.png",768,768,true],"large":["https:\/\/www.ai-chenming.com\/wp-content\/uploads\/2025\/09\/f004a308-1aa7-4fb4-915d-16ea99e3c4c0-1024x1024.png",1024,1024,true],"1536x1536":["https:\/\/www.ai-chenming.com\/wp-content\/uploads\/2025\/09\/f004a308-1aa7-4fb4-915d-16ea99e3c4c0.png",1470,1470,false],"2048x2048":["https:\/\/www.ai-chenming.com\/wp-content\/uploads\/2025\/09\/f004a308-1aa7-4fb4-915d-16ea99e3c4c0.png",1470,1470,false],"trp-custom-language-flag":["https:\/\/www.ai-chenming.com\/wp-content\/uploads\/2025\/09\/f004a308-1aa7-4fb4-915d-16ea99e3c4c0-12x12.png",12,12,true],"woocommerce_thumbnail":["https:\/\/www.ai-chenming.com\/wp-content\/uploads\/2025\/09\/f004a308-1aa7-4fb4-915d-16ea99e3c4c0-450x450.png",450,450,true],"woocommerce_single":["https:\/\/www.ai-chenming.com\/wp-content\/uploads\/2025\/09\/f004a308-1aa7-4fb4-915d-16ea99e3c4c0-600x600.png",600,600,true],"woocommerce_gallery_thumbnail":["https:\/\/www.ai-chenming.com\/wp-content\/uploads\/2025\/09\/f004a308-1aa7-4fb4-915d-16ea99e3c4c0-100x100.png",100,100,true]},"uagb_author_info":{"display_name":"chenming","author_link":"https:\/\/www.ai-chenming.com\/fr\/author\/"},"uagb_comment_info":0,"uagb_excerpt":"pom conveyor belt Plastic flat conveyor belts for food conveyors","_links":{"self":[{"href":"https:\/\/www.ai-chenming.com\/fr\/wp-json\/wp\/v2\/product\/7267","targetHints":{"allow":["GET"]}}],"collection":[{"href":"https:\/\/www.ai-chenming.com\/fr\/wp-json\/wp\/v2\/product"}],"about":[{"href":"https:\/\/www.ai-chenming.com\/fr\/wp-json\/wp\/v2\/types\/product"}],"wp:featuredmedia":[{"embeddable":true,"href":"https:\/\/www.ai-chenming.com\/fr\/wp-json\/wp\/v2\/media\/7273"}],"wp:attachment":[{"href":"https:\/\/www.ai-chenming.com\/fr\/wp-json\/wp\/v2\/media?parent=7267"}],"wp:term":[{"taxonomy":"product_brand","embeddable":true,"href":"https:\/\/www.ai-chenming.com\/fr\/wp-json\/wp\/v2\/product_brand?post=7267"},{"taxonomy":"product_cat","embeddable":true,"href":"https:\/\/www.ai-chenming.com\/fr\/wp-json\/wp\/v2\/product_cat?post=7267"},{"taxonomy":"product_tag","embeddable":true,"href":"https:\/\/www.ai-chenming.com\/fr\/wp-json\/wp\/v2\/product_tag?post=7267"}],"curies":[{"name":"wp","href":"https:\/\/api.w.org\/{rel}","templated":true}]}}