{"id":6705,"date":"2025-09-12T03:49:26","date_gmt":"2025-09-12T03:49:26","guid":{"rendered":"https:\/\/www.ai-chenming.com\/?post_type=product&#038;p=6705"},"modified":"2025-09-24T08:09:46","modified_gmt":"2025-09-24T08:09:46","slug":"high-quality-cheap-price-custom-anti-slip-product-movement-7100-flat-grid-turning-mesh-belt-for-screw-elevator-screw-elevator","status":"publish","type":"product","link":"https:\/\/www.ai-chenming.com\/fr\/produit\/high-quality-cheap-price-custom-anti-slip-product-movement-7100-flat-grid-turning-mesh-belt-for-screw-elevator-screw-elevator\/","title":{"rendered":"Bande transporteuse \u00e0 mailles plates de haute qualit\u00e9, \u00e0 prix r\u00e9duit, personnalis\u00e9e et antid\u00e9rapante pour ascenseurs \u00e0 vis Mouvement 7100"},"content":{"rendered":"<div class=\"editor-component-row editor-component-row-relative\">\n<div class=\"editor-component-container\">\n<div class=\"previewer-item-wrap\">\n<div id=\"43169206334\" class=\"J_module\">\n<h3 id=\"ali-anchor-AliMagic-z9epbi\" data-section=\"AliMagic-z9epbi\" data-section-title=\"Products Description\" data-spm-anchor-id=\"a2700.pc-decorate.0.i1.61413333Yy7f58\">Description des produits<\/h3>\n<\/div>\n<\/div>\n<div class=\"editor-component-container-mask\"><\/div>\n<\/div>\n<\/div>\n<div class=\"editor-component-row editor-component-row-relative\">\n<div class=\"editor-component-container\">\n<div class=\"previewer-item-wrap\">\n<div id=\"43169206335\" class=\"J_module\">\n<div class=\"icbu-pc-detailManyImage\" data-reactroot=\"\" data-module-name=\"icbu-pc-detailManyImage\">\n<div><img decoding=\"async\" class=\"alignleft\" src=\"https:\/\/sc04.alicdn.com\/kf\/Hcf910149ea924a42aa236995137e8101S\/284464100\/Hcf910149ea924a42aa236995137e8101S.jpg\" width=\"213\" height=\"213\" \/><img decoding=\"async\" class=\"\" style=\"font-style: inherit; font-weight: inherit;\" src=\"https:\/\/sc04.alicdn.com\/kf\/He2bb960b6ccc409d9acd114029744baax\/284464100\/He2bb960b6ccc409d9acd114029744baax.png\" width=\"199\" height=\"199\" \/><img alt=\"\" decoding=\"async\" class=\"alignnone wp-image-6709\" style=\"font-style: inherit; font-weight: inherit;\" src=\"https:\/\/www.ai-chenming.com\/wp-content\/uploads\/2025\/09\/e4c5fa07-04c4-49a9-8bad-ba17f0a9107d-300x300.png\" width=\"184\" height=\"184\" srcset=\"https:\/\/www.ai-chenming.com\/wp-content\/uploads\/2025\/09\/e4c5fa07-04c4-49a9-8bad-ba17f0a9107d-300x300.png 300w, https:\/\/www.ai-chenming.com\/wp-content\/uploads\/2025\/09\/e4c5fa07-04c4-49a9-8bad-ba17f0a9107d-150x150.png 150w, https:\/\/www.ai-chenming.com\/wp-content\/uploads\/2025\/09\/e4c5fa07-04c4-49a9-8bad-ba17f0a9107d-12x12.png 12w, https:\/\/www.ai-chenming.com\/wp-content\/uploads\/2025\/09\/e4c5fa07-04c4-49a9-8bad-ba17f0a9107d-450x450.png 450w, https:\/\/www.ai-chenming.com\/wp-content\/uploads\/2025\/09\/e4c5fa07-04c4-49a9-8bad-ba17f0a9107d-600x600.png 600w, https:\/\/www.ai-chenming.com\/wp-content\/uploads\/2025\/09\/e4c5fa07-04c4-49a9-8bad-ba17f0a9107d-100x100.png 100w, https:\/\/www.ai-chenming.com\/wp-content\/uploads\/2025\/09\/e4c5fa07-04c4-49a9-8bad-ba17f0a9107d.png 640w\" sizes=\"(max-width: 184px) 100vw, 184px\" \/><\/div>\n<\/div>\n<\/div>\n<\/div>\n<\/div>\n<\/div>\n<div><\/div>\n<div><\/div>\n<div>Le convoyeur \u00e0 bande \u00e0 mailles en acier plastique est un compl\u00e9ment au mode de transport traditionnel, il surmonte les lacunes de la bande (d\u00e9chirure facile, couches, corrosion) et offre aux utilisateurs un mode de transport s\u00fbr, rapide et simple \u00e0 entretenir. Comme la bande modulaire en plastique et en acier utilis\u00e9e dans ce convoyeur est entra\u00een\u00e9e par une roue \u00e0 cha\u00eene, la bande transporteuse n'est pas facile \u00e0 d\u00e9vier et \u00e0 serpenter. En outre, l'\u00e9paisseur de la bande \u00e0 mailles peut r\u00e9sister aux coupures, aux collisions, \u00e0 l'huile et \u00e0 l'eau, ce qui permet de r\u00e9soudre le probl\u00e8me de l'utilisation de la bande dans diverses industries. Nous modifions le mat\u00e9riau plastique pour que la bande transporteuse puisse r\u00e9pondre aux exigences d'une temp\u00e9rature ambiante comprise entre moins 50 degr\u00e9s Celsius et 150 degr\u00e9s Celsius. Gr\u00e2ce \u00e0 la s\u00e9lection de diff\u00e9rentes courroies \u00e0 mailles, il est possible de fabriquer des tables de stockage de bouteilles, des ascenseurs, des machines de nettoyage, des machines de st\u00e9rilisation, des machines \u00e0 bouteilles froides et d'autres \u00e9quipements sp\u00e9cifiques \u00e0 l'industrie.<\/div>\n<div><\/div>\n<div class=\"editor-component-row editor-component-row-relative\">\n<div class=\"editor-component-container\">\n<div class=\"editor-component-container-mask\"><img alt=\"\" loading=\"lazy\" decoding=\"async\" class=\"aligncenter wp-image-6753 size-large\" src=\"https:\/\/www.ai-chenming.com\/wp-content\/uploads\/2025\/09\/7-2-1024x724.png\" width=\"1024\" height=\"724\" srcset=\"https:\/\/www.ai-chenming.com\/wp-content\/uploads\/2025\/09\/7-2-1024x724.png 1024w, https:\/\/www.ai-chenming.com\/wp-content\/uploads\/2025\/09\/7-2-300x212.png 300w, https:\/\/www.ai-chenming.com\/wp-content\/uploads\/2025\/09\/7-2-768x543.png 768w, https:\/\/www.ai-chenming.com\/wp-content\/uploads\/2025\/09\/7-2-1536x1086.png 1536w, https:\/\/www.ai-chenming.com\/wp-content\/uploads\/2025\/09\/7-2-2048x1448.png 2048w, https:\/\/www.ai-chenming.com\/wp-content\/uploads\/2025\/09\/7-2-18x12.png 18w, https:\/\/www.ai-chenming.com\/wp-content\/uploads\/2025\/09\/7-2-600x424.png 600w\" sizes=\"(max-width: 1024px) 100vw, 1024px\" \/><\/div>\n<\/div>\n<\/div>\n<div class=\"editor-component-row editor-component-row-relative\">\n<div class=\"editor-component-container\">\n<div class=\"previewer-item-wrap\">\n<div id=\"43169206338\" class=\"J_module\">\n<div class=\"icbu-pc-images\" data-reactroot=\"\">\n<div>\n<div class=\"flex-layout-v\">\n<div class=\"flex-layout-h\">\n<div>\n<div class=\"preview-image-edit\"><\/div>\n<\/div>\n<\/div>\n<\/div>\n<\/div>\n<\/div>\n<\/div>\n<\/div>\n<\/div>\n<\/div>\n<div class=\"editor-component-row editor-component-row-relative\">\n<div class=\"editor-component-container\">\n<div class=\"editor-component-container-mask\"><\/div>\n<\/div>\n<\/div>\n<div class=\"editor-component-row editor-component-row-relative\">\n<div class=\"editor-component-container\">\n<div class=\"editor-component-container-mask\"><\/div>\n<\/div>\n<\/div>\n<div class=\"editor-component-row editor-component-row-relative\">\n<div class=\"editor-component-container\">\n<div class=\"previewer-item-wrap\">\n<div id=\"43169206351\" class=\"J_module\">\n<div id=\"ali-anchor-AliMagic-nmjedc\" data-reactroot=\"\" data-section=\"AliMagic-nmjedc\" data-section-title=\"FAQ\">FAQ<\/div>\n<\/div>\n<\/div>\n<div class=\"editor-component-container-mask\"><\/div>\n<\/div>\n<\/div>\n<div class=\"editor-component-row editor-component-row-relative\">\n<div class=\"editor-component-container\">\n<div class=\"previewer-item-wrap\">\n<div id=\"43169206352\" class=\"J_module\">\n<div class=\"detail-decorate-json-renderer-container\" data-reactroot=\"\">\n<div>\n<div>\n<div>\n<div>\n<div class=\"preview-edit-text-editor\" data-reactroot=\"\">\n<div id=\"preview-edit-5\" class=\"content-editor\" tabindex=\"1\" contenteditable=\"true\">\n<p><b>Q1 : Comment puis-je obtenir plus d'informations sur votre produit ?<\/b><\/p>\n<p><b> <\/b>A1:Vous pouvez nous envoyer un courriel ou demander \u00e0 nos repr\u00e9sentants en ligne de vous envoyer le dernier catalogue et la liste de prix.<\/p>\n<p><b>Q2 : Acceptez-vous les OEM ou ODM ? <\/b><\/p>\n<p>A2:Oui, mais nous avons des exigences de quantit\u00e9, veuillez nous contacter directement.<\/p>\n<p><b>Q3:Quel est le mode de paiement de votre entreprise ?<\/b><\/p>\n<p><b> <\/b>A3:T\/T, L\/C \u00e0 vue, Paypal, Western Union<\/p>\n<p><b>Q4:Quel est le mode d'exp\u00e9dition ?<\/b><\/p>\n<p><b> <\/b>A4:Par voie maritime, a\u00e9rienne, Fedex, DHL, UPS, TNT, etc.<\/p>\n<\/div>\n<\/div>\n<\/div>\n<\/div>\n<\/div>\n<\/div>\n<\/div>\n<\/div>\n<\/div>\n<div class=\"editor-component-container-mask\"><\/div>\n<\/div>\n<\/div>\n<div class=\"editor-component-row editor-component-row-relative\">\n<div class=\"editor-component-container\">\n<div class=\"previewer-item-wrap\">\n<div id=\"43169206353\" class=\"J_module\"><\/div>\n<\/div>\n<\/div>\n<\/div>","protected":false},"excerpt":{"rendered":"<p>Bande transporteuse flexible \u00e0 courbe quadrill\u00e9e 7100 pour les syst\u00e8mes de production automatis\u00e9s Bande transporteuse polyvalente \u00e0 courbe quadrill\u00e9e 7100 pour les lignes d'emballage et d'assemblage<\/p>","protected":false},"featured_media":6763,"template":"","meta":{"_acf_changed":false,"_seopress_robots_primary_cat":"none","_seopress_titles_title":"High Quality Cheap Price Custom Anti-Slip Product Movement 7100 Flat Grid Turning Mesh Belt for Screw Elevator Screw Elevator","_seopress_titles_desc":"Flexible 7100 grid curve conveyor belt for automated production systems Versatile 7100 grid curve conveyor belt for packaging and assembly lines","_seopress_robots_index":"","_uag_custom_page_level_css":"","site-sidebar-layout":"default","site-content-layout":"","ast-site-content-layout":"default","site-content-style":"default","site-sidebar-style":"default","ast-global-header-display":"","ast-banner-title-visibility":"","ast-main-header-display":"","ast-hfb-above-header-display":"","ast-hfb-below-header-display":"","ast-hfb-mobile-header-display":"","site-post-title":"","ast-breadcrumbs-content":"","ast-featured-img":"","footer-sml-layout":"","theme-transparent-header-meta":"default","adv-header-id-meta":"","stick-header-meta":"","header-above-stick-meta":"","header-main-stick-meta":"","header-below-stick-meta":"","astra-migrate-meta-layouts":"set","ast-page-background-enabled":"default","ast-page-background-meta":{"desktop":{"background-color":"","background-image":"","background-repeat":"repeat","background-position":"center center","background-size":"auto","background-attachment":"scroll","background-type":"","background-media":"","overlay-type":"","overlay-color":"","overlay-opacity":"","overlay-gradient":""},"tablet":{"background-color":"","background-image":"","background-repeat":"repeat","background-position":"center center","background-size":"auto","background-attachment":"scroll","background-type":"","background-media":"","overlay-type":"","overlay-color":"","overlay-opacity":"","overlay-gradient":""},"mobile":{"background-color":"","background-image":"","background-repeat":"repeat","background-position":"center center","background-size":"auto","background-attachment":"scroll","background-type":"","background-media":"","overlay-type":"","overlay-color":"","overlay-opacity":"","overlay-gradient":""}},"ast-content-background-meta":{"desktop":{"background-color":"var(--ast-global-color-5)","background-image":"","background-repeat":"repeat","background-position":"center center","background-size":"auto","background-attachment":"scroll","background-type":"","background-media":"","overlay-type":"","overlay-color":"","overlay-opacity":"","overlay-gradient":""},"tablet":{"background-color":"var(--ast-global-color-5)","background-image":"","background-repeat":"repeat","background-position":"center center","background-size":"auto","background-attachment":"scroll","background-type":"","background-media":"","overlay-type":"","overlay-color":"","overlay-opacity":"","overlay-gradient":""},"mobile":{"background-color":"var(--ast-global-color-5)","background-image":"","background-repeat":"repeat","background-position":"center center","background-size":"auto","background-attachment":"scroll","background-type":"","background-media":"","overlay-type":"","overlay-color":"","overlay-opacity":"","overlay-gradient":""}}},"product_brand":[131],"product_cat":[96],"product_tag":[941,942,943],"class_list":{"0":"post-6705","1":"product","2":"type-product","3":"status-publish","4":"has-post-thumbnail","6":"product_brand-chenming","7":"product_cat-belt-conveyor","8":"product_tag-anti-slip-7100-grid-curve-conveyor-belt-for-heavy-duty-applications","9":"product_tag-flexible-7100-grid-curve-conveyor-belt-for-automated-production-systems","10":"product_tag-versatile-7100-grid-curve-conveyor-belt-for-packaging-and-assembly-lines","11":"desktop-align-center","12":"tablet-align-center","13":"mobile-align-left","14":"ast-product-gallery-layout-horizontal-slider","15":"ast-product-tabs-layout-horizontal","16":"ast-qv-on-image","18":"first","19":"instock","20":"sale","21":"shipping-taxable","22":"purchasable","23":"product-type-simple"},"acf":[],"uagb_featured_image_src":{"full":["https:\/\/www.ai-chenming.com\/wp-content\/uploads\/2025\/09\/e7204573-75f1-4c65-9bce-f7910920b23c.png",600,600,false],"thumbnail":["https:\/\/www.ai-chenming.com\/wp-content\/uploads\/2025\/09\/e7204573-75f1-4c65-9bce-f7910920b23c-150x150.png",150,150,true],"medium":["https:\/\/www.ai-chenming.com\/wp-content\/uploads\/2025\/09\/e7204573-75f1-4c65-9bce-f7910920b23c-300x300.png",300,300,true],"medium_large":["https:\/\/www.ai-chenming.com\/wp-content\/uploads\/2025\/09\/e7204573-75f1-4c65-9bce-f7910920b23c.png",600,600,false],"large":["https:\/\/www.ai-chenming.com\/wp-content\/uploads\/2025\/09\/e7204573-75f1-4c65-9bce-f7910920b23c.png",600,600,false],"1536x1536":["https:\/\/www.ai-chenming.com\/wp-content\/uploads\/2025\/09\/e7204573-75f1-4c65-9bce-f7910920b23c.png",600,600,false],"2048x2048":["https:\/\/www.ai-chenming.com\/wp-content\/uploads\/2025\/09\/e7204573-75f1-4c65-9bce-f7910920b23c.png",600,600,false],"trp-custom-language-flag":["https:\/\/www.ai-chenming.com\/wp-content\/uploads\/2025\/09\/e7204573-75f1-4c65-9bce-f7910920b23c-12x12.png",12,12,true],"woocommerce_thumbnail":["https:\/\/www.ai-chenming.com\/wp-content\/uploads\/2025\/09\/e7204573-75f1-4c65-9bce-f7910920b23c-450x450.png",450,450,true],"woocommerce_single":["https:\/\/www.ai-chenming.com\/wp-content\/uploads\/2025\/09\/e7204573-75f1-4c65-9bce-f7910920b23c.png",600,600,false],"woocommerce_gallery_thumbnail":["https:\/\/www.ai-chenming.com\/wp-content\/uploads\/2025\/09\/e7204573-75f1-4c65-9bce-f7910920b23c-100x100.png",100,100,true]},"uagb_author_info":{"display_name":"chenming","author_link":"https:\/\/www.ai-chenming.com\/fr\/author\/"},"uagb_comment_info":0,"uagb_excerpt":"Flexible 7100 grid curve conveyor belt for automated production systems Versatile 7100 grid curve conveyor belt for packaging and assembly lines","_links":{"self":[{"href":"https:\/\/www.ai-chenming.com\/fr\/wp-json\/wp\/v2\/product\/6705","targetHints":{"allow":["GET"]}}],"collection":[{"href":"https:\/\/www.ai-chenming.com\/fr\/wp-json\/wp\/v2\/product"}],"about":[{"href":"https:\/\/www.ai-chenming.com\/fr\/wp-json\/wp\/v2\/types\/product"}],"wp:featuredmedia":[{"embeddable":true,"href":"https:\/\/www.ai-chenming.com\/fr\/wp-json\/wp\/v2\/media\/6763"}],"wp:attachment":[{"href":"https:\/\/www.ai-chenming.com\/fr\/wp-json\/wp\/v2\/media?parent=6705"}],"wp:term":[{"taxonomy":"product_brand","embeddable":true,"href":"https:\/\/www.ai-chenming.com\/fr\/wp-json\/wp\/v2\/product_brand?post=6705"},{"taxonomy":"product_cat","embeddable":true,"href":"https:\/\/www.ai-chenming.com\/fr\/wp-json\/wp\/v2\/product_cat?post=6705"},{"taxonomy":"product_tag","embeddable":true,"href":"https:\/\/www.ai-chenming.com\/fr\/wp-json\/wp\/v2\/product_tag?post=6705"}],"curies":[{"name":"wp","href":"https:\/\/api.w.org\/{rel}","templated":true}]}}