{"id":6686,"date":"2025-09-12T02:35:05","date_gmt":"2025-09-12T02:35:05","guid":{"rendered":"https:\/\/www.ai-chenming.com\/?post_type=product&#038;p=6686"},"modified":"2025-09-24T08:12:04","modified_gmt":"2025-09-24T08:12:04","slug":"stainless-steel-mesh-belt-conveyor-line-for-food-assembly-line-plastic-chain-plate-elevator-small-stainless-steel-conveyor-belt","status":"publish","type":"product","link":"https:\/\/www.ai-chenming.com\/fr\/produit\/stainless-steel-mesh-belt-conveyor-line-for-food-assembly-line-plastic-chain-plate-elevator-small-stainless-steel-conveyor-belt\/","title":{"rendered":"Convoyeur \u00e0 bande en maille d'acier inoxydable pour ligne d'assemblage alimentaire \u00c9l\u00e9vateur \u00e0 plaque \u00e0 cha\u00eene en plastique Petit convoyeur \u00e0 bande en acier inoxydable"},"content":{"rendered":"<div class=\"editor-component-row editor-component-row-relative\">\n<div class=\"editor-component-container\">\n<div class=\"previewer-item-wrap\">\n<div id=\"44486003944\" class=\"J_module\">\n<h3 id=\"ali-anchor-AliMagic-zwbm13\" data-section=\"AliMagic-zwbm13\" data-section-title=\"Product Description\" data-spm-anchor-id=\"a2700.pc-decorate.0.i2.2cca33331PhNV2\">Description du produit<\/h3>\n<div data-reactroot=\"\" data-section=\"AliMagic-zwbm13\" data-section-title=\"Product Description\" data-spm-anchor-id=\"a2700.pc-decorate.0.i2.2cca33331PhNV2\"><\/div>\n<\/div>\n<\/div>\n<\/div>\n<\/div>\n<div data-reactroot=\"\" data-section=\"AliMagic-zwbm13\" data-section-title=\"Product Description\" data-spm-anchor-id=\"a2700.pc-decorate.0.i2.2cca33331PhNV2\">Les bandes modulaires (\u00e9galement appel\u00e9es bandes transporteuses modulaires) sont assembl\u00e9es \u00e0 partir de modules standardis\u00e9s. Elles permettent une personnalisation souple de la longueur et de la largeur, et peuvent r\u00e9aliser des trajectoires de transport complexes telles que les virages et les mont\u00e9es. Fabriqu\u00e9es dans des mat\u00e9riaux tels que les plastiques techniques de qualit\u00e9 alimentaire, elles sont r\u00e9sistantes \u00e0 l'usure et \u00e0 la corrosion. Leur surface peut \u00eatre con\u00e7ue avec des structures telles que des motifs antid\u00e9rapants et des d\u00e9flecteurs, ce qui les rend adapt\u00e9s au transport de divers mat\u00e9riaux. Gr\u00e2ce \u00e0 leur facilit\u00e9 d'entretien (les modules individuels peuvent \u00eatre remplac\u00e9s), ils sont largement utilis\u00e9s dans les industries alimentaires, pharmaceutiques, logistiques et \u00e9lectroniques, et constituent des supports efficaces et adaptables pour le transport automatis\u00e9.<\/div>\n<div class=\"editor-component-row editor-component-row-relative\">\n<div class=\"editor-component-container\">\n<div class=\"previewer-item-wrap\">\n<div id=\"44486003946\" class=\"J_module\">\n<div class=\"icbu-pc-detailManyImage\" data-reactroot=\"\" data-module-name=\"icbu-pc-detailManyImage\">\n<div><\/div>\n<\/div>\n<\/div>\n<\/div>\n<\/div>\n<\/div>\n<div class=\"editor-component-row editor-component-row-relative\">\n<div class=\"editor-component-container\">\n<div class=\"previewer-item-wrap\">\n<div id=\"44486003947\" class=\"J_module\">\n<div id=\"ali-anchor-AliMagic-ui7wxf\" data-reactroot=\"\" data-section=\"AliMagic-ui7wxf\" data-section-title=\"Specification\">Sp\u00e9cifications<\/div>\n<\/div>\n<\/div>\n<\/div>\n<\/div>\n<div class=\"editor-component-row editor-component-row-relative\">\n<div class=\"editor-component-container\">\n<div class=\"previewer-item-wrap\">\n<div id=\"44486003948\" class=\"J_module\">\n<div class=\"ife-detail-decorate-table\" data-reactroot=\"\">\n<table>\n<tbody>\n<tr>\n<td>article<\/td>\n<td>valeur<\/td>\n<\/tr>\n<tr>\n<td>Garantie<\/td>\n<td>6 mois<\/td>\n<\/tr>\n<tr>\n<td>Industries concern\u00e9es<\/td>\n<td>Entrep\u00f4t, Logistique, Ateliers de r\u00e9paration de machines, Usine de fabrication, Usine de produits alimentaires et de boissons, Magasins de produits alimentaires et de boissons, \u00c9nergie et mines<\/td>\n<\/tr>\n<tr>\n<td>Lieu d'origine<\/td>\n<td>Chine<\/td>\n<\/tr>\n<tr>\n<td><\/td>\n<td>Shandong<\/td>\n<\/tr>\n<tr>\n<td>Mat\u00e9riau<\/td>\n<td>Acier inoxydable, plastique<\/td>\n<\/tr>\n<tr>\n<td>Poids (KG)<\/td>\n<td>1<\/td>\n<\/tr>\n<tr>\n<td>Capacit\u00e9 de charge<\/td>\n<td>1000kg<\/td>\n<\/tr>\n<tr>\n<td>palier<\/td>\n<td>Roulements \u00e0 billes, roulements \u00e0 rouleaux, paliers lisses, roulements \u00e0 billes \u00e0 gorge profonde, paliers lisses sph\u00e9riques<\/td>\n<\/tr>\n<tr>\n<td>Condition<\/td>\n<td>Nouveau<\/td>\n<\/tr>\n<tr>\n<td>Nom de la marque<\/td>\n<td>chenming<\/td>\n<\/tr>\n<\/tbody>\n<\/table>\n<\/div>\n<\/div>\n<\/div>\n<\/div>\n<\/div>\n<div class=\"editor-component-row editor-component-row-relative\">\n<div class=\"editor-component-container\">\n<div class=\"previewer-item-wrap\">\n<div id=\"44486003955\" class=\"J_module\">\n<div class=\"icbu-pc-detailVideoShow\" data-reactroot=\"\" data-magic=\"{&quot;mds&quot;:{&quot;assetsVersion&quot;:&quot;0.0.6&quot;,&quot;assetsPackageName&quot;:&quot;icbumod&quot;,&quot;moduleNameAlias&quot;:&quot;icbu-pc-detailVideoShow&quot;,&quot;moduleData&quot;:{&quot;videoInfo&quot;:{&quot;videoId&quot;:&quot;6000292888380&quot;},&quot;hideBottom&quot;:false}},&quot;version&quot;:1}\">\n<div class=\"bc-react-video-player singleton undefined venus-component-video\" data-spm-anchor-id=\"a2700.pc-decorate.0.i0.2cca33331PhNV2\"><img alt=\"\" fetchpriority=\"high\" decoding=\"async\" class=\"aligncenter wp-image-6753 size-large\" src=\"https:\/\/www.ai-chenming.com\/wp-content\/uploads\/2025\/09\/7-2-1024x724.png\" width=\"1024\" height=\"724\" srcset=\"https:\/\/www.ai-chenming.com\/wp-content\/uploads\/2025\/09\/7-2-1024x724.png 1024w, https:\/\/www.ai-chenming.com\/wp-content\/uploads\/2025\/09\/7-2-300x212.png 300w, https:\/\/www.ai-chenming.com\/wp-content\/uploads\/2025\/09\/7-2-768x543.png 768w, https:\/\/www.ai-chenming.com\/wp-content\/uploads\/2025\/09\/7-2-1536x1086.png 1536w, https:\/\/www.ai-chenming.com\/wp-content\/uploads\/2025\/09\/7-2-2048x1448.png 2048w, https:\/\/www.ai-chenming.com\/wp-content\/uploads\/2025\/09\/7-2-18x12.png 18w, https:\/\/www.ai-chenming.com\/wp-content\/uploads\/2025\/09\/7-2-600x424.png 600w\" sizes=\"(max-width: 1024px) 100vw, 1024px\" \/><\/div>\n<div data-spm-anchor-id=\"a2700.pc-decorate.0.i0.2cca33331PhNV2\"><\/div>\n<\/div>\n<\/div>\n<\/div>\n<\/div>\n<\/div>\n<div class=\"editor-component-row editor-component-row-relative\">\n<div class=\"editor-component-container\">\n<div class=\"previewer-item-wrap\">\n<div id=\"44486003958\" class=\"J_module\">\n<div class=\"detail-decorate-json-renderer-container\" data-reactroot=\"\">\n<div>\n<div>\n<div>\n<div>\n<div class=\"preview-edit-text-editor\" data-reactroot=\"\">\n<div id=\"preview-edit-2\" class=\"content-editor\" tabindex=\"1\" contenteditable=\"true\">Shandong Chenming Intelligent Equipment Co. a \u00e9t\u00e9 fond\u00e9e en 2018. L'usine couvre une superficie de 5 000 m\u00e8tres carr\u00e9s et dispose de multiples machines de moulage par injection, machines laser, machines de cisaillement et de pliage et autres \u00e9quipements de traitement. Il est \u00e9galement \u00e9quip\u00e9 d'\u00e9quipements de soudage professionnels tels que le soudage \u00e0 l'arc \u00e0 l'argon, le soudage sous protection de dioxyde de carbone et le soudage \u00e9lectrique. L'entreprise dispose de cinq cadres sup\u00e9rieurs en recherche et d\u00e9veloppement, de quinze personnes charg\u00e9es de l'assemblage et du d\u00e9bogage, et de trente \u00e9quipes de vente nationales et \u00e9trang\u00e8res. La soci\u00e9t\u00e9 est sp\u00e9cialis\u00e9e dans la production et la fabrication de divers convoyeurs \u00e0 bande, de convoyeurs \u00e0 bande \u00e0 mailles en acier plastique, de convoyeurs \u00e0 rouleaux, de convoyeurs \u00e0 bande \u00e0 mailles m\u00e9talliques et de convoyeurs \u00e0 plaques \u00e0 cha\u00eene, ainsi que d'accessoires d'\u00e9quipement. Elle fournit principalement un ensemble complet de projets d'automatisation pour les machines d'encartonnage et les robots de palettisation pour le processus de production en aval de la transformation des aliments. En tant qu'entreprise \u00e9mergente de haute technologie, de nombreuses machines de la soci\u00e9t\u00e9 ont obtenu des brevets d'invention. En outre, nos \u00e9quipements m\u00e9caniques ont \u00e9galement obtenu des certificats CE et la certification du syst\u00e8me de qualit\u00e9 ISO9001. Nombre de nos produits se vendent bien aux \u00c9tats-Unis, en Allemagne, en Russie, en Australie, en Malaisie, en Cor\u00e9e du Sud, au Japon et dans d'autres pays d'Asie du Sud-Est, et nous avons \u00e9tabli une coop\u00e9ration \u00e0 long terme avec de nombreuses entreprises nationales de renom, les principaux partenaires de coop\u00e9ration \u00e9tant notamment Want Want Group, Qianxihe Foods, Jinshahe Group, Jiabao Dairy, Anmu Dairy, PepsiCo, Master Kong Beverages, Yinlu Foods et d'autres entreprises.<\/div>\n<\/div>\n<\/div>\n<\/div>\n<\/div>\n<\/div>\n<\/div>\n<\/div>\n<\/div>\n<div class=\"editor-component-container-mask\"><\/div>\n<\/div>\n<\/div>\n<div class=\"editor-component-row editor-component-row-relative\">\n<div class=\"editor-component-container\">\n<div class=\"previewer-item-wrap\">\n<div id=\"44486003960\" class=\"J_module\">\n<div id=\"ali-anchor-AliMagic-uo6p9u\" data-reactroot=\"\" data-section=\"AliMagic-uo6p9u\" data-section-title=\"FAQ\">FAQ<\/div>\n<\/div>\n<\/div>\n<div class=\"editor-component-container-mask\"><\/div>\n<\/div>\n<\/div>\n<div class=\"editor-component-row editor-component-row-relative\">\n<div class=\"editor-component-container\">\n<div class=\"previewer-item-wrap\">\n<div id=\"44486003961\" class=\"J_module\">\n<div class=\"detail-decorate-json-renderer-container\" data-reactroot=\"\">\n<div>\n<div>\n<div>\n<div>\n<div class=\"preview-edit-text-editor\" data-reactroot=\"\"><b data-spm-anchor-id=\"a2700.pc-decorate.0.i3.2cca33331PhNV2\">1. qui sommes-nous ?<\/b><br \/>\nNous sommes bas\u00e9s dans la province de Shandong, Chine, \u00e0 partir de 2018, vendre \u00e0 l'Asie du Sud-Est (35.00%), Moyen-Orient (25.00%), Europe de l'Est (15.00%), Asie du Sud (3.00%), march\u00e9 int\u00e9rieur (3.00%), Am\u00e9rique du Sud (3.00%),Europe de l'Ouest(3.00%),Am\u00e9rique du Nord(2.00%),Europe du Sud(2.00%),Europe du Nord(2.00%),Am\u00e9rique centrale(2.00%),Asie de l'Est(2.00%),Afrique(2.00%),Oc\u00e9anie(1.00%). Notre bureau compte au total entre 11 et 50 personnes.<\/div>\n<div data-reactroot=\"\"><\/div>\n<div class=\"preview-edit-text-editor\" data-reactroot=\"\"><b>2. Comment pouvons-nous garantir la qualit\u00e9 ?<\/b><br \/>\nIl y a toujours un \u00e9chantillon de pr\u00e9production avant la production en s\u00e9rie ;<br \/>\nL'inspection finale est toujours effectu\u00e9e avant l'exp\u00e9dition ;<\/div>\n<div data-reactroot=\"\"><\/div>\n<div class=\"preview-edit-text-editor\" data-reactroot=\"\"><b>3.Que pouvez-vous acheter chez nous ?<\/b><br \/>\nComposants de convoyeurs, convoyeurs \u00e0 cha\u00eene flexibles, convoyeurs \u00e0 pinces, convoyeurs \u00e0 bande modulaires, convoyeurs \u00e0 cha\u00eene sup\u00e9rieurs<b>4. Pourquoi devriez-vous acheter chez nous plut\u00f4t que chez d'autres fournisseurs ?<\/b><br \/>\nNous disposons de notre propre usine de 3 000 m\u00e8tres carr\u00e9s, avec 10 personnes charg\u00e9es de la conception et du d\u00e9veloppement, qui prennent en charge les dessins de personnalisation non standard (3D+CAD). Nous disposons de 20 personnes charg\u00e9es de l'installation et du d\u00e9bogage et pouvons fournir des services d'installation de porte \u00e0 porte.<b>5. quels services pouvons-nous fournir ?<\/b><br \/>\nConditions de livraison accept\u00e9es : FOB, CFR, CIF, EXW\uff1b.<br \/>\nDevise de paiement accept\u00e9e : USD, EUR, JPY, CAD, AUD, HKD, GBP, CNY, CHF ;<br \/>\nType de paiement accept\u00e9 : T\/T, MoneyGram, Western Union, Cash ;<br \/>\nLangues parl\u00e9es : anglais, chinois, espagnol, japonais, portugais, allemand, arabe, fran\u00e7ais, russe, cor\u00e9en, hindi, italien.<\/div>\n<\/div>\n<\/div>\n<\/div>\n<\/div>\n<\/div>\n<\/div>\n<\/div>\n<\/div>\n<\/div>","protected":false},"excerpt":{"rendered":"<p>\u00c9l\u00e9vateur \u00e0 plaques de cha\u00eenes en plastique Ligne de production pour le nettoyage des fruits et l\u00e9gumes Transport alimentaire Convoyeur ascendant \u00e0 plaques de cha\u00eenes en plastique<\/p>","protected":false},"featured_media":6690,"template":"","meta":{"_acf_changed":false,"_seopress_robots_primary_cat":"none","_seopress_titles_title":"Stainless Steel Mesh Belt Conveyor Line for Food Assembly Line Plastic Chain Plate Elevator Small Stainless Steel Conveyor Belt","_seopress_titles_desc":"Plastic Chain Plate Elevator Fruit and Vegetable Cleaning Production Line Food Transportation Plastic Chain Plate Baffle Climbing Conveyor","_seopress_robots_index":"","_uag_custom_page_level_css":"","site-sidebar-layout":"default","site-content-layout":"","ast-site-content-layout":"default","site-content-style":"default","site-sidebar-style":"default","ast-global-header-display":"","ast-banner-title-visibility":"","ast-main-header-display":"","ast-hfb-above-header-display":"","ast-hfb-below-header-display":"","ast-hfb-mobile-header-display":"","site-post-title":"","ast-breadcrumbs-content":"","ast-featured-img":"","footer-sml-layout":"","theme-transparent-header-meta":"default","adv-header-id-meta":"","stick-header-meta":"","header-above-stick-meta":"","header-main-stick-meta":"","header-below-stick-meta":"","astra-migrate-meta-layouts":"set","ast-page-background-enabled":"default","ast-page-background-meta":{"desktop":{"background-color":"","background-image":"","background-repeat":"repeat","background-position":"center center","background-size":"auto","background-attachment":"scroll","background-type":"","background-media":"","overlay-type":"","overlay-color":"","overlay-opacity":"","overlay-gradient":""},"tablet":{"background-color":"","background-image":"","background-repeat":"repeat","background-position":"center center","background-size":"auto","background-attachment":"scroll","background-type":"","background-media":"","overlay-type":"","overlay-color":"","overlay-opacity":"","overlay-gradient":""},"mobile":{"background-color":"","background-image":"","background-repeat":"repeat","background-position":"center center","background-size":"auto","background-attachment":"scroll","background-type":"","background-media":"","overlay-type":"","overlay-color":"","overlay-opacity":"","overlay-gradient":""}},"ast-content-background-meta":{"desktop":{"background-color":"var(--ast-global-color-5)","background-image":"","background-repeat":"repeat","background-position":"center center","background-size":"auto","background-attachment":"scroll","background-type":"","background-media":"","overlay-type":"","overlay-color":"","overlay-opacity":"","overlay-gradient":""},"tablet":{"background-color":"var(--ast-global-color-5)","background-image":"","background-repeat":"repeat","background-position":"center center","background-size":"auto","background-attachment":"scroll","background-type":"","background-media":"","overlay-type":"","overlay-color":"","overlay-opacity":"","overlay-gradient":""},"mobile":{"background-color":"var(--ast-global-color-5)","background-image":"","background-repeat":"repeat","background-position":"center center","background-size":"auto","background-attachment":"scroll","background-type":"","background-media":"","overlay-type":"","overlay-color":"","overlay-opacity":"","overlay-gradient":""}}},"product_brand":[131],"product_cat":[94],"product_tag":[934,936,935,937],"class_list":{"0":"post-6686","1":"product","2":"type-product","3":"status-publish","4":"has-post-thumbnail","6":"product_brand-chenming","7":"product_cat-modualr-belt-conveyor","8":"product_tag-baffle-climbing-conveyor","9":"product_tag-elevator-fruit-and-vegetable-cleaning","10":"product_tag-plastic-chain-plate","11":"product_tag-production-line-food-transportation","12":"desktop-align-center","13":"tablet-align-center","14":"mobile-align-left","15":"ast-product-gallery-layout-horizontal-slider","16":"ast-product-tabs-layout-horizontal","17":"ast-qv-on-image","19":"first","20":"instock","21":"sale","22":"shipping-taxable","23":"purchasable","24":"product-type-simple"},"acf":[],"uagb_featured_image_src":{"full":["https:\/\/www.ai-chenming.com\/wp-content\/uploads\/2025\/09\/25672836-7f42-4442-96e1-de51ee8650a6.png",1276,1276,false],"thumbnail":["https:\/\/www.ai-chenming.com\/wp-content\/uploads\/2025\/09\/25672836-7f42-4442-96e1-de51ee8650a6-150x150.png",150,150,true],"medium":["https:\/\/www.ai-chenming.com\/wp-content\/uploads\/2025\/09\/25672836-7f42-4442-96e1-de51ee8650a6-300x300.png",300,300,true],"medium_large":["https:\/\/www.ai-chenming.com\/wp-content\/uploads\/2025\/09\/25672836-7f42-4442-96e1-de51ee8650a6-768x768.png",768,768,true],"large":["https:\/\/www.ai-chenming.com\/wp-content\/uploads\/2025\/09\/25672836-7f42-4442-96e1-de51ee8650a6-1024x1024.png",1024,1024,true],"1536x1536":["https:\/\/www.ai-chenming.com\/wp-content\/uploads\/2025\/09\/25672836-7f42-4442-96e1-de51ee8650a6.png",1276,1276,false],"2048x2048":["https:\/\/www.ai-chenming.com\/wp-content\/uploads\/2025\/09\/25672836-7f42-4442-96e1-de51ee8650a6.png",1276,1276,false],"trp-custom-language-flag":["https:\/\/www.ai-chenming.com\/wp-content\/uploads\/2025\/09\/25672836-7f42-4442-96e1-de51ee8650a6-12x12.png",12,12,true],"woocommerce_thumbnail":["https:\/\/www.ai-chenming.com\/wp-content\/uploads\/2025\/09\/25672836-7f42-4442-96e1-de51ee8650a6-450x450.png",450,450,true],"woocommerce_single":["https:\/\/www.ai-chenming.com\/wp-content\/uploads\/2025\/09\/25672836-7f42-4442-96e1-de51ee8650a6-600x600.png",600,600,true],"woocommerce_gallery_thumbnail":["https:\/\/www.ai-chenming.com\/wp-content\/uploads\/2025\/09\/25672836-7f42-4442-96e1-de51ee8650a6-100x100.png",100,100,true]},"uagb_author_info":{"display_name":"chenming","author_link":"https:\/\/www.ai-chenming.com\/fr\/author\/"},"uagb_comment_info":0,"uagb_excerpt":"Plastic Chain Plate Elevator Fruit and Vegetable Cleaning Production Line Food Transportation Plastic Chain Plate Baffle Climbing Conveyor","_links":{"self":[{"href":"https:\/\/www.ai-chenming.com\/fr\/wp-json\/wp\/v2\/product\/6686","targetHints":{"allow":["GET"]}}],"collection":[{"href":"https:\/\/www.ai-chenming.com\/fr\/wp-json\/wp\/v2\/product"}],"about":[{"href":"https:\/\/www.ai-chenming.com\/fr\/wp-json\/wp\/v2\/types\/product"}],"wp:featuredmedia":[{"embeddable":true,"href":"https:\/\/www.ai-chenming.com\/fr\/wp-json\/wp\/v2\/media\/6690"}],"wp:attachment":[{"href":"https:\/\/www.ai-chenming.com\/fr\/wp-json\/wp\/v2\/media?parent=6686"}],"wp:term":[{"taxonomy":"product_brand","embeddable":true,"href":"https:\/\/www.ai-chenming.com\/fr\/wp-json\/wp\/v2\/product_brand?post=6686"},{"taxonomy":"product_cat","embeddable":true,"href":"https:\/\/www.ai-chenming.com\/fr\/wp-json\/wp\/v2\/product_cat?post=6686"},{"taxonomy":"product_tag","embeddable":true,"href":"https:\/\/www.ai-chenming.com\/fr\/wp-json\/wp\/v2\/product_tag?post=6686"}],"curies":[{"name":"wp","href":"https:\/\/api.w.org\/{rel}","templated":true}]}}