{"id":6668,"date":"2025-09-12T01:35:44","date_gmt":"2025-09-12T01:35:44","guid":{"rendered":"https:\/\/www.ai-chenming.com\/?post_type=product&#038;p=6668"},"modified":"2025-09-24T08:13:48","modified_gmt":"2025-09-24T08:13:48","slug":"high-quality-white-1775-flexible-chain-belt-expandable-flexible-belt-conveyor-for-milk-industry-special-plastic-modular-belt","status":"publish","type":"product","link":"https:\/\/www.ai-chenming.com\/fr\/produit\/high-quality-white-1775-flexible-chain-belt-expandable-flexible-belt-conveyor-for-milk-industry-special-plastic-modular-belt\/","title":{"rendered":"Convoyeur \u00e0 cha\u00eene flexible blanc 1775 de haute qualit\u00e9 Convoyeur \u00e0 bande flexible extensible pour l'industrie laiti\u00e8re Bande modulaire en plastique sp\u00e9cial"},"content":{"rendered":"<div class=\"editor-component-row editor-component-row-relative\">\n<div class=\"editor-component-container\">\n<div class=\"previewer-item-wrap\">\n<div id=\"44747543653\" class=\"J_module\">\n<h3 id=\"ali-anchor-AliMagic-5d9oto\" data-section=\"AliMagic-5d9oto\" data-section-title=\"Product Description\" data-spm-anchor-id=\"a2700.pc-decorate.0.i2.78ad3333kNq5WT\">Description du produit<\/h3>\n<\/div>\n<\/div>\n<div class=\"editor-component-container-mask\"><\/div>\n<\/div>\n<\/div>\n<div class=\"editor-component-container-mask\"><\/div>\n<div class=\"editor-component-row editor-component-row-relative\">\n<div class=\"editor-component-container\">\n<div class=\"previewer-item-wrap\">\n<div id=\"43495500771\" class=\"J_module\">\n<div class=\"icbu-pc-detailManyImage\" data-reactroot=\"\" data-module-name=\"icbu-pc-detailManyImage\"><img alt=\"\" fetchpriority=\"high\" decoding=\"async\" class=\"aligncenter wp-image-6776 size-full\" src=\"https:\/\/www.ai-chenming.com\/wp-content\/uploads\/2025\/09\/3.png\" width=\"640\" height=\"640\" srcset=\"https:\/\/www.ai-chenming.com\/wp-content\/uploads\/2025\/09\/3.png 640w, https:\/\/www.ai-chenming.com\/wp-content\/uploads\/2025\/09\/3-300x300.png 300w, https:\/\/www.ai-chenming.com\/wp-content\/uploads\/2025\/09\/3-150x150.png 150w, https:\/\/www.ai-chenming.com\/wp-content\/uploads\/2025\/09\/3-12x12.png 12w, https:\/\/www.ai-chenming.com\/wp-content\/uploads\/2025\/09\/3-450x450.png 450w, https:\/\/www.ai-chenming.com\/wp-content\/uploads\/2025\/09\/3-600x600.png 600w, https:\/\/www.ai-chenming.com\/wp-content\/uploads\/2025\/09\/3-100x100.png 100w\" sizes=\"(max-width: 640px) 100vw, 640px\" \/><\/div>\n<\/div>\n<\/div>\n<\/div>\n<\/div>\n<div class=\"editor-component-row editor-component-row-relative\">\n<div class=\"editor-component-container\">\n<div class=\"previewer-item-wrap\">\n<div id=\"44747543660\" class=\"J_module\"><\/div>\n<\/div>\n<\/div>\n<\/div>\n<div class=\"editor-component-row editor-component-row-relative\">\n<div class=\"editor-component-container\">\n<div class=\"previewer-item-wrap\">\n<div id=\"44747543675\" class=\"J_module\">\n<div class=\"icbu-pc-images\" data-reactroot=\"\">\n<div>\n<div class=\"flex-layout-v\">\n<div class=\"flex-layout-h\">\n<div>\n<p>Le convoyeur \u00e0 cha\u00eene flexible est encore am\u00e9lior\u00e9 sur la base du convoyeur \u00e0 plaque \u00e0 cha\u00eene traditionnel, de sorte que le fonctionnement de la plaque \u00e0 cha\u00eene est qualitativement am\u00e9lior\u00e9. Le corps de la machine est fabriqu\u00e9 \u00e0 partir d'un profil\u00e9 d'aluminium standard. Toutes les pi\u00e8ces standard sont assembl\u00e9es pour rendre la rotation \u00e0 distance du convoyeur plus stable et plus souple. La forme du convoyeur peut compl\u00e9ter une disposition tridimensionnelle complexe, peut tourner, monter, descendre dans la m\u00eame puissance pour compl\u00e9ter. Principalement utilis\u00e9 dans les industries chimiques, pharmaceutiques, de roulements, de papier lamin\u00e9, de traitement des pi\u00e8ces automobiles et autres.<\/p>\n<\/div>\n<\/div>\n<\/div>\n<\/div>\n<\/div>\n<\/div>\n<\/div>\n<\/div>\n<\/div>\n<div class=\"editor-component-row editor-component-row-relative\">\n<div class=\"editor-component-container\">\n<div class=\"previewer-item-wrap\">\n<div id=\"44747543676\" class=\"J_module\">\n<div class=\"icbu-pc-images\" data-reactroot=\"\">\n<div>\n<div class=\"flex-layout-v\">\n<div class=\"flex-layout-h\">\n<div>\n<p><img alt=\"\" decoding=\"async\" class=\"aligncenter wp-image-6747 size-large\" src=\"https:\/\/www.ai-chenming.com\/wp-content\/uploads\/2025\/09\/10-2-1024x724.png\" width=\"1024\" height=\"724\" srcset=\"https:\/\/www.ai-chenming.com\/wp-content\/uploads\/2025\/09\/10-2-1024x724.png 1024w, https:\/\/www.ai-chenming.com\/wp-content\/uploads\/2025\/09\/10-2-300x212.png 300w, https:\/\/www.ai-chenming.com\/wp-content\/uploads\/2025\/09\/10-2-768x543.png 768w, https:\/\/www.ai-chenming.com\/wp-content\/uploads\/2025\/09\/10-2-1536x1086.png 1536w, https:\/\/www.ai-chenming.com\/wp-content\/uploads\/2025\/09\/10-2-2048x1448.png 2048w, https:\/\/www.ai-chenming.com\/wp-content\/uploads\/2025\/09\/10-2-18x12.png 18w, https:\/\/www.ai-chenming.com\/wp-content\/uploads\/2025\/09\/10-2-600x424.png 600w\" sizes=\"(max-width: 1024px) 100vw, 1024px\" \/><\/p>\n<\/div>\n<\/div>\n<\/div>\n<\/div>\n<\/div>\n<\/div>\n<\/div>\n<\/div>\n<\/div>\n<div class=\"editor-component-row editor-component-row-relative\">\n<div class=\"editor-component-container\">\n<div class=\"previewer-item-wrap\">\n<div id=\"44747543677\" class=\"J_module\">\n<div data-reactroot=\"\" data-section=\"AliMagic-y2r3xd\" data-section-title=\"FAQ\"><\/div>\n<div id=\"ali-anchor-AliMagic-y2r3xd\" data-reactroot=\"\" data-section=\"AliMagic-y2r3xd\" data-section-title=\"FAQ\">FAQ<\/div>\n<\/div>\n<\/div>\n<div class=\"editor-component-container-mask\"><\/div>\n<\/div>\n<\/div>\n<div class=\"editor-component-row editor-component-row-relative\">\n<div class=\"editor-component-container\">\n<div class=\"previewer-item-wrap\">\n<div id=\"44747543678\" class=\"J_module\">\n<div class=\"detail-decorate-json-renderer-container\" data-reactroot=\"\">\n<div>\n<div>\n<div>\n<div>\n<div class=\"preview-edit-text-editor\" data-reactroot=\"\">\n<div id=\"preview-edit-1\" class=\"content-editor\" tabindex=\"1\" contenteditable=\"true\"><b><\/b><b>Q1 : \u00cates-vous une soci\u00e9t\u00e9 commerciale ou un fabricant ?<\/b><br \/>\nR : Nous sommes une usine.<b>Q2 : Acceptez-vous les OEM ou ODM ?<\/b>A2:Oui, mais nous avons des exigences de quantit\u00e9, veuillez nous contacter directement.<b><br \/>\n<\/b><br \/>\n<b>Q3:Quel est le mode de paiement de votre entreprise ?<\/b><br \/>\nA3:T\/T, L\/C \u00e0 vue, Paypal, Western Union<b>Q4:Quel est le mode d'exp\u00e9dition ?<\/b><br \/>\nA4:Par voie maritime, a\u00e9rienne, Fedex, DHL, UPS, TNT, etc.<b>Q5 : Quel est le d\u00e9lai de livraison ?<\/b><br \/>\nA5 : En g\u00e9n\u00e9ral, le d\u00e9lai est de 5 \u00e0 10 jours si les marchandises sont en stock, ou de 15 \u00e0 20 jours si les marchandises ne sont pas en stock, en fonction de l'\u00e9tat des stocks.<br \/>\nquantit\u00e9.<\/p>\n<p><b>Q6 : Comment est votre service ?<\/b><br \/>\nA6\uff1aDon't worry, we have professionals at your service 24 hours a day.<\/p>\n<p><span style=\"color: #ed1313;\"><b>Si vous avez d'autres questions, n'h\u00e9sitez pas \u00e0 nous contacter.<br \/>\nWhatsapp\/Phone:+8615554111350<\/b><\/span><\/p>\n<div>\n<div><\/div>\n<\/div>\n<\/div>\n<\/div>\n<\/div>\n<\/div>\n<\/div>\n<\/div>\n<\/div>\n<\/div>\n<\/div>\n<div class=\"editor-component-container-mask\"><\/div>\n<\/div>\n<\/div>\n<div class=\"editor-component-row editor-component-row-relative\">\n<div class=\"editor-component-container\">\n<div class=\"previewer-item-wrap\">\n<div id=\"44747543679\" class=\"J_module\">\n<div class=\"icbu-pc-images\" data-reactroot=\"\">\n<div>\n<div class=\"flex-layout-v\">\n<p>&nbsp;<\/p>\n<\/div>\n<\/div>\n<\/div>\n<\/div>\n<\/div>\n<\/div>\n<\/div>","protected":false},"excerpt":{"rendered":"<p>Convoyeur \u00e0 cha\u00eene modulaire pour l'industrie laiti\u00e8re Convoyeur \u00e0 bande \u00e0 usage intensif Convoyeur \u00e0 cha\u00eene \u00e0 palettes Convoyeur \u00e0 bande modulaire pour syst\u00e8me de convoyage<\/p>","protected":false},"featured_media":6671,"template":"","meta":{"_acf_changed":false,"_seopress_robots_primary_cat":"none","_seopress_titles_title":"High Quality White 1775 Flexible Chain Belt Expandable Flexible Belt Conveyor for Milk Industry Special Plastic Modular Belt","_seopress_titles_desc":"Milk Industry Modular Chain Belt Conveyor Heavy Duty Conveyor Belt Keel Chain Belt Modular Belt for Conveyor system","_seopress_robots_index":"","_uag_custom_page_level_css":"","site-sidebar-layout":"default","site-content-layout":"","ast-site-content-layout":"default","site-content-style":"default","site-sidebar-style":"default","ast-global-header-display":"","ast-banner-title-visibility":"","ast-main-header-display":"","ast-hfb-above-header-display":"","ast-hfb-below-header-display":"","ast-hfb-mobile-header-display":"","site-post-title":"","ast-breadcrumbs-content":"","ast-featured-img":"","footer-sml-layout":"","theme-transparent-header-meta":"default","adv-header-id-meta":"","stick-header-meta":"","header-above-stick-meta":"","header-main-stick-meta":"","header-below-stick-meta":"","astra-migrate-meta-layouts":"set","ast-page-background-enabled":"default","ast-page-background-meta":{"desktop":{"background-color":"","background-image":"","background-repeat":"repeat","background-position":"center center","background-size":"auto","background-attachment":"scroll","background-type":"","background-media":"","overlay-type":"","overlay-color":"","overlay-opacity":"","overlay-gradient":""},"tablet":{"background-color":"","background-image":"","background-repeat":"repeat","background-position":"center center","background-size":"auto","background-attachment":"scroll","background-type":"","background-media":"","overlay-type":"","overlay-color":"","overlay-opacity":"","overlay-gradient":""},"mobile":{"background-color":"","background-image":"","background-repeat":"repeat","background-position":"center center","background-size":"auto","background-attachment":"scroll","background-type":"","background-media":"","overlay-type":"","overlay-color":"","overlay-opacity":"","overlay-gradient":""}},"ast-content-background-meta":{"desktop":{"background-color":"var(--ast-global-color-5)","background-image":"","background-repeat":"repeat","background-position":"center center","background-size":"auto","background-attachment":"scroll","background-type":"","background-media":"","overlay-type":"","overlay-color":"","overlay-opacity":"","overlay-gradient":""},"tablet":{"background-color":"var(--ast-global-color-5)","background-image":"","background-repeat":"repeat","background-position":"center center","background-size":"auto","background-attachment":"scroll","background-type":"","background-media":"","overlay-type":"","overlay-color":"","overlay-opacity":"","overlay-gradient":""},"mobile":{"background-color":"var(--ast-global-color-5)","background-image":"","background-repeat":"repeat","background-position":"center center","background-size":"auto","background-attachment":"scroll","background-type":"","background-media":"","overlay-type":"","overlay-color":"","overlay-opacity":"","overlay-gradient":""}}},"product_brand":[131],"product_cat":[99],"product_tag":[929,930,931,932,933],"class_list":{"0":"post-6668","1":"product","2":"type-product","3":"status-publish","4":"has-post-thumbnail","6":"product_brand-chenming","7":"product_cat-flexible-conveyor","8":"product_tag-flexible-chain","9":"product_tag-keel-chain","10":"product_tag-module-belt","11":"product_tag-plastic-chain","12":"product_tag-plastic-key-chain","13":"desktop-align-center","14":"tablet-align-center","15":"mobile-align-left","16":"ast-product-gallery-layout-horizontal-slider","17":"ast-product-tabs-layout-horizontal","18":"ast-qv-on-image","20":"first","21":"instock","22":"sale","23":"shipping-taxable","24":"purchasable","25":"product-type-simple"},"acf":[],"uagb_featured_image_src":{"full":["https:\/\/www.ai-chenming.com\/wp-content\/uploads\/2025\/09\/03313bb6-0711-450f-ba0c-09c6dda07270.png",640,640,false],"thumbnail":["https:\/\/www.ai-chenming.com\/wp-content\/uploads\/2025\/09\/03313bb6-0711-450f-ba0c-09c6dda07270-150x150.png",150,150,true],"medium":["https:\/\/www.ai-chenming.com\/wp-content\/uploads\/2025\/09\/03313bb6-0711-450f-ba0c-09c6dda07270-300x300.png",300,300,true],"medium_large":["https:\/\/www.ai-chenming.com\/wp-content\/uploads\/2025\/09\/03313bb6-0711-450f-ba0c-09c6dda07270.png",640,640,false],"large":["https:\/\/www.ai-chenming.com\/wp-content\/uploads\/2025\/09\/03313bb6-0711-450f-ba0c-09c6dda07270.png",640,640,false],"1536x1536":["https:\/\/www.ai-chenming.com\/wp-content\/uploads\/2025\/09\/03313bb6-0711-450f-ba0c-09c6dda07270.png",640,640,false],"2048x2048":["https:\/\/www.ai-chenming.com\/wp-content\/uploads\/2025\/09\/03313bb6-0711-450f-ba0c-09c6dda07270.png",640,640,false],"trp-custom-language-flag":["https:\/\/www.ai-chenming.com\/wp-content\/uploads\/2025\/09\/03313bb6-0711-450f-ba0c-09c6dda07270-12x12.png",12,12,true],"woocommerce_thumbnail":["https:\/\/www.ai-chenming.com\/wp-content\/uploads\/2025\/09\/03313bb6-0711-450f-ba0c-09c6dda07270-450x450.png",450,450,true],"woocommerce_single":["https:\/\/www.ai-chenming.com\/wp-content\/uploads\/2025\/09\/03313bb6-0711-450f-ba0c-09c6dda07270-600x600.png",600,600,true],"woocommerce_gallery_thumbnail":["https:\/\/www.ai-chenming.com\/wp-content\/uploads\/2025\/09\/03313bb6-0711-450f-ba0c-09c6dda07270-100x100.png",100,100,true]},"uagb_author_info":{"display_name":"chenming","author_link":"https:\/\/www.ai-chenming.com\/fr\/author\/"},"uagb_comment_info":0,"uagb_excerpt":"Milk Industry Modular Chain Belt Conveyor Heavy Duty Conveyor Belt Keel Chain Belt Modular Belt for Conveyor system","_links":{"self":[{"href":"https:\/\/www.ai-chenming.com\/fr\/wp-json\/wp\/v2\/product\/6668","targetHints":{"allow":["GET"]}}],"collection":[{"href":"https:\/\/www.ai-chenming.com\/fr\/wp-json\/wp\/v2\/product"}],"about":[{"href":"https:\/\/www.ai-chenming.com\/fr\/wp-json\/wp\/v2\/types\/product"}],"wp:featuredmedia":[{"embeddable":true,"href":"https:\/\/www.ai-chenming.com\/fr\/wp-json\/wp\/v2\/media\/6671"}],"wp:attachment":[{"href":"https:\/\/www.ai-chenming.com\/fr\/wp-json\/wp\/v2\/media?parent=6668"}],"wp:term":[{"taxonomy":"product_brand","embeddable":true,"href":"https:\/\/www.ai-chenming.com\/fr\/wp-json\/wp\/v2\/product_brand?post=6668"},{"taxonomy":"product_cat","embeddable":true,"href":"https:\/\/www.ai-chenming.com\/fr\/wp-json\/wp\/v2\/product_cat?post=6668"},{"taxonomy":"product_tag","embeddable":true,"href":"https:\/\/www.ai-chenming.com\/fr\/wp-json\/wp\/v2\/product_tag?post=6668"}],"curies":[{"name":"wp","href":"https:\/\/api.w.org\/{rel}","templated":true}]}}