{"id":6498,"date":"2025-09-11T01:57:08","date_gmt":"2025-09-11T01:57:08","guid":{"rendered":"https:\/\/www.ai-chenming.com\/?post_type=product&#038;p=6498"},"modified":"2025-09-15T09:15:35","modified_gmt":"2025-09-15T09:15:35","slug":"small-90-degree-180-degree-belt-turning-machine-ring-conveyor-line-conveyor-system-annular-u-shaped-food-knife-edge-beltconveyor","status":"publish","type":"product","link":"https:\/\/www.ai-chenming.com\/fr\/produit\/small-90-degree-180-degree-belt-turning-machine-ring-conveyor-line-conveyor-system-annular-u-shaped-food-knife-edge-beltconveyor\/","title":{"rendered":"Petite machine de retournement de bande \u00e0 90 degr\u00e9s et 180 degr\u00e9s Ligne de convoyeur \u00e0 anneau Syst\u00e8me de convoyeur \u00e0 bande alimentaire annulaire en forme de U \u00e0 bords tranchants"},"content":{"rendered":"<div class=\"editor-component-row editor-component-row-relative\">\n<div class=\"editor-component-container\">\n<div class=\"previewer-item-wrap\">\n<div id=\"43588645413\" class=\"J_module\">\n<div id=\"ali-anchor-AliMagic-uqs1ll\" data-reactroot=\"\" data-section=\"AliMagic-uqs1ll\" data-section-title=\"Product Overview\" data-spm-anchor-id=\"a2700.pc-decorate.0.i2.253b3333pByOzU\">Aper\u00e7u du produit<\/div>\n<\/div>\n<\/div>\n<div class=\"editor-component-container-mask\">\n<div style=\"width: 720px;\" class=\"wp-video\"><!--[if lt IE 9]><script>document.createElement('video');<\/script><![endif]-->\n<video class=\"wp-video-shortcode\" id=\"video-6498-1\" width=\"720\" height=\"1280\" preload=\"metadata\" controls=\"controls\"><source type=\"video\/mp4\" src=\"https:\/\/www.ai-chenming.com\/wp-content\/uploads\/2025\/09\/6000306592583.mp4?_=1\" \/><a href=\"https:\/\/www.ai-chenming.com\/wp-content\/uploads\/2025\/09\/6000306592583.mp4\">https:\/\/www.ai-chenming.com\/wp-content\/uploads\/2025\/09\/6000306592583.mp4<\/a><\/video><\/div>\n<\/div>\n<\/div>\n<\/div>\n<div class=\"editor-component-row editor-component-row-relative\">\n<div class=\"editor-component-container\">\n<div class=\"previewer-item-wrap\">\n<div id=\"43670513139\" class=\"J_module\">\n<div class=\"detail-decorate-json-renderer-container\" data-reactroot=\"\">\n<div>\n<div>\n<div>\n<div>\n<div class=\"preview-image-edit\">\n<div class=\"preview-edit-image-item\" data-reactroot=\"\"><img alt=\"\" fetchpriority=\"high\" decoding=\"async\" class=\"wp-image-6817 aligncenter\" src=\"https:\/\/www.ai-chenming.com\/wp-content\/uploads\/2025\/09\/16-300x150.png\" width=\"360\" height=\"180\" srcset=\"https:\/\/www.ai-chenming.com\/wp-content\/uploads\/2025\/09\/16-300x150.png 300w, https:\/\/www.ai-chenming.com\/wp-content\/uploads\/2025\/09\/16-1024x512.png 1024w, https:\/\/www.ai-chenming.com\/wp-content\/uploads\/2025\/09\/16-768x384.png 768w, https:\/\/www.ai-chenming.com\/wp-content\/uploads\/2025\/09\/16-18x9.png 18w, https:\/\/www.ai-chenming.com\/wp-content\/uploads\/2025\/09\/16-600x300.png 600w, https:\/\/www.ai-chenming.com\/wp-content\/uploads\/2025\/09\/16.png 1280w\" sizes=\"(max-width: 360px) 100vw, 360px\" \/><\/div>\n<div data-reactroot=\"\">Le convoyeur \u00e0 bande peut transporter une large gamme de mat\u00e9riaux, peut transporter une vari\u00e9t\u00e9 de mat\u00e9riaux en vrac, peut \u00e9galement transporter une vari\u00e9t\u00e9 de cartons, de sacs d'emballage et d'autres marchandises de faible poids, une large gamme d'utilisations. La structure a diff\u00e9rentes formes, telles que la rainure, le plat, l'escalade, la rotation, etc. Le tablier, la barre d'arr\u00eat, la jupe, la tr\u00e9mie et d'autres accessoires peuvent \u00eatre ajout\u00e9s \u00e0 la bande transporteuse. PVC\u3001PU\u3001 caoutchouc, toile et autres mat\u00e9riaux. Transport en douceur, pas de mouvement relatif entre les mat\u00e9riaux et la bande transporteuse, pour \u00e9viter d'endommager les objets transport\u00e9s. Compar\u00e9 \u00e0 d'autres convoyeurs, le bruit est plus faible, convient \u00e0 un environnement de travail calme, structure simple, faible consommation d'\u00e9nergie, entretien facile.<\/div>\n<div data-reactroot=\"\"><img alt=\"\" decoding=\"async\" class=\"wp-image-6755 aligncenter\" src=\"https:\/\/www.ai-chenming.com\/wp-content\/uploads\/2025\/09\/8-2-300x212.png\" width=\"361\" height=\"255\" srcset=\"https:\/\/www.ai-chenming.com\/wp-content\/uploads\/2025\/09\/8-2-300x212.png 300w, https:\/\/www.ai-chenming.com\/wp-content\/uploads\/2025\/09\/8-2-1024x724.png 1024w, https:\/\/www.ai-chenming.com\/wp-content\/uploads\/2025\/09\/8-2-768x543.png 768w, https:\/\/www.ai-chenming.com\/wp-content\/uploads\/2025\/09\/8-2-1536x1086.png 1536w, https:\/\/www.ai-chenming.com\/wp-content\/uploads\/2025\/09\/8-2-2048x1448.png 2048w, https:\/\/www.ai-chenming.com\/wp-content\/uploads\/2025\/09\/8-2-18x12.png 18w, https:\/\/www.ai-chenming.com\/wp-content\/uploads\/2025\/09\/8-2-600x424.png 600w\" sizes=\"(max-width: 361px) 100vw, 361px\" \/><\/div>\n<\/div>\n<p>&nbsp;<\/p>\n<\/div>\n<\/div>\n<div>\n<div class=\"preview-edit-text-editor\" data-reactroot=\"\">\n<div id=\"preview-edit-1\" class=\"content-editor\" tabindex=\"1\" contenteditable=\"true\">D\u00e9tails<\/div>\n<\/div>\n<\/div>\n<div>\n<div data-id=\"paragraph0\">\n<div class=\"preview-edit-text-editor\" data-reactroot=\"\">\n<div id=\"preview-edit-2\" class=\"content-editor\" tabindex=\"1\" contenteditable=\"true\">\n<p><b><span style=\"color: #2196ed;\">1. conception de couteau ultra-tranchant\uff1a<\/span><\/b>Il est dot\u00e9 d'une rectification de pr\u00e9cision qui garantit un transfert de mat\u00e9riau sans faille, \u00e9liminant les bourrages m\u00eame pour les articles fins ou de forme irr\u00e9guli\u00e8re, ce qui est id\u00e9al pour les industries telles que l'emballage et l'\u00e9lectronique.<\/p>\n<p><b><span style=\"color: #2196ed;\">2. Fonctionnement \u00e0 grande vitesse et \u00e9conome en \u00e9nergie\uff1a<\/span><\/b>Il est dot\u00e9 d'un syst\u00e8me de moteur robuste qui permet d'acc\u00e9l\u00e9rer les vitesses de transport de 30% tout en r\u00e9duisant la consommation d'\u00e9nergie jusqu'\u00e0 20%, ce qui permet de r\u00e9duire consid\u00e9rablement les co\u00fbts d'exploitation.<\/p>\n<p><span style=\"color: #2196ed;\"><b>3. Personnalisation polyvalente de la largeur et de la longueur\uff1a<\/b><\/span>Disponibles en largeurs (50mm-1000mm) et longueurs (1m-10m) ajustables pour s'adapter \u00e0 diverses lignes de production, avec des ajouts optionnels tels que des guides lat\u00e9raux et des capteurs pour des solutions sur mesure.<\/p>\n<\/div>\n<\/div>\n<\/div>\n<\/div>\n<\/div>\n<div>\n<div>\n<div>\n<p>&nbsp;<\/p>\n<\/div>\n<\/div>\n<div>\n<div class=\"preview-edit-text-editor\" data-reactroot=\"\">\n<div id=\"preview-edit-3\" class=\"content-editor\" tabindex=\"1\" contenteditable=\"true\">Avantages<\/div>\n<\/div>\n<\/div>\n<div>\n<div data-id=\"paragraph1\">\n<div class=\"preview-edit-text-editor\" data-reactroot=\"\">\n<div id=\"preview-edit-4\" class=\"content-editor\" tabindex=\"1\" contenteditable=\"true\">\n<p><span style=\"color: #2196ed;\"><b>4. Construction durable en acier inoxydable\uff1a<\/b><\/span>Construit en acier inoxydable 304 de qualit\u00e9 alimentaire, r\u00e9sistant \u00e0 la corrosion, \u00e0 l'usure et aux temp\u00e9ratures \u00e9lev\u00e9es - parfait pour l'industrie alimentaire, pharmaceutique et les environnements industriels difficiles.<\/p>\n<p><b><span style=\"color: #2196ed;\">5. entretien facile et installation rapide<\/span><\/b>La conception modulaire permet un d\u00e9montage sans outil ; elle est assortie d'une garantie de 2 ans et d'une assistance technique 24 heures sur 24, 7 jours sur 7, afin de minimiser les temps d'arr\u00eat et d'assurer une fiabilit\u00e9 \u00e0 long terme.<\/p>\n<p><b><span style=\"color: #2196ed;\">6. certifi\u00e9 pour la s\u00e9curit\u00e9 et pr\u00eat pour la conformit\u00e9\uff1a<\/span><\/b>Conforme aux normes CE, FDA et ISO, \u00e9quip\u00e9 de boutons d'arr\u00eat d'urgence et de dispositifs de protection.<br \/>\npour garantir la s\u00e9curit\u00e9 sur le lieu de travail et le respect de la r\u00e9glementation.<\/p>\n<\/div>\n<\/div>\n<\/div>\n<\/div>\n<\/div>\n<\/div>\n<\/div>\n<\/div>\n<\/div>\n<div class=\"editor-component-container-mask\"><\/div>\n<\/div>\n<\/div>\n<div class=\"editor-component-row editor-component-row-relative\">\n<div class=\"editor-component-container\">\n<div class=\"previewer-item-wrap\">\n<div id=\"43588645415\" class=\"J_module\">\n<div id=\"ali-anchor-AliMagic-ihk1it\" data-reactroot=\"\" data-section=\"AliMagic-ihk1it\" data-section-title=\"PRODUCT SPECIFICATIONS\">SP\u00c9CIFICATIONS DU PRODUIT<\/div>\n<\/div>\n<\/div>\n<\/div>\n<\/div>\n<div class=\"editor-component-container-mask\"><\/div>\n<div>\n<table>\n<tbody>\n<tr>\n<td>nom du produit<\/td>\n<td>Bande transporteuse courbe<\/td>\n<\/tr>\n<tr>\n<td>hauteur<\/td>\n<td>personnaliser<\/td>\n<\/tr>\n<tr>\n<td>largeur<\/td>\n<td>personnaliser<\/td>\n<\/tr>\n<tr>\n<td>mat\u00e9riel<\/td>\n<td>Plastique POM PP PA PU PVC<\/td>\n<\/tr>\n<tr>\n<td>vitesse du convoyeur<\/td>\n<td>Bande transporteuse courbe<\/td>\n<\/tr>\n<tr>\n<td>moteur<\/td>\n<td>110V 220V 380V 400V etc.<\/td>\n<\/tr>\n<\/tbody>\n<\/table>\n<\/div>\n<div class=\"editor-component-row editor-component-row-relative\">\n<div class=\"editor-component-container\">\n<div class=\"previewer-item-wrap\">\n<div id=\"43588645429\" class=\"J_module\">\n<div id=\"ali-anchor-AliMagic-sxgvi3\" data-reactroot=\"\" data-section=\"AliMagic-sxgvi3\" data-section-title=\"FAQ\">FAQ<\/div>\n<\/div>\n<\/div>\n<div class=\"editor-component-container-mask\"><\/div>\n<\/div>\n<\/div>\n<div class=\"editor-component-row editor-component-row-relative\">\n<div class=\"editor-component-container\">\n<div class=\"previewer-item-wrap\">\n<div id=\"43588645430\" class=\"J_module\">\n<div class=\"detail-decorate-json-renderer-container\" data-reactroot=\"\">\n<div>\n<div>\n<div>\n<div>\n<div class=\"preview-edit-text-editor\" data-reactroot=\"\">1. qui sommes-nous ?<\/div>\n<div class=\"preview-edit-text-editor\" data-reactroot=\"\">Nous sommes bas\u00e9s dans la province de Shandong, en Chine, depuis 2018. Nous vendons \u00e0 diverses r\u00e9gions du monde, telles que l'Europe, l'Am\u00e9rique du Nord et l'Asie du Sud-Est. Il y a environ 20 personnes dans notre entreprise, y compris des \u00e9quipes professionnelles de R &amp; D, de production, de vente et de service apr\u00e8s-vente.<\/div>\n<div data-reactroot=\"\"><\/div>\n<div class=\"preview-edit-text-editor\" data-reactroot=\"\">2. Comment pouvons-nous garantir la qualit\u00e9 ?<\/div>\n<div class=\"preview-edit-text-editor\" data-reactroot=\"\">\n<p>Toujours un \u00e9chantillon de pr\u00e9production avant la production de masse ; cet \u00e9chantillon est strictement test\u00e9 conform\u00e9ment aux normes internationales et industrielles afin de garantir que tous les d\u00e9tails r\u00e9pondent aux exigences. Toujours une inspection finale avant l'exp\u00e9dition ; notre \u00e9quipe de contr\u00f4le de la qualit\u00e9 proc\u00e8de \u00e0 une inspection compl\u00e8te de chaque lot de produits, en v\u00e9rifiant qu'il n'y a pas de d\u00e9fauts d'apparence, de taille et de fonctionnalit\u00e9.<\/p>\n<div><\/div>\n<div>3. Pourquoi devriez-vous acheter chez nous plut\u00f4t que chez d'autres fournisseurs ?<\/div>\n<div>- Des prix comp\u00e9titifs : Gr\u00e2ce \u00e0 une gestion efficace de la production et \u00e0 un approvisionnement \u00e0 grande \u00e9chelle en mati\u00e8res premi\u00e8res, nous pouvons proposer des produits \u00e0 des prix plus avantageux que ceux de nombreux concurrents. - Produits de haute qualit\u00e9 : Gr\u00e2ce \u00e0 des processus stricts de contr\u00f4le de la qualit\u00e9, de la production \u00e0 l'exp\u00e9dition, nos produits sont tr\u00e8s fiables et offrent des performances \u00e0 long terme. - Excellent service apr\u00e8s-vente : Notre \u00e9quipe professionnelle de service apr\u00e8s-vente est pr\u00eate \u00e0 r\u00e9soudre tous les probl\u00e8mes que vous rencontrez, \u00e0 fournir une assistance technique en temps voulu et \u00e0 assurer la maintenance des produits.<\/div>\n<div><\/div>\n<div>4. quels services pouvons-nous fournir ?<\/div>\n<div>- Conditions de livraison accept\u00e9es : FOB (Qingdao), CIF, EXW, etc.<\/div>\n<div>- Devise de paiement accept\u00e9e : USD, EUR, CNY etc.<\/div>\n<div>- Types de paiement accept\u00e9s : T\/T (transfert t\u00e9l\u00e9graphique), L\/C (lettre de cr\u00e9dit), PayPal, etc.<\/div>\n<\/div>\n<\/div>\n<\/div>\n<\/div>\n<\/div>\n<\/div>\n<\/div>\n<\/div>\n<\/div>\n<\/div>","protected":false},"excerpt":{"rendered":"<p>Petite lame alimentaire annulaire en forme de U angle droit 90 degr\u00e9s 180 degr\u00e9s machine de retournement pour convoyeur \u00e0 bande lame alimentaire<\/p>","protected":false},"featured_media":6524,"template":"","meta":{"_acf_changed":false,"_seopress_robots_primary_cat":"none","_seopress_titles_title":"","_seopress_titles_desc":"","_seopress_robots_index":"","_uag_custom_page_level_css":"","site-sidebar-layout":"default","site-content-layout":"","ast-site-content-layout":"default","site-content-style":"default","site-sidebar-style":"default","ast-global-header-display":"","ast-banner-title-visibility":"","ast-main-header-display":"","ast-hfb-above-header-display":"","ast-hfb-below-header-display":"","ast-hfb-mobile-header-display":"","site-post-title":"","ast-breadcrumbs-content":"","ast-featured-img":"","footer-sml-layout":"","theme-transparent-header-meta":"default","adv-header-id-meta":"","stick-header-meta":"","header-above-stick-meta":"","header-main-stick-meta":"","header-below-stick-meta":"","astra-migrate-meta-layouts":"set","ast-page-background-enabled":"default","ast-page-background-meta":{"desktop":{"background-color":"","background-image":"","background-repeat":"repeat","background-position":"center center","background-size":"auto","background-attachment":"scroll","background-type":"","background-media":"","overlay-type":"","overlay-color":"","overlay-opacity":"","overlay-gradient":""},"tablet":{"background-color":"","background-image":"","background-repeat":"repeat","background-position":"center center","background-size":"auto","background-attachment":"scroll","background-type":"","background-media":"","overlay-type":"","overlay-color":"","overlay-opacity":"","overlay-gradient":""},"mobile":{"background-color":"","background-image":"","background-repeat":"repeat","background-position":"center center","background-size":"auto","background-attachment":"scroll","background-type":"","background-media":"","overlay-type":"","overlay-color":"","overlay-opacity":"","overlay-gradient":""}},"ast-content-background-meta":{"desktop":{"background-color":"var(--ast-global-color-5)","background-image":"","background-repeat":"repeat","background-position":"center center","background-size":"auto","background-attachment":"scroll","background-type":"","background-media":"","overlay-type":"","overlay-color":"","overlay-opacity":"","overlay-gradient":""},"tablet":{"background-color":"var(--ast-global-color-5)","background-image":"","background-repeat":"repeat","background-position":"center center","background-size":"auto","background-attachment":"scroll","background-type":"","background-media":"","overlay-type":"","overlay-color":"","overlay-opacity":"","overlay-gradient":""},"mobile":{"background-color":"var(--ast-global-color-5)","background-image":"","background-repeat":"repeat","background-position":"center center","background-size":"auto","background-attachment":"scroll","background-type":"","background-media":"","overlay-type":"","overlay-color":"","overlay-opacity":"","overlay-gradient":""}}},"product_brand":[131],"product_cat":[96],"product_tag":[902,900,904,903,901,905,356],"class_list":{"0":"post-6498","1":"product","2":"type-product","3":"status-publish","4":"has-post-thumbnail","6":"product_brand-chenming","7":"product_cat-belt-conveyor","8":"product_tag-customized-curve-conveyor-belt-180-curve-conveyor-belt-90-curve-conveyor-belt-quarter-angle-turn","9":"product_tag-food-line-90-degree-belt-turning-machine-knife-edge-180-degree-turning-equipment","10":"product_tag-plastic-curve-conveyor-belt","11":"product_tag-pu-material-conveyor-system","12":"product_tag-small-90-degree-180-degree-belt-turning-machine-circular-conveyor-line-item-transfer-equipment","13":"product_tag-transportation-equipment","14":"product_tag-used-conveyor-system","15":"desktop-align-center","16":"tablet-align-center","17":"mobile-align-left","18":"ast-product-gallery-layout-horizontal-slider","19":"ast-product-tabs-layout-horizontal","20":"ast-qv-on-image","22":"first","23":"instock","24":"shipping-taxable","25":"product-type-simple"},"acf":[],"uagb_featured_image_src":{"full":["https:\/\/www.ai-chenming.com\/wp-content\/uploads\/2025\/09\/cbe23c25-f190-4793-9943-15306ea92533.png",640,640,false],"thumbnail":["https:\/\/www.ai-chenming.com\/wp-content\/uploads\/2025\/09\/cbe23c25-f190-4793-9943-15306ea92533-150x150.png",150,150,true],"medium":["https:\/\/www.ai-chenming.com\/wp-content\/uploads\/2025\/09\/cbe23c25-f190-4793-9943-15306ea92533-300x300.png",300,300,true],"medium_large":["https:\/\/www.ai-chenming.com\/wp-content\/uploads\/2025\/09\/cbe23c25-f190-4793-9943-15306ea92533.png",640,640,false],"large":["https:\/\/www.ai-chenming.com\/wp-content\/uploads\/2025\/09\/cbe23c25-f190-4793-9943-15306ea92533.png",640,640,false],"1536x1536":["https:\/\/www.ai-chenming.com\/wp-content\/uploads\/2025\/09\/cbe23c25-f190-4793-9943-15306ea92533.png",640,640,false],"2048x2048":["https:\/\/www.ai-chenming.com\/wp-content\/uploads\/2025\/09\/cbe23c25-f190-4793-9943-15306ea92533.png",640,640,false],"trp-custom-language-flag":["https:\/\/www.ai-chenming.com\/wp-content\/uploads\/2025\/09\/cbe23c25-f190-4793-9943-15306ea92533-12x12.png",12,12,true],"woocommerce_thumbnail":["https:\/\/www.ai-chenming.com\/wp-content\/uploads\/2025\/09\/cbe23c25-f190-4793-9943-15306ea92533-450x450.png",450,450,true],"woocommerce_single":["https:\/\/www.ai-chenming.com\/wp-content\/uploads\/2025\/09\/cbe23c25-f190-4793-9943-15306ea92533-600x600.png",600,600,true],"woocommerce_gallery_thumbnail":["https:\/\/www.ai-chenming.com\/wp-content\/uploads\/2025\/09\/cbe23c25-f190-4793-9943-15306ea92533-100x100.png",100,100,true]},"uagb_author_info":{"display_name":"chenming","author_link":"https:\/\/www.ai-chenming.com\/fr\/author\/"},"uagb_comment_info":0,"uagb_excerpt":"Small Annular U-shaped food blade right angle 90 degree 180 degree belt conveyor turning machine food knife-edge belt conveyor","_links":{"self":[{"href":"https:\/\/www.ai-chenming.com\/fr\/wp-json\/wp\/v2\/product\/6498","targetHints":{"allow":["GET"]}}],"collection":[{"href":"https:\/\/www.ai-chenming.com\/fr\/wp-json\/wp\/v2\/product"}],"about":[{"href":"https:\/\/www.ai-chenming.com\/fr\/wp-json\/wp\/v2\/types\/product"}],"wp:featuredmedia":[{"embeddable":true,"href":"https:\/\/www.ai-chenming.com\/fr\/wp-json\/wp\/v2\/media\/6524"}],"wp:attachment":[{"href":"https:\/\/www.ai-chenming.com\/fr\/wp-json\/wp\/v2\/media?parent=6498"}],"wp:term":[{"taxonomy":"product_brand","embeddable":true,"href":"https:\/\/www.ai-chenming.com\/fr\/wp-json\/wp\/v2\/product_brand?post=6498"},{"taxonomy":"product_cat","embeddable":true,"href":"https:\/\/www.ai-chenming.com\/fr\/wp-json\/wp\/v2\/product_cat?post=6498"},{"taxonomy":"product_tag","embeddable":true,"href":"https:\/\/www.ai-chenming.com\/fr\/wp-json\/wp\/v2\/product_tag?post=6498"}],"curies":[{"name":"wp","href":"https:\/\/api.w.org\/{rel}","templated":true}]}}