{"id":6448,"date":"2025-09-10T07:36:26","date_gmt":"2025-09-10T07:36:26","guid":{"rendered":"https:\/\/www.ai-chenming.com\/?post_type=product&#038;p=6448"},"modified":"2025-09-16T01:20:03","modified_gmt":"2025-09-16T01:20:03","slug":"conveyor-belts-of-stainless-steel-heat-resistant-products-are-suitable-for-packing-machines-high-temperature-conveyor-belt","status":"publish","type":"product","link":"https:\/\/www.ai-chenming.com\/fr\/produit\/conveyor-belts-of-stainless-steel-heat-resistant-products-are-suitable-for-packing-machines-high-temperature-conveyor-belt\/","title":{"rendered":"Bandes transporteuses en acier inoxydable Les produits r\u00e9sistants \u00e0 la chaleur conviennent aux machines d'emballage Bandes transporteuses \u00e0 haute temp\u00e9rature"},"content":{"rendered":"<div class=\"editor-component-row editor-component-row-relative\">\n<div class=\"editor-component-container\">\n<div class=\"previewer-item-wrap\">\n<div id=\"45377022133\" class=\"J_module\">\n<div id=\"ali-anchor-AliMagic-dxftke\" data-reactroot=\"\" data-section=\"AliMagic-dxftke\" data-section-title=\"Product Overview\" data-spm-anchor-id=\"a2700.pc-decorate.0.i2.9af93333ojMjPG\">Aper\u00e7u du produit<\/div>\n<\/div>\n<\/div>\n<div class=\"editor-component-container-mask\"><img alt=\"\" fetchpriority=\"high\" decoding=\"async\" class=\"wp-image-6838 aligncenter\" src=\"https:\/\/www.ai-chenming.com\/wp-content\/uploads\/2025\/09\/22-300x150.png\" width=\"362\" height=\"181\" srcset=\"https:\/\/www.ai-chenming.com\/wp-content\/uploads\/2025\/09\/22-300x150.png 300w, https:\/\/www.ai-chenming.com\/wp-content\/uploads\/2025\/09\/22-1024x512.png 1024w, https:\/\/www.ai-chenming.com\/wp-content\/uploads\/2025\/09\/22-768x384.png 768w, https:\/\/www.ai-chenming.com\/wp-content\/uploads\/2025\/09\/22-18x9.png 18w, https:\/\/www.ai-chenming.com\/wp-content\/uploads\/2025\/09\/22-600x300.png 600w, https:\/\/www.ai-chenming.com\/wp-content\/uploads\/2025\/09\/22.png 1280w\" sizes=\"(max-width: 362px) 100vw, 362px\" \/><\/div>\n<div>Le convoyeur \u00e0 bande peut transporter une large gamme de mat\u00e9riaux, peut transporter une vari\u00e9t\u00e9 de mat\u00e9riaux en vrac, peut \u00e9galement transporter une vari\u00e9t\u00e9 de cartons, de sacs d'emballage et d'autres marchandises de faible poids, une large gamme d'utilisations. La structure a diff\u00e9rentes formes, telles que la rainure, le plat, l'escalade, la rotation, etc. Le tablier, la barre d'arr\u00eat, la jupe, la tr\u00e9mie et d'autres accessoires peuvent \u00eatre ajout\u00e9s \u00e0 la bande transporteuse. PVC\u3001PU\u3001 caoutchouc, toile et autres mat\u00e9riaux. Transport en douceur, pas de mouvement relatif entre les mat\u00e9riaux et la bande transporteuse, pour \u00e9viter d'endommager les objets transport\u00e9s. Compar\u00e9 \u00e0 d'autres convoyeurs, le bruit est plus faible, convient \u00e0 un environnement de travail calme, structure simple, faible consommation d'\u00e9nergie, entretien facile.<\/div>\n<div><img alt=\"\" decoding=\"async\" class=\"wp-image-6755 aligncenter\" src=\"https:\/\/www.ai-chenming.com\/wp-content\/uploads\/2025\/09\/8-2-300x212.png\" width=\"365\" height=\"258\" srcset=\"https:\/\/www.ai-chenming.com\/wp-content\/uploads\/2025\/09\/8-2-300x212.png 300w, https:\/\/www.ai-chenming.com\/wp-content\/uploads\/2025\/09\/8-2-1024x724.png 1024w, https:\/\/www.ai-chenming.com\/wp-content\/uploads\/2025\/09\/8-2-768x543.png 768w, https:\/\/www.ai-chenming.com\/wp-content\/uploads\/2025\/09\/8-2-1536x1086.png 1536w, https:\/\/www.ai-chenming.com\/wp-content\/uploads\/2025\/09\/8-2-2048x1448.png 2048w, https:\/\/www.ai-chenming.com\/wp-content\/uploads\/2025\/09\/8-2-18x12.png 18w, https:\/\/www.ai-chenming.com\/wp-content\/uploads\/2025\/09\/8-2-600x424.png 600w\" sizes=\"(max-width: 365px) 100vw, 365px\" \/><\/div>\n<\/div>\n<\/div>\n<div class=\"editor-component-row editor-component-row-relative\">\n<div class=\"editor-component-container\">\n<div class=\"previewer-item-wrap\">\n<div id=\"45377022134\" class=\"J_module\">\n<div class=\"detail-decorate-json-renderer-container\" data-reactroot=\"\">\n<div>\n<div>\n<div class=\"preview-edit-text-editor\" data-reactroot=\"\">\n<div id=\"preview-edit-1\" class=\"content-editor\" tabindex=\"1\" contenteditable=\"true\">d\u00e9tails<\/div>\n<\/div>\n<\/div>\n<div>\n<div data-id=\"paragraph0\">\n<div class=\"preview-edit-text-editor\" data-reactroot=\"\">\n<div id=\"preview-edit-2\" class=\"content-editor\" tabindex=\"1\" contenteditable=\"true\">\n<p><b><span style=\"color: #2196ed;\">1. mat\u00e9riau durable\uff1a<\/span><\/b>Thermoplastique de haute qualit\u00e9, avec une grande r\u00e9sistance \u00e0 l'usure et \u00e0 la corrosion. Longue dur\u00e9e de vie dans des conditions difficiles.<\/p>\n<p><b><span style=\"color: #2196ed;\">2. transport en douceur\uff1a<\/span><\/b>Dessus plat \u00e0 faible frottement. Permet un transport stable et en douceur, en minimisant les dommages au produit.<\/p>\n<p><b><span style=\"color: #2196ed;\">3.Charge \u00e9lev\u00e9e - Palier\uff1a<\/span><\/b>Transporte des charges importantes, convient pour les marchandises lourdes dans divers secteurs d'activit\u00e9.<\/p>\n<div>\n<div><span style=\"font-size: 16px;\">Avantages<\/span><\/div>\n<\/div>\n<\/div>\n<\/div>\n<\/div>\n<\/div>\n<\/div>\n<div>\n<div>\n<div data-id=\"paragraph1\">\n<div class=\"preview-edit-text-editor\" data-reactroot=\"\">\n<div id=\"preview-edit-4\" class=\"content-editor\" tabindex=\"1\" contenteditable=\"true\">\n<p><b><span style=\"color: #2196ed;\">4. une mise en page flexible\uff1a<\/span><\/b>S'adapte facilement aux syst\u00e8mes de convoyage horizontaux, inclin\u00e9s et incurv\u00e9s. Offre une grande souplesse de conception.<\/p>\n<p><b><span style=\"color: #2196ed;\">5. entretien facile\uff1a<\/span><\/b>Le thermoplastique est facile \u00e0 nettoyer. La structure simple r\u00e9duit le temps et les co\u00fbts d'entretien.<\/p>\n<p><b><span style=\"color: #2196ed;\">6.Transmission pr\u00e9cise\uff1a<\/span><\/b>Garantit une vitesse pr\u00e9cise et stable pour une manipulation pr\u00e9cise des mat\u00e9riaux.<\/p>\n<\/div>\n<\/div>\n<\/div>\n<\/div>\n<\/div>\n<\/div>\n<\/div>\n<\/div>\n<\/div>\n<\/div>\n<div class=\"editor-component-row editor-component-row-relative\">\n<div class=\"editor-component-container\">\n<div class=\"previewer-item-wrap\">\n<div id=\"45377022136\" class=\"J_module\">\n<div id=\"ali-anchor-AliMagic-n0yq3q\" data-reactroot=\"\" data-section=\"AliMagic-n0yq3q\" data-section-title=\"PRODUCT SPECIFICATIONS\">SP\u00c9CIFICATIONS DU PRODUIT<\/div>\n<\/div>\n<\/div>\n<div class=\"editor-component-container-mask\"><\/div>\n<\/div>\n<\/div>\n<div class=\"editor-component-row editor-component-row-relative\">\n<div class=\"editor-component-container\">\n<div class=\"previewer-item-wrap\">\n<div id=\"45377022137\" class=\"J_module\">\n<div class=\"ife-detail-decorate-table\" data-reactroot=\"\">\n<table>\n<tbody>\n<tr>\n<td>Nom du produit<\/td>\n<td>convoyeur \u00e0 bande<\/td>\n<\/tr>\n<tr>\n<td>Industries concern\u00e9es<\/td>\n<td>Logistique \/Alimentation\/boissonFabrication Agriculture<\/td>\n<\/tr>\n<tr>\n<td>\u00c9tat<\/td>\n<td>Nouveau<\/td>\n<\/tr>\n<tr>\n<td>Puissance<\/td>\n<td>220V<\/td>\n<\/tr>\n<tr>\n<td>Mat\u00e9riau<\/td>\n<td>Plastique POM PP PA<\/td>\n<\/tr>\n<tr>\n<td>Colo<\/td>\n<td>Offrir des services personnalis\u00e9s<\/td>\n<\/tr>\n<tr>\n<td>Charge de travail<\/td>\n<td>2500N\/m<\/td>\n<\/tr>\n<tr>\n<td>Certification<\/td>\n<td>ISO<\/td>\n<\/tr>\n<tr>\n<td>Vitesse du convoyeur<\/td>\n<td>0,1~5m\/s<\/td>\n<\/tr>\n<tr>\n<td>Taux d'ouverture<\/td>\n<td>0%<\/td>\n<\/tr>\n<tr>\n<td>Poids<\/td>\n<td>0.5\/\u33a1<\/td>\n<\/tr>\n<tr>\n<td>Paiements<\/td>\n<td>T\/T<\/td>\n<\/tr>\n<tr>\n<td>P\u00e9riode de garantie<\/td>\n<td>1 an<\/td>\n<\/tr>\n<\/tbody>\n<\/table>\n<\/div>\n<\/div>\n<\/div>\n<\/div>\n<\/div>\n<div class=\"editor-component-row editor-component-row-relative\">\n<div class=\"editor-component-container\">\n<div class=\"previewer-item-wrap\">\n<div id=\"45377022139\" class=\"J_module\">\n<div id=\"ali-anchor-AliMagic-wl8yxr\" data-reactroot=\"\" data-section=\"AliMagic-wl8yxr\" data-section-title=\"Product Overview\">Aper\u00e7u du produit<\/div>\n<div data-reactroot=\"\" data-section=\"AliMagic-wl8yxr\" data-section-title=\"Product Overview\"><span style=\"color: #000000; font-size: 16px;\">d\u00e9tails<\/span><\/div>\n<\/div>\n<\/div>\n<\/div>\n<\/div>\n<div class=\"editor-component-row editor-component-row-relative\">\n<div class=\"editor-component-container\">\n<div class=\"previewer-item-wrap\">\n<div id=\"45377022140\" class=\"J_module\">\n<div class=\"detail-decorate-json-renderer-container\" data-reactroot=\"\">\n<div>\n<div>\n<div data-id=\"paragraph0\">\n<div class=\"preview-edit-text-editor\" data-reactroot=\"\">\n<div id=\"preview-edit-6\" class=\"content-editor\" tabindex=\"1\" contenteditable=\"true\">\n<p><b><span style=\"color: #2196ed;\">Mat\u00e9riau de qualit\u00e9 sup\u00e9rieure, durabilit\u00e9 \u00e0 long terme : <\/span><\/b><\/p>\n<div>Fabriqu\u00e9 \u00e0 partir de mat\u00e9riaux plastiques de premi\u00e8re qualit\u00e9, il pr\u00e9sente une structure robuste et stable, d'une excellente durabilit\u00e9. Il peut fonctionner de mani\u00e8re stable pendant une p\u00e9riode prolong\u00e9e, ce qui r\u00e9duit efficacement la fr\u00e9quence des remplacements et le co\u00fbt global pour les utilisateurs. <b><span style=\"color: #2196ed;\">Conception modulaire, pratique et sans souci : <\/span><\/b><\/div>\n<div>\n<p>Con\u00e7u selon un concept modulaire, il facilite et simplifie le processus d'installation. En cours de fonctionnement, la maintenance est \u00e9galement plus simple, ce qui r\u00e9duit consid\u00e9rablement les temps d'arr\u00eat et constitue une garantie solide pour une production continue. Bonne adaptabilit\u00e9 \u00e0 l'industrie : Il peut fonctionner correctement dans diverses industries telles que l'industrie alimentaire, avec une large applicabilit\u00e9, et peut r\u00e9pondre aux divers besoins en mati\u00e8re de transport inclin\u00e9 de mat\u00e9riaux de diff\u00e9rentes industries.<\/p>\n<div>\n<div><span style=\"font-size: 16px;\">Avantages<\/span><\/div>\n<\/div>\n<\/div>\n<\/div>\n<\/div>\n<\/div>\n<\/div>\n<\/div>\n<div>\n<div>\n<div data-id=\"paragraph1\">\n<div class=\"preview-edit-text-editor\" data-reactroot=\"\">\n<div id=\"preview-edit-8\" class=\"content-editor\" tabindex=\"1\" contenteditable=\"true\">\n<p><b><span style=\"color: #2196ed;\">Robuste et durable, capacit\u00e9 de charge \u00e9lev\u00e9e : <\/span><\/b><\/p>\n<div>Fabriqu\u00e9 en plastique de haute qualit\u00e9, il a une forte capacit\u00e9 de charge et peut supporter de lourdes charges. Sa construction robuste r\u00e9siste efficacement \u00e0 l'usure, ce qui lui permet d'avoir une longue dur\u00e9e de vie, m\u00eame dans des conditions industrielles difficiles.<\/div>\n<div><\/div>\n<div><b><span style=\"color: #2196ed;\">environnements. - Flexible et facile \u00e0 personnaliser : <\/span><\/b><\/div>\n<div>Sa conception modulaire unique lui conf\u00e8re une grande flexibilit\u00e9. Il est<br \/>\npeut \u00eatre facilement personnalis\u00e9 en fonction des diff\u00e9rents syst\u00e8mes de convoyage et de l'agencement des lignes de production. Qu'il s'agisse de modifier la longueur ou<br \/>\ns'adapter \u00e0 des exigences d'installation et d'ajustement complexes, il peut les g\u00e9rer avec facilit\u00e9.<\/div>\n<\/div>\n<\/div>\n<\/div>\n<\/div>\n<\/div>\n<\/div>\n<\/div>\n<\/div>\n<div class=\"editor-component-container-mask\"><\/div>\n<\/div>\n<\/div>\n<div class=\"editor-component-row editor-component-row-relative\">\n<div class=\"editor-component-container\">\n<div class=\"previewer-item-wrap\">\n<div id=\"45377022141\" class=\"J_module\">\n<div id=\"ali-anchor-AliMagic-ljw6da\" data-reactroot=\"\" data-section=\"AliMagic-ljw6da\" data-section-title=\"PRODUCT SPECIFICATIONS\">SP\u00c9CIFICATIONS DU PRODUIT<\/div>\n<\/div>\n<\/div>\n<div class=\"editor-component-container-mask\"><\/div>\n<\/div>\n<\/div>\n<div class=\"editor-component-row editor-component-row-relative\">\n<div class=\"editor-component-container\">\n<div class=\"previewer-item-wrap\">\n<div id=\"45377022142\" class=\"J_module\">\n<div class=\"ife-detail-decorate-table\" data-reactroot=\"\">\n<table>\n<tbody>\n<tr>\n<td>nom du produit<\/td>\n<td>Points forts du convoyeur \u00e0 bande plastique modulaire \u00e0 usage intensif<\/td>\n<\/tr>\n<tr>\n<td>couleur<\/td>\n<td>\u00a0Offrir des services personnalis\u00e9s<\/td>\n<\/tr>\n<tr>\n<td>p\u00e9riode de garantie<\/td>\n<td>1 an<\/td>\n<\/tr>\n<tr>\n<td>Utilisation pour<\/td>\n<td>\u00a0 alimentation\/boissons\/industries logistiques transport.<\/td>\n<\/tr>\n<tr>\n<td>\u00c9tat<\/td>\n<td>Nouveau<\/td>\n<\/tr>\n<tr>\n<td>largeur<\/td>\n<td>personnaliser<\/td>\n<\/tr>\n<tr>\n<td>mat\u00e9riel<\/td>\n<td>Plastique POM PP PA<\/td>\n<\/tr>\n<tr>\n<td>vitesse du convoyeur<\/td>\n<td>0,1~5m\/s<\/td>\n<\/tr>\n<tr>\n<td>taux d'ouverture<\/td>\n<td>0%<\/td>\n<\/tr>\n<tr>\n<td>Poids<\/td>\n<td>0.5\/\u33a1<\/td>\n<\/tr>\n<tr>\n<td>paiement<\/td>\n<td>Tous les modes de paiement sont accept\u00e9s.<\/td>\n<\/tr>\n<\/tbody>\n<\/table>\n<\/div>\n<\/div>\n<\/div>\n<\/div>\n<\/div>\n<div class=\"editor-component-row editor-component-row-relative\">\n<div class=\"editor-component-container\">\n<div class=\"editor-component-container-mask\"><\/div>\n<\/div>\n<\/div>\n<div class=\"editor-component-row editor-component-row-relative\">\n<div class=\"editor-component-container\">\n<div class=\"previewer-item-wrap\">\n<div id=\"45377022161\" class=\"J_module\">\n<div id=\"ali-anchor-AliMagic-d92fpi\" data-reactroot=\"\" data-section=\"AliMagic-d92fpi\" data-section-title=\"FAQ\">FAQ<\/div>\n<\/div>\n<\/div>\n<div class=\"editor-component-container-mask\"><\/div>\n<\/div>\n<\/div>\n<div class=\"editor-component-row editor-component-row-relative\">\n<div class=\"editor-component-container\">\n<div class=\"previewer-item-wrap\">\n<div id=\"45377022162\" class=\"J_module\">\n<div class=\"detail-decorate-json-renderer-container\" data-reactroot=\"\">\n<div>\n<div>\n<div>\n<div>\n<div class=\"preview-edit-text-editor\" data-reactroot=\"\">1. qui sommes-nous ?<\/div>\n<div class=\"preview-edit-text-editor\" data-reactroot=\"\">Nous sommes bas\u00e9s dans la province de Shandong, en Chine, depuis 2018. Nous vendons \u00e0 diverses r\u00e9gions du monde, telles que l'Europe, l'Am\u00e9rique du Nord et l'Asie du Sud-Est. Il y a environ 20 personnes dans notre entreprise, y compris des \u00e9quipes professionnelles de R &amp; D, de production, de vente et de service apr\u00e8s-vente.<\/div>\n<div data-reactroot=\"\"><\/div>\n<div class=\"preview-edit-text-editor\" data-reactroot=\"\">2. Comment pouvons-nous garantir la qualit\u00e9 ?<\/div>\n<div class=\"preview-edit-text-editor\" data-reactroot=\"\">\n<p>Toujours un \u00e9chantillon de pr\u00e9production avant la production de masse ; cet \u00e9chantillon est strictement test\u00e9 conform\u00e9ment aux normes internationales et industrielles afin de garantir que tous les d\u00e9tails r\u00e9pondent aux exigences. Toujours une inspection finale avant l'exp\u00e9dition ; notre \u00e9quipe de contr\u00f4le de la qualit\u00e9 proc\u00e8de \u00e0 une inspection compl\u00e8te de chaque lot de produits, en v\u00e9rifiant qu'il n'y a pas de d\u00e9fauts d'apparence, de taille et de fonctionnalit\u00e9.<\/p>\n<div>\n<div>3. Pourquoi devriez-vous acheter chez nous plut\u00f4t que chez d'autres fournisseurs ?<\/div>\n<div>Des prix comp\u00e9titifs : Gr\u00e2ce \u00e0 une gestion efficace de la production et \u00e0 un approvisionnement \u00e0 grande \u00e9chelle en mati\u00e8res premi\u00e8res, nous pouvons proposer des produits \u00e0 des prix plus avantageux que ceux de nombreux concurrents. Produits de haute qualit\u00e9 : Gr\u00e2ce \u00e0 des processus stricts de contr\u00f4le de la qualit\u00e9, de la production \u00e0 l'exp\u00e9dition, nos produits sont tr\u00e8s fiables et offrent des performances \u00e0 long terme. Excellent service apr\u00e8s-vente : Notre \u00e9quipe professionnelle de service apr\u00e8s-vente est pr\u00eate \u00e0 r\u00e9soudre tous les probl\u00e8mes que vous rencontrez, \u00e0 fournir une assistance technique en temps voulu et \u00e0 assurer la maintenance des produits.<\/div>\n<div><\/div>\n<div>4. quels services pouvons-nous fournir ?<\/div>\n<div>Conditions de livraison accept\u00e9es : FOB (Qingdao), CIF, EXW, etc.<\/div>\n<div>Devise de paiement accept\u00e9e : USD, EUR, CNY etc.<\/div>\n<div>Types de paiement accept\u00e9s : T\/T (transfert t\u00e9l\u00e9graphique), L\/C (lettre de cr\u00e9dit), PayPal, etc.<\/div>\n<\/div>\n<\/div>\n<\/div>\n<\/div>\n<\/div>\n<\/div>\n<\/div>\n<\/div>\n<\/div>\n<\/div>\n<\/div>","protected":false},"excerpt":{"rendered":"<p>Syst\u00e8me de bande transporteuse modulaire en plastique Bande transporteuse m\u00e9tallique Convoyeur \u00e0 bande ascendante \u00e0 fr\u00e9quence variable Convoyeur \u00e0 bande d'alimentation<\/p>","protected":false},"featured_media":6451,"template":"","meta":{"_acf_changed":false,"_seopress_robots_primary_cat":"none","_seopress_titles_title":"Conveyor Belts of Stainless Steel Heat Resistant Products Are Suitable for Packing Machines High Temperature Conveyor Belt","_seopress_titles_desc":"Plastic Modular Conveyor Belt System metal conveyor belt Variable Frequency Climbing Belt Conveyor conveyor belt feeder","_seopress_robots_index":"","_uag_custom_page_level_css":"","site-sidebar-layout":"default","site-content-layout":"","ast-site-content-layout":"default","site-content-style":"default","site-sidebar-style":"default","ast-global-header-display":"","ast-banner-title-visibility":"","ast-main-header-display":"","ast-hfb-above-header-display":"","ast-hfb-below-header-display":"","ast-hfb-mobile-header-display":"","site-post-title":"","ast-breadcrumbs-content":"","ast-featured-img":"","footer-sml-layout":"","theme-transparent-header-meta":"default","adv-header-id-meta":"","stick-header-meta":"","header-above-stick-meta":"","header-main-stick-meta":"","header-below-stick-meta":"","astra-migrate-meta-layouts":"set","ast-page-background-enabled":"default","ast-page-background-meta":{"desktop":{"background-color":"","background-image":"","background-repeat":"repeat","background-position":"center center","background-size":"auto","background-attachment":"scroll","background-type":"","background-media":"","overlay-type":"","overlay-color":"","overlay-opacity":"","overlay-gradient":""},"tablet":{"background-color":"","background-image":"","background-repeat":"repeat","background-position":"center center","background-size":"auto","background-attachment":"scroll","background-type":"","background-media":"","overlay-type":"","overlay-color":"","overlay-opacity":"","overlay-gradient":""},"mobile":{"background-color":"","background-image":"","background-repeat":"repeat","background-position":"center center","background-size":"auto","background-attachment":"scroll","background-type":"","background-media":"","overlay-type":"","overlay-color":"","overlay-opacity":"","overlay-gradient":""}},"ast-content-background-meta":{"desktop":{"background-color":"var(--ast-global-color-5)","background-image":"","background-repeat":"repeat","background-position":"center center","background-size":"auto","background-attachment":"scroll","background-type":"","background-media":"","overlay-type":"","overlay-color":"","overlay-opacity":"","overlay-gradient":""},"tablet":{"background-color":"var(--ast-global-color-5)","background-image":"","background-repeat":"repeat","background-position":"center center","background-size":"auto","background-attachment":"scroll","background-type":"","background-media":"","overlay-type":"","overlay-color":"","overlay-opacity":"","overlay-gradient":""},"mobile":{"background-color":"var(--ast-global-color-5)","background-image":"","background-repeat":"repeat","background-position":"center center","background-size":"auto","background-attachment":"scroll","background-type":"","background-media":"","overlay-type":"","overlay-color":"","overlay-opacity":"","overlay-gradient":""}}},"product_brand":[131],"product_cat":[94],"product_tag":[246,204,245],"class_list":{"0":"post-6448","1":"product","2":"type-product","3":"status-publish","4":"has-post-thumbnail","6":"product_brand-chenming","7":"product_cat-modualr-belt-conveyor","8":"product_tag-1-layer-adjustable-speed-belt-conveyors-homemade-conveyor-belt-diy-conveyor-belt","9":"product_tag-belt-conveyor-climbing-conveyor-elevator","10":"product_tag-belt-conveyor-light-industrial-material-conveying-equipment-agricultural-and-sideline-products-food-fruits-and-vegetables-conveyor-belt","11":"desktop-align-center","12":"tablet-align-center","13":"mobile-align-left","14":"ast-product-gallery-layout-horizontal-slider","15":"ast-product-tabs-layout-horizontal","16":"ast-qv-on-image","18":"first","19":"instock","20":"sale","21":"shipping-taxable","22":"purchasable","23":"product-type-simple"},"acf":[],"uagb_featured_image_src":{"full":["https:\/\/www.ai-chenming.com\/wp-content\/uploads\/2025\/09\/75d9388c-8e99-4a5f-83ba-78498757e77d.png",640,640,false],"thumbnail":["https:\/\/www.ai-chenming.com\/wp-content\/uploads\/2025\/09\/75d9388c-8e99-4a5f-83ba-78498757e77d-150x150.png",150,150,true],"medium":["https:\/\/www.ai-chenming.com\/wp-content\/uploads\/2025\/09\/75d9388c-8e99-4a5f-83ba-78498757e77d-300x300.png",300,300,true],"medium_large":["https:\/\/www.ai-chenming.com\/wp-content\/uploads\/2025\/09\/75d9388c-8e99-4a5f-83ba-78498757e77d.png",640,640,false],"large":["https:\/\/www.ai-chenming.com\/wp-content\/uploads\/2025\/09\/75d9388c-8e99-4a5f-83ba-78498757e77d.png",640,640,false],"1536x1536":["https:\/\/www.ai-chenming.com\/wp-content\/uploads\/2025\/09\/75d9388c-8e99-4a5f-83ba-78498757e77d.png",640,640,false],"2048x2048":["https:\/\/www.ai-chenming.com\/wp-content\/uploads\/2025\/09\/75d9388c-8e99-4a5f-83ba-78498757e77d.png",640,640,false],"trp-custom-language-flag":["https:\/\/www.ai-chenming.com\/wp-content\/uploads\/2025\/09\/75d9388c-8e99-4a5f-83ba-78498757e77d-12x12.png",12,12,true],"woocommerce_thumbnail":["https:\/\/www.ai-chenming.com\/wp-content\/uploads\/2025\/09\/75d9388c-8e99-4a5f-83ba-78498757e77d-450x450.png",450,450,true],"woocommerce_single":["https:\/\/www.ai-chenming.com\/wp-content\/uploads\/2025\/09\/75d9388c-8e99-4a5f-83ba-78498757e77d-600x600.png",600,600,true],"woocommerce_gallery_thumbnail":["https:\/\/www.ai-chenming.com\/wp-content\/uploads\/2025\/09\/75d9388c-8e99-4a5f-83ba-78498757e77d-100x100.png",100,100,true]},"uagb_author_info":{"display_name":"chenming","author_link":"https:\/\/www.ai-chenming.com\/fr\/author\/"},"uagb_comment_info":0,"uagb_excerpt":"Plastic Modular Conveyor Belt System metal conveyor belt Variable Frequency Climbing Belt Conveyor conveyor belt feeder","_links":{"self":[{"href":"https:\/\/www.ai-chenming.com\/fr\/wp-json\/wp\/v2\/product\/6448","targetHints":{"allow":["GET"]}}],"collection":[{"href":"https:\/\/www.ai-chenming.com\/fr\/wp-json\/wp\/v2\/product"}],"about":[{"href":"https:\/\/www.ai-chenming.com\/fr\/wp-json\/wp\/v2\/types\/product"}],"wp:featuredmedia":[{"embeddable":true,"href":"https:\/\/www.ai-chenming.com\/fr\/wp-json\/wp\/v2\/media\/6451"}],"wp:attachment":[{"href":"https:\/\/www.ai-chenming.com\/fr\/wp-json\/wp\/v2\/media?parent=6448"}],"wp:term":[{"taxonomy":"product_brand","embeddable":true,"href":"https:\/\/www.ai-chenming.com\/fr\/wp-json\/wp\/v2\/product_brand?post=6448"},{"taxonomy":"product_cat","embeddable":true,"href":"https:\/\/www.ai-chenming.com\/fr\/wp-json\/wp\/v2\/product_cat?post=6448"},{"taxonomy":"product_tag","embeddable":true,"href":"https:\/\/www.ai-chenming.com\/fr\/wp-json\/wp\/v2\/product_tag?post=6448"}],"curies":[{"name":"wp","href":"https:\/\/api.w.org\/{rel}","templated":true}]}}