{"id":6380,"date":"2025-09-10T02:19:02","date_gmt":"2025-09-10T02:19:02","guid":{"rendered":"https:\/\/www.ai-chenming.com\/?post_type=product&#038;p=6380"},"modified":"2025-09-16T02:42:13","modified_gmt":"2025-09-16T02:42:13","slug":"customizable-mobile-roller-conveyor-line-motorized-roller-conveying-system-power-roller-conveyor-warehouse-cargo-transportation","status":"publish","type":"product","link":"https:\/\/www.ai-chenming.com\/fr\/produit\/customizable-mobile-roller-conveyor-line-motorized-roller-conveying-system-power-roller-conveyor-warehouse-cargo-transportation\/","title":{"rendered":"Ligne de convoyeurs \u00e0 rouleaux mobiles personnalisables Syst\u00e8me de convoyage \u00e0 rouleaux motoris\u00e9s Convoyeur \u00e0 rouleaux motoris\u00e9s Transport de marchandises dans les entrep\u00f4ts"},"content":{"rendered":"<div class=\"editor-component-row editor-component-row-relative\">\n<div class=\"editor-component-container\">\n<div class=\"previewer-item-wrap\">\n<div id=\"45418981494\" class=\"J_module\">\n<div id=\"ali-anchor-AliMagic-9p697b\" data-reactroot=\"\" data-section=\"AliMagic-9p697b\" data-section-title=\"Product Description\" data-spm-anchor-id=\"a2700.pc-decorate.0.i1.3dbc3333SoTOo8\">Description du produit<\/div>\n<\/div>\n<\/div>\n<div class=\"editor-component-container-mask\">\n<div style=\"width: 1280px;\" class=\"wp-video\"><!--[if lt IE 9]><script>document.createElement('video');<\/script><![endif]-->\n<video class=\"wp-video-shortcode\" id=\"video-6380-1\" width=\"1280\" height=\"720\" preload=\"metadata\" controls=\"controls\"><source type=\"video\/mp4\" src=\"https:\/\/www.ai-chenming.com\/wp-content\/uploads\/2025\/08\/6000304580951.mp4?_=1\" \/><a href=\"https:\/\/www.ai-chenming.com\/wp-content\/uploads\/2025\/08\/6000304580951.mp4\">https:\/\/www.ai-chenming.com\/wp-content\/uploads\/2025\/08\/6000304580951.mp4<\/a><\/video><\/div>\n<\/div>\n<\/div>\n<\/div>\n<div class=\"editor-component-row editor-component-row-relative\">\n<div class=\"editor-component-container\">\n<div class=\"previewer-item-wrap\">\n<div id=\"45418981496\" class=\"J_module\">\n<div class=\"icbu-pc-images\" data-reactroot=\"\">\n<div class=\"flex-layout-v\">\n<div class=\"flex-layout-h\">\n<div data-reactroot=\"\"><\/div>\n<div class=\"preview-edit-image-item\" data-reactroot=\"\"><img alt=\"\" fetchpriority=\"high\" decoding=\"async\" class=\"wp-image-6852 aligncenter\" src=\"https:\/\/www.ai-chenming.com\/wp-content\/uploads\/2025\/09\/28-1-300x300.png\" width=\"360\" height=\"360\" srcset=\"https:\/\/www.ai-chenming.com\/wp-content\/uploads\/2025\/09\/28-1-300x300.png 300w, https:\/\/www.ai-chenming.com\/wp-content\/uploads\/2025\/09\/28-1-150x150.png 150w, https:\/\/www.ai-chenming.com\/wp-content\/uploads\/2025\/09\/28-1-12x12.png 12w, https:\/\/www.ai-chenming.com\/wp-content\/uploads\/2025\/09\/28-1-450x450.png 450w, https:\/\/www.ai-chenming.com\/wp-content\/uploads\/2025\/09\/28-1-600x600.png 600w, https:\/\/www.ai-chenming.com\/wp-content\/uploads\/2025\/09\/28-1-100x100.png 100w, https:\/\/www.ai-chenming.com\/wp-content\/uploads\/2025\/09\/28-1.png 640w\" sizes=\"(max-width: 360px) 100vw, 360px\" \/><\/div>\n<div data-reactroot=\"\"><\/div>\n<div data-reactroot=\"\">Le convoyeur \u00e0 rouleaux convient au transport d'objets sur le plan inf\u00e9rieur. Il se compose principalement d'un convoyeur \u00e0 rouleaux d'entra\u00eenement, d'un cadre, d'un support, d'une partie motrice, etc. Il pr\u00e9sente les caract\u00e9ristiques suivantes : grande capacit\u00e9 de transport, grande vitesse, vitesse rapide, forte capacit\u00e9 de charge, etc. Le convoyeur \u00e0 rouleaux et les autres convoyeurs constituent un syst\u00e8me complexe de transport de mat\u00e9riaux. Il peut \u00eatre divis\u00e9 en rouleaux non motoris\u00e9s, rouleaux motoris\u00e9s et rouleaux \u00e9lectriques. Il peut \u00eatre divis\u00e9 en convoyage horizontal, en convoyage tournant et en convoyage inclin\u00e9 en fonction de la disposition.<\/div>\n<div data-reactroot=\"\"><\/div>\n<div data-reactroot=\"\"><img alt=\"\" decoding=\"async\" class=\"wp-image-6806 aligncenter\" src=\"https:\/\/www.ai-chenming.com\/wp-content\/uploads\/2025\/09\/4-2-300x212.png\" width=\"361\" height=\"255\" srcset=\"https:\/\/www.ai-chenming.com\/wp-content\/uploads\/2025\/09\/4-2-300x212.png 300w, https:\/\/www.ai-chenming.com\/wp-content\/uploads\/2025\/09\/4-2-1024x724.png 1024w, https:\/\/www.ai-chenming.com\/wp-content\/uploads\/2025\/09\/4-2-768x543.png 768w, https:\/\/www.ai-chenming.com\/wp-content\/uploads\/2025\/09\/4-2-1536x1086.png 1536w, https:\/\/www.ai-chenming.com\/wp-content\/uploads\/2025\/09\/4-2-2048x1448.png 2048w, https:\/\/www.ai-chenming.com\/wp-content\/uploads\/2025\/09\/4-2-18x12.png 18w, https:\/\/www.ai-chenming.com\/wp-content\/uploads\/2025\/09\/4-2-600x424.png 600w\" sizes=\"(max-width: 361px) 100vw, 361px\" \/><\/div>\n<div data-reactroot=\"\"><\/div>\n<\/div>\n<\/div>\n<\/div>\n<\/div>\n<\/div>\n<\/div>\n<\/div>\n<div class=\"editor-component-row editor-component-row-relative\">\n<div class=\"editor-component-container\">\n<div class=\"previewer-item-wrap\">\n<div id=\"45418981498\" class=\"J_module\">\n<div class=\"icbu-pc-images\" data-reactroot=\"\">\n<div>\n<div class=\"flex-layout-v\">\n<div class=\"flex-layout-h\">\n<table>\n<tbody>\n<tr>\n<td>Nom du produit<\/td>\n<td>convoyeur \u00e0 rouleaux<\/td>\n<\/tr>\n<tr>\n<td>Mat\u00e9riau du produit<\/td>\n<td><span style=\"color: #000000;\">acier inoxydable\/acier galvanis\u00e9<\/span><\/td>\n<\/tr>\n<tr>\n<td>Avantages du produit<\/td>\n<td>fonctionnement sans heurts\/structure robuste\/entretien facile\/grande capacit\u00e9 de transport, etc.<\/td>\n<\/tr>\n<tr>\n<td>Domaine d'application<\/td>\n<td>Logistique et livraison express : toutes sortes de colis et de courriers express emball\u00e9s. Fabrication industrielle : petites pi\u00e8ces et<br \/>\nles produits semi-finis, tels que les composants \u00e9lectroniques, les pi\u00e8ces automobiles, etc. Transformation alimentaire : aliments en bo\u00eetes ou en emballages fixes, tels que<br \/>\nbo\u00eetes \u00e0 boissons, bo\u00eetes \u00e0 snacks, etc. Entreposage dans les supermarch\u00e9s : toutes sortes de bo\u00eetes de produits de premi\u00e8re n\u00e9cessit\u00e9 et de produits de grands magasins,<br \/>\ncomme des bo\u00eetes de papier hygi\u00e9nique, des bouteilles de produits de toilette, etc.<\/td>\n<\/tr>\n<\/tbody>\n<\/table>\n<\/div>\n<\/div>\n<\/div>\n<div class=\"text-wrapper-below text-theme-light text-align-left\">\n<div class=\"text-content\" data-id=\"below-content\">\n<div class=\"preview-edit-text-editor\" data-reactroot=\"\">\n<div id=\"preview-edit-3\" class=\"content-editor\" tabindex=\"1\" contenteditable=\"true\">Extensible et pliable : Le convoyeur \u00e0 rouleaux s'\u00e9tend de 23,6 \u00e0 52 pouces, ce qui facilite le rangement de la bande transporteuse lorsque l'espace est limit\u00e9. Le support \u00e0 rouleaux se d\u00e9ploie et se replie simplement et en douceur, ce qui est tr\u00e8s pratique pour la maison ou l'atelier de menuiserie.<br \/>\nUn travail efficace et simple : Les rouleaux r\u00e9glables du convoyeur sont parfaits pour \u00eatre utilis\u00e9s comme entr\u00e9e\/sortie de la scie \u00e0 table, et la hauteur peut \u00eatre r\u00e9gl\u00e9e et stabilis\u00e9e entre 30 et 50 pouces selon les besoins pour faciliter la coupe.<\/p>\n<div>Mat\u00e9riaux durables : Le convoyeur \u00e0 rouleaux est fabriqu\u00e9 en alliage d'aluminium, avec une forte capacit\u00e9 de charge, robuste et fiable, pas facile \u00e0 casser et \u00e0 user, et pas facile \u00e0 rouiller au contact de l'eau.<br \/>\nConvoyeur multifonctionnel : Le rouleau convoyeur est incroyablement polyvalent et convient parfaitement aux entrep\u00f4ts, aux usines, aux ateliers, etc. Le r\u00e9glage facile de la hauteur, l'\u00e9tabli r\u00e9tractable et les pieds robustes facilitent le d\u00e9placement et le travail.<\/div>\n<\/div>\n<\/div>\n<\/div>\n<\/div>\n<\/div>\n<\/div>\n<\/div>\n<div class=\"editor-component-container-mask\"><\/div>\n<\/div>\n<\/div>\n<div class=\"editor-component-row editor-component-row-relative\">\n<div class=\"editor-component-container\">\n<div class=\"previewer-item-wrap\">\n<div id=\"45418981499\" class=\"J_module\">\n<div class=\"detail-decorate-json-renderer-container\" data-reactroot=\"\">\n<div>\n<div>\n<div>\n<div>\n<div class=\"preview-image-edit\">\n<div class=\"preview-edit-image-item\" data-reactroot=\"\"><\/div>\n<\/div>\n<p><img decoding=\"async\" class=\"alignleft\" src=\"https:\/\/sc04.alicdn.com\/kf\/H1d0fcacf02de41daac6ec736ca092a05o\/284464100\/H1d0fcacf02de41daac6ec736ca092a05o.png\" data-id=\"img0\" \/><\/p>\n<\/div>\n<\/div>\n<div>\n<div class=\"preview-edit-text-editor\" data-reactroot=\"\">\n<div id=\"preview-edit-5\" class=\"content-editor\" tabindex=\"1\" contenteditable=\"true\">\n<p>Pieds r\u00e9glables en hauteur de mani\u00e8re ind\u00e9pendante<\/p>\n<\/div>\n<\/div>\n<\/div>\n<div>\n<div data-id=\"paragraph0\">\n<div class=\"preview-edit-text-editor\" data-reactroot=\"\">\n<div id=\"preview-edit-6\" class=\"content-editor\" tabindex=\"1\" contenteditable=\"true\">\n<p>Chaque pied peut \u00eatre r\u00e9gl\u00e9 en hauteur, en courbes, en inclinaison et en hauteur pour s'adapter aux in\u00e9galit\u00e9s du sol. Les roues universelles \u00e0 360\u00b0 avec frein peuvent \u00eatre d\u00e9plac\u00e9es librement vers l'endroit o\u00f9 vous souhaitez transporter vos marchandises.<\/p>\n<p>&nbsp;<\/p>\n<p>&nbsp;<\/p>\n<p>&nbsp;<\/p>\n<\/div>\n<\/div>\n<\/div>\n<\/div>\n<\/div>\n<div>\n<div>\n<div>\n<div class=\"preview-image-edit\">\n<div class=\"preview-edit-image-item\" data-reactroot=\"\"><\/div>\n<\/div>\n<p><img decoding=\"async\" class=\"alignleft\" src=\"https:\/\/sc04.alicdn.com\/kf\/H3c7907cbd51f4d74b3c9b0ee97ea4297f\/284464100\/H3c7907cbd51f4d74b3c9b0ee97ea4297f.png\" data-id=\"img1\" \/><\/p>\n<\/div>\n<\/div>\n<div>\n<div class=\"preview-edit-text-editor\" data-reactroot=\"\">\n<div id=\"preview-edit-7\" class=\"content-editor\" tabindex=\"1\" contenteditable=\"true\">\n<p>Crochet int\u00e9gr\u00e9 et verrouillage 2 c\u00f4t\u00e9s<\/p>\n<\/div>\n<\/div>\n<\/div>\n<div>\n<div data-id=\"paragraph1\">\n<div class=\"preview-edit-text-editor\" data-reactroot=\"\">\n<div id=\"preview-edit-8\" class=\"content-editor\" tabindex=\"1\" contenteditable=\"true\">Des crochets int\u00e9gr\u00e9s permettent de relier 2 rouleaux transporteurs ou plus, ce qui vous offre des possibilit\u00e9s de d\u00e9placement pratiquement illimit\u00e9es, et vous pouvez d\u00e9placer les mat\u00e9riaux dans l'ensemble de l'atelier !<\/div>\n<\/div>\n<\/div>\n<\/div>\n<\/div>\n<div>\n<div>\n<div>\n<div class=\"preview-image-edit\">\n<div class=\"preview-edit-image-item\" data-reactroot=\"\"><\/div>\n<\/div>\n<p>&nbsp;<\/p>\n<p>&nbsp;<\/p>\n<p>&nbsp;<\/p>\n<p><img decoding=\"async\" class=\"alignleft\" src=\"https:\/\/sc04.alicdn.com\/kf\/H914f11d7f649441ea88643155add2173g\/284464100\/H914f11d7f649441ea88643155add2173g.png\" data-id=\"img2\" \/><\/p>\n<\/div>\n<\/div>\n<div>\n<div class=\"preview-edit-text-editor\" data-reactroot=\"\">\n<div id=\"preview-edit-9\" class=\"content-editor\" tabindex=\"1\" contenteditable=\"true\">\n<p>Se plie pour se ranger et gagner de la place<\/p>\n<\/div>\n<\/div>\n<\/div>\n<div>\n<div data-id=\"paragraph2\">\n<div class=\"preview-edit-text-editor\" data-reactroot=\"\">\n<div id=\"preview-edit-10\" class=\"content-editor\" tabindex=\"1\" contenteditable=\"true\">Facilite l'extension ou la contraction du rouleau convoyeur lorsque l'espace est limit\u00e9. Apr\u00e8s utilisation, la bande transporteuse peut se replier pour un stockage facile jusqu'\u00e0 la prochaine fois.<\/div>\n<\/div>\n<\/div>\n<\/div>\n<\/div>\n<\/div>\n<\/div>\n<\/div>\n<\/div>\n<div class=\"editor-component-container-mask\"><\/div>\n<\/div>\n<\/div>\n<div class=\"editor-component-row editor-component-row-relative\">\n<div class=\"editor-component-container\">\n<div class=\"previewer-item-wrap\">\n<div id=\"45418981500\" class=\"J_module\">\n<div><\/div>\n<div><\/div>\n<div><\/div>\n<\/div>\n<div class=\"icbu-pc-detailManyImage\" data-reactroot=\"\" data-module-name=\"icbu-pc-detailManyImage\"><\/div>\n<\/div>\n<\/div>\n<\/div>\n<div class=\"editor-component-row editor-component-row-relative\">\n<div class=\"editor-component-container\">\n<div class=\"editor-component-container-mask\"><\/div>\n<\/div>\n<\/div>\n<div class=\"editor-component-row editor-component-row-relative\">\n<div class=\"editor-component-container\">\n<div class=\"previewer-item-wrap\">\n<div id=\"45418981516\" class=\"J_module\">\n<div data-reactroot=\"\" data-section=\"AliMagic-atmg4d\" data-section-title=\"FAQ\"><\/div>\n<div data-reactroot=\"\" data-section=\"AliMagic-atmg4d\" data-section-title=\"FAQ\"><\/div>\n<div data-reactroot=\"\" data-section=\"AliMagic-atmg4d\" data-section-title=\"FAQ\"><\/div>\n<div data-reactroot=\"\" data-section=\"AliMagic-atmg4d\" data-section-title=\"FAQ\"><\/div>\n<div id=\"ali-anchor-AliMagic-atmg4d\" data-reactroot=\"\" data-section=\"AliMagic-atmg4d\" data-section-title=\"FAQ\">FAQ<\/div>\n<\/div>\n<\/div>\n<div class=\"editor-component-container-mask\"><\/div>\n<\/div>\n<\/div>\n<div class=\"editor-component-row editor-component-row-relative\">\n<div class=\"editor-component-container\">\n<div class=\"previewer-item-wrap\">\n<div id=\"45418981517\" class=\"J_module\">\n<div class=\"detail-decorate-json-renderer-container\" data-reactroot=\"\">\n<div>\n<div class=\"preview-edit-text-editor\" data-reactroot=\"\">\n<div id=\"preview-edit-1\" class=\"content-editor\" tabindex=\"1\" contenteditable=\"true\"><\/div>\n<\/div>\n<div>\n<div>\n<div data-id=\"paragraph0\">\n<div class=\"preview-edit-text-editor\" data-reactroot=\"\">\n<div id=\"preview-edit-2\" class=\"content-editor\" tabindex=\"1\" contenteditable=\"true\">\n<p>Q1. \u00cates-vous un fabricant ou une soci\u00e9t\u00e9 commerciale ?<\/p>\n<div>R : Nous sommes un fabricant professionnel avec 15 ans d'exp\u00e9rience dans l'industrie.<\/div>\n<div><\/div>\n<div>Q2.Comment pouvons-nous garantir la qualit\u00e9 ?<\/div>\n<div>R : Un \u00e9chantillon est toujours pr\u00e9lev\u00e9 avant la production en s\u00e9rie et un contr\u00f4le final est effectu\u00e9 avant l'exp\u00e9dition.<\/div>\n<div><\/div>\n<div>Q3. Fournissez-vous des \u00e9chantillons ?<\/div>\n<div>R:Oui, nous pouvons offrir des \u00e9chantillons de pi\u00e8ces de convoyeur gratuitement, mais l'acheteur doit payer les frais d'exp\u00e9dition.<\/div>\n<div><\/div>\n<div>Q4 : Quel est le mode de paiement ? R : T\/T, L\/C \u00e0 vue, Paypal, Western Union sont tous accept\u00e9s. Si vous avez d'autres moyens de paiement, veuillez me contacter.<\/div>\n<div><\/div>\n<div>Q5.Quel est le d\u00e9lai de livraison ?<br \/>\nR : En g\u00e9n\u00e9ral, le d\u00e9lai est de 5 \u00e0 10 jours si les marchandises sont en stock, ou de 15 \u00e0 20 jours si les marchandises ne sont pas en stock, en fonction de la quantit\u00e9.<\/div>\n<div><\/div>\n<div>Q6. Quel est le mode d'exp\u00e9dition ?<br \/>\nR : Par voie maritime ou a\u00e9rienne, Fedex, DHL, UPS, TNT, etc.<\/div>\n<div><\/div>\n<div>Q7 : Votre produit b\u00e9n\u00e9ficie-t-il d'une p\u00e9riode de garantie ? R : Nos produits sont g\u00e9n\u00e9ralement garantis pendant un an. Nous disposons d'une solide force technique, d'une capacit\u00e9 de d\u00e9veloppement de produits et d'une \u00e9quipe professionnelle de service apr\u00e8s-vente.<\/div>\n<div><\/div>\n<div>Q8 : Qu'en est-il du service apr\u00e8s-vente ? R : Aucun probl\u00e8me, le service client\u00e8le en ligne est \u00e0 votre disposition 24 heures sur 24, il fournit gratuitement des conseils \u00e0 distance pour les machines et les \u00e9quipements. Nous pouvons \u00e9galement envoyer nos ing\u00e9nieurs sur le site pour installer ou r\u00e9parer la machine, le cas \u00e9ch\u00e9ant, mais cela peut entra\u00eener des frais.<\/div>\n<\/div>\n<\/div>\n<\/div>\n<\/div>\n<\/div>\n<\/div>\n<\/div>\n<\/div>\n<\/div>\n<div class=\"editor-component-container-mask\"><\/div>\n<\/div>\n<\/div>\n<div class=\"editor-component-row editor-component-row-relative\">\n<div class=\"editor-component-container\">\n<div class=\"previewer-item-wrap\">\n<div id=\"45418981518\" class=\"J_module\">\n<div class=\"detail-decorate-json-renderer-container\" data-reactroot=\"\">\n<div>\n<div>\n<div>\n<div>\n<div class=\"preview-edit-text-editor\" data-reactroot=\"\">\n<div id=\"preview-edit-11\" class=\"content-editor\" tabindex=\"1\" contenteditable=\"true\"><span style=\"color: #2196ed;\"><b>Si vous avez d'autres questions, n'h\u00e9sitez pas \u00e0 me contacter.<\/b><\/span><\/div>\n<\/div>\n<\/div>\n<\/div>\n<\/div>\n<\/div>\n<\/div>\n<\/div>\n<\/div>\n<div class=\"editor-component-container-mask\"><\/div>\n<\/div>\n<\/div>","protected":false},"excerpt":{"rendered":"<p>Transport d'aliments Transport d'entrep\u00f4ts de jouets D\u00e9chargement automatis\u00e9 Manutention de marchandises Manutention d'\u00e9quipements Manutention de papier ondul\u00e9<\/p>","protected":false},"featured_media":6383,"template":"","meta":{"_acf_changed":false,"_seopress_robots_primary_cat":"none","_seopress_titles_title":"Customizable Mobile Roller Conveyor Line Motorized Roller Conveying System Power Roller Conveyor Warehouse Cargo Transportation","_seopress_titles_desc":"Food transportation  toy warehouse transportation automated unloadingca rgo handling equipment handling Corrugated paper handlin","_seopress_robots_index":"","_uag_custom_page_level_css":"","site-sidebar-layout":"default","site-content-layout":"","ast-site-content-layout":"default","site-content-style":"default","site-sidebar-style":"default","ast-global-header-display":"","ast-banner-title-visibility":"","ast-main-header-display":"","ast-hfb-above-header-display":"","ast-hfb-below-header-display":"","ast-hfb-mobile-header-display":"","site-post-title":"","ast-breadcrumbs-content":"","ast-featured-img":"","footer-sml-layout":"","theme-transparent-header-meta":"default","adv-header-id-meta":"","stick-header-meta":"","header-above-stick-meta":"","header-main-stick-meta":"","header-below-stick-meta":"","astra-migrate-meta-layouts":"set","ast-page-background-enabled":"default","ast-page-background-meta":{"desktop":{"background-color":"","background-image":"","background-repeat":"repeat","background-position":"center center","background-size":"auto","background-attachment":"scroll","background-type":"","background-media":"","overlay-type":"","overlay-color":"","overlay-opacity":"","overlay-gradient":""},"tablet":{"background-color":"","background-image":"","background-repeat":"repeat","background-position":"center center","background-size":"auto","background-attachment":"scroll","background-type":"","background-media":"","overlay-type":"","overlay-color":"","overlay-opacity":"","overlay-gradient":""},"mobile":{"background-color":"","background-image":"","background-repeat":"repeat","background-position":"center center","background-size":"auto","background-attachment":"scroll","background-type":"","background-media":"","overlay-type":"","overlay-color":"","overlay-opacity":"","overlay-gradient":""}},"ast-content-background-meta":{"desktop":{"background-color":"var(--ast-global-color-5)","background-image":"","background-repeat":"repeat","background-position":"center center","background-size":"auto","background-attachment":"scroll","background-type":"","background-media":"","overlay-type":"","overlay-color":"","overlay-opacity":"","overlay-gradient":""},"tablet":{"background-color":"var(--ast-global-color-5)","background-image":"","background-repeat":"repeat","background-position":"center center","background-size":"auto","background-attachment":"scroll","background-type":"","background-media":"","overlay-type":"","overlay-color":"","overlay-opacity":"","overlay-gradient":""},"mobile":{"background-color":"var(--ast-global-color-5)","background-image":"","background-repeat":"repeat","background-position":"center center","background-size":"auto","background-attachment":"scroll","background-type":"","background-media":"","overlay-type":"","overlay-color":"","overlay-opacity":"","overlay-gradient":""}}},"product_brand":[131],"product_cat":[98],"product_tag":[588,846,336,847,405,159,630,361,710],"class_list":{"0":"post-6380","1":"product","2":"type-product","3":"status-publish","4":"has-post-thumbnail","6":"product_brand-chenming","7":"product_cat-roller-conveyor","8":"product_tag-90-degree-180-degree-turning-roller-conveyor","9":"product_tag-heavy-duty-roller-conveyors","10":"product_tag-industrial-conveyors","11":"product_tag-pipe-roller-conveyor-system","12":"product_tag-portable-conveyor-for-truck-unloading","13":"product_tag-portable-roller-conveyor","14":"product_tag-roller-conveyors","15":"product_tag-roller-table-conveyor","16":"product_tag-tube-10mm-conveyor-roller","17":"desktop-align-center","18":"tablet-align-center","19":"mobile-align-left","20":"ast-product-gallery-layout-horizontal-slider","21":"ast-product-tabs-layout-horizontal","22":"ast-qv-on-image","24":"first","25":"instock","26":"sale","27":"shipping-taxable","28":"purchasable","29":"product-type-simple"},"acf":[],"uagb_featured_image_src":{"full":["https:\/\/www.ai-chenming.com\/wp-content\/uploads\/2025\/09\/6d0aa005-9d2f-476f-ab67-8d25fcd3e035.png",1500,1500,false],"thumbnail":["https:\/\/www.ai-chenming.com\/wp-content\/uploads\/2025\/09\/6d0aa005-9d2f-476f-ab67-8d25fcd3e035-150x150.png",150,150,true],"medium":["https:\/\/www.ai-chenming.com\/wp-content\/uploads\/2025\/09\/6d0aa005-9d2f-476f-ab67-8d25fcd3e035-300x300.png",300,300,true],"medium_large":["https:\/\/www.ai-chenming.com\/wp-content\/uploads\/2025\/09\/6d0aa005-9d2f-476f-ab67-8d25fcd3e035-768x768.png",768,768,true],"large":["https:\/\/www.ai-chenming.com\/wp-content\/uploads\/2025\/09\/6d0aa005-9d2f-476f-ab67-8d25fcd3e035-1024x1024.png",1024,1024,true],"1536x1536":["https:\/\/www.ai-chenming.com\/wp-content\/uploads\/2025\/09\/6d0aa005-9d2f-476f-ab67-8d25fcd3e035.png",1500,1500,false],"2048x2048":["https:\/\/www.ai-chenming.com\/wp-content\/uploads\/2025\/09\/6d0aa005-9d2f-476f-ab67-8d25fcd3e035.png",1500,1500,false],"trp-custom-language-flag":["https:\/\/www.ai-chenming.com\/wp-content\/uploads\/2025\/09\/6d0aa005-9d2f-476f-ab67-8d25fcd3e035-12x12.png",12,12,true],"woocommerce_thumbnail":["https:\/\/www.ai-chenming.com\/wp-content\/uploads\/2025\/09\/6d0aa005-9d2f-476f-ab67-8d25fcd3e035-450x450.png",450,450,true],"woocommerce_single":["https:\/\/www.ai-chenming.com\/wp-content\/uploads\/2025\/09\/6d0aa005-9d2f-476f-ab67-8d25fcd3e035-600x600.png",600,600,true],"woocommerce_gallery_thumbnail":["https:\/\/www.ai-chenming.com\/wp-content\/uploads\/2025\/09\/6d0aa005-9d2f-476f-ab67-8d25fcd3e035-100x100.png",100,100,true]},"uagb_author_info":{"display_name":"chenming","author_link":"https:\/\/www.ai-chenming.com\/fr\/author\/"},"uagb_comment_info":0,"uagb_excerpt":"Food transportation toy warehouse transportation automated unloadingca rgo handling equipment handling Corrugated paper handlin","_links":{"self":[{"href":"https:\/\/www.ai-chenming.com\/fr\/wp-json\/wp\/v2\/product\/6380","targetHints":{"allow":["GET"]}}],"collection":[{"href":"https:\/\/www.ai-chenming.com\/fr\/wp-json\/wp\/v2\/product"}],"about":[{"href":"https:\/\/www.ai-chenming.com\/fr\/wp-json\/wp\/v2\/types\/product"}],"wp:featuredmedia":[{"embeddable":true,"href":"https:\/\/www.ai-chenming.com\/fr\/wp-json\/wp\/v2\/media\/6383"}],"wp:attachment":[{"href":"https:\/\/www.ai-chenming.com\/fr\/wp-json\/wp\/v2\/media?parent=6380"}],"wp:term":[{"taxonomy":"product_brand","embeddable":true,"href":"https:\/\/www.ai-chenming.com\/fr\/wp-json\/wp\/v2\/product_brand?post=6380"},{"taxonomy":"product_cat","embeddable":true,"href":"https:\/\/www.ai-chenming.com\/fr\/wp-json\/wp\/v2\/product_cat?post=6380"},{"taxonomy":"product_tag","embeddable":true,"href":"https:\/\/www.ai-chenming.com\/fr\/wp-json\/wp\/v2\/product_tag?post=6380"}],"curies":[{"name":"wp","href":"https:\/\/api.w.org\/{rel}","templated":true}]}}