{"id":6376,"date":"2025-09-10T02:12:36","date_gmt":"2025-09-10T02:12:36","guid":{"rendered":"https:\/\/www.ai-chenming.com\/?post_type=product&#038;p=6376"},"modified":"2025-09-16T03:41:54","modified_gmt":"2025-09-16T03:41:54","slug":"food-grade-stainless-steel-conveyor-belt-conveyor-product-automation-machine-stainless-steel-spiral-chain-mesh-belt-open-mesh","status":"publish","type":"product","link":"https:\/\/www.ai-chenming.com\/fr\/produit\/food-grade-stainless-steel-conveyor-belt-conveyor-product-automation-machine-stainless-steel-spiral-chain-mesh-belt-open-mesh\/","title":{"rendered":"Convoyeur \u00e0 bande en acier inoxydable de qualit\u00e9 alimentaire Machine d'automatisation de produits Convoyeur \u00e0 bande en acier inoxydable \u00e0 cha\u00eene en spirale \u00e0 mailles ouvertes"},"content":{"rendered":"<div class=\"editor-component-row editor-component-row-relative\">\n<div class=\"editor-component-container\">\n<div class=\"previewer-item-wrap\">\n<div id=\"44677230896\" class=\"J_module\">\n<div id=\"ali-anchor-AliMagic-5u4rni\" data-reactroot=\"\" data-section=\"AliMagic-5u4rni\" data-section-title=\"Product Description\" data-spm-anchor-id=\"a2700.pc-decorate.0.i3.46a03333EvI6yQ\">Description du produit<\/div>\n<\/div>\n<\/div>\n<\/div>\n<\/div>\n<div class=\"editor-component-row editor-component-row-relative\">\n<div class=\"editor-component-container\">\n<div class=\"previewer-item-wrap\">\n<div id=\"44677230897\" class=\"J_module\">\n<div class=\"icbu-pc-detailVideoShow\" data-reactroot=\"\" data-magic=\"{&quot;mds&quot;:{&quot;assetsVersion&quot;:&quot;0.0.6&quot;,&quot;assetsPackageName&quot;:&quot;icbumod&quot;,&quot;moduleNameAlias&quot;:&quot;icbu-pc-detailVideoShow&quot;,&quot;moduleData&quot;:{&quot;videoInfo&quot;:{&quot;coverUrl&quot;:&quot;https:\/\/sc01.alicdn.com\/kf\/H09c3ef9f49944acfa35375d4c1b47748t.jpg&quot;,&quot;duration&quot;:70,&quot;fileSize&quot;:&quot;11812308&quot;,&quot;videoName&quot;:&quot;\u516c\u53f8\u4ecb\u7ecdmp4.&quot;,&quot;videoId&quot;:6000292688076},&quot;hideBottom&quot;:false}},&quot;version&quot;:1}\">\n<div class=\"bc-react-video-player singleton undefined venus-component-video\" data-spm-anchor-id=\"a2700.pc-decorate.0.i0.46a03333EvI6yQ\">\n<div class=\"bc-video-player\">\n<div class=\"control-bar\">\n<div style=\"width: 720px;\" class=\"wp-video\"><!--[if lt IE 9]><script>document.createElement('video');<\/script><![endif]-->\n<video class=\"wp-video-shortcode\" id=\"video-6376-1\" width=\"720\" height=\"720\" preload=\"metadata\" controls=\"controls\"><source type=\"video\/mp4\" src=\"https:\/\/www.ai-chenming.com\/wp-content\/uploads\/2025\/09\/6000299786800.mp4?_=1\" \/><a href=\"https:\/\/www.ai-chenming.com\/wp-content\/uploads\/2025\/09\/6000299786800.mp4\">https:\/\/www.ai-chenming.com\/wp-content\/uploads\/2025\/09\/6000299786800.mp4<\/a><\/video><\/div>\n<p><img alt=\"\" fetchpriority=\"high\" decoding=\"async\" class=\"wp-image-6855 aligncenter\" src=\"https:\/\/www.ai-chenming.com\/wp-content\/uploads\/2025\/09\/29-300x300.png\" width=\"363\" height=\"363\" srcset=\"https:\/\/www.ai-chenming.com\/wp-content\/uploads\/2025\/09\/29-300x300.png 300w, https:\/\/www.ai-chenming.com\/wp-content\/uploads\/2025\/09\/29-150x150.png 150w, https:\/\/www.ai-chenming.com\/wp-content\/uploads\/2025\/09\/29-12x12.png 12w, https:\/\/www.ai-chenming.com\/wp-content\/uploads\/2025\/09\/29-450x450.png 450w, https:\/\/www.ai-chenming.com\/wp-content\/uploads\/2025\/09\/29-600x600.png 600w, https:\/\/www.ai-chenming.com\/wp-content\/uploads\/2025\/09\/29-100x100.png 100w, https:\/\/www.ai-chenming.com\/wp-content\/uploads\/2025\/09\/29.png 640w\" sizes=\"(max-width: 363px) 100vw, 363px\" \/><\/p>\n<p>Le convoyeur \u00e0 bande \u00e0 mailles m\u00e9talliques peut \u00eatre entra\u00een\u00e9 par un pignon et un rouleau, deux modes d'entra\u00eenement. La bande transporteuse est fabriqu\u00e9e en acier inoxydable, qui pr\u00e9sente les caract\u00e9ristiques suivantes : haute r\u00e9sistance, faible \u00e9lasticit\u00e9, d\u00e9formation facile, entretien facile, hygi\u00e8ne, r\u00e9sistance \u00e0 la corrosion, r\u00e9sistance aux temp\u00e9ratures \u00e9lev\u00e9es ou aux environnements difficiles, fonctionnement stable, belle apparence et dur\u00e9e de vie. Il convient au s\u00e9chage, \u00e0 la cuisson, \u00e0 la friture, au nettoyage, \u00e0 la d\u00e9shumidification, \u00e0 la cong\u00e9lation et \u00e0 d'autres liens dans diverses industries alimentaires. Il peut \u00e9galement \u00eatre utilis\u00e9 dans les industries pharmaceutiques et chimiques quotidiennes.<\/p>\n<p><img alt=\"\" decoding=\"async\" class=\"wp-image-6769 aligncenter\" src=\"https:\/\/www.ai-chenming.com\/wp-content\/uploads\/2025\/09\/6-2-300x212.png\" width=\"364\" height=\"257\" srcset=\"https:\/\/www.ai-chenming.com\/wp-content\/uploads\/2025\/09\/6-2-300x212.png 300w, https:\/\/www.ai-chenming.com\/wp-content\/uploads\/2025\/09\/6-2-1024x724.png 1024w, https:\/\/www.ai-chenming.com\/wp-content\/uploads\/2025\/09\/6-2-768x543.png 768w, https:\/\/www.ai-chenming.com\/wp-content\/uploads\/2025\/09\/6-2-1536x1086.png 1536w, https:\/\/www.ai-chenming.com\/wp-content\/uploads\/2025\/09\/6-2-2048x1448.png 2048w, https:\/\/www.ai-chenming.com\/wp-content\/uploads\/2025\/09\/6-2-18x12.png 18w, https:\/\/www.ai-chenming.com\/wp-content\/uploads\/2025\/09\/6-2-600x424.png 600w\" sizes=\"(max-width: 364px) 100vw, 364px\" \/><\/p>\n<p>&nbsp;<\/p>\n<\/div>\n<\/div>\n<\/div>\n<\/div>\n<\/div>\n<\/div>\n<div class=\"editor-component-container-mask\">\n<table>\n<tbody>\n<tr>\n<td>Nom du produit<\/td>\n<td>Convoyeur \u00e0 bande \u00e0 mailles m\u00e9talliques<\/td>\n<\/tr>\n<tr>\n<td>Mat\u00e9riau du produit<\/td>\n<td>Inox\/Acier<\/td>\n<\/tr>\n<tr>\n<td>Pitch<\/td>\n<td>Au fur et \u00e0 mesure que votre demande<\/td>\n<\/tr>\n<tr>\n<td>Certification<\/td>\n<td>ISO&amp;CE&amp;SGS<\/td>\n<\/tr>\n<tr>\n<td>Structure<\/td>\n<td>R\u00e9glable en hauteur et en vitesse<\/td>\n<\/tr>\n<tr>\n<td>Couleur<\/td>\n<td>En tant qu'exigence<\/td>\n<\/tr>\n<tr>\n<td>Moteur<\/td>\n<td>Moteur en option<\/td>\n<\/tr>\n<tr>\n<td>Avantages du produit<\/td>\n<td>fonctionnement sans heurts\/structure robuste\/entretien facile\/grande capacit\u00e9 de transport, etc.<\/td>\n<\/tr>\n<tr>\n<td>Application<\/td>\n<td>Syst\u00e8mes de refroidissement Syst\u00e8mes de lavage Syst\u00e8mes de traitement des d\u00e9chets Syst\u00e8mes de blanchiment Syst\u00e8mes de tamisage Syst\u00e8mes de s\u00e9chage Syst\u00e8mes de tri Syst\u00e8mes de production de pain Syst\u00e8mes de manutention des produits Syst\u00e8mes de manutention des produits<\/td>\n<\/tr>\n<\/tbody>\n<\/table>\n<\/div>\n<\/div>\n<\/div>\n<div class=\"editor-component-row editor-component-row-relative\">\n<div class=\"editor-component-container\">\n<div class=\"previewer-item-wrap\">\n<div id=\"44677230899\" class=\"J_module\">\n<div class=\"icbu-pc-images\" data-reactroot=\"\">\n<div class=\"flex-layout-h\">\n<div class=\"flex-layout-v\"><img alt=\"\" decoding=\"async\" class=\"wp-image-6854 aligncenter\" src=\"https:\/\/www.ai-chenming.com\/wp-content\/uploads\/2025\/09\/30-300x100.png\" width=\"540\" height=\"180\" srcset=\"https:\/\/www.ai-chenming.com\/wp-content\/uploads\/2025\/09\/30-300x100.png 300w, https:\/\/www.ai-chenming.com\/wp-content\/uploads\/2025\/09\/30-1024x341.png 1024w, https:\/\/www.ai-chenming.com\/wp-content\/uploads\/2025\/09\/30-768x256.png 768w, https:\/\/www.ai-chenming.com\/wp-content\/uploads\/2025\/09\/30-1536x512.png 1536w, https:\/\/www.ai-chenming.com\/wp-content\/uploads\/2025\/09\/30-18x6.png 18w, https:\/\/www.ai-chenming.com\/wp-content\/uploads\/2025\/09\/30-600x200.png 600w, https:\/\/www.ai-chenming.com\/wp-content\/uploads\/2025\/09\/30.png 1920w\" sizes=\"(max-width: 540px) 100vw, 540px\" \/><\/div>\n<div class=\"text-wrapper\">\n<div class=\"text-wrapper-right text-theme-light text-align-left\">\n<div class=\"text-title\" data-id=\"right-title\">\n<div class=\"preview-edit-text-editor\" data-reactroot=\"\">\n<div id=\"preview-edit-4\" class=\"content-editor\" tabindex=\"1\" contenteditable=\"true\">\n<div><\/div>\n<p>Fonctionnalit\u00e9 :<\/p>\n<\/div>\n<\/div>\n<\/div>\n<div class=\"text-content\" data-id=\"right-content\">\n<div class=\"preview-edit-text-editor\" data-reactroot=\"\">\n<div id=\"preview-edit-3\" class=\"content-editor\" tabindex=\"1\" contenteditable=\"true\">Structure simple et durable Grandes surfaces ouvertes Bord soud\u00e9 ou courb\u00e9 Id\u00e9al pour le transport de produits l\u00e9gers Haute r\u00e9sistance \u00e0 la traction avec \u00e9tirement minimal Excellente r\u00e9sistance aux temp\u00e9ratures \u00e9lev\u00e9es Faible co\u00fbt R\u00e9sistant aux temp\u00e9ratures \u00e9lev\u00e9es Robuste Antirouille<\/div>\n<\/div>\n<\/div>\n<\/div>\n<\/div>\n<\/div>\n<\/div>\n<\/div>\n<\/div>\n<div class=\"editor-component-container-mask\"><\/div>\n<\/div>\n<\/div>\n<div class=\"editor-component-row editor-component-row-relative\">\n<div class=\"editor-component-container\">\n<div class=\"previewer-item-wrap\">\n<div id=\"44677230900\" class=\"J_module\">\n<div class=\"detail-decorate-json-renderer-container\" data-reactroot=\"\">\n<div>\n<div class=\"preview-edit-text-editor\" data-reactroot=\"\">\n<div id=\"preview-edit-1\" class=\"content-editor\" tabindex=\"1\" contenteditable=\"true\"><\/div>\n<\/div>\n<div>\n<div>\n<div data-id=\"paragraph0\">\n<div class=\"preview-edit-text-editor\" data-reactroot=\"\">\n<div id=\"preview-edit-2\" class=\"content-editor\" tabindex=\"1\" contenteditable=\"true\"><b><span style=\"color: #2196ed;\">Diff\u00e9rents types de r\u00e9seaux et de mod\u00e8les sont disponibles Ventes directes \u00e0 l'usine soutien \u00e0 la personnalisation<\/span><\/b><\/div>\n<\/div>\n<\/div>\n<\/div>\n<\/div>\n<\/div>\n<\/div>\n<\/div>\n<\/div>\n<div class=\"editor-component-container-mask\"><\/div>\n<\/div>\n<\/div>\n<div class=\"editor-component-row editor-component-row-relative\">\n<div class=\"editor-component-container\">\n<div class=\"previewer-item-wrap\">\n<div id=\"44677230901\" class=\"J_module\">\n<div class=\"icbu-pc-detailManyImage\" data-reactroot=\"\" data-module-name=\"icbu-pc-detailManyImage\">\n<div><\/div>\n<\/div>\n<\/div>\n<\/div>\n<\/div>\n<\/div>\n<div class=\"editor-component-row editor-component-row-relative\">\n<div class=\"editor-component-container\">\n<div class=\"previewer-item-wrap\">\n<div id=\"44677230920\" class=\"J_module\">\n<div id=\"ali-anchor-AliMagic-7h39nh\" data-reactroot=\"\" data-section=\"AliMagic-7h39nh\" data-section-title=\"FAQ\">FAQ<\/div>\n<\/div>\n<\/div>\n<div class=\"editor-component-container-mask\"><\/div>\n<\/div>\n<\/div>\n<div class=\"editor-component-row editor-component-row-relative\">\n<div class=\"editor-component-container\">\n<div class=\"previewer-item-wrap\">\n<div id=\"44677230921\" class=\"J_module\">\n<div class=\"detail-decorate-json-renderer-container\" data-reactroot=\"\">\n<div>\n<div>\n<div>\n<div>\n<div class=\"preview-edit-text-editor\" data-reactroot=\"\">\n<div id=\"preview-edit-5\" class=\"content-editor\" tabindex=\"1\" contenteditable=\"true\">\n<p>Q1. \u00cates-vous un fabricant ou une soci\u00e9t\u00e9 commerciale ?<\/p>\n<div>\n<p>R : Nous sommes un fabricant professionnel avec 15 ans d'exp\u00e9rience dans l'industrie.<\/p>\n<p>Q2.Comment pouvons-nous garantir la qualit\u00e9 ?<br \/>\nR : Un \u00e9chantillon est toujours pr\u00e9lev\u00e9 avant la production en s\u00e9rie et un contr\u00f4le final est effectu\u00e9 avant l'exp\u00e9dition.<\/p>\n<p>Q3. Fournissez-vous des \u00e9chantillons ?<br \/>\nR:Oui, nous pouvons offrir des \u00e9chantillons de pi\u00e8ces de convoyeur gratuitement, mais l'acheteur doit payer les frais d'exp\u00e9dition.<\/p>\n<p>Q4. Quel est le mode de paiement ?<\/p>\n<\/div>\n<div>\n<p>R : T\/T, L\/C \u00e0 vue, Paypal, Western Union sont tous accept\u00e9s. Si vous avez d'autres moyens de paiement, veuillez me contacter.<\/p>\n<p>Q5.Quel est le d\u00e9lai de livraison ?<br \/>\nR : En g\u00e9n\u00e9ral, le d\u00e9lai est de 5 \u00e0 10 jours si les marchandises sont en stock, ou de 15 \u00e0 20 jours si les marchandises ne sont pas en stock.<br \/>\nquantit\u00e9.<\/p>\n<p>Q6. Quel est le mode d'exp\u00e9dition ?<br \/>\nR : Par voie maritime ou a\u00e9rienne, Fedex, DHL, UPS, TNT, etc.<\/p>\n<p>Q7. Votre produit b\u00e9n\u00e9ficie-t-il d'une p\u00e9riode de garantie ?<\/p>\n<\/div>\n<div>\n<p>R : Nos produits sont g\u00e9n\u00e9ralement garantis un an. Nous disposons d'une solide force technique, d'une capacit\u00e9 de d\u00e9veloppement de produits et d'une \u00e9quipe professionnelle de service apr\u00e8s-vente.<\/p>\n<p>Q8 : Qu'en est-il du service apr\u00e8s-vente ?<br \/>\nR : Pas de probl\u00e8me, le service client\u00e8le en ligne est \u00e0 votre disposition 24 heures sur 24, des conseils \u00e0 distance gratuits pour les machines et les \u00e9quipements, nous pouvons \u00e9galement envoyer nos ing\u00e9nieurs sur le site pour installer ou r\u00e9parer la machine le cas \u00e9ch\u00e9ant, mais cela peut entra\u00eener certains frais. Si vous avez des questions, vous pouvez y r\u00e9pondre \u00e0 temps via WhatsApp ou WeChat.<\/p>\n<div><span style=\"color: #2196ed;\">Si vous avez d'autres questions, n'h\u00e9sitez pas \u00e0 me contacter.<\/span><\/div>\n<\/div>\n<\/div>\n<\/div>\n<\/div>\n<\/div>\n<\/div>\n<\/div>\n<\/div>\n<\/div>\n<\/div>\n<div class=\"editor-component-container-mask\"><\/div>\n<\/div>\n<\/div>\n<div class=\"editor-component-row editor-component-row-relative\">\n<div class=\"editor-component-container\">\n<div class=\"previewer-item-wrap\">\n<div id=\"44677230922\" class=\"J_module\">\n<div class=\"icbu-pc-images\" data-reactroot=\"\">\n<div>\n<div class=\"flex-layout-v\">\n<div class=\"flex-layout-h\">\n<div>\n<div class=\"preview-image-edit\">\n<div class=\"preview-edit-image-item\" data-reactroot=\"\"><\/div>\n<\/div>\n<p><img decoding=\"async\" src=\"https:\/\/sc04.alicdn.com\/kf\/H3ab1dc4092954126803df7a0a6b73681V\/284464100\/H3ab1dc4092954126803df7a0a6b73681V.png\" data-id=\"child-image-0\" \/><\/p>\n<\/div>\n<\/div>\n<\/div>\n<\/div>\n<\/div>\n<\/div>\n<\/div>\n<\/div>\n<\/div>","protected":false},"excerpt":{"rendered":"<p>syst\u00e8me de contr\u00f4le des convoyeurs machine \u00e0 bande transporteuse bande \u00e0 mailles en acier inoxydable cha\u00eene de table en acier inoxydable pour convoyeurs<\/p>","protected":false},"featured_media":4706,"template":"","meta":{"_acf_changed":false,"_seopress_robots_primary_cat":"none","_seopress_titles_title":"Food Grade Stainless Steel Conveyor Belt Conveyor Product Automation Machine Stainless Steel Spiral Chain Mesh Belt Open Mesh","_seopress_titles_desc":"conveyor control system conveyor belt machine stainless steel mesh belt stainless steel table top chain for conveyors","_seopress_robots_index":"","_uag_custom_page_level_css":"","site-sidebar-layout":"default","site-content-layout":"","ast-site-content-layout":"default","site-content-style":"default","site-sidebar-style":"default","ast-global-header-display":"","ast-banner-title-visibility":"","ast-main-header-display":"","ast-hfb-above-header-display":"","ast-hfb-below-header-display":"","ast-hfb-mobile-header-display":"","site-post-title":"","ast-breadcrumbs-content":"","ast-featured-img":"","footer-sml-layout":"","theme-transparent-header-meta":"default","adv-header-id-meta":"","stick-header-meta":"","header-above-stick-meta":"","header-main-stick-meta":"","header-below-stick-meta":"","astra-migrate-meta-layouts":"set","ast-page-background-enabled":"default","ast-page-background-meta":{"desktop":{"background-color":"","background-image":"","background-repeat":"repeat","background-position":"center center","background-size":"auto","background-attachment":"scroll","background-type":"","background-media":"","overlay-type":"","overlay-color":"","overlay-opacity":"","overlay-gradient":""},"tablet":{"background-color":"","background-image":"","background-repeat":"repeat","background-position":"center center","background-size":"auto","background-attachment":"scroll","background-type":"","background-media":"","overlay-type":"","overlay-color":"","overlay-opacity":"","overlay-gradient":""},"mobile":{"background-color":"","background-image":"","background-repeat":"repeat","background-position":"center center","background-size":"auto","background-attachment":"scroll","background-type":"","background-media":"","overlay-type":"","overlay-color":"","overlay-opacity":"","overlay-gradient":""}},"ast-content-background-meta":{"desktop":{"background-color":"var(--ast-global-color-5)","background-image":"","background-repeat":"repeat","background-position":"center center","background-size":"auto","background-attachment":"scroll","background-type":"","background-media":"","overlay-type":"","overlay-color":"","overlay-opacity":"","overlay-gradient":""},"tablet":{"background-color":"var(--ast-global-color-5)","background-image":"","background-repeat":"repeat","background-position":"center center","background-size":"auto","background-attachment":"scroll","background-type":"","background-media":"","overlay-type":"","overlay-color":"","overlay-opacity":"","overlay-gradient":""},"mobile":{"background-color":"var(--ast-global-color-5)","background-image":"","background-repeat":"repeat","background-position":"center center","background-size":"auto","background-attachment":"scroll","background-type":"","background-media":"","overlay-type":"","overlay-color":"","overlay-opacity":"","overlay-gradient":""}}},"product_brand":[131],"product_cat":[96,97],"product_tag":[840,843,842,845,844,841,839],"class_list":{"0":"post-6376","1":"product","2":"type-product","3":"status-publish","4":"has-post-thumbnail","6":"product_brand-chenming","7":"product_cat-belt-conveyor","8":"product_cat-chain-conveyor","9":"product_tag-conveyor-machine-chain-conveyor-belt-cooling-belt-transport-band","10":"product_tag-conveyors","11":"product_tag-food-grade-stainless-steel-304-mesh-belt-conveyor","12":"product_tag-food-grade-stainless-steel-conveyor","13":"product_tag-high-quality","14":"product_tag-industry-conveyor","15":"product_tag-strong-power-factory-design-new-chain-mesh-conveyor-machine-for-material-transmission","16":"desktop-align-center","17":"tablet-align-center","18":"mobile-align-left","19":"ast-product-gallery-layout-horizontal-slider","20":"ast-product-tabs-layout-horizontal","21":"ast-qv-on-image","23":"first","24":"instock","25":"sale","26":"shipping-taxable","27":"purchasable","28":"product-type-simple"},"acf":[],"uagb_featured_image_src":{"full":["https:\/\/www.ai-chenming.com\/wp-content\/uploads\/2025\/08\/f395108c-4184-4595-9ac3-dbd13a372caa.png",299,299,false],"thumbnail":["https:\/\/www.ai-chenming.com\/wp-content\/uploads\/2025\/08\/f395108c-4184-4595-9ac3-dbd13a372caa-150x150.png",150,150,true],"medium":["https:\/\/www.ai-chenming.com\/wp-content\/uploads\/2025\/08\/f395108c-4184-4595-9ac3-dbd13a372caa.png",299,299,false],"medium_large":["https:\/\/www.ai-chenming.com\/wp-content\/uploads\/2025\/08\/f395108c-4184-4595-9ac3-dbd13a372caa.png",299,299,false],"large":["https:\/\/www.ai-chenming.com\/wp-content\/uploads\/2025\/08\/f395108c-4184-4595-9ac3-dbd13a372caa.png",299,299,false],"1536x1536":["https:\/\/www.ai-chenming.com\/wp-content\/uploads\/2025\/08\/f395108c-4184-4595-9ac3-dbd13a372caa.png",299,299,false],"2048x2048":["https:\/\/www.ai-chenming.com\/wp-content\/uploads\/2025\/08\/f395108c-4184-4595-9ac3-dbd13a372caa.png",299,299,false],"trp-custom-language-flag":["https:\/\/www.ai-chenming.com\/wp-content\/uploads\/2025\/08\/f395108c-4184-4595-9ac3-dbd13a372caa-12x12.png",12,12,true],"woocommerce_thumbnail":["https:\/\/www.ai-chenming.com\/wp-content\/uploads\/2025\/08\/f395108c-4184-4595-9ac3-dbd13a372caa.png",299,299,false],"woocommerce_single":["https:\/\/www.ai-chenming.com\/wp-content\/uploads\/2025\/08\/f395108c-4184-4595-9ac3-dbd13a372caa.png",299,299,false],"woocommerce_gallery_thumbnail":["https:\/\/www.ai-chenming.com\/wp-content\/uploads\/2025\/08\/f395108c-4184-4595-9ac3-dbd13a372caa-100x100.png",100,100,true]},"uagb_author_info":{"display_name":"chenming","author_link":"https:\/\/www.ai-chenming.com\/fr\/author\/"},"uagb_comment_info":0,"uagb_excerpt":"conveyor control system conveyor belt machine stainless steel mesh belt stainless steel table top chain for conveyors","_links":{"self":[{"href":"https:\/\/www.ai-chenming.com\/fr\/wp-json\/wp\/v2\/product\/6376","targetHints":{"allow":["GET"]}}],"collection":[{"href":"https:\/\/www.ai-chenming.com\/fr\/wp-json\/wp\/v2\/product"}],"about":[{"href":"https:\/\/www.ai-chenming.com\/fr\/wp-json\/wp\/v2\/types\/product"}],"wp:featuredmedia":[{"embeddable":true,"href":"https:\/\/www.ai-chenming.com\/fr\/wp-json\/wp\/v2\/media\/4706"}],"wp:attachment":[{"href":"https:\/\/www.ai-chenming.com\/fr\/wp-json\/wp\/v2\/media?parent=6376"}],"wp:term":[{"taxonomy":"product_brand","embeddable":true,"href":"https:\/\/www.ai-chenming.com\/fr\/wp-json\/wp\/v2\/product_brand?post=6376"},{"taxonomy":"product_cat","embeddable":true,"href":"https:\/\/www.ai-chenming.com\/fr\/wp-json\/wp\/v2\/product_cat?post=6376"},{"taxonomy":"product_tag","embeddable":true,"href":"https:\/\/www.ai-chenming.com\/fr\/wp-json\/wp\/v2\/product_tag?post=6376"}],"curies":[{"name":"wp","href":"https:\/\/api.w.org\/{rel}","templated":true}]}}