{"id":6366,"date":"2025-09-10T01:59:01","date_gmt":"2025-09-10T01:59:01","guid":{"rendered":"https:\/\/www.ai-chenming.com\/?post_type=product&#038;p=6366"},"modified":"2025-09-16T03:17:32","modified_gmt":"2025-09-16T03:17:32","slug":"mobile-flexible-belt-conveyor-telescopic-conveyer-combined-for-container-truck-conveyor-system-warehouse-loading-unloading","status":"publish","type":"product","link":"https:\/\/www.ai-chenming.com\/fr\/produit\/mobile-flexible-belt-conveyor-telescopic-conveyer-combined-for-container-truck-conveyor-system-warehouse-loading-unloading\/","title":{"rendered":"Convoyeur \u00e0 bande flexible mobile Convoyeur t\u00e9lescopique combin\u00e9 pour convoyeur de camion porte-conteneurs Syst\u00e8me de chargement et de d\u00e9chargement d'entrep\u00f4t"},"content":{"rendered":"<div class=\"editor-component-row editor-component-row-relative\">\n<div class=\"editor-component-container\">\n<div class=\"previewer-item-wrap\">\n<div id=\"44332770302\" class=\"J_module\">\n<div id=\"ali-anchor-AliMagic-nvr4k3\" data-reactroot=\"\" data-section=\"AliMagic-nvr4k3\" data-section-title=\"Product Description\" data-spm-anchor-id=\"a2700.pc-decorate.0.i2.14c93333VSI3mW\">Description du produit<\/div>\n<\/div>\n<\/div>\n<\/div>\n<\/div>\n<div class=\"editor-component-row editor-component-row-relative\">\n<div class=\"editor-component-container\">\n<div class=\"previewer-item-wrap\">\n<div id=\"44775366021\" class=\"J_module\">\n<div class=\"icbu-pc-detailManyImage\" data-reactroot=\"\" data-module-name=\"icbu-pc-detailManyImage\"><\/div>\n<\/div>\n<\/div>\n<\/div>\n<\/div>\n<div class=\"editor-component-row editor-component-row-relative\">\n<div class=\"editor-component-container\">\n<div class=\"previewer-item-wrap\">\n<div id=\"44332770310\" class=\"J_module\">\n<div class=\"icbu-pc-images\" data-reactroot=\"\">\n<div class=\"flex-layout-v\">\n<div class=\"flex-layout-h\">\n<div>\n<div class=\"preview-image-edit\">\n<div class=\"preview-edit-image-item\" data-reactroot=\"\"><\/div>\n<\/div>\n<p><img alt=\"\" fetchpriority=\"high\" decoding=\"async\" class=\"wp-image-6859 aligncenter\" src=\"https:\/\/www.ai-chenming.com\/wp-content\/uploads\/2025\/09\/32-300x300.png\" width=\"362\" height=\"362\" srcset=\"https:\/\/www.ai-chenming.com\/wp-content\/uploads\/2025\/09\/32-300x300.png 300w, https:\/\/www.ai-chenming.com\/wp-content\/uploads\/2025\/09\/32-150x150.png 150w, https:\/\/www.ai-chenming.com\/wp-content\/uploads\/2025\/09\/32-12x12.png 12w, https:\/\/www.ai-chenming.com\/wp-content\/uploads\/2025\/09\/32-450x450.png 450w, https:\/\/www.ai-chenming.com\/wp-content\/uploads\/2025\/09\/32-600x600.png 600w, https:\/\/www.ai-chenming.com\/wp-content\/uploads\/2025\/09\/32-100x100.png 100w, https:\/\/www.ai-chenming.com\/wp-content\/uploads\/2025\/09\/32.png 640w\" sizes=\"(max-width: 362px) 100vw, 362px\" \/><\/p>\n<p>Le convoyeur \u00e0 rouleaux convient au transport d'objets sur le plan inf\u00e9rieur. Il se compose principalement d'un convoyeur \u00e0 rouleaux d'entra\u00eenement, d'un cadre, d'un support, d'une partie motrice, etc. Il pr\u00e9sente les caract\u00e9ristiques suivantes : grande capacit\u00e9 de transport, grande vitesse, vitesse rapide, forte capacit\u00e9 de charge, etc. Le convoyeur \u00e0 rouleaux et les autres convoyeurs constituent un syst\u00e8me complexe de transport de mat\u00e9riaux. Il peut \u00eatre divis\u00e9 en rouleaux non motoris\u00e9s, rouleaux motoris\u00e9s et rouleaux \u00e9lectriques. Il peut \u00eatre divis\u00e9 en convoyage horizontal, en convoyage tournant et en convoyage inclin\u00e9 en fonction de la disposition.<\/p>\n<p><img alt=\"\" decoding=\"async\" class=\"wp-image-6806 aligncenter\" src=\"https:\/\/www.ai-chenming.com\/wp-content\/uploads\/2025\/09\/4-2-300x212.png\" width=\"367\" height=\"259\" srcset=\"https:\/\/www.ai-chenming.com\/wp-content\/uploads\/2025\/09\/4-2-300x212.png 300w, https:\/\/www.ai-chenming.com\/wp-content\/uploads\/2025\/09\/4-2-1024x724.png 1024w, https:\/\/www.ai-chenming.com\/wp-content\/uploads\/2025\/09\/4-2-768x543.png 768w, https:\/\/www.ai-chenming.com\/wp-content\/uploads\/2025\/09\/4-2-1536x1086.png 1536w, https:\/\/www.ai-chenming.com\/wp-content\/uploads\/2025\/09\/4-2-2048x1448.png 2048w, https:\/\/www.ai-chenming.com\/wp-content\/uploads\/2025\/09\/4-2-18x12.png 18w, https:\/\/www.ai-chenming.com\/wp-content\/uploads\/2025\/09\/4-2-600x424.png 600w\" sizes=\"(max-width: 367px) 100vw, 367px\" \/><\/p>\n<\/div>\n<\/div>\n<\/div>\n<\/div>\n<\/div>\n<\/div>\n<\/div>\n<\/div>\n<div class=\"editor-component-row editor-component-row-relative\">\n<div class=\"editor-component-container\">\n<div class=\"previewer-item-wrap\">\n<div id=\"44332770323\" class=\"J_module\">\n<div id=\"ali-anchor-AliMagic-9o57cs\" data-reactroot=\"\" data-section=\"AliMagic-9o57cs\" data-section-title=\"FAQ\">FAQ<\/div>\n<div data-reactroot=\"\" data-section=\"AliMagic-9o57cs\" data-section-title=\"FAQ\"><\/div>\n<div data-reactroot=\"\" data-section=\"AliMagic-9o57cs\" data-section-title=\"FAQ\">1. Pouvons-nous imprimer notre logo sur l'emballage du produit ?<\/div>\n<div data-reactroot=\"\" data-section=\"AliMagic-9o57cs\" data-section-title=\"FAQ\">Bien s\u00fbr, nous pouvons le faire. Il vous suffit de nous envoyer votre logo.<\/div>\n<div data-reactroot=\"\" data-section=\"AliMagic-9o57cs\" data-section-title=\"FAQ\"><\/div>\n<div data-reactroot=\"\" data-section=\"AliMagic-9o57cs\" data-section-title=\"FAQ\">2. acceptez-vous les petites commandes ?<\/div>\n<div data-reactroot=\"\" data-section=\"AliMagic-9o57cs\" data-section-title=\"FAQ\">Oui, si vous \u00eates un petit d\u00e9taillant ou si vous d\u00e9marrez une activit\u00e9, nous sommes tout \u00e0 fait dispos\u00e9s \u00e0 nous d\u00e9velopper avec vous. Nous sommes impatients de construire une relation \u00e0 long terme avec vous.<\/div>\n<div data-reactroot=\"\" data-section=\"AliMagic-9o57cs\" data-section-title=\"FAQ\"><\/div>\n<div data-reactroot=\"\" data-section=\"AliMagic-9o57cs\" data-section-title=\"FAQ\">3. puis-je obtenir un \u00e9chantillon avant de passer commande ?<\/div>\n<div data-reactroot=\"\" data-section=\"AliMagic-9o57cs\" data-section-title=\"FAQ\">Oui, nous sommes une usine et nous pouvons vous fournir des \u00e9chantillons.<\/div>\n<div data-reactroot=\"\" data-section=\"AliMagic-9o57cs\" data-section-title=\"FAQ\"><\/div>\n<div data-reactroot=\"\" data-section=\"AliMagic-9o57cs\" data-section-title=\"FAQ\">4. pourquoi devriez-vous acheter chez nous plut\u00f4t que chez d'autres fournisseurs ?<\/div>\n<div data-reactroot=\"\" data-section=\"AliMagic-9o57cs\" data-section-title=\"FAQ\">Tout d'abord, nous disposons d'un syst\u00e8me de gestion parfait, nous utilisons pleinement les avantages des ressources existantes, nous adh\u00e9rons \u00e0 l'orientation du march\u00e9, nous d\u00e9veloppons nos capacit\u00e9s commerciales et nous coop\u00e9rons sinc\u00e8rement avec nos clients en leur proposant les prix les plus favorables et les produits de la meilleure qualit\u00e9 ; ensuite, nous disposons d'une \u00e9norme capacit\u00e9 de production pour vous livrer dans les d\u00e9lais ; un service apr\u00e8s-vente de haute qualit\u00e9 vous permet d'acheter en toute s\u00e9r\u00e9nit\u00e9 !<\/div>\n<\/div>\n<\/div>\n<\/div>\n<\/div>","protected":false},"excerpt":{"rendered":"<p>Chargement de cartons Chargement de marchandises Logistique Tri de paquets Chargement de bo\u00eetes \u00e0 boissons Chargement de moteurs Chargement de conteneurs D\u00e9chargement d'entrep\u00f4ts<\/p>","protected":false},"featured_media":6372,"template":"","meta":{"_acf_changed":false,"_seopress_robots_primary_cat":"none","_seopress_titles_title":"Mobile Flexible Belt Conveyor Telescopic Conveyer Combined for Container Truck Conveyor System Warehouse Loading Unloading","_seopress_titles_desc":"Carton loading cargo loading logistics package sorting loading beverage box loading motor loading container warehouse unloading","_seopress_robots_index":"","_uag_custom_page_level_css":"","site-sidebar-layout":"default","site-content-layout":"","ast-site-content-layout":"default","site-content-style":"default","site-sidebar-style":"default","ast-global-header-display":"","ast-banner-title-visibility":"","ast-main-header-display":"","ast-hfb-above-header-display":"","ast-hfb-below-header-display":"","ast-hfb-mobile-header-display":"","site-post-title":"","ast-breadcrumbs-content":"","ast-featured-img":"","footer-sml-layout":"","theme-transparent-header-meta":"default","adv-header-id-meta":"","stick-header-meta":"","header-above-stick-meta":"","header-main-stick-meta":"","header-below-stick-meta":"","astra-migrate-meta-layouts":"set","ast-page-background-enabled":"default","ast-page-background-meta":{"desktop":{"background-color":"","background-image":"","background-repeat":"repeat","background-position":"center center","background-size":"auto","background-attachment":"scroll","background-type":"","background-media":"","overlay-type":"","overlay-color":"","overlay-opacity":"","overlay-gradient":""},"tablet":{"background-color":"","background-image":"","background-repeat":"repeat","background-position":"center center","background-size":"auto","background-attachment":"scroll","background-type":"","background-media":"","overlay-type":"","overlay-color":"","overlay-opacity":"","overlay-gradient":""},"mobile":{"background-color":"","background-image":"","background-repeat":"repeat","background-position":"center center","background-size":"auto","background-attachment":"scroll","background-type":"","background-media":"","overlay-type":"","overlay-color":"","overlay-opacity":"","overlay-gradient":""}},"ast-content-background-meta":{"desktop":{"background-color":"var(--ast-global-color-5)","background-image":"","background-repeat":"repeat","background-position":"center center","background-size":"auto","background-attachment":"scroll","background-type":"","background-media":"","overlay-type":"","overlay-color":"","overlay-opacity":"","overlay-gradient":""},"tablet":{"background-color":"var(--ast-global-color-5)","background-image":"","background-repeat":"repeat","background-position":"center center","background-size":"auto","background-attachment":"scroll","background-type":"","background-media":"","overlay-type":"","overlay-color":"","overlay-opacity":"","overlay-gradient":""},"mobile":{"background-color":"var(--ast-global-color-5)","background-image":"","background-repeat":"repeat","background-position":"center center","background-size":"auto","background-attachment":"scroll","background-type":"","background-media":"","overlay-type":"","overlay-color":"","overlay-opacity":"","overlay-gradient":""}}},"product_brand":[131],"product_cat":[98,96],"product_tag":[406,405,837,320,402,838],"class_list":{"0":"post-6366","1":"product","2":"type-product","3":"status-publish","4":"has-post-thumbnail","6":"product_brand-chenming","7":"product_cat-roller-conveyor","8":"product_cat-belt-conveyor","9":"product_tag-inclined-belt-conveyor","10":"product_tag-portable-conveyor-for-truck-unloading","11":"product_tag-portable-telescopic-belt-conveyor","12":"product_tag-reversible-belt-conveyor","13":"product_tag-telescopic-belt-conveyor","14":"product_tag-truck-loading-and-unloading-portable-telescopic-belt-conveyor","15":"desktop-align-center","16":"tablet-align-center","17":"mobile-align-left","18":"ast-product-gallery-layout-horizontal-slider","19":"ast-product-tabs-layout-horizontal","20":"ast-qv-on-image","22":"first","23":"instock","24":"sale","25":"shipping-taxable","26":"purchasable","27":"product-type-simple"},"acf":[],"uagb_featured_image_src":{"full":["https:\/\/www.ai-chenming.com\/wp-content\/uploads\/2025\/09\/56de9b0f-ee1c-4d6a-b236-8b5a67293fe2.png",640,640,false],"thumbnail":["https:\/\/www.ai-chenming.com\/wp-content\/uploads\/2025\/09\/56de9b0f-ee1c-4d6a-b236-8b5a67293fe2-150x150.png",150,150,true],"medium":["https:\/\/www.ai-chenming.com\/wp-content\/uploads\/2025\/09\/56de9b0f-ee1c-4d6a-b236-8b5a67293fe2-300x300.png",300,300,true],"medium_large":["https:\/\/www.ai-chenming.com\/wp-content\/uploads\/2025\/09\/56de9b0f-ee1c-4d6a-b236-8b5a67293fe2.png",640,640,false],"large":["https:\/\/www.ai-chenming.com\/wp-content\/uploads\/2025\/09\/56de9b0f-ee1c-4d6a-b236-8b5a67293fe2.png",640,640,false],"1536x1536":["https:\/\/www.ai-chenming.com\/wp-content\/uploads\/2025\/09\/56de9b0f-ee1c-4d6a-b236-8b5a67293fe2.png",640,640,false],"2048x2048":["https:\/\/www.ai-chenming.com\/wp-content\/uploads\/2025\/09\/56de9b0f-ee1c-4d6a-b236-8b5a67293fe2.png",640,640,false],"trp-custom-language-flag":["https:\/\/www.ai-chenming.com\/wp-content\/uploads\/2025\/09\/56de9b0f-ee1c-4d6a-b236-8b5a67293fe2-12x12.png",12,12,true],"woocommerce_thumbnail":["https:\/\/www.ai-chenming.com\/wp-content\/uploads\/2025\/09\/56de9b0f-ee1c-4d6a-b236-8b5a67293fe2-450x450.png",450,450,true],"woocommerce_single":["https:\/\/www.ai-chenming.com\/wp-content\/uploads\/2025\/09\/56de9b0f-ee1c-4d6a-b236-8b5a67293fe2-600x600.png",600,600,true],"woocommerce_gallery_thumbnail":["https:\/\/www.ai-chenming.com\/wp-content\/uploads\/2025\/09\/56de9b0f-ee1c-4d6a-b236-8b5a67293fe2-100x100.png",100,100,true]},"uagb_author_info":{"display_name":"chenming","author_link":"https:\/\/www.ai-chenming.com\/fr\/author\/"},"uagb_comment_info":0,"uagb_excerpt":"Carton loading cargo loading logistics package sorting loading beverage box loading motor loading container warehouse unloading","_links":{"self":[{"href":"https:\/\/www.ai-chenming.com\/fr\/wp-json\/wp\/v2\/product\/6366","targetHints":{"allow":["GET"]}}],"collection":[{"href":"https:\/\/www.ai-chenming.com\/fr\/wp-json\/wp\/v2\/product"}],"about":[{"href":"https:\/\/www.ai-chenming.com\/fr\/wp-json\/wp\/v2\/types\/product"}],"wp:featuredmedia":[{"embeddable":true,"href":"https:\/\/www.ai-chenming.com\/fr\/wp-json\/wp\/v2\/media\/6372"}],"wp:attachment":[{"href":"https:\/\/www.ai-chenming.com\/fr\/wp-json\/wp\/v2\/media?parent=6366"}],"wp:term":[{"taxonomy":"product_brand","embeddable":true,"href":"https:\/\/www.ai-chenming.com\/fr\/wp-json\/wp\/v2\/product_brand?post=6366"},{"taxonomy":"product_cat","embeddable":true,"href":"https:\/\/www.ai-chenming.com\/fr\/wp-json\/wp\/v2\/product_cat?post=6366"},{"taxonomy":"product_tag","embeddable":true,"href":"https:\/\/www.ai-chenming.com\/fr\/wp-json\/wp\/v2\/product_tag?post=6366"}],"curies":[{"name":"wp","href":"https:\/\/api.w.org\/{rel}","templated":true}]}}