{"id":6356,"date":"2025-09-10T01:49:44","date_gmt":"2025-09-10T01:49:44","guid":{"rendered":"https:\/\/www.ai-chenming.com\/?post_type=product&#038;p=6356"},"modified":"2025-09-16T03:24:25","modified_gmt":"2025-09-16T03:24:25","slug":"gravity-roller-conveyors-for-template-transport-powered-roller-conveyor-system-for-pallet-transport-motorized-roller-conveyor","status":"publish","type":"product","link":"https:\/\/www.ai-chenming.com\/fr\/produit\/gravity-roller-conveyors-for-template-transport-powered-roller-conveyor-system-for-pallet-transport-motorized-roller-conveyor\/","title":{"rendered":"Convoyeurs \u00e0 rouleaux par gravit\u00e9 pour le transport de gabarits Syst\u00e8me de convoyeurs \u00e0 rouleaux motoris\u00e9s pour le transport de palettes Convoyeur \u00e0 rouleaux motoris\u00e9s"},"content":{"rendered":"<div class=\"editor-component-row editor-component-row-relative\">\n<div class=\"editor-component-container\">\n<div class=\"previewer-item-wrap\">\n<div id=\"45759168158\" class=\"J_module\">\n<div id=\"ali-anchor-AliMagic-xgwxdj\" data-reactroot=\"\" data-section=\"AliMagic-xgwxdj\" data-section-title=\"Product Description\" data-spm-anchor-id=\"a2700.pc-decorate.0.i2.62fd3333mZAjj6\">Description du produit<\/div>\n<\/div>\n<\/div>\n<div class=\"editor-component-container-mask\">\n<div style=\"width: 1280px;\" class=\"wp-video\"><!--[if lt IE 9]><script>document.createElement('video');<\/script><![endif]-->\n<video class=\"wp-video-shortcode\" id=\"video-6356-1\" width=\"1280\" height=\"720\" preload=\"metadata\" controls=\"controls\"><source type=\"video\/mp4\" src=\"https:\/\/www.ai-chenming.com\/wp-content\/uploads\/2025\/09\/6000307274203.mp4?_=1\" \/><a href=\"https:\/\/www.ai-chenming.com\/wp-content\/uploads\/2025\/09\/6000307274203.mp4\">https:\/\/www.ai-chenming.com\/wp-content\/uploads\/2025\/09\/6000307274203.mp4<\/a><\/video><\/div>\n<p><img alt=\"\" fetchpriority=\"high\" decoding=\"async\" class=\"wp-image-6861 aligncenter\" src=\"https:\/\/www.ai-chenming.com\/wp-content\/uploads\/2025\/09\/33-300x150.png\" width=\"366\" height=\"183\" srcset=\"https:\/\/www.ai-chenming.com\/wp-content\/uploads\/2025\/09\/33-300x150.png 300w, https:\/\/www.ai-chenming.com\/wp-content\/uploads\/2025\/09\/33-1024x512.png 1024w, https:\/\/www.ai-chenming.com\/wp-content\/uploads\/2025\/09\/33-768x384.png 768w, https:\/\/www.ai-chenming.com\/wp-content\/uploads\/2025\/09\/33-18x9.png 18w, https:\/\/www.ai-chenming.com\/wp-content\/uploads\/2025\/09\/33-600x300.png 600w, https:\/\/www.ai-chenming.com\/wp-content\/uploads\/2025\/09\/33.png 1280w\" sizes=\"(max-width: 366px) 100vw, 366px\" \/>Le convoyeur \u00e0 rouleaux convient au transport d'objets sur le plan inf\u00e9rieur. Il se compose principalement d'un convoyeur \u00e0 rouleaux d'entra\u00eenement, d'un cadre, d'un support, d'une partie motrice, etc. Il pr\u00e9sente les caract\u00e9ristiques suivantes : grande capacit\u00e9 de transport, grande vitesse, vitesse rapide, forte capacit\u00e9 de charge, etc. Le convoyeur \u00e0 rouleaux et les autres convoyeurs constituent un syst\u00e8me complexe de transport de mat\u00e9riaux. Il peut \u00eatre divis\u00e9 en rouleaux non motoris\u00e9s, rouleaux motoris\u00e9s et rouleaux \u00e9lectriques. Il peut \u00eatre divis\u00e9 en convoyage horizontal, en convoyage tournant et en convoyage inclin\u00e9 en fonction de la disposition.<\/p>\n<p><img alt=\"\" decoding=\"async\" class=\"wp-image-6806 aligncenter\" src=\"https:\/\/www.ai-chenming.com\/wp-content\/uploads\/2025\/09\/4-2-300x212.png\" width=\"361\" height=\"255\" srcset=\"https:\/\/www.ai-chenming.com\/wp-content\/uploads\/2025\/09\/4-2-300x212.png 300w, https:\/\/www.ai-chenming.com\/wp-content\/uploads\/2025\/09\/4-2-1024x724.png 1024w, https:\/\/www.ai-chenming.com\/wp-content\/uploads\/2025\/09\/4-2-768x543.png 768w, https:\/\/www.ai-chenming.com\/wp-content\/uploads\/2025\/09\/4-2-1536x1086.png 1536w, https:\/\/www.ai-chenming.com\/wp-content\/uploads\/2025\/09\/4-2-2048x1448.png 2048w, https:\/\/www.ai-chenming.com\/wp-content\/uploads\/2025\/09\/4-2-18x12.png 18w, https:\/\/www.ai-chenming.com\/wp-content\/uploads\/2025\/09\/4-2-600x424.png 600w\" sizes=\"(max-width: 361px) 100vw, 361px\" \/><\/p>\n<\/div>\n<\/div>\n<\/div>\n<div class=\"editor-component-row editor-component-row-relative\">\n<div class=\"editor-component-container\">\n<div class=\"previewer-item-wrap\">\n<div id=\"45759168160\" class=\"J_module\">\n<div class=\"ife-detail-decorate-table\" data-reactroot=\"\">\n<table>\n<tbody>\n<tr>\n<td>Type de transport<\/td>\n<td>Convoyeur \u00e0 rouleaux par gravit\u00e9<\/td>\n<\/tr>\n<tr>\n<td>Options de fonctionnement<\/td>\n<td>\u00a0convoyeur fixe<\/td>\n<\/tr>\n<tr>\n<td>Personnalisation<\/td>\n<td>la taille, la couleur, etc.<\/td>\n<\/tr>\n<tr>\n<td>Mat\u00e9riaux<\/td>\n<td>Acier inoxydable \/ mat\u00e9riau en option<\/td>\n<\/tr>\n<\/tbody>\n<\/table>\n<\/div>\n<\/div>\n<\/div>\n<\/div>\n<\/div>\n<div class=\"editor-component-row editor-component-row-relative\">\n<div class=\"editor-component-container\">\n<div class=\"editor-component-container-mask\"><\/div>\n<\/div>\n<\/div>\n<div class=\"editor-component-row editor-component-row-relative\">\n<div class=\"editor-component-container\">\n<div class=\"previewer-item-wrap\">\n<div id=\"45759168182\" class=\"J_module\">\n<div id=\"ali-anchor-AliMagic-utgrh1\" data-reactroot=\"\" data-section=\"AliMagic-utgrh1\" data-section-title=\"FAQ\">FAQ<\/div>\n<\/div>\n<\/div>\n<div class=\"editor-component-container-mask\"><\/div>\n<\/div>\n<\/div>\n<div class=\"editor-component-row editor-component-row-relative\">\n<div class=\"editor-component-container\">\n<div class=\"previewer-item-wrap\">\n<div id=\"45759168183\" class=\"J_module\">\n<div class=\"detail-decorate-json-renderer-container\" data-reactroot=\"\">\n<div>\n<div>\n<div>\n<div>\n<div class=\"preview-edit-text-editor\" data-reactroot=\"\">\n<div id=\"preview-edit-2\" class=\"content-editor\" tabindex=\"1\" contenteditable=\"true\">\n<p>Q1. \u00cates-vous un fabricant ou une soci\u00e9t\u00e9 commerciale ?<\/p>\n<div>\n<p>R : Nous sommes un fabricant professionnel avec 15 ans d'exp\u00e9rience dans l'industrie.<\/p>\n<p>Q2.Comment pouvons-nous garantir la qualit\u00e9 ?<br \/>\nR : Un \u00e9chantillon est toujours pr\u00e9lev\u00e9 avant la production en s\u00e9rie et un contr\u00f4le final est effectu\u00e9 avant l'exp\u00e9dition.<\/p>\n<p>Q3. Fournissez-vous des \u00e9chantillons ?<br \/>\nR:Oui, nous pouvons offrir des \u00e9chantillons de pi\u00e8ces de convoyeur gratuitement, mais l'acheteur doit payer les frais d'exp\u00e9dition.<\/p>\n<p>Q4. Quel est le mode de paiement ?<\/p>\n<div>\n<p>R : T\/T, L\/C \u00e0 vue, Paypal, Western Union sont tous accept\u00e9s. Si vous avez d'autres moyens de paiement, veuillez me contacter.<\/p>\n<p>Q5.Quel est le d\u00e9lai de livraison ?<br \/>\nR : En g\u00e9n\u00e9ral, le d\u00e9lai est de 5 \u00e0 10 jours si les marchandises sont en stock, ou de 15 \u00e0 20 jours si les marchandises ne sont pas en stock.<br \/>\nquantit\u00e9.<\/p>\n<p>Q6. Quel est le mode d'exp\u00e9dition ?<br \/>\nR : Par voie maritime ou a\u00e9rienne, Fedex, DHL, UPS, TNT, etc.<\/p>\n<p>Q7. Votre produit b\u00e9n\u00e9ficie-t-il d'une p\u00e9riode de garantie ?<\/p>\n<div>\n<p>R : Nos produits sont g\u00e9n\u00e9ralement garantis un an. Nous disposons d'une solide force technique, d'une capacit\u00e9 de d\u00e9veloppement de produits et d'une \u00e9quipe professionnelle de service apr\u00e8s-vente.<\/p>\n<p>Q8 : Qu'en est-il de l'apr\u00e8s-service ?<\/p>\n<div>\n<p>R : Il n'y a pas de probl\u00e8me Le service client\u00e8le en ligne est \u00e0 votre disposition 24 heures sur 24 et nous pouvons envoyer notre ing\u00e9nieur pour installer ou r\u00e9parer la machine localement en temps voulu, mais le client doit payer le co\u00fbt des billets d'avion aller-retour et organiser l'h\u00e9bergement \u00e0 l'h\u00f4tel pour notre ing\u00e9nieur et le salaire journalier de l'ing\u00e9nieur est de 150 USD\/jour.<\/p>\n<div><span style=\"color: #2196ed;\">Si vous avez d'autres questions, n'h\u00e9sitez pas \u00e0 me contacter.<\/span><\/div>\n<\/div>\n<\/div>\n<\/div>\n<\/div>\n<\/div>\n<\/div>\n<\/div>\n<\/div>\n<\/div>\n<\/div>\n<\/div>\n<\/div>\n<\/div>\n<div class=\"editor-component-container-mask\"><\/div>\n<\/div>\n<\/div>\n<div class=\"editor-component-row editor-component-row-relative\">\n<div class=\"editor-component-container\">\n<div class=\"previewer-item-wrap\">\n<div id=\"45759168184\" class=\"J_module\">\n<div class=\"icbu-pc-images\" data-reactroot=\"\">\n<div>\n<div class=\"flex-layout-v\">\n<div class=\"flex-layout-h\">\n<div>\n<div class=\"preview-image-edit\">\n<div class=\"preview-edit-image-item\" data-reactroot=\"\"><\/div>\n<\/div>\n<p><img decoding=\"async\" src=\"https:\/\/sc04.alicdn.com\/kf\/H3ab1dc4092954126803df7a0a6b73681V\/284464100\/H3ab1dc4092954126803df7a0a6b73681V.png\" data-id=\"child-image-0\" \/><\/p>\n<\/div>\n<\/div>\n<\/div>\n<\/div>\n<\/div>\n<\/div>\n<\/div>\n<\/div>\n<\/div>","protected":false},"excerpt":{"rendered":"<p>Convoyeurs \u00e0 rouleaux robustes pour la manutention de palettes Syst\u00e8me de convoyeurs \u00e0 rouleaux motoris\u00e9s pour palettes Install\u00e9 au sol Palettes par gravit\u00e9<\/p>","protected":false},"featured_media":6363,"template":"","meta":{"_acf_changed":false,"_seopress_robots_primary_cat":"none","_seopress_titles_title":"Gravity Roller Conveyors for Template Transport Powered Roller Conveyor System for Pallet Transport Motorized Roller Conveyor","_seopress_titles_desc":"Heavy Duty roller conveyors for Pallet Handling Powered Pallet Roller Conveyor System Floor Installed Gravity Pallet","_seopress_robots_index":"","_uag_custom_page_level_css":"","site-sidebar-layout":"default","site-content-layout":"","ast-site-content-layout":"default","site-content-style":"default","site-sidebar-style":"default","ast-global-header-display":"","ast-banner-title-visibility":"","ast-main-header-display":"","ast-hfb-above-header-display":"","ast-hfb-below-header-display":"","ast-hfb-mobile-header-display":"","site-post-title":"","ast-breadcrumbs-content":"","ast-featured-img":"","footer-sml-layout":"","theme-transparent-header-meta":"default","adv-header-id-meta":"","stick-header-meta":"","header-above-stick-meta":"","header-main-stick-meta":"","header-below-stick-meta":"","astra-migrate-meta-layouts":"set","ast-page-background-enabled":"default","ast-page-background-meta":{"desktop":{"background-color":"","background-image":"","background-repeat":"repeat","background-position":"center center","background-size":"auto","background-attachment":"scroll","background-type":"","background-media":"","overlay-type":"","overlay-color":"","overlay-opacity":"","overlay-gradient":""},"tablet":{"background-color":"","background-image":"","background-repeat":"repeat","background-position":"center center","background-size":"auto","background-attachment":"scroll","background-type":"","background-media":"","overlay-type":"","overlay-color":"","overlay-opacity":"","overlay-gradient":""},"mobile":{"background-color":"","background-image":"","background-repeat":"repeat","background-position":"center center","background-size":"auto","background-attachment":"scroll","background-type":"","background-media":"","overlay-type":"","overlay-color":"","overlay-opacity":"","overlay-gradient":""}},"ast-content-background-meta":{"desktop":{"background-color":"var(--ast-global-color-5)","background-image":"","background-repeat":"repeat","background-position":"center center","background-size":"auto","background-attachment":"scroll","background-type":"","background-media":"","overlay-type":"","overlay-color":"","overlay-opacity":"","overlay-gradient":""},"tablet":{"background-color":"var(--ast-global-color-5)","background-image":"","background-repeat":"repeat","background-position":"center center","background-size":"auto","background-attachment":"scroll","background-type":"","background-media":"","overlay-type":"","overlay-color":"","overlay-opacity":"","overlay-gradient":""},"mobile":{"background-color":"var(--ast-global-color-5)","background-image":"","background-repeat":"repeat","background-position":"center center","background-size":"auto","background-attachment":"scroll","background-type":"","background-media":"","overlay-type":"","overlay-color":"","overlay-opacity":"","overlay-gradient":""}}},"product_brand":[131],"product_cat":[98],"product_tag":[832,831,827,836,136,835,829,828,834,826,830,614,360,833],"class_list":{"0":"post-6356","1":"product","2":"type-product","3":"status-publish","4":"has-post-thumbnail","6":"product_brand-chenming","7":"product_cat-roller-conveyor","8":"product_tag-chain-driven-live-roller-conveyor","9":"product_tag-flexible-telescopic-roller-conveyor","10":"product_tag-gravity-pallet-conveyor","11":"product_tag-ground-fixed-gravity-conveyor","12":"product_tag-heavy-duty-roller-conveyor","13":"product_tag-idler-roller-conveyor","14":"product_tag-motorized-roller-conveyor","15":"product_tag-pallet-handling-conveyor-system","16":"product_tag-pallet-loading-conveyor","17":"product_tag-pallet-roller-conveyor","18":"product_tag-pallet-transfer-roller-table","19":"product_tag-powered-roller-conveyor","20":"product_tag-roller-electric-conveyor","21":"product_tag-warehouse-conveyor-rollers","22":"desktop-align-center","23":"tablet-align-center","24":"mobile-align-left","25":"ast-product-gallery-layout-horizontal-slider","26":"ast-product-tabs-layout-horizontal","27":"ast-qv-on-image","29":"first","30":"instock","31":"sale","32":"shipping-taxable","33":"purchasable","34":"product-type-simple"},"acf":[],"uagb_featured_image_src":{"full":["https:\/\/www.ai-chenming.com\/wp-content\/uploads\/2025\/09\/68ebb6be-8187-44fd-a086-944ee6e7aa25-scaled.png",2560,2560,false],"thumbnail":["https:\/\/www.ai-chenming.com\/wp-content\/uploads\/2025\/09\/68ebb6be-8187-44fd-a086-944ee6e7aa25-150x150.png",150,150,true],"medium":["https:\/\/www.ai-chenming.com\/wp-content\/uploads\/2025\/09\/68ebb6be-8187-44fd-a086-944ee6e7aa25-300x300.png",300,300,true],"medium_large":["https:\/\/www.ai-chenming.com\/wp-content\/uploads\/2025\/09\/68ebb6be-8187-44fd-a086-944ee6e7aa25-768x768.png",768,768,true],"large":["https:\/\/www.ai-chenming.com\/wp-content\/uploads\/2025\/09\/68ebb6be-8187-44fd-a086-944ee6e7aa25-1024x1024.png",1024,1024,true],"1536x1536":["https:\/\/www.ai-chenming.com\/wp-content\/uploads\/2025\/09\/68ebb6be-8187-44fd-a086-944ee6e7aa25-1536x1536.png",1536,1536,true],"2048x2048":["https:\/\/www.ai-chenming.com\/wp-content\/uploads\/2025\/09\/68ebb6be-8187-44fd-a086-944ee6e7aa25-2048x2048.png",2048,2048,true],"trp-custom-language-flag":["https:\/\/www.ai-chenming.com\/wp-content\/uploads\/2025\/09\/68ebb6be-8187-44fd-a086-944ee6e7aa25-12x12.png",12,12,true],"woocommerce_thumbnail":["https:\/\/www.ai-chenming.com\/wp-content\/uploads\/2025\/09\/68ebb6be-8187-44fd-a086-944ee6e7aa25-450x450.png",450,450,true],"woocommerce_single":["https:\/\/www.ai-chenming.com\/wp-content\/uploads\/2025\/09\/68ebb6be-8187-44fd-a086-944ee6e7aa25-600x600.png",600,600,true],"woocommerce_gallery_thumbnail":["https:\/\/www.ai-chenming.com\/wp-content\/uploads\/2025\/09\/68ebb6be-8187-44fd-a086-944ee6e7aa25-100x100.png",100,100,true]},"uagb_author_info":{"display_name":"chenming","author_link":"https:\/\/www.ai-chenming.com\/fr\/author\/"},"uagb_comment_info":0,"uagb_excerpt":"Heavy Duty roller conveyors for Pallet Handling Powered Pallet Roller Conveyor System Floor Installed Gravity Pallet","_links":{"self":[{"href":"https:\/\/www.ai-chenming.com\/fr\/wp-json\/wp\/v2\/product\/6356","targetHints":{"allow":["GET"]}}],"collection":[{"href":"https:\/\/www.ai-chenming.com\/fr\/wp-json\/wp\/v2\/product"}],"about":[{"href":"https:\/\/www.ai-chenming.com\/fr\/wp-json\/wp\/v2\/types\/product"}],"wp:featuredmedia":[{"embeddable":true,"href":"https:\/\/www.ai-chenming.com\/fr\/wp-json\/wp\/v2\/media\/6363"}],"wp:attachment":[{"href":"https:\/\/www.ai-chenming.com\/fr\/wp-json\/wp\/v2\/media?parent=6356"}],"wp:term":[{"taxonomy":"product_brand","embeddable":true,"href":"https:\/\/www.ai-chenming.com\/fr\/wp-json\/wp\/v2\/product_brand?post=6356"},{"taxonomy":"product_cat","embeddable":true,"href":"https:\/\/www.ai-chenming.com\/fr\/wp-json\/wp\/v2\/product_cat?post=6356"},{"taxonomy":"product_tag","embeddable":true,"href":"https:\/\/www.ai-chenming.com\/fr\/wp-json\/wp\/v2\/product_tag?post=6356"}],"curies":[{"name":"wp","href":"https:\/\/api.w.org\/{rel}","templated":true}]}}