{"id":6197,"date":"2025-09-09T01:37:28","date_gmt":"2025-09-09T01:37:28","guid":{"rendered":"https:\/\/www.ai-chenming.com\/?post_type=product&#038;p=6197"},"modified":"2025-09-16T08:33:00","modified_gmt":"2025-09-16T08:33:00","slug":"good-price-with-durable-curved-belt-conveyor-system-for-streamlined-production-lines-curved-turn-90-degreeturner-belt-conveyors","status":"publish","type":"product","link":"https:\/\/www.ai-chenming.com\/fr\/produit\/good-price-with-durable-curved-belt-conveyor-system-for-streamlined-production-lines-curved-turn-90-degreeturner-belt-conveyors\/","title":{"rendered":"Syst\u00e8me de convoyeur \u00e0 bande courb\u00e9e durable pour lignes de production rationalis\u00e9es Convoyeurs \u00e0 bande courb\u00e9e avec virage \u00e0 90 degr\u00e9s"},"content":{"rendered":"<div class=\"editor-component-row editor-component-row-relative\">\n<div class=\"editor-component-container\">\n<div class=\"previewer-item-wrap\">\n<div id=\"44375070676\" class=\"J_module\">\n<div id=\"ali-anchor-AliMagic-qf3oza\" data-reactroot=\"\" data-section=\"AliMagic-qf3oza\" data-section-title=\"Product Description\" data-spm-anchor-id=\"a2700.pc-decorate.0.i2.25ab3333WIZ4r7\">Description du produit<\/div>\n<\/div>\n<div data-reactroot=\"\" data-section=\"AliMagic-qf3oza\" data-section-title=\"Product Description\" data-spm-anchor-id=\"a2700.pc-decorate.0.i2.25ab3333WIZ4r7\">\n<div style=\"width: 1246px;\" class=\"wp-video\"><!--[if lt IE 9]><script>document.createElement('video');<\/script><![endif]-->\n<video class=\"wp-video-shortcode\" id=\"video-6197-1\" width=\"1246\" height=\"720\" preload=\"metadata\" controls=\"controls\"><source type=\"video\/mp4\" src=\"https:\/\/www.ai-chenming.com\/wp-content\/uploads\/2025\/09\/6000295642204.mp4?_=1\" \/><a href=\"https:\/\/www.ai-chenming.com\/wp-content\/uploads\/2025\/09\/6000295642204.mp4\">https:\/\/www.ai-chenming.com\/wp-content\/uploads\/2025\/09\/6000295642204.mp4<\/a><\/video><\/div>\n<p><img alt=\"\" fetchpriority=\"high\" decoding=\"async\" class=\"wp-image-6898 aligncenter\" src=\"https:\/\/www.ai-chenming.com\/wp-content\/uploads\/2025\/09\/47-300x300.png\" width=\"362\" height=\"362\" srcset=\"https:\/\/www.ai-chenming.com\/wp-content\/uploads\/2025\/09\/47-300x300.png 300w, https:\/\/www.ai-chenming.com\/wp-content\/uploads\/2025\/09\/47-150x150.png 150w, https:\/\/www.ai-chenming.com\/wp-content\/uploads\/2025\/09\/47-12x12.png 12w, https:\/\/www.ai-chenming.com\/wp-content\/uploads\/2025\/09\/47-450x450.png 450w, https:\/\/www.ai-chenming.com\/wp-content\/uploads\/2025\/09\/47-600x600.png 600w, https:\/\/www.ai-chenming.com\/wp-content\/uploads\/2025\/09\/47-100x100.png 100w, https:\/\/www.ai-chenming.com\/wp-content\/uploads\/2025\/09\/47.png 640w\" sizes=\"(max-width: 362px) 100vw, 362px\" \/><\/p>\n<p>Le convoyeur \u00e0 bande peut transporter une large gamme de mat\u00e9riaux, peut transporter une vari\u00e9t\u00e9 de mat\u00e9riaux en vrac, peut \u00e9galement transporter une vari\u00e9t\u00e9 de cartons, de sacs d'emballage et d'autres marchandises de faible poids, une large gamme d'utilisations. La structure a diff\u00e9rentes formes, telles que la rainure, le plat, l'escalade, la rotation, etc. Le tablier, la barre d'arr\u00eat, la jupe, la tr\u00e9mie et d'autres accessoires peuvent \u00eatre ajout\u00e9s \u00e0 la bande transporteuse. PVC\u3001PU\u3001 caoutchouc, toile et autres mat\u00e9riaux. Transport en douceur, pas de mouvement relatif entre les mat\u00e9riaux et la bande transporteuse, pour \u00e9viter d'endommager les objets transport\u00e9s. Compar\u00e9 \u00e0 d'autres convoyeurs, le bruit est plus faible, convient \u00e0 un environnement de travail calme, structure simple, faible consommation d'\u00e9nergie, entretien facile.<\/p>\n<p><img alt=\"\" decoding=\"async\" class=\"wp-image-6755 aligncenter\" src=\"https:\/\/www.ai-chenming.com\/wp-content\/uploads\/2025\/09\/8-2-300x212.png\" width=\"364\" height=\"257\" srcset=\"https:\/\/www.ai-chenming.com\/wp-content\/uploads\/2025\/09\/8-2-300x212.png 300w, https:\/\/www.ai-chenming.com\/wp-content\/uploads\/2025\/09\/8-2-1024x724.png 1024w, https:\/\/www.ai-chenming.com\/wp-content\/uploads\/2025\/09\/8-2-768x543.png 768w, https:\/\/www.ai-chenming.com\/wp-content\/uploads\/2025\/09\/8-2-1536x1086.png 1536w, https:\/\/www.ai-chenming.com\/wp-content\/uploads\/2025\/09\/8-2-2048x1448.png 2048w, https:\/\/www.ai-chenming.com\/wp-content\/uploads\/2025\/09\/8-2-18x12.png 18w, https:\/\/www.ai-chenming.com\/wp-content\/uploads\/2025\/09\/8-2-600x424.png 600w\" sizes=\"(max-width: 364px) 100vw, 364px\" \/><\/p>\n<p>&nbsp;<\/p>\n<\/div>\n<\/div>\n<div class=\"editor-component-container-mask\">\n<table>\n<tbody>\n<tr>\n<td>Taille du produit<\/td>\n<td>Produits personnalis\u00e9s<\/td>\n<\/tr>\n<tr>\n<td>Mat\u00e9riau du cadre<\/td>\n<td>Profil\u00e9s en acier au carbone, en acier inoxydable et en aluminium<\/td>\n<\/tr>\n<tr>\n<td>Type de machine<\/td>\n<td>Convoyeur \u00e0 auge, convoyeur \u00e0 bande plate, convoyeur \u00e0 bande grimpante<\/td>\n<\/tr>\n<\/tbody>\n<\/table>\n<\/div>\n<\/div>\n<\/div>\n<div class=\"editor-component-row editor-component-row-relative\">\n<div class=\"editor-component-container\">\n<div class=\"previewer-item-wrap\">\n<div id=\"44375070677\" class=\"J_module\">\n<div class=\"detail-decorate-json-renderer-container\" data-reactroot=\"\">\n<div>\n<div>\n<div>\n<div>\n<div class=\"preview-edit-text-editor\" data-reactroot=\"\">\n<div id=\"preview-edit-2\" class=\"content-editor\" tabindex=\"1\" contenteditable=\"true\">\n<p>Mat\u00e9riau de la bande transporteuse<\/p>\n<div>Caoutchouc, caoutchouc plastique, PVC PU et autres mat\u00e9riaux. En plus d'\u00eatre utilis\u00e9es pour le transport de mat\u00e9riaux ordinaires, elles peuvent \u00e9galement \u00eatre utilis\u00e9es pour le transport de mat\u00e9riaux sp\u00e9ciaux tels que ceux r\u00e9sistant \u00e0 l'huile, \u00e0 la corrosion et \u00e0 l'\u00e9lectricit\u00e9 statique. L'utilisation de bandes transporteuses de qualit\u00e9 alimentaire peut r\u00e9pondre aux exigences d'industries telles que l'alimentation, les produits chimiques quotidiens, etc.<\/div>\n<\/div>\n<\/div>\n<\/div>\n<\/div>\n<\/div>\n<\/div>\n<\/div>\n<\/div>\n<\/div>\n<\/div>\n<\/div>\n<div class=\"editor-component-row editor-component-row-relative\">\n<div class=\"editor-component-container\">\n<div class=\"previewer-item-wrap\">\n<div id=\"44375070680\" class=\"J_module\">\n<div class=\"icbu-pc-images\" data-reactroot=\"\">\n<div class=\"flex-layout-v\">\n<div class=\"flex-layout-h\">\n<div>\n<p>&nbsp;<\/p>\n<\/div>\n<\/div>\n<\/div>\n<\/div>\n<\/div>\n<\/div>\n<\/div>\n<\/div>\n<div class=\"editor-component-row editor-component-row-relative\">\n<div class=\"editor-component-container\">\n<div class=\"previewer-item-wrap\">\n<div id=\"44375070695\" class=\"J_module\">\n<div id=\"ali-anchor-AliMagic-fuxt8e\" data-reactroot=\"\" data-section=\"AliMagic-fuxt8e\" data-section-title=\"FAQ\">FAQ<\/div>\n<\/div>\n<\/div>\n<div class=\"editor-component-container-mask\"><\/div>\n<\/div>\n<\/div>\n<div class=\"editor-component-row editor-component-row-relative\">\n<div class=\"editor-component-container\">\n<div class=\"previewer-item-wrap\">\n<div id=\"44375070696\" class=\"J_module\">\n<div class=\"detail-decorate-json-renderer-container\" data-reactroot=\"\">\n<div>\n<div>\n<div>\n<div>\n<div class=\"preview-edit-text-editor\" data-reactroot=\"\">1. Pouvons-nous imprimer notre logo sur l'emballage du produit ?<\/div>\n<div class=\"preview-edit-text-editor\" data-reactroot=\"\">Bien s\u00fbr, nous pouvons le faire. Il vous suffit de nous envoyer votre logo.<\/div>\n<div data-reactroot=\"\"><\/div>\n<div class=\"preview-edit-text-editor\" data-reactroot=\"\">2. acceptez-vous les petites commandes ?<\/div>\n<div class=\"preview-edit-text-editor\" data-reactroot=\"\">Oui, si vous \u00eates un petit d\u00e9taillant ou si vous d\u00e9marrez une activit\u00e9, nous sommes tout \u00e0 fait dispos\u00e9s \u00e0 nous d\u00e9velopper avec vous. Nous sommes impatients de construire une relation \u00e0 long terme avec vous.<\/div>\n<div data-reactroot=\"\"><\/div>\n<div class=\"preview-edit-text-editor\" data-reactroot=\"\">3. puis-je obtenir un \u00e9chantillon avant de passer commande ?<\/div>\n<div class=\"preview-edit-text-editor\" data-reactroot=\"\">Oui, nous sommes une usine et nous pouvons vous fournir des \u00e9chantillons.<\/div>\n<div data-reactroot=\"\"><\/div>\n<div class=\"preview-edit-text-editor\" data-reactroot=\"\">4. pourquoi devriez-vous acheter chez nous plut\u00f4t que chez d'autres fournisseurs ?<\/div>\n<div class=\"preview-edit-text-editor\" data-reactroot=\"\">Tout d'abord, nous disposons d'un syst\u00e8me de gestion parfait, nous utilisons pleinement les avantages des ressources existantes, nous adh\u00e9rons \u00e0 l'orientation du march\u00e9, nous d\u00e9veloppons nos capacit\u00e9s commerciales et nous coop\u00e9rons sinc\u00e8rement avec nos clients en leur proposant les prix les plus favorables et les produits de la meilleure qualit\u00e9 ; ensuite, nous disposons d'une \u00e9norme capacit\u00e9 de production pour vous livrer dans les d\u00e9lais ; un service apr\u00e8s-vente de haute qualit\u00e9 vous permet d'acheter en toute s\u00e9r\u00e9nit\u00e9 !<\/div>\n<\/div>\n<\/div>\n<\/div>\n<\/div>\n<\/div>\n<\/div>\n<\/div>\n<\/div>\n<\/div>","protected":false},"excerpt":{"rendered":"<p>Convoyeurs \u00e0 bande sur mesure convoyeurs droits et courbes convoyeurs sur mesure de diff\u00e9rentes dimensions et convoyeurs fixes.<\/p>","protected":false},"featured_media":6200,"template":"","meta":{"_acf_changed":false,"_seopress_robots_primary_cat":"none","_seopress_titles_title":"Good Price with Durable Curved Belt Conveyor System for Streamlined Production Lines Curved Turn 90 DegreeTurner Belt Conveyors","_seopress_titles_desc":"Custom belt conveyors straight and curved conveyors custom conveyors with different dimensions and fixed conveyors.","_seopress_robots_index":"","_uag_custom_page_level_css":"","site-sidebar-layout":"default","site-content-layout":"","ast-site-content-layout":"default","site-content-style":"default","site-sidebar-style":"default","ast-global-header-display":"","ast-banner-title-visibility":"","ast-main-header-display":"","ast-hfb-above-header-display":"","ast-hfb-below-header-display":"","ast-hfb-mobile-header-display":"","site-post-title":"","ast-breadcrumbs-content":"","ast-featured-img":"","footer-sml-layout":"","theme-transparent-header-meta":"default","adv-header-id-meta":"","stick-header-meta":"","header-above-stick-meta":"","header-main-stick-meta":"","header-below-stick-meta":"","astra-migrate-meta-layouts":"set","ast-page-background-enabled":"default","ast-page-background-meta":{"desktop":{"background-color":"","background-image":"","background-repeat":"repeat","background-position":"center center","background-size":"auto","background-attachment":"scroll","background-type":"","background-media":"","overlay-type":"","overlay-color":"","overlay-opacity":"","overlay-gradient":""},"tablet":{"background-color":"","background-image":"","background-repeat":"repeat","background-position":"center center","background-size":"auto","background-attachment":"scroll","background-type":"","background-media":"","overlay-type":"","overlay-color":"","overlay-opacity":"","overlay-gradient":""},"mobile":{"background-color":"","background-image":"","background-repeat":"repeat","background-position":"center center","background-size":"auto","background-attachment":"scroll","background-type":"","background-media":"","overlay-type":"","overlay-color":"","overlay-opacity":"","overlay-gradient":""}},"ast-content-background-meta":{"desktop":{"background-color":"var(--ast-global-color-5)","background-image":"","background-repeat":"repeat","background-position":"center center","background-size":"auto","background-attachment":"scroll","background-type":"","background-media":"","overlay-type":"","overlay-color":"","overlay-opacity":"","overlay-gradient":""},"tablet":{"background-color":"var(--ast-global-color-5)","background-image":"","background-repeat":"repeat","background-position":"center center","background-size":"auto","background-attachment":"scroll","background-type":"","background-media":"","overlay-type":"","overlay-color":"","overlay-opacity":"","overlay-gradient":""},"mobile":{"background-color":"var(--ast-global-color-5)","background-image":"","background-repeat":"repeat","background-position":"center center","background-size":"auto","background-attachment":"scroll","background-type":"","background-media":"","overlay-type":"","overlay-color":"","overlay-opacity":"","overlay-gradient":""}}},"product_brand":[131],"product_cat":[96],"product_tag":[174,790,191,596],"class_list":{"0":"post-6197","1":"product","2":"type-product","3":"status-publish","4":"has-post-thumbnail","6":"product_brand-chenming","7":"product_cat-belt-conveyor","8":"product_tag-automated-conveyor-system","9":"product_tag-general-motors-production-system","10":"product_tag-small-conveyor-belt-system","11":"product_tag-sushi-conveyor-belt-system","12":"desktop-align-center","13":"tablet-align-center","14":"mobile-align-left","15":"ast-product-gallery-layout-horizontal-slider","16":"ast-product-tabs-layout-horizontal","17":"ast-qv-on-image","19":"first","20":"instock","21":"sale","22":"shipping-taxable","23":"purchasable","24":"product-type-simple"},"acf":[],"uagb_featured_image_src":{"full":["https:\/\/www.ai-chenming.com\/wp-content\/uploads\/2025\/09\/6be7084f-8077-4fcf-9035-276a9ce2db92.png",640,640,false],"thumbnail":["https:\/\/www.ai-chenming.com\/wp-content\/uploads\/2025\/09\/6be7084f-8077-4fcf-9035-276a9ce2db92-150x150.png",150,150,true],"medium":["https:\/\/www.ai-chenming.com\/wp-content\/uploads\/2025\/09\/6be7084f-8077-4fcf-9035-276a9ce2db92-300x300.png",300,300,true],"medium_large":["https:\/\/www.ai-chenming.com\/wp-content\/uploads\/2025\/09\/6be7084f-8077-4fcf-9035-276a9ce2db92.png",640,640,false],"large":["https:\/\/www.ai-chenming.com\/wp-content\/uploads\/2025\/09\/6be7084f-8077-4fcf-9035-276a9ce2db92.png",640,640,false],"1536x1536":["https:\/\/www.ai-chenming.com\/wp-content\/uploads\/2025\/09\/6be7084f-8077-4fcf-9035-276a9ce2db92.png",640,640,false],"2048x2048":["https:\/\/www.ai-chenming.com\/wp-content\/uploads\/2025\/09\/6be7084f-8077-4fcf-9035-276a9ce2db92.png",640,640,false],"trp-custom-language-flag":["https:\/\/www.ai-chenming.com\/wp-content\/uploads\/2025\/09\/6be7084f-8077-4fcf-9035-276a9ce2db92-12x12.png",12,12,true],"woocommerce_thumbnail":["https:\/\/www.ai-chenming.com\/wp-content\/uploads\/2025\/09\/6be7084f-8077-4fcf-9035-276a9ce2db92-450x450.png",450,450,true],"woocommerce_single":["https:\/\/www.ai-chenming.com\/wp-content\/uploads\/2025\/09\/6be7084f-8077-4fcf-9035-276a9ce2db92-600x600.png",600,600,true],"woocommerce_gallery_thumbnail":["https:\/\/www.ai-chenming.com\/wp-content\/uploads\/2025\/09\/6be7084f-8077-4fcf-9035-276a9ce2db92-100x100.png",100,100,true]},"uagb_author_info":{"display_name":"chenming","author_link":"https:\/\/www.ai-chenming.com\/fr\/author\/"},"uagb_comment_info":0,"uagb_excerpt":"Custom belt conveyors straight and curved conveyors custom conveyors with different dimensions and fixed conveyors.","_links":{"self":[{"href":"https:\/\/www.ai-chenming.com\/fr\/wp-json\/wp\/v2\/product\/6197","targetHints":{"allow":["GET"]}}],"collection":[{"href":"https:\/\/www.ai-chenming.com\/fr\/wp-json\/wp\/v2\/product"}],"about":[{"href":"https:\/\/www.ai-chenming.com\/fr\/wp-json\/wp\/v2\/types\/product"}],"wp:featuredmedia":[{"embeddable":true,"href":"https:\/\/www.ai-chenming.com\/fr\/wp-json\/wp\/v2\/media\/6200"}],"wp:attachment":[{"href":"https:\/\/www.ai-chenming.com\/fr\/wp-json\/wp\/v2\/media?parent=6197"}],"wp:term":[{"taxonomy":"product_brand","embeddable":true,"href":"https:\/\/www.ai-chenming.com\/fr\/wp-json\/wp\/v2\/product_brand?post=6197"},{"taxonomy":"product_cat","embeddable":true,"href":"https:\/\/www.ai-chenming.com\/fr\/wp-json\/wp\/v2\/product_cat?post=6197"},{"taxonomy":"product_tag","embeddable":true,"href":"https:\/\/www.ai-chenming.com\/fr\/wp-json\/wp\/v2\/product_tag?post=6197"}],"curies":[{"name":"wp","href":"https:\/\/api.w.org\/{rel}","templated":true}]}}