{"id":6167,"date":"2025-09-08T08:40:40","date_gmt":"2025-09-08T08:40:40","guid":{"rendered":"https:\/\/www.ai-chenming.com\/?post_type=product&#038;p=6167"},"modified":"2025-09-24T09:14:12","modified_gmt":"2025-09-24T09:14:12","slug":"customizable-flexible-chain-screw-conveyor-for-bottle-transport-automatic-spiral-tower-conveyor-for-cross-floor-production-lines","status":"publish","type":"product","link":"https:\/\/www.ai-chenming.com\/fr\/produit\/customizable-flexible-chain-screw-conveyor-for-bottle-transport-automatic-spiral-tower-conveyor-for-cross-floor-production-lines\/","title":{"rendered":"Convoyeur \u00e0 vis \u00e0 cha\u00eene flexible personnalisable pour le transport de bouteilles Convoyeur automatique \u00e0 tour h\u00e9lico\u00efdale pour les lignes de production \u00e0 \u00e9tages multiples"},"content":{"rendered":"<h3 id=\"icbuEditorBackground\" class=\"icbu-editor-background\" data-spm-anchor-id=\"a2700.pc-decorate.0.i2.6a243333V94Osu\"><span style=\"font-size: 16px;\">Description du produit<\/span><\/h3>\n<p>&nbsp;<\/p>\n<div id=\"detail_decorate_root\">\n<div class=\"editor-plugin-canvas\">\n<div class=\"render-engien-app\">\n<div class=\"editor-component-row editor-component-row-relative\">\n<div class=\"editor-component-container\">\n<div class=\"editor-component-container-mask\">\n<div style=\"width: 1270px;\" class=\"wp-video\"><!--[if lt IE 9]><script>document.createElement('video');<\/script><![endif]-->\n<video class=\"wp-video-shortcode\" id=\"video-6167-1\" width=\"1270\" height=\"720\" preload=\"metadata\" controls=\"controls\"><source type=\"video\/mp4\" src=\"https:\/\/www.ai-chenming.com\/wp-content\/uploads\/2025\/09\/6000297908608.mp4?_=1\" \/><a href=\"https:\/\/www.ai-chenming.com\/wp-content\/uploads\/2025\/09\/6000297908608.mp4\">https:\/\/www.ai-chenming.com\/wp-content\/uploads\/2025\/09\/6000297908608.mp4<\/a><\/video><\/div>\n<p><img alt=\"\" fetchpriority=\"high\" decoding=\"async\" class=\"aligncenter wp-image-6903 size-full\" src=\"https:\/\/www.ai-chenming.com\/wp-content\/uploads\/2025\/09\/50.png\" width=\"640\" height=\"640\" srcset=\"https:\/\/www.ai-chenming.com\/wp-content\/uploads\/2025\/09\/50.png 640w, https:\/\/www.ai-chenming.com\/wp-content\/uploads\/2025\/09\/50-300x300.png 300w, https:\/\/www.ai-chenming.com\/wp-content\/uploads\/2025\/09\/50-150x150.png 150w, https:\/\/www.ai-chenming.com\/wp-content\/uploads\/2025\/09\/50-12x12.png 12w, https:\/\/www.ai-chenming.com\/wp-content\/uploads\/2025\/09\/50-450x450.png 450w, https:\/\/www.ai-chenming.com\/wp-content\/uploads\/2025\/09\/50-600x600.png 600w, https:\/\/www.ai-chenming.com\/wp-content\/uploads\/2025\/09\/50-100x100.png 100w\" sizes=\"(max-width: 640px) 100vw, 640px\" \/><\/p>\n<p>Le convoyeur \u00e0 cha\u00eene flexible est encore am\u00e9lior\u00e9 sur la base du convoyeur \u00e0 plaque \u00e0 cha\u00eene traditionnel, de sorte que le fonctionnement de la plaque \u00e0 cha\u00eene est qualitativement am\u00e9lior\u00e9. Le corps de la machine est fabriqu\u00e9 \u00e0 partir d'un profil\u00e9 d'aluminium standard. Toutes les pi\u00e8ces standard sont assembl\u00e9es pour rendre la rotation \u00e0 distance du convoyeur plus stable et plus souple. La forme du convoyeur peut compl\u00e9ter une disposition tridimensionnelle complexe, peut tourner, monter, descendre dans la m\u00eame puissance pour compl\u00e9ter. Principalement utilis\u00e9 dans les industries chimiques, pharmaceutiques, de roulements, de papier lamin\u00e9, de traitement des pi\u00e8ces automobiles et autres.<\/p>\n<p><img alt=\"\" decoding=\"async\" class=\"aligncenter wp-image-6747 size-large\" src=\"https:\/\/www.ai-chenming.com\/wp-content\/uploads\/2025\/09\/10-2-1024x724.png\" width=\"1024\" height=\"724\" srcset=\"https:\/\/www.ai-chenming.com\/wp-content\/uploads\/2025\/09\/10-2-1024x724.png 1024w, https:\/\/www.ai-chenming.com\/wp-content\/uploads\/2025\/09\/10-2-300x212.png 300w, https:\/\/www.ai-chenming.com\/wp-content\/uploads\/2025\/09\/10-2-768x543.png 768w, https:\/\/www.ai-chenming.com\/wp-content\/uploads\/2025\/09\/10-2-1536x1086.png 1536w, https:\/\/www.ai-chenming.com\/wp-content\/uploads\/2025\/09\/10-2-2048x1448.png 2048w, https:\/\/www.ai-chenming.com\/wp-content\/uploads\/2025\/09\/10-2-18x12.png 18w, https:\/\/www.ai-chenming.com\/wp-content\/uploads\/2025\/09\/10-2-600x424.png 600w\" sizes=\"(max-width: 1024px) 100vw, 1024px\" \/><\/p>\n<\/div>\n<\/div>\n<\/div>\n<\/div>\n<\/div>\n<div class=\"editor-component-row editor-component-row-relative\">\n<div class=\"editor-component-container\">\n<div class=\"previewer-item-wrap\">\n<div id=\"44723362343\" class=\"J_module\">\n<div class=\"icbu-pc-images\" data-reactroot=\"\">\n<div>\n<div class=\"flex-layout-v\">\n<div class=\"flex-layout-h\">\n<div>\n<div class=\"preview-image-edit\">\n<div class=\"preview-edit-image-item\" data-reactroot=\"\">\n<table>\n<tbody>\n<tr>\n<td>NOM<\/td>\n<td>Convoyeur en spirale<\/td>\n<\/tr>\n<tr>\n<td>Caract\u00e9ristiques<\/td>\n<td>Le convoyeur en spirale peut \u00e9lever et descendre les produits en continu pour atteindre une capacit\u00e9 de production efficace.<\/p>\n<div data-spm-anchor-id=\"a2700.pc-decorate.0.i16.445a333384HIaV\">Qualit\u00e9 alimentaire<\/div>\n<\/td>\n<\/tr>\n<tr>\n<td>Mat\u00e9riau du cadre du convoyeur<\/td>\n<td>acier inoxydable, acier, cadre en aluminium (personnalisable)<\/td>\n<\/tr>\n<tr>\n<td>Mat\u00e9riau de la cha\u00eene du convoyeur<\/td>\n<td>POM, PP, Personnalisable<\/td>\n<\/tr>\n<tr>\n<td>Application<\/td>\n<td>Diff\u00e9rents types de produits, notamment des sacs, des plateaux, des bo\u00eetes, des bouteilles et d'autres produits.<\/td>\n<\/tr>\n<\/tbody>\n<\/table>\n<\/div>\n<\/div>\n<\/div>\n<\/div>\n<\/div>\n<\/div>\n<\/div>\n<\/div>\n<\/div>\n<\/div>\n<\/div>\n<div class=\"editor-component-row editor-component-row-relative\">\n<div class=\"editor-component-container\">\n<div class=\"previewer-item-wrap\">\n<div id=\"44347399825\" class=\"J_module\">\n<div class=\"detail-decorate-json-renderer-container\" data-reactroot=\"\">\n<div>\n<div>\n<div>\n<div>\n<div class=\"preview-edit-text-editor\" data-reactroot=\"\">\n<div id=\"preview-edit-1\" class=\"content-editor\" tabindex=\"1\" contenteditable=\"true\">\n<div>Il s'agit d'une solution id\u00e9ale pour transporter le produit en continu sur plusieurs \u00e9tages dans un espace restreint.<\/div>\n<\/div>\n<\/div>\n<\/div>\n<\/div>\n<\/div>\n<\/div>\n<\/div>\n<\/div>\n<\/div>\n<div class=\"editor-component-container-mask\"><\/div>\n<\/div>\n<\/div>\n<div class=\"editor-component-row editor-component-row-relative\">\n<div class=\"editor-component-container\">\n<div class=\"previewer-item-wrap\">\n<div id=\"44723362345\" class=\"J_module\">\n<div class=\"icbu-pc-images\" data-reactroot=\"\">\n<div>\n<div class=\"flex-layout-v\">\n<div class=\"flex-layout-h\">\n<div>\n<div class=\"preview-image-edit\"><\/div>\n<\/div>\n<\/div>\n<\/div>\n<\/div>\n<\/div>\n<\/div>\n<\/div>\n<\/div>\n<\/div>\n<div class=\"editor-component-row editor-component-row-relative\">\n<div class=\"editor-component-container\">\n<div class=\"editor-component-container-mask\"><\/div>\n<\/div>\n<\/div>\n<div class=\"editor-component-row editor-component-row-relative\">\n<div class=\"editor-component-container\">\n<div class=\"previewer-item-wrap\">\n<div id=\"44347399842\" class=\"J_module\">\n<div id=\"ali-anchor-AliMagic-yxcrur\" data-reactroot=\"\" data-section=\"AliMagic-yxcrur\" data-section-title=\"FAQ\">FAQ<\/div>\n<\/div>\n<\/div>\n<div class=\"editor-component-container-mask\"><\/div>\n<\/div>\n<\/div>\n<div class=\"editor-component-row editor-component-row-relative\">\n<div class=\"editor-component-container\">\n<div class=\"previewer-item-wrap\">\n<div id=\"44347399843\" class=\"J_module\">\n<div class=\"detail-decorate-json-renderer-container\" data-reactroot=\"\">\n<div>\n<div>\n<div>\n<div>\n<div class=\"preview-edit-text-editor\" data-reactroot=\"\"><strong>1. Pouvons-nous imprimer notre logo sur l'emballage du produit ?<\/strong><\/div>\n<div class=\"preview-edit-text-editor\" data-reactroot=\"\">Bien s\u00fbr, nous pouvons le faire. Il vous suffit de nous envoyer votre logo.<\/div>\n<div data-reactroot=\"\"><\/div>\n<div class=\"preview-edit-text-editor\" data-reactroot=\"\"><strong>2. acceptez-vous les petites commandes ?<\/strong><\/div>\n<div class=\"preview-edit-text-editor\" data-reactroot=\"\">Oui, si vous \u00eates un petit d\u00e9taillant ou si vous d\u00e9marrez une activit\u00e9, nous sommes tout \u00e0 fait dispos\u00e9s \u00e0 nous d\u00e9velopper avec vous. Nous sommes impatients de construire une relation \u00e0 long terme avec vous.<\/div>\n<div data-reactroot=\"\"><\/div>\n<div class=\"preview-edit-text-editor\" data-reactroot=\"\"><strong>3. puis-je obtenir un \u00e9chantillon avant de passer commande ?<\/strong><\/div>\n<div class=\"preview-edit-text-editor\" data-reactroot=\"\">Oui, nous sommes une usine et nous pouvons vous fournir des \u00e9chantillons.<\/div>\n<div data-reactroot=\"\"><\/div>\n<div class=\"preview-edit-text-editor\" data-reactroot=\"\"><strong>4. pourquoi devriez-vous acheter chez nous plut\u00f4t que chez d'autres fournisseurs ?<\/strong><\/div>\n<div class=\"preview-edit-text-editor\" data-reactroot=\"\">Tout d'abord, nous disposons d'un syst\u00e8me de gestion parfait, nous utilisons pleinement les avantages des ressources existantes, nous adh\u00e9rons \u00e0 l'orientation du march\u00e9, nous d\u00e9veloppons nos capacit\u00e9s commerciales et nous coop\u00e9rons sinc\u00e8rement avec nos clients en leur proposant les prix les plus favorables et les produits de la meilleure qualit\u00e9 ; ensuite, nous disposons d'une \u00e9norme capacit\u00e9 de production pour vous livrer dans les d\u00e9lais ; un service apr\u00e8s-vente de haute qualit\u00e9 vous permet d'acheter en toute s\u00e9r\u00e9nit\u00e9 !<\/div>\n<\/div>\n<\/div>\n<\/div>\n<\/div>\n<\/div>\n<\/div>\n<\/div>\n<\/div>\n<\/div>\n<\/div>","protected":false},"excerpt":{"rendered":"<p>Alimentation Boissons alcoolis\u00e9es Industrie pharmaceutique Lignes de production \u00e0 \u00e9tages crois\u00e9s Convoyeurs \u00e0 vis<\/p>","protected":false},"featured_media":6170,"template":"","meta":{"_acf_changed":false,"_seopress_robots_primary_cat":"none","_seopress_titles_title":"Customizable Flexible Chain Screw Conveyor for Bottle Transport Automatic Spiral Tower Conveyor for Cross-floor Production Lines","_seopress_titles_desc":"Food Alcoholic Beverage Pharmaceutical Industry Cross-floor Production Lines screw conveyors","_seopress_robots_index":"","_uag_custom_page_level_css":"","site-sidebar-layout":"default","site-content-layout":"","ast-site-content-layout":"default","site-content-style":"default","site-sidebar-style":"default","ast-global-header-display":"","ast-banner-title-visibility":"","ast-main-header-display":"","ast-hfb-above-header-display":"","ast-hfb-below-header-display":"","ast-hfb-mobile-header-display":"","site-post-title":"","ast-breadcrumbs-content":"","ast-featured-img":"","footer-sml-layout":"","theme-transparent-header-meta":"default","adv-header-id-meta":"","stick-header-meta":"","header-above-stick-meta":"","header-main-stick-meta":"","header-below-stick-meta":"","astra-migrate-meta-layouts":"set","ast-page-background-enabled":"default","ast-page-background-meta":{"desktop":{"background-color":"","background-image":"","background-repeat":"repeat","background-position":"center center","background-size":"auto","background-attachment":"scroll","background-type":"","background-media":"","overlay-type":"","overlay-color":"","overlay-opacity":"","overlay-gradient":""},"tablet":{"background-color":"","background-image":"","background-repeat":"repeat","background-position":"center center","background-size":"auto","background-attachment":"scroll","background-type":"","background-media":"","overlay-type":"","overlay-color":"","overlay-opacity":"","overlay-gradient":""},"mobile":{"background-color":"","background-image":"","background-repeat":"repeat","background-position":"center center","background-size":"auto","background-attachment":"scroll","background-type":"","background-media":"","overlay-type":"","overlay-color":"","overlay-opacity":"","overlay-gradient":""}},"ast-content-background-meta":{"desktop":{"background-color":"var(--ast-global-color-5)","background-image":"","background-repeat":"repeat","background-position":"center center","background-size":"auto","background-attachment":"scroll","background-type":"","background-media":"","overlay-type":"","overlay-color":"","overlay-opacity":"","overlay-gradient":""},"tablet":{"background-color":"var(--ast-global-color-5)","background-image":"","background-repeat":"repeat","background-position":"center center","background-size":"auto","background-attachment":"scroll","background-type":"","background-media":"","overlay-type":"","overlay-color":"","overlay-opacity":"","overlay-gradient":""},"mobile":{"background-color":"var(--ast-global-color-5)","background-image":"","background-repeat":"repeat","background-position":"center center","background-size":"auto","background-attachment":"scroll","background-type":"","background-media":"","overlay-type":"","overlay-color":"","overlay-opacity":"","overlay-gradient":""}}},"product_brand":[131],"product_cat":[99],"product_tag":[174,781,325,778,777,779,780,776],"class_list":{"0":"post-6167","1":"product","2":"type-product","3":"status-publish","4":"has-post-thumbnail","6":"product_brand-chenming","7":"product_cat-flexible-conveyor","8":"product_tag-automated-conveyor-system","9":"product_tag-belt-conveyor-machine","10":"product_tag-conveyor-belt","11":"product_tag-gravity-flexible-chain-conveyor","12":"product_tag-spiral-conveyor","13":"product_tag-spiral-conveyor-equipment","14":"product_tag-spiral-conveyor-machine","15":"product_tag-spiral-flexible-chain-conveyor","16":"desktop-align-center","17":"tablet-align-center","18":"mobile-align-left","19":"ast-product-gallery-layout-horizontal-slider","20":"ast-product-tabs-layout-horizontal","21":"ast-qv-on-image","23":"first","24":"instock","25":"sale","26":"shipping-taxable","27":"purchasable","28":"product-type-simple"},"acf":[],"uagb_featured_image_src":{"full":["https:\/\/www.ai-chenming.com\/wp-content\/uploads\/2025\/09\/98fa1f27-1f86-4ba2-b797-d862fc739ff6.png",640,640,false],"thumbnail":["https:\/\/www.ai-chenming.com\/wp-content\/uploads\/2025\/09\/98fa1f27-1f86-4ba2-b797-d862fc739ff6-150x150.png",150,150,true],"medium":["https:\/\/www.ai-chenming.com\/wp-content\/uploads\/2025\/09\/98fa1f27-1f86-4ba2-b797-d862fc739ff6-300x300.png",300,300,true],"medium_large":["https:\/\/www.ai-chenming.com\/wp-content\/uploads\/2025\/09\/98fa1f27-1f86-4ba2-b797-d862fc739ff6.png",640,640,false],"large":["https:\/\/www.ai-chenming.com\/wp-content\/uploads\/2025\/09\/98fa1f27-1f86-4ba2-b797-d862fc739ff6.png",640,640,false],"1536x1536":["https:\/\/www.ai-chenming.com\/wp-content\/uploads\/2025\/09\/98fa1f27-1f86-4ba2-b797-d862fc739ff6.png",640,640,false],"2048x2048":["https:\/\/www.ai-chenming.com\/wp-content\/uploads\/2025\/09\/98fa1f27-1f86-4ba2-b797-d862fc739ff6.png",640,640,false],"trp-custom-language-flag":["https:\/\/www.ai-chenming.com\/wp-content\/uploads\/2025\/09\/98fa1f27-1f86-4ba2-b797-d862fc739ff6-12x12.png",12,12,true],"woocommerce_thumbnail":["https:\/\/www.ai-chenming.com\/wp-content\/uploads\/2025\/09\/98fa1f27-1f86-4ba2-b797-d862fc739ff6-450x450.png",450,450,true],"woocommerce_single":["https:\/\/www.ai-chenming.com\/wp-content\/uploads\/2025\/09\/98fa1f27-1f86-4ba2-b797-d862fc739ff6-600x600.png",600,600,true],"woocommerce_gallery_thumbnail":["https:\/\/www.ai-chenming.com\/wp-content\/uploads\/2025\/09\/98fa1f27-1f86-4ba2-b797-d862fc739ff6-100x100.png",100,100,true]},"uagb_author_info":{"display_name":"chenming","author_link":"https:\/\/www.ai-chenming.com\/fr\/author\/"},"uagb_comment_info":0,"uagb_excerpt":"Food Alcoholic Beverage Pharmaceutical Industry Cross-floor Production Lines screw conveyors","_links":{"self":[{"href":"https:\/\/www.ai-chenming.com\/fr\/wp-json\/wp\/v2\/product\/6167","targetHints":{"allow":["GET"]}}],"collection":[{"href":"https:\/\/www.ai-chenming.com\/fr\/wp-json\/wp\/v2\/product"}],"about":[{"href":"https:\/\/www.ai-chenming.com\/fr\/wp-json\/wp\/v2\/types\/product"}],"wp:featuredmedia":[{"embeddable":true,"href":"https:\/\/www.ai-chenming.com\/fr\/wp-json\/wp\/v2\/media\/6170"}],"wp:attachment":[{"href":"https:\/\/www.ai-chenming.com\/fr\/wp-json\/wp\/v2\/media?parent=6167"}],"wp:term":[{"taxonomy":"product_brand","embeddable":true,"href":"https:\/\/www.ai-chenming.com\/fr\/wp-json\/wp\/v2\/product_brand?post=6167"},{"taxonomy":"product_cat","embeddable":true,"href":"https:\/\/www.ai-chenming.com\/fr\/wp-json\/wp\/v2\/product_cat?post=6167"},{"taxonomy":"product_tag","embeddable":true,"href":"https:\/\/www.ai-chenming.com\/fr\/wp-json\/wp\/v2\/product_tag?post=6167"}],"curies":[{"name":"wp","href":"https:\/\/api.w.org\/{rel}","templated":true}]}}