{"id":6149,"date":"2025-09-08T07:38:47","date_gmt":"2025-09-08T07:38:47","guid":{"rendered":"https:\/\/www.ai-chenming.com\/?post_type=product&#038;p=6149"},"modified":"2025-09-16T09:22:53","modified_gmt":"2025-09-16T09:22:53","slug":"customized-top-chain-conveyors-glass-bottle-conveyor-capping-and-labeling-conveyor-system-for-food-and-beverage-production-line","status":"publish","type":"product","link":"https:\/\/www.ai-chenming.com\/fr\/produit\/customized-top-chain-conveyors-glass-bottle-conveyor-capping-and-labeling-conveyor-system-for-food-and-beverage-production-line\/","title":{"rendered":"Convoyeurs \u00e0 cha\u00eene sup\u00e9rieure personnalis\u00e9s Convoyeur de bouteilles en verre Syst\u00e8me de convoyeur de capsulage et d'\u00e9tiquetage pour ligne de production d'aliments et de boissons"},"content":{"rendered":"<div class=\"editor-component-row editor-component-row-relative\">\n<div class=\"editor-component-container\">\n<div class=\"previewer-item-wrap\">\n<div id=\"44451448403\" class=\"J_module\">\n<div id=\"ali-anchor-AliMagic-k9iqg4\" data-reactroot=\"\" data-section=\"AliMagic-k9iqg4\" data-section-title=\"Product Description\" data-spm-anchor-id=\"a2700.pc-decorate.0.i3.15cf3333oL2Mdu\">Description du produit<\/div>\n<\/div>\n<\/div>\n<div class=\"editor-component-container-mask\"><img alt=\"\" fetchpriority=\"high\" decoding=\"async\" class=\"size-medium wp-image-6908 aligncenter\" src=\"https:\/\/www.ai-chenming.com\/wp-content\/uploads\/2025\/09\/52-300x300.png\" width=\"300\" height=\"300\" srcset=\"https:\/\/www.ai-chenming.com\/wp-content\/uploads\/2025\/09\/52-300x300.png 300w, https:\/\/www.ai-chenming.com\/wp-content\/uploads\/2025\/09\/52-150x150.png 150w, https:\/\/www.ai-chenming.com\/wp-content\/uploads\/2025\/09\/52-12x12.png 12w, https:\/\/www.ai-chenming.com\/wp-content\/uploads\/2025\/09\/52-450x450.png 450w, https:\/\/www.ai-chenming.com\/wp-content\/uploads\/2025\/09\/52-600x600.png 600w, https:\/\/www.ai-chenming.com\/wp-content\/uploads\/2025\/09\/52-100x100.png 100w, https:\/\/www.ai-chenming.com\/wp-content\/uploads\/2025\/09\/52.png 640w\" sizes=\"(max-width: 300px) 100vw, 300px\" \/><\/div>\n<div>Le convoyeur \u00e0 plaques \u00e0 cha\u00eene utilise la cha\u00eene plate standard comme surface d'appui et le motor\u00e9ducteur comme transmission de puissance. Il se d\u00e9place sur un rail de guidage sp\u00e9cial. La surface de transport est plate et lisse, et la force de frottement est faible. Les mat\u00e9riaux passent en douceur d'une ligne de transport \u00e0 l'autre. En fonction des diff\u00e9rents processus, la ligne de plaques \u00e0 cha\u00eene est divis\u00e9e en ligne droite et ligne tournante, et les mat\u00e9riaux sont divis\u00e9s en acier thermoplastique et acier inoxydable. Elle convient au transport de bouteilles en plastique, de bouteilles en verre, de bo\u00eetes de conserve et d'autres mat\u00e9riaux d'emballage, mais peut \u00e9galement transporter des cartons, des sacs et des produits d'emballage. Nous pouvons en fabriquer une \u00e0 plusieurs rang\u00e9es, de mani\u00e8re \u00e0 ce que la surface de transport soit large et que la diff\u00e9rence de vitesse soit telle que la pluralit\u00e9 de rang\u00e9es devienne une seule rang\u00e9e sans extrusion, la rang\u00e9e unique peut \u00e9galement devenir une pluralit\u00e9 de rang\u00e9es et se d\u00e9placer lentement, de mani\u00e8re \u00e0 r\u00e9aliser le stockage des mat\u00e9riaux dans le processus de transport.<\/div>\n<div><\/div>\n<div><img alt=\"\" decoding=\"async\" class=\"wp-image-6831 aligncenter\" src=\"https:\/\/www.ai-chenming.com\/wp-content\/uploads\/2025\/09\/5-2-300x212.png\" width=\"362\" height=\"256\" srcset=\"https:\/\/www.ai-chenming.com\/wp-content\/uploads\/2025\/09\/5-2-300x212.png 300w, https:\/\/www.ai-chenming.com\/wp-content\/uploads\/2025\/09\/5-2-1024x724.png 1024w, https:\/\/www.ai-chenming.com\/wp-content\/uploads\/2025\/09\/5-2-768x543.png 768w, https:\/\/www.ai-chenming.com\/wp-content\/uploads\/2025\/09\/5-2-1536x1086.png 1536w, https:\/\/www.ai-chenming.com\/wp-content\/uploads\/2025\/09\/5-2-2048x1448.png 2048w, https:\/\/www.ai-chenming.com\/wp-content\/uploads\/2025\/09\/5-2-18x12.png 18w, https:\/\/www.ai-chenming.com\/wp-content\/uploads\/2025\/09\/5-2-600x424.png 600w\" sizes=\"(max-width: 362px) 100vw, 362px\" \/><\/div>\n<div><\/div>\n<\/div>\n<\/div>\n<div class=\"editor-component-row editor-component-row-relative\">\n<div class=\"editor-component-container\">\n<div class=\"previewer-item-wrap\">\n<div id=\"45182822632\" class=\"J_module\">\n<div class=\"ife-detail-decorate-table\" data-reactroot=\"\">\n<table>\n<tbody>\n<tr>\n<td>Cadre du convoyeur<\/td>\n<td>cadre en acier inoxydable<\/td>\n<\/tr>\n<tr>\n<td>Moteur<\/td>\n<td>vitesse r\u00e9glable<\/td>\n<\/tr>\n<tr>\n<td>Tension<\/td>\n<td>110V 220V 230V personnalisable<\/td>\n<\/tr>\n<tr>\n<td>Couleur<\/td>\n<td>personnalisable<\/td>\n<\/tr>\n<tr>\n<td>Logo et emballage<\/td>\n<td>personnalisable<\/td>\n<\/tr>\n<\/tbody>\n<\/table>\n<\/div>\n<\/div>\n<\/div>\n<\/div>\n<\/div>\n<div class=\"editor-component-row editor-component-row-relative\">\n<div class=\"editor-component-container\">\n<div class=\"previewer-item-wrap\">\n<div id=\"45177283692\" class=\"J_module\">\n<div class=\"icbu-pc-detailManyImage\" data-reactroot=\"\" data-module-name=\"icbu-pc-detailManyImage\">\n<div><\/div>\n<div><\/div>\n<div><\/div>\n<div><\/div>\n<\/div>\n<\/div>\n<\/div>\n<\/div>\n<\/div>\n<div class=\"editor-component-row editor-component-row-relative\">\n<div class=\"editor-component-container\">\n<div class=\"previewer-item-wrap\">\n<div id=\"44451448418\" class=\"J_module\">\n<div class=\"icbu-pc-images\" data-reactroot=\"\">\n<div>\n<div class=\"flex-layout-v\">\n<div class=\"flex-layout-h\">\n<div><\/div>\n<\/div>\n<\/div>\n<\/div>\n<\/div>\n<\/div>\n<\/div>\n<\/div>\n<\/div>\n<div class=\"editor-component-row editor-component-row-relative\">\n<div class=\"editor-component-container\">\n<div class=\"previewer-item-wrap\">\n<div id=\"44451448408\" class=\"J_module\">\n<div class=\"icbu-pc-images\" data-reactroot=\"\">\n<div class=\"flex-layout-v\">\n<div class=\"flex-layout-h\">\n<div><\/div>\n<\/div>\n<\/div>\n<\/div>\n<\/div>\n<\/div>\n<div class=\"editor-component-container-mask\"><\/div>\n<\/div>\n<\/div>\n<div class=\"editor-component-row editor-component-row-relative\">\n<div class=\"editor-component-container\">\n<div class=\"previewer-item-wrap\">\n<div id=\"44451448421\" class=\"J_module\">\n<div id=\"ali-anchor-AliMagic-gaq6dp\" data-reactroot=\"\" data-section=\"AliMagic-gaq6dp\" data-section-title=\"FAQ\">FAQ<\/div>\n<div data-reactroot=\"\" data-section=\"AliMagic-gaq6dp\" data-section-title=\"FAQ\"><\/div>\n<div data-reactroot=\"\" data-section=\"AliMagic-gaq6dp\" data-section-title=\"FAQ\">1. Pouvons-nous imprimer notre logo sur l'emballage du produit ?<\/div>\n<div data-reactroot=\"\" data-section=\"AliMagic-gaq6dp\" data-section-title=\"FAQ\">Bien s\u00fbr, nous pouvons le faire. Il vous suffit de nous envoyer votre logo.<\/div>\n<div data-reactroot=\"\" data-section=\"AliMagic-gaq6dp\" data-section-title=\"FAQ\"><\/div>\n<div data-reactroot=\"\" data-section=\"AliMagic-gaq6dp\" data-section-title=\"FAQ\">2. acceptez-vous les petites commandes ?<\/div>\n<div data-reactroot=\"\" data-section=\"AliMagic-gaq6dp\" data-section-title=\"FAQ\">Oui, si vous \u00eates un petit d\u00e9taillant ou si vous d\u00e9marrez une activit\u00e9, nous sommes tout \u00e0 fait dispos\u00e9s \u00e0 nous d\u00e9velopper avec vous. Nous sommes impatients de construire une relation \u00e0 long terme avec vous.<\/div>\n<div data-reactroot=\"\" data-section=\"AliMagic-gaq6dp\" data-section-title=\"FAQ\"><\/div>\n<div data-reactroot=\"\" data-section=\"AliMagic-gaq6dp\" data-section-title=\"FAQ\">3. puis-je obtenir un \u00e9chantillon avant de passer commande ?<\/div>\n<div data-reactroot=\"\" data-section=\"AliMagic-gaq6dp\" data-section-title=\"FAQ\">Oui, nous sommes une usine et nous pouvons vous fournir des \u00e9chantillons.<\/div>\n<div data-reactroot=\"\" data-section=\"AliMagic-gaq6dp\" data-section-title=\"FAQ\"><\/div>\n<div data-reactroot=\"\" data-section=\"AliMagic-gaq6dp\" data-section-title=\"FAQ\">4. pourquoi devriez-vous acheter chez nous plut\u00f4t que chez d'autres fournisseurs ?<\/div>\n<div data-reactroot=\"\" data-section=\"AliMagic-gaq6dp\" data-section-title=\"FAQ\">Tout d'abord, nous disposons d'un syst\u00e8me de gestion parfait, nous utilisons pleinement les avantages des ressources existantes, nous adh\u00e9rons \u00e0 l'orientation du march\u00e9, nous d\u00e9veloppons nos capacit\u00e9s commerciales et nous coop\u00e9rons sinc\u00e8rement avec nos clients en leur proposant les prix les plus favorables et les produits de la meilleure qualit\u00e9 ; ensuite, nous disposons d'une \u00e9norme capacit\u00e9 de production pour vous livrer dans les d\u00e9lais ; un service apr\u00e8s-vente de haute qualit\u00e9 vous permet d'acheter en toute s\u00e9r\u00e9nit\u00e9 !<\/div>\n<\/div>\n<\/div>\n<\/div>\n<\/div>","protected":false},"excerpt":{"rendered":"<p>Convoyeur de bouteilles de lait Syst\u00e8me de transport \u00e0 cha\u00eene Convoyeur de bouteilles de confiture Convoyeur de confitures de myrtilles Convoyeur de confitures de fraises<\/p>","protected":false},"featured_media":6154,"template":"","meta":{"_acf_changed":false,"_seopress_robots_primary_cat":"none","_seopress_titles_title":"Customized Top Chain Conveyors Glass Bottle Conveyor Capping and Labeling Conveyor System for Food and Beverage Production Line","_seopress_titles_desc":"Milk bottle conveyor chain conveying system Jam bottle conveyor line Blueberry jam conveyor Strawberry jam conveyor equipment","_seopress_robots_index":"","_uag_custom_page_level_css":"","site-sidebar-layout":"default","site-content-layout":"","ast-site-content-layout":"default","site-content-style":"default","site-sidebar-style":"default","ast-global-header-display":"","ast-banner-title-visibility":"","ast-main-header-display":"","ast-hfb-above-header-display":"","ast-hfb-below-header-display":"","ast-hfb-mobile-header-display":"","site-post-title":"","ast-breadcrumbs-content":"","ast-featured-img":"","footer-sml-layout":"","theme-transparent-header-meta":"default","adv-header-id-meta":"","stick-header-meta":"","header-above-stick-meta":"","header-main-stick-meta":"","header-below-stick-meta":"","astra-migrate-meta-layouts":"set","ast-page-background-enabled":"default","ast-page-background-meta":{"desktop":{"background-color":"","background-image":"","background-repeat":"repeat","background-position":"center center","background-size":"auto","background-attachment":"scroll","background-type":"","background-media":"","overlay-type":"","overlay-color":"","overlay-opacity":"","overlay-gradient":""},"tablet":{"background-color":"","background-image":"","background-repeat":"repeat","background-position":"center center","background-size":"auto","background-attachment":"scroll","background-type":"","background-media":"","overlay-type":"","overlay-color":"","overlay-opacity":"","overlay-gradient":""},"mobile":{"background-color":"","background-image":"","background-repeat":"repeat","background-position":"center center","background-size":"auto","background-attachment":"scroll","background-type":"","background-media":"","overlay-type":"","overlay-color":"","overlay-opacity":"","overlay-gradient":""}},"ast-content-background-meta":{"desktop":{"background-color":"var(--ast-global-color-5)","background-image":"","background-repeat":"repeat","background-position":"center center","background-size":"auto","background-attachment":"scroll","background-type":"","background-media":"","overlay-type":"","overlay-color":"","overlay-opacity":"","overlay-gradient":""},"tablet":{"background-color":"var(--ast-global-color-5)","background-image":"","background-repeat":"repeat","background-position":"center center","background-size":"auto","background-attachment":"scroll","background-type":"","background-media":"","overlay-type":"","overlay-color":"","overlay-opacity":"","overlay-gradient":""},"mobile":{"background-color":"var(--ast-global-color-5)","background-image":"","background-repeat":"repeat","background-position":"center center","background-size":"auto","background-attachment":"scroll","background-type":"","background-media":"","overlay-type":"","overlay-color":"","overlay-opacity":"","overlay-gradient":""}}},"product_brand":[131],"product_cat":[97],"product_tag":[351,354,352,355,773,775,251,774],"class_list":{"0":"post-6149","1":"product","2":"type-product","3":"status-publish","4":"has-post-thumbnail","6":"product_brand-chenming","7":"product_cat-chain-conveyor","8":"product_tag-accumulate-top-chain-conveyor","9":"product_tag-belt-conveyor-for-food-storage","10":"product_tag-bottle-chain-conveyor","11":"product_tag-food-transportation-conveyor","12":"product_tag-high-quality-top-chain-conveyor-capping-and-labeling-conveyor-for-food","13":"product_tag-machinery-application-conveyor","14":"product_tag-manufacturing-plant-conveyor","15":"product_tag-pom-material-belt-conveyor","16":"desktop-align-center","17":"tablet-align-center","18":"mobile-align-left","19":"ast-product-gallery-layout-horizontal-slider","20":"ast-product-tabs-layout-horizontal","21":"ast-qv-on-image","23":"first","24":"instock","25":"sale","26":"shipping-taxable","27":"purchasable","28":"product-type-simple"},"acf":[],"uagb_featured_image_src":{"full":["https:\/\/www.ai-chenming.com\/wp-content\/uploads\/2025\/09\/5d0214f9-b8f4-4c7b-96da-4ad6df189dde.png",720,712,false],"thumbnail":["https:\/\/www.ai-chenming.com\/wp-content\/uploads\/2025\/09\/5d0214f9-b8f4-4c7b-96da-4ad6df189dde-150x150.png",150,150,true],"medium":["https:\/\/www.ai-chenming.com\/wp-content\/uploads\/2025\/09\/5d0214f9-b8f4-4c7b-96da-4ad6df189dde-300x297.png",300,297,true],"medium_large":["https:\/\/www.ai-chenming.com\/wp-content\/uploads\/2025\/09\/5d0214f9-b8f4-4c7b-96da-4ad6df189dde.png",720,712,false],"large":["https:\/\/www.ai-chenming.com\/wp-content\/uploads\/2025\/09\/5d0214f9-b8f4-4c7b-96da-4ad6df189dde.png",720,712,false],"1536x1536":["https:\/\/www.ai-chenming.com\/wp-content\/uploads\/2025\/09\/5d0214f9-b8f4-4c7b-96da-4ad6df189dde.png",720,712,false],"2048x2048":["https:\/\/www.ai-chenming.com\/wp-content\/uploads\/2025\/09\/5d0214f9-b8f4-4c7b-96da-4ad6df189dde.png",720,712,false],"trp-custom-language-flag":["https:\/\/www.ai-chenming.com\/wp-content\/uploads\/2025\/09\/5d0214f9-b8f4-4c7b-96da-4ad6df189dde-12x12.png",12,12,true],"woocommerce_thumbnail":["https:\/\/www.ai-chenming.com\/wp-content\/uploads\/2025\/09\/5d0214f9-b8f4-4c7b-96da-4ad6df189dde-450x450.png",450,450,true],"woocommerce_single":["https:\/\/www.ai-chenming.com\/wp-content\/uploads\/2025\/09\/5d0214f9-b8f4-4c7b-96da-4ad6df189dde-600x593.png",600,593,true],"woocommerce_gallery_thumbnail":["https:\/\/www.ai-chenming.com\/wp-content\/uploads\/2025\/09\/5d0214f9-b8f4-4c7b-96da-4ad6df189dde-100x100.png",100,100,true]},"uagb_author_info":{"display_name":"chenming","author_link":"https:\/\/www.ai-chenming.com\/fr\/author\/"},"uagb_comment_info":0,"uagb_excerpt":"Milk bottle conveyor chain conveying system Jam bottle conveyor line Blueberry jam conveyor Strawberry jam conveyor equipment","_links":{"self":[{"href":"https:\/\/www.ai-chenming.com\/fr\/wp-json\/wp\/v2\/product\/6149","targetHints":{"allow":["GET"]}}],"collection":[{"href":"https:\/\/www.ai-chenming.com\/fr\/wp-json\/wp\/v2\/product"}],"about":[{"href":"https:\/\/www.ai-chenming.com\/fr\/wp-json\/wp\/v2\/types\/product"}],"wp:featuredmedia":[{"embeddable":true,"href":"https:\/\/www.ai-chenming.com\/fr\/wp-json\/wp\/v2\/media\/6154"}],"wp:attachment":[{"href":"https:\/\/www.ai-chenming.com\/fr\/wp-json\/wp\/v2\/media?parent=6149"}],"wp:term":[{"taxonomy":"product_brand","embeddable":true,"href":"https:\/\/www.ai-chenming.com\/fr\/wp-json\/wp\/v2\/product_brand?post=6149"},{"taxonomy":"product_cat","embeddable":true,"href":"https:\/\/www.ai-chenming.com\/fr\/wp-json\/wp\/v2\/product_cat?post=6149"},{"taxonomy":"product_tag","embeddable":true,"href":"https:\/\/www.ai-chenming.com\/fr\/wp-json\/wp\/v2\/product_tag?post=6149"}],"curies":[{"name":"wp","href":"https:\/\/api.w.org\/{rel}","templated":true}]}}