{"id":6107,"date":"2025-09-08T03:20:52","date_gmt":"2025-09-08T03:20:52","guid":{"rendered":"https:\/\/www.ai-chenming.com\/?post_type=product&#038;p=6107"},"modified":"2025-09-17T01:20:40","modified_gmt":"2025-09-17T01:20:40","slug":"stainless-steel-mobile-conveyors-inclined-cleated-belt-conveyor-adjustable-height-vertical-conveyor-system-for-assembly-lines","status":"publish","type":"product","link":"https:\/\/www.ai-chenming.com\/fr\/produit\/stainless-steel-mobile-conveyors-inclined-cleated-belt-conveyor-adjustable-height-vertical-conveyor-system-for-assembly-lines\/","title":{"rendered":"Convoyeurs mobiles en acier inoxydable Convoyeur \u00e0 bande inclin\u00e9 et d\u00e9gag\u00e9 Hauteur r\u00e9glable Syst\u00e8me de convoyeur vertical pour lignes d'assemblage"},"content":{"rendered":"<div class=\"editor-component-row editor-component-row-relative\">\n<div class=\"editor-component-container\">\n<div class=\"previewer-item-wrap\">\n<div id=\"45611748332\" class=\"J_module\">\n<div id=\"ali-anchor-AliMagic-kmuvqo\" data-reactroot=\"\" data-section=\"AliMagic-kmuvqo\" data-section-title=\"Product Description\" data-spm-anchor-id=\"a2700.pc-decorate.0.i2.6cb73333r4fsRz\">Description du produit<\/div>\n<\/div>\n<\/div>\n<div class=\"editor-component-container-mask\">\n<div style=\"width: 720px;\" class=\"wp-video\"><!--[if lt IE 9]><script>document.createElement('video');<\/script><![endif]-->\n<video class=\"wp-video-shortcode\" id=\"video-6107-1\" width=\"720\" height=\"720\" preload=\"metadata\" controls=\"controls\"><source type=\"video\/mp4\" src=\"https:\/\/www.ai-chenming.com\/wp-content\/uploads\/2025\/09\/6000306012436.mp4?_=1\" \/><a href=\"https:\/\/www.ai-chenming.com\/wp-content\/uploads\/2025\/09\/6000306012436.mp4\">https:\/\/www.ai-chenming.com\/wp-content\/uploads\/2025\/09\/6000306012436.mp4<\/a><\/video><\/div>\n<\/div>\n<\/div>\n<\/div>\n<div class=\"editor-component-row editor-component-row-relative\">\n<div class=\"editor-component-container\">\n<div class=\"previewer-item-wrap\">\n<div id=\"45611748333\" class=\"J_module\">\n<div class=\"icbu-pc-detailVideoShow\" data-reactroot=\"\" data-magic=\"{&quot;mds&quot;:{&quot;assetsVersion&quot;:&quot;0.0.6&quot;,&quot;assetsPackageName&quot;:&quot;icbumod&quot;,&quot;moduleNameAlias&quot;:&quot;icbu-pc-detailVideoShow&quot;,&quot;moduleData&quot;:{&quot;videoInfo&quot;:{&quot;coverUrl&quot;:&quot;https:\/\/sc01.alicdn.com\/kf\/H09c3ef9f49944acfa35375d4c1b47748t.jpg&quot;,&quot;duration&quot;:70,&quot;fileSize&quot;:&quot;11812308&quot;,&quot;videoName&quot;:&quot;\u516c\u53f8\u4ecb\u7ecdmp4.&quot;,&quot;videoId&quot;:6000292688076},&quot;hideBottom&quot;:false}},&quot;version&quot;:1}\">\n<div class=\"bc-react-video-player singleton undefined venus-component-video\" data-spm-anchor-id=\"a2700.pc-decorate.0.i0.6cb73333r4fsRz\">\n<div class=\"bc-video-player\">\n<table>\n<tbody>\n<tr>\n<td>Nom du produit<\/td>\n<td>\u00a0Convoyeur de levage<\/td>\n<\/tr>\n<tr>\n<td>Mat\u00e9riau du produit<\/td>\n<td>Inox\/Acier\/Aluminium<\/td>\n<\/tr>\n<tr>\n<td>Certification<\/td>\n<td>ISO&amp;CE&amp;SGS<\/td>\n<\/tr>\n<tr>\n<td>Vitesse<\/td>\n<td>R\u00e9glable<\/td>\n<\/tr>\n<tr>\n<td>Couleur<\/td>\n<td>En tant qu'exigence<\/td>\n<\/tr>\n<tr>\n<td>Moteur<\/td>\n<td>1,5KW \/0,75KW\/personnalisable<\/td>\n<\/tr>\n<\/tbody>\n<\/table>\n<\/div>\n<\/div>\n<\/div>\n<\/div>\n<\/div>\n<\/div>\n<\/div>\n<div class=\"editor-component-row editor-component-row-relative\">\n<div class=\"editor-component-container\">\n<div class=\"previewer-item-wrap\">\n<div id=\"45611748335\" class=\"J_module\">\n<div class=\"icbu-pc-images\" data-reactroot=\"\">\n<div class=\"flex-layout-h\">\n<div class=\"flex-layout-v\">\n<div class=\"preview-image-edit\">\n<div class=\"preview-edit-image-item\" data-reactroot=\"\"><img alt=\"\" fetchpriority=\"high\" decoding=\"async\" class=\"wp-image-6921 aligncenter\" src=\"https:\/\/www.ai-chenming.com\/wp-content\/uploads\/2025\/09\/58-300x300.png\" width=\"360\" height=\"360\" srcset=\"https:\/\/www.ai-chenming.com\/wp-content\/uploads\/2025\/09\/58-300x300.png 300w, https:\/\/www.ai-chenming.com\/wp-content\/uploads\/2025\/09\/58-150x150.png 150w, https:\/\/www.ai-chenming.com\/wp-content\/uploads\/2025\/09\/58-12x12.png 12w, https:\/\/www.ai-chenming.com\/wp-content\/uploads\/2025\/09\/58-450x450.png 450w, https:\/\/www.ai-chenming.com\/wp-content\/uploads\/2025\/09\/58-600x600.png 600w, https:\/\/www.ai-chenming.com\/wp-content\/uploads\/2025\/09\/58-100x100.png 100w, https:\/\/www.ai-chenming.com\/wp-content\/uploads\/2025\/09\/58.png 640w\" sizes=\"(max-width: 360px) 100vw, 360px\" \/><\/div>\n<div data-reactroot=\"\">Le convoyeur \u00e0 bande peut transporter une large gamme de mat\u00e9riaux, peut transporter une vari\u00e9t\u00e9 de mat\u00e9riaux en vrac, peut \u00e9galement transporter une vari\u00e9t\u00e9 de cartons, de sacs d'emballage et d'autres marchandises de faible poids, une large gamme d'utilisations. La structure a diff\u00e9rentes formes, telles que la rainure, le plat, l'escalade, la rotation, etc. Le tablier, la barre d'arr\u00eat, la jupe, la tr\u00e9mie et d'autres accessoires peuvent \u00eatre ajout\u00e9s \u00e0 la bande transporteuse. PVC\u3001PU\u3001 caoutchouc, toile et autres mat\u00e9riaux. Transport en douceur, pas de mouvement relatif entre les mat\u00e9riaux et la bande transporteuse, pour \u00e9viter d'endommager les objets transport\u00e9s. Compar\u00e9 \u00e0 d'autres convoyeurs, le bruit est plus faible, convient \u00e0 un environnement de travail calme, structure simple, faible consommation d'\u00e9nergie, entretien facile.<\/div>\n<div data-reactroot=\"\"><img alt=\"\" decoding=\"async\" class=\"wp-image-6755 aligncenter\" src=\"https:\/\/www.ai-chenming.com\/wp-content\/uploads\/2025\/09\/8-2-300x212.png\" width=\"362\" height=\"256\" srcset=\"https:\/\/www.ai-chenming.com\/wp-content\/uploads\/2025\/09\/8-2-300x212.png 300w, https:\/\/www.ai-chenming.com\/wp-content\/uploads\/2025\/09\/8-2-1024x724.png 1024w, https:\/\/www.ai-chenming.com\/wp-content\/uploads\/2025\/09\/8-2-768x543.png 768w, https:\/\/www.ai-chenming.com\/wp-content\/uploads\/2025\/09\/8-2-1536x1086.png 1536w, https:\/\/www.ai-chenming.com\/wp-content\/uploads\/2025\/09\/8-2-2048x1448.png 2048w, https:\/\/www.ai-chenming.com\/wp-content\/uploads\/2025\/09\/8-2-18x12.png 18w, https:\/\/www.ai-chenming.com\/wp-content\/uploads\/2025\/09\/8-2-600x424.png 600w\" sizes=\"(max-width: 362px) 100vw, 362px\" \/><\/div>\n<\/div>\n<\/div>\n<div class=\"text-wrapper\">\n<div class=\"text-wrapper-right text-theme-light text-align-left\">\n<div class=\"text-title\" data-id=\"right-title\">\n<div class=\"preview-edit-text-editor\" data-reactroot=\"\">\n<div id=\"preview-edit-2\" class=\"content-editor\" tabindex=\"1\" contenteditable=\"true\">\n<div>Le convoyeur supporte la personnalisation<\/div>\n<\/div>\n<\/div>\n<\/div>\n<div class=\"text-content\" data-id=\"right-content\">\n<div class=\"preview-edit-text-editor\" data-reactroot=\"\">\n<div id=\"preview-edit-1\" class=\"content-editor\" tabindex=\"1\" contenteditable=\"true\">\n<p>Sa structure compacte minimise l'occupation de l'espace, ce qui en fait une solution efficace et pratique pour le transport de mat\u00e9riaux.<\/p>\n<\/div>\n<\/div>\n<\/div>\n<\/div>\n<\/div>\n<\/div>\n<\/div>\n<\/div>\n<\/div>\n<\/div>\n<\/div>\n<div class=\"editor-component-row editor-component-row-relative\">\n<div class=\"editor-component-container\">\n<div class=\"previewer-item-wrap\">\n<div id=\"45611748336\" class=\"J_module\">\n<div class=\"icbu-pc-images\" data-reactroot=\"\">\n<div class=\"text-wrapper-below text-theme-light text-align-left\">\n<div class=\"text-title\" data-id=\"below-title\">\n<div class=\"preview-edit-text-editor\" data-reactroot=\"\">\n<div id=\"preview-edit-8\" class=\"content-editor\" tabindex=\"1\" contenteditable=\"true\"><span style=\"color: #2196ed;\">\u3010Conception du d\u00e9flecteur antid\u00e9rapant\u3011<\/span><\/div>\n<\/div>\n<\/div>\n<div class=\"text-content\" data-id=\"below-content\">\n<div class=\"preview-edit-text-editor\" data-reactroot=\"\">\n<div id=\"preview-edit-7\" class=\"content-editor\" tabindex=\"1\" contenteditable=\"true\">\u00c9quip\u00e9 de d\u00e9flecteurs antid\u00e9rapants d'une hauteur de 1,5 pouce, chacun espac\u00e9 de 16,9 pouces, notre convoyeur grimpant assure une manutention et un transport s\u00e9curis\u00e9s des marchandises, emp\u00eachant tout glissement pendant le fonctionnement.<\/div>\n<\/div>\n<\/div>\n<\/div>\n<\/div>\n<\/div>\n<\/div>\n<\/div>\n<\/div>\n<div class=\"editor-component-row editor-component-row-relative\">\n<div class=\"editor-component-container\">\n<div class=\"previewer-item-wrap\">\n<div id=\"45611748337\" class=\"J_module\">\n<div class=\"detail-decorate-json-renderer-container\" data-reactroot=\"\">\n<div>\n<div>\n<div class=\"preview-edit-text-editor\" data-reactroot=\"\">\n<div id=\"preview-edit-3\" class=\"content-editor\" tabindex=\"1\" contenteditable=\"true\"><span style=\"color: #2196ed;\">\u3010Adjustable Height\u3011 (Hauteur r\u00e9glable)<\/span><\/div>\n<\/div>\n<\/div>\n<div>\n<div data-id=\"paragraph0\">\n<div class=\"preview-edit-text-editor\" data-reactroot=\"\">\n<div id=\"preview-edit-4\" class=\"content-editor\" tabindex=\"1\" contenteditable=\"true\">Il offre des options de r\u00e9glage de la hauteur, ce qui vous permet d'ajuster facilement la hauteur du convoyeur \u00e0 l'aide de la tige filet\u00e9e. La hauteur peut \u00eatre r\u00e9gl\u00e9e entre 11,8 et 59 pouces (30 cm et 150 cm),<\/div>\n<\/div>\n<\/div>\n<\/div>\n<\/div>\n<div>\n<div>\n<div class=\"preview-edit-text-editor\" data-reactroot=\"\">\n<div id=\"preview-edit-5\" class=\"content-editor\" tabindex=\"1\" contenteditable=\"true\"><span style=\"color: #2196ed;\">\u3010Reliable et durable\u3011<\/span><\/div>\n<\/div>\n<\/div>\n<div>\n<div data-id=\"paragraph1\">\n<div class=\"preview-edit-text-editor\" data-reactroot=\"\">\n<div id=\"preview-edit-6\" class=\"content-editor\" tabindex=\"1\" contenteditable=\"true\">Le convoyeur \u00e0 bande en PVC est fiable et durable, con\u00e7u pour r\u00e9sister \u00e0 une utilisation \u00e0 long terme. Il fonctionne avec un minimum de bruit, ce qui garantit un flux de travail fluide et efficace.<\/div>\n<\/div>\n<\/div>\n<\/div>\n<\/div>\n<\/div>\n<\/div>\n<\/div>\n<div class=\"editor-component-container-mask\"><\/div>\n<\/div>\n<\/div>\n<div class=\"editor-component-row editor-component-row-relative\">\n<div class=\"editor-component-container\">\n<div class=\"previewer-item-wrap\">\n<div id=\"45611748356\" class=\"J_module\">\n<div id=\"ali-anchor-AliMagic-qvfe59\" data-reactroot=\"\" data-section=\"AliMagic-qvfe59\" data-section-title=\"FAQ\">FAQ<\/div>\n<\/div>\n<\/div>\n<div class=\"editor-component-container-mask\"><\/div>\n<\/div>\n<\/div>\n<div class=\"editor-component-row editor-component-row-relative\">\n<div class=\"editor-component-container\">\n<div class=\"previewer-item-wrap\">\n<div id=\"45611748357\" class=\"J_module\">\n<div class=\"detail-decorate-json-renderer-container\" data-reactroot=\"\">\n<div>\n<div>\n<div>\n<div>\n<div class=\"preview-edit-text-editor\" data-reactroot=\"\">\n<div id=\"preview-edit-22\" class=\"content-editor\" tabindex=\"1\" contenteditable=\"true\">\n<p>Q1. \u00cates-vous un fabricant ou une soci\u00e9t\u00e9 commerciale ?<\/p>\n<div>\n<p>R : Nous sommes un fabricant professionnel avec 15 ans d'exp\u00e9rience dans l'industrie.<\/p>\n<p>Q2.Comment pouvons-nous garantir la qualit\u00e9 ?<br \/>\nR : Un \u00e9chantillon est toujours pr\u00e9lev\u00e9 avant la production en s\u00e9rie et un contr\u00f4le final est effectu\u00e9 avant l'exp\u00e9dition.<\/p>\n<p>Q3. Fournissez-vous des \u00e9chantillons ?<br \/>\nR:Oui, nous pouvons offrir des \u00e9chantillons de pi\u00e8ces de convoyeur gratuitement, mais l'acheteur doit payer les frais d'exp\u00e9dition.<\/p>\n<p>Q4. Quel est le mode de paiement ?<\/p>\n<div>\n<p>R : T\/T, L\/C \u00e0 vue, Paypal, Western Union sont tous accept\u00e9s. Si vous avez d'autres moyens de paiement, veuillez me contacter.<\/p>\n<p>Q5.Quel est le d\u00e9lai de livraison ?<br \/>\nR : En g\u00e9n\u00e9ral, le d\u00e9lai est de 5 \u00e0 10 jours si les marchandises sont en stock, ou de 15 \u00e0 20 jours si les marchandises ne sont pas en stock.<br \/>\nquantit\u00e9.<\/p>\n<p>Q6. Quel est le mode d'exp\u00e9dition ?<br \/>\nR : Par voie maritime ou a\u00e9rienne, Fedex, DHL, UPS, TNT, etc.<\/p>\n<p>Q7 : Votre produit b\u00e9n\u00e9ficie-t-il d'une p\u00e9riode de garantie ? R : Nos produits sont g\u00e9n\u00e9ralement garantis pendant un an. Nous disposons d'une solide force technique, d'une capacit\u00e9 de d\u00e9veloppement de produits et d'une \u00e9quipe professionnelle de service apr\u00e8s-vente.<\/p>\n<p>Q8 : Qu'en est-il du service apr\u00e8s-vente ?<br \/>\nR : Pas de probl\u00e8me, le service client\u00e8le en ligne est \u00e0 votre disposition 24 heures sur 24, des conseils \u00e0 distance gratuits pour les machines et les \u00e9quipements, nous pouvons \u00e9galement envoyer nos ing\u00e9nieurs sur le site pour installer ou r\u00e9parer la machine le cas \u00e9ch\u00e9ant, mais cela peut entra\u00eener certains frais. Si vous avez des questions, vous pouvez y r\u00e9pondre \u00e0 temps via WhatsApp ou WeChat.<\/p>\n<div><span style=\"color: #2196ed;\">Si vous avez d'autres questions, n'h\u00e9sitez pas \u00e0 me contacter.<\/span><\/div>\n<\/div>\n<\/div>\n<\/div>\n<\/div>\n<\/div>\n<\/div>\n<\/div>\n<\/div>\n<\/div>\n<\/div>\n<\/div>\n<\/div>\n<\/div>","protected":false},"excerpt":{"rendered":"<p>Convoyeurs Bande en PVC durable de qualit\u00e9 alimentaire avec taquets renforc\u00e9s Roulettes Contr\u00f4le de la vitesse pour les lignes d'assemblage de triage d'emballage<\/p>","protected":false},"featured_media":6086,"template":"","meta":{"_acf_changed":false,"_seopress_robots_primary_cat":"none","_seopress_titles_title":"Stainless Steel Mobile Conveyors Inclined Cleated Belt Conveyor Adjustable Height Vertical Conveyor System for Assembly Lines","_seopress_titles_desc":"conveyors Durable Food Grade PVC Belt with Reinforced Cleats Casters Speed Control for Packaging Sorting Assembly Lines","_seopress_robots_index":"","_uag_custom_page_level_css":"","site-sidebar-layout":"default","site-content-layout":"","ast-site-content-layout":"default","site-content-style":"default","site-sidebar-style":"default","ast-global-header-display":"","ast-banner-title-visibility":"","ast-main-header-display":"","ast-hfb-above-header-display":"","ast-hfb-below-header-display":"","ast-hfb-mobile-header-display":"","site-post-title":"","ast-breadcrumbs-content":"","ast-featured-img":"","footer-sml-layout":"","theme-transparent-header-meta":"default","adv-header-id-meta":"","stick-header-meta":"","header-above-stick-meta":"","header-main-stick-meta":"","header-below-stick-meta":"","astra-migrate-meta-layouts":"set","ast-page-background-enabled":"default","ast-page-background-meta":{"desktop":{"background-color":"","background-image":"","background-repeat":"repeat","background-position":"center center","background-size":"auto","background-attachment":"scroll","background-type":"","background-media":"","overlay-type":"","overlay-color":"","overlay-opacity":"","overlay-gradient":""},"tablet":{"background-color":"","background-image":"","background-repeat":"repeat","background-position":"center center","background-size":"auto","background-attachment":"scroll","background-type":"","background-media":"","overlay-type":"","overlay-color":"","overlay-opacity":"","overlay-gradient":""},"mobile":{"background-color":"","background-image":"","background-repeat":"repeat","background-position":"center center","background-size":"auto","background-attachment":"scroll","background-type":"","background-media":"","overlay-type":"","overlay-color":"","overlay-opacity":"","overlay-gradient":""}},"ast-content-background-meta":{"desktop":{"background-color":"var(--ast-global-color-5)","background-image":"","background-repeat":"repeat","background-position":"center center","background-size":"auto","background-attachment":"scroll","background-type":"","background-media":"","overlay-type":"","overlay-color":"","overlay-opacity":"","overlay-gradient":""},"tablet":{"background-color":"var(--ast-global-color-5)","background-image":"","background-repeat":"repeat","background-position":"center center","background-size":"auto","background-attachment":"scroll","background-type":"","background-media":"","overlay-type":"","overlay-color":"","overlay-opacity":"","overlay-gradient":""},"mobile":{"background-color":"var(--ast-global-color-5)","background-image":"","background-repeat":"repeat","background-position":"center center","background-size":"auto","background-attachment":"scroll","background-type":"","background-media":"","overlay-type":"","overlay-color":"","overlay-opacity":"","overlay-gradient":""}}},"product_brand":[131],"product_cat":[96],"product_tag":[753,751,303,406,757,752,755,374,756,239,754],"class_list":{"0":"post-6107","1":"product","2":"type-product","3":"status-publish","4":"has-post-thumbnail","6":"product_brand-chenming","7":"product_cat-belt-conveyor","8":"product_tag-adjustable-height-conveyor","9":"product_tag-cleated-conveyor","10":"product_tag-food-grade-conveyor","11":"product_tag-inclined-belt-conveyor","12":"product_tag-industrial-conveyor","13":"product_tag-mobile-conveyor","14":"product_tag-packing-line-conveyor","15":"product_tag-pvc-belt-conveyor","16":"product_tag-small-parts-conveyor","17":"product_tag-stainless-steel-conveyor","18":"product_tag-vertical-transport-system","19":"desktop-align-center","20":"tablet-align-center","21":"mobile-align-left","22":"ast-product-gallery-layout-horizontal-slider","23":"ast-product-tabs-layout-horizontal","24":"ast-qv-on-image","26":"first","27":"instock","28":"sale","29":"shipping-taxable","30":"purchasable","31":"product-type-simple"},"acf":[],"uagb_featured_image_src":{"full":["https:\/\/www.ai-chenming.com\/wp-content\/uploads\/2025\/09\/46c13f2c-e9df-4969-a862-c17687814a60.png",1500,1500,false],"thumbnail":["https:\/\/www.ai-chenming.com\/wp-content\/uploads\/2025\/09\/46c13f2c-e9df-4969-a862-c17687814a60-150x150.png",150,150,true],"medium":["https:\/\/www.ai-chenming.com\/wp-content\/uploads\/2025\/09\/46c13f2c-e9df-4969-a862-c17687814a60-300x300.png",300,300,true],"medium_large":["https:\/\/www.ai-chenming.com\/wp-content\/uploads\/2025\/09\/46c13f2c-e9df-4969-a862-c17687814a60-768x768.png",768,768,true],"large":["https:\/\/www.ai-chenming.com\/wp-content\/uploads\/2025\/09\/46c13f2c-e9df-4969-a862-c17687814a60-1024x1024.png",1024,1024,true],"1536x1536":["https:\/\/www.ai-chenming.com\/wp-content\/uploads\/2025\/09\/46c13f2c-e9df-4969-a862-c17687814a60.png",1500,1500,false],"2048x2048":["https:\/\/www.ai-chenming.com\/wp-content\/uploads\/2025\/09\/46c13f2c-e9df-4969-a862-c17687814a60.png",1500,1500,false],"trp-custom-language-flag":["https:\/\/www.ai-chenming.com\/wp-content\/uploads\/2025\/09\/46c13f2c-e9df-4969-a862-c17687814a60-12x12.png",12,12,true],"woocommerce_thumbnail":["https:\/\/www.ai-chenming.com\/wp-content\/uploads\/2025\/09\/46c13f2c-e9df-4969-a862-c17687814a60-450x450.png",450,450,true],"woocommerce_single":["https:\/\/www.ai-chenming.com\/wp-content\/uploads\/2025\/09\/46c13f2c-e9df-4969-a862-c17687814a60-600x600.png",600,600,true],"woocommerce_gallery_thumbnail":["https:\/\/www.ai-chenming.com\/wp-content\/uploads\/2025\/09\/46c13f2c-e9df-4969-a862-c17687814a60-100x100.png",100,100,true]},"uagb_author_info":{"display_name":"chenming","author_link":"https:\/\/www.ai-chenming.com\/fr\/author\/"},"uagb_comment_info":0,"uagb_excerpt":"conveyors Durable Food Grade PVC Belt with Reinforced Cleats Casters Speed Control for Packaging Sorting Assembly Lines","_links":{"self":[{"href":"https:\/\/www.ai-chenming.com\/fr\/wp-json\/wp\/v2\/product\/6107","targetHints":{"allow":["GET"]}}],"collection":[{"href":"https:\/\/www.ai-chenming.com\/fr\/wp-json\/wp\/v2\/product"}],"about":[{"href":"https:\/\/www.ai-chenming.com\/fr\/wp-json\/wp\/v2\/types\/product"}],"wp:featuredmedia":[{"embeddable":true,"href":"https:\/\/www.ai-chenming.com\/fr\/wp-json\/wp\/v2\/media\/6086"}],"wp:attachment":[{"href":"https:\/\/www.ai-chenming.com\/fr\/wp-json\/wp\/v2\/media?parent=6107"}],"wp:term":[{"taxonomy":"product_brand","embeddable":true,"href":"https:\/\/www.ai-chenming.com\/fr\/wp-json\/wp\/v2\/product_brand?post=6107"},{"taxonomy":"product_cat","embeddable":true,"href":"https:\/\/www.ai-chenming.com\/fr\/wp-json\/wp\/v2\/product_cat?post=6107"},{"taxonomy":"product_tag","embeddable":true,"href":"https:\/\/www.ai-chenming.com\/fr\/wp-json\/wp\/v2\/product_tag?post=6107"}],"curies":[{"name":"wp","href":"https:\/\/api.w.org\/{rel}","templated":true}]}}