{"id":6011,"date":"2025-09-08T01:19:56","date_gmt":"2025-09-08T01:19:56","guid":{"rendered":"https:\/\/www.ai-chenming.com\/?post_type=product&#038;p=6011"},"modified":"2025-09-18T08:54:52","modified_gmt":"2025-09-18T08:54:52","slug":"90-degree-curve-conveyor-belt-stainless-steel-wire-mesh-belt-conveyor-customized-cooling-drying-conveyors-for-food-industry","status":"publish","type":"product","link":"https:\/\/www.ai-chenming.com\/fr\/produit\/90-degree-curve-conveyor-belt-stainless-steel-wire-mesh-belt-conveyor-customized-cooling-drying-conveyors-for-food-industry\/","title":{"rendered":"Convoyeur \u00e0 bande avec courbe \u00e0 90 degr\u00e9s Convoyeur \u00e0 bande en treillis m\u00e9tallique en acier inoxydable Convoyeurs de refroidissement et de s\u00e9chage personnalis\u00e9s pour l'industrie alimentaire"},"content":{"rendered":"<div class=\"editor-component-row editor-component-row-relative\">\n<div class=\"editor-component-container\">\n<div class=\"previewer-item-wrap\">\n<div id=\"45896279907\" class=\"J_module\">\n<div id=\"ali-anchor-AliMagic-nqnlix\" data-reactroot=\"\" data-section=\"AliMagic-nqnlix\" data-section-title=\"Product Description\" data-spm-anchor-id=\"a2700.pc-decorate.0.i2.36bc3333lSPcQ0\">Description du produit<\/div>\n<\/div>\n<\/div>\n<div class=\"editor-component-container-mask\">\n<div style=\"width: 1270px;\" class=\"wp-video\"><!--[if lt IE 9]><script>document.createElement('video');<\/script><![endif]-->\n<video class=\"wp-video-shortcode\" id=\"video-6011-1\" width=\"1270\" height=\"720\" preload=\"metadata\" controls=\"controls\"><source type=\"video\/mp4\" src=\"https:\/\/www.ai-chenming.com\/wp-content\/uploads\/2025\/09\/6000305960755.mp4?_=1\" \/><a href=\"https:\/\/www.ai-chenming.com\/wp-content\/uploads\/2025\/09\/6000305960755.mp4\">https:\/\/www.ai-chenming.com\/wp-content\/uploads\/2025\/09\/6000305960755.mp4<\/a><\/video><\/div>\n<\/div>\n<\/div>\n<\/div>\n<div class=\"editor-component-row editor-component-row-relative\">\n<div class=\"editor-component-container\">\n<div class=\"previewer-item-wrap\">\n<div id=\"45896279908\" class=\"J_module\">\n<div class=\"icbu-pc-images\" data-reactroot=\"\">\n<div>\n<div class=\"flex-layout-v\">\n<div class=\"flex-layout-h\">\n<div class=\"preview-image-edit\">\n<div class=\"preview-edit-image-item\" data-reactroot=\"\"><img alt=\"\" fetchpriority=\"high\" decoding=\"async\" class=\"wp-image-6945 aligncenter\" src=\"https:\/\/www.ai-chenming.com\/wp-content\/uploads\/2025\/09\/63-300x300.png\" width=\"361\" height=\"361\" srcset=\"https:\/\/www.ai-chenming.com\/wp-content\/uploads\/2025\/09\/63-300x300.png 300w, https:\/\/www.ai-chenming.com\/wp-content\/uploads\/2025\/09\/63-150x150.png 150w, https:\/\/www.ai-chenming.com\/wp-content\/uploads\/2025\/09\/63-12x12.png 12w, https:\/\/www.ai-chenming.com\/wp-content\/uploads\/2025\/09\/63-450x450.png 450w, https:\/\/www.ai-chenming.com\/wp-content\/uploads\/2025\/09\/63-600x600.png 600w, https:\/\/www.ai-chenming.com\/wp-content\/uploads\/2025\/09\/63-100x100.png 100w, https:\/\/www.ai-chenming.com\/wp-content\/uploads\/2025\/09\/63.png 640w\" sizes=\"(max-width: 361px) 100vw, 361px\" \/><\/div>\n<div data-reactroot=\"\">Le convoyeur \u00e0 bande \u00e0 mailles m\u00e9talliques peut \u00eatre entra\u00een\u00e9 par un pignon et un rouleau, deux modes d'entra\u00eenement. La bande transporteuse est fabriqu\u00e9e en acier inoxydable, qui pr\u00e9sente les caract\u00e9ristiques suivantes : haute r\u00e9sistance, faible \u00e9lasticit\u00e9, d\u00e9formation facile, entretien facile, hygi\u00e8ne, r\u00e9sistance \u00e0 la corrosion, r\u00e9sistance aux temp\u00e9ratures \u00e9lev\u00e9es ou aux environnements difficiles, fonctionnement stable, belle apparence et dur\u00e9e de vie. Il convient au s\u00e9chage, \u00e0 la cuisson, \u00e0 la friture, au nettoyage, \u00e0 la d\u00e9shumidification, \u00e0 la cong\u00e9lation et \u00e0 d'autres liens dans diverses industries alimentaires. Il peut \u00e9galement \u00eatre utilis\u00e9 dans les industries pharmaceutiques et chimiques quotidiennes.<\/div>\n<div data-reactroot=\"\"><img alt=\"\" decoding=\"async\" class=\"wp-image-6769 aligncenter\" src=\"https:\/\/www.ai-chenming.com\/wp-content\/uploads\/2025\/09\/6-2-300x212.png\" width=\"362\" height=\"256\" srcset=\"https:\/\/www.ai-chenming.com\/wp-content\/uploads\/2025\/09\/6-2-300x212.png 300w, https:\/\/www.ai-chenming.com\/wp-content\/uploads\/2025\/09\/6-2-1024x724.png 1024w, https:\/\/www.ai-chenming.com\/wp-content\/uploads\/2025\/09\/6-2-768x543.png 768w, https:\/\/www.ai-chenming.com\/wp-content\/uploads\/2025\/09\/6-2-1536x1086.png 1536w, https:\/\/www.ai-chenming.com\/wp-content\/uploads\/2025\/09\/6-2-2048x1448.png 2048w, https:\/\/www.ai-chenming.com\/wp-content\/uploads\/2025\/09\/6-2-18x12.png 18w, https:\/\/www.ai-chenming.com\/wp-content\/uploads\/2025\/09\/6-2-600x424.png 600w\" sizes=\"(max-width: 362px) 100vw, 362px\" \/><\/div>\n<\/div>\n<\/div>\n<\/div>\n<\/div>\n<div class=\"text-wrapper-below text-theme-dark text-align-left\">\n<div class=\"text-title\" data-id=\"below-title\">\n<div class=\"preview-edit-text-editor\" data-reactroot=\"\">\n<div id=\"preview-edit-2\" class=\"content-editor\" tabindex=\"1\" contenteditable=\"true\">\n<h3><span style=\"color: #ea9924;\">Convoyeur en acier inoxydable\u00a0<\/span><\/h3>\n<\/div>\n<\/div>\n<\/div>\n<div class=\"text-content\" data-id=\"below-content\">\n<div class=\"preview-edit-text-editor\" data-reactroot=\"\">\n<div id=\"preview-edit-1\" class=\"content-editor\" tabindex=\"1\" contenteditable=\"true\">\n<h4><span style=\"color: #000000;\"><sub>--Hygi\u00e9nique, stable et personnalisable pour l'industrie alimentaire<\/sub><br \/>\n<\/span><\/h4>\n<div><\/div>\n<div><span style=\"color: #000000;\"><span style=\"font-family: Arial;\"><b>Ce convoyeur en acier inoxydable est fabriqu\u00e9 en acier inoxydable 304\/316 de haute qualit\u00e9, offrant une excellente r\u00e9sistance \u00e0 la corrosion et une durabilit\u00e9 structurelle. Il est id\u00e9al pour les environnements hygi\u00e9niques et exigeants tels que l'industrie alimentaire, pharmaceutique et chimique. Sa conception modulaire garantit des performances stables, un nettoyage facile et un fonctionnement fiable pour les lignes de production en continu.<br \/>\n<\/b><\/span><\/span><\/div>\n<div><span style=\"color: #000000;\"><span style=\"font-family: Arial;\"><b>\u00a0<\/b><\/span><\/span><\/div>\n<div><span style=\"font-family: Arial;\"><b><span style=\"color: #59c7f9;\">Caract\u00e9ristiques principales :<\/span><span style=\"color: #000000;\"><br \/>\n<\/span><\/b><\/span><\/div>\n<div><span style=\"color: #000000;\"><span style=\"font-family: Arial;\"><b>\u00a0<\/b><\/span><\/span><\/div>\n<div><span style=\"color: #000000;\"><span style=\"font-family: Arial;\"><b>Acier inoxydable de qualit\u00e9 alimentaire - Construit en acier inoxydable 304\/316 pour une r\u00e9sistance sup\u00e9rieure \u00e0 la rouille et aux produits chimiques. R\u00e9pond aux normes d'hygi\u00e8ne et de s\u00e9curit\u00e9 alimentaire.<br \/>\nConception personnalisable - La longueur, la largeur, la vitesse et la hauteur peuvent \u00eatre adapt\u00e9es \u00e0 vos besoins sp\u00e9cifiques en mati\u00e8re de flux de travail et de production.<br \/>\n\u2705 Fonctionnement souple et stable - \u00c9quip\u00e9 de moteurs \u00e0 haut rendement et de composants robustes pour un transport silencieux, \u00e0 charge \u00e9lev\u00e9e et continu.<br \/>\n\u2705 Facile \u00e0 nettoyer - La conception \u00e0 cadre ouvert avec des angles morts minimaux est id\u00e9ale pour les syst\u00e8mes CIP (Clean-in-Place) et une maintenance rapide.<br \/>\nApplication \u00e9tendue - Parfait pour les industries alimentaires, pharmaceutiques, cosm\u00e9tiques, chimiques, \u00e9lectroniques et d'emballage.<\/b><\/span><\/span><\/div>\n<\/div>\n<\/div>\n<\/div>\n<\/div>\n<\/div>\n<\/div>\n<\/div>\n<div class=\"editor-component-container-mask\"><\/div>\n<\/div>\n<\/div>\n<div class=\"editor-component-row editor-component-row-relative\">\n<div class=\"editor-component-container\">\n<div class=\"previewer-item-wrap\">\n<div id=\"45896279909\" class=\"J_module\">\n<div class=\"ife-detail-decorate-table\" data-reactroot=\"\">\n<table>\n<tbody>\n<tr>\n<td><b><span data-spm-anchor-id=\"a2700.pc-decorate.0.i47.4d3a3333VxLmXu\">Nom du produit<\/span><\/b><\/td>\n<td>\n<div data-spm-anchor-id=\"a2700.pc-decorate.0.i214.37ce3333T9MSYh\">Convoyeur en acier inoxydable<\/div>\n<\/td>\n<\/tr>\n<tr>\n<td><b>Marque<\/b><\/td>\n<td>\n<div><span data-spm-anchor-id=\"a2700.pc-decorate.0.i47.2e9e33338sWL4F\">Chenming<\/span><\/div>\n<\/td>\n<\/tr>\n<tr>\n<td><b>L'industrie<\/b><\/td>\n<td>\n<div data-spm-anchor-id=\"a2700.pc-decorate.0.i206.37ce3333T9MSYh\">Usines, autres industries<\/div>\n<\/td>\n<\/tr>\n<tr>\n<td><b>condition<\/b><\/td>\n<td>\n<div>Nouveau<\/div>\n<\/td>\n<\/tr>\n<tr>\n<td><b>Longueur*Largeur*Hauteur<\/b><\/td>\n<td>\n<div>Taille personnalis\u00e9e<\/div>\n<\/td>\n<\/tr>\n<tr>\n<td><b>Mat\u00e9riau du cadre<\/b><\/td>\n<td>\n<div data-spm-anchor-id=\"a2700.pc-decorate.0.i220.37ce3333T9MSYh\">Acier inoxydable<\/div>\n<\/td>\n<\/tr>\n<tr>\n<td><b>Mat\u00e9riau de la ceinture<\/b><\/td>\n<td>\n<div data-spm-anchor-id=\"a2700.pc-decorate.0.i221.37ce3333T9MSYh\">Acier inoxydable<\/div>\n<\/td>\n<\/tr>\n<tr>\n<td><b>Vitesse<\/b><\/td>\n<td>\n<div>0 - 30 m\/MIN r\u00e9glable<\/div>\n<\/td>\n<\/tr>\n<tr>\n<td><b>Alimentation \u00e9lectrique<\/b><\/td>\n<td>\n<div data-spm-anchor-id=\"a2700.pc-decorate.0.i48.2e9e33338sWL4F\">220 V\/support personnalis\u00e9<\/div>\n<\/td>\n<\/tr>\n<tr>\n<td><b>Test du convoyeur<\/b><\/td>\n<td>\n<div><span data-spm-anchor-id=\"a2700.pc-decorate.0.i222.37ce3333T9MSYh\">Avant d'\u00eatre exp\u00e9di\u00e9s, tous les convoyeurs sont test\u00e9s.<\/span><\/div>\n<\/td>\n<\/tr>\n<tr>\n<td><b>Garantie<\/b><\/td>\n<td>\n<div>Garantie d'un an, des services d'ing\u00e9nierie peuvent \u00eatre fournis<\/div>\n<\/td>\n<\/tr>\n<tr>\n<td><b>Paquet<\/b><\/td>\n<td>\n<div>Selon la taille du convoyeur<\/div>\n<\/td>\n<\/tr>\n<\/tbody>\n<\/table>\n<\/div>\n<\/div>\n<\/div>\n<\/div>\n<\/div>\n<div class=\"editor-component-row editor-component-row-relative\">\n<div class=\"editor-component-container\">\n<div class=\"previewer-item-wrap\">\n<div id=\"45896279931\" class=\"J_module\">\n<div id=\"ali-anchor-AliMagic-snwijb\" data-reactroot=\"\" data-section=\"AliMagic-snwijb\" data-section-title=\"FAQ\">FAQ<\/div>\n<\/div>\n<\/div>\n<div class=\"editor-component-container-mask\"><\/div>\n<\/div>\n<\/div>\n<div class=\"editor-component-row editor-component-row-relative\">\n<div class=\"editor-component-container\">\n<div class=\"previewer-item-wrap\">\n<div id=\"45896279933\" class=\"J_module\">\n<div class=\"detail-decorate-json-renderer-container\" data-reactroot=\"\">\n<div>\n<div>\n<div>\n<div>\n<div class=\"preview-edit-text-editor\" data-reactroot=\"\">\n<div id=\"preview-edit-3\" class=\"content-editor\" tabindex=\"1\" contenteditable=\"true\"><b><\/b><b>Q1 : \u00cates-vous une soci\u00e9t\u00e9 commerciale ou un fabricant ?<\/b><br \/>\nR : Nous sommes une usine.<b>Q2:Acceptez-vous les OEM ou ODM ? A2:Oui, mais nous avons des exigences en mati\u00e8re de quantit\u00e9. Veuillez nous contacter directement.<br \/>\n<\/b><br \/>\n<b>Q3:Quel est le mode de paiement de votre entreprise ?<\/b><br \/>\nA3:T\/T, L\/C \u00e0 vue, Paypal, Western Union<\/p>\n<p><b>Q4:Quel est le mode d'exp\u00e9dition ?<\/b><br \/>\nA4:Par voie maritime, a\u00e9rienne, Fedex, DHL, UPS, TNT, etc.<\/p>\n<p><b>Q5 : Quel est le d\u00e9lai de livraison ?<\/b><br \/>\nA5 : En g\u00e9n\u00e9ral, le d\u00e9lai est de 5 \u00e0 10 jours si les marchandises sont en stock, ou de 15 \u00e0 20 jours si les marchandises ne sont pas en stock, en fonction de l'\u00e9tat des stocks.<br \/>\nquantit\u00e9.<\/p>\n<p><b>Q6 : Comment est votre service ?<\/b><br \/>\nA6\uff1aDon't worry, we have professionals at your service 24 hours a day.<\/p>\n<\/div>\n<\/div>\n<\/div>\n<\/div>\n<\/div>\n<\/div>\n<\/div>\n<\/div>\n<\/div>\n<\/div>\n<\/div>","protected":false},"excerpt":{"rendered":"<p>Convoyeur \u00e0 bande de qualit\u00e9 alimentaire personnalisable Ligne d'assemblage automatique Convoyeur \u00e0 bande en acier inoxydable 304 pour le s\u00e9chage et la cong\u00e9lation des fruits de mer<\/p>","protected":false},"featured_media":6017,"template":"","meta":{"_acf_changed":false,"_seopress_robots_primary_cat":"none","_seopress_titles_title":"90 Degree Curve Conveyor Belt Stainless Steel Wire Mesh Belt Conveyor Customized Cooling Drying Conveyors for Food Industry","_seopress_titles_desc":"Customizable Food Grade Belt Conveyor Automatic Assembly Line 304 Stainless Steel Mesh Belt Conveyor Drying Seafood Freezing","_seopress_robots_index":"","_uag_custom_page_level_css":"","site-sidebar-layout":"default","site-content-layout":"","ast-site-content-layout":"default","site-content-style":"default","site-sidebar-style":"default","ast-global-header-display":"","ast-banner-title-visibility":"","ast-main-header-display":"","ast-hfb-above-header-display":"","ast-hfb-below-header-display":"","ast-hfb-mobile-header-display":"","site-post-title":"","ast-breadcrumbs-content":"","ast-featured-img":"","footer-sml-layout":"","theme-transparent-header-meta":"default","adv-header-id-meta":"","stick-header-meta":"","header-above-stick-meta":"","header-main-stick-meta":"","header-below-stick-meta":"","astra-migrate-meta-layouts":"set","ast-page-background-enabled":"default","ast-page-background-meta":{"desktop":{"background-color":"","background-image":"","background-repeat":"repeat","background-position":"center center","background-size":"auto","background-attachment":"scroll","background-type":"","background-media":"","overlay-type":"","overlay-color":"","overlay-opacity":"","overlay-gradient":""},"tablet":{"background-color":"","background-image":"","background-repeat":"repeat","background-position":"center center","background-size":"auto","background-attachment":"scroll","background-type":"","background-media":"","overlay-type":"","overlay-color":"","overlay-opacity":"","overlay-gradient":""},"mobile":{"background-color":"","background-image":"","background-repeat":"repeat","background-position":"center center","background-size":"auto","background-attachment":"scroll","background-type":"","background-media":"","overlay-type":"","overlay-color":"","overlay-opacity":"","overlay-gradient":""}},"ast-content-background-meta":{"desktop":{"background-color":"var(--ast-global-color-5)","background-image":"","background-repeat":"repeat","background-position":"center center","background-size":"auto","background-attachment":"scroll","background-type":"","background-media":"","overlay-type":"","overlay-color":"","overlay-opacity":"","overlay-gradient":""},"tablet":{"background-color":"var(--ast-global-color-5)","background-image":"","background-repeat":"repeat","background-position":"center center","background-size":"auto","background-attachment":"scroll","background-type":"","background-media":"","overlay-type":"","overlay-color":"","overlay-opacity":"","overlay-gradient":""},"mobile":{"background-color":"var(--ast-global-color-5)","background-image":"","background-repeat":"repeat","background-position":"center center","background-size":"auto","background-attachment":"scroll","background-type":"","background-media":"","overlay-type":"","overlay-color":"","overlay-opacity":"","overlay-gradient":""}}},"product_brand":[131],"product_cat":[96],"product_tag":[725,121,191,727,726],"class_list":{"0":"post-6011","1":"product","2":"type-product","3":"status-publish","4":"has-post-thumbnail","6":"product_brand-chenming","7":"product_cat-belt-conveyor","8":"product_tag-90-degree-curve-conveyor-belt","9":"product_tag-food-grade-belt-conveyor","10":"product_tag-small-conveyor-belt-system","11":"product_tag-stainless-steel-cooling-mesh-belt-conveyor","12":"product_tag-stainless-steel-flex-wire-mesh-belt-conveyor","13":"desktop-align-center","14":"tablet-align-center","15":"mobile-align-left","16":"ast-product-gallery-layout-horizontal-slider","17":"ast-product-tabs-layout-horizontal","18":"ast-qv-on-image","20":"first","21":"instock","22":"sale","23":"shipping-taxable","24":"purchasable","25":"product-type-simple"},"acf":[],"uagb_featured_image_src":{"full":["https:\/\/www.ai-chenming.com\/wp-content\/uploads\/2025\/09\/4c3c016d-ac4c-4de6-a41f-b44b0db73fcb.png",1280,1280,false],"thumbnail":["https:\/\/www.ai-chenming.com\/wp-content\/uploads\/2025\/09\/4c3c016d-ac4c-4de6-a41f-b44b0db73fcb-150x150.png",150,150,true],"medium":["https:\/\/www.ai-chenming.com\/wp-content\/uploads\/2025\/09\/4c3c016d-ac4c-4de6-a41f-b44b0db73fcb-300x300.png",300,300,true],"medium_large":["https:\/\/www.ai-chenming.com\/wp-content\/uploads\/2025\/09\/4c3c016d-ac4c-4de6-a41f-b44b0db73fcb-768x768.png",768,768,true],"large":["https:\/\/www.ai-chenming.com\/wp-content\/uploads\/2025\/09\/4c3c016d-ac4c-4de6-a41f-b44b0db73fcb-1024x1024.png",1024,1024,true],"1536x1536":["https:\/\/www.ai-chenming.com\/wp-content\/uploads\/2025\/09\/4c3c016d-ac4c-4de6-a41f-b44b0db73fcb.png",1280,1280,false],"2048x2048":["https:\/\/www.ai-chenming.com\/wp-content\/uploads\/2025\/09\/4c3c016d-ac4c-4de6-a41f-b44b0db73fcb.png",1280,1280,false],"trp-custom-language-flag":["https:\/\/www.ai-chenming.com\/wp-content\/uploads\/2025\/09\/4c3c016d-ac4c-4de6-a41f-b44b0db73fcb-12x12.png",12,12,true],"woocommerce_thumbnail":["https:\/\/www.ai-chenming.com\/wp-content\/uploads\/2025\/09\/4c3c016d-ac4c-4de6-a41f-b44b0db73fcb-450x450.png",450,450,true],"woocommerce_single":["https:\/\/www.ai-chenming.com\/wp-content\/uploads\/2025\/09\/4c3c016d-ac4c-4de6-a41f-b44b0db73fcb-600x600.png",600,600,true],"woocommerce_gallery_thumbnail":["https:\/\/www.ai-chenming.com\/wp-content\/uploads\/2025\/09\/4c3c016d-ac4c-4de6-a41f-b44b0db73fcb-100x100.png",100,100,true]},"uagb_author_info":{"display_name":"chenming","author_link":"https:\/\/www.ai-chenming.com\/fr\/author\/"},"uagb_comment_info":0,"uagb_excerpt":"Customizable Food Grade Belt Conveyor Automatic Assembly Line 304 Stainless Steel Mesh Belt Conveyor Drying Seafood Freezing","_links":{"self":[{"href":"https:\/\/www.ai-chenming.com\/fr\/wp-json\/wp\/v2\/product\/6011","targetHints":{"allow":["GET"]}}],"collection":[{"href":"https:\/\/www.ai-chenming.com\/fr\/wp-json\/wp\/v2\/product"}],"about":[{"href":"https:\/\/www.ai-chenming.com\/fr\/wp-json\/wp\/v2\/types\/product"}],"wp:featuredmedia":[{"embeddable":true,"href":"https:\/\/www.ai-chenming.com\/fr\/wp-json\/wp\/v2\/media\/6017"}],"wp:attachment":[{"href":"https:\/\/www.ai-chenming.com\/fr\/wp-json\/wp\/v2\/media?parent=6011"}],"wp:term":[{"taxonomy":"product_brand","embeddable":true,"href":"https:\/\/www.ai-chenming.com\/fr\/wp-json\/wp\/v2\/product_brand?post=6011"},{"taxonomy":"product_cat","embeddable":true,"href":"https:\/\/www.ai-chenming.com\/fr\/wp-json\/wp\/v2\/product_cat?post=6011"},{"taxonomy":"product_tag","embeddable":true,"href":"https:\/\/www.ai-chenming.com\/fr\/wp-json\/wp\/v2\/product_tag?post=6011"}],"curies":[{"name":"wp","href":"https:\/\/api.w.org\/{rel}","templated":true}]}}