{"id":5921,"date":"2025-09-05T06:14:44","date_gmt":"2025-09-05T06:14:44","guid":{"rendered":"https:\/\/www.ai-chenming.com\/?post_type=product&#038;p=5921"},"modified":"2025-09-19T01:28:16","modified_gmt":"2025-09-19T01:28:16","slug":"2025-manufacturer-direct-sales-conveyors-90-degree-conveying-machine-stainless-steel-slat-top-chain-conveyor-system-for-industry","status":"publish","type":"product","link":"https:\/\/www.ai-chenming.com\/fr\/produit\/2025-manufacturer-direct-sales-conveyors-90-degree-conveying-machine-stainless-steel-slat-top-chain-conveyor-system-for-industry\/","title":{"rendered":"2025 Fabricant Ventes directes Convoyeurs Machine de convoyage \u00e0 90 degr\u00e9s Syst\u00e8me de convoyeur \u00e0 cha\u00eene en acier inoxydable pour l'industrie"},"content":{"rendered":"<div id=\"icbuEditorBackground\" class=\"icbu-editor-background\" data-spm-anchor-id=\"a2700.pc-decorate.0.i2.75423333PIGkVu\"><span style=\"font-size: 16px;\">Description du produit<\/span><\/div>\n<div id=\"detail_decorate_root\">\n<div class=\"editor-plugin-canvas\">\n<div class=\"render-engien-app\">\n<div class=\"editor-component-row editor-component-row-relative\">\n<div class=\"editor-component-container\">\n<div class=\"editor-component-container-mask\">\n<div style=\"width: 1280px;\" class=\"wp-video\"><!--[if lt IE 9]><script>document.createElement('video');<\/script><![endif]-->\n<video class=\"wp-video-shortcode\" id=\"video-5921-1\" width=\"1280\" height=\"720\" preload=\"metadata\" controls=\"controls\"><source type=\"video\/mp4\" src=\"https:\/\/www.ai-chenming.com\/wp-content\/uploads\/2025\/09\/6000300278058.mp4?_=1\" \/><a href=\"https:\/\/www.ai-chenming.com\/wp-content\/uploads\/2025\/09\/6000300278058.mp4\">https:\/\/www.ai-chenming.com\/wp-content\/uploads\/2025\/09\/6000300278058.mp4<\/a><\/video><\/div>\n<p><img alt=\"\" fetchpriority=\"high\" decoding=\"async\" class=\"wp-image-6968 aligncenter\" src=\"https:\/\/www.ai-chenming.com\/wp-content\/uploads\/2025\/09\/68-300x300.png\" width=\"360\" height=\"360\" srcset=\"https:\/\/www.ai-chenming.com\/wp-content\/uploads\/2025\/09\/68-300x300.png 300w, https:\/\/www.ai-chenming.com\/wp-content\/uploads\/2025\/09\/68-150x150.png 150w, https:\/\/www.ai-chenming.com\/wp-content\/uploads\/2025\/09\/68-12x12.png 12w, https:\/\/www.ai-chenming.com\/wp-content\/uploads\/2025\/09\/68-450x450.png 450w, https:\/\/www.ai-chenming.com\/wp-content\/uploads\/2025\/09\/68-600x600.png 600w, https:\/\/www.ai-chenming.com\/wp-content\/uploads\/2025\/09\/68-100x100.png 100w, https:\/\/www.ai-chenming.com\/wp-content\/uploads\/2025\/09\/68.png 640w\" sizes=\"(max-width: 360px) 100vw, 360px\" \/><\/p>\n<p>Le convoyeur \u00e0 plaques \u00e0 cha\u00eene utilise la cha\u00eene plate standard comme surface d'appui et le motor\u00e9ducteur comme transmission de puissance. Il se d\u00e9place sur un rail de guidage sp\u00e9cial. La surface de transport est plate et lisse, et la force de frottement est faible. Les mat\u00e9riaux passent en douceur d'une ligne de transport \u00e0 l'autre. En fonction des diff\u00e9rents processus, la ligne de plaques \u00e0 cha\u00eene est divis\u00e9e en ligne droite et ligne tournante, et les mat\u00e9riaux sont divis\u00e9s en acier thermoplastique et acier inoxydable. Elle convient au transport de bouteilles en plastique, de bouteilles en verre, de bo\u00eetes de conserve et d'autres mat\u00e9riaux d'emballage, mais peut \u00e9galement transporter des cartons, des sacs et des produits d'emballage. Nous pouvons en fabriquer une \u00e0 plusieurs rang\u00e9es, de mani\u00e8re \u00e0 ce que la surface de transport soit large et que la diff\u00e9rence de vitesse soit telle que la pluralit\u00e9 de rang\u00e9es devienne une seule rang\u00e9e sans extrusion, la rang\u00e9e unique peut \u00e9galement devenir une pluralit\u00e9 de rang\u00e9es et se d\u00e9placer lentement, de mani\u00e8re \u00e0 r\u00e9aliser le stockage des mat\u00e9riaux dans le processus de transport.<\/p>\n<p><img alt=\"\" decoding=\"async\" class=\"wp-image-6831 aligncenter\" src=\"https:\/\/www.ai-chenming.com\/wp-content\/uploads\/2025\/09\/5-2-300x212.png\" width=\"361\" height=\"255\" srcset=\"https:\/\/www.ai-chenming.com\/wp-content\/uploads\/2025\/09\/5-2-300x212.png 300w, https:\/\/www.ai-chenming.com\/wp-content\/uploads\/2025\/09\/5-2-1024x724.png 1024w, https:\/\/www.ai-chenming.com\/wp-content\/uploads\/2025\/09\/5-2-768x543.png 768w, https:\/\/www.ai-chenming.com\/wp-content\/uploads\/2025\/09\/5-2-1536x1086.png 1536w, https:\/\/www.ai-chenming.com\/wp-content\/uploads\/2025\/09\/5-2-2048x1448.png 2048w, https:\/\/www.ai-chenming.com\/wp-content\/uploads\/2025\/09\/5-2-18x12.png 18w, https:\/\/www.ai-chenming.com\/wp-content\/uploads\/2025\/09\/5-2-600x424.png 600w\" sizes=\"(max-width: 361px) 100vw, 361px\" \/><\/p>\n<\/div>\n<\/div>\n<\/div>\n<div class=\"editor-component-row editor-component-row-relative\">\n<div class=\"editor-component-container\">\n<div class=\"previewer-item-wrap\">\n<div id=\"44829225126\" class=\"J_module\">\n<div class=\"icbu-pc-detailVideoShow\" data-reactroot=\"\" data-magic=\"{&quot;mds&quot;:{&quot;assetsVersion&quot;:&quot;0.0.6&quot;,&quot;assetsPackageName&quot;:&quot;icbumod&quot;,&quot;moduleNameAlias&quot;:&quot;icbu-pc-detailVideoShow&quot;,&quot;moduleData&quot;:{&quot;videoInfo&quot;:{&quot;coverUrl&quot;:&quot;https:\/\/sc01.alicdn.com\/kf\/H09c3ef9f49944acfa35375d4c1b47748t.jpg&quot;,&quot;duration&quot;:70,&quot;fileSize&quot;:&quot;11812308&quot;,&quot;videoName&quot;:&quot;\u516c\u53f8\u4ecb\u7ecdmp4.&quot;,&quot;videoId&quot;:6000292688076},&quot;hideBottom&quot;:false}},&quot;version&quot;:1}\">\n<div class=\"bc-react-video-player singleton undefined venus-component-video\" data-spm-anchor-id=\"a2700.pc-decorate.0.i1.75423333PIGkVu\"><\/div>\n<\/div>\n<\/div>\n<\/div>\n<div class=\"editor-component-container-mask\">\n<table>\n<tbody>\n<tr>\n<td>Nom du produit<\/td>\n<td>Convoyeur \u00e0 cha\u00eene<\/td>\n<\/tr>\n<tr>\n<td>Mat\u00e9riau du produit<\/td>\n<td>Inox\/Acier<\/td>\n<\/tr>\n<tr>\n<td>Pitch<\/td>\n<td>Au fur et \u00e0 mesure que votre demande<\/td>\n<\/tr>\n<tr>\n<td>Certification<\/td>\n<td>ISO&amp;CE&amp;SGS<\/td>\n<\/tr>\n<tr>\n<td>Structure<\/td>\n<td>R\u00e9glable en hauteur et en vitesse<\/td>\n<\/tr>\n<tr>\n<td>Couleur<\/td>\n<td>En tant qu'exigence<\/td>\n<\/tr>\n<tr>\n<td>Moteur<\/td>\n<td>Moteur en option<\/td>\n<\/tr>\n<tr>\n<td>Avantages du produit<\/td>\n<td>fonctionnement sans heurts\/structure robuste\/entretien facile\/grande capacit\u00e9 de transport, etc.<\/td>\n<\/tr>\n<tr>\n<td>Application<\/td>\n<td>Transport de bouteilles, traitement des c\u00e9r\u00e9ales, exploitation mini\u00e8re, mat\u00e9riaux de construction et autres industries<\/td>\n<\/tr>\n<\/tbody>\n<\/table>\n<\/div>\n<\/div>\n<\/div>\n<\/div>\n<\/div>\n<div class=\"editor-component-row editor-component-row-relative\">\n<div class=\"editor-component-container\">\n<div class=\"previewer-item-wrap\">\n<div id=\"44829225128\" class=\"J_module\">\n<div class=\"icbu-pc-images\" data-reactroot=\"\">\n<div class=\"flex-layout-h\">\n<div class=\"text-wrapper\">\n<div class=\"text-wrapper-right text-theme-light text-align-left\">\n<div class=\"text-title\" data-id=\"right-title\">\n<div class=\"preview-edit-text-editor\" data-reactroot=\"\">\n<div id=\"preview-edit-2\" class=\"content-editor\" tabindex=\"1\" contenteditable=\"true\">\n<p>Fonctionnalit\u00e9 :<\/p>\n<\/div>\n<\/div>\n<\/div>\n<div class=\"text-content\" data-id=\"right-content\">\n<div class=\"preview-edit-text-editor\" data-reactroot=\"\">\n<div id=\"preview-edit-1\" class=\"content-editor\" tabindex=\"1\" contenteditable=\"true\">R\u00e9sistant \u00e0 la corrosion et aux temp\u00e9ratures \u00e9lev\u00e9es, il a une forte capacit\u00e9 de charge et une longue dur\u00e9e de vie, et sa surface est facile \u00e0 nettoyer. Il convient aux industries \u00e0 haut niveau d'hygi\u00e8ne, telles que l'industrie alimentaire et pharmaceutique, et peut s'adapter \u00e0 des environnements humides, huileux ou \u00e0 haute temp\u00e9rature. La conception modulaire est facile \u00e0 entretenir et permet de transporter des charges lourdes et des mat\u00e9riaux de forme sp\u00e9ciale.<\/div>\n<\/div>\n<\/div>\n<\/div>\n<\/div>\n<\/div>\n<\/div>\n<\/div>\n<\/div>\n<\/div>\n<\/div>\n<div class=\"editor-component-row editor-component-row-relative\">\n<div class=\"editor-component-container\">\n<div class=\"previewer-item-wrap\">\n<div id=\"44829225129\" class=\"J_module\">\n<div class=\"detail-decorate-json-renderer-container\" data-reactroot=\"\">\n<div>\n<div>\n<div>\n<div data-id=\"paragraph0\">\n<div class=\"preview-edit-text-editor\" data-reactroot=\"\">\n<div id=\"preview-edit-4\" class=\"content-editor\" tabindex=\"1\" contenteditable=\"true\"><b><span style=\"color: #2196ed;\">Ventes directes \u00e0 l'usine soutien \u00e0 la personnalisation<\/span><\/b><\/div>\n<\/div>\n<\/div>\n<\/div>\n<\/div>\n<\/div>\n<\/div>\n<\/div>\n<\/div>\n<div class=\"editor-component-container-mask\"><\/div>\n<\/div>\n<\/div>\n<div class=\"editor-component-row editor-component-row-relative\">\n<div class=\"editor-component-container\">\n<div class=\"previewer-item-wrap\">\n<div id=\"44829225149\" class=\"J_module\">\n<div id=\"ali-anchor-AliMagic-o0ldzk\" data-reactroot=\"\" data-section=\"AliMagic-o0ldzk\" data-section-title=\"FAQ\">FAQ<\/div>\n<\/div>\n<\/div>\n<div class=\"editor-component-container-mask\"><\/div>\n<\/div>\n<\/div>\n<div class=\"editor-component-row editor-component-row-relative\">\n<div class=\"editor-component-container\">\n<div class=\"previewer-item-wrap\">\n<div id=\"44829225150\" class=\"J_module\">\n<div class=\"detail-decorate-json-renderer-container\" data-reactroot=\"\">\n<div>\n<div>\n<div>\n<div>\n<div class=\"preview-edit-text-editor\" data-reactroot=\"\">\n<div id=\"preview-edit-5\" class=\"content-editor\" tabindex=\"1\" contenteditable=\"true\">\n<p>Q1. \u00cates-vous un fabricant ou une soci\u00e9t\u00e9 commerciale ?<\/p>\n<div>\n<p>R : Nous sommes un fabricant professionnel avec 15 ans d'exp\u00e9rience dans l'industrie.<\/p>\n<p>Q2.Comment pouvons-nous garantir la qualit\u00e9 ?<br \/>\nR : Un \u00e9chantillon est toujours pr\u00e9lev\u00e9 avant la production en s\u00e9rie et un contr\u00f4le final est effectu\u00e9 avant l'exp\u00e9dition.<\/p>\n<p>Q3. Fournissez-vous des \u00e9chantillons ?<br \/>\nR:Oui, nous pouvons offrir des \u00e9chantillons de pi\u00e8ces de convoyeur gratuitement, mais l'acheteur doit payer les frais d'exp\u00e9dition.<\/p>\n<p>Q4. Quel est le mode de paiement ?<\/p>\n<div>\n<p>R : T\/T, L\/C \u00e0 vue, Paypal, Western Union sont tous accept\u00e9s. Si vous avez d'autres moyens de paiement, veuillez me contacter.<\/p>\n<p>Q5.Quel est le d\u00e9lai de livraison ?<br \/>\nR : En g\u00e9n\u00e9ral, le d\u00e9lai est de 5 \u00e0 10 jours si les marchandises sont en stock, ou de 15 \u00e0 20 jours si les marchandises ne sont pas en stock, en fonction de la quantit\u00e9.<\/p>\n<p>Q6. Quel est le mode d'exp\u00e9dition ?<br \/>\nR : Par voie maritime ou a\u00e9rienne, Fedex, DHL, UPS, TNT, etc.<\/p>\n<p>Q7. Votre produit b\u00e9n\u00e9ficie-t-il d'une p\u00e9riode de garantie ?<\/p>\n<div>\n<p>R : Nos produits sont g\u00e9n\u00e9ralement garantis un an. Nous disposons d'une solide force technique, d'une capacit\u00e9 de d\u00e9veloppement de produits et d'une \u00e9quipe professionnelle de service apr\u00e8s-vente.<\/p>\n<p>Q8 : Qu'en est-il du service apr\u00e8s-vente ?<br \/>\nR : Pas de probl\u00e8me, le service client\u00e8le en ligne est \u00e0 votre disposition 24 heures sur 24, des conseils \u00e0 distance gratuits pour les machines et les \u00e9quipements, nous pouvons \u00e9galement envoyer nos ing\u00e9nieurs sur le site pour installer ou r\u00e9parer la machine le cas \u00e9ch\u00e9ant, mais cela peut entra\u00eener certains frais. Si vous avez des questions, vous pouvez y r\u00e9pondre \u00e0 temps via WhatsApp ou WeChat.<\/p>\n<div><span style=\"color: #2196ed;\">Si vous avez d'autres questions, n'h\u00e9sitez pas \u00e0 me contacter.<\/span><\/div>\n<\/div>\n<\/div>\n<\/div>\n<\/div>\n<\/div>\n<\/div>\n<\/div>\n<\/div>\n<\/div>\n<\/div>\n<\/div>\n<\/div>\n<div class=\"editor-component-container-mask\"><\/div>\n<\/div>\n<\/div>\n<div class=\"editor-component-row editor-component-row-relative\">\n<div class=\"editor-component-container\">\n<div class=\"previewer-item-wrap\">\n<div id=\"44829225151\" class=\"J_module\">\n<div class=\"icbu-pc-images\" data-reactroot=\"\">\n<div>\n<div class=\"flex-layout-v\">\n<div class=\"flex-layout-h\">\n<div>\n<div class=\"preview-image-edit\">\n<div class=\"preview-edit-image-item\" data-reactroot=\"\"><\/div>\n<\/div>\n<p><img decoding=\"async\" src=\"https:\/\/sc04.alicdn.com\/kf\/H3ab1dc4092954126803df7a0a6b73681V\/284464100\/H3ab1dc4092954126803df7a0a6b73681V.png\" data-id=\"child-image-0\" \/><\/p>\n<\/div>\n<\/div>\n<\/div>\n<\/div>\n<\/div>\n<\/div>\n<\/div>\n<\/div>\n<\/div>\n<\/div>","protected":false},"excerpt":{"rendered":"<p>Convoyeur \u00e0 cha\u00eene pour l'industrie Convoyeur \u00e0 bande \u00e0 dessus plat pour la livraison d'aliments et de boissons R\u00e9sistant \u00e0 la chaleur Exploitation agricole Exploitation mini\u00e8re Applicable<\/p>","protected":false},"featured_media":5928,"template":"","meta":{"_acf_changed":false,"_seopress_robots_primary_cat":"none","_seopress_titles_title":"2025 Manufacturer Direct Sales Conveyors 90-Degree Conveying Machine Stainless Steel Slat Top Chain Conveyor System for Industry","_seopress_titles_desc":"Industry Chain Conveyor Flat Top Belt Conveyor for Food Beverage Delivery Heat Resistant Farm Mining Applicable","_seopress_robots_index":"","_uag_custom_page_level_css":"","site-sidebar-layout":"default","site-content-layout":"","ast-site-content-layout":"default","site-content-style":"default","site-sidebar-style":"default","ast-global-header-display":"","ast-banner-title-visibility":"","ast-main-header-display":"","ast-hfb-above-header-display":"","ast-hfb-below-header-display":"","ast-hfb-mobile-header-display":"","site-post-title":"","ast-breadcrumbs-content":"","ast-featured-img":"","footer-sml-layout":"","theme-transparent-header-meta":"default","adv-header-id-meta":"","stick-header-meta":"","header-above-stick-meta":"","header-main-stick-meta":"","header-below-stick-meta":"","astra-migrate-meta-layouts":"set","ast-page-background-enabled":"default","ast-page-background-meta":{"desktop":{"background-color":"","background-image":"","background-repeat":"repeat","background-position":"center center","background-size":"auto","background-attachment":"scroll","background-type":"","background-media":"","overlay-type":"","overlay-color":"","overlay-opacity":"","overlay-gradient":""},"tablet":{"background-color":"","background-image":"","background-repeat":"repeat","background-position":"center center","background-size":"auto","background-attachment":"scroll","background-type":"","background-media":"","overlay-type":"","overlay-color":"","overlay-opacity":"","overlay-gradient":""},"mobile":{"background-color":"","background-image":"","background-repeat":"repeat","background-position":"center center","background-size":"auto","background-attachment":"scroll","background-type":"","background-media":"","overlay-type":"","overlay-color":"","overlay-opacity":"","overlay-gradient":""}},"ast-content-background-meta":{"desktop":{"background-color":"var(--ast-global-color-5)","background-image":"","background-repeat":"repeat","background-position":"center center","background-size":"auto","background-attachment":"scroll","background-type":"","background-media":"","overlay-type":"","overlay-color":"","overlay-opacity":"","overlay-gradient":""},"tablet":{"background-color":"var(--ast-global-color-5)","background-image":"","background-repeat":"repeat","background-position":"center center","background-size":"auto","background-attachment":"scroll","background-type":"","background-media":"","overlay-type":"","overlay-color":"","overlay-opacity":"","overlay-gradient":""},"mobile":{"background-color":"var(--ast-global-color-5)","background-image":"","background-repeat":"repeat","background-position":"center center","background-size":"auto","background-attachment":"scroll","background-type":"","background-media":"","overlay-type":"","overlay-color":"","overlay-opacity":"","overlay-gradient":""}}},"product_brand":[131],"product_cat":[97],"product_tag":[696,695,694,693],"class_list":{"0":"post-5921","1":"product","2":"type-product","3":"status-publish","4":"has-post-thumbnail","6":"product_brand-chenming","7":"product_cat-chain-conveyor","8":"product_tag-conveyor-for-industry","9":"product_tag-heavy-chain-plate-conveyor","10":"product_tag-stainless-steel-conveyor-belt-chain-plate-conveyor","11":"product_tag-stainless-steel-plate-chain-conveyor","12":"desktop-align-center","13":"tablet-align-center","14":"mobile-align-left","15":"ast-product-gallery-layout-horizontal-slider","16":"ast-product-tabs-layout-horizontal","17":"ast-qv-on-image","19":"first","20":"instock","21":"sale","22":"shipping-taxable","23":"purchasable","24":"product-type-simple"},"acf":[],"uagb_featured_image_src":{"full":["https:\/\/www.ai-chenming.com\/wp-content\/uploads\/2025\/09\/16c8483c-0504-4b79-b4bf-7fe5bb93ca6f.png",630,630,false],"thumbnail":["https:\/\/www.ai-chenming.com\/wp-content\/uploads\/2025\/09\/16c8483c-0504-4b79-b4bf-7fe5bb93ca6f-150x150.png",150,150,true],"medium":["https:\/\/www.ai-chenming.com\/wp-content\/uploads\/2025\/09\/16c8483c-0504-4b79-b4bf-7fe5bb93ca6f-300x300.png",300,300,true],"medium_large":["https:\/\/www.ai-chenming.com\/wp-content\/uploads\/2025\/09\/16c8483c-0504-4b79-b4bf-7fe5bb93ca6f.png",630,630,false],"large":["https:\/\/www.ai-chenming.com\/wp-content\/uploads\/2025\/09\/16c8483c-0504-4b79-b4bf-7fe5bb93ca6f.png",630,630,false],"1536x1536":["https:\/\/www.ai-chenming.com\/wp-content\/uploads\/2025\/09\/16c8483c-0504-4b79-b4bf-7fe5bb93ca6f.png",630,630,false],"2048x2048":["https:\/\/www.ai-chenming.com\/wp-content\/uploads\/2025\/09\/16c8483c-0504-4b79-b4bf-7fe5bb93ca6f.png",630,630,false],"trp-custom-language-flag":["https:\/\/www.ai-chenming.com\/wp-content\/uploads\/2025\/09\/16c8483c-0504-4b79-b4bf-7fe5bb93ca6f-12x12.png",12,12,true],"woocommerce_thumbnail":["https:\/\/www.ai-chenming.com\/wp-content\/uploads\/2025\/09\/16c8483c-0504-4b79-b4bf-7fe5bb93ca6f-450x450.png",450,450,true],"woocommerce_single":["https:\/\/www.ai-chenming.com\/wp-content\/uploads\/2025\/09\/16c8483c-0504-4b79-b4bf-7fe5bb93ca6f-600x600.png",600,600,true],"woocommerce_gallery_thumbnail":["https:\/\/www.ai-chenming.com\/wp-content\/uploads\/2025\/09\/16c8483c-0504-4b79-b4bf-7fe5bb93ca6f-100x100.png",100,100,true]},"uagb_author_info":{"display_name":"chenming","author_link":"https:\/\/www.ai-chenming.com\/fr\/author\/"},"uagb_comment_info":0,"uagb_excerpt":"Industry Chain Conveyor Flat Top Belt Conveyor for Food Beverage Delivery Heat Resistant Farm Mining Applicable","_links":{"self":[{"href":"https:\/\/www.ai-chenming.com\/fr\/wp-json\/wp\/v2\/product\/5921","targetHints":{"allow":["GET"]}}],"collection":[{"href":"https:\/\/www.ai-chenming.com\/fr\/wp-json\/wp\/v2\/product"}],"about":[{"href":"https:\/\/www.ai-chenming.com\/fr\/wp-json\/wp\/v2\/types\/product"}],"wp:featuredmedia":[{"embeddable":true,"href":"https:\/\/www.ai-chenming.com\/fr\/wp-json\/wp\/v2\/media\/5928"}],"wp:attachment":[{"href":"https:\/\/www.ai-chenming.com\/fr\/wp-json\/wp\/v2\/media?parent=5921"}],"wp:term":[{"taxonomy":"product_brand","embeddable":true,"href":"https:\/\/www.ai-chenming.com\/fr\/wp-json\/wp\/v2\/product_brand?post=5921"},{"taxonomy":"product_cat","embeddable":true,"href":"https:\/\/www.ai-chenming.com\/fr\/wp-json\/wp\/v2\/product_cat?post=5921"},{"taxonomy":"product_tag","embeddable":true,"href":"https:\/\/www.ai-chenming.com\/fr\/wp-json\/wp\/v2\/product_tag?post=5921"}],"curies":[{"name":"wp","href":"https:\/\/api.w.org\/{rel}","templated":true}]}}