{"id":5891,"date":"2025-09-05T02:40:43","date_gmt":"2025-09-05T02:40:43","guid":{"rendered":"https:\/\/www.ai-chenming.com\/?post_type=product&#038;p=5891"},"modified":"2025-09-24T09:27:53","modified_gmt":"2025-09-24T09:27:53","slug":"customized-flexible-chain-conveyor-high-quality-aluminum-profile-conveyor-drive-head-for-plastic-chain-conveyor-system","status":"publish","type":"product","link":"https:\/\/www.ai-chenming.com\/fr\/produit\/customized-flexible-chain-conveyor-high-quality-aluminum-profile-conveyor-drive-head-for-plastic-chain-conveyor-system\/","title":{"rendered":"Convoyeur \u00e0 cha\u00eene flexible personnalis\u00e9 T\u00eate d'entra\u00eenement de convoyeur en profil\u00e9 d'aluminium de haute qualit\u00e9 pour syst\u00e8me de convoyeur \u00e0 cha\u00eene en plastique"},"content":{"rendered":"<div class=\"editor-component-row editor-component-row-relative\">\n<div class=\"editor-component-container\">\n<div class=\"previewer-item-wrap\">\n<div id=\"44893410381\" class=\"J_module\">\n<h3 id=\"ali-anchor-AliMagic-9g6r3e\" data-section=\"AliMagic-9g6r3e\" data-section-title=\"Product Description\" data-spm-anchor-id=\"a2700.pc-decorate.0.i1.3bb43333tsIerR\">Description du produit<\/h3>\n<p>&nbsp;<\/p>\n<div data-reactroot=\"\" data-section=\"AliMagic-9g6r3e\" data-section-title=\"Product Description\" data-spm-anchor-id=\"a2700.pc-decorate.0.i1.3bb43333tsIerR\">\n<div style=\"width: 1270px;\" class=\"wp-video\"><!--[if lt IE 9]><script>document.createElement('video');<\/script><![endif]-->\n<video class=\"wp-video-shortcode\" id=\"video-5891-1\" width=\"1270\" height=\"720\" preload=\"metadata\" controls=\"controls\"><source type=\"video\/mp4\" src=\"https:\/\/www.ai-chenming.com\/wp-content\/uploads\/2025\/09\/6000301526438.mp4?_=1\" \/><a href=\"https:\/\/www.ai-chenming.com\/wp-content\/uploads\/2025\/09\/6000301526438.mp4\">https:\/\/www.ai-chenming.com\/wp-content\/uploads\/2025\/09\/6000301526438.mp4<\/a><\/video><\/div>\n<p><img alt=\"\" fetchpriority=\"high\" decoding=\"async\" class=\"aligncenter wp-image-6974 size-large\" src=\"https:\/\/www.ai-chenming.com\/wp-content\/uploads\/2025\/09\/wechat_2025-09-19_093732_090-1024x338.png\" width=\"1024\" height=\"338\" srcset=\"https:\/\/www.ai-chenming.com\/wp-content\/uploads\/2025\/09\/wechat_2025-09-19_093732_090-1024x338.png 1024w, https:\/\/www.ai-chenming.com\/wp-content\/uploads\/2025\/09\/wechat_2025-09-19_093732_090-300x99.png 300w, https:\/\/www.ai-chenming.com\/wp-content\/uploads\/2025\/09\/wechat_2025-09-19_093732_090-768x253.png 768w, https:\/\/www.ai-chenming.com\/wp-content\/uploads\/2025\/09\/wechat_2025-09-19_093732_090-18x6.png 18w, https:\/\/www.ai-chenming.com\/wp-content\/uploads\/2025\/09\/wechat_2025-09-19_093732_090-600x198.png 600w, https:\/\/www.ai-chenming.com\/wp-content\/uploads\/2025\/09\/wechat_2025-09-19_093732_090.png 1134w\" sizes=\"(max-width: 1024px) 100vw, 1024px\" \/><\/p>\n<p>Le convoyeur \u00e0 cha\u00eene flexible est encore am\u00e9lior\u00e9 sur la base du convoyeur \u00e0 plaque \u00e0 cha\u00eene traditionnel, de sorte que le fonctionnement de la plaque \u00e0 cha\u00eene est qualitativement am\u00e9lior\u00e9. Le corps de la machine est fabriqu\u00e9 \u00e0 partir d'un profil\u00e9 d'aluminium standard. Toutes les pi\u00e8ces standard sont assembl\u00e9es pour rendre la rotation \u00e0 distance du convoyeur plus stable et plus souple. La forme du convoyeur peut compl\u00e9ter une disposition tridimensionnelle complexe, peut tourner, monter, descendre dans la m\u00eame puissance pour compl\u00e9ter. Principalement utilis\u00e9 dans les industries chimiques, pharmaceutiques, de roulements, de papier lamin\u00e9, de traitement des pi\u00e8ces automobiles et autres.<\/p>\n<p><img alt=\"\" decoding=\"async\" class=\"aligncenter wp-image-6747 size-large\" src=\"https:\/\/www.ai-chenming.com\/wp-content\/uploads\/2025\/09\/10-2-1024x724.png\" width=\"1024\" height=\"724\" srcset=\"https:\/\/www.ai-chenming.com\/wp-content\/uploads\/2025\/09\/10-2-1024x724.png 1024w, https:\/\/www.ai-chenming.com\/wp-content\/uploads\/2025\/09\/10-2-300x212.png 300w, https:\/\/www.ai-chenming.com\/wp-content\/uploads\/2025\/09\/10-2-768x543.png 768w, https:\/\/www.ai-chenming.com\/wp-content\/uploads\/2025\/09\/10-2-1536x1086.png 1536w, https:\/\/www.ai-chenming.com\/wp-content\/uploads\/2025\/09\/10-2-2048x1448.png 2048w, https:\/\/www.ai-chenming.com\/wp-content\/uploads\/2025\/09\/10-2-18x12.png 18w, https:\/\/www.ai-chenming.com\/wp-content\/uploads\/2025\/09\/10-2-600x424.png 600w\" sizes=\"(max-width: 1024px) 100vw, 1024px\" \/><\/p>\n<\/div>\n<\/div>\n<\/div>\n<div class=\"editor-component-container-mask\">\n<table>\n<tbody>\n<tr>\n<td>Nom du produit<\/td>\n<td>\u00a0transporteur<\/td>\n<\/tr>\n<tr>\n<td>Mat\u00e9riau du produit<\/td>\n<td>Inox\/Acier<\/td>\n<\/tr>\n<tr>\n<td>Pitch<\/td>\n<td>Au fur et \u00e0 mesure que votre demande<\/td>\n<\/tr>\n<tr>\n<td>Certification<\/td>\n<td>ISO&amp;CE&amp;SGS<\/td>\n<\/tr>\n<tr>\n<td>Structure<\/td>\n<td>R\u00e9glable en hauteur et en vitesse<\/td>\n<\/tr>\n<tr>\n<td>Couleur<\/td>\n<td>En tant qu'exigence<\/td>\n<\/tr>\n<tr>\n<td>Moteur<\/td>\n<td>Moteur en option<\/td>\n<\/tr>\n<tr>\n<td>Avantages du produit<\/td>\n<td>fonctionnement sans heurts\/structure robuste\/entretien facile\/grande capacit\u00e9 de transport, etc.<\/td>\n<\/tr>\n<tr>\n<td>Application<\/td>\n<td>Exploitation mini\u00e8re, mat\u00e9riaux de construction, traitement des c\u00e9r\u00e9ales et autres industries<\/td>\n<\/tr>\n<\/tbody>\n<\/table>\n<\/div>\n<\/div>\n<\/div>\n<div class=\"editor-component-row editor-component-row-relative\">\n<div class=\"editor-component-container\">\n<div class=\"previewer-item-wrap\">\n<div id=\"44893410384\" class=\"J_module\">\n<div class=\"icbu-pc-images\" data-reactroot=\"\">\n<div>\n<div class=\"flex-layout-h\">\n<div class=\"text-wrapper\">\n<div class=\"text-wrapper-right text-theme-light text-align-left\">\n<div class=\"text-title\" data-id=\"right-title\">\n<div class=\"preview-edit-text-editor\" data-reactroot=\"\">\n<div id=\"preview-edit-2\" class=\"content-editor\" tabindex=\"1\" contenteditable=\"true\">Fonctionnalit\u00e9 :<\/div>\n<\/div>\n<\/div>\n<div class=\"text-content\" data-id=\"right-content\">\n<div class=\"preview-edit-text-editor\" data-reactroot=\"\">\n<div id=\"preview-edit-1\" class=\"content-editor\" tabindex=\"1\" contenteditable=\"true\">\n<p>1. convoyeur \u00e0 haute charge et durable,<\/p>\n<div>2.test des produits avant livraison<\/div>\n<div>3.Garantie d'un an<\/div>\n<\/div>\n<\/div>\n<\/div>\n<\/div>\n<\/div>\n<\/div>\n<\/div>\n<\/div>\n<\/div>\n<\/div>\n<\/div>\n<\/div>\n<div class=\"editor-component-row editor-component-row-relative\">\n<div class=\"editor-component-container\">\n<div class=\"previewer-item-wrap\">\n<div id=\"44893410385\" class=\"J_module\">\n<div class=\"detail-decorate-json-renderer-container\" data-reactroot=\"\">\n<div>\n<div>\n<div>\n<div data-id=\"paragraph0\">\n<div class=\"preview-edit-text-editor\" data-reactroot=\"\">\n<div id=\"preview-edit-4\" class=\"content-editor\" tabindex=\"1\" contenteditable=\"true\"><b><span style=\"color: #2196ed;\">Diff\u00e9rents mod\u00e8les sont disponibles Vente directe \u00e0 l'usine soutien \u00e0 la personnalisation<\/span><\/b><\/div>\n<\/div>\n<\/div>\n<\/div>\n<\/div>\n<\/div>\n<\/div>\n<\/div>\n<\/div>\n<div class=\"editor-component-container-mask\"><\/div>\n<\/div>\n<\/div>\n<div class=\"editor-component-row editor-component-row-relative\">\n<div class=\"editor-component-container\">\n<div class=\"previewer-item-wrap\">\n<div id=\"44893410386\" class=\"J_module\">\n<div class=\"icbu-pc-detailManyImage\" data-reactroot=\"\" data-module-name=\"icbu-pc-detailManyImage\"><\/div>\n<\/div>\n<\/div>\n<\/div>\n<\/div>\n<div class=\"editor-component-row editor-component-row-relative\">\n<div class=\"editor-component-container\">\n<div class=\"editor-component-container-mask\"><\/div>\n<\/div>\n<\/div>\n<div class=\"editor-component-row editor-component-row-relative\">\n<div class=\"editor-component-container\">\n<div class=\"previewer-item-wrap\">\n<div id=\"44893410406\" class=\"J_module\">\n<div id=\"ali-anchor-AliMagic-dwcnxc\" data-reactroot=\"\" data-section=\"AliMagic-dwcnxc\" data-section-title=\"FAQ\">FAQ<\/div>\n<\/div>\n<\/div>\n<div class=\"editor-component-container-mask\"><\/div>\n<\/div>\n<\/div>\n<div class=\"editor-component-row editor-component-row-relative\">\n<div class=\"editor-component-container\">\n<div class=\"previewer-item-wrap\">\n<div id=\"44893410407\" class=\"J_module\">\n<div class=\"detail-decorate-json-renderer-container\" data-reactroot=\"\">\n<div>\n<div>\n<div>\n<div>\n<div class=\"preview-edit-text-editor\" data-reactroot=\"\">\n<div id=\"preview-edit-6\" class=\"content-editor\" tabindex=\"1\" contenteditable=\"true\">\n<p><strong>Q1. \u00cates-vous un fabricant ou une soci\u00e9t\u00e9 commerciale ?<\/strong><\/p>\n<p>R : Nous sommes un fabricant professionnel avec 15 ans d'exp\u00e9rience dans l'industrie.<\/p>\n<p><strong>Q2.Comment pouvons-nous garantir la qualit\u00e9 ?<\/strong><br \/>\nR : Un \u00e9chantillon est toujours pr\u00e9lev\u00e9 avant la production en s\u00e9rie et un contr\u00f4le final est effectu\u00e9 avant l'exp\u00e9dition.<\/p>\n<p><strong>Q3. Fournissez-vous des \u00e9chantillons ?<\/strong><br \/>\nR:Oui, nous pouvons offrir des \u00e9chantillons de pi\u00e8ces de convoyeur gratuitement, mais l'acheteur doit payer les frais d'exp\u00e9dition.<\/p>\n<p><strong>Q4. Quel est le mode de paiement ? <\/strong><\/p>\n<p>R : T\/T, L\/C \u00e0 vue, Paypal, Western Union sont tous accept\u00e9s. Si vous avez d'autres moyens de paiement, veuillez les indiquer.<br \/>\nme contacter.<\/p>\n<p><strong>Q5.Quel est le d\u00e9lai de livraison ?<\/strong><br \/>\nR : En g\u00e9n\u00e9ral, le d\u00e9lai est de 5 \u00e0 10 jours si les marchandises sont en stock, ou de 15 \u00e0 20 jours si les marchandises ne sont pas en stock.<br \/>\nquantit\u00e9.<\/p>\n<p><strong>Q6. Quel est le mode d'exp\u00e9dition ?<\/strong><br \/>\nR : Par voie maritime ou a\u00e9rienne, Fedex, DHL, UPS, TNT, etc.<\/p>\n<p><strong>Q7. Votre produit b\u00e9n\u00e9ficie-t-il d'une p\u00e9riode de garantie ?<\/strong><\/p>\n<p>R : Nos produits sont g\u00e9n\u00e9ralement garantis un an. Nous disposons d'une solide force technique, d'une capacit\u00e9 de d\u00e9veloppement de produits et d'une \u00e9quipe professionnelle de service apr\u00e8s-vente.<\/p>\n<p><strong>Q8 : Qu'en est-il de l'apr\u00e8s-service ? <\/strong><\/p>\n<p>R : Il n'y a pas de probl\u00e8me Le service client\u00e8le en ligne est \u00e0 votre disposition 24 heures sur 24 et nous pouvons envoyer notre ing\u00e9nieur pour installer ou r\u00e9parer la machine localement en temps voulu, mais le client doit payer le co\u00fbt des billets d'avion aller-retour et organiser l'h\u00e9bergement \u00e0 l'h\u00f4tel pour notre ing\u00e9nieur et le salaire journalier de l'ing\u00e9nieur est de 150 USD\/jour.<\/p>\n<div><span style=\"color: #2196ed;\">Si vous avez d'autres questions, n'h\u00e9sitez pas \u00e0 me contacter.<\/span><\/div>\n<\/div>\n<\/div>\n<\/div>\n<\/div>\n<\/div>\n<\/div>\n<\/div>\n<\/div>\n<\/div>\n<div class=\"editor-component-container-mask\"><\/div>\n<\/div>\n<\/div>\n<div class=\"editor-component-row editor-component-row-relative\">\n<div class=\"editor-component-container\">\n<div class=\"previewer-item-wrap\">\n<div id=\"44893410408\" class=\"J_module\">\n<div class=\"icbu-pc-images\" data-reactroot=\"\">\n<div class=\"flex-layout-v\">\n<div class=\"flex-layout-h\">\n<div class=\"preview-image-edit\">\n<div class=\"preview-edit-image-item\" data-reactroot=\"\"><\/div>\n<\/div>\n<p>&nbsp;<\/p>\n<\/div>\n<\/div>\n<\/div>\n<\/div>\n<\/div>\n<\/div>\n<\/div>","protected":false},"excerpt":{"rendered":"<p>syst\u00e8me de convoyage de bouteilles convoyeur en plastique convoyeur \u00e0 cha\u00eene de table convoyeur \u00e0 cha\u00eene convoyeur \u00e0 lattes<\/p>","protected":false},"featured_media":5900,"template":"","meta":{"_acf_changed":false,"_seopress_robots_primary_cat":"none","_seopress_titles_title":"Customized Flexible Chain Conveyor High Quality Aluminum Profile Conveyor Drive Head for Plastic Chain Conveyor System","_seopress_titles_desc":"bottle Conveyor System plastic Conveyor Table Top Chain Conveyor Chain Conveyor Slat Top Conveyor","_seopress_robots_index":"","_uag_custom_page_level_css":"","site-sidebar-layout":"default","site-content-layout":"","ast-site-content-layout":"default","site-content-style":"default","site-sidebar-style":"default","ast-global-header-display":"","ast-banner-title-visibility":"","ast-main-header-display":"","ast-hfb-above-header-display":"","ast-hfb-below-header-display":"","ast-hfb-mobile-header-display":"","site-post-title":"","ast-breadcrumbs-content":"","ast-featured-img":"","footer-sml-layout":"","theme-transparent-header-meta":"default","adv-header-id-meta":"","stick-header-meta":"","header-above-stick-meta":"","header-main-stick-meta":"","header-below-stick-meta":"","astra-migrate-meta-layouts":"set","ast-page-background-enabled":"default","ast-page-background-meta":{"desktop":{"background-color":"","background-image":"","background-repeat":"repeat","background-position":"center center","background-size":"auto","background-attachment":"scroll","background-type":"","background-media":"","overlay-type":"","overlay-color":"","overlay-opacity":"","overlay-gradient":""},"tablet":{"background-color":"","background-image":"","background-repeat":"repeat","background-position":"center center","background-size":"auto","background-attachment":"scroll","background-type":"","background-media":"","overlay-type":"","overlay-color":"","overlay-opacity":"","overlay-gradient":""},"mobile":{"background-color":"","background-image":"","background-repeat":"repeat","background-position":"center center","background-size":"auto","background-attachment":"scroll","background-type":"","background-media":"","overlay-type":"","overlay-color":"","overlay-opacity":"","overlay-gradient":""}},"ast-content-background-meta":{"desktop":{"background-color":"var(--ast-global-color-5)","background-image":"","background-repeat":"repeat","background-position":"center center","background-size":"auto","background-attachment":"scroll","background-type":"","background-media":"","overlay-type":"","overlay-color":"","overlay-opacity":"","overlay-gradient":""},"tablet":{"background-color":"var(--ast-global-color-5)","background-image":"","background-repeat":"repeat","background-position":"center center","background-size":"auto","background-attachment":"scroll","background-type":"","background-media":"","overlay-type":"","overlay-color":"","overlay-opacity":"","overlay-gradient":""},"mobile":{"background-color":"var(--ast-global-color-5)","background-image":"","background-repeat":"repeat","background-position":"center center","background-size":"auto","background-attachment":"scroll","background-type":"","background-media":"","overlay-type":"","overlay-color":"","overlay-opacity":"","overlay-gradient":""}}},"product_brand":[131],"product_cat":[99],"product_tag":[676,679,678,269,681,680,666,677,636,682],"class_list":{"0":"post-5891","1":"product","2":"type-product","3":"status-publish","4":"has-post-thumbnail","6":"product_brand-chenming","7":"product_cat-flexible-conveyor","8":"product_tag-aluminum-conveyor","9":"product_tag-aluminum-profile-tensioning-seat","10":"product_tag-anodized-finish-aluminum","11":"product_tag-bottle-conveyor-system","12":"product_tag-customizable-aluminum-conveyor-head","13":"product_tag-flexible-aluminum-chain-conveyor","14":"product_tag-flexible-chain-conveyor","15":"product_tag-industrial-conveyor-belt-accessories","16":"product_tag-plastic-flexible-conveyor-chain","17":"product_tag-standard-aluminum-conveyor-head-and-tail","18":"desktop-align-center","19":"tablet-align-center","20":"mobile-align-left","21":"ast-product-gallery-layout-horizontal-slider","22":"ast-product-tabs-layout-horizontal","23":"ast-qv-on-image","25":"first","26":"instock","27":"sale","28":"shipping-taxable","29":"purchasable","30":"product-type-simple"},"acf":[],"uagb_featured_image_src":{"full":["https:\/\/www.ai-chenming.com\/wp-content\/uploads\/2025\/09\/8e28bf97-c583-455d-8157-cf6449d57f5c.png",1139,1139,false],"thumbnail":["https:\/\/www.ai-chenming.com\/wp-content\/uploads\/2025\/09\/8e28bf97-c583-455d-8157-cf6449d57f5c-150x150.png",150,150,true],"medium":["https:\/\/www.ai-chenming.com\/wp-content\/uploads\/2025\/09\/8e28bf97-c583-455d-8157-cf6449d57f5c-300x300.png",300,300,true],"medium_large":["https:\/\/www.ai-chenming.com\/wp-content\/uploads\/2025\/09\/8e28bf97-c583-455d-8157-cf6449d57f5c-768x768.png",768,768,true],"large":["https:\/\/www.ai-chenming.com\/wp-content\/uploads\/2025\/09\/8e28bf97-c583-455d-8157-cf6449d57f5c-1024x1024.png",1024,1024,true],"1536x1536":["https:\/\/www.ai-chenming.com\/wp-content\/uploads\/2025\/09\/8e28bf97-c583-455d-8157-cf6449d57f5c.png",1139,1139,false],"2048x2048":["https:\/\/www.ai-chenming.com\/wp-content\/uploads\/2025\/09\/8e28bf97-c583-455d-8157-cf6449d57f5c.png",1139,1139,false],"trp-custom-language-flag":["https:\/\/www.ai-chenming.com\/wp-content\/uploads\/2025\/09\/8e28bf97-c583-455d-8157-cf6449d57f5c-12x12.png",12,12,true],"woocommerce_thumbnail":["https:\/\/www.ai-chenming.com\/wp-content\/uploads\/2025\/09\/8e28bf97-c583-455d-8157-cf6449d57f5c-450x450.png",450,450,true],"woocommerce_single":["https:\/\/www.ai-chenming.com\/wp-content\/uploads\/2025\/09\/8e28bf97-c583-455d-8157-cf6449d57f5c-600x600.png",600,600,true],"woocommerce_gallery_thumbnail":["https:\/\/www.ai-chenming.com\/wp-content\/uploads\/2025\/09\/8e28bf97-c583-455d-8157-cf6449d57f5c-100x100.png",100,100,true]},"uagb_author_info":{"display_name":"chenming","author_link":"https:\/\/www.ai-chenming.com\/fr\/author\/"},"uagb_comment_info":0,"uagb_excerpt":"bottle Conveyor System plastic Conveyor Table Top Chain Conveyor Chain Conveyor Slat Top Conveyor","_links":{"self":[{"href":"https:\/\/www.ai-chenming.com\/fr\/wp-json\/wp\/v2\/product\/5891","targetHints":{"allow":["GET"]}}],"collection":[{"href":"https:\/\/www.ai-chenming.com\/fr\/wp-json\/wp\/v2\/product"}],"about":[{"href":"https:\/\/www.ai-chenming.com\/fr\/wp-json\/wp\/v2\/types\/product"}],"wp:featuredmedia":[{"embeddable":true,"href":"https:\/\/www.ai-chenming.com\/fr\/wp-json\/wp\/v2\/media\/5900"}],"wp:attachment":[{"href":"https:\/\/www.ai-chenming.com\/fr\/wp-json\/wp\/v2\/media?parent=5891"}],"wp:term":[{"taxonomy":"product_brand","embeddable":true,"href":"https:\/\/www.ai-chenming.com\/fr\/wp-json\/wp\/v2\/product_brand?post=5891"},{"taxonomy":"product_cat","embeddable":true,"href":"https:\/\/www.ai-chenming.com\/fr\/wp-json\/wp\/v2\/product_cat?post=5891"},{"taxonomy":"product_tag","embeddable":true,"href":"https:\/\/www.ai-chenming.com\/fr\/wp-json\/wp\/v2\/product_tag?post=5891"}],"curies":[{"name":"wp","href":"https:\/\/api.w.org\/{rel}","templated":true}]}}