{"id":5853,"date":"2025-09-05T01:48:35","date_gmt":"2025-09-05T01:48:35","guid":{"rendered":"https:\/\/www.ai-chenming.com\/?post_type=product&#038;p=5853"},"modified":"2025-09-19T01:59:18","modified_gmt":"2025-09-19T01:59:18","slug":"yellow-gravity-roller-track-with-pitch-33mm-for-scroll-bar-device-conveyor-parts-for-e-commerce-storage-system","status":"publish","type":"product","link":"https:\/\/www.ai-chenming.com\/fr\/produit\/yellow-gravity-roller-track-with-pitch-33mm-for-scroll-bar-device-conveyor-parts-for-e-commerce-storage-system\/","title":{"rendered":"Chemin de roulement \u00e0 gravit\u00e9 jaune avec pas de 33 mm pour barre de d\u00e9filement Pi\u00e8ces de convoyeur pour syst\u00e8me de stockage de commerce \u00e9lectronique"},"content":{"rendered":"<div class=\"editor-component-row editor-component-row-relative\">\n<div class=\"editor-component-container\">\n<div class=\"previewer-item-wrap\">\n<div id=\"44709941875\" class=\"J_module\">\n<div id=\"ali-anchor-AliMagic-rzl15y\" data-reactroot=\"\" data-section=\"AliMagic-rzl15y\" data-section-title=\"Product Description\" data-spm-anchor-id=\"a2700.pc-decorate.0.i2.5e1233333miCDi\">Description du produit<\/div>\n<div data-reactroot=\"\" data-section=\"AliMagic-rzl15y\" data-section-title=\"Product Description\" data-spm-anchor-id=\"a2700.pc-decorate.0.i2.5e1233333miCDi\">\n<div style=\"width: 1280px;\" class=\"wp-video\"><!--[if lt IE 9]><script>document.createElement('video');<\/script><![endif]-->\n<video class=\"wp-video-shortcode\" id=\"video-5853-1\" width=\"1280\" height=\"720\" preload=\"metadata\" controls=\"controls\"><source type=\"video\/mp4\" src=\"https:\/\/www.ai-chenming.com\/wp-content\/uploads\/2025\/09\/6000300086094.mp4?_=1\" \/><a href=\"https:\/\/www.ai-chenming.com\/wp-content\/uploads\/2025\/09\/6000300086094.mp4\">https:\/\/www.ai-chenming.com\/wp-content\/uploads\/2025\/09\/6000300086094.mp4<\/a><\/video><\/div>\n<p><img decoding=\"async\" src=\"https:\/\/sc04.alicdn.com\/kf\/H31f79611b9f74ee2a12f60e6b7cdadf3L\/284464100\/H31f79611b9f74ee2a12f60e6b7cdadf3L.png\" data-id=\"child-image-0\" \/><\/p>\n<\/div>\n<\/div>\n<\/div>\n<div class=\"editor-component-container-mask\"><img decoding=\"async\" style=\"font-style: inherit; font-weight: inherit;\" src=\"https:\/\/sc04.alicdn.com\/kf\/Hcf8c9a38a3264c8680b09c732eff5bc5G\/284464100\/Hcf8c9a38a3264c8680b09c732eff5bc5G.png\" data-id=\"child-image-0\" \/>Le convoyeur \u00e0 rouleaux convient au transport d'objets sur le plan inf\u00e9rieur. Il se compose principalement d'un convoyeur \u00e0 rouleaux d'entra\u00eenement, d'un cadre, d'un support, d'une partie motrice, etc. Il pr\u00e9sente les caract\u00e9ristiques suivantes : grande capacit\u00e9 de transport, grande vitesse, vitesse rapide, forte capacit\u00e9 de charge, etc. Le convoyeur \u00e0 rouleaux et les autres convoyeurs constituent un syst\u00e8me complexe de transport de mat\u00e9riaux. Il peut \u00eatre divis\u00e9 en rouleaux non motoris\u00e9s, rouleaux motoris\u00e9s et rouleaux \u00e9lectriques. Il peut \u00eatre divis\u00e9 en convoyage horizontal, en convoyage tournant et en convoyage inclin\u00e9 en fonction de la disposition.<\/p>\n<p><img alt=\"\" fetchpriority=\"high\" decoding=\"async\" class=\"wp-image-6806 aligncenter\" src=\"https:\/\/www.ai-chenming.com\/wp-content\/uploads\/2025\/09\/4-2-300x212.png\" width=\"364\" height=\"257\" srcset=\"https:\/\/www.ai-chenming.com\/wp-content\/uploads\/2025\/09\/4-2-300x212.png 300w, https:\/\/www.ai-chenming.com\/wp-content\/uploads\/2025\/09\/4-2-1024x724.png 1024w, https:\/\/www.ai-chenming.com\/wp-content\/uploads\/2025\/09\/4-2-768x543.png 768w, https:\/\/www.ai-chenming.com\/wp-content\/uploads\/2025\/09\/4-2-1536x1086.png 1536w, https:\/\/www.ai-chenming.com\/wp-content\/uploads\/2025\/09\/4-2-2048x1448.png 2048w, https:\/\/www.ai-chenming.com\/wp-content\/uploads\/2025\/09\/4-2-18x12.png 18w, https:\/\/www.ai-chenming.com\/wp-content\/uploads\/2025\/09\/4-2-600x424.png 600w\" sizes=\"(max-width: 364px) 100vw, 364px\" \/><\/p>\n<table>\n<tbody>\n<tr>\n<td>Nom du produit<\/td>\n<td>Barre transversale \/ support de roue \/ support de flux \/ rail de flux \/ rail \u00e0 rouleaux<\/td>\n<\/tr>\n<tr>\n<td>Code de l'article<\/td>\n<td>R28E<\/td>\n<\/tr>\n<tr>\n<td>Couleur<\/td>\n<td>ABS jaune, cadre m\u00e9tallique en acier<\/td>\n<\/tr>\n<tr>\n<td>Hauteur<\/td>\n<td>37 mm<\/td>\n<\/tr>\n<tr>\n<td>Largeur<\/td>\n<td>34,8 mm<\/td>\n<\/tr>\n<tr>\n<td>Sp\u00e9cifications<\/td>\n<td>25*28<\/td>\n<\/tr>\n<tr>\n<td>Pitch<\/td>\n<td>33mm ou Custimized<\/td>\n<\/tr>\n<\/tbody>\n<\/table>\n<\/div>\n<\/div>\n<\/div>\n<div class=\"editor-component-row editor-component-row-relative\">\n<div class=\"editor-component-container\">\n<div class=\"previewer-item-wrap\">\n<div id=\"44756781182\" class=\"J_module\">\n<div class=\"icbu-pc-images\" data-reactroot=\"\">\n<div class=\"flex-layout-v\">\n<div class=\"flex-layout-h\">\n<div class=\"preview-image-edit\">\n<div class=\"preview-edit-image-item\" data-reactroot=\"\"><\/div>\n<\/div>\n<\/div>\n<\/div>\n<\/div>\n<\/div>\n<\/div>\n<\/div>\n<\/div>\n<div class=\"editor-component-row editor-component-row-relative\">\n<div class=\"editor-component-container\">\n<div class=\"previewer-item-wrap\">\n<div id=\"44709941894\" class=\"J_module\">\n<div id=\"ali-anchor-AliMagic-78v8fd\" data-reactroot=\"\" data-section=\"AliMagic-78v8fd\" data-section-title=\"FAQ\">FAQ<\/div>\n<\/div>\n<\/div>\n<\/div>\n<\/div>\n<div class=\"editor-component-row editor-component-row-relative\">\n<div class=\"editor-component-container\">\n<div class=\"previewer-item-wrap\">\n<div id=\"44709941895\" class=\"J_module\">\n<div class=\"detail-decorate-json-renderer-container\" data-reactroot=\"\">\n<div>\n<div class=\"preview-edit-text-editor\" data-reactroot=\"\">\n<div id=\"preview-edit-1\" class=\"content-editor\" tabindex=\"1\" contenteditable=\"true\"><\/div>\n<\/div>\n<div>\n<div>\n<div data-id=\"paragraph0\">\n<div class=\"preview-edit-text-editor\" data-reactroot=\"\">\n<div id=\"preview-edit-2\" class=\"content-editor\" tabindex=\"1\" contenteditable=\"true\">\n<p>Q1. \u00cates-vous un fabricant ou une soci\u00e9t\u00e9 commerciale ?<\/p>\n<div>R : Nous sommes un fabricant professionnel avec 15 ans d'exp\u00e9rience dans l'industrie.<\/div>\n<div><\/div>\n<div>Q2.Comment pouvons-nous garantir la qualit\u00e9 ?<\/div>\n<div>R : Un \u00e9chantillon est toujours pr\u00e9lev\u00e9 avant la production en s\u00e9rie et un contr\u00f4le final est effectu\u00e9 avant l'exp\u00e9dition.<\/div>\n<div><\/div>\n<div>Q3. Fournissez-vous des \u00e9chantillons ?<\/div>\n<div>R:Oui, nous pouvons offrir des \u00e9chantillons de pi\u00e8ces de convoyeur gratuitement, mais l'acheteur doit payer les frais d'exp\u00e9dition.<\/div>\n<div><\/div>\n<div>Q4 : Quel est le mode de paiement ? R : T\/T, L\/C \u00e0 vue, Paypal, Western Union sont tous accept\u00e9s. Si vous avez d'autres moyens de paiement, veuillez me contacter.<\/div>\n<div><\/div>\n<div>Q5.Quel est le d\u00e9lai de livraison ?<br \/>\nR : En g\u00e9n\u00e9ral, le d\u00e9lai est de 5 \u00e0 10 jours si les marchandises sont en stock, ou de 15 \u00e0 20 jours si les marchandises ne sont pas en stock, en fonction de la quantit\u00e9.<\/div>\n<div><\/div>\n<div>Q6. Quel est le mode d'exp\u00e9dition ?<br \/>\nR : Par voie maritime ou a\u00e9rienne, Fedex, DHL, UPS, TNT, etc.<\/div>\n<div><\/div>\n<div>Q7 : Votre produit b\u00e9n\u00e9ficie-t-il d'une p\u00e9riode de garantie ? R : Nos produits sont g\u00e9n\u00e9ralement garantis pendant un an. Nous disposons d'une solide force technique, d'une capacit\u00e9 de d\u00e9veloppement de produits et d'une \u00e9quipe professionnelle de service apr\u00e8s-vente.<\/div>\n<div><\/div>\n<div>Q8 : Qu'en est-il du service apr\u00e8s-vente ? R : Il n'y a pas de probl\u00e8me. Le service client\u00e8le en ligne est \u00e0 votre disposition 24 heures sur 24 et nous pouvons envoyer notre ing\u00e9nieur pour installer ou r\u00e9parer la machine localement en temps voulu, mais le client doit payer les billets d'avion aller-retour et organiser le logement \u00e0 l'h\u00f4tel pour notre ing\u00e9nieur et le salaire journalier de l'ing\u00e9nieur est de 150 USD\/jour. Notre \u00e9quipe de service vous r\u00e9pondra dans les 12 heures par email, et en temps voulu par whatsapp ou wechat d\u00e8s que possible si vous avez des questions.<\/div>\n<\/div>\n<\/div>\n<\/div>\n<\/div>\n<\/div>\n<\/div>\n<\/div>\n<\/div>\n<\/div>\n<\/div>\n<\/div>\n<div class=\"editor-component-row editor-component-row-relative\">\n<div class=\"editor-component-container\">\n<div class=\"previewer-item-wrap\">\n<div id=\"44709941896\" class=\"J_module\">\n<div class=\"detail-decorate-json-renderer-container\" data-reactroot=\"\">\n<div>\n<div>\n<div>\n<div>\n<div class=\"preview-edit-text-editor\" data-reactroot=\"\">\n<div id=\"preview-edit-3\" class=\"content-editor\" tabindex=\"1\" contenteditable=\"true\"><span style=\"color: #2196ed;\"><b>Si vous avez d'autres questions, n'h\u00e9sitez pas \u00e0 me contacter.<\/b><\/span><\/div>\n<\/div>\n<\/div>\n<\/div>\n<\/div>\n<\/div>\n<\/div>\n<\/div>\n<\/div>\n<\/div>\n<\/div>","protected":false},"excerpt":{"rendered":"<p>Outil de d\u00e9chargement bon march\u00e9 Boule de d\u00e9chargement Outil de d\u00e9chargement manuel sans moteur Outil de d\u00e9chargement inerte<\/p>","protected":false},"featured_media":5856,"template":"","meta":{"_acf_changed":false,"_seopress_robots_primary_cat":"none","_seopress_titles_title":"Yellow Gravity Roller Track with Pitch 33mm for Scroll Bar Device Conveyor Parts for E-Commerce Storage System","_seopress_titles_desc":"Cheap unloading tool unloading ball manual unloading tool without motor inert unloading tool","_seopress_robots_index":"","_uag_custom_page_level_css":"","site-sidebar-layout":"default","site-content-layout":"","ast-site-content-layout":"default","site-content-style":"default","site-sidebar-style":"default","ast-global-header-display":"","ast-banner-title-visibility":"","ast-main-header-display":"","ast-hfb-above-header-display":"","ast-hfb-below-header-display":"","ast-hfb-mobile-header-display":"","site-post-title":"","ast-breadcrumbs-content":"","ast-featured-img":"","footer-sml-layout":"","theme-transparent-header-meta":"default","adv-header-id-meta":"","stick-header-meta":"","header-above-stick-meta":"","header-main-stick-meta":"","header-below-stick-meta":"","astra-migrate-meta-layouts":"set","ast-page-background-enabled":"default","ast-page-background-meta":{"desktop":{"background-color":"","background-image":"","background-repeat":"repeat","background-position":"center center","background-size":"auto","background-attachment":"scroll","background-type":"","background-media":"","overlay-type":"","overlay-color":"","overlay-opacity":"","overlay-gradient":""},"tablet":{"background-color":"","background-image":"","background-repeat":"repeat","background-position":"center center","background-size":"auto","background-attachment":"scroll","background-type":"","background-media":"","overlay-type":"","overlay-color":"","overlay-opacity":"","overlay-gradient":""},"mobile":{"background-color":"","background-image":"","background-repeat":"repeat","background-position":"center center","background-size":"auto","background-attachment":"scroll","background-type":"","background-media":"","overlay-type":"","overlay-color":"","overlay-opacity":"","overlay-gradient":""}},"ast-content-background-meta":{"desktop":{"background-color":"var(--ast-global-color-5)","background-image":"","background-repeat":"repeat","background-position":"center center","background-size":"auto","background-attachment":"scroll","background-type":"","background-media":"","overlay-type":"","overlay-color":"","overlay-opacity":"","overlay-gradient":""},"tablet":{"background-color":"var(--ast-global-color-5)","background-image":"","background-repeat":"repeat","background-position":"center center","background-size":"auto","background-attachment":"scroll","background-type":"","background-media":"","overlay-type":"","overlay-color":"","overlay-opacity":"","overlay-gradient":""},"mobile":{"background-color":"var(--ast-global-color-5)","background-image":"","background-repeat":"repeat","background-position":"center center","background-size":"auto","background-attachment":"scroll","background-type":"","background-media":"","overlay-type":"","overlay-color":"","overlay-opacity":"","overlay-gradient":""}}},"product_brand":[131],"product_cat":[98],"product_tag":[657,655,659,656,658,654,653],"class_list":{"0":"post-5853","1":"product","2":"type-product","3":"status-publish","4":"has-post-thumbnail","6":"product_brand-chenming","7":"product_cat-roller-conveyor","8":"product_tag-ex100-track-roller","9":"product_tag-industrial-roller-track","10":"product_tag-mechanical-curtain-track-system","11":"product_tag-pallet-roller-track","12":"product_tag-roller-shutter-track","13":"product_tag-roller-track-for-rack-system","14":"product_tag-v-groove-guided-track-rollers","15":"desktop-align-center","16":"tablet-align-center","17":"mobile-align-left","18":"ast-product-gallery-layout-horizontal-slider","19":"ast-product-tabs-layout-horizontal","20":"ast-qv-on-image","22":"first","23":"instock","24":"sale","25":"shipping-taxable","26":"purchasable","27":"product-type-simple"},"acf":[],"uagb_featured_image_src":{"full":["https:\/\/www.ai-chenming.com\/wp-content\/uploads\/2025\/09\/6fbcce5f-d3cf-4235-b714-98de42af9fca.png",677,677,false],"thumbnail":["https:\/\/www.ai-chenming.com\/wp-content\/uploads\/2025\/09\/6fbcce5f-d3cf-4235-b714-98de42af9fca-150x150.png",150,150,true],"medium":["https:\/\/www.ai-chenming.com\/wp-content\/uploads\/2025\/09\/6fbcce5f-d3cf-4235-b714-98de42af9fca-300x300.png",300,300,true],"medium_large":["https:\/\/www.ai-chenming.com\/wp-content\/uploads\/2025\/09\/6fbcce5f-d3cf-4235-b714-98de42af9fca.png",677,677,false],"large":["https:\/\/www.ai-chenming.com\/wp-content\/uploads\/2025\/09\/6fbcce5f-d3cf-4235-b714-98de42af9fca.png",677,677,false],"1536x1536":["https:\/\/www.ai-chenming.com\/wp-content\/uploads\/2025\/09\/6fbcce5f-d3cf-4235-b714-98de42af9fca.png",677,677,false],"2048x2048":["https:\/\/www.ai-chenming.com\/wp-content\/uploads\/2025\/09\/6fbcce5f-d3cf-4235-b714-98de42af9fca.png",677,677,false],"trp-custom-language-flag":["https:\/\/www.ai-chenming.com\/wp-content\/uploads\/2025\/09\/6fbcce5f-d3cf-4235-b714-98de42af9fca-12x12.png",12,12,true],"woocommerce_thumbnail":["https:\/\/www.ai-chenming.com\/wp-content\/uploads\/2025\/09\/6fbcce5f-d3cf-4235-b714-98de42af9fca-450x450.png",450,450,true],"woocommerce_single":["https:\/\/www.ai-chenming.com\/wp-content\/uploads\/2025\/09\/6fbcce5f-d3cf-4235-b714-98de42af9fca-600x600.png",600,600,true],"woocommerce_gallery_thumbnail":["https:\/\/www.ai-chenming.com\/wp-content\/uploads\/2025\/09\/6fbcce5f-d3cf-4235-b714-98de42af9fca-100x100.png",100,100,true]},"uagb_author_info":{"display_name":"chenming","author_link":"https:\/\/www.ai-chenming.com\/fr\/author\/"},"uagb_comment_info":0,"uagb_excerpt":"Cheap unloading tool unloading ball manual unloading tool without motor inert unloading tool","_links":{"self":[{"href":"https:\/\/www.ai-chenming.com\/fr\/wp-json\/wp\/v2\/product\/5853","targetHints":{"allow":["GET"]}}],"collection":[{"href":"https:\/\/www.ai-chenming.com\/fr\/wp-json\/wp\/v2\/product"}],"about":[{"href":"https:\/\/www.ai-chenming.com\/fr\/wp-json\/wp\/v2\/types\/product"}],"wp:featuredmedia":[{"embeddable":true,"href":"https:\/\/www.ai-chenming.com\/fr\/wp-json\/wp\/v2\/media\/5856"}],"wp:attachment":[{"href":"https:\/\/www.ai-chenming.com\/fr\/wp-json\/wp\/v2\/media?parent=5853"}],"wp:term":[{"taxonomy":"product_brand","embeddable":true,"href":"https:\/\/www.ai-chenming.com\/fr\/wp-json\/wp\/v2\/product_brand?post=5853"},{"taxonomy":"product_cat","embeddable":true,"href":"https:\/\/www.ai-chenming.com\/fr\/wp-json\/wp\/v2\/product_cat?post=5853"},{"taxonomy":"product_tag","embeddable":true,"href":"https:\/\/www.ai-chenming.com\/fr\/wp-json\/wp\/v2\/product_tag?post=5853"}],"curies":[{"name":"wp","href":"https:\/\/api.w.org\/{rel}","templated":true}]}}