{"id":5811,"date":"2025-09-04T10:07:51","date_gmt":"2025-09-04T10:07:51","guid":{"rendered":"https:\/\/www.ai-chenming.com\/?post_type=product&#038;p=5811"},"modified":"2025-09-24T09:44:35","modified_gmt":"2025-09-24T09:44:35","slug":"customized-flexible-conveyor-plastic-flexible-chain-conveyor-for-food-sorting-bottle-conveyor-assembly-line-food-production-line","status":"publish","type":"product","link":"https:\/\/www.ai-chenming.com\/fr\/produit\/customized-flexible-conveyor-plastic-flexible-chain-conveyor-for-food-sorting-bottle-conveyor-assembly-line-food-production-line\/","title":{"rendered":"Convoyeur flexible personnalis\u00e9 Convoyeur \u00e0 cha\u00eene flexible en plastique pour le tri des aliments Convoyeur de bouteilles Ligne d'assemblage Ligne de production alimentaire"},"content":{"rendered":"<h3 id=\"icbuEditorBackground\" class=\"icbu-editor-background\" data-spm-anchor-id=\"a2700.pc-decorate.0.i2.7456333363frpI\"><span style=\"font-size: 16px;\">Description du produit<\/span><\/h3>\n<p>&nbsp;<\/p>\n<div id=\"detail_decorate_root\">\n<div class=\"editor-plugin-canvas\">\n<div class=\"render-engien-app\">\n<div class=\"editor-component-row editor-component-row-relative\">\n<div class=\"editor-component-container\">\n<div class=\"editor-component-container-mask\">\n<div style=\"width: 1280px;\" class=\"wp-video\"><!--[if lt IE 9]><script>document.createElement('video');<\/script><![endif]-->\n<video class=\"wp-video-shortcode\" id=\"video-5811-1\" width=\"1280\" height=\"720\" preload=\"metadata\" controls=\"controls\"><source type=\"video\/mp4\" src=\"https:\/\/www.ai-chenming.com\/wp-content\/uploads\/2025\/09\/6000301558332.mp4?_=1\" \/><a href=\"https:\/\/www.ai-chenming.com\/wp-content\/uploads\/2025\/09\/6000301558332.mp4\">https:\/\/www.ai-chenming.com\/wp-content\/uploads\/2025\/09\/6000301558332.mp4<\/a><\/video><\/div>\n<\/div>\n<\/div>\n<\/div>\n<div class=\"editor-component-row editor-component-row-relative\">\n<div class=\"editor-component-container\">\n<div class=\"previewer-item-wrap\">\n<div id=\"44942599069\" class=\"J_module\">\n<div class=\"icbu-pc-images\" data-reactroot=\"\">\n<div class=\"flex-layout-h\">\n<div class=\"text-wrapper\">\n<div class=\"text-wrapper-right text-theme-light text-align-left\">\n<div class=\"text-title\" data-id=\"right-title\">\n<div class=\"preview-edit-text-editor\" data-reactroot=\"\">\n<div id=\"preview-edit-2\" class=\"content-editor\" tabindex=\"1\" contenteditable=\"true\">\n<div><img alt=\"\" fetchpriority=\"high\" decoding=\"async\" class=\"aligncenter wp-image-6993 size-full\" src=\"https:\/\/www.ai-chenming.com\/wp-content\/uploads\/2025\/09\/71.png\" width=\"640\" height=\"640\" srcset=\"https:\/\/www.ai-chenming.com\/wp-content\/uploads\/2025\/09\/71.png 640w, https:\/\/www.ai-chenming.com\/wp-content\/uploads\/2025\/09\/71-300x300.png 300w, https:\/\/www.ai-chenming.com\/wp-content\/uploads\/2025\/09\/71-150x150.png 150w, https:\/\/www.ai-chenming.com\/wp-content\/uploads\/2025\/09\/71-12x12.png 12w, https:\/\/www.ai-chenming.com\/wp-content\/uploads\/2025\/09\/71-450x450.png 450w, https:\/\/www.ai-chenming.com\/wp-content\/uploads\/2025\/09\/71-600x600.png 600w, https:\/\/www.ai-chenming.com\/wp-content\/uploads\/2025\/09\/71-100x100.png 100w\" sizes=\"(max-width: 640px) 100vw, 640px\" \/><\/div>\n<div><\/div>\n<div>Le convoyeur \u00e0 cha\u00eene flexible est encore am\u00e9lior\u00e9 sur la base du convoyeur \u00e0 plaque \u00e0 cha\u00eene traditionnel, de sorte que le fonctionnement de la plaque \u00e0 cha\u00eene est qualitativement am\u00e9lior\u00e9. Le corps de la machine est fabriqu\u00e9 \u00e0 partir d'un profil\u00e9 d'aluminium standard. Toutes les pi\u00e8ces standard sont assembl\u00e9es pour rendre la rotation \u00e0 distance du convoyeur plus stable et plus souple. La forme du convoyeur peut compl\u00e9ter une disposition tridimensionnelle complexe, peut tourner, monter, descendre dans la m\u00eame puissance pour compl\u00e9ter. Principalement utilis\u00e9 dans les industries chimiques, pharmaceutiques, de roulements, de papier lamin\u00e9, de traitement des pi\u00e8ces automobiles et autres.<\/div>\n<div><\/div>\n<div><img alt=\"\" decoding=\"async\" class=\"aligncenter wp-image-6747 size-large\" src=\"https:\/\/www.ai-chenming.com\/wp-content\/uploads\/2025\/09\/10-2-1024x724.png\" width=\"1024\" height=\"724\" srcset=\"https:\/\/www.ai-chenming.com\/wp-content\/uploads\/2025\/09\/10-2-1024x724.png 1024w, https:\/\/www.ai-chenming.com\/wp-content\/uploads\/2025\/09\/10-2-300x212.png 300w, https:\/\/www.ai-chenming.com\/wp-content\/uploads\/2025\/09\/10-2-768x543.png 768w, https:\/\/www.ai-chenming.com\/wp-content\/uploads\/2025\/09\/10-2-1536x1086.png 1536w, https:\/\/www.ai-chenming.com\/wp-content\/uploads\/2025\/09\/10-2-2048x1448.png 2048w, https:\/\/www.ai-chenming.com\/wp-content\/uploads\/2025\/09\/10-2-18x12.png 18w, https:\/\/www.ai-chenming.com\/wp-content\/uploads\/2025\/09\/10-2-600x424.png 600w\" sizes=\"(max-width: 1024px) 100vw, 1024px\" \/><\/div>\n<div><\/div>\n<h4>Caract\u00e9ristiques du produit<\/h4>\n<\/div>\n<\/div>\n<\/div>\n<div class=\"text-content\" data-id=\"right-content\">\n<div class=\"preview-edit-text-editor\" data-reactroot=\"\">\n<div id=\"preview-edit-1\" class=\"content-editor\" tabindex=\"1\" contenteditable=\"true\">\n<p>* Mat\u00e9riau tr\u00e8s r\u00e9sistant : Fabriqu\u00e9 en POM de premi\u00e8re qualit\u00e9, r\u00e9sistant \u00e0 l'usure et \u00e0 la corrosion.<\/p>\n<p>* Conception modulaire : Facile \u00e0 assembler et \u00e0 entretenir.<\/p>\n<p>* Transport efficace : Garantit un fonctionnement sans heurts et am\u00e9liore la productivit\u00e9.<\/p>\n<div>* Diff\u00e9rentes sp\u00e9cifications disponibles : Personnalisable pour r\u00e9pondre aux diff\u00e9rents besoins des clients.<\/div>\n<div>* S\u00fbr et fiable : La conception antid\u00e9rapante r\u00e9duit les taux de d\u00e9faillance.<\/div>\n<\/div>\n<\/div>\n<\/div>\n<\/div>\n<\/div>\n<\/div>\n<\/div>\n<\/div>\n<\/div>\n<div class=\"editor-component-container-mask\"><\/div>\n<\/div>\n<\/div>\n<\/div>\n<\/div>\n<div class=\"editor-component-row editor-component-row-relative\">\n<div class=\"editor-component-container\">\n<div class=\"previewer-item-wrap\">\n<div id=\"44942599073\" class=\"J_module\">\n<div class=\"icbu-pc-images\" data-reactroot=\"\">\n<div class=\"text-wrapper-below text-theme-light text-align-left\">\n<div class=\"text-title\" data-id=\"below-title\">\n<div class=\"preview-edit-text-editor\" data-reactroot=\"\">\n<div id=\"preview-edit-4\" class=\"content-editor\" tabindex=\"1\" contenteditable=\"true\">Cha\u00eene flexible Convoyeur<\/div>\n<\/div>\n<\/div>\n<div class=\"text-content\" data-id=\"below-content\">\n<div class=\"preview-edit-text-editor\" data-reactroot=\"\">\n<div id=\"preview-edit-3\" class=\"content-editor\" tabindex=\"1\" contenteditable=\"true\">Le transport par cha\u00eene flexible (cha\u00eene de quille) est \u00e9galement un type de convoyeur \u00e0 plaques. Il adopte une cha\u00eene flexible \u00e0 haute r\u00e9sistance comme support de transport, qui peut \u00eatre utilis\u00e9e comme transport en ligne droite et en virage. Il pr\u00e9sente une bonne adaptabilit\u00e9 et une bonne rentabilit\u00e9, un transport stable, un faible rayon de braquage, un faible bruit, une faible usure, un nettoyage et un entretien faciles.<\/div>\n<\/div>\n<\/div>\n<\/div>\n<\/div>\n<\/div>\n<\/div>\n<div class=\"editor-component-container-mask\"><\/div>\n<\/div>\n<\/div>\n<div class=\"editor-component-row editor-component-row-relative\">\n<div class=\"editor-component-container\">\n<div class=\"previewer-item-wrap\">\n<div id=\"44935907178\" class=\"J_module\">\n<div id=\"ali-anchor-AliMagic-7jh6vg\" data-reactroot=\"\" data-section=\"AliMagic-7jh6vg\" data-section-title=\"FAQ\">FAQ<\/div>\n<\/div>\n<\/div>\n<div class=\"editor-component-container-mask\"><\/div>\n<\/div>\n<\/div>\n<div class=\"editor-component-row editor-component-row-relative\">\n<div class=\"editor-component-container\">\n<div class=\"previewer-item-wrap\">\n<div id=\"44935907179\" class=\"J_module\">\n<div class=\"detail-decorate-json-renderer-container\" data-reactroot=\"\">\n<div>\n<div>\n<div>\n<div>\n<div class=\"preview-edit-text-editor\" data-reactroot=\"\">\n<div id=\"preview-edit-9\" class=\"content-editor\" tabindex=\"1\" contenteditable=\"true\">\n<p><b><\/b><b>Q1 : \u00cates-vous une soci\u00e9t\u00e9 commerciale ou un fabricant ?<\/b><br \/>\nR : Nous sommes une usine.<\/p>\n<p><b>Q2 : Acceptez-vous les OEM ou ODM ? <\/b><\/p>\n<p>A2:Oui, mais nous avons des exigences de quantit\u00e9, veuillez nous contacter directement.<b><br \/>\n<\/b><br \/>\n<b>Q3:Quel est le mode de paiement de votre entreprise ?<\/b><br \/>\nA3:T\/T, L\/C \u00e0 vue, Paypal, Western Union<\/p>\n<p><b>Q4:Quel est le mode d'exp\u00e9dition ?<\/b><br \/>\nA4:Par voie maritime, a\u00e9rienne, Fedex, DHL, UPS, TNT, etc.<\/p>\n<p><b>Q5 : Quel est le d\u00e9lai de livraison ?<\/b><br \/>\nA5 : En g\u00e9n\u00e9ral, le d\u00e9lai est de 5 \u00e0 10 jours si les marchandises sont en stock, ou de 15 \u00e0 20 jours si les marchandises ne sont pas en stock, en fonction de l'\u00e9tat des stocks.<br \/>\nquantit\u00e9.<\/p>\n<p><b>Q6 : Comment est votre service ?<\/b><br \/>\nA6\uff1aDon't worry, we have professionals at your service 24 hours a day.<\/p>\n<\/div>\n<\/div>\n<\/div>\n<\/div>\n<\/div>\n<\/div>\n<\/div>\n<\/div>\n<\/div>\n<\/div>\n<\/div>\n<\/div>","protected":false},"excerpt":{"rendered":"<p>Convoyeur \u00e0 vis flexible Cha\u00eene de convoyeur flexible en plastique Mini convoyeur \u00e0 vis flexible<\/p>","protected":false},"featured_media":5814,"template":"","meta":{"_acf_changed":false,"_seopress_robots_primary_cat":"none","_seopress_titles_title":"Customized Flexible Conveyor Plastic Flexible Chain Conveyor for Food Sorting Bottle Conveyor Assembly Line Food Production Line","_seopress_titles_desc":"Flexible Sceew Conveyor Plastic Flexible Conveyor Chain mini Flexible Screw Conveyor","_seopress_robots_index":"","_uag_custom_page_level_css":"","site-sidebar-layout":"default","site-content-layout":"","ast-site-content-layout":"default","site-content-style":"default","site-sidebar-style":"default","ast-global-header-display":"","ast-banner-title-visibility":"","ast-main-header-display":"","ast-hfb-above-header-display":"","ast-hfb-below-header-display":"","ast-hfb-mobile-header-display":"","site-post-title":"","ast-breadcrumbs-content":"","ast-featured-img":"","footer-sml-layout":"","theme-transparent-header-meta":"default","adv-header-id-meta":"","stick-header-meta":"","header-above-stick-meta":"","header-main-stick-meta":"","header-below-stick-meta":"","astra-migrate-meta-layouts":"set","ast-page-background-enabled":"default","ast-page-background-meta":{"desktop":{"background-color":"","background-image":"","background-repeat":"repeat","background-position":"center center","background-size":"auto","background-attachment":"scroll","background-type":"","background-media":"","overlay-type":"","overlay-color":"","overlay-opacity":"","overlay-gradient":""},"tablet":{"background-color":"","background-image":"","background-repeat":"repeat","background-position":"center center","background-size":"auto","background-attachment":"scroll","background-type":"","background-media":"","overlay-type":"","overlay-color":"","overlay-opacity":"","overlay-gradient":""},"mobile":{"background-color":"","background-image":"","background-repeat":"repeat","background-position":"center center","background-size":"auto","background-attachment":"scroll","background-type":"","background-media":"","overlay-type":"","overlay-color":"","overlay-opacity":"","overlay-gradient":""}},"ast-content-background-meta":{"desktop":{"background-color":"var(--ast-global-color-5)","background-image":"","background-repeat":"repeat","background-position":"center center","background-size":"auto","background-attachment":"scroll","background-type":"","background-media":"","overlay-type":"","overlay-color":"","overlay-opacity":"","overlay-gradient":""},"tablet":{"background-color":"var(--ast-global-color-5)","background-image":"","background-repeat":"repeat","background-position":"center center","background-size":"auto","background-attachment":"scroll","background-type":"","background-media":"","overlay-type":"","overlay-color":"","overlay-opacity":"","overlay-gradient":""},"mobile":{"background-color":"var(--ast-global-color-5)","background-image":"","background-repeat":"repeat","background-position":"center center","background-size":"auto","background-attachment":"scroll","background-type":"","background-media":"","overlay-type":"","overlay-color":"","overlay-opacity":"","overlay-gradient":""}}},"product_brand":[131],"product_cat":[99],"product_tag":[639,635,637,266,636,375,638],"class_list":{"0":"post-5811","1":"product","2":"type-product","3":"status-publish","4":"has-post-thumbnail","6":"product_brand-chenming","7":"product_cat-flexible-conveyor","8":"product_tag-conveyor-systems","9":"product_tag-flexible-sceew-conveyor","10":"product_tag-mini-flexible-screw-conveyor","11":"product_tag-modular-chain-conveyor","12":"product_tag-plastic-flexible-conveyor-chain","13":"product_tag-plastic-slat-chain-conveyors","14":"product_tag-roller-flexible-conveyor-table","15":"desktop-align-center","16":"tablet-align-center","17":"mobile-align-left","18":"ast-product-gallery-layout-horizontal-slider","19":"ast-product-tabs-layout-horizontal","20":"ast-qv-on-image","22":"first","23":"instock","24":"sale","25":"shipping-taxable","26":"purchasable","27":"product-type-simple"},"acf":[],"uagb_featured_image_src":{"full":["https:\/\/www.ai-chenming.com\/wp-content\/uploads\/2025\/09\/a0b9e852-2ea3-486a-8ecd-f00ae4487732.png",1024,1024,false],"thumbnail":["https:\/\/www.ai-chenming.com\/wp-content\/uploads\/2025\/09\/a0b9e852-2ea3-486a-8ecd-f00ae4487732-150x150.png",150,150,true],"medium":["https:\/\/www.ai-chenming.com\/wp-content\/uploads\/2025\/09\/a0b9e852-2ea3-486a-8ecd-f00ae4487732-300x300.png",300,300,true],"medium_large":["https:\/\/www.ai-chenming.com\/wp-content\/uploads\/2025\/09\/a0b9e852-2ea3-486a-8ecd-f00ae4487732-768x768.png",768,768,true],"large":["https:\/\/www.ai-chenming.com\/wp-content\/uploads\/2025\/09\/a0b9e852-2ea3-486a-8ecd-f00ae4487732.png",1024,1024,false],"1536x1536":["https:\/\/www.ai-chenming.com\/wp-content\/uploads\/2025\/09\/a0b9e852-2ea3-486a-8ecd-f00ae4487732.png",1024,1024,false],"2048x2048":["https:\/\/www.ai-chenming.com\/wp-content\/uploads\/2025\/09\/a0b9e852-2ea3-486a-8ecd-f00ae4487732.png",1024,1024,false],"trp-custom-language-flag":["https:\/\/www.ai-chenming.com\/wp-content\/uploads\/2025\/09\/a0b9e852-2ea3-486a-8ecd-f00ae4487732-12x12.png",12,12,true],"woocommerce_thumbnail":["https:\/\/www.ai-chenming.com\/wp-content\/uploads\/2025\/09\/a0b9e852-2ea3-486a-8ecd-f00ae4487732-450x450.png",450,450,true],"woocommerce_single":["https:\/\/www.ai-chenming.com\/wp-content\/uploads\/2025\/09\/a0b9e852-2ea3-486a-8ecd-f00ae4487732-600x600.png",600,600,true],"woocommerce_gallery_thumbnail":["https:\/\/www.ai-chenming.com\/wp-content\/uploads\/2025\/09\/a0b9e852-2ea3-486a-8ecd-f00ae4487732-100x100.png",100,100,true]},"uagb_author_info":{"display_name":"chenming","author_link":"https:\/\/www.ai-chenming.com\/fr\/author\/"},"uagb_comment_info":0,"uagb_excerpt":"Flexible Sceew Conveyor Plastic Flexible Conveyor Chain mini Flexible Screw Conveyor","_links":{"self":[{"href":"https:\/\/www.ai-chenming.com\/fr\/wp-json\/wp\/v2\/product\/5811","targetHints":{"allow":["GET"]}}],"collection":[{"href":"https:\/\/www.ai-chenming.com\/fr\/wp-json\/wp\/v2\/product"}],"about":[{"href":"https:\/\/www.ai-chenming.com\/fr\/wp-json\/wp\/v2\/types\/product"}],"wp:featuredmedia":[{"embeddable":true,"href":"https:\/\/www.ai-chenming.com\/fr\/wp-json\/wp\/v2\/media\/5814"}],"wp:attachment":[{"href":"https:\/\/www.ai-chenming.com\/fr\/wp-json\/wp\/v2\/media?parent=5811"}],"wp:term":[{"taxonomy":"product_brand","embeddable":true,"href":"https:\/\/www.ai-chenming.com\/fr\/wp-json\/wp\/v2\/product_brand?post=5811"},{"taxonomy":"product_cat","embeddable":true,"href":"https:\/\/www.ai-chenming.com\/fr\/wp-json\/wp\/v2\/product_cat?post=5811"},{"taxonomy":"product_tag","embeddable":true,"href":"https:\/\/www.ai-chenming.com\/fr\/wp-json\/wp\/v2\/product_tag?post=5811"}],"curies":[{"name":"wp","href":"https:\/\/api.w.org\/{rel}","templated":true}]}}