{"id":5721,"date":"2025-09-04T03:00:17","date_gmt":"2025-09-04T03:00:17","guid":{"rendered":"https:\/\/www.ai-chenming.com\/?post_type=product&#038;p=5721"},"modified":"2025-09-19T03:58:57","modified_gmt":"2025-09-19T03:58:57","slug":"automatic-carton-tape-erector-sealing-back-box-opening-machine-express-folding-boxforming-conveyors-paper-case-packaging-machine","status":"publish","type":"product","link":"https:\/\/www.ai-chenming.com\/fr\/produit\/automatic-carton-tape-erector-sealing-back-box-opening-machine-express-folding-boxforming-conveyors-paper-case-packaging-machine\/","title":{"rendered":"Machine \u00e0 ouvrir les bo\u00eetes en carton automatique Machine \u00e0 ouvrir les bo\u00eetes en carton express Convoyeur de formation de bo\u00eetes Machine d'emballage de caisses en papier"},"content":{"rendered":"<div class=\"editor-component-row editor-component-row-relative\">\n<div class=\"editor-component-container\">\n<div class=\"previewer-item-wrap\">\n<div id=\"44349131204\" class=\"J_module\">\n<div id=\"ali-anchor-AliMagic-8qtdlf\" data-reactroot=\"\" data-section=\"AliMagic-8qtdlf\" data-section-title=\"Product Overview\" data-spm-anchor-id=\"a2700.pc-decorate.0.i2.33873333JvcBtC\">Aper\u00e7u du produit<\/div>\n<div data-reactroot=\"\" data-section=\"AliMagic-8qtdlf\" data-section-title=\"Product Overview\" data-spm-anchor-id=\"a2700.pc-decorate.0.i2.33873333JvcBtC\"><img alt=\"\" fetchpriority=\"high\" decoding=\"async\" class=\"wp-image-7015 aligncenter\" src=\"https:\/\/www.ai-chenming.com\/wp-content\/uploads\/2025\/09\/79-300x300.png\" width=\"360\" height=\"360\" srcset=\"https:\/\/www.ai-chenming.com\/wp-content\/uploads\/2025\/09\/79-300x300.png 300w, https:\/\/www.ai-chenming.com\/wp-content\/uploads\/2025\/09\/79-150x150.png 150w, https:\/\/www.ai-chenming.com\/wp-content\/uploads\/2025\/09\/79-12x12.png 12w, https:\/\/www.ai-chenming.com\/wp-content\/uploads\/2025\/09\/79-450x450.png 450w, https:\/\/www.ai-chenming.com\/wp-content\/uploads\/2025\/09\/79-600x600.png 600w, https:\/\/www.ai-chenming.com\/wp-content\/uploads\/2025\/09\/79-100x100.png 100w, https:\/\/www.ai-chenming.com\/wp-content\/uploads\/2025\/09\/79.png 640w\" sizes=\"(max-width: 360px) 100vw, 360px\" \/><\/div>\n<div data-reactroot=\"\" data-section=\"AliMagic-8qtdlf\" data-section-title=\"Product Overview\" data-spm-anchor-id=\"a2700.pc-decorate.0.i2.33873333JvcBtC\"><\/div>\n<\/div>\n<\/div>\n<div class=\"editor-component-container-mask\">\n<div class=\"auto-hide-last-sibling-br paragraph-JOTKXA paragraph-element br-paragraph-space\">La machine \u00e0 d\u00e9baller les cartons est un \u00e9quipement cl\u00e9 dans le domaine de l'emballage automatis\u00e9. Elle peut r\u00e9aliser automatiquement des processus tels que le pr\u00e9l\u00e8vement des cartons, le d\u00e9ballage, la formation et le scellement du fond, \u00e9liminant ainsi la n\u00e9cessit\u00e9 de plier et d'assembler manuellement, ce qui am\u00e9liore consid\u00e9rablement l'efficacit\u00e9 du d\u00e9ballage. Il est compatible avec des cartons de sp\u00e9cifications diff\u00e9rentes et r\u00e9pond avec souplesse aux besoins d'emballage d'industries telles que l'alimentation, le commerce \u00e9lectronique, les produits pharmaceutiques et l'\u00e9lectronique. Cet \u00e9quipement r\u00e9duit les co\u00fbts de main-d'\u0153uvre et les erreurs op\u00e9rationnelles, aidant les entreprises \u00e0 normaliser leurs processus d'emballage et \u00e0 les rendre plus efficaces.<\/div>\n<div><\/div>\n<\/div>\n<\/div>\n<\/div>\n<div class=\"editor-component-row editor-component-row-relative\">\n<div class=\"editor-component-container\">\n<div class=\"previewer-item-wrap\">\n<div id=\"44349131205\" class=\"J_module\">\n<div class=\"detail-decorate-json-renderer-container\" data-reactroot=\"\">\n<div>\n<div>\n<div class=\"preview-edit-text-editor\" data-reactroot=\"\">\n<div id=\"preview-edit-5\" class=\"content-editor\" tabindex=\"1\" contenteditable=\"true\">d\u00e9tails<\/div>\n<\/div>\n<\/div>\n<div>\n<div data-id=\"paragraph0\">\n<div class=\"preview-edit-text-editor\" data-reactroot=\"\">\n<div id=\"preview-edit-6\" class=\"content-editor\" tabindex=\"1\" contenteditable=\"true\">\n<p><b><\/b> <b><span style=\"color: #2196ed;\">1. haute efficacit\u00e9\uff1a<\/span><\/b>Jusqu'\u00e0 une ouverture de cartons par minute, ce qui permet d'acc\u00e9l\u00e9rer la production pour les commandes en grande quantit\u00e9.<\/p>\n<p><span style=\"color: #2196ed;\"> <b>2. fonctionnement facile\uff1a<\/b><\/span>Syst\u00e8me de contr\u00f4le PLC intuitif, permettant une mise en service rapide avec une formation minimale.<br \/>\n<span style=\"color: #2196ed;\"><br \/>\n<b>3. des performances fiables\uff1a<\/b><\/span>Construit avec des composants de premi\u00e8re qualit\u00e9 pour un fonctionnement stable et un faible taux de d\u00e9faillance.<\/p>\n<div>\n<div><span style=\"font-size: 16px;\">Avantages<\/span><\/div>\n<\/div>\n<\/div>\n<\/div>\n<\/div>\n<\/div>\n<\/div>\n<div>\n<div>\n<div data-id=\"paragraph1\">\n<div class=\"preview-edit-text-editor\" data-reactroot=\"\">\n<div id=\"preview-edit-8\" class=\"content-editor\" tabindex=\"1\" contenteditable=\"true\">\n<p><b><span style=\"color: #2196ed;\">4.Adaptabilit\u00e9 polyvalente\uff1a<\/span><\/b>Adaptable \u00e0 diff\u00e9rentes tailles de carton, id\u00e9al pour divers besoins d'emballage.<\/p>\n<p><b><span style=\"color: #2196ed;\">5. conception peu encombrante\uff1a<\/span><\/b>La structure compacte s'int\u00e8gre parfaitement dans les lignes de production existantes.<span style=\"color: #2196ed;\"><br \/>\n<b><\/b><\/span><\/p>\n<p><span style=\"color: #2196ed;\"><b>6. Syst\u00e8me d'alerte automatique<\/b><\/span>Avertissements imm\u00e9diats en cas de p\u00e9nurie ou de dysfonctionnement, ce qui r\u00e9duit les temps d'arr\u00eat<\/p>\n<\/div>\n<\/div>\n<\/div>\n<\/div>\n<\/div>\n<\/div>\n<\/div>\n<\/div>\n<\/div>\n<\/div>\n<div class=\"editor-component-row editor-component-row-relative\">\n<div class=\"editor-component-container\">\n<div class=\"previewer-item-wrap\">\n<div id=\"44349131206\" class=\"J_module\">\n<div id=\"ali-anchor-AliMagic-vefni2\" data-reactroot=\"\" data-section=\"AliMagic-vefni2\" data-section-title=\"PRODUCT SPECIFICATIONS\">SP\u00c9CIFICATIONS DU PRODUIT<\/div>\n<\/div>\n<\/div>\n<div class=\"editor-component-container-mask\"><\/div>\n<\/div>\n<\/div>\n<div class=\"editor-component-row editor-component-row-relative\">\n<div class=\"editor-component-container\">\n<div class=\"previewer-item-wrap\">\n<div id=\"44349131207\" class=\"J_module\">\n<div class=\"ife-detail-decorate-table\" data-reactroot=\"\">\n<table>\n<tbody>\n<tr>\n<td>nom du produit<\/td>\n<td>Points forts du convoyeur \u00e0 bande plastique modulaire \u00e0 usage intensif<\/td>\n<\/tr>\n<tr>\n<td>couleur<\/td>\n<td>\u00a0Offrir des services personnalis\u00e9s<\/td>\n<\/tr>\n<tr>\n<td>p\u00e9riode de garantie<\/td>\n<td>1 an<\/td>\n<\/tr>\n<tr>\n<td>Utilisation pour<\/td>\n<td>\u00a0 alimentation\/boissons\/industries logistiques transport.<\/td>\n<\/tr>\n<tr>\n<td>\u00c9tat<\/td>\n<td>Nouveau<\/td>\n<\/tr>\n<tr>\n<td>largeur<\/td>\n<td>personnaliser<\/td>\n<\/tr>\n<tr>\n<td>mat\u00e9riel<\/td>\n<td>Plastique POM PP PA<\/td>\n<\/tr>\n<tr>\n<td>vitesse du convoyeur<\/td>\n<td>0,1~5m\/s<\/td>\n<\/tr>\n<tr>\n<td>taux d'ouverture<\/td>\n<td>0%<\/td>\n<\/tr>\n<tr>\n<td>Poids<\/td>\n<td>0.5\/\u33a1<\/td>\n<\/tr>\n<tr>\n<td>paiement<\/td>\n<td>Tous les modes de paiement sont accept\u00e9s.<\/td>\n<\/tr>\n<\/tbody>\n<\/table>\n<\/div>\n<\/div>\n<\/div>\n<\/div>\n<\/div>\n<div class=\"editor-component-row editor-component-row-relative\">\n<div class=\"editor-component-container\">\n<div class=\"previewer-item-wrap\">\n<div id=\"44349131208\" class=\"J_module\">\n<div id=\"ali-anchor-AliMagic-kub0mv\" data-reactroot=\"\" data-section=\"AliMagic-kub0mv\" data-section-title=\"Product Overview\">Aper\u00e7u du produit<\/div>\n<\/div>\n<\/div>\n<\/div>\n<\/div>\n<div class=\"editor-component-row editor-component-row-relative\">\n<div class=\"editor-component-container\">\n<div class=\"previewer-item-wrap\">\n<div id=\"44349131209\" class=\"J_module\">\n<div class=\"detail-decorate-json-renderer-container\" data-reactroot=\"\">\n<div>\n<div>\n<div>\n<div>\n<p>&nbsp;<\/p>\n<\/div>\n<\/div>\n<div>\n<div class=\"preview-edit-text-editor\" data-reactroot=\"\">\n<div id=\"preview-edit-1\" class=\"content-editor\" tabindex=\"1\" contenteditable=\"true\"><span style=\"color: #000000;\">d\u00e9tails<\/span><\/div>\n<\/div>\n<\/div>\n<div>\n<div data-id=\"paragraph0\">\n<div class=\"preview-edit-text-editor\" data-reactroot=\"\">\n<div id=\"preview-edit-2\" class=\"content-editor\" tabindex=\"1\" contenteditable=\"true\">\n<p><b><span style=\"color: #2196ed;\">Mat\u00e9riau de qualit\u00e9 sup\u00e9rieure, durabilit\u00e9 \u00e0 long terme : <\/span><\/b><\/p>\n<div>Fabriqu\u00e9 \u00e0 partir de mat\u00e9riaux plastiques de premi\u00e8re qualit\u00e9, il pr\u00e9sente une structure robuste et stable, d'une excellente durabilit\u00e9. Il peut fonctionner de mani\u00e8re stable pendant une p\u00e9riode prolong\u00e9e, ce qui r\u00e9duit efficacement la fr\u00e9quence des remplacements et le co\u00fbt global pour les utilisateurs. <b><span style=\"color: #2196ed;\">Conception modulaire, pratique et sans souci : <\/span><\/b><\/div>\n<div>\n<p>Con\u00e7u selon un concept modulaire, il facilite et simplifie le processus d'installation. En cours de fonctionnement, la maintenance est \u00e9galement plus simple, ce qui r\u00e9duit consid\u00e9rablement les temps d'arr\u00eat et constitue une garantie solide pour une production continue. Bonne adaptabilit\u00e9 \u00e0 l'industrie : Il peut fonctionner correctement dans diverses industries telles que l'industrie alimentaire, avec une large applicabilit\u00e9, et peut r\u00e9pondre aux divers besoins en mati\u00e8re de transport inclin\u00e9 de mat\u00e9riaux de diff\u00e9rentes industries.<\/p>\n<\/div>\n<\/div>\n<\/div>\n<\/div>\n<\/div>\n<\/div>\n<div>\n<div>\n<div>\n<p>&nbsp;<\/p>\n<\/div>\n<\/div>\n<div>\n<div class=\"preview-edit-text-editor\" data-reactroot=\"\">\n<div id=\"preview-edit-3\" class=\"content-editor\" tabindex=\"1\" contenteditable=\"true\">Avantages<\/div>\n<\/div>\n<\/div>\n<div>\n<div data-id=\"paragraph1\">\n<div class=\"preview-edit-text-editor\" data-reactroot=\"\">\n<div id=\"preview-edit-4\" class=\"content-editor\" tabindex=\"1\" contenteditable=\"true\">\n<p><b><span style=\"color: #2196ed;\">Robuste et durable, capacit\u00e9 de charge \u00e9lev\u00e9e : <\/span><\/b><\/p>\n<div>Fabriqu\u00e9 en plastique de haute qualit\u00e9, il a une forte capacit\u00e9 de charge et peut supporter de lourdes charges. Sa construction robuste r\u00e9siste efficacement \u00e0 l'usure, ce qui lui permet d'avoir une longue dur\u00e9e de vie, m\u00eame dans des conditions industrielles difficiles.<\/div>\n<div><\/div>\n<div><b><span style=\"color: #2196ed;\">environnements. - Flexible et facile \u00e0 personnaliser : <\/span><\/b><\/div>\n<div>Sa conception modulaire unique lui conf\u00e8re une grande flexibilit\u00e9. Il est<br \/>\npeut \u00eatre facilement personnalis\u00e9 en fonction des diff\u00e9rents syst\u00e8mes de convoyage et de l'agencement des lignes de production. Qu'il s'agisse de modifier la longueur ou<br \/>\ns'adapter \u00e0 des exigences d'installation et d'ajustement complexes, il peut les g\u00e9rer avec facilit\u00e9.<\/div>\n<\/div>\n<\/div>\n<\/div>\n<\/div>\n<\/div>\n<\/div>\n<\/div>\n<\/div>\n<\/div>\n<div class=\"editor-component-container-mask\"><\/div>\n<\/div>\n<\/div>\n<div class=\"editor-component-row editor-component-row-relative\">\n<div class=\"editor-component-container\">\n<div class=\"previewer-item-wrap\">\n<div id=\"44349131210\" class=\"J_module\">\n<div id=\"ali-anchor-AliMagic-tglutq\" data-reactroot=\"\" data-section=\"AliMagic-tglutq\" data-section-title=\"PRODUCT SPECIFICATIONS\">SP\u00c9CIFICATIONS DU PRODUIT<\/div>\n<\/div>\n<\/div>\n<\/div>\n<\/div>\n<div class=\"editor-component-row editor-component-row-relative\">\n<div class=\"editor-component-container\">\n<div class=\"previewer-item-wrap\">\n<div id=\"44349131212\" class=\"J_module\">\n<div class=\"icbu-pc-images\" data-reactroot=\"\">\n<div class=\"flex-layout-v\">\n<div class=\"flex-layout-h\"><\/div>\n<\/div>\n<\/div>\n<\/div>\n<\/div>\n<\/div>\n<\/div>\n<div class=\"editor-component-row editor-component-row-relative\">\n<div class=\"editor-component-container\">\n<div class=\"previewer-item-wrap\">\n<div id=\"44349131227\" class=\"J_module\">\n<div class=\"icbu-pc-images\" data-reactroot=\"\">\n<div class=\"flex-layout-v\">\n<div class=\"flex-layout-h\">\n<p>&nbsp;<\/p>\n<\/div>\n<\/div>\n<\/div>\n<\/div>\n<\/div>\n<\/div>\n<\/div>\n<div class=\"editor-component-row editor-component-row-relative\">\n<div class=\"editor-component-container\">\n<div class=\"previewer-item-wrap\">\n<div id=\"44349131229\" class=\"J_module\">\n<div id=\"ali-anchor-AliMagic-yj3t2c\" data-reactroot=\"\" data-section=\"AliMagic-yj3t2c\" data-section-title=\"FAQ\">FAQ<\/div>\n<\/div>\n<\/div>\n<div class=\"editor-component-container-mask\"><\/div>\n<\/div>\n<\/div>\n<div class=\"editor-component-row editor-component-row-relative\">\n<div class=\"editor-component-container\">\n<div class=\"previewer-item-wrap\">\n<div id=\"44349131230\" class=\"J_module\">\n<div class=\"detail-decorate-json-renderer-container\" data-reactroot=\"\">\n<div>\n<div>\n<div>\n<div>\n<div class=\"preview-edit-text-editor\" data-reactroot=\"\"><span data-spm-anchor-id=\"a2700.pc-decorate.0.i4.33873333JvcBtC\">1. qui sommes-nous ?\u00a0 <\/span><\/div>\n<div class=\"preview-edit-text-editor\" data-reactroot=\"\"><span data-spm-anchor-id=\"a2700.pc-decorate.0.i4.33873333JvcBtC\">Nous sommes bas\u00e9s dans la province de Shandong, en Chine, depuis 2018. Nous vendons \u00e0 diverses r\u00e9gions du monde, telles que l'Europe, l'Am\u00e9rique du Nord et l'Asie du Sud-Est. Il y a environ 50 personnes dans notre entreprise, y compris des \u00e9quipes professionnelles de R &amp; D, de production, de vente et de service apr\u00e8s-vente. <\/span><\/div>\n<div data-reactroot=\"\"><\/div>\n<div class=\"preview-edit-text-editor\" data-reactroot=\"\"><span data-spm-anchor-id=\"a2700.pc-decorate.0.i4.33873333JvcBtC\">2. Comment pouvons-nous garantir la qualit\u00e9 ?<\/span><\/div>\n<div class=\"preview-edit-text-editor\" data-reactroot=\"\">\n<p><span data-spm-anchor-id=\"a2700.pc-decorate.0.i4.33873333JvcBtC\"> Toujours un \u00e9chantillon de pr\u00e9production avant la production de masse ; cet \u00e9chantillon est strictement test\u00e9 conform\u00e9ment aux normes internationales et industrielles afin de garantir que tous les d\u00e9tails r\u00e9pondent aux exigences. Toujours une inspection finale avant l'exp\u00e9dition ; notre \u00e9quipe de contr\u00f4le de la qualit\u00e9 proc\u00e8de \u00e0 une inspection compl\u00e8te de chaque lot de produits, en v\u00e9rifiant qu'il n'y a pas de d\u00e9fauts d'apparence, de taille et de fonctionnalit\u00e9.<\/span><\/p>\n<div>\n<div>3. Pourquoi devriez-vous acheter chez nous plut\u00f4t que chez d'autres fournisseurs ?<\/div>\n<div>Des prix comp\u00e9titifs : Gr\u00e2ce \u00e0 une gestion efficace de la production et \u00e0 un approvisionnement \u00e0 grande \u00e9chelle en mati\u00e8res premi\u00e8res, nous pouvons proposer des produits \u00e0 des prix plus avantageux que ceux de nombreux concurrents. Produits de haute qualit\u00e9 : Gr\u00e2ce \u00e0 des processus stricts de contr\u00f4le de la qualit\u00e9, de la production \u00e0 l'exp\u00e9dition, nos produits sont tr\u00e8s fiables et offrent des performances \u00e0 long terme. Excellent service apr\u00e8s-vente : Notre \u00e9quipe professionnelle de service apr\u00e8s-vente est pr\u00eate \u00e0 r\u00e9soudre tous les probl\u00e8mes que vous rencontrez, \u00e0 fournir une assistance technique en temps voulu et \u00e0 assurer la maintenance des produits.<\/div>\n<div><\/div>\n<div>4. quels services pouvons-nous fournir ?<\/div>\n<div>Conditions de livraison accept\u00e9es : FOB (Qingdao), CIF, EXW, etc.<\/div>\n<div>Devise de paiement accept\u00e9e : USD, EUR, CNY etc.<\/div>\n<div>Types de paiement accept\u00e9s : T\/T (transfert t\u00e9l\u00e9graphique), L\/C (lettre de cr\u00e9dit), PayPal, etc.<\/div>\n<\/div>\n<\/div>\n<\/div>\n<\/div>\n<\/div>\n<\/div>\n<\/div>\n<\/div>\n<\/div>\n<\/div>\n<\/div>","protected":false},"excerpt":{"rendered":"<p>d\u00e9ballage ouverture colle machine \u00e0 ruban adh\u00e9sif pour cartons \u00e9recteur de caisses automatique \u00e9recteur de cartons<\/p>","protected":false},"featured_media":5724,"template":"","meta":{"_acf_changed":false,"_seopress_robots_primary_cat":"none","_seopress_titles_title":"Automatic Carton Tape Erector Sealing Back Box Opening Machine Express Folding Box Forming Conveyors Paper Case Packaging Machine","_seopress_titles_desc":"unpacking Opening glue Type Carton Tape Machine Automatic Case Erector Carton Erector","_seopress_robots_index":"","_uag_custom_page_level_css":"","site-sidebar-layout":"default","site-content-layout":"","ast-site-content-layout":"default","site-content-style":"default","site-sidebar-style":"default","ast-global-header-display":"","ast-banner-title-visibility":"","ast-main-header-display":"","ast-hfb-above-header-display":"","ast-hfb-below-header-display":"","ast-hfb-mobile-header-display":"","site-post-title":"","ast-breadcrumbs-content":"","ast-featured-img":"","footer-sml-layout":"","theme-transparent-header-meta":"default","adv-header-id-meta":"","stick-header-meta":"","header-above-stick-meta":"","header-main-stick-meta":"","header-below-stick-meta":"","astra-migrate-meta-layouts":"set","ast-page-background-enabled":"default","ast-page-background-meta":{"desktop":{"background-color":"","background-image":"","background-repeat":"repeat","background-position":"center center","background-size":"auto","background-attachment":"scroll","background-type":"","background-media":"","overlay-type":"","overlay-color":"","overlay-opacity":"","overlay-gradient":""},"tablet":{"background-color":"","background-image":"","background-repeat":"repeat","background-position":"center center","background-size":"auto","background-attachment":"scroll","background-type":"","background-media":"","overlay-type":"","overlay-color":"","overlay-opacity":"","overlay-gradient":""},"mobile":{"background-color":"","background-image":"","background-repeat":"repeat","background-position":"center center","background-size":"auto","background-attachment":"scroll","background-type":"","background-media":"","overlay-type":"","overlay-color":"","overlay-opacity":"","overlay-gradient":""}},"ast-content-background-meta":{"desktop":{"background-color":"var(--ast-global-color-5)","background-image":"","background-repeat":"repeat","background-position":"center center","background-size":"auto","background-attachment":"scroll","background-type":"","background-media":"","overlay-type":"","overlay-color":"","overlay-opacity":"","overlay-gradient":""},"tablet":{"background-color":"var(--ast-global-color-5)","background-image":"","background-repeat":"repeat","background-position":"center center","background-size":"auto","background-attachment":"scroll","background-type":"","background-media":"","overlay-type":"","overlay-color":"","overlay-opacity":"","overlay-gradient":""},"mobile":{"background-color":"var(--ast-global-color-5)","background-image":"","background-repeat":"repeat","background-position":"center center","background-size":"auto","background-attachment":"scroll","background-type":"","background-media":"","overlay-type":"","overlay-color":"","overlay-opacity":"","overlay-gradient":""}}},"product_brand":[131],"product_cat":[87],"product_tag":[225,226,224,222,223,231,228,227,229],"class_list":{"0":"post-5721","1":"product","2":"type-product","3":"status-publish","4":"has-post-thumbnail","6":"product_brand-chenming","7":"product_cat-conveyor","8":"product_tag-adhesive-tape-carton-tape-machine","9":"product_tag-automatic-bottom-seal-folding-box-machine","10":"product_tag-automatic-carton-erector","11":"product_tag-automatic-case-packer","12":"product_tag-box-packing-machine","13":"product_tag-paper-case-packaging-machine","14":"product_tag-plastic-packaging-machine","15":"product_tag-pneumatic-driven-machine","16":"product_tag-sealing-back-box-opening-machine","17":"desktop-align-center","18":"tablet-align-center","19":"mobile-align-left","20":"ast-product-gallery-layout-horizontal-slider","21":"ast-product-tabs-layout-horizontal","22":"ast-qv-on-image","24":"first","25":"instock","26":"sale","27":"shipping-taxable","28":"purchasable","29":"product-type-simple"},"acf":[],"uagb_featured_image_src":{"full":["https:\/\/www.ai-chenming.com\/wp-content\/uploads\/2025\/09\/af2958a1-a13b-4c9c-bd79-6b19793b0e75.png",1000,1000,false],"thumbnail":["https:\/\/www.ai-chenming.com\/wp-content\/uploads\/2025\/09\/af2958a1-a13b-4c9c-bd79-6b19793b0e75-150x150.png",150,150,true],"medium":["https:\/\/www.ai-chenming.com\/wp-content\/uploads\/2025\/09\/af2958a1-a13b-4c9c-bd79-6b19793b0e75-300x300.png",300,300,true],"medium_large":["https:\/\/www.ai-chenming.com\/wp-content\/uploads\/2025\/09\/af2958a1-a13b-4c9c-bd79-6b19793b0e75-768x768.png",768,768,true],"large":["https:\/\/www.ai-chenming.com\/wp-content\/uploads\/2025\/09\/af2958a1-a13b-4c9c-bd79-6b19793b0e75.png",1000,1000,false],"1536x1536":["https:\/\/www.ai-chenming.com\/wp-content\/uploads\/2025\/09\/af2958a1-a13b-4c9c-bd79-6b19793b0e75.png",1000,1000,false],"2048x2048":["https:\/\/www.ai-chenming.com\/wp-content\/uploads\/2025\/09\/af2958a1-a13b-4c9c-bd79-6b19793b0e75.png",1000,1000,false],"trp-custom-language-flag":["https:\/\/www.ai-chenming.com\/wp-content\/uploads\/2025\/09\/af2958a1-a13b-4c9c-bd79-6b19793b0e75-12x12.png",12,12,true],"woocommerce_thumbnail":["https:\/\/www.ai-chenming.com\/wp-content\/uploads\/2025\/09\/af2958a1-a13b-4c9c-bd79-6b19793b0e75-450x450.png",450,450,true],"woocommerce_single":["https:\/\/www.ai-chenming.com\/wp-content\/uploads\/2025\/09\/af2958a1-a13b-4c9c-bd79-6b19793b0e75-600x600.png",600,600,true],"woocommerce_gallery_thumbnail":["https:\/\/www.ai-chenming.com\/wp-content\/uploads\/2025\/09\/af2958a1-a13b-4c9c-bd79-6b19793b0e75-100x100.png",100,100,true]},"uagb_author_info":{"display_name":"chenming","author_link":"https:\/\/www.ai-chenming.com\/fr\/author\/"},"uagb_comment_info":0,"uagb_excerpt":"unpacking Opening glue Type Carton Tape Machine Automatic Case Erector Carton Erector","_links":{"self":[{"href":"https:\/\/www.ai-chenming.com\/fr\/wp-json\/wp\/v2\/product\/5721","targetHints":{"allow":["GET"]}}],"collection":[{"href":"https:\/\/www.ai-chenming.com\/fr\/wp-json\/wp\/v2\/product"}],"about":[{"href":"https:\/\/www.ai-chenming.com\/fr\/wp-json\/wp\/v2\/types\/product"}],"wp:featuredmedia":[{"embeddable":true,"href":"https:\/\/www.ai-chenming.com\/fr\/wp-json\/wp\/v2\/media\/5724"}],"wp:attachment":[{"href":"https:\/\/www.ai-chenming.com\/fr\/wp-json\/wp\/v2\/media?parent=5721"}],"wp:term":[{"taxonomy":"product_brand","embeddable":true,"href":"https:\/\/www.ai-chenming.com\/fr\/wp-json\/wp\/v2\/product_brand?post=5721"},{"taxonomy":"product_cat","embeddable":true,"href":"https:\/\/www.ai-chenming.com\/fr\/wp-json\/wp\/v2\/product_cat?post=5721"},{"taxonomy":"product_tag","embeddable":true,"href":"https:\/\/www.ai-chenming.com\/fr\/wp-json\/wp\/v2\/product_tag?post=5721"}],"curies":[{"name":"wp","href":"https:\/\/api.w.org\/{rel}","templated":true}]}}