{"id":5673,"date":"2025-09-04T02:01:02","date_gmt":"2025-09-04T02:01:02","guid":{"rendered":"https:\/\/www.ai-chenming.com\/?post_type=product&#038;p=5673"},"modified":"2025-09-19T08:25:22","modified_gmt":"2025-09-19T08:25:22","slug":"assembly-line-equipment-food-grade-belt-conveyor-with-motor-high-quality-pvc-pu-belt-conveyor-line-pvc-pu-belt-conveyor-machine","status":"publish","type":"product","link":"https:\/\/www.ai-chenming.com\/fr\/produit\/assembly-line-equipment-food-grade-belt-conveyor-with-motor-high-quality-pvc-pu-belt-conveyor-line-pvc-pu-belt-conveyor-machine\/","title":{"rendered":"\u00c9quipement de ligne d'assemblage Convoyeur \u00e0 bande de qualit\u00e9 alimentaire avec moteur Ligne de convoyeur \u00e0 bande en PVC\/PU de haute qualit\u00e9 Machine de convoyeur \u00e0 bande en PVC\/PU"},"content":{"rendered":"<div id=\"icbuEditorBackground\" class=\"icbu-editor-background\" data-spm-anchor-id=\"a2700.pc-decorate.0.i2.10193333jZo8HM\"><span style=\"font-size: 16px;\">Description du produit<\/span><\/div>\n<div id=\"detail_decorate_root\">\n<div class=\"editor-plugin-canvas\">\n<div class=\"render-engien-app\">\n<div class=\"editor-component-row editor-component-row-relative\">\n<div class=\"editor-component-container\">\n<div class=\"editor-component-container-mask\">\n<div style=\"width: 1280px;\" class=\"wp-video\"><!--[if lt IE 9]><script>document.createElement('video');<\/script><![endif]-->\n<video class=\"wp-video-shortcode\" id=\"video-5673-1\" width=\"1280\" height=\"720\" preload=\"metadata\" controls=\"controls\"><source type=\"video\/mp4\" src=\"https:\/\/www.ai-chenming.com\/wp-content\/uploads\/2025\/08\/6000299218806.mp4?_=1\" \/><a href=\"https:\/\/www.ai-chenming.com\/wp-content\/uploads\/2025\/08\/6000299218806.mp4\">https:\/\/www.ai-chenming.com\/wp-content\/uploads\/2025\/08\/6000299218806.mp4<\/a><\/video><\/div>\n<\/div>\n<\/div>\n<\/div>\n<div class=\"bc-react-video-player singleton undefined venus-component-video\" data-spm-anchor-id=\"a2700.pc-decorate.0.i1.10193333jZo8HM\"><img alt=\"\" fetchpriority=\"high\" decoding=\"async\" class=\"wp-image-7023 aligncenter\" src=\"https:\/\/www.ai-chenming.com\/wp-content\/uploads\/2025\/09\/81-300x300.png\" width=\"360\" height=\"360\" srcset=\"https:\/\/www.ai-chenming.com\/wp-content\/uploads\/2025\/09\/81-300x300.png 300w, https:\/\/www.ai-chenming.com\/wp-content\/uploads\/2025\/09\/81-150x150.png 150w, https:\/\/www.ai-chenming.com\/wp-content\/uploads\/2025\/09\/81-12x12.png 12w, https:\/\/www.ai-chenming.com\/wp-content\/uploads\/2025\/09\/81-450x450.png 450w, https:\/\/www.ai-chenming.com\/wp-content\/uploads\/2025\/09\/81-600x600.png 600w, https:\/\/www.ai-chenming.com\/wp-content\/uploads\/2025\/09\/81-100x100.png 100w, https:\/\/www.ai-chenming.com\/wp-content\/uploads\/2025\/09\/81.png 640w\" sizes=\"(max-width: 360px) 100vw, 360px\" \/><\/div>\n<div data-spm-anchor-id=\"a2700.pc-decorate.0.i1.10193333jZo8HM\">Le convoyeur \u00e0 bande peut transporter une large gamme de mat\u00e9riaux, peut transporter une vari\u00e9t\u00e9 de mat\u00e9riaux en vrac, peut \u00e9galement transporter une vari\u00e9t\u00e9 de cartons, de sacs d'emballage et d'autres marchandises de faible poids, une large gamme d'utilisations. La structure a diff\u00e9rentes formes, telles que la rainure, le plat, l'escalade, la rotation, etc. Le tablier, la barre d'arr\u00eat, la jupe, la tr\u00e9mie et d'autres accessoires peuvent \u00eatre ajout\u00e9s \u00e0 la bande transporteuse. PVC\u3001PU\u3001 caoutchouc, toile et autres mat\u00e9riaux. Transport en douceur, pas de mouvement relatif entre les mat\u00e9riaux et la bande transporteuse, pour \u00e9viter d'endommager les objets transport\u00e9s. Compar\u00e9 \u00e0 d'autres convoyeurs, le bruit est plus faible, convient \u00e0 un environnement de travail calme, structure simple, faible consommation d'\u00e9nergie, entretien facile.<\/div>\n<div data-spm-anchor-id=\"a2700.pc-decorate.0.i1.10193333jZo8HM\"><img alt=\"\" decoding=\"async\" class=\"wp-image-6755 aligncenter\" src=\"https:\/\/www.ai-chenming.com\/wp-content\/uploads\/2025\/09\/8-2-300x212.png\" width=\"364\" height=\"257\" srcset=\"https:\/\/www.ai-chenming.com\/wp-content\/uploads\/2025\/09\/8-2-300x212.png 300w, https:\/\/www.ai-chenming.com\/wp-content\/uploads\/2025\/09\/8-2-1024x724.png 1024w, https:\/\/www.ai-chenming.com\/wp-content\/uploads\/2025\/09\/8-2-768x543.png 768w, https:\/\/www.ai-chenming.com\/wp-content\/uploads\/2025\/09\/8-2-1536x1086.png 1536w, https:\/\/www.ai-chenming.com\/wp-content\/uploads\/2025\/09\/8-2-2048x1448.png 2048w, https:\/\/www.ai-chenming.com\/wp-content\/uploads\/2025\/09\/8-2-18x12.png 18w, https:\/\/www.ai-chenming.com\/wp-content\/uploads\/2025\/09\/8-2-600x424.png 600w\" sizes=\"(max-width: 364px) 100vw, 364px\" \/><\/div>\n<div class=\"editor-component-row editor-component-row-relative\">\n<div class=\"editor-component-container\">\n<div class=\"previewer-item-wrap\">\n<div id=\"44537338653\" class=\"J_module\">\n<div class=\"icbu-pc-images\" data-reactroot=\"\">\n<div class=\"flex-layout-h\">\n<div class=\"text-wrapper\">\n<div class=\"text-wrapper-right text-theme-light text-align-left\">\n<div class=\"text-title\" data-id=\"right-title\">\n<div class=\"preview-edit-text-editor\" data-reactroot=\"\">\n<div id=\"preview-edit-2\" class=\"content-editor\" tabindex=\"1\" contenteditable=\"true\">\n<p><span style=\"color: #ea9924;\">Caract\u00e9ristiques du produit<\/span><\/p>\n<\/div>\n<\/div>\n<\/div>\n<div class=\"text-content\" data-id=\"right-content\">\n<div class=\"preview-edit-text-editor\" data-reactroot=\"\">\n<div id=\"preview-edit-1\" class=\"content-editor\" tabindex=\"1\" contenteditable=\"true\">\n<div><b>* Mat\u00e9riau haute r\u00e9sistance : <\/b>Fabriqu\u00e9 en POM de premi\u00e8re qualit\u00e9, r\u00e9sistant \u00e0 l'usure et \u00e0 la corrosion.<\/div>\n<div>\n<p><b>* Transport efficace : <\/b>Garantit un fonctionnement sans heurts et am\u00e9liore la productivit\u00e9.<\/p>\n<div><b>* Diff\u00e9rentes sp\u00e9cifications sont disponibles : <\/b>Personnalisable pour r\u00e9pondre aux diff\u00e9rents besoins des clients.<\/div>\n<div><b>* S\u00fbr et fiable : <\/b>La conception antid\u00e9rapante r\u00e9duit les taux de d\u00e9faillance.<\/div>\n<\/div>\n<\/div>\n<\/div>\n<\/div>\n<\/div>\n<\/div>\n<\/div>\n<\/div>\n<\/div>\n<\/div>\n<div class=\"editor-component-container-mask\"><\/div>\n<\/div>\n<\/div>\n<div class=\"editor-component-row editor-component-row-relative\">\n<div class=\"editor-component-container\">\n<div class=\"previewer-item-wrap\">\n<div id=\"44537338654\" class=\"J_module\">\n<div class=\"ife-detail-decorate-table\" data-reactroot=\"\">\n<table>\n<tbody>\n<tr>\n<td><b>Article :<\/b><\/td>\n<td>Convoyeur en PVC<\/td>\n<\/tr>\n<tr>\n<td><b>Marque :<\/b><\/td>\n<td>Chenming<\/td>\n<\/tr>\n<tr>\n<td><span data-spm-anchor-id=\"a2700.pc-decorate.0.i6.30363333nu6Hri\"><b>Industries concern\u00e9es :<\/b><\/span><\/td>\n<td>H\u00f4tels, ateliers de confection, ateliers de mat\u00e9riaux de construction, ateliers de r\u00e9paration de machines, usines de fabrication, usines de produits alimentaires et de boissons, etc.<\/td>\n<\/tr>\n<tr>\n<td><b data-spm-anchor-id=\"a2700.pc-decorate.0.i42.45993333ei6U1Z\">\u00c9tat :<\/b><\/td>\n<td>Nouveau<\/td>\n<\/tr>\n<tr>\n<td><b>Dimension(L*L*H)<\/b><\/td>\n<td>Taille personnalis\u00e9e<\/td>\n<\/tr>\n<tr>\n<td><b>Mat\u00e9riau du cadre<\/b><\/td>\n<td>Acier inoxydable\/acier en carton<\/td>\n<\/tr>\n<tr>\n<td><b>Mat\u00e9riau de la ceinture<\/b><\/td>\n<td>PVC\/PU<\/td>\n<\/tr>\n<tr>\n<td><b>Vitesse<\/b><\/td>\n<td>5-60M\/MIN r\u00e9glable<\/td>\n<\/tr>\n<tr>\n<td><b>Charge maximale<\/b><\/td>\n<td>0-200KG<\/td>\n<\/tr>\n<tr>\n<td><b>tension<\/b><\/td>\n<td>AC110-240V 1PH 50\/60HZ<\/td>\n<\/tr>\n<tr>\n<td><b>Test<\/b><\/td>\n<td>Avant d'\u00eatre exp\u00e9di\u00e9s, tous les convoyeurs sont test\u00e9s.<\/td>\n<\/tr>\n<tr>\n<td><b>Garantie<\/b><\/td>\n<td>Garantie d'un an, des services d'ing\u00e9nierie peuvent \u00eatre fournis<\/td>\n<\/tr>\n<tr>\n<td><b>Charge de fonctionnement<\/b><\/td>\n<td>Selon la taille du convoyeur<\/td>\n<\/tr>\n<tr>\n<td><b>Temp\u00e9rature de fonctionnementg<\/b><\/td>\n<td>&#8211;<\/td>\n<\/tr>\n<tr>\n<td><b>Style de convoyeur<\/b><\/td>\n<td>Droite ou courb\u00e9e \u00e0 90\/180 degr\u00e9s<\/td>\n<\/tr>\n<tr>\n<td><b>hauteur du convoyeur<\/b><\/td>\n<td>800-900 mm ou sur mesure<\/td>\n<\/tr>\n<\/tbody>\n<\/table>\n<\/div>\n<\/div>\n<\/div>\n<\/div>\n<\/div>\n<\/div>\n<\/div>\n<div class=\"editor-component-row editor-component-row-relative\">\n<div class=\"editor-component-container\">\n<div class=\"previewer-item-wrap\">\n<div id=\"44537338666\" class=\"J_module\">\n<div class=\"detail-decorate-json-renderer-container\" data-reactroot=\"\">\n<div>\n<div>\n<div>\n<div>\n<div class=\"preview-edit-text-editor\" data-reactroot=\"\">\n<div id=\"preview-edit-4\" class=\"content-editor\" tabindex=\"1\" contenteditable=\"true\"><b>L'entreprise adh\u00e8re \u00e0 la philosophie d'entreprise \"s\u00e9curit\u00e9, travail acharn\u00e9 et responsabilit\u00e9\" et cr\u00e9e un bon environnement d'entreprise avec int\u00e9grit\u00e9, des r\u00e9sultats gagnant-gagnant et une philosophie d'entreprise pionni\u00e8re. Gr\u00e2ce \u00e0 un tout nouveau mode de gestion et \u00e0 une technologie parfaite, un service attentionn\u00e9 et une excellente qualit\u00e9 sont les fondements de notre survie. Nous adh\u00e9rons toujours au principe du client d'abord et servons les clients attentivement, pour impressionner les clients avec leurs propres services, avec 100% confiance et enthousiasme, joindre les mains pour cr\u00e9er vous et moi partageons la marque de la plus haute qualit\u00e9.<\/b><\/div>\n<\/div>\n<\/div>\n<\/div>\n<\/div>\n<\/div>\n<\/div>\n<\/div>\n<\/div>\n<\/div>\n<\/div>\n<div class=\"editor-component-row editor-component-row-relative\">\n<div class=\"editor-component-container\">\n<div class=\"editor-component-container-mask\"><\/div>\n<\/div>\n<\/div>\n<div class=\"editor-component-row editor-component-row-relative\">\n<div class=\"editor-component-container\">\n<div class=\"previewer-item-wrap\">\n<div id=\"44537338674\" class=\"J_module\">\n<div id=\"ali-anchor-AliMagic-makt98\" data-reactroot=\"\" data-section=\"AliMagic-makt98\" data-section-title=\"FAQ\">FAQ<\/div>\n<\/div>\n<\/div>\n<div class=\"editor-component-container-mask\"><\/div>\n<\/div>\n<\/div>\n<div class=\"editor-component-row editor-component-row-relative\">\n<div class=\"editor-component-container\">\n<div class=\"previewer-item-wrap\">\n<div id=\"44537338675\" class=\"J_module\">\n<div class=\"detail-decorate-json-renderer-container\" data-reactroot=\"\">\n<div>\n<div>\n<div>\n<div>\n<div class=\"preview-edit-text-editor\" data-reactroot=\"\">\n<div id=\"preview-edit-3\" class=\"content-editor\" tabindex=\"1\" contenteditable=\"true\"><b><\/b><b>Q1 : \u00cates-vous une soci\u00e9t\u00e9 commerciale ou un fabricant ?<\/b><br \/>\nR : Nous sommes une usine.<b>Q2:Acceptez-vous les OEM ou ODM ? A2:Oui, mais nous avons des exigences en mati\u00e8re de quantit\u00e9. Veuillez nous contacter directement.<br \/>\n<\/b><br \/>\n<b>Q3:Quel est le mode de paiement de votre entreprise ?<\/b><br \/>\nA3:T\/T, L\/C \u00e0 vue, Paypal, Western Union<b>Q4:Quel est le mode d'exp\u00e9dition ?<\/b><br \/>\nA4:Par voie maritime, a\u00e9rienne, Fedex, DHL, UPS, TNT, etc.<\/p>\n<p><b>Q5 : Quel est le d\u00e9lai de livraison ?<\/b><br \/>\nA5 : En g\u00e9n\u00e9ral, le d\u00e9lai est de 5 \u00e0 10 jours si les marchandises sont en stock, ou de 15 \u00e0 20 jours si les marchandises ne sont pas en stock, en fonction de l'\u00e9tat des stocks.<br \/>\nquantit\u00e9.<\/p>\n<p><b>Q6 : Comment est votre service ?<\/b><br \/>\nA6\uff1aDon't worry, we have professionals at your service 24 hours a day.<\/p>\n<\/div>\n<\/div>\n<\/div>\n<\/div>\n<\/div>\n<\/div>\n<\/div>\n<\/div>\n<\/div>\n<\/div>\n<\/div>\n<\/div>","protected":false},"excerpt":{"rendered":"<p>Convoyeur \u00e0 bande en pvc Convoyeur \u00e0 bande de qualit\u00e9 alimentaire Ligne de production de bandes transporteuses en pvc<\/p>","protected":false},"featured_media":4901,"template":"","meta":{"_acf_changed":false,"_seopress_robots_primary_cat":"none","_seopress_titles_title":"Assembly Line Equipment Food Grade Belt Conveyor with Motor High Quality PVC\/PU Belt Conveyor Line PVC\/PU Belt Conveyor Machine","_seopress_titles_desc":"pvc Belt Conveyor food grade belt conveyor  pvc conveyor belt production line","_seopress_robots_index":"","_uag_custom_page_level_css":"","site-sidebar-layout":"default","site-content-layout":"","ast-site-content-layout":"default","site-content-style":"default","site-sidebar-style":"default","ast-global-header-display":"","ast-banner-title-visibility":"","ast-main-header-display":"","ast-hfb-above-header-display":"","ast-hfb-below-header-display":"","ast-hfb-mobile-header-display":"","site-post-title":"","ast-breadcrumbs-content":"","ast-featured-img":"","footer-sml-layout":"","theme-transparent-header-meta":"default","adv-header-id-meta":"","stick-header-meta":"","header-above-stick-meta":"","header-main-stick-meta":"","header-below-stick-meta":"","astra-migrate-meta-layouts":"set","ast-page-background-enabled":"default","ast-page-background-meta":{"desktop":{"background-color":"","background-image":"","background-repeat":"repeat","background-position":"center center","background-size":"auto","background-attachment":"scroll","background-type":"","background-media":"","overlay-type":"","overlay-color":"","overlay-opacity":"","overlay-gradient":""},"tablet":{"background-color":"","background-image":"","background-repeat":"repeat","background-position":"center center","background-size":"auto","background-attachment":"scroll","background-type":"","background-media":"","overlay-type":"","overlay-color":"","overlay-opacity":"","overlay-gradient":""},"mobile":{"background-color":"","background-image":"","background-repeat":"repeat","background-position":"center center","background-size":"auto","background-attachment":"scroll","background-type":"","background-media":"","overlay-type":"","overlay-color":"","overlay-opacity":"","overlay-gradient":""}},"ast-content-background-meta":{"desktop":{"background-color":"var(--ast-global-color-5)","background-image":"","background-repeat":"repeat","background-position":"center center","background-size":"auto","background-attachment":"scroll","background-type":"","background-media":"","overlay-type":"","overlay-color":"","overlay-opacity":"","overlay-gradient":""},"tablet":{"background-color":"var(--ast-global-color-5)","background-image":"","background-repeat":"repeat","background-position":"center center","background-size":"auto","background-attachment":"scroll","background-type":"","background-media":"","overlay-type":"","overlay-color":"","overlay-opacity":"","overlay-gradient":""},"mobile":{"background-color":"var(--ast-global-color-5)","background-image":"","background-repeat":"repeat","background-position":"center center","background-size":"auto","background-attachment":"scroll","background-type":"","background-media":"","overlay-type":"","overlay-color":"","overlay-opacity":"","overlay-gradient":""}}},"product_brand":[131],"product_cat":[96],"product_tag":[174,121,374,519,518],"class_list":{"0":"post-5673","1":"product","2":"type-product","3":"status-publish","4":"has-post-thumbnail","6":"product_brand-chenming","7":"product_cat-belt-conveyor","8":"product_tag-automated-conveyor-system","9":"product_tag-food-grade-belt-conveyor","10":"product_tag-pvc-belt-conveyor","11":"product_tag-pvc-conveyor-belt-production-line","12":"product_tag-pvc-conveyor-small-conveyor-belt-system","13":"desktop-align-center","14":"tablet-align-center","15":"mobile-align-left","16":"ast-product-gallery-layout-horizontal-slider","17":"ast-product-tabs-layout-horizontal","18":"ast-qv-on-image","20":"first","21":"instock","22":"sale","23":"shipping-taxable","24":"purchasable","25":"product-type-simple"},"acf":[],"uagb_featured_image_src":{"full":["https:\/\/www.ai-chenming.com\/wp-content\/uploads\/2025\/08\/d6a0267a-8772-41ad-93a0-412c6f002f2d.png",737,737,false],"thumbnail":["https:\/\/www.ai-chenming.com\/wp-content\/uploads\/2025\/08\/d6a0267a-8772-41ad-93a0-412c6f002f2d-150x150.png",150,150,true],"medium":["https:\/\/www.ai-chenming.com\/wp-content\/uploads\/2025\/08\/d6a0267a-8772-41ad-93a0-412c6f002f2d-300x300.png",300,300,true],"medium_large":["https:\/\/www.ai-chenming.com\/wp-content\/uploads\/2025\/08\/d6a0267a-8772-41ad-93a0-412c6f002f2d.png",737,737,false],"large":["https:\/\/www.ai-chenming.com\/wp-content\/uploads\/2025\/08\/d6a0267a-8772-41ad-93a0-412c6f002f2d.png",737,737,false],"1536x1536":["https:\/\/www.ai-chenming.com\/wp-content\/uploads\/2025\/08\/d6a0267a-8772-41ad-93a0-412c6f002f2d.png",737,737,false],"2048x2048":["https:\/\/www.ai-chenming.com\/wp-content\/uploads\/2025\/08\/d6a0267a-8772-41ad-93a0-412c6f002f2d.png",737,737,false],"trp-custom-language-flag":["https:\/\/www.ai-chenming.com\/wp-content\/uploads\/2025\/08\/d6a0267a-8772-41ad-93a0-412c6f002f2d-12x12.png",12,12,true],"woocommerce_thumbnail":["https:\/\/www.ai-chenming.com\/wp-content\/uploads\/2025\/08\/d6a0267a-8772-41ad-93a0-412c6f002f2d-450x450.png",450,450,true],"woocommerce_single":["https:\/\/www.ai-chenming.com\/wp-content\/uploads\/2025\/08\/d6a0267a-8772-41ad-93a0-412c6f002f2d-600x600.png",600,600,true],"woocommerce_gallery_thumbnail":["https:\/\/www.ai-chenming.com\/wp-content\/uploads\/2025\/08\/d6a0267a-8772-41ad-93a0-412c6f002f2d-100x100.png",100,100,true]},"uagb_author_info":{"display_name":"chenming","author_link":"https:\/\/www.ai-chenming.com\/fr\/author\/"},"uagb_comment_info":0,"uagb_excerpt":"pvc Belt Conveyor food grade belt conveyor pvc conveyor belt production line","_links":{"self":[{"href":"https:\/\/www.ai-chenming.com\/fr\/wp-json\/wp\/v2\/product\/5673","targetHints":{"allow":["GET"]}}],"collection":[{"href":"https:\/\/www.ai-chenming.com\/fr\/wp-json\/wp\/v2\/product"}],"about":[{"href":"https:\/\/www.ai-chenming.com\/fr\/wp-json\/wp\/v2\/types\/product"}],"wp:featuredmedia":[{"embeddable":true,"href":"https:\/\/www.ai-chenming.com\/fr\/wp-json\/wp\/v2\/media\/4901"}],"wp:attachment":[{"href":"https:\/\/www.ai-chenming.com\/fr\/wp-json\/wp\/v2\/media?parent=5673"}],"wp:term":[{"taxonomy":"product_brand","embeddable":true,"href":"https:\/\/www.ai-chenming.com\/fr\/wp-json\/wp\/v2\/product_brand?post=5673"},{"taxonomy":"product_cat","embeddable":true,"href":"https:\/\/www.ai-chenming.com\/fr\/wp-json\/wp\/v2\/product_cat?post=5673"},{"taxonomy":"product_tag","embeddable":true,"href":"https:\/\/www.ai-chenming.com\/fr\/wp-json\/wp\/v2\/product_tag?post=5673"}],"curies":[{"name":"wp","href":"https:\/\/api.w.org\/{rel}","templated":true}]}}