{"id":5617,"date":"2025-09-03T09:52:21","date_gmt":"2025-09-03T09:52:21","guid":{"rendered":"https:\/\/www.ai-chenming.com\/?post_type=product&#038;p=5617"},"modified":"2025-09-19T09:33:59","modified_gmt":"2025-09-19T09:33:59","slug":"bakery-factory-fully-automaticfood-grade-buffertower-food-spiral-coolingtower-double-spiral-freezer-belt-conveyorproduction-line","status":"publish","type":"product","link":"https:\/\/www.ai-chenming.com\/fr\/produit\/bakery-factory-fully-automaticfood-grade-buffertower-food-spiral-coolingtower-double-spiral-freezer-belt-conveyorproduction-line\/","title":{"rendered":"Bakery Factory Fully AutomaticFood Grade BufferTower\/Food Spiral CoolingTower\/Double Spiral Freezer Belt ConveyorProduction Line (ligne de production)"},"content":{"rendered":"<div id=\"icbuEditorBackground\" class=\"icbu-editor-background\" data-spm-anchor-id=\"a2700.pc-decorate.0.i2.59013333GWgaBB\"><span style=\"font-size: 16px;\">Aper\u00e7u du produit<\/span><\/div>\n<div id=\"detail_decorate_root\">\n<div class=\"editor-plugin-canvas\">\n<div class=\"render-engien-app\">\n<div class=\"editor-component-row editor-component-row-relative\">\n<div class=\"editor-component-container\">\n<div class=\"editor-component-container-mask\"><img alt=\"\" fetchpriority=\"high\" decoding=\"async\" class=\"wp-image-7034 aligncenter\" src=\"https:\/\/www.ai-chenming.com\/wp-content\/uploads\/2025\/09\/87-300x300.png\" width=\"362\" height=\"362\" srcset=\"https:\/\/www.ai-chenming.com\/wp-content\/uploads\/2025\/09\/87-300x300.png 300w, https:\/\/www.ai-chenming.com\/wp-content\/uploads\/2025\/09\/87-150x150.png 150w, https:\/\/www.ai-chenming.com\/wp-content\/uploads\/2025\/09\/87-12x12.png 12w, https:\/\/www.ai-chenming.com\/wp-content\/uploads\/2025\/09\/87-450x450.png 450w, https:\/\/www.ai-chenming.com\/wp-content\/uploads\/2025\/09\/87-600x600.png 600w, https:\/\/www.ai-chenming.com\/wp-content\/uploads\/2025\/09\/87-100x100.png 100w, https:\/\/www.ai-chenming.com\/wp-content\/uploads\/2025\/09\/87.png 640w\" sizes=\"(max-width: 362px) 100vw, 362px\" \/><\/div>\n<div>Les bandes modulaires (\u00e9galement appel\u00e9es bandes transporteuses modulaires) sont assembl\u00e9es \u00e0 partir de modules standardis\u00e9s. Elles permettent une personnalisation souple de la longueur et de la largeur, et peuvent r\u00e9aliser des trajectoires de transport complexes telles que les virages et les mont\u00e9es. Fabriqu\u00e9es dans des mat\u00e9riaux tels que les plastiques techniques de qualit\u00e9 alimentaire, elles sont r\u00e9sistantes \u00e0 l'usure et \u00e0 la corrosion. Leur surface peut \u00eatre con\u00e7ue avec des structures telles que des motifs antid\u00e9rapants et des d\u00e9flecteurs, ce qui les rend adapt\u00e9s au transport de divers mat\u00e9riaux. Gr\u00e2ce \u00e0 leur facilit\u00e9 d'entretien (les modules individuels peuvent \u00eatre remplac\u00e9s), ils sont largement utilis\u00e9s dans les industries alimentaires, pharmaceutiques, logistiques et \u00e9lectroniques, et constituent des supports efficaces et adaptables pour le transport automatis\u00e9.<\/div>\n<div><img alt=\"\" decoding=\"async\" class=\"wp-image-6753 aligncenter\" src=\"https:\/\/www.ai-chenming.com\/wp-content\/uploads\/2025\/09\/7-2-300x212.png\" width=\"362\" height=\"256\" srcset=\"https:\/\/www.ai-chenming.com\/wp-content\/uploads\/2025\/09\/7-2-300x212.png 300w, https:\/\/www.ai-chenming.com\/wp-content\/uploads\/2025\/09\/7-2-1024x724.png 1024w, https:\/\/www.ai-chenming.com\/wp-content\/uploads\/2025\/09\/7-2-768x543.png 768w, https:\/\/www.ai-chenming.com\/wp-content\/uploads\/2025\/09\/7-2-1536x1086.png 1536w, https:\/\/www.ai-chenming.com\/wp-content\/uploads\/2025\/09\/7-2-2048x1448.png 2048w, https:\/\/www.ai-chenming.com\/wp-content\/uploads\/2025\/09\/7-2-18x12.png 18w, https:\/\/www.ai-chenming.com\/wp-content\/uploads\/2025\/09\/7-2-600x424.png 600w\" sizes=\"(max-width: 362px) 100vw, 362px\" \/><\/div>\n<\/div>\n<\/div>\n<div class=\"editor-component-row editor-component-row-relative\">\n<div class=\"editor-component-container\">\n<div class=\"previewer-item-wrap\">\n<div id=\"43874792864\" class=\"J_module\">\n<div class=\"icbu-pc-images\" data-reactroot=\"\">\n<div class=\"flex-layout-h\">\n<div class=\"text-wrapper\">\n<div class=\"text-wrapper-left text-theme-light text-align-left\">\n<div class=\"text-title\" data-id=\"left-title\">\n<div class=\"preview-edit-text-editor\" data-reactroot=\"\">\n<div id=\"preview-edit-2\" class=\"content-editor\" tabindex=\"1\" contenteditable=\"true\">Convoyeur \u00e0 tour en spirale<\/div>\n<\/div>\n<\/div>\n<div class=\"text-content\" data-id=\"left-content\">\n<div class=\"preview-edit-text-editor\" data-reactroot=\"\">\n<div id=\"preview-edit-1\" class=\"content-editor\" tabindex=\"1\" contenteditable=\"true\">\n<p>De structure compacte et de faible encombrement, il convient aux sc\u00e9narios o\u00f9 l'espace est limit\u00e9. Il pr\u00e9sente de bonnes performances d'\u00e9tanch\u00e9it\u00e9, ce qui permet d'\u00e9viter les d\u00e9bordements de poussi\u00e8res et d'am\u00e9liorer l'environnement de travail. Le processus de transport est souple et stable, ce qui permet un transport quantitatif et facilite le contr\u00f4le automatique.<\/p>\n<\/div>\n<\/div>\n<\/div>\n<\/div>\n<\/div>\n<\/div>\n<\/div>\n<\/div>\n<\/div>\n<\/div>\n<\/div>\n<div class=\"editor-component-row editor-component-row-relative\">\n<div class=\"editor-component-container\">\n<div class=\"previewer-item-wrap\">\n<div id=\"43874792865\" class=\"J_module\">\n<div id=\"ali-anchor-AliMagic-x3d84m\" data-reactroot=\"\" data-section=\"AliMagic-x3d84m\" data-section-title=\"PRODUCT SPECIFICATIONS\">SP\u00c9CIFICATIONS DU PRODUIT<\/div>\n<\/div>\n<\/div>\n<div class=\"editor-component-container-mask\"><\/div>\n<\/div>\n<\/div>\n<div class=\"editor-component-row editor-component-row-relative\">\n<div class=\"editor-component-container\">\n<div class=\"previewer-item-wrap\">\n<div id=\"43874792866\" class=\"J_module\">\n<div class=\"ife-detail-decorate-table\" data-reactroot=\"\">\n<table>\n<tbody>\n<tr>\n<td>nom du produit<\/td>\n<td>s\u00e9rie 7100 bande transporteuse modulaire tournante<\/td>\n<\/tr>\n<tr>\n<td>hauteur<\/td>\n<td>50,8 mm (sur mesure)<\/td>\n<\/tr>\n<tr>\n<td>largeur<\/td>\n<td>personnaliser<\/td>\n<\/tr>\n<tr>\n<td>mat\u00e9riel<\/td>\n<td>Plastique POM PP PA<\/td>\n<\/tr>\n<tr>\n<td>vitesse du convoyeur<\/td>\n<td>0,1~5m\/s<\/td>\n<\/tr>\n<tr>\n<td>taux d'ouverture<\/td>\n<td>23%<\/td>\n<\/tr>\n<tr>\n<td>Poids<\/td>\n<td>8\uff0c2~10.1kg\/\u33a1<\/td>\n<\/tr>\n<\/tbody>\n<\/table>\n<\/div>\n<\/div>\n<\/div>\n<\/div>\n<\/div>\n<\/div>\n<\/div>\n<div class=\"editor-component-row editor-component-row-relative\">\n<div class=\"editor-component-container\">\n<div class=\"previewer-item-wrap\">\n<div id=\"43874792867\" class=\"J_module\">\n<div class=\"detail-decorate-json-renderer-container\" data-reactroot=\"\">\n<div>\n<div>\n<div class=\"preview-edit-text-editor\" data-reactroot=\"\">\n<div id=\"preview-edit-3\" class=\"content-editor\" tabindex=\"1\" contenteditable=\"true\">Courroie modulaire de la s\u00e9rie OPB<\/div>\n<\/div>\n<\/div>\n<div>\n<div data-id=\"paragraph0\">\n<div class=\"preview-edit-text-editor\" data-reactroot=\"\">\n<div id=\"preview-edit-4\" class=\"content-editor\" tabindex=\"1\" contenteditable=\"true\">\n<p>1. Superbe ventilation\uff1aL'air circule librement, ce qui est id\u00e9al pour les t\u00e2ches de dissipation de la chaleur telles que le s\u00e9chage des aliments.<\/p>\n<div>\n<div>2. Liquide et particule<br \/>\nPerm\u00e9abilit\u00e9\uff1aLes trous permettent aux liquides et aux petites particules de passer \u00e0 travers, emp\u00eachant l'accumulation.<\/div>\n<div><\/div>\n<div>3. Durabilit\u00e9\uff1aFabriqu\u00e9 \u00e0 partir de mat\u00e9riaux de premier ordre tels que l'acier inoxydable, il r\u00e9siste aux conditions difficiles.<\/div>\n<div><\/div>\n<\/div>\n<\/div>\n<\/div>\n<\/div>\n<\/div>\n<\/div>\n<div>\n<div>\n<div class=\"preview-edit-text-editor\" data-reactroot=\"\">\n<div id=\"preview-edit-5\" class=\"content-editor\" tabindex=\"1\" contenteditable=\"true\">Avantages<\/div>\n<\/div>\n<\/div>\n<div>\n<div data-id=\"paragraph1\">\n<div class=\"preview-edit-text-editor\" data-reactroot=\"\">\n<div id=\"preview-edit-6\" class=\"content-editor\" tabindex=\"1\" contenteditable=\"true\">\n<p>4. personnalisation\uff1aLa taille des trous, la configuration des mailles et la largeur peuvent \u00eatre adapt\u00e9es \u00e0 divers besoins.<\/p>\n<div>\n<div>5. Fonctionnement \u00e0 haut rendement\uff1aLa vitesse de la ligne de production est am\u00e9lior\u00e9e et la dur\u00e9e du processus est r\u00e9duite.<\/div>\n<div><\/div>\n<div>6. rentabilit\u00e9\uff1aLa qualit\u00e9 durable permet de r\u00e9duire les co\u00fbts de remplacement.<\/div>\n<\/div>\n<\/div>\n<\/div>\n<\/div>\n<\/div>\n<\/div>\n<\/div>\n<\/div>\n<\/div>\n<\/div>\n<\/div>\n<div class=\"editor-component-row editor-component-row-relative\">\n<div class=\"editor-component-container\">\n<div class=\"previewer-item-wrap\">\n<div id=\"43874792879\" class=\"J_module\">\n<div class=\"icbu-pc-images\" data-reactroot=\"\">\n<div class=\"flex-layout-v\">\n<div class=\"flex-layout-h\">\n<div class=\"preview-image-edit\"><\/div>\n<\/div>\n<\/div>\n<\/div>\n<\/div>\n<\/div>\n<div class=\"editor-component-container-mask\"><\/div>\n<\/div>\n<\/div>\n<div class=\"editor-component-row editor-component-row-relative\">\n<div class=\"editor-component-container\">\n<div class=\"previewer-item-wrap\">\n<div id=\"43874792880\" class=\"J_module\">\n<div id=\"ali-anchor-AliMagic-94fhzd\" data-reactroot=\"\" data-section=\"AliMagic-94fhzd\" data-section-title=\"FAQ\">FAQ<\/div>\n<\/div>\n<\/div>\n<div class=\"editor-component-container-mask\"><\/div>\n<\/div>\n<\/div>\n<div class=\"editor-component-row editor-component-row-relative\">\n<div class=\"editor-component-container\">\n<div class=\"previewer-item-wrap\">\n<div id=\"43874792881\" class=\"J_module\">\n<div class=\"detail-decorate-json-renderer-container\" data-reactroot=\"\">\n<div>\n<div>\n<div>\n<div>\n<div class=\"preview-edit-text-editor\" data-reactroot=\"\">1. qui sommes-nous ?<\/div>\n<div class=\"preview-edit-text-editor\" data-reactroot=\"\">Nous sommes bas\u00e9s dans la province de Shandong, en Chine, depuis 2018. Nous vendons \u00e0 diverses r\u00e9gions du monde, telles que l'Europe, l'Am\u00e9rique du Nord et l'Asie du Sud-Est. Il y a environ 20 personnes dans notre entreprise, y compris des \u00e9quipes professionnelles de R &amp; D, de production, de vente et de service apr\u00e8s-vente.<\/div>\n<div data-reactroot=\"\"><\/div>\n<div class=\"preview-edit-text-editor\" data-reactroot=\"\">2. Comment pouvons-nous garantir la qualit\u00e9 ?<\/div>\n<div class=\"preview-edit-text-editor\" data-reactroot=\"\">Toujours un \u00e9chantillon de pr\u00e9production avant la production de masse ; cet \u00e9chantillon est strictement test\u00e9 conform\u00e9ment aux normes internationales et industrielles afin de garantir que tous les d\u00e9tails r\u00e9pondent aux exigences. Toujours une inspection finale avant l'exp\u00e9dition ; notre \u00e9quipe de contr\u00f4le de la qualit\u00e9 proc\u00e8de \u00e0 une inspection compl\u00e8te de chaque lot de produits, en v\u00e9rifiant qu'il n'y a pas de d\u00e9fauts d'apparence, de taille et de fonctionnalit\u00e9.<\/div>\n<div class=\"preview-edit-text-editor\" data-reactroot=\"\">\n<div><\/div>\n<div>3. Pourquoi devriez-vous acheter chez nous plut\u00f4t que chez d'autres fournisseurs ?<\/div>\n<div>- Des prix comp\u00e9titifs : Gr\u00e2ce \u00e0 une gestion efficace de la production et \u00e0 un approvisionnement \u00e0 grande \u00e9chelle en mati\u00e8res premi\u00e8res, nous pouvons proposer des produits \u00e0 des prix plus avantageux que ceux de nombreux concurrents. - Produits de haute qualit\u00e9 : Gr\u00e2ce \u00e0 des processus stricts de contr\u00f4le de la qualit\u00e9, de la production \u00e0 l'exp\u00e9dition, nos produits sont tr\u00e8s fiables et offrent des performances \u00e0 long terme. - Excellent service apr\u00e8s-vente : Notre \u00e9quipe professionnelle de service apr\u00e8s-vente est pr\u00eate \u00e0 r\u00e9soudre tous les probl\u00e8mes que vous rencontrez, \u00e0 fournir une assistance technique en temps voulu et \u00e0 assurer la maintenance des produits.<\/div>\n<div><\/div>\n<div>4. quels services pouvons-nous fournir ?<\/div>\n<div>- Conditions de livraison accept\u00e9es : FOB (Qingdao), CIF, EXW, etc.<\/div>\n<div>- Devise de paiement accept\u00e9e : USD, EUR, CNY etc.<\/div>\n<div>- Types de paiement accept\u00e9s : T\/T (transfert t\u00e9l\u00e9graphique), L\/C (lettre de cr\u00e9dit), PayPal, etc.<\/div>\n<\/div>\n<\/div>\n<\/div>\n<\/div>\n<\/div>\n<\/div>\n<\/div>\n<\/div>\n<\/div>\n<\/div>\n<\/div>","protected":false},"excerpt":{"rendered":"<p>Mat\u00e9riel de manutention Partie Tour de refroidissement \u00e0 spirale tour de refroidissement \u00e0 air tour de refroidissement \u00e0 spirale double tour de refroidissement \u00e0 spirale tour de refroidissement ferm\u00e9e fl1000<\/p>","protected":false},"featured_media":5620,"template":"","meta":{"_acf_changed":false,"_seopress_robots_primary_cat":"none","_seopress_titles_title":"Bakery Factory Fully AutomaticFood Grade BufferTower\/Food Spiral CoolingTower\/Double Spiral Freezer Belt ConveyorProduction Line","_seopress_titles_desc":"Material Handling Equipment Part Spiral Cooling Tower air-cooling Spiral Tower double Spiral Freezer closed cooling tower fl1000","_seopress_robots_index":"","_uag_custom_page_level_css":"","site-sidebar-layout":"default","site-content-layout":"","ast-site-content-layout":"default","site-content-style":"default","site-sidebar-style":"default","ast-global-header-display":"","ast-banner-title-visibility":"","ast-main-header-display":"","ast-hfb-above-header-display":"","ast-hfb-below-header-display":"","ast-hfb-mobile-header-display":"","site-post-title":"","ast-breadcrumbs-content":"","ast-featured-img":"","footer-sml-layout":"","theme-transparent-header-meta":"default","adv-header-id-meta":"","stick-header-meta":"","header-above-stick-meta":"","header-main-stick-meta":"","header-below-stick-meta":"","astra-migrate-meta-layouts":"set","ast-page-background-enabled":"default","ast-page-background-meta":{"desktop":{"background-color":"","background-image":"","background-repeat":"repeat","background-position":"center center","background-size":"auto","background-attachment":"scroll","background-type":"","background-media":"","overlay-type":"","overlay-color":"","overlay-opacity":"","overlay-gradient":""},"tablet":{"background-color":"","background-image":"","background-repeat":"repeat","background-position":"center center","background-size":"auto","background-attachment":"scroll","background-type":"","background-media":"","overlay-type":"","overlay-color":"","overlay-opacity":"","overlay-gradient":""},"mobile":{"background-color":"","background-image":"","background-repeat":"repeat","background-position":"center center","background-size":"auto","background-attachment":"scroll","background-type":"","background-media":"","overlay-type":"","overlay-color":"","overlay-opacity":"","overlay-gradient":""}},"ast-content-background-meta":{"desktop":{"background-color":"var(--ast-global-color-5)","background-image":"","background-repeat":"repeat","background-position":"center center","background-size":"auto","background-attachment":"scroll","background-type":"","background-media":"","overlay-type":"","overlay-color":"","overlay-opacity":"","overlay-gradient":""},"tablet":{"background-color":"var(--ast-global-color-5)","background-image":"","background-repeat":"repeat","background-position":"center center","background-size":"auto","background-attachment":"scroll","background-type":"","background-media":"","overlay-type":"","overlay-color":"","overlay-opacity":"","overlay-gradient":""},"mobile":{"background-color":"var(--ast-global-color-5)","background-image":"","background-repeat":"repeat","background-position":"center center","background-size":"auto","background-attachment":"scroll","background-type":"","background-media":"","overlay-type":"","overlay-color":"","overlay-opacity":"","overlay-gradient":""}}},"product_brand":[131],"product_cat":[94],"product_tag":[128,129,432,590,431,430,127],"class_list":{"0":"post-5617","1":"product","2":"type-product","3":"status-publish","4":"has-post-thumbnail","6":"product_brand-chenming","7":"product_cat-modualr-belt-conveyor","8":"product_tag-air-cooling-spiral-tower","9":"product_tag-double-spiral-freezer","10":"product_tag-durable-and-noiseless","11":"product_tag-food-grade-buffer-tower","12":"product_tag-fully-automatic-bakery-factory","13":"product_tag-material-handling-equipment-part","14":"product_tag-spiral-cooling-tower","15":"desktop-align-center","16":"tablet-align-center","17":"mobile-align-left","18":"ast-product-gallery-layout-horizontal-slider","19":"ast-product-tabs-layout-horizontal","20":"ast-qv-on-image","22":"first","23":"instock","24":"sale","25":"shipping-taxable","26":"purchasable","27":"product-type-simple"},"acf":[],"uagb_featured_image_src":{"full":["https:\/\/www.ai-chenming.com\/wp-content\/uploads\/2025\/09\/f5be17d4-94af-41c4-9cd1-fc741e367bf4.png",640,640,false],"thumbnail":["https:\/\/www.ai-chenming.com\/wp-content\/uploads\/2025\/09\/f5be17d4-94af-41c4-9cd1-fc741e367bf4-150x150.png",150,150,true],"medium":["https:\/\/www.ai-chenming.com\/wp-content\/uploads\/2025\/09\/f5be17d4-94af-41c4-9cd1-fc741e367bf4-300x300.png",300,300,true],"medium_large":["https:\/\/www.ai-chenming.com\/wp-content\/uploads\/2025\/09\/f5be17d4-94af-41c4-9cd1-fc741e367bf4.png",640,640,false],"large":["https:\/\/www.ai-chenming.com\/wp-content\/uploads\/2025\/09\/f5be17d4-94af-41c4-9cd1-fc741e367bf4.png",640,640,false],"1536x1536":["https:\/\/www.ai-chenming.com\/wp-content\/uploads\/2025\/09\/f5be17d4-94af-41c4-9cd1-fc741e367bf4.png",640,640,false],"2048x2048":["https:\/\/www.ai-chenming.com\/wp-content\/uploads\/2025\/09\/f5be17d4-94af-41c4-9cd1-fc741e367bf4.png",640,640,false],"trp-custom-language-flag":["https:\/\/www.ai-chenming.com\/wp-content\/uploads\/2025\/09\/f5be17d4-94af-41c4-9cd1-fc741e367bf4-12x12.png",12,12,true],"woocommerce_thumbnail":["https:\/\/www.ai-chenming.com\/wp-content\/uploads\/2025\/09\/f5be17d4-94af-41c4-9cd1-fc741e367bf4-450x450.png",450,450,true],"woocommerce_single":["https:\/\/www.ai-chenming.com\/wp-content\/uploads\/2025\/09\/f5be17d4-94af-41c4-9cd1-fc741e367bf4-600x600.png",600,600,true],"woocommerce_gallery_thumbnail":["https:\/\/www.ai-chenming.com\/wp-content\/uploads\/2025\/09\/f5be17d4-94af-41c4-9cd1-fc741e367bf4-100x100.png",100,100,true]},"uagb_author_info":{"display_name":"chenming","author_link":"https:\/\/www.ai-chenming.com\/fr\/author\/"},"uagb_comment_info":0,"uagb_excerpt":"Material Handling Equipment Part Spiral Cooling Tower air-cooling Spiral Tower double Spiral Freezer closed cooling tower fl1000","_links":{"self":[{"href":"https:\/\/www.ai-chenming.com\/fr\/wp-json\/wp\/v2\/product\/5617","targetHints":{"allow":["GET"]}}],"collection":[{"href":"https:\/\/www.ai-chenming.com\/fr\/wp-json\/wp\/v2\/product"}],"about":[{"href":"https:\/\/www.ai-chenming.com\/fr\/wp-json\/wp\/v2\/types\/product"}],"wp:featuredmedia":[{"embeddable":true,"href":"https:\/\/www.ai-chenming.com\/fr\/wp-json\/wp\/v2\/media\/5620"}],"wp:attachment":[{"href":"https:\/\/www.ai-chenming.com\/fr\/wp-json\/wp\/v2\/media?parent=5617"}],"wp:term":[{"taxonomy":"product_brand","embeddable":true,"href":"https:\/\/www.ai-chenming.com\/fr\/wp-json\/wp\/v2\/product_brand?post=5617"},{"taxonomy":"product_cat","embeddable":true,"href":"https:\/\/www.ai-chenming.com\/fr\/wp-json\/wp\/v2\/product_cat?post=5617"},{"taxonomy":"product_tag","embeddable":true,"href":"https:\/\/www.ai-chenming.com\/fr\/wp-json\/wp\/v2\/product_tag?post=5617"}],"curies":[{"name":"wp","href":"https:\/\/api.w.org\/{rel}","templated":true}]}}