{"id":5585,"date":"2025-09-03T08:50:13","date_gmt":"2025-09-03T08:50:13","guid":{"rendered":"https:\/\/www.ai-chenming.com\/?post_type=product&#038;p=5585"},"modified":"2025-09-19T09:55:06","modified_gmt":"2025-09-19T09:55:06","slug":"roller-table-conveyor-machine-logistic-box-package-cases-roller-conveyor-machine-heavy-duty-roller-conveyor-with-wheels","status":"publish","type":"product","link":"https:\/\/www.ai-chenming.com\/fr\/produit\/roller-table-conveyor-machine-logistic-box-package-cases-roller-conveyor-machine-heavy-duty-roller-conveyor-with-wheels\/","title":{"rendered":"Convoyeur \u00e0 rouleaux \u00e0 table Logistic Box Package Cases Roller Conveyor Machine Heavy-duty Roller Conveyor with Wheels"},"content":{"rendered":"<div id=\"icbuEditorBackground\" class=\"icbu-editor-background\" data-spm-anchor-id=\"a2700.pc-decorate.0.i2.20853333DG2c2Q\"><span style=\"font-size: 16px;\">Description du produit<\/span><\/div>\n<div id=\"detail_decorate_root\">\n<div class=\"editor-plugin-canvas\">\n<div class=\"render-engien-app\">\n<div class=\"editor-component-row editor-component-row-relative\">\n<div class=\"editor-component-container\">\n<div class=\"editor-component-container-mask\"><img alt=\"\" fetchpriority=\"high\" decoding=\"async\" class=\"wp-image-7036 aligncenter\" src=\"https:\/\/www.ai-chenming.com\/wp-content\/uploads\/2025\/09\/88-300x300.png\" width=\"360\" height=\"360\" srcset=\"https:\/\/www.ai-chenming.com\/wp-content\/uploads\/2025\/09\/88-300x300.png 300w, https:\/\/www.ai-chenming.com\/wp-content\/uploads\/2025\/09\/88-150x150.png 150w, https:\/\/www.ai-chenming.com\/wp-content\/uploads\/2025\/09\/88-12x12.png 12w, https:\/\/www.ai-chenming.com\/wp-content\/uploads\/2025\/09\/88-450x450.png 450w, https:\/\/www.ai-chenming.com\/wp-content\/uploads\/2025\/09\/88-600x600.png 600w, https:\/\/www.ai-chenming.com\/wp-content\/uploads\/2025\/09\/88-100x100.png 100w, https:\/\/www.ai-chenming.com\/wp-content\/uploads\/2025\/09\/88.png 640w\" sizes=\"(max-width: 360px) 100vw, 360px\" \/><\/div>\n<div>Le convoyeur \u00e0 rouleaux convient au transport d'objets sur le plan inf\u00e9rieur. Il se compose principalement d'un convoyeur \u00e0 rouleaux d'entra\u00eenement, d'un cadre, d'un support, d'une partie motrice, etc. Il pr\u00e9sente les caract\u00e9ristiques suivantes : grande capacit\u00e9 de transport, grande vitesse, vitesse rapide, forte capacit\u00e9 de charge, etc. Le convoyeur \u00e0 rouleaux et les autres convoyeurs constituent un syst\u00e8me complexe de transport de mat\u00e9riaux. Il peut \u00eatre divis\u00e9 en rouleaux non motoris\u00e9s, rouleaux motoris\u00e9s et rouleaux \u00e9lectriques. Il peut \u00eatre divis\u00e9 en convoyage horizontal, en convoyage tournant et en convoyage inclin\u00e9 en fonction de la disposition.<\/div>\n<div><img alt=\"\" decoding=\"async\" class=\"wp-image-6806 aligncenter\" src=\"https:\/\/www.ai-chenming.com\/wp-content\/uploads\/2025\/09\/4-2-300x212.png\" width=\"364\" height=\"257\" srcset=\"https:\/\/www.ai-chenming.com\/wp-content\/uploads\/2025\/09\/4-2-300x212.png 300w, https:\/\/www.ai-chenming.com\/wp-content\/uploads\/2025\/09\/4-2-1024x724.png 1024w, https:\/\/www.ai-chenming.com\/wp-content\/uploads\/2025\/09\/4-2-768x543.png 768w, https:\/\/www.ai-chenming.com\/wp-content\/uploads\/2025\/09\/4-2-1536x1086.png 1536w, https:\/\/www.ai-chenming.com\/wp-content\/uploads\/2025\/09\/4-2-2048x1448.png 2048w, https:\/\/www.ai-chenming.com\/wp-content\/uploads\/2025\/09\/4-2-18x12.png 18w, https:\/\/www.ai-chenming.com\/wp-content\/uploads\/2025\/09\/4-2-600x424.png 600w\" sizes=\"(max-width: 364px) 100vw, 364px\" \/><\/div>\n<\/div>\n<\/div>\n<div class=\"editor-component-row editor-component-row-relative\">\n<div class=\"editor-component-container\">\n<div class=\"previewer-item-wrap\">\n<div id=\"44457519062\" class=\"J_module\">\n<div class=\"icbu-pc-images\" data-reactroot=\"\">\n<div>\n<div class=\"flex-layout-h\">\n<div class=\"flex-layout-v\">\n<div><\/div>\n<\/div>\n<div class=\"text-wrapper\">\n<div class=\"text-wrapper-right text-theme-light text-align-left\">\n<div class=\"text-title\" data-id=\"right-title\">\n<div class=\"preview-edit-text-editor\" data-reactroot=\"\">\n<div id=\"preview-edit-2\" class=\"content-editor\" tabindex=\"1\" contenteditable=\"true\">\n<div><\/div>\n<p><span style=\"color: #ea9924;\">Caract\u00e9ristiques du produit<\/span><\/p>\n<\/div>\n<\/div>\n<\/div>\n<div class=\"text-content\" data-id=\"right-content\">\n<div class=\"preview-edit-text-editor\" data-reactroot=\"\">\n<div id=\"preview-edit-1\" class=\"content-editor\" tabindex=\"1\" contenteditable=\"true\">\n<div><b>* Mat\u00e9riau haute r\u00e9sistance : <\/b>Fabriqu\u00e9 en POM de premi\u00e8re qualit\u00e9, r\u00e9sistant \u00e0 l'usure et \u00e0 la corrosion.<\/div>\n<div><b>* Conception modulaire : <\/b>Facile \u00e0 assembler et \u00e0 entretenir.<b>* Transport efficace : <\/b>Garantit un fonctionnement sans heurts et am\u00e9liore la productivit\u00e9.<\/p>\n<div><b>* Diff\u00e9rentes sp\u00e9cifications sont disponibles : <\/b>Personnalisable pour r\u00e9pondre aux diff\u00e9rents besoins des clients.<\/div>\n<div><b>* S\u00fbr et fiable : <\/b>La conception antid\u00e9rapante r\u00e9duit les taux de d\u00e9faillance.<\/div>\n<\/div>\n<\/div>\n<\/div>\n<\/div>\n<\/div>\n<\/div>\n<\/div>\n<\/div>\n<\/div>\n<\/div>\n<\/div>\n<\/div>\n<\/div>\n<\/div>\n<\/div>\n<div class=\"editor-component-row editor-component-row-relative\">\n<div class=\"editor-component-container\">\n<div class=\"editor-component-container-mask\"><\/div>\n<\/div>\n<\/div>\n<div class=\"editor-component-row editor-component-row-relative\">\n<div class=\"editor-component-container\">\n<div class=\"previewer-item-wrap\">\n<div id=\"44443672247\" class=\"J_module\">\n<div class=\"detail-decorate-json-renderer-container\" data-reactroot=\"\">\n<div>\n<div>\n<div>\n<div>\n<div class=\"preview-edit-text-editor\" data-reactroot=\"\">\n<div id=\"preview-edit-3\" class=\"content-editor\" tabindex=\"1\" contenteditable=\"true\"><b>L'entreprise adh\u00e8re \u00e0 la philosophie d'entreprise \"s\u00e9curit\u00e9, travail acharn\u00e9 et responsabilit\u00e9\" et cr\u00e9e un bon environnement d'entreprise avec int\u00e9grit\u00e9, des r\u00e9sultats gagnant-gagnant et une philosophie d'entreprise pionni\u00e8re. Gr\u00e2ce \u00e0 un tout nouveau mode de gestion et \u00e0 une technologie parfaite, un service attentionn\u00e9 et une excellente qualit\u00e9 sont les fondements de notre survie. Nous adh\u00e9rons toujours au principe du client d'abord et servons les clients attentivement, pour impressionner les clients avec leurs propres services, avec 100% confiance et enthousiasme, joindre les mains pour cr\u00e9er vous et moi partageons la marque de la plus haute qualit\u00e9.<\/b><\/div>\n<\/div>\n<\/div>\n<\/div>\n<\/div>\n<\/div>\n<\/div>\n<\/div>\n<\/div>\n<\/div>\n<\/div>\n<div class=\"editor-component-row editor-component-row-relative\">\n<div class=\"editor-component-container\">\n<div class=\"previewer-item-wrap\">\n<div id=\"44443672254\" class=\"J_module\">\n<div class=\"icbu-pc-images\" data-reactroot=\"\">\n<div class=\"flex-layout-v\">\n<div class=\"flex-layout-h\">\n<div><\/div>\n<\/div>\n<\/div>\n<\/div>\n<\/div>\n<\/div>\n<div class=\"editor-component-container-mask\"><\/div>\n<\/div>\n<\/div>\n<div class=\"editor-component-row editor-component-row-relative\">\n<div class=\"editor-component-container\">\n<div class=\"previewer-item-wrap\">\n<div id=\"44443672255\" class=\"J_module\">\n<div id=\"ali-anchor-AliMagic-q6000q\" data-reactroot=\"\" data-section=\"AliMagic-q6000q\" data-section-title=\"FAQ\">FAQ<\/div>\n<\/div>\n<\/div>\n<div class=\"editor-component-container-mask\"><\/div>\n<\/div>\n<\/div>\n<div class=\"editor-component-row editor-component-row-relative\">\n<div class=\"editor-component-container\">\n<div class=\"previewer-item-wrap\">\n<div id=\"44443672256\" class=\"J_module\">\n<div class=\"detail-decorate-json-renderer-container\" data-reactroot=\"\">\n<div>\n<div>\n<div>\n<div>\n<div class=\"preview-edit-text-editor\" data-reactroot=\"\">\n<div id=\"preview-edit-4\" class=\"content-editor\" tabindex=\"1\" contenteditable=\"true\"><b><\/b><b>Q1 : \u00cates-vous une soci\u00e9t\u00e9 commerciale ou un fabricant ?<\/b><br \/>\nR : Nous sommes une usine.<b>Q2:Acceptez-vous les OEM ou ODM ? A2:Oui, mais nous avons des exigences en mati\u00e8re de quantit\u00e9. Veuillez nous contacter directement.<br \/>\n<\/b><br \/>\n<b>Q3:Quel est le mode de paiement de votre entreprise ?<\/b><br \/>\nA3:T\/T, L\/C \u00e0 vue, Paypal, Western Union<\/p>\n<p><b>Q4:Quel est le mode d'exp\u00e9dition ?<\/b><br \/>\nA4:Par voie maritime, a\u00e9rienne, Fedex, DHL, UPS, TNT, etc.<\/p>\n<p><b>Q5 : Quel est le d\u00e9lai de livraison ?<\/b><br \/>\nA5 : En g\u00e9n\u00e9ral, le d\u00e9lai est de 5 \u00e0 10 jours si les marchandises sont en stock, ou de 15 \u00e0 20 jours si les marchandises ne sont pas en stock, en fonction de l'\u00e9tat des stocks.<br \/>\nquantit\u00e9.<\/p>\n<p><b>Q6 : Comment est votre service ?<\/b><br \/>\nA6\uff1aDon't worry, we have professionals at your service 24 hours a day.<\/p>\n<\/div>\n<\/div>\n<\/div>\n<\/div>\n<\/div>\n<\/div>\n<\/div>\n<\/div>\n<\/div>\n<\/div>\n<\/div>\n<\/div>","protected":false},"excerpt":{"rendered":"<p>Convoyeur \u00e0 rouleaux tournant \u00e0 90 degr\u00e9s 180 degr\u00e9s convoyeur de d\u00e9chargement d'entrep\u00f4t convoyeurs industriels<\/p>","protected":false},"featured_media":5588,"template":"","meta":{"_acf_changed":false,"_seopress_robots_primary_cat":"none","_seopress_titles_title":"Roller Table Conveyor Machine Logistic Box Package Cases Roller Conveyor Machine Heavy-duty Roller Conveyor with Wheels","_seopress_titles_desc":"90 degree 180 degree turning roller conveyor warehouse Unloading Conveyor System  industrial conveyors","_seopress_robots_index":"","_uag_custom_page_level_css":"","site-sidebar-layout":"default","site-content-layout":"","ast-site-content-layout":"default","site-content-style":"default","site-sidebar-style":"default","ast-global-header-display":"","ast-banner-title-visibility":"","ast-main-header-display":"","ast-hfb-above-header-display":"","ast-hfb-below-header-display":"","ast-hfb-mobile-header-display":"","site-post-title":"","ast-breadcrumbs-content":"","ast-featured-img":"","footer-sml-layout":"","theme-transparent-header-meta":"default","adv-header-id-meta":"","stick-header-meta":"","header-above-stick-meta":"","header-main-stick-meta":"","header-below-stick-meta":"","astra-migrate-meta-layouts":"set","ast-page-background-enabled":"default","ast-page-background-meta":{"desktop":{"background-color":"","background-image":"","background-repeat":"repeat","background-position":"center center","background-size":"auto","background-attachment":"scroll","background-type":"","background-media":"","overlay-type":"","overlay-color":"","overlay-opacity":"","overlay-gradient":""},"tablet":{"background-color":"","background-image":"","background-repeat":"repeat","background-position":"center center","background-size":"auto","background-attachment":"scroll","background-type":"","background-media":"","overlay-type":"","overlay-color":"","overlay-opacity":"","overlay-gradient":""},"mobile":{"background-color":"","background-image":"","background-repeat":"repeat","background-position":"center center","background-size":"auto","background-attachment":"scroll","background-type":"","background-media":"","overlay-type":"","overlay-color":"","overlay-opacity":"","overlay-gradient":""}},"ast-content-background-meta":{"desktop":{"background-color":"var(--ast-global-color-5)","background-image":"","background-repeat":"repeat","background-position":"center center","background-size":"auto","background-attachment":"scroll","background-type":"","background-media":"","overlay-type":"","overlay-color":"","overlay-opacity":"","overlay-gradient":""},"tablet":{"background-color":"var(--ast-global-color-5)","background-image":"","background-repeat":"repeat","background-position":"center center","background-size":"auto","background-attachment":"scroll","background-type":"","background-media":"","overlay-type":"","overlay-color":"","overlay-opacity":"","overlay-gradient":""},"mobile":{"background-color":"var(--ast-global-color-5)","background-image":"","background-repeat":"repeat","background-position":"center center","background-size":"auto","background-attachment":"scroll","background-type":"","background-media":"","overlay-type":"","overlay-color":"","overlay-opacity":"","overlay-gradient":""}}},"product_brand":[131],"product_cat":[98],"product_tag":[582,336,583,159,133,585,584,360],"class_list":{"0":"post-5585","1":"product","2":"type-product","3":"status-publish","4":"has-post-thumbnail","6":"product_brand-chenming","7":"product_cat-roller-conveyor","8":"product_tag-fixed-conveyor","9":"product_tag-industrial-conveyors","10":"product_tag-manual-roller-conveyor","11":"product_tag-portable-roller-conveyor","12":"product_tag-roller-conveyor","13":"product_tag-roller-conveyor-manufacturer","14":"product_tag-roller-conveyor-table","15":"product_tag-roller-electric-conveyor","16":"desktop-align-center","17":"tablet-align-center","18":"mobile-align-left","19":"ast-product-gallery-layout-horizontal-slider","20":"ast-product-tabs-layout-horizontal","21":"ast-qv-on-image","23":"first","24":"instock","25":"sale","26":"shipping-taxable","27":"purchasable","28":"product-type-simple"},"acf":[],"uagb_featured_image_src":{"full":["https:\/\/www.ai-chenming.com\/wp-content\/uploads\/2025\/09\/422d83af-6339-4d76-b529-3f0299694482.png",640,640,false],"thumbnail":["https:\/\/www.ai-chenming.com\/wp-content\/uploads\/2025\/09\/422d83af-6339-4d76-b529-3f0299694482-150x150.png",150,150,true],"medium":["https:\/\/www.ai-chenming.com\/wp-content\/uploads\/2025\/09\/422d83af-6339-4d76-b529-3f0299694482-300x300.png",300,300,true],"medium_large":["https:\/\/www.ai-chenming.com\/wp-content\/uploads\/2025\/09\/422d83af-6339-4d76-b529-3f0299694482.png",640,640,false],"large":["https:\/\/www.ai-chenming.com\/wp-content\/uploads\/2025\/09\/422d83af-6339-4d76-b529-3f0299694482.png",640,640,false],"1536x1536":["https:\/\/www.ai-chenming.com\/wp-content\/uploads\/2025\/09\/422d83af-6339-4d76-b529-3f0299694482.png",640,640,false],"2048x2048":["https:\/\/www.ai-chenming.com\/wp-content\/uploads\/2025\/09\/422d83af-6339-4d76-b529-3f0299694482.png",640,640,false],"trp-custom-language-flag":["https:\/\/www.ai-chenming.com\/wp-content\/uploads\/2025\/09\/422d83af-6339-4d76-b529-3f0299694482-12x12.png",12,12,true],"woocommerce_thumbnail":["https:\/\/www.ai-chenming.com\/wp-content\/uploads\/2025\/09\/422d83af-6339-4d76-b529-3f0299694482-450x450.png",450,450,true],"woocommerce_single":["https:\/\/www.ai-chenming.com\/wp-content\/uploads\/2025\/09\/422d83af-6339-4d76-b529-3f0299694482-600x600.png",600,600,true],"woocommerce_gallery_thumbnail":["https:\/\/www.ai-chenming.com\/wp-content\/uploads\/2025\/09\/422d83af-6339-4d76-b529-3f0299694482-100x100.png",100,100,true]},"uagb_author_info":{"display_name":"chenming","author_link":"https:\/\/www.ai-chenming.com\/fr\/author\/"},"uagb_comment_info":0,"uagb_excerpt":"90 degree 180 degree turning roller conveyor warehouse Unloading Conveyor System industrial conveyors","_links":{"self":[{"href":"https:\/\/www.ai-chenming.com\/fr\/wp-json\/wp\/v2\/product\/5585","targetHints":{"allow":["GET"]}}],"collection":[{"href":"https:\/\/www.ai-chenming.com\/fr\/wp-json\/wp\/v2\/product"}],"about":[{"href":"https:\/\/www.ai-chenming.com\/fr\/wp-json\/wp\/v2\/types\/product"}],"wp:featuredmedia":[{"embeddable":true,"href":"https:\/\/www.ai-chenming.com\/fr\/wp-json\/wp\/v2\/media\/5588"}],"wp:attachment":[{"href":"https:\/\/www.ai-chenming.com\/fr\/wp-json\/wp\/v2\/media?parent=5585"}],"wp:term":[{"taxonomy":"product_brand","embeddable":true,"href":"https:\/\/www.ai-chenming.com\/fr\/wp-json\/wp\/v2\/product_brand?post=5585"},{"taxonomy":"product_cat","embeddable":true,"href":"https:\/\/www.ai-chenming.com\/fr\/wp-json\/wp\/v2\/product_cat?post=5585"},{"taxonomy":"product_tag","embeddable":true,"href":"https:\/\/www.ai-chenming.com\/fr\/wp-json\/wp\/v2\/product_tag?post=5585"}],"curies":[{"name":"wp","href":"https:\/\/api.w.org\/{rel}","templated":true}]}}