{"id":5567,"date":"2025-09-03T08:30:59","date_gmt":"2025-09-03T08:30:59","guid":{"rendered":"https:\/\/www.ai-chenming.com\/?post_type=product&#038;p=5567"},"modified":"2025-09-19T10:23:00","modified_gmt":"2025-09-19T10:23:00","slug":"carton-open-machine-sealing-machine-with-conveyor-automatic-vertical-case-erector-auto-erector-cardboard-tray-former-machine","status":"publish","type":"product","link":"https:\/\/www.ai-chenming.com\/fr\/produit\/carton-open-machine-sealing-machine-with-conveyor-automatic-vertical-case-erector-auto-erector-cardboard-tray-former-machine\/","title":{"rendered":"Machine \u00e0 ouvrir les cartons Machine \u00e0 sceller avec convoyeur \u00c9leveuse de caisses verticale automatique \u00c9leveuse de caisses automatique Formeuse de plateaux en carton"},"content":{"rendered":"<div class=\"editor-component-row editor-component-row-relative\">\n<div class=\"editor-component-container\">\n<div class=\"previewer-item-wrap\">\n<div id=\"44360633801\" class=\"J_module\">\n<div id=\"ali-anchor-AliMagic-f1m2rf\" data-reactroot=\"\" data-section=\"AliMagic-f1m2rf\" data-section-title=\"Product Description\" data-spm-anchor-id=\"a2700.pc-decorate.0.i2.41d23333fAkoTt\">Description du produit<\/div>\n<\/div>\n<\/div>\n<div class=\"editor-component-container-mask\">\n<div style=\"width: 960px;\" class=\"wp-video\"><!--[if lt IE 9]><script>document.createElement('video');<\/script><![endif]-->\n<video class=\"wp-video-shortcode\" id=\"video-5567-1\" width=\"960\" height=\"720\" preload=\"metadata\" controls=\"controls\"><source type=\"video\/mp4\" src=\"https:\/\/www.ai-chenming.com\/wp-content\/uploads\/2025\/08\/6000298082741.mp4?_=1\" \/><a href=\"https:\/\/www.ai-chenming.com\/wp-content\/uploads\/2025\/08\/6000298082741.mp4\">https:\/\/www.ai-chenming.com\/wp-content\/uploads\/2025\/08\/6000298082741.mp4<\/a><\/video><\/div>\n<\/div>\n<\/div>\n<\/div>\n<div class=\"editor-component-row editor-component-row-relative\">\n<div class=\"editor-component-container\">\n<div class=\"previewer-item-wrap\">\n<div id=\"44360633802\" class=\"J_module\">\n<div class=\"icbu-pc-images\" data-reactroot=\"\">\n<div>\n<div class=\"flex-layout-v\">\n<div class=\"flex-layout-h\">\n<div class=\"preview-image-edit\">\n<div class=\"preview-edit-image-item\" data-reactroot=\"\"><img alt=\"\" fetchpriority=\"high\" decoding=\"async\" class=\"wp-image-7015 aligncenter\" src=\"https:\/\/www.ai-chenming.com\/wp-content\/uploads\/2025\/09\/79-300x300.png\" width=\"363\" height=\"363\" srcset=\"https:\/\/www.ai-chenming.com\/wp-content\/uploads\/2025\/09\/79-300x300.png 300w, https:\/\/www.ai-chenming.com\/wp-content\/uploads\/2025\/09\/79-150x150.png 150w, https:\/\/www.ai-chenming.com\/wp-content\/uploads\/2025\/09\/79-12x12.png 12w, https:\/\/www.ai-chenming.com\/wp-content\/uploads\/2025\/09\/79-450x450.png 450w, https:\/\/www.ai-chenming.com\/wp-content\/uploads\/2025\/09\/79-600x600.png 600w, https:\/\/www.ai-chenming.com\/wp-content\/uploads\/2025\/09\/79-100x100.png 100w, https:\/\/www.ai-chenming.com\/wp-content\/uploads\/2025\/09\/79.png 640w\" sizes=\"(max-width: 363px) 100vw, 363px\" \/><\/div>\n<div data-reactroot=\"\">\n<div class=\"auto-hide-last-sibling-br paragraph-JOTKXA paragraph-element br-paragraph-space\">La machine \u00e0 d\u00e9baller les cartons est un \u00e9quipement cl\u00e9 dans le domaine de l'emballage automatis\u00e9. Elle peut r\u00e9aliser automatiquement des processus tels que le pr\u00e9l\u00e8vement des cartons, le d\u00e9ballage, la formation et le scellement du fond, \u00e9liminant ainsi la n\u00e9cessit\u00e9 de plier et d'assembler manuellement, ce qui am\u00e9liore consid\u00e9rablement l'efficacit\u00e9 du d\u00e9ballage. Il est compatible avec des cartons de sp\u00e9cifications diff\u00e9rentes et r\u00e9pond avec souplesse aux besoins d'emballage d'industries telles que l'alimentation, le commerce \u00e9lectronique, les produits pharmaceutiques et l'\u00e9lectronique. Cet \u00e9quipement r\u00e9duit les co\u00fbts de main-d'\u0153uvre et les erreurs op\u00e9rationnelles, aidant les entreprises \u00e0 normaliser leurs processus d'emballage et \u00e0 les rendre plus efficaces.<\/div>\n<div><\/div>\n<div><\/div>\n<\/div>\n<\/div>\n<\/div>\n<\/div>\n<\/div>\n<div class=\"text-wrapper-below text-theme-dark text-align-left\">\n<div class=\"text-title\" data-id=\"below-title\">\n<div class=\"preview-edit-text-editor\" data-reactroot=\"\">\n<div id=\"preview-edit-2\" class=\"content-editor\" tabindex=\"1\" contenteditable=\"true\"><b><span style=\"color: #ea9924;\">Monteuse automatique de cartons \u00e0 haut rendement\u00a0<\/span><\/b><\/div>\n<\/div>\n<\/div>\n<div class=\"text-content\" data-id=\"below-content\">\n<div class=\"preview-edit-text-editor\" data-reactroot=\"\">\n<div id=\"preview-edit-1\" class=\"content-editor\" tabindex=\"1\" contenteditable=\"true\">\n<div><span style=\"color: #000000;\"><sub><b>-Am\u00e9liorez votre ligne d'emballage d\u00e8s aujourd'hui !<\/b><\/sub><br \/>\n<\/span><\/div>\n<div><\/div>\n<p><span style=\"color: #ea9924; font-family: Arial;\"><b>Cette formeuse automatique de cartons est con\u00e7ue pour rationaliser votre processus d'emballage gr\u00e2ce \u00e0 la formation de bo\u00eetes \u00e0 grande vitesse, au pliage du fond et au scellage, le tout en une seule machine. Compatible avec diff\u00e9rentes tailles de carton, elle s'int\u00e8gre parfaitement aux lignes de production automatis\u00e9es. \u00c9quip\u00e9e d'un syst\u00e8me de contr\u00f4le intelligent, elle garantit des performances stables, une utilisation ais\u00e9e et r\u00e9duit consid\u00e9rablement les co\u00fbts de main-d'\u0153uvre tout en am\u00e9liorant l'efficacit\u00e9 de l'emballage. Elle est id\u00e9ale pour les secteurs tels que le commerce \u00e9lectronique, l'alimentation et les boissons, les soins personnels et les produits pharmaceutiques. Choisissez un emballage plus intelligent - choisissez l'efficacit\u00e9, la fiabilit\u00e9 et la r\u00e9duction des co\u00fbts !<\/b><\/span><\/p>\n<div><\/div>\n<div><span style=\"font-family: Arial;\"><b><span style=\"color: #000000;\">Caract\u00e9ristiques principales :<\/span><span style=\"color: #000000;\"><br \/>\n<\/span><\/b><\/span><\/div>\n<div><span style=\"color: #000000;\"><span style=\"font-family: Arial;\"><b>\u00a0<\/b><\/span><\/span><\/div>\n<div><span style=\"font-family: Arial;\"><b><span style=\"color: #f23a3a;\">1) Fonctionnement enti\u00e8rement automatique - Formage, pliage et scellage de la bo\u00eete en un seul processus continu.<br \/>\n2. vitesse \u00e9lev\u00e9e et efficacit\u00e9 - Acc\u00e9l\u00e8re votre ligne de production et augmente le rendement.<br \/>\n3. syst\u00e8me de contr\u00f4le intelligent - interface conviviale avec des performances stables et fiables.<br \/>\n4. large application - compatible avec diff\u00e9rentes tailles de carton et utilis\u00e9 dans diverses industries.<br \/>\n5. r\u00e9duction des co\u00fbts de main-d'\u0153uvre - minimise consid\u00e9rablement les manipulations manuelles et r\u00e9duit les co\u00fbts de main-d'\u0153uvre.<br \/>\n6. int\u00e9gration facile - Con\u00e7u pour s'int\u00e9grer parfaitement aux syst\u00e8mes d'emballage ou de convoyage existants.<\/span><\/b><\/span><\/div>\n<\/div>\n<\/div>\n<\/div>\n<\/div>\n<\/div>\n<\/div>\n<\/div>\n<div class=\"editor-component-container-mask\"><\/div>\n<\/div>\n<\/div>\n<div class=\"editor-component-row editor-component-row-relative\">\n<div class=\"editor-component-container\">\n<div class=\"previewer-item-wrap\">\n<div id=\"44360633803\" class=\"J_module\">\n<div class=\"ife-detail-decorate-table\" data-reactroot=\"\">\n<table>\n<tbody>\n<tr>\n<td><b><span data-spm-anchor-id=\"a2700.pc-decorate.0.i47.4d3a3333VxLmXu\">Nom du produit<\/span><\/b><\/td>\n<td>\n<div data-spm-anchor-id=\"a2700.pc-decorate.0.i214.37ce3333T9MSYh\">Monteur automatique de cartons<\/div>\n<\/td>\n<\/tr>\n<tr>\n<td><b>Marque<\/b><\/td>\n<td>\n<div><span data-spm-anchor-id=\"a2700.pc-decorate.0.i26.61953333wmzCFV\">Chenming<\/span><\/div>\n<\/td>\n<\/tr>\n<tr>\n<td><b>L'industrie<\/b><\/td>\n<td>\n<div data-spm-anchor-id=\"a2700.pc-decorate.0.i206.37ce3333T9MSYh\">Usines, autres industries<\/div>\n<\/td>\n<\/tr>\n<tr>\n<td><b>condition<\/b><\/td>\n<td>\n<div data-spm-anchor-id=\"a2700.pc-decorate.0.i56.6fb633337wkzbm\">Nouveau<\/div>\n<\/td>\n<\/tr>\n<tr>\n<td><b>Longueur*Largeur*Hauteur<\/b><\/td>\n<td>\n<div>Taille personnalis\u00e9e<\/div>\n<\/td>\n<\/tr>\n<tr>\n<td><b>Mat\u00e9riau du cadre<\/b><\/td>\n<td>\n<div data-spm-anchor-id=\"a2700.pc-decorate.0.i220.37ce3333T9MSYh\">Acier pour carton\/acier inoxydable<\/div>\n<\/td>\n<\/tr>\n<tr>\n<td><b>Mat\u00e9riau de la ceinture<\/b><\/td>\n<td>\n<div data-spm-anchor-id=\"a2700.pc-decorate.0.i221.37ce3333T9MSYh\"><span data-spm-anchor-id=\"a2700.pc-decorate.0.i49.6fb633337wkzbm\">Acier inoxydable<\/span><\/div>\n<\/td>\n<\/tr>\n<tr>\n<td><b>Vitesse<\/b><\/td>\n<td>\n<div><span data-spm-anchor-id=\"a2700.pc-decorate.0.i50.6fb633337wkzbm\">0 - 30 m\/MIN r\u00e9glable<\/span><\/div>\n<\/td>\n<\/tr>\n<tr>\n<td><b><span data-spm-anchor-id=\"a2700.pc-decorate.0.i27.61953333wmzCFV\">Alimentation \u00e9lectrique<\/span><\/b><\/td>\n<td>\n<div data-spm-anchor-id=\"a2700.pc-decorate.0.i29.61953333wmzCFV\">oui<\/div>\n<\/td>\n<\/tr>\n<tr>\n<td><b>Test du convoyeur<\/b><\/td>\n<td>\n<div><span data-spm-anchor-id=\"a2700.pc-decorate.0.i222.37ce3333T9MSYh\">Avant d'\u00eatre exp\u00e9di\u00e9s, tous les convoyeurs sont test\u00e9s.<\/span><\/div>\n<\/td>\n<\/tr>\n<tr>\n<td><b>Garantie<\/b><\/td>\n<td>\n<div>Garantie d'un an, des services d'ing\u00e9nierie peuvent \u00eatre fournis<\/div>\n<\/td>\n<\/tr>\n<tr>\n<td><b>Paquet<\/b><\/td>\n<td>\n<div>Selon la taille du convoyeur<\/div>\n<\/td>\n<\/tr>\n<\/tbody>\n<\/table>\n<\/div>\n<\/div>\n<\/div>\n<\/div>\n<\/div>\n<div class=\"editor-component-row editor-component-row-relative\">\n<div class=\"editor-component-container\">\n<div class=\"previewer-item-wrap\">\n<div id=\"44360633825\" class=\"J_module\">\n<div id=\"ali-anchor-AliMagic-mvyx5g\" data-reactroot=\"\" data-section=\"AliMagic-mvyx5g\" data-section-title=\"FAQ\">FAQ<\/div>\n<\/div>\n<\/div>\n<div class=\"editor-component-container-mask\"><\/div>\n<\/div>\n<\/div>\n<div class=\"editor-component-row editor-component-row-relative\">\n<div class=\"editor-component-container\">\n<div class=\"previewer-item-wrap\">\n<div id=\"44360633826\" class=\"J_module\">\n<div class=\"detail-decorate-json-renderer-container\" data-reactroot=\"\">\n<div>\n<div>\n<div>\n<div>\n<div class=\"preview-edit-text-editor\" data-reactroot=\"\">\n<div id=\"preview-edit-8\" class=\"content-editor\" tabindex=\"1\" contenteditable=\"true\"><b><\/b><b>Q1 : \u00cates-vous une soci\u00e9t\u00e9 commerciale ou un fabricant ?<\/b><br \/>\nR : Nous sommes une usine.<b>Q2:Acceptez-vous les OEM ou ODM ? A2:Oui, mais nous avons des exigences en mati\u00e8re de quantit\u00e9. Veuillez nous contacter directement.<br \/>\n<\/b><br \/>\n<b>Q3:Quel est le mode de paiement de votre entreprise ?<\/b><br \/>\nA3:T\/T, L\/C \u00e0 vue, Paypal, Western Union<\/p>\n<p><b>Q4:Quel est le mode d'exp\u00e9dition ?<\/b><br \/>\nA4:Par voie maritime, a\u00e9rienne, Fedex, DHL, UPS, TNT, etc.<\/p>\n<p><b>Q5 : Quel est le d\u00e9lai de livraison ?<\/b><br \/>\nA5 : En g\u00e9n\u00e9ral, le d\u00e9lai est de 5 \u00e0 10 jours si les marchandises sont en stock, ou de 15 \u00e0 20 jours si les marchandises ne sont pas en stock, en fonction de l'\u00e9tat des stocks.<br \/>\nquantit\u00e9.<\/p>\n<p><b>Q6 : Comment est votre service ?<\/b><br \/>\nA6\uff1aDon't worry, we have professionals at your service 24 hours a day.<\/p>\n<\/div>\n<\/div>\n<\/div>\n<\/div>\n<\/div>\n<\/div>\n<\/div>\n<\/div>\n<\/div>\n<\/div>\n<\/div>","protected":false},"excerpt":{"rendered":"<p>Machine \u00e0 ouvrir les cartons automatique Machine \u00e0 ouvrir les cartons avec scelleuse de fond<\/p>","protected":false},"featured_media":5570,"template":"","meta":{"_acf_changed":false,"_seopress_robots_primary_cat":"none","_seopress_titles_title":"Carton Open Machine Sealing Machine With Conveyor Automatic Vertical Case Erector Auto Erector Cardboard Tray Former Machine","_seopress_titles_desc":"automatic Case Carton Erector Carton Open Machine Case Erector With Bottom Sealer","_seopress_robots_index":"","_uag_custom_page_level_css":"","site-sidebar-layout":"default","site-content-layout":"","ast-site-content-layout":"default","site-content-style":"default","site-sidebar-style":"default","ast-global-header-display":"","ast-banner-title-visibility":"","ast-main-header-display":"","ast-hfb-above-header-display":"","ast-hfb-below-header-display":"","ast-hfb-mobile-header-display":"","site-post-title":"","ast-breadcrumbs-content":"","ast-featured-img":"","footer-sml-layout":"","theme-transparent-header-meta":"default","adv-header-id-meta":"","stick-header-meta":"","header-above-stick-meta":"","header-main-stick-meta":"","header-below-stick-meta":"","astra-migrate-meta-layouts":"set","ast-page-background-enabled":"default","ast-page-background-meta":{"desktop":{"background-color":"","background-image":"","background-repeat":"repeat","background-position":"center center","background-size":"auto","background-attachment":"scroll","background-type":"","background-media":"","overlay-type":"","overlay-color":"","overlay-opacity":"","overlay-gradient":""},"tablet":{"background-color":"","background-image":"","background-repeat":"repeat","background-position":"center center","background-size":"auto","background-attachment":"scroll","background-type":"","background-media":"","overlay-type":"","overlay-color":"","overlay-opacity":"","overlay-gradient":""},"mobile":{"background-color":"","background-image":"","background-repeat":"repeat","background-position":"center center","background-size":"auto","background-attachment":"scroll","background-type":"","background-media":"","overlay-type":"","overlay-color":"","overlay-opacity":"","overlay-gradient":""}},"ast-content-background-meta":{"desktop":{"background-color":"var(--ast-global-color-5)","background-image":"","background-repeat":"repeat","background-position":"center center","background-size":"auto","background-attachment":"scroll","background-type":"","background-media":"","overlay-type":"","overlay-color":"","overlay-opacity":"","overlay-gradient":""},"tablet":{"background-color":"var(--ast-global-color-5)","background-image":"","background-repeat":"repeat","background-position":"center center","background-size":"auto","background-attachment":"scroll","background-type":"","background-media":"","overlay-type":"","overlay-color":"","overlay-opacity":"","overlay-gradient":""},"mobile":{"background-color":"var(--ast-global-color-5)","background-image":"","background-repeat":"repeat","background-position":"center center","background-size":"auto","background-attachment":"scroll","background-type":"","background-media":"","overlay-type":"","overlay-color":"","overlay-opacity":"","overlay-gradient":""}}},"product_brand":[131],"product_cat":[87],"product_tag":[570,574,572,569,571,573],"class_list":{"0":"post-5567","1":"product","2":"type-product","3":"status-publish","4":"has-post-thumbnail","6":"product_brand-chenming","7":"product_cat-conveyor","8":"product_tag-carton-box-erector-machine","9":"product_tag-carton-packing-machine","10":"product_tag-carton-sealing-packaging-machine","11":"product_tag-case-erector-with-bottom-sealer","12":"product_tag-full-automatic-carton-erector","13":"product_tag-high-speed-unpacking-machine","14":"desktop-align-center","15":"tablet-align-center","16":"mobile-align-left","17":"ast-product-gallery-layout-horizontal-slider","18":"ast-product-tabs-layout-horizontal","19":"ast-qv-on-image","21":"first","22":"instock","23":"sale","24":"shipping-taxable","25":"purchasable","26":"product-type-simple"},"acf":[],"uagb_featured_image_src":{"full":["https:\/\/www.ai-chenming.com\/wp-content\/uploads\/2025\/09\/431b06bd-e68b-4956-8520-2f7faa5470eb.png",640,640,false],"thumbnail":["https:\/\/www.ai-chenming.com\/wp-content\/uploads\/2025\/09\/431b06bd-e68b-4956-8520-2f7faa5470eb-150x150.png",150,150,true],"medium":["https:\/\/www.ai-chenming.com\/wp-content\/uploads\/2025\/09\/431b06bd-e68b-4956-8520-2f7faa5470eb-300x300.png",300,300,true],"medium_large":["https:\/\/www.ai-chenming.com\/wp-content\/uploads\/2025\/09\/431b06bd-e68b-4956-8520-2f7faa5470eb.png",640,640,false],"large":["https:\/\/www.ai-chenming.com\/wp-content\/uploads\/2025\/09\/431b06bd-e68b-4956-8520-2f7faa5470eb.png",640,640,false],"1536x1536":["https:\/\/www.ai-chenming.com\/wp-content\/uploads\/2025\/09\/431b06bd-e68b-4956-8520-2f7faa5470eb.png",640,640,false],"2048x2048":["https:\/\/www.ai-chenming.com\/wp-content\/uploads\/2025\/09\/431b06bd-e68b-4956-8520-2f7faa5470eb.png",640,640,false],"trp-custom-language-flag":["https:\/\/www.ai-chenming.com\/wp-content\/uploads\/2025\/09\/431b06bd-e68b-4956-8520-2f7faa5470eb-12x12.png",12,12,true],"woocommerce_thumbnail":["https:\/\/www.ai-chenming.com\/wp-content\/uploads\/2025\/09\/431b06bd-e68b-4956-8520-2f7faa5470eb-450x450.png",450,450,true],"woocommerce_single":["https:\/\/www.ai-chenming.com\/wp-content\/uploads\/2025\/09\/431b06bd-e68b-4956-8520-2f7faa5470eb-600x600.png",600,600,true],"woocommerce_gallery_thumbnail":["https:\/\/www.ai-chenming.com\/wp-content\/uploads\/2025\/09\/431b06bd-e68b-4956-8520-2f7faa5470eb-100x100.png",100,100,true]},"uagb_author_info":{"display_name":"chenming","author_link":"https:\/\/www.ai-chenming.com\/fr\/author\/"},"uagb_comment_info":0,"uagb_excerpt":"automatic Case Carton Erector Carton Open Machine Case Erector With Bottom Sealer","_links":{"self":[{"href":"https:\/\/www.ai-chenming.com\/fr\/wp-json\/wp\/v2\/product\/5567","targetHints":{"allow":["GET"]}}],"collection":[{"href":"https:\/\/www.ai-chenming.com\/fr\/wp-json\/wp\/v2\/product"}],"about":[{"href":"https:\/\/www.ai-chenming.com\/fr\/wp-json\/wp\/v2\/types\/product"}],"wp:featuredmedia":[{"embeddable":true,"href":"https:\/\/www.ai-chenming.com\/fr\/wp-json\/wp\/v2\/media\/5570"}],"wp:attachment":[{"href":"https:\/\/www.ai-chenming.com\/fr\/wp-json\/wp\/v2\/media?parent=5567"}],"wp:term":[{"taxonomy":"product_brand","embeddable":true,"href":"https:\/\/www.ai-chenming.com\/fr\/wp-json\/wp\/v2\/product_brand?post=5567"},{"taxonomy":"product_cat","embeddable":true,"href":"https:\/\/www.ai-chenming.com\/fr\/wp-json\/wp\/v2\/product_cat?post=5567"},{"taxonomy":"product_tag","embeddable":true,"href":"https:\/\/www.ai-chenming.com\/fr\/wp-json\/wp\/v2\/product_tag?post=5567"}],"curies":[{"name":"wp","href":"https:\/\/api.w.org\/{rel}","templated":true}]}}