{"id":5542,"date":"2025-09-03T07:59:55","date_gmt":"2025-09-03T07:59:55","guid":{"rendered":"https:\/\/www.ai-chenming.com\/?post_type=product&#038;p=5542"},"modified":"2025-09-19T10:29:08","modified_gmt":"2025-09-19T10:29:08","slug":"lastic-modular-belt-conveyor-system-chain-plate-turning-machine-plastic-mesh-belt-turning-assembly-line-conveyor","status":"publish","type":"product","link":"https:\/\/www.ai-chenming.com\/fr\/produit\/lastic-modular-belt-conveyor-system-chain-plate-turning-machine-plastic-mesh-belt-turning-assembly-line-conveyor\/","title":{"rendered":"Syst\u00e8me de convoyeur \u00e0 bande modulaire en plastique Machine de tournage de plaque de cha\u00eene Ligne d'assemblage de convoyeur \u00e0 bande en maille plastique"},"content":{"rendered":"<div id=\"icbuEditorBackground\" class=\"icbu-editor-background\" data-spm-anchor-id=\"a2700.pc-decorate.0.i2.25f23333Fc2kb5\"><span style=\"font-size: 16px;\">Aper\u00e7u du produit<img alt=\"\" fetchpriority=\"high\" decoding=\"async\" class=\"wp-image-7044 aligncenter\" src=\"https:\/\/www.ai-chenming.com\/wp-content\/uploads\/2025\/09\/89-300x300.png\" width=\"360\" height=\"360\" srcset=\"https:\/\/www.ai-chenming.com\/wp-content\/uploads\/2025\/09\/89-300x300.png 300w, https:\/\/www.ai-chenming.com\/wp-content\/uploads\/2025\/09\/89-150x150.png 150w, https:\/\/www.ai-chenming.com\/wp-content\/uploads\/2025\/09\/89-12x12.png 12w, https:\/\/www.ai-chenming.com\/wp-content\/uploads\/2025\/09\/89-450x450.png 450w, https:\/\/www.ai-chenming.com\/wp-content\/uploads\/2025\/09\/89-600x600.png 600w, https:\/\/www.ai-chenming.com\/wp-content\/uploads\/2025\/09\/89-100x100.png 100w, https:\/\/www.ai-chenming.com\/wp-content\/uploads\/2025\/09\/89.png 640w\" sizes=\"(max-width: 360px) 100vw, 360px\" \/><\/span><\/div>\n<div data-spm-anchor-id=\"a2700.pc-decorate.0.i2.25f23333Fc2kb5\">Les bandes modulaires (\u00e9galement appel\u00e9es bandes transporteuses modulaires) sont assembl\u00e9es \u00e0 partir de modules standardis\u00e9s. Elles permettent une personnalisation souple de la longueur et de la largeur, et peuvent r\u00e9aliser des trajectoires de transport complexes telles que les virages et les mont\u00e9es. Fabriqu\u00e9es dans des mat\u00e9riaux tels que les plastiques techniques de qualit\u00e9 alimentaire, elles sont r\u00e9sistantes \u00e0 l'usure et \u00e0 la corrosion. Leur surface peut \u00eatre con\u00e7ue avec des structures telles que des motifs antid\u00e9rapants et des d\u00e9flecteurs, ce qui les rend adapt\u00e9s au transport de divers mat\u00e9riaux. Gr\u00e2ce \u00e0 leur facilit\u00e9 d'entretien (les modules individuels peuvent \u00eatre remplac\u00e9s), ils sont largement utilis\u00e9s dans les industries alimentaires, pharmaceutiques, logistiques et \u00e9lectroniques, et constituent des supports efficaces et adaptables pour le transport automatis\u00e9.<\/div>\n<div data-spm-anchor-id=\"a2700.pc-decorate.0.i2.25f23333Fc2kb5\"><img alt=\"\" decoding=\"async\" class=\"wp-image-6753 aligncenter\" src=\"https:\/\/www.ai-chenming.com\/wp-content\/uploads\/2025\/09\/7-2-300x212.png\" width=\"365\" height=\"258\" srcset=\"https:\/\/www.ai-chenming.com\/wp-content\/uploads\/2025\/09\/7-2-300x212.png 300w, https:\/\/www.ai-chenming.com\/wp-content\/uploads\/2025\/09\/7-2-1024x724.png 1024w, https:\/\/www.ai-chenming.com\/wp-content\/uploads\/2025\/09\/7-2-768x543.png 768w, https:\/\/www.ai-chenming.com\/wp-content\/uploads\/2025\/09\/7-2-1536x1086.png 1536w, https:\/\/www.ai-chenming.com\/wp-content\/uploads\/2025\/09\/7-2-2048x1448.png 2048w, https:\/\/www.ai-chenming.com\/wp-content\/uploads\/2025\/09\/7-2-18x12.png 18w, https:\/\/www.ai-chenming.com\/wp-content\/uploads\/2025\/09\/7-2-600x424.png 600w\" sizes=\"(max-width: 365px) 100vw, 365px\" \/><\/div>\n<div id=\"detail_decorate_root\">\n<div class=\"editor-plugin-canvas\">\n<div class=\"render-engien-app\">\n<div class=\"editor-component-row editor-component-row-relative\">\n<div class=\"editor-component-container\">\n<div class=\"editor-component-container-mask\"><\/div>\n<\/div>\n<\/div>\n<div class=\"editor-component-row editor-component-row-relative\">\n<div class=\"editor-component-container\">\n<div class=\"previewer-item-wrap\">\n<div id=\"44236742337\" class=\"J_module\">\n<div class=\"detail-decorate-json-renderer-container\" data-reactroot=\"\">\n<div>\n<div>\n<div>\n<div>\n<p>&nbsp;<\/p>\n<\/div>\n<\/div>\n<div>\n<div class=\"preview-edit-text-editor\" data-reactroot=\"\">\n<div id=\"preview-edit-1\" class=\"content-editor\" tabindex=\"1\" contenteditable=\"true\"><span style=\"color: #000000;\">d\u00e9tails<\/span><\/div>\n<\/div>\n<\/div>\n<div>\n<div data-id=\"paragraph0\">\n<div class=\"preview-edit-text-editor\" data-reactroot=\"\">\n<div id=\"preview-edit-2\" class=\"content-editor\" tabindex=\"1\" contenteditable=\"true\">\n<p><b><span style=\"color: #2196ed;\">Mat\u00e9riau de qualit\u00e9 sup\u00e9rieure, durabilit\u00e9 \u00e0 long terme : <\/span><\/b><\/p>\n<div>Fabriqu\u00e9 \u00e0 partir de mat\u00e9riaux plastiques de premi\u00e8re qualit\u00e9, il pr\u00e9sente une structure robuste et stable, d'une excellente durabilit\u00e9. Il peut fonctionner de mani\u00e8re stable pendant une p\u00e9riode prolong\u00e9e, ce qui r\u00e9duit efficacement la fr\u00e9quence des remplacements et le co\u00fbt global pour les utilisateurs. <b><span style=\"color: #2196ed;\">Conception modulaire, pratique et sans souci : <\/span><\/b><\/div>\n<div>\n<p>Con\u00e7u selon un concept modulaire, il facilite et simplifie le processus d'installation. En cours de fonctionnement, la maintenance est \u00e9galement plus simple, ce qui r\u00e9duit consid\u00e9rablement les temps d'arr\u00eat et constitue une garantie solide pour une production continue. Bonne adaptabilit\u00e9 \u00e0 l'industrie : Il peut fonctionner correctement dans diverses industries telles que l'industrie alimentaire, avec une large applicabilit\u00e9, et peut r\u00e9pondre aux divers besoins en mati\u00e8re de transport inclin\u00e9 de mat\u00e9riaux de diff\u00e9rentes industries.<\/p>\n<\/div>\n<\/div>\n<\/div>\n<\/div>\n<\/div>\n<\/div>\n<div>\n<div>\n<div>\n<p>&nbsp;<\/p>\n<\/div>\n<\/div>\n<div>\n<div class=\"preview-edit-text-editor\" data-reactroot=\"\">\n<div id=\"preview-edit-3\" class=\"content-editor\" tabindex=\"1\" contenteditable=\"true\">Avantages<\/div>\n<\/div>\n<\/div>\n<div>\n<div data-id=\"paragraph1\">\n<div class=\"preview-edit-text-editor\" data-reactroot=\"\">\n<div id=\"preview-edit-4\" class=\"content-editor\" tabindex=\"1\" contenteditable=\"true\">\n<p><b><span style=\"color: #2196ed;\">Robuste et durable, capacit\u00e9 de charge \u00e9lev\u00e9e : <\/span><\/b><\/p>\n<div>Fabriqu\u00e9 en plastique de haute qualit\u00e9, il a une forte capacit\u00e9 de charge et peut supporter de lourdes charges. Sa construction robuste r\u00e9siste efficacement \u00e0 l'usure, ce qui lui permet d'avoir une longue dur\u00e9e de vie, m\u00eame dans des conditions industrielles difficiles.<\/div>\n<div><\/div>\n<div><b><span style=\"color: #2196ed;\">environnements. - Flexible et facile \u00e0 personnaliser : <\/span><\/b><\/div>\n<div>Sa conception modulaire unique lui conf\u00e8re une grande flexibilit\u00e9. Il est<br \/>\npeut \u00eatre facilement personnalis\u00e9 en fonction des diff\u00e9rents syst\u00e8mes de convoyage et de l'agencement des lignes de production. Qu'il s'agisse de modifier la longueur ou<br \/>\ns'adapter \u00e0 des exigences d'installation et d'ajustement complexes, il peut les g\u00e9rer avec facilit\u00e9.<\/div>\n<\/div>\n<\/div>\n<\/div>\n<\/div>\n<\/div>\n<\/div>\n<\/div>\n<\/div>\n<\/div>\n<div class=\"editor-component-container-mask\"><\/div>\n<\/div>\n<\/div>\n<div class=\"editor-component-row editor-component-row-relative\">\n<div class=\"editor-component-container\">\n<div class=\"previewer-item-wrap\">\n<div id=\"44236742338\" class=\"J_module\">\n<div id=\"ali-anchor-AliMagic-fwr3e5\" data-reactroot=\"\" data-section=\"AliMagic-fwr3e5\" data-section-title=\"PRODUCT SPECIFICATIONS\">SP\u00c9CIFICATIONS DU PRODUIT<\/div>\n<\/div>\n<\/div>\n<div class=\"editor-component-container-mask\"><\/div>\n<\/div>\n<\/div>\n<div class=\"editor-component-row editor-component-row-relative\">\n<div class=\"editor-component-container\">\n<div class=\"previewer-item-wrap\">\n<div id=\"44236742339\" class=\"J_module\">\n<div class=\"ife-detail-decorate-table\" data-reactroot=\"\">\n<table>\n<tbody>\n<tr>\n<td>nom du produit<\/td>\n<td>Points forts du convoyeur \u00e0 bande plastique modulaire \u00e0 usage intensif<\/td>\n<\/tr>\n<tr>\n<td>couleur<\/td>\n<td>\u00a0Offrir des services personnalis\u00e9s<\/td>\n<\/tr>\n<tr>\n<td>p\u00e9riode de garantie<\/td>\n<td>1 an<\/td>\n<\/tr>\n<tr>\n<td>Utilisation pour<\/td>\n<td>\u00a0 alimentation\/boissons\/industries logistiques transport.<\/td>\n<\/tr>\n<tr>\n<td>\u00c9tat<\/td>\n<td>Nouveau<\/td>\n<\/tr>\n<tr>\n<td>largeur<\/td>\n<td>personnaliser<\/td>\n<\/tr>\n<tr>\n<td>mat\u00e9riel<\/td>\n<td>Plastique POM PP PA<\/td>\n<\/tr>\n<tr>\n<td>vitesse du convoyeur<\/td>\n<td>0,1~5m\/s<\/td>\n<\/tr>\n<tr>\n<td>taux d'ouverture<\/td>\n<td>0%<\/td>\n<\/tr>\n<tr>\n<td>Poids<\/td>\n<td>0.5\/\u33a1<\/td>\n<\/tr>\n<tr>\n<td>paiement<\/td>\n<td>Tous les modes de paiement sont accept\u00e9s.<\/td>\n<\/tr>\n<\/tbody>\n<\/table>\n<\/div>\n<\/div>\n<\/div>\n<\/div>\n<\/div>\n<\/div>\n<\/div>\n<div class=\"editor-component-row editor-component-row-relative\">\n<div class=\"editor-component-container\">\n<div class=\"previewer-item-wrap\">\n<div id=\"44236742340\" class=\"J_module\">\n<div class=\"icbu-pc-images\" data-reactroot=\"\">\n<div>\n<div class=\"flex-layout-v\">\n<div class=\"flex-layout-h\">\n<div>\n<div class=\"preview-image-edit\"><\/div>\n<\/div>\n<\/div>\n<\/div>\n<\/div>\n<\/div>\n<\/div>\n<\/div>\n<\/div>\n<\/div>\n<div class=\"editor-component-row editor-component-row-relative\">\n<div class=\"editor-component-container\">\n<div class=\"previewer-item-wrap\">\n<div id=\"44236742356\" class=\"J_module\">\n<div id=\"ali-anchor-AliMagic-7sqgqt\" data-reactroot=\"\" data-section=\"AliMagic-7sqgqt\" data-section-title=\"FAQ\">FAQ<\/div>\n<\/div>\n<\/div>\n<div class=\"editor-component-container-mask\"><\/div>\n<\/div>\n<\/div>\n<div class=\"editor-component-row editor-component-row-relative\">\n<div class=\"editor-component-container\">\n<div class=\"previewer-item-wrap\">\n<div id=\"44236742357\" class=\"J_module\">\n<div class=\"detail-decorate-json-renderer-container\" data-reactroot=\"\">\n<div>\n<div>\n<div>\n<div>\n<div class=\"preview-edit-text-editor\" data-reactroot=\"\">1. qui sommes-nous ?<\/div>\n<div class=\"preview-edit-text-editor\" data-reactroot=\"\">Nous sommes bas\u00e9s dans la province de Shandong, en Chine, depuis 2018. Nous vendons \u00e0 diverses r\u00e9gions du monde, telles que l'Europe, l'Am\u00e9rique du Nord et l'Asie du Sud-Est. Il y a environ 20 personnes dans notre entreprise, y compris des \u00e9quipes professionnelles de R &amp; D, de production, de vente et de service apr\u00e8s-vente.<\/div>\n<div data-reactroot=\"\"><\/div>\n<div class=\"preview-edit-text-editor\" data-reactroot=\"\">2. Comment pouvons-nous garantir la qualit\u00e9 ?<\/div>\n<div class=\"preview-edit-text-editor\" data-reactroot=\"\">\n<p>Toujours un \u00e9chantillon de pr\u00e9production avant la production de masse ; cet \u00e9chantillon est strictement test\u00e9 conform\u00e9ment aux normes internationales et industrielles afin de garantir que tous les d\u00e9tails r\u00e9pondent aux exigences. Toujours une inspection finale avant l'exp\u00e9dition ; notre \u00e9quipe de contr\u00f4le de la qualit\u00e9 proc\u00e8de \u00e0 une inspection compl\u00e8te de chaque lot de produits, en v\u00e9rifiant qu'il n'y a pas de d\u00e9fauts d'apparence, de taille et de fonctionnalit\u00e9.<\/p>\n<div>\n<div>3. Pourquoi devriez-vous acheter chez nous plut\u00f4t que chez d'autres fournisseurs ?<\/div>\n<div>Des prix comp\u00e9titifs : Gr\u00e2ce \u00e0 une gestion efficace de la production et \u00e0 un approvisionnement \u00e0 grande \u00e9chelle en mati\u00e8res premi\u00e8res, nous pouvons proposer des produits \u00e0 des prix plus avantageux que ceux de nombreux concurrents. Produits de haute qualit\u00e9 : Gr\u00e2ce \u00e0 des processus stricts de contr\u00f4le de la qualit\u00e9, de la production \u00e0 l'exp\u00e9dition, nos produits sont tr\u00e8s fiables et offrent des performances \u00e0 long terme. Excellent service apr\u00e8s-vente : Notre \u00e9quipe professionnelle de service apr\u00e8s-vente est pr\u00eate \u00e0 r\u00e9soudre tous les probl\u00e8mes que vous rencontrez, \u00e0 fournir une assistance technique en temps voulu et \u00e0 assurer la maintenance des produits.<\/div>\n<div><\/div>\n<div>4. quels services pouvons-nous fournir ?<\/div>\n<div>Conditions de livraison accept\u00e9es : FOB (Qingdao), CIF, EXW, etc.<\/div>\n<div>Devise de paiement accept\u00e9e : USD, EUR, CNY etc.<\/div>\n<div>Types de paiement accept\u00e9s : T\/T (transfert t\u00e9l\u00e9graphique), L\/C (lettre de cr\u00e9dit), PayPal, etc.<\/div>\n<\/div>\n<\/div>\n<\/div>\n<\/div>\n<\/div>\n<\/div>\n<\/div>\n<\/div>\n<\/div>\n<\/div>\n<\/div>\n<\/div>","protected":false},"excerpt":{"rendered":"<p>Personnalisation en usine du syst\u00e8me de convoyeur \u00e0 bande plate en pvc vert Convoyeur \u00e0 bande de qualit\u00e9 alimentaire avec certificat d'origine<\/p>","protected":false},"featured_media":5556,"template":"","meta":{"_acf_changed":false,"_seopress_robots_primary_cat":"none","_seopress_titles_title":"Lastic Modular Belt Conveyor System Chain Plate Turning Machine Plastic Mesh Belt Turning Assembly Line Conveyor","_seopress_titles_desc":"Factory Customization Pvc Green Flat Belt Conveyor System Design Food Grade Belt Conveyor With The Certificate Of Origin","_seopress_robots_index":"","_uag_custom_page_level_css":"","site-sidebar-layout":"default","site-content-layout":"","ast-site-content-layout":"default","site-content-style":"default","site-sidebar-style":"default","ast-global-header-display":"","ast-banner-title-visibility":"","ast-main-header-display":"","ast-hfb-above-header-display":"","ast-hfb-below-header-display":"","ast-hfb-mobile-header-display":"","site-post-title":"","ast-breadcrumbs-content":"","ast-featured-img":"","footer-sml-layout":"","theme-transparent-header-meta":"default","adv-header-id-meta":"","stick-header-meta":"","header-above-stick-meta":"","header-main-stick-meta":"","header-below-stick-meta":"","astra-migrate-meta-layouts":"set","ast-page-background-enabled":"default","ast-page-background-meta":{"desktop":{"background-color":"","background-image":"","background-repeat":"repeat","background-position":"center center","background-size":"auto","background-attachment":"scroll","background-type":"","background-media":"","overlay-type":"","overlay-color":"","overlay-opacity":"","overlay-gradient":""},"tablet":{"background-color":"","background-image":"","background-repeat":"repeat","background-position":"center center","background-size":"auto","background-attachment":"scroll","background-type":"","background-media":"","overlay-type":"","overlay-color":"","overlay-opacity":"","overlay-gradient":""},"mobile":{"background-color":"","background-image":"","background-repeat":"repeat","background-position":"center center","background-size":"auto","background-attachment":"scroll","background-type":"","background-media":"","overlay-type":"","overlay-color":"","overlay-opacity":"","overlay-gradient":""}},"ast-content-background-meta":{"desktop":{"background-color":"var(--ast-global-color-5)","background-image":"","background-repeat":"repeat","background-position":"center center","background-size":"auto","background-attachment":"scroll","background-type":"","background-media":"","overlay-type":"","overlay-color":"","overlay-opacity":"","overlay-gradient":""},"tablet":{"background-color":"var(--ast-global-color-5)","background-image":"","background-repeat":"repeat","background-position":"center center","background-size":"auto","background-attachment":"scroll","background-type":"","background-media":"","overlay-type":"","overlay-color":"","overlay-opacity":"","overlay-gradient":""},"mobile":{"background-color":"var(--ast-global-color-5)","background-image":"","background-repeat":"repeat","background-position":"center center","background-size":"auto","background-attachment":"scroll","background-type":"","background-media":"","overlay-type":"","overlay-color":"","overlay-opacity":"","overlay-gradient":""}}},"product_brand":[131],"product_cat":[96],"product_tag":[558,561,563,388,562,560,559],"class_list":{"0":"post-5542","1":"product","2":"type-product","3":"status-publish","4":"has-post-thumbnail","6":"product_brand-chenming","7":"product_cat-belt-conveyor","8":"product_tag-automatic-transfer","9":"product_tag-chain","10":"product_tag-factory-custom-industrial-systems-assembly-line-green-pvc-rubber-pu-food-flat-belt-conveyor","11":"product_tag-motorized","12":"product_tag-pallet-roller-conveyor-diy-conveyor-belt","13":"product_tag-power","14":"product_tag-turntable","15":"desktop-align-center","16":"tablet-align-center","17":"mobile-align-left","18":"ast-product-gallery-layout-horizontal-slider","19":"ast-product-tabs-layout-horizontal","20":"ast-qv-on-image","22":"first","23":"instock","24":"sale","25":"shipping-taxable","26":"purchasable","27":"product-type-simple"},"acf":[],"uagb_featured_image_src":{"full":["https:\/\/www.ai-chenming.com\/wp-content\/uploads\/2025\/09\/a24734c8-0347-4ef9-a057-340ba3178bbb.png",670,636,false],"thumbnail":["https:\/\/www.ai-chenming.com\/wp-content\/uploads\/2025\/09\/a24734c8-0347-4ef9-a057-340ba3178bbb-150x150.png",150,150,true],"medium":["https:\/\/www.ai-chenming.com\/wp-content\/uploads\/2025\/09\/a24734c8-0347-4ef9-a057-340ba3178bbb-300x285.png",300,285,true],"medium_large":["https:\/\/www.ai-chenming.com\/wp-content\/uploads\/2025\/09\/a24734c8-0347-4ef9-a057-340ba3178bbb.png",670,636,false],"large":["https:\/\/www.ai-chenming.com\/wp-content\/uploads\/2025\/09\/a24734c8-0347-4ef9-a057-340ba3178bbb.png",670,636,false],"1536x1536":["https:\/\/www.ai-chenming.com\/wp-content\/uploads\/2025\/09\/a24734c8-0347-4ef9-a057-340ba3178bbb.png",670,636,false],"2048x2048":["https:\/\/www.ai-chenming.com\/wp-content\/uploads\/2025\/09\/a24734c8-0347-4ef9-a057-340ba3178bbb.png",670,636,false],"trp-custom-language-flag":["https:\/\/www.ai-chenming.com\/wp-content\/uploads\/2025\/09\/a24734c8-0347-4ef9-a057-340ba3178bbb-13x12.png",13,12,true],"woocommerce_thumbnail":["https:\/\/www.ai-chenming.com\/wp-content\/uploads\/2025\/09\/a24734c8-0347-4ef9-a057-340ba3178bbb-450x450.png",450,450,true],"woocommerce_single":["https:\/\/www.ai-chenming.com\/wp-content\/uploads\/2025\/09\/a24734c8-0347-4ef9-a057-340ba3178bbb-600x570.png",600,570,true],"woocommerce_gallery_thumbnail":["https:\/\/www.ai-chenming.com\/wp-content\/uploads\/2025\/09\/a24734c8-0347-4ef9-a057-340ba3178bbb-100x100.png",100,100,true]},"uagb_author_info":{"display_name":"chenming","author_link":"https:\/\/www.ai-chenming.com\/fr\/author\/"},"uagb_comment_info":0,"uagb_excerpt":"Factory Customization Pvc Green Flat Belt Conveyor System Design Food Grade Belt Conveyor With The Certificate Of Origin","_links":{"self":[{"href":"https:\/\/www.ai-chenming.com\/fr\/wp-json\/wp\/v2\/product\/5542","targetHints":{"allow":["GET"]}}],"collection":[{"href":"https:\/\/www.ai-chenming.com\/fr\/wp-json\/wp\/v2\/product"}],"about":[{"href":"https:\/\/www.ai-chenming.com\/fr\/wp-json\/wp\/v2\/types\/product"}],"wp:featuredmedia":[{"embeddable":true,"href":"https:\/\/www.ai-chenming.com\/fr\/wp-json\/wp\/v2\/media\/5556"}],"wp:attachment":[{"href":"https:\/\/www.ai-chenming.com\/fr\/wp-json\/wp\/v2\/media?parent=5542"}],"wp:term":[{"taxonomy":"product_brand","embeddable":true,"href":"https:\/\/www.ai-chenming.com\/fr\/wp-json\/wp\/v2\/product_brand?post=5542"},{"taxonomy":"product_cat","embeddable":true,"href":"https:\/\/www.ai-chenming.com\/fr\/wp-json\/wp\/v2\/product_cat?post=5542"},{"taxonomy":"product_tag","embeddable":true,"href":"https:\/\/www.ai-chenming.com\/fr\/wp-json\/wp\/v2\/product_tag?post=5542"}],"curies":[{"name":"wp","href":"https:\/\/api.w.org\/{rel}","templated":true}]}}