{"id":5499,"date":"2025-09-03T07:52:16","date_gmt":"2025-09-03T07:52:16","guid":{"rendered":"https:\/\/www.ai-chenming.com\/?post_type=product&#038;p=5499"},"modified":"2025-09-22T03:44:17","modified_gmt":"2025-09-22T03:44:17","slug":"baffle-double-guardrail-belt-conveyors-adjustable-speed-conveyor-systems-aluminium-alloy-frame-conveyor-for-industrial-transport","status":"publish","type":"product","link":"https:\/\/www.ai-chenming.com\/fr\/produit\/baffle-double-guardrail-belt-conveyors-adjustable-speed-conveyor-systems-aluminium-alloy-frame-conveyor-for-industrial-transport\/","title":{"rendered":"Baffle Double Guardrail Belt Conveyors Adjustable Speed Conveyor Systems Aluminium Alloy Frame Conveyor for Industrial Transport"},"content":{"rendered":"<div id=\"icbuEditorBackground\" class=\"icbu-editor-background\" data-spm-anchor-id=\"a2700.pc-decorate.0.i2.ef903333Jj7VRg\"><span style=\"font-size: 16px;\">Description du produit<\/span><\/div>\n<div id=\"detail_decorate_root\">\n<div class=\"editor-plugin-canvas\">\n<div class=\"render-engien-app\">\n<div class=\"editor-component-row editor-component-row-relative\">\n<div class=\"editor-component-container\">\n<div class=\"editor-component-container-mask\"><\/div>\n<\/div>\n<\/div>\n<div class=\"editor-component-row editor-component-row-relative\">\n<div class=\"editor-component-container\">\n<div class=\"previewer-item-wrap\">\n<div id=\"45135129469\" class=\"J_module\">\n<div class=\"icbu-pc-detailVideoShow\" data-reactroot=\"\" data-magic=\"{&quot;mds&quot;:{&quot;assetsVersion&quot;:&quot;0.0.6&quot;,&quot;assetsPackageName&quot;:&quot;icbumod&quot;,&quot;moduleNameAlias&quot;:&quot;icbu-pc-detailVideoShow&quot;,&quot;moduleData&quot;:{&quot;videoInfo&quot;:{&quot;coverUrl&quot;:&quot;https:\/\/sc01.alicdn.com\/kf\/H09c3ef9f49944acfa35375d4c1b47748t.jpg&quot;,&quot;duration&quot;:70,&quot;fileSize&quot;:&quot;11812308&quot;,&quot;videoName&quot;:&quot;\u516c\u53f8\u4ecb\u7ecdmp4.&quot;,&quot;videoId&quot;:6000292688076},&quot;hideBottom&quot;:false}},&quot;version&quot;:1}\">\n<div class=\"bc-react-video-player singleton undefined venus-component-video\" data-spm-anchor-id=\"a2700.pc-decorate.0.i1.ef903333Jj7VRg\">\n<div class=\"bc-video-player\">\n<div class=\"center-control\">\n<div class=\"center-wrapper\">\n<div style=\"width: 960px;\" class=\"wp-video\"><!--[if lt IE 9]><script>document.createElement('video');<\/script><![endif]-->\n<video class=\"wp-video-shortcode\" id=\"video-5499-1\" width=\"960\" height=\"720\" preload=\"metadata\" controls=\"controls\"><source type=\"video\/mp4\" src=\"https:\/\/www.ai-chenming.com\/wp-content\/uploads\/2025\/09\/6000302180878.mp4?_=1\" \/><a href=\"https:\/\/www.ai-chenming.com\/wp-content\/uploads\/2025\/09\/6000302180878.mp4\">https:\/\/www.ai-chenming.com\/wp-content\/uploads\/2025\/09\/6000302180878.mp4<\/a><\/video><\/div>\n<p><img alt=\"\" fetchpriority=\"high\" decoding=\"async\" class=\"wp-image-7054 aligncenter\" src=\"https:\/\/www.ai-chenming.com\/wp-content\/uploads\/2025\/09\/90-300x300.png\" width=\"360\" height=\"360\" srcset=\"https:\/\/www.ai-chenming.com\/wp-content\/uploads\/2025\/09\/90-300x300.png 300w, https:\/\/www.ai-chenming.com\/wp-content\/uploads\/2025\/09\/90-150x150.png 150w, https:\/\/www.ai-chenming.com\/wp-content\/uploads\/2025\/09\/90-12x12.png 12w, https:\/\/www.ai-chenming.com\/wp-content\/uploads\/2025\/09\/90-450x450.png 450w, https:\/\/www.ai-chenming.com\/wp-content\/uploads\/2025\/09\/90-600x600.png 600w, https:\/\/www.ai-chenming.com\/wp-content\/uploads\/2025\/09\/90-100x100.png 100w, https:\/\/www.ai-chenming.com\/wp-content\/uploads\/2025\/09\/90.png 640w\" sizes=\"(max-width: 360px) 100vw, 360px\" \/><\/p>\n<p>Le convoyeur \u00e0 bande peut transporter une large gamme de mat\u00e9riaux, peut transporter une vari\u00e9t\u00e9 de mat\u00e9riaux en vrac, peut \u00e9galement transporter une vari\u00e9t\u00e9 de cartons, de sacs d'emballage et d'autres marchandises de faible poids, une large gamme d'utilisations. La structure a diff\u00e9rentes formes, telles que la rainure, le plat, l'escalade, la rotation, etc. Le tablier, la barre d'arr\u00eat, la jupe, la tr\u00e9mie et d'autres accessoires peuvent \u00eatre ajout\u00e9s \u00e0 la bande transporteuse. PVC\u3001PU\u3001 caoutchouc, toile et autres mat\u00e9riaux. Transport en douceur, pas de mouvement relatif entre les mat\u00e9riaux et la bande transporteuse, pour \u00e9viter d'endommager les objets transport\u00e9s. Compar\u00e9 \u00e0 d'autres convoyeurs, le bruit est plus faible, convient \u00e0 un environnement de travail calme, structure simple, faible consommation d'\u00e9nergie, entretien facile.<\/p>\n<p><img alt=\"\" decoding=\"async\" class=\"wp-image-6755 aligncenter\" src=\"https:\/\/www.ai-chenming.com\/wp-content\/uploads\/2025\/09\/8-2-300x212.png\" width=\"364\" height=\"257\" srcset=\"https:\/\/www.ai-chenming.com\/wp-content\/uploads\/2025\/09\/8-2-300x212.png 300w, https:\/\/www.ai-chenming.com\/wp-content\/uploads\/2025\/09\/8-2-1024x724.png 1024w, https:\/\/www.ai-chenming.com\/wp-content\/uploads\/2025\/09\/8-2-768x543.png 768w, https:\/\/www.ai-chenming.com\/wp-content\/uploads\/2025\/09\/8-2-1536x1086.png 1536w, https:\/\/www.ai-chenming.com\/wp-content\/uploads\/2025\/09\/8-2-2048x1448.png 2048w, https:\/\/www.ai-chenming.com\/wp-content\/uploads\/2025\/09\/8-2-18x12.png 18w, https:\/\/www.ai-chenming.com\/wp-content\/uploads\/2025\/09\/8-2-600x424.png 600w\" sizes=\"(max-width: 364px) 100vw, 364px\" \/><\/p>\n<\/div>\n<\/div>\n<\/div>\n<\/div>\n<\/div>\n<\/div>\n<\/div>\n<\/div>\n<\/div>\n<\/div>\n<\/div>\n<div class=\"editor-component-row editor-component-row-relative\">\n<div class=\"editor-component-container\">\n<div class=\"previewer-item-wrap\">\n<div id=\"45135129472\" class=\"J_module\">\n<div class=\"detail-decorate-json-renderer-container\" data-reactroot=\"\">\n<div>\n<div class=\"preview-edit-text-editor\" data-reactroot=\"\">\n<div id=\"preview-edit-1\" class=\"content-editor\" tabindex=\"1\" contenteditable=\"true\">\n<table>\n<tbody>\n<tr>\n<td>Nom du produit<\/td>\n<td>convoyeur \u00e0 bande<\/td>\n<\/tr>\n<tr>\n<td><span data-spm-anchor-id=\"a2700.pc-decorate.0.i46.13083333hlpS83\">Longueur de la ceinture<\/span><\/td>\n<td><span data-spm-anchor-id=\"a2700.pc-decorate.0.i45.13083333hlpS83\">118inch(3m)<\/span><\/td>\n<\/tr>\n<tr>\n<td>Longueur<\/td>\n<td>59 pouces (1,5 m)<\/td>\n<\/tr>\n<tr>\n<td>Largeur<\/td>\n<td>11,8 pouces (0,3 m)<\/td>\n<\/tr>\n<tr>\n<td>Fortement (ajuster)<\/td>\n<td>\u00a027.5inch-35.4inch(0.70m-0.90m)<\/td>\n<\/tr>\n<tr>\n<td>Vitesse<\/td>\n<td>R\u00e9glable de 0 \u00e0 20 m\u00e8tres par minute<\/td>\n<\/tr>\n<tr>\n<td>Moteur<\/td>\n<td>Moteur \u00e0 vitesse r\u00e9glable<\/td>\n<\/tr>\n<tr>\n<td>Puissance du moteur<\/td>\n<td>\u00a0120W<\/td>\n<\/tr>\n<tr>\n<td>Tension nominale<\/td>\n<td>110V\/60Hz<\/td>\n<\/tr>\n<tr>\n<td>Mat\u00e9riau<\/td>\n<td>\u00a0aluminium+PU<\/td>\n<\/tr>\n<\/tbody>\n<\/table>\n<\/div>\n<\/div>\n<div>\n<div>\n<div data-id=\"paragraph0\">\n<div class=\"preview-edit-text-editor\" data-reactroot=\"\">\n<div id=\"preview-edit-2\" class=\"content-editor\" tabindex=\"1\" contenteditable=\"true\">\n<p><b><span style=\"color: #2196ed;\">Ventes directes \u00e0 l'usine soutien \u00e0 la personnalisation<\/span><\/b><b><\/b><\/p>\n<div>\n<div><span style=\"color: #2196ed;\"><span style=\"color: #2196ed;\">Avantages :<br \/>\n1. le convoyeur est construit en aluminium et est tr\u00e8s stable gr\u00e2ce \u00e0 son circuit de vitesse automatique et constant.<br \/>\n2. permet de gagner du temps et de r\u00e9duire les co\u00fbts de production.<br \/>\n3. utilisation large : emballage, exp\u00e9dition, etc.<\/span><\/span>Industrie d'application :<br \/>\nAlimentation, boissons, produits pharmaceutiques, pi\u00e8ces \u00e9lectroniques, tabac, industrie chimique, cosm\u00e9tiques, pi\u00e8ces automobiles, etc ;<br \/>\nVous pouvez ajuster le bouton pour contr\u00f4ler la vitesse du convoyeur \u00e0 bande en PU.<\/p>\n<\/div>\n<\/div>\n<\/div>\n<\/div>\n<\/div>\n<\/div>\n<\/div>\n<\/div>\n<\/div>\n<\/div>\n<\/div>\n<\/div>\n<\/div>\n<div class=\"editor-component-row editor-component-row-relative\">\n<div class=\"editor-component-container\">\n<div class=\"previewer-item-wrap\">\n<div id=\"45135129493\" class=\"J_module\">\n<div id=\"ali-anchor-AliMagic-7ter6l\" data-reactroot=\"\" data-section=\"AliMagic-7ter6l\" data-section-title=\"FAQ\">FAQ<\/div>\n<div data-reactroot=\"\" data-section=\"AliMagic-7ter6l\" data-section-title=\"FAQ\"><\/div>\n<\/div>\n<\/div>\n<\/div>\n<\/div>\n<div class=\"editor-component-row editor-component-row-relative\">\n<div class=\"editor-component-container\">\n<div class=\"previewer-item-wrap\">\n<div id=\"45135129494\" class=\"J_module\">\n<div class=\"detail-decorate-json-renderer-container\" data-reactroot=\"\">\n<div>\n<div>\n<div>\n<div>\n<div class=\"preview-edit-text-editor\" data-reactroot=\"\">\n<div id=\"preview-edit-3\" class=\"content-editor\" tabindex=\"1\" contenteditable=\"true\">\n<p>Q1. \u00cates-vous un fabricant ou une soci\u00e9t\u00e9 commerciale ?<\/p>\n<div>\n<p>R : Nous sommes un fabricant professionnel avec 15 ans d'exp\u00e9rience dans l'industrie.<\/p>\n<p>Q2.Comment pouvons-nous garantir la qualit\u00e9 ?<br \/>\nR : Un \u00e9chantillon est toujours pr\u00e9lev\u00e9 avant la production en s\u00e9rie et un contr\u00f4le final est effectu\u00e9 avant l'exp\u00e9dition.<\/p>\n<p>Q3. Fournissez-vous des \u00e9chantillons ?<br \/>\nR:Oui, nous pouvons offrir des \u00e9chantillons de pi\u00e8ces de convoyeur gratuitement, mais l'acheteur doit payer les frais d'exp\u00e9dition.<\/p>\n<p>Q4. Quel est le mode de paiement ?<\/p>\n<div>\n<p>R : T\/T, L\/C \u00e0 vue, Paypal, Western Union sont tous accept\u00e9s. Si vous avez d'autres moyens de paiement, veuillez me contacter.<\/p>\n<p>Q5.Quel est le d\u00e9lai de livraison ?<br \/>\nR : En g\u00e9n\u00e9ral, le d\u00e9lai est de 5 \u00e0 10 jours si les marchandises sont en stock, ou de 15 \u00e0 20 jours si les marchandises ne sont pas en stock.<br \/>\nquantit\u00e9.<\/p>\n<p>Q6. Quel est le mode d'exp\u00e9dition ?<br \/>\nR : Par voie maritime ou a\u00e9rienne, Fedex, DHL, UPS, TNT, etc.<\/p>\n<p>Q7. Votre produit b\u00e9n\u00e9ficie-t-il d'une p\u00e9riode de garantie ?<\/p>\n<div>\n<p>R : Nos produits sont g\u00e9n\u00e9ralement garantis un an. Nous disposons d'une solide force technique, d'une capacit\u00e9 de d\u00e9veloppement de produits et d'une \u00e9quipe professionnelle de service apr\u00e8s-vente.<\/p>\n<p>Q8 : Qu'en est-il du service apr\u00e8s-vente ?<\/p>\n<div>R : Pas de probl\u00e8me, le service client\u00e8le en ligne est \u00e0 votre disposition 24 heures sur 24, il fournit gratuitement des conseils \u00e0 distance pour les machines et les \u00e9quipements, nous pouvons \u00e9galement envoyer nos ing\u00e9nieurs sur le site pour installer ou r\u00e9parer la machine, le cas \u00e9ch\u00e9ant, mais cela n'est pas n\u00e9cessaire.<br \/>\npeut entra\u00eener des frais. Si vous avez des questions, vous pouvez y r\u00e9pondre \u00e0 temps via WhatsApp ou WeChat.<\/p>\n<div><span style=\"color: #2196ed;\">Si vous avez d'autres questions, n'h\u00e9sitez pas \u00e0 me contacter.<\/span><\/div>\n<\/div>\n<\/div>\n<\/div>\n<\/div>\n<\/div>\n<\/div>\n<\/div>\n<\/div>\n<\/div>\n<\/div>\n<\/div>\n<\/div>\n<\/div>\n<\/div>\n<\/div>\n<\/div>","protected":false},"excerpt":{"rendered":"<p>Convoyeur mobile convoyeur \u00e0 roulettes convoyeur \u00e0 roulettes syst\u00e8me de convoyage compatible Transportador Convoyeur Convoyeur bande<\/p>","protected":false},"featured_media":5549,"template":"","meta":{"_acf_changed":false,"_seopress_robots_primary_cat":"none","_seopress_titles_title":"Baffle Double Guardrail Belt Conveyors Adjustable Speed Conveyor Systems Aluminium Alloy Frame Conveyor for Industrial Transport","_seopress_titles_desc":"Mobile conveyor conveyor with casters conveyor with casters compatible conveyor system Transportador Convoyeur Convoyeur bande","_seopress_robots_index":"","_uag_custom_page_level_css":"","site-sidebar-layout":"default","site-content-layout":"","ast-site-content-layout":"default","site-content-style":"default","site-sidebar-style":"default","ast-global-header-display":"","ast-banner-title-visibility":"","ast-main-header-display":"","ast-hfb-above-header-display":"","ast-hfb-below-header-display":"","ast-hfb-mobile-header-display":"","site-post-title":"","ast-breadcrumbs-content":"","ast-featured-img":"","footer-sml-layout":"","theme-transparent-header-meta":"default","adv-header-id-meta":"","stick-header-meta":"","header-above-stick-meta":"","header-main-stick-meta":"","header-below-stick-meta":"","astra-migrate-meta-layouts":"set","ast-page-background-enabled":"default","ast-page-background-meta":{"desktop":{"background-color":"","background-image":"","background-repeat":"repeat","background-position":"center center","background-size":"auto","background-attachment":"scroll","background-type":"","background-media":"","overlay-type":"","overlay-color":"","overlay-opacity":"","overlay-gradient":""},"tablet":{"background-color":"","background-image":"","background-repeat":"repeat","background-position":"center center","background-size":"auto","background-attachment":"scroll","background-type":"","background-media":"","overlay-type":"","overlay-color":"","overlay-opacity":"","overlay-gradient":""},"mobile":{"background-color":"","background-image":"","background-repeat":"repeat","background-position":"center center","background-size":"auto","background-attachment":"scroll","background-type":"","background-media":"","overlay-type":"","overlay-color":"","overlay-opacity":"","overlay-gradient":""}},"ast-content-background-meta":{"desktop":{"background-color":"var(--ast-global-color-5)","background-image":"","background-repeat":"repeat","background-position":"center center","background-size":"auto","background-attachment":"scroll","background-type":"","background-media":"","overlay-type":"","overlay-color":"","overlay-opacity":"","overlay-gradient":""},"tablet":{"background-color":"var(--ast-global-color-5)","background-image":"","background-repeat":"repeat","background-position":"center center","background-size":"auto","background-attachment":"scroll","background-type":"","background-media":"","overlay-type":"","overlay-color":"","overlay-opacity":"","overlay-gradient":""},"mobile":{"background-color":"var(--ast-global-color-5)","background-image":"","background-repeat":"repeat","background-position":"center center","background-size":"auto","background-attachment":"scroll","background-type":"","background-media":"","overlay-type":"","overlay-color":"","overlay-opacity":"","overlay-gradient":""}}},"product_brand":[131],"product_cat":[96],"product_tag":[556,174,120,555,554,323,172,191,557],"class_list":{"0":"post-5499","1":"product","2":"type-product","3":"status-publish","4":"has-post-thumbnail","6":"product_brand-chenming","7":"product_cat-belt-conveyor","8":"product_tag-adjustable-height-belt-conveyor","9":"product_tag-automated-conveyor-system","10":"product_tag-belt-conveyor","11":"product_tag-conveyor-belt-speed-sensor","12":"product_tag-conveyor-for-sale","13":"product_tag-conveyor-system","14":"product_tag-flat-belt-conveyor","15":"product_tag-small-conveyor-belt-system","16":"product_tag-transportador","17":"desktop-align-center","18":"tablet-align-center","19":"mobile-align-left","20":"ast-product-gallery-layout-horizontal-slider","21":"ast-product-tabs-layout-horizontal","22":"ast-qv-on-image","24":"first","25":"instock","26":"sale","27":"shipping-taxable","28":"purchasable","29":"product-type-simple"},"acf":[],"uagb_featured_image_src":{"full":["https:\/\/www.ai-chenming.com\/wp-content\/uploads\/2025\/09\/0352d65c-d825-429c-a813-4d1f4895b724.png",1000,1000,false],"thumbnail":["https:\/\/www.ai-chenming.com\/wp-content\/uploads\/2025\/09\/0352d65c-d825-429c-a813-4d1f4895b724-150x150.png",150,150,true],"medium":["https:\/\/www.ai-chenming.com\/wp-content\/uploads\/2025\/09\/0352d65c-d825-429c-a813-4d1f4895b724-300x300.png",300,300,true],"medium_large":["https:\/\/www.ai-chenming.com\/wp-content\/uploads\/2025\/09\/0352d65c-d825-429c-a813-4d1f4895b724-768x768.png",768,768,true],"large":["https:\/\/www.ai-chenming.com\/wp-content\/uploads\/2025\/09\/0352d65c-d825-429c-a813-4d1f4895b724.png",1000,1000,false],"1536x1536":["https:\/\/www.ai-chenming.com\/wp-content\/uploads\/2025\/09\/0352d65c-d825-429c-a813-4d1f4895b724.png",1000,1000,false],"2048x2048":["https:\/\/www.ai-chenming.com\/wp-content\/uploads\/2025\/09\/0352d65c-d825-429c-a813-4d1f4895b724.png",1000,1000,false],"trp-custom-language-flag":["https:\/\/www.ai-chenming.com\/wp-content\/uploads\/2025\/09\/0352d65c-d825-429c-a813-4d1f4895b724-12x12.png",12,12,true],"woocommerce_thumbnail":["https:\/\/www.ai-chenming.com\/wp-content\/uploads\/2025\/09\/0352d65c-d825-429c-a813-4d1f4895b724-450x450.png",450,450,true],"woocommerce_single":["https:\/\/www.ai-chenming.com\/wp-content\/uploads\/2025\/09\/0352d65c-d825-429c-a813-4d1f4895b724-600x600.png",600,600,true],"woocommerce_gallery_thumbnail":["https:\/\/www.ai-chenming.com\/wp-content\/uploads\/2025\/09\/0352d65c-d825-429c-a813-4d1f4895b724-100x100.png",100,100,true]},"uagb_author_info":{"display_name":"chenming","author_link":"https:\/\/www.ai-chenming.com\/fr\/author\/"},"uagb_comment_info":0,"uagb_excerpt":"Mobile conveyor conveyor with casters conveyor with casters compatible conveyor system Transportador Convoyeur Convoyeur bande","_links":{"self":[{"href":"https:\/\/www.ai-chenming.com\/fr\/wp-json\/wp\/v2\/product\/5499","targetHints":{"allow":["GET"]}}],"collection":[{"href":"https:\/\/www.ai-chenming.com\/fr\/wp-json\/wp\/v2\/product"}],"about":[{"href":"https:\/\/www.ai-chenming.com\/fr\/wp-json\/wp\/v2\/types\/product"}],"wp:featuredmedia":[{"embeddable":true,"href":"https:\/\/www.ai-chenming.com\/fr\/wp-json\/wp\/v2\/media\/5549"}],"wp:attachment":[{"href":"https:\/\/www.ai-chenming.com\/fr\/wp-json\/wp\/v2\/media?parent=5499"}],"wp:term":[{"taxonomy":"product_brand","embeddable":true,"href":"https:\/\/www.ai-chenming.com\/fr\/wp-json\/wp\/v2\/product_brand?post=5499"},{"taxonomy":"product_cat","embeddable":true,"href":"https:\/\/www.ai-chenming.com\/fr\/wp-json\/wp\/v2\/product_cat?post=5499"},{"taxonomy":"product_tag","embeddable":true,"href":"https:\/\/www.ai-chenming.com\/fr\/wp-json\/wp\/v2\/product_tag?post=5499"}],"curies":[{"name":"wp","href":"https:\/\/api.w.org\/{rel}","templated":true}]}}