{"id":5425,"date":"2025-09-02T09:18:55","date_gmt":"2025-09-02T09:18:55","guid":{"rendered":"https:\/\/www.ai-chenming.com\/?post_type=product&#038;p=5425"},"modified":"2025-09-23T06:07:48","modified_gmt":"2025-09-23T06:07:48","slug":"304-stainless-steel-belt-conveyor-chicken-fillet-conveyor-wire-mesh-conveyor-for-food-production-line","status":"publish","type":"product","link":"https:\/\/www.ai-chenming.com\/fr\/produit\/304-stainless-steel-belt-conveyor-chicken-fillet-conveyor-wire-mesh-conveyor-for-food-production-line\/","title":{"rendered":"Convoyeur \u00e0 bande en acier inoxydable 304 Convoyeur de filets de poulet Convoyeur \u00e0 treillis m\u00e9tallique pour ligne de production alimentaire"},"content":{"rendered":"<div class=\"editor-component-row editor-component-row-relative\">\n<div class=\"editor-component-container\">\n<div class=\"previewer-item-wrap\">\n<div id=\"44424613589\" class=\"J_module\">\n<div id=\"ali-anchor-AliMagic-eubwba\" data-reactroot=\"\" data-section=\"AliMagic-eubwba\" data-section-title=\"Product Description\" data-spm-anchor-id=\"a2700.pc-decorate.0.i2.467e33338QXLyR\">Description du produit<\/div>\n<\/div>\n<\/div>\n<div class=\"editor-component-container-mask\"><img alt=\"\" fetchpriority=\"high\" decoding=\"async\" class=\"wp-image-7084 aligncenter\" src=\"https:\/\/www.ai-chenming.com\/wp-content\/uploads\/2025\/09\/96-300x300.png\" width=\"360\" height=\"360\" srcset=\"https:\/\/www.ai-chenming.com\/wp-content\/uploads\/2025\/09\/96-300x300.png 300w, https:\/\/www.ai-chenming.com\/wp-content\/uploads\/2025\/09\/96-1024x1024.png 1024w, https:\/\/www.ai-chenming.com\/wp-content\/uploads\/2025\/09\/96-150x150.png 150w, https:\/\/www.ai-chenming.com\/wp-content\/uploads\/2025\/09\/96-768x768.png 768w, https:\/\/www.ai-chenming.com\/wp-content\/uploads\/2025\/09\/96-12x12.png 12w, https:\/\/www.ai-chenming.com\/wp-content\/uploads\/2025\/09\/96-450x450.png 450w, https:\/\/www.ai-chenming.com\/wp-content\/uploads\/2025\/09\/96-600x600.png 600w, https:\/\/www.ai-chenming.com\/wp-content\/uploads\/2025\/09\/96-100x100.png 100w, https:\/\/www.ai-chenming.com\/wp-content\/uploads\/2025\/09\/96.png 1280w\" sizes=\"(max-width: 360px) 100vw, 360px\" \/><\/div>\n<div>Le convoyeur \u00e0 bande \u00e0 mailles m\u00e9talliques peut \u00eatre entra\u00een\u00e9 par un pignon et un rouleau, deux modes d'entra\u00eenement. La bande transporteuse est fabriqu\u00e9e en acier inoxydable, qui pr\u00e9sente les caract\u00e9ristiques suivantes : haute r\u00e9sistance, faible \u00e9lasticit\u00e9, d\u00e9formation facile, entretien facile, hygi\u00e8ne, r\u00e9sistance \u00e0 la corrosion, r\u00e9sistance aux temp\u00e9ratures \u00e9lev\u00e9es ou aux environnements difficiles, fonctionnement stable, belle apparence et dur\u00e9e de vie. Il convient au s\u00e9chage, \u00e0 la cuisson, \u00e0 la friture, au nettoyage, \u00e0 la d\u00e9shumidification, \u00e0 la cong\u00e9lation et \u00e0 d'autres liens dans diverses industries alimentaires. Il peut \u00e9galement \u00eatre utilis\u00e9 dans les industries pharmaceutiques et chimiques quotidiennes.<\/div>\n<div><img alt=\"\" decoding=\"async\" class=\"wp-image-6769 aligncenter\" src=\"https:\/\/www.ai-chenming.com\/wp-content\/uploads\/2025\/09\/6-2-300x212.png\" width=\"364\" height=\"257\" srcset=\"https:\/\/www.ai-chenming.com\/wp-content\/uploads\/2025\/09\/6-2-300x212.png 300w, https:\/\/www.ai-chenming.com\/wp-content\/uploads\/2025\/09\/6-2-1024x724.png 1024w, https:\/\/www.ai-chenming.com\/wp-content\/uploads\/2025\/09\/6-2-768x543.png 768w, https:\/\/www.ai-chenming.com\/wp-content\/uploads\/2025\/09\/6-2-1536x1086.png 1536w, https:\/\/www.ai-chenming.com\/wp-content\/uploads\/2025\/09\/6-2-2048x1448.png 2048w, https:\/\/www.ai-chenming.com\/wp-content\/uploads\/2025\/09\/6-2-18x12.png 18w, https:\/\/www.ai-chenming.com\/wp-content\/uploads\/2025\/09\/6-2-600x424.png 600w\" sizes=\"(max-width: 364px) 100vw, 364px\" \/><\/div>\n<div><\/div>\n<\/div>\n<\/div>\n<div class=\"editor-component-row editor-component-row-relative\">\n<div class=\"editor-component-container\">\n<div class=\"previewer-item-wrap\">\n<div id=\"44424613590\" class=\"J_module\">\n<div class=\"icbu-pc-images\" data-reactroot=\"\">\n<div>\n<div class=\"flex-layout-v\">\n<div class=\"flex-layout-h\">\n<div>\n<div class=\"preview-image-edit\">\n<div class=\"preview-edit-image-item\" data-reactroot=\"\">\n<table>\n<tbody>\n<tr>\n<td><b><span data-spm-anchor-id=\"a2700.pc-decorate.0.i47.4d3a3333VxLmXu\">Nom du produit<\/span><\/b><\/td>\n<td>\n<div data-spm-anchor-id=\"a2700.pc-decorate.0.i214.37ce3333T9MSYh\">Convoyeur \u00e0 bande en acier inoxydable<\/div>\n<\/td>\n<\/tr>\n<tr>\n<td><b>Marque<\/b><\/td>\n<td>\n<div>Chenming<\/div>\n<\/td>\n<\/tr>\n<tr>\n<td><b>L'industrie<\/b><\/td>\n<td>\n<div data-spm-anchor-id=\"a2700.pc-decorate.0.i206.37ce3333T9MSYh\">Usines, autres industries<\/div>\n<\/td>\n<\/tr>\n<tr>\n<td><b>condition<\/b><\/td>\n<td>\n<div data-spm-anchor-id=\"a2700.pc-decorate.0.i56.6fb633337wkzbm\">Nouveau<\/div>\n<\/td>\n<\/tr>\n<tr>\n<td><b>Longueur*Largeur*Hauteur<\/b><\/td>\n<td>\n<div>Taille personnalis\u00e9e<\/div>\n<\/td>\n<\/tr>\n<tr>\n<td><b>Mat\u00e9riau du cadre<\/b><\/td>\n<td>\n<div data-spm-anchor-id=\"a2700.pc-decorate.0.i220.37ce3333T9MSYh\">Carton en acier<\/div>\n<\/td>\n<\/tr>\n<tr>\n<td><b>Mat\u00e9riau de la ceinture<\/b><\/td>\n<td>\n<div data-spm-anchor-id=\"a2700.pc-decorate.0.i221.37ce3333T9MSYh\"><span data-spm-anchor-id=\"a2700.pc-decorate.0.i49.6fb633337wkzbm\">Acier inoxydable<\/span><\/div>\n<\/td>\n<\/tr>\n<tr>\n<td><b>Vitesse<\/b><\/td>\n<td>\n<div><span data-spm-anchor-id=\"a2700.pc-decorate.0.i50.6fb633337wkzbm\">0 - 30 m\/MIN r\u00e9glable<\/span><\/div>\n<\/td>\n<\/tr>\n<tr>\n<td><b>Alimentation \u00e9lectrique<\/b><\/td>\n<td>\n<div>220 V<\/div>\n<\/td>\n<\/tr>\n<tr>\n<td><b>Test du convoyeur<\/b><\/td>\n<td>\n<div><span data-spm-anchor-id=\"a2700.pc-decorate.0.i222.37ce3333T9MSYh\">Avant d'\u00eatre exp\u00e9di\u00e9s, tous les convoyeurs sont test\u00e9s.<\/span><\/div>\n<\/td>\n<\/tr>\n<tr>\n<td><b>Garantie<\/b><\/td>\n<td>\n<div>Garantie d'un an, des services d'ing\u00e9nierie peuvent \u00eatre fournis<\/div>\n<\/td>\n<\/tr>\n<tr>\n<td><b>Paquet<\/b><\/td>\n<td>\n<div>Selon la taille du convoyeur<\/div>\n<\/td>\n<\/tr>\n<\/tbody>\n<\/table>\n<\/div>\n<\/div>\n<p>&nbsp;<\/p>\n<\/div>\n<\/div>\n<\/div>\n<\/div>\n<div class=\"text-wrapper-below text-theme-dark text-align-left\">\n<div class=\"text-title\" data-id=\"below-title\">\n<div class=\"preview-edit-text-editor\" data-reactroot=\"\">\n<div id=\"preview-edit-2\" class=\"content-editor\" tabindex=\"1\" contenteditable=\"true\"><b><span style=\"color: #ea9924;\">Convoyeur \u00e0 bande en acier inoxydable\u00a0<\/span><\/b><\/div>\n<\/div>\n<\/div>\n<div class=\"text-content\" data-id=\"below-content\">\n<div class=\"preview-edit-text-editor\" data-reactroot=\"\">\n<div id=\"preview-edit-1\" class=\"content-editor\" tabindex=\"1\" contenteditable=\"true\">\n<div><span style=\"color: #000000;\"><sub><b>--Hygi\u00e9nique, stable et personnalisable pour l'industrie alimentaire<\/b><\/sub><\/span><\/div>\n<div><\/div>\n<p><span style=\"color: #ea9924; font-family: Arial;\"><b>Ce convoyeur \u00e0 mailles en acier inoxydable est sp\u00e9cialement con\u00e7u pour l'industrie alimentaire. Fabriqu\u00e9 en acier inoxydable de haute qualit\u00e9, il offre une excellente r\u00e9sistance aux temp\u00e9ratures \u00e9lev\u00e9es, \u00e0 la corrosion et \u00e0 l'humidit\u00e9, garantissant ainsi hygi\u00e8ne et durabilit\u00e9. Le convoyeur fonctionne en douceur gr\u00e2ce \u00e0 des types et des tailles de bandes grillag\u00e9es personnalisables pour s'adapter aux diff\u00e9rents processus de manipulation des aliments, tels que la cuisson, le refroidissement, le nettoyage ou le s\u00e9chage. Facile \u00e0 nettoyer et \u00e0 entretenir, il r\u00e9pond parfaitement aux normes de s\u00e9curit\u00e9 alimentaire et contribue \u00e0 am\u00e9liorer l'efficacit\u00e9 et l'automatisation de la production.<\/b><\/span><\/p>\n<div><span style=\"font-family: Arial;\"><b><span style=\"color: #000000;\">Caract\u00e9ristiques principales :<\/span><span style=\"color: #000000;\"><br \/>\n<\/span><\/b><\/span><\/div>\n<div><span style=\"color: #000000;\"><span style=\"font-family: Arial;\"><b>\u00a0<\/b><\/span><\/span><\/div>\n<div><span style=\"font-family: Arial;\"><b><span style=\"color: #f23a3a;\">1. acier inoxydable de qualit\u00e9 alimentaire - s\u00fbr, hygi\u00e9nique et r\u00e9sistant \u00e0 la corrosion.<br \/>\n2. r\u00e9sistance aux temp\u00e9ratures \u00e9lev\u00e9es - id\u00e9al pour la cuisson, le s\u00e9chage et d'autres processus li\u00e9s \u00e0 la chaleur.<br \/>\n3. conception personnalisable - type de maille, largeur et longueur adapt\u00e9s \u00e0 vos besoins de production.<br \/>\n4. fonctionnement r\u00e9gulier et stable - assure une manipulation continue et fiable des aliments.<br \/>\n5) Facile \u00e0 nettoyer et \u00e0 entretenir - Con\u00e7u pour un nettoyage rapide afin de r\u00e9pondre aux normes sanitaires strictes.<br \/>\n6) Applications polyvalentes - Convient aux lignes de traitement des produits de boulangerie, des fruits de mer, de la viande, des l\u00e9gumes et des snacks.<\/span><\/b><\/span><\/div>\n<\/div>\n<\/div>\n<\/div>\n<\/div>\n<\/div>\n<\/div>\n<\/div>\n<div class=\"editor-component-container-mask\"><\/div>\n<\/div>\n<\/div>\n<div class=\"editor-component-row editor-component-row-relative\">\n<div class=\"editor-component-container\">\n<div class=\"previewer-item-wrap\">\n<div id=\"44424613606\" class=\"J_module\">\n<div class=\"detail-decorate-json-renderer-container\" data-reactroot=\"\">\n<div>\n<div>\n<div>\n<div>\n<div class=\"preview-edit-text-editor\" data-reactroot=\"\">\n<div id=\"preview-edit-4\" class=\"content-editor\" tabindex=\"1\" contenteditable=\"true\"><b>L'entreprise adh\u00e8re \u00e0 la philosophie d'entreprise \"s\u00e9curit\u00e9, travail acharn\u00e9 et responsabilit\u00e9\" et cr\u00e9e un bon environnement d'entreprise avec int\u00e9grit\u00e9, des r\u00e9sultats gagnant-gagnant et une philosophie d'entreprise pionni\u00e8re. Gr\u00e2ce \u00e0 un tout nouveau mode de gestion et \u00e0 une technologie parfaite, un service attentionn\u00e9 et une excellente qualit\u00e9 sont les fondements de notre survie. Nous adh\u00e9rons toujours au principe du client d'abord et servons les clients attentivement, pour impressionner les clients avec leurs propres services, avec 100% confiance et enthousiasme, joindre les mains pour cr\u00e9er vous et moi partageons la marque de la plus haute qualit\u00e9.<\/b><\/div>\n<\/div>\n<\/div>\n<\/div>\n<\/div>\n<\/div>\n<\/div>\n<\/div>\n<\/div>\n<\/div>\n<\/div>\n<div class=\"editor-component-row editor-component-row-relative\">\n<div class=\"editor-component-container\">\n<div class=\"editor-component-container-mask\"><\/div>\n<\/div>\n<\/div>\n<div class=\"editor-component-row editor-component-row-relative\">\n<div class=\"editor-component-container\">\n<div class=\"previewer-item-wrap\">\n<div id=\"44424613614\" class=\"J_module\">\n<div id=\"ali-anchor-AliMagic-m0j55f\" data-reactroot=\"\" data-section=\"AliMagic-m0j55f\" data-section-title=\"FAQ\">FAQ<\/div>\n<\/div>\n<\/div>\n<div class=\"editor-component-container-mask\"><\/div>\n<\/div>\n<\/div>\n<div class=\"editor-component-row editor-component-row-relative\">\n<div class=\"editor-component-container\">\n<div class=\"previewer-item-wrap\">\n<div id=\"44424613615\" class=\"J_module\">\n<div class=\"detail-decorate-json-renderer-container\" data-reactroot=\"\">\n<div>\n<div>\n<div>\n<div>\n<div class=\"preview-edit-text-editor\" data-reactroot=\"\">\n<div id=\"preview-edit-3\" class=\"content-editor\" tabindex=\"1\" contenteditable=\"true\"><b><\/b><b>Q1 : \u00cates-vous une soci\u00e9t\u00e9 commerciale ou un fabricant ?<\/b><br \/>\nR : Nous sommes une usine.<b>Q2:Acceptez-vous les OEM ou ODM ? A2:Oui, mais nous avons des exigences en mati\u00e8re de quantit\u00e9. Veuillez nous contacter directement.<br \/>\n<\/b><br \/>\n<b>Q3:Quel est le mode de paiement de votre entreprise ?<\/b><br \/>\nA3:T\/T, L\/C \u00e0 vue, Paypal, Western Union<b>Q4:Quel est le mode d'exp\u00e9dition ?<\/b><br \/>\nA4:Par voie maritime, a\u00e9rienne, Fedex, DHL, UPS, TNT, etc.<\/p>\n<p><b>Q5 : Quel est le d\u00e9lai de livraison ?<\/b><br \/>\nA5 : En g\u00e9n\u00e9ral, le d\u00e9lai est de 5 \u00e0 10 jours si les marchandises sont en stock, ou de 15 \u00e0 20 jours si les marchandises ne sont pas en stock, en fonction de l'\u00e9tat des stocks.<br \/>\nquantit\u00e9.<\/p>\n<p><b>Q6 : Comment est votre service ?<\/b><br \/>\nA6\uff1aDon't worry, we have professionals at your service 24 hours a day.<\/p>\n<p><span style=\"color: #ed1313;\"><b>Si vous avez d'autres questions, n'h\u00e9sitez pas \u00e0 nous contacter.<br \/>\nWhatsapp\/Phone:+8615554111350<\/b><\/span><\/p>\n<div>\n<div><\/div>\n<\/div>\n<\/div>\n<\/div>\n<\/div>\n<\/div>\n<\/div>\n<\/div>\n<\/div>\n<\/div>\n<\/div>\n<div class=\"editor-component-container-mask\"><\/div>\n<\/div>\n<\/div>\n<div class=\"editor-component-row editor-component-row-relative\">\n<div class=\"editor-component-container\">\n<div class=\"previewer-item-wrap\">\n<div id=\"44424613616\" class=\"J_module\">\n<div class=\"icbu-pc-images\" data-reactroot=\"\">\n<div>\n<div class=\"flex-layout-v\">\n<div class=\"flex-layout-h\">\n<div>\n<div class=\"preview-image-edit\">\n<div class=\"preview-edit-image-item\" data-reactroot=\"\">\n<div class=\"toolbar\">\n<div><\/div>\n<div><\/div>\n<div><\/div>\n<div class=\"\">\n<p>&nbsp;<\/p>\n<div class=\"intl-pui-product-select\">\n<div><\/div>\n<\/div>\n<\/div>\n<\/div>\n<\/div>\n<\/div>\n<p><img decoding=\"async\" src=\"https:\/\/sc04.alicdn.com\/kf\/H8864bd629f6f42bab08f4f7083a8830bq\/284464100\/H8864bd629f6f42bab08f4f7083a8830bq.jpg\" data-id=\"child-image-0\" \/><\/p>\n<\/div>\n<\/div>\n<\/div>\n<\/div>\n<\/div>\n<\/div>\n<\/div>\n<\/div>\n<\/div>","protected":false},"excerpt":{"rendered":"<p>Bande transporteuse \u00e0 mailles en acier inoxydable de qualit\u00e9 alimentaire<\/p>","protected":false},"featured_media":5430,"template":"","meta":{"_acf_changed":false,"_seopress_robots_primary_cat":"none","_seopress_titles_title":"304 Stainless Steel Belt Conveyor Chicken Fillet Conveyor Wire Mesh Conveyor for Food Production Line","_seopress_titles_desc":"Food grade Product line stainless Steel Wire Mesh Conveyor Belt","_seopress_robots_index":"","_uag_custom_page_level_css":"","site-sidebar-layout":"default","site-content-layout":"","ast-site-content-layout":"default","site-content-style":"default","site-sidebar-style":"default","ast-global-header-display":"","ast-banner-title-visibility":"","ast-main-header-display":"","ast-hfb-above-header-display":"","ast-hfb-below-header-display":"","ast-hfb-mobile-header-display":"","site-post-title":"","ast-breadcrumbs-content":"","ast-featured-img":"","footer-sml-layout":"","theme-transparent-header-meta":"default","adv-header-id-meta":"","stick-header-meta":"","header-above-stick-meta":"","header-main-stick-meta":"","header-below-stick-meta":"","astra-migrate-meta-layouts":"set","ast-page-background-enabled":"default","ast-page-background-meta":{"desktop":{"background-color":"","background-image":"","background-repeat":"repeat","background-position":"center center","background-size":"auto","background-attachment":"scroll","background-type":"","background-media":"","overlay-type":"","overlay-color":"","overlay-opacity":"","overlay-gradient":""},"tablet":{"background-color":"","background-image":"","background-repeat":"repeat","background-position":"center center","background-size":"auto","background-attachment":"scroll","background-type":"","background-media":"","overlay-type":"","overlay-color":"","overlay-opacity":"","overlay-gradient":""},"mobile":{"background-color":"","background-image":"","background-repeat":"repeat","background-position":"center center","background-size":"auto","background-attachment":"scroll","background-type":"","background-media":"","overlay-type":"","overlay-color":"","overlay-opacity":"","overlay-gradient":""}},"ast-content-background-meta":{"desktop":{"background-color":"var(--ast-global-color-5)","background-image":"","background-repeat":"repeat","background-position":"center center","background-size":"auto","background-attachment":"scroll","background-type":"","background-media":"","overlay-type":"","overlay-color":"","overlay-opacity":"","overlay-gradient":""},"tablet":{"background-color":"var(--ast-global-color-5)","background-image":"","background-repeat":"repeat","background-position":"center center","background-size":"auto","background-attachment":"scroll","background-type":"","background-media":"","overlay-type":"","overlay-color":"","overlay-opacity":"","overlay-gradient":""},"mobile":{"background-color":"var(--ast-global-color-5)","background-image":"","background-repeat":"repeat","background-position":"center center","background-size":"auto","background-attachment":"scroll","background-type":"","background-media":"","overlay-type":"","overlay-color":"","overlay-opacity":"","overlay-gradient":""}}},"product_brand":[131],"product_cat":[96],"product_tag":[120,121,384,526,524,523,525],"class_list":{"0":"post-5425","1":"product","2":"type-product","3":"status-publish","4":"has-post-thumbnail","6":"product_brand-chenming","7":"product_cat-belt-conveyor","8":"product_tag-belt-conveyor","9":"product_tag-food-grade-belt-conveyor","10":"product_tag-food-grade","11":"product_tag-product-line","12":"product_tag-stainless-steel-material","13":"product_tag-stainless-steel-wire-mesh-belt-conveyor","14":"product_tag-straight-conveyor","15":"desktop-align-center","16":"tablet-align-center","17":"mobile-align-left","18":"ast-product-gallery-layout-horizontal-slider","19":"ast-product-tabs-layout-horizontal","20":"ast-qv-on-image","22":"first","23":"instock","24":"sale","25":"shipping-taxable","26":"purchasable","27":"product-type-simple"},"acf":[],"uagb_featured_image_src":{"full":["https:\/\/www.ai-chenming.com\/wp-content\/uploads\/2025\/09\/Hdacede7c01f1494ebbd670c4179db400b.avif",640,640,false],"thumbnail":["https:\/\/www.ai-chenming.com\/wp-content\/uploads\/2025\/09\/Hdacede7c01f1494ebbd670c4179db400b-150x150.avif",150,150,true],"medium":["https:\/\/www.ai-chenming.com\/wp-content\/uploads\/2025\/09\/Hdacede7c01f1494ebbd670c4179db400b-300x300.avif",300,300,true],"medium_large":["https:\/\/www.ai-chenming.com\/wp-content\/uploads\/2025\/09\/Hdacede7c01f1494ebbd670c4179db400b.avif",640,640,false],"large":["https:\/\/www.ai-chenming.com\/wp-content\/uploads\/2025\/09\/Hdacede7c01f1494ebbd670c4179db400b.avif",640,640,false],"1536x1536":["https:\/\/www.ai-chenming.com\/wp-content\/uploads\/2025\/09\/Hdacede7c01f1494ebbd670c4179db400b.avif",640,640,false],"2048x2048":["https:\/\/www.ai-chenming.com\/wp-content\/uploads\/2025\/09\/Hdacede7c01f1494ebbd670c4179db400b.avif",640,640,false],"trp-custom-language-flag":["https:\/\/www.ai-chenming.com\/wp-content\/uploads\/2025\/09\/Hdacede7c01f1494ebbd670c4179db400b-12x12.avif",12,12,true],"woocommerce_thumbnail":["https:\/\/www.ai-chenming.com\/wp-content\/uploads\/2025\/09\/Hdacede7c01f1494ebbd670c4179db400b-450x450.avif",450,450,true],"woocommerce_single":["https:\/\/www.ai-chenming.com\/wp-content\/uploads\/2025\/09\/Hdacede7c01f1494ebbd670c4179db400b-600x600.avif",600,600,true],"woocommerce_gallery_thumbnail":["https:\/\/www.ai-chenming.com\/wp-content\/uploads\/2025\/09\/Hdacede7c01f1494ebbd670c4179db400b-100x100.avif",100,100,true]},"uagb_author_info":{"display_name":"chenming","author_link":"https:\/\/www.ai-chenming.com\/fr\/author\/"},"uagb_comment_info":0,"uagb_excerpt":"Food grade Product line stainless Steel Wire Mesh Conveyor Belt","_links":{"self":[{"href":"https:\/\/www.ai-chenming.com\/fr\/wp-json\/wp\/v2\/product\/5425","targetHints":{"allow":["GET"]}}],"collection":[{"href":"https:\/\/www.ai-chenming.com\/fr\/wp-json\/wp\/v2\/product"}],"about":[{"href":"https:\/\/www.ai-chenming.com\/fr\/wp-json\/wp\/v2\/types\/product"}],"wp:featuredmedia":[{"embeddable":true,"href":"https:\/\/www.ai-chenming.com\/fr\/wp-json\/wp\/v2\/media\/5430"}],"wp:attachment":[{"href":"https:\/\/www.ai-chenming.com\/fr\/wp-json\/wp\/v2\/media?parent=5425"}],"wp:term":[{"taxonomy":"product_brand","embeddable":true,"href":"https:\/\/www.ai-chenming.com\/fr\/wp-json\/wp\/v2\/product_brand?post=5425"},{"taxonomy":"product_cat","embeddable":true,"href":"https:\/\/www.ai-chenming.com\/fr\/wp-json\/wp\/v2\/product_cat?post=5425"},{"taxonomy":"product_tag","embeddable":true,"href":"https:\/\/www.ai-chenming.com\/fr\/wp-json\/wp\/v2\/product_tag?post=5425"}],"curies":[{"name":"wp","href":"https:\/\/api.w.org\/{rel}","templated":true}]}}