{"id":5415,"date":"2025-09-02T08:56:25","date_gmt":"2025-09-02T08:56:25","guid":{"rendered":"https:\/\/www.ai-chenming.com\/?post_type=product&#038;p=5415"},"modified":"2025-09-23T06:13:36","modified_gmt":"2025-09-23T06:13:36","slug":"plastic-modular-belt-elevator-conveyor-for-food-industry-bucket-inclined-elevator-conveyor-small-inclined-modular-belt-conveyor","status":"publish","type":"product","link":"https:\/\/www.ai-chenming.com\/fr\/produit\/plastic-modular-belt-elevator-conveyor-for-food-industry-bucket-inclined-elevator-conveyor-small-inclined-modular-belt-conveyor\/","title":{"rendered":"Convoyeur \u00e0 bande modulaire en plastique pour l'industrie alimentaire Convoyeur \u00e9l\u00e9vateur inclin\u00e9 \u00e0 godets Petit convoyeur \u00e0 bande modulaire inclin\u00e9"},"content":{"rendered":"<div class=\"editor-component-row editor-component-row-relative\">\n<div class=\"editor-component-container\">\n<div class=\"previewer-item-wrap\">\n<div id=\"44397699875\" class=\"J_module\">\n<div id=\"ali-anchor-AliMagic-hmgw6x\" data-reactroot=\"\" data-section=\"AliMagic-hmgw6x\" data-section-title=\"Product Description\" data-spm-anchor-id=\"a2700.pc-decorate.0.i3.2eac3333U8FS8l\">Description du produit<\/div>\n<\/div>\n<\/div>\n<div class=\"editor-component-container-mask\">\n<div style=\"width: 1280px;\" class=\"wp-video\"><!--[if lt IE 9]><script>document.createElement('video');<\/script><![endif]-->\n<video class=\"wp-video-shortcode\" id=\"video-5415-1\" width=\"1280\" height=\"720\" preload=\"metadata\" controls=\"controls\"><source type=\"video\/mp4\" src=\"https:\/\/www.ai-chenming.com\/wp-content\/uploads\/2025\/08\/6000298062118.mp4?_=1\" \/><a href=\"https:\/\/www.ai-chenming.com\/wp-content\/uploads\/2025\/08\/6000298062118.mp4\">https:\/\/www.ai-chenming.com\/wp-content\/uploads\/2025\/08\/6000298062118.mp4<\/a><\/video><\/div>\n<p><img alt=\"\" fetchpriority=\"high\" decoding=\"async\" class=\"wp-image-7085 aligncenter\" src=\"https:\/\/www.ai-chenming.com\/wp-content\/uploads\/2025\/09\/97-300x300.png\" width=\"360\" height=\"360\" srcset=\"https:\/\/www.ai-chenming.com\/wp-content\/uploads\/2025\/09\/97-300x300.png 300w, https:\/\/www.ai-chenming.com\/wp-content\/uploads\/2025\/09\/97-1024x1024.png 1024w, https:\/\/www.ai-chenming.com\/wp-content\/uploads\/2025\/09\/97-150x150.png 150w, https:\/\/www.ai-chenming.com\/wp-content\/uploads\/2025\/09\/97-768x768.png 768w, https:\/\/www.ai-chenming.com\/wp-content\/uploads\/2025\/09\/97-12x12.png 12w, https:\/\/www.ai-chenming.com\/wp-content\/uploads\/2025\/09\/97-450x450.png 450w, https:\/\/www.ai-chenming.com\/wp-content\/uploads\/2025\/09\/97-600x600.png 600w, https:\/\/www.ai-chenming.com\/wp-content\/uploads\/2025\/09\/97-100x100.png 100w, https:\/\/www.ai-chenming.com\/wp-content\/uploads\/2025\/09\/97.png 1280w\" sizes=\"(max-width: 360px) 100vw, 360px\" \/><\/p>\n<p>Les bandes modulaires (\u00e9galement appel\u00e9es bandes transporteuses modulaires) sont assembl\u00e9es \u00e0 partir de modules standardis\u00e9s. Elles permettent une personnalisation souple de la longueur et de la largeur, et peuvent r\u00e9aliser des trajectoires de transport complexes telles que les virages et les mont\u00e9es. Fabriqu\u00e9es dans des mat\u00e9riaux tels que les plastiques techniques de qualit\u00e9 alimentaire, elles sont r\u00e9sistantes \u00e0 l'usure et \u00e0 la corrosion. Leur surface peut \u00eatre con\u00e7ue avec des structures telles que des motifs antid\u00e9rapants et des d\u00e9flecteurs, ce qui les rend adapt\u00e9s au transport de divers mat\u00e9riaux. Gr\u00e2ce \u00e0 leur facilit\u00e9 d'entretien (les modules individuels peuvent \u00eatre remplac\u00e9s), ils sont largement utilis\u00e9s dans les industries alimentaires, pharmaceutiques, logistiques et \u00e9lectroniques, et constituent des supports efficaces et adaptables pour le transport automatis\u00e9.<\/p>\n<p><img alt=\"\" decoding=\"async\" class=\"wp-image-6753 aligncenter\" src=\"https:\/\/www.ai-chenming.com\/wp-content\/uploads\/2025\/09\/7-2-300x212.png\" width=\"364\" height=\"257\" srcset=\"https:\/\/www.ai-chenming.com\/wp-content\/uploads\/2025\/09\/7-2-300x212.png 300w, https:\/\/www.ai-chenming.com\/wp-content\/uploads\/2025\/09\/7-2-1024x724.png 1024w, https:\/\/www.ai-chenming.com\/wp-content\/uploads\/2025\/09\/7-2-768x543.png 768w, https:\/\/www.ai-chenming.com\/wp-content\/uploads\/2025\/09\/7-2-1536x1086.png 1536w, https:\/\/www.ai-chenming.com\/wp-content\/uploads\/2025\/09\/7-2-2048x1448.png 2048w, https:\/\/www.ai-chenming.com\/wp-content\/uploads\/2025\/09\/7-2-18x12.png 18w, https:\/\/www.ai-chenming.com\/wp-content\/uploads\/2025\/09\/7-2-600x424.png 600w\" sizes=\"(max-width: 364px) 100vw, 364px\" \/><\/p>\n<\/div>\n<\/div>\n<\/div>\n<div class=\"editor-component-row editor-component-row-relative\">\n<div class=\"editor-component-container\">\n<div class=\"previewer-item-wrap\">\n<div id=\"44397699876\" class=\"J_module\">\n<div class=\"icbu-pc-images\" data-reactroot=\"\">\n<div>\n<div class=\"flex-layout-v\">\n<div class=\"flex-layout-h\">\n<div class=\"preview-image-edit\">\n<div class=\"preview-edit-image-item\" data-reactroot=\"\">\n<table>\n<tbody>\n<tr>\n<td><b><span data-spm-anchor-id=\"a2700.pc-decorate.0.i47.4d3a3333VxLmXu\">Nom du produit<\/span><\/b><\/td>\n<td>\n<div data-spm-anchor-id=\"a2700.pc-decorate.0.i214.37ce3333T9MSYh\">Convoyeur \u00e9l\u00e9vateur \u00e0 bande modulaire<\/div>\n<\/td>\n<\/tr>\n<tr>\n<td><b>Marque<\/b><\/td>\n<td>\n<div>Chenming<\/div>\n<\/td>\n<\/tr>\n<tr>\n<td><b>L'industrie<\/b><\/td>\n<td>\n<div data-spm-anchor-id=\"a2700.pc-decorate.0.i206.37ce3333T9MSYh\">Usines, autres industries<\/div>\n<\/td>\n<\/tr>\n<tr>\n<td><b>condition<\/b><\/td>\n<td>\n<div>Nouveau<\/div>\n<\/td>\n<\/tr>\n<tr>\n<td><b>Longueur*Largeur*Hauteur<\/b><\/td>\n<td>\n<div>Taille personnalis\u00e9e<\/div>\n<\/td>\n<\/tr>\n<tr>\n<td><b>Mat\u00e9riau du cadre<\/b><\/td>\n<td>\n<div data-spm-anchor-id=\"a2700.pc-decorate.0.i220.37ce3333T9MSYh\">Carton en acier<\/div>\n<\/td>\n<\/tr>\n<tr>\n<td><b>Mat\u00e9riau de la ceinture<\/b><\/td>\n<td>\n<div data-spm-anchor-id=\"a2700.pc-decorate.0.i221.37ce3333T9MSYh\">Bande modulaire (PP\/POM\/PE)<\/div>\n<\/td>\n<\/tr>\n<tr>\n<td><b>Vitesse<\/b><\/td>\n<td>\n<div>0 - 30 m\/MIN r\u00e9glable<\/div>\n<\/td>\n<\/tr>\n<tr>\n<td><b>Alimentation \u00e9lectrique<\/b><\/td>\n<td>\n<div>220 V<\/div>\n<\/td>\n<\/tr>\n<tr>\n<td><b>Test du convoyeur<\/b><\/td>\n<td>\n<div><span data-spm-anchor-id=\"a2700.pc-decorate.0.i222.37ce3333T9MSYh\">Avant d'\u00eatre exp\u00e9di\u00e9s, tous les convoyeurs sont test\u00e9s.<\/span><\/div>\n<\/td>\n<\/tr>\n<tr>\n<td><b>Garantie<\/b><\/td>\n<td>\n<div>Garantie d'un an, des services d'ing\u00e9nierie peuvent \u00eatre fournis<\/div>\n<\/td>\n<\/tr>\n<tr>\n<td><b>Paquet<\/b><\/td>\n<td>\n<div>Selon la taille du convoyeur<\/div>\n<\/td>\n<\/tr>\n<\/tbody>\n<\/table>\n<\/div>\n<\/div>\n<\/div>\n<\/div>\n<\/div>\n<div class=\"text-wrapper-below text-theme-dark text-align-left\">\n<div class=\"text-title\" data-id=\"below-title\">\n<div class=\"preview-edit-text-editor\" data-reactroot=\"\">\n<div id=\"preview-edit-2\" class=\"content-editor\" tabindex=\"1\" contenteditable=\"true\"><b><span style=\"color: #ea9924;\">Convoyeur \u00e9l\u00e9vateur \u00e0 bande modulaire\u00a0<\/span><\/b><\/div>\n<\/div>\n<\/div>\n<div class=\"text-content\" data-id=\"below-content\">\n<div class=\"preview-edit-text-editor\" data-reactroot=\"\">\n<div id=\"preview-edit-1\" class=\"content-editor\" tabindex=\"1\" contenteditable=\"true\">\n<div><span style=\"color: #000000;\"><sub><b>--Hygi\u00e9nique, stable et personnalisable pour l'industrie alimentaire<\/b><\/sub><\/span><\/div>\n<div><span style=\"color: #000000;\"><span style=\"font-family: Arial;\"><b>\u00a0<\/b><\/span><\/span><\/div>\n<p><span style=\"color: #000000;\"><span style=\"font-family: Arial;\"><b>Cet \u00e9l\u00e9vateur \u00e0 bande modulaire est sp\u00e9cialement con\u00e7u pour les lignes de transformation alimentaire de petite et moyenne taille. Il utilise des bandes modulaires PP\/PE \/POM de qualit\u00e9 alimentaire qui sont r\u00e9sistantes \u00e0 l'huile, \u00e0 la corrosion et faciles \u00e0 nettoyer. La structure garantit un transport fluide et sans bourrage, id\u00e9al pour le transport de granul\u00e9s, de produits emball\u00e9s et d'aliments d\u00e9licats lors d'un transfert vertical ou inclin\u00e9.<\/b><\/span><\/span><\/p>\n<div><span style=\"font-family: Arial;\"><b><span style=\"color: #59c7f9;\">Caract\u00e9ristiques principales :<\/span><span style=\"color: #000000;\"><br \/>\n<\/span><\/b><\/span><\/div>\n<div><span style=\"color: #000000;\"><span style=\"font-family: Arial;\"><b>\u00a0<\/b><\/span><\/span><\/div>\n<div><span style=\"color: #000000;\"><span style=\"font-family: Arial;\"><b>Bande modulaire de qualit\u00e9 alimentaire - sans danger pour le contact direct avec les aliments, conforme aux normes HACCP<br \/>\n\u2705 Facile \u00e0 nettoyer - La conception modulaire et amovible de la ceinture simplifie l'entretien et l'hygi\u00e8ne au quotidien.<br \/>\n\u2705 Transport stable et en douceur - \u00c9vite l'\u00e9crasement ou le coincement des produits fragiles ou irr\u00e9guliers<br \/>\n\u2705 Conception flexible - Hauteur, angle et largeur personnalisables pour s'adapter aux diff\u00e9rents am\u00e9nagements de l'usine.<br \/>\n\u2705 Structure durable - Fabriqu\u00e9 en acier inoxydable ou en acier au carbone \u00e0 rev\u00eatement alimentaire, r\u00e9sistant \u00e0 la corrosion.<\/b><\/span><\/span><\/div>\n<\/div>\n<\/div>\n<\/div>\n<\/div>\n<\/div>\n<\/div>\n<\/div>\n<\/div>\n<\/div>\n<div class=\"editor-component-row editor-component-row-relative\">\n<div class=\"editor-component-container\">\n<div class=\"editor-component-container-mask\"><\/div>\n<\/div>\n<\/div>\n<div class=\"editor-component-row editor-component-row-relative\">\n<div class=\"editor-component-container\">\n<div class=\"previewer-item-wrap\">\n<div id=\"44397699899\" class=\"J_module\">\n<div id=\"ali-anchor-AliMagic-bm8dx6\" data-reactroot=\"\" data-section=\"AliMagic-bm8dx6\" data-section-title=\"FAQ\">FAQ<\/div>\n<\/div>\n<\/div>\n<div class=\"editor-component-container-mask\"><\/div>\n<\/div>\n<\/div>\n<div class=\"editor-component-row editor-component-row-relative\">\n<div class=\"editor-component-container\">\n<div class=\"previewer-item-wrap\">\n<div id=\"44397699900\" class=\"J_module\">\n<div class=\"detail-decorate-json-renderer-container\" data-reactroot=\"\">\n<div>\n<div>\n<div>\n<div>\n<div class=\"preview-edit-text-editor\" data-reactroot=\"\">\n<div id=\"preview-edit-4\" class=\"content-editor\" tabindex=\"1\" contenteditable=\"true\"><b><\/b><b>Q1 : \u00cates-vous une soci\u00e9t\u00e9 commerciale ou un fabricant ?<\/b><br \/>\nR : Nous sommes une usine.<b>Q2:Acceptez-vous les OEM ou ODM ? A2:Oui, mais nous avons des exigences en mati\u00e8re de quantit\u00e9. Veuillez nous contacter directement.<br \/>\n<\/b><br \/>\n<b>Q3:Quel est le mode de paiement de votre entreprise ?<\/b><br \/>\nA3:T\/T, L\/C \u00e0 vue, Paypal, Western Union<b>Q4:Quel est le mode d'exp\u00e9dition ?<\/b><br \/>\nA4:Par voie maritime, a\u00e9rienne, Fedex, DHL, UPS, TNT, etc.<b>Q5 : Quel est le d\u00e9lai de livraison ?<\/b><br \/>\nA5 : En g\u00e9n\u00e9ral, le d\u00e9lai est de 5 \u00e0 10 jours si les marchandises sont en stock, ou de 15 \u00e0 20 jours si les marchandises ne sont pas en stock, en fonction de l'\u00e9tat des stocks.<br \/>\nquantit\u00e9.<\/p>\n<p><b>Q6 : Comment est votre service ?<\/b><br \/>\nA6\uff1aDon't worry, we have professionals at your service 24 hours a day.<\/p>\n<\/div>\n<\/div>\n<\/div>\n<\/div>\n<\/div>\n<\/div>\n<\/div>\n<\/div>\n<\/div>\n<\/div>\n<\/div>","protected":false},"excerpt":{"rendered":"<p>Convoyeur \u00e0 bande inclin\u00e9 Convoyeur d'usine de fabrication Ligne de production logistique efficace<\/p>","protected":false},"featured_media":5421,"template":"","meta":{"_acf_changed":false,"_seopress_robots_primary_cat":"none","_seopress_titles_title":"Plastic Modular Belt Elevator Conveyor for Food Industry Bucket Inclined Elevator Conveyor Small Inclined Modular Belt Conveyor","_seopress_titles_desc":"Inclined Belt Conveyor manufacturing plant conveyor Logistics production line efficient","_seopress_robots_index":"","_uag_custom_page_level_css":"","site-sidebar-layout":"default","site-content-layout":"","ast-site-content-layout":"default","site-content-style":"default","site-sidebar-style":"default","ast-global-header-display":"","ast-banner-title-visibility":"","ast-main-header-display":"","ast-hfb-above-header-display":"","ast-hfb-below-header-display":"","ast-hfb-mobile-header-display":"","site-post-title":"","ast-breadcrumbs-content":"","ast-featured-img":"","footer-sml-layout":"","theme-transparent-header-meta":"default","adv-header-id-meta":"","stick-header-meta":"","header-above-stick-meta":"","header-main-stick-meta":"","header-below-stick-meta":"","astra-migrate-meta-layouts":"set","ast-page-background-enabled":"default","ast-page-background-meta":{"desktop":{"background-color":"","background-image":"","background-repeat":"repeat","background-position":"center center","background-size":"auto","background-attachment":"scroll","background-type":"","background-media":"","overlay-type":"","overlay-color":"","overlay-opacity":"","overlay-gradient":""},"tablet":{"background-color":"","background-image":"","background-repeat":"repeat","background-position":"center center","background-size":"auto","background-attachment":"scroll","background-type":"","background-media":"","overlay-type":"","overlay-color":"","overlay-opacity":"","overlay-gradient":""},"mobile":{"background-color":"","background-image":"","background-repeat":"repeat","background-position":"center center","background-size":"auto","background-attachment":"scroll","background-type":"","background-media":"","overlay-type":"","overlay-color":"","overlay-opacity":"","overlay-gradient":""}},"ast-content-background-meta":{"desktop":{"background-color":"var(--ast-global-color-5)","background-image":"","background-repeat":"repeat","background-position":"center center","background-size":"auto","background-attachment":"scroll","background-type":"","background-media":"","overlay-type":"","overlay-color":"","overlay-opacity":"","overlay-gradient":""},"tablet":{"background-color":"var(--ast-global-color-5)","background-image":"","background-repeat":"repeat","background-position":"center center","background-size":"auto","background-attachment":"scroll","background-type":"","background-media":"","overlay-type":"","overlay-color":"","overlay-opacity":"","overlay-gradient":""},"mobile":{"background-color":"var(--ast-global-color-5)","background-image":"","background-repeat":"repeat","background-position":"center center","background-size":"auto","background-attachment":"scroll","background-type":"","background-media":"","overlay-type":"","overlay-color":"","overlay-opacity":"","overlay-gradient":""}}},"product_brand":[131],"product_cat":[94],"product_tag":[401,406,404,405,403,402],"class_list":{"0":"post-5415","1":"product","2":"type-product","3":"status-publish","4":"has-post-thumbnail","6":"product_brand-chenming","7":"product_cat-modualr-belt-conveyor","8":"product_tag-flexible-belt-conveyor","9":"product_tag-inclined-belt-conveyor","10":"product_tag-portable-conveyor","11":"product_tag-portable-conveyor-for-truck-unloading","12":"product_tag-production-line","13":"product_tag-telescopic-belt-conveyor","14":"desktop-align-center","15":"tablet-align-center","16":"mobile-align-left","17":"ast-product-gallery-layout-horizontal-slider","18":"ast-product-tabs-layout-horizontal","19":"ast-qv-on-image","21":"first","22":"instock","23":"sale","24":"shipping-taxable","25":"purchasable","26":"product-type-simple"},"acf":[],"uagb_featured_image_src":{"full":["https:\/\/www.ai-chenming.com\/wp-content\/uploads\/2025\/09\/8e06a682-e01b-49a6-8e3c-90a77fdd96b7.png",640,640,false],"thumbnail":["https:\/\/www.ai-chenming.com\/wp-content\/uploads\/2025\/09\/8e06a682-e01b-49a6-8e3c-90a77fdd96b7-150x150.png",150,150,true],"medium":["https:\/\/www.ai-chenming.com\/wp-content\/uploads\/2025\/09\/8e06a682-e01b-49a6-8e3c-90a77fdd96b7-300x300.png",300,300,true],"medium_large":["https:\/\/www.ai-chenming.com\/wp-content\/uploads\/2025\/09\/8e06a682-e01b-49a6-8e3c-90a77fdd96b7.png",640,640,false],"large":["https:\/\/www.ai-chenming.com\/wp-content\/uploads\/2025\/09\/8e06a682-e01b-49a6-8e3c-90a77fdd96b7.png",640,640,false],"1536x1536":["https:\/\/www.ai-chenming.com\/wp-content\/uploads\/2025\/09\/8e06a682-e01b-49a6-8e3c-90a77fdd96b7.png",640,640,false],"2048x2048":["https:\/\/www.ai-chenming.com\/wp-content\/uploads\/2025\/09\/8e06a682-e01b-49a6-8e3c-90a77fdd96b7.png",640,640,false],"trp-custom-language-flag":["https:\/\/www.ai-chenming.com\/wp-content\/uploads\/2025\/09\/8e06a682-e01b-49a6-8e3c-90a77fdd96b7-12x12.png",12,12,true],"woocommerce_thumbnail":["https:\/\/www.ai-chenming.com\/wp-content\/uploads\/2025\/09\/8e06a682-e01b-49a6-8e3c-90a77fdd96b7-450x450.png",450,450,true],"woocommerce_single":["https:\/\/www.ai-chenming.com\/wp-content\/uploads\/2025\/09\/8e06a682-e01b-49a6-8e3c-90a77fdd96b7-600x600.png",600,600,true],"woocommerce_gallery_thumbnail":["https:\/\/www.ai-chenming.com\/wp-content\/uploads\/2025\/09\/8e06a682-e01b-49a6-8e3c-90a77fdd96b7-100x100.png",100,100,true]},"uagb_author_info":{"display_name":"chenming","author_link":"https:\/\/www.ai-chenming.com\/fr\/author\/"},"uagb_comment_info":0,"uagb_excerpt":"Inclined Belt Conveyor manufacturing plant conveyor Logistics production line efficient","_links":{"self":[{"href":"https:\/\/www.ai-chenming.com\/fr\/wp-json\/wp\/v2\/product\/5415","targetHints":{"allow":["GET"]}}],"collection":[{"href":"https:\/\/www.ai-chenming.com\/fr\/wp-json\/wp\/v2\/product"}],"about":[{"href":"https:\/\/www.ai-chenming.com\/fr\/wp-json\/wp\/v2\/types\/product"}],"wp:featuredmedia":[{"embeddable":true,"href":"https:\/\/www.ai-chenming.com\/fr\/wp-json\/wp\/v2\/media\/5421"}],"wp:attachment":[{"href":"https:\/\/www.ai-chenming.com\/fr\/wp-json\/wp\/v2\/media?parent=5415"}],"wp:term":[{"taxonomy":"product_brand","embeddable":true,"href":"https:\/\/www.ai-chenming.com\/fr\/wp-json\/wp\/v2\/product_brand?post=5415"},{"taxonomy":"product_cat","embeddable":true,"href":"https:\/\/www.ai-chenming.com\/fr\/wp-json\/wp\/v2\/product_cat?post=5415"},{"taxonomy":"product_tag","embeddable":true,"href":"https:\/\/www.ai-chenming.com\/fr\/wp-json\/wp\/v2\/product_tag?post=5415"}],"curies":[{"name":"wp","href":"https:\/\/api.w.org\/{rel}","templated":true}]}}