{"id":5250,"date":"2025-09-02T02:14:14","date_gmt":"2025-09-02T02:14:14","guid":{"rendered":"https:\/\/www.ai-chenming.com\/?post_type=product&#038;p=5250"},"modified":"2025-09-23T09:36:47","modified_gmt":"2025-09-23T09:36:47","slug":"bottle-clamping-machine-bottle-clamping-elevator-bottle-clamping-lift-box-clamping-conveyor-automated-flexible-chain-conveyor-line","status":"publish","type":"product","link":"https:\/\/www.ai-chenming.com\/fr\/produit\/bottle-clamping-machine-bottle-clamping-elevator-bottle-clamping-lift-box-clamping-conveyor-automated-flexible-chain-conveyor-line\/","title":{"rendered":"Machine \u00e0 serrer les bouteilles \u00c9l\u00e9vateur \u00e0 serrer les bouteilles \u00c9l\u00e9vateur \u00e0 serrer les bouteilles Convoyeur \u00e0 serrer les bo\u00eetes Ligne de convoyeur \u00e0 cha\u00eene flexible automatis\u00e9e"},"content":{"rendered":"<div class=\"editor-component-row editor-component-row-relative\">\n<div class=\"editor-component-container\">\n<div class=\"previewer-item-wrap\">\n<div id=\"44774686806\" class=\"J_module\">\n<div id=\"ali-anchor-AliMagic-q21b50\" data-reactroot=\"\" data-section=\"AliMagic-q21b50\" data-section-title=\"Product Overview\" data-spm-anchor-id=\"a2700.pc-decorate.0.i2.fbab3333YLajjT\">Aper\u00e7u du produit<\/div>\n<\/div>\n<\/div>\n<div class=\"editor-component-container-mask\">\n<div style=\"width: 720px;\" class=\"wp-video\"><!--[if lt IE 9]><script>document.createElement('video');<\/script><![endif]-->\n<video class=\"wp-video-shortcode\" id=\"video-5250-1\" width=\"720\" height=\"1280\" preload=\"metadata\" controls=\"controls\"><source type=\"video\/mp4\" src=\"https:\/\/www.ai-chenming.com\/wp-content\/uploads\/2025\/09\/6000300400954.mp4?_=1\" \/><a href=\"https:\/\/www.ai-chenming.com\/wp-content\/uploads\/2025\/09\/6000300400954.mp4\">https:\/\/www.ai-chenming.com\/wp-content\/uploads\/2025\/09\/6000300400954.mp4<\/a><\/video><\/div>\n<p><img alt=\"\" fetchpriority=\"high\" decoding=\"async\" class=\"wp-image-7114 aligncenter\" src=\"https:\/\/www.ai-chenming.com\/wp-content\/uploads\/2025\/09\/109-300x300.png\" width=\"360\" height=\"360\" srcset=\"https:\/\/www.ai-chenming.com\/wp-content\/uploads\/2025\/09\/109-300x300.png 300w, https:\/\/www.ai-chenming.com\/wp-content\/uploads\/2025\/09\/109-1024x1024.png 1024w, https:\/\/www.ai-chenming.com\/wp-content\/uploads\/2025\/09\/109-150x150.png 150w, https:\/\/www.ai-chenming.com\/wp-content\/uploads\/2025\/09\/109-768x768.png 768w, https:\/\/www.ai-chenming.com\/wp-content\/uploads\/2025\/09\/109-12x12.png 12w, https:\/\/www.ai-chenming.com\/wp-content\/uploads\/2025\/09\/109-450x450.png 450w, https:\/\/www.ai-chenming.com\/wp-content\/uploads\/2025\/09\/109-600x600.png 600w, https:\/\/www.ai-chenming.com\/wp-content\/uploads\/2025\/09\/109-100x100.png 100w, https:\/\/www.ai-chenming.com\/wp-content\/uploads\/2025\/09\/109.png 1280w\" sizes=\"(max-width: 360px) 100vw, 360px\" \/><\/p>\n<p>&nbsp;<\/p>\n<p>Le convoyeur de serrage de bouteilles est utilis\u00e9 pour soulever ou abaisser verticalement le produit directement entre les \u00e9tages. L'entr\u00e9e et la sortie du convoyeur de serrage des bouteilles peuvent \u00eatre directement connect\u00e9es \u00e0 l'\u00e9quipement de production des \u00e9tages sup\u00e9rieurs et inf\u00e9rieurs. Afin d'obtenir un processus de production continu, pour compenser l'utilisation d'un ascenseur ordinaire caus\u00e9e par des d\u00e9fauts de travail intermittents, le convoyeur \u00e0 pinces pour bouteilles peut \u00eatre connect\u00e9 directement \u00e0 l'\u00e9quipement de production des \u00e9tages sup\u00e9rieurs et inf\u00e9rieurs. Le produit est applicable aux produits en bouteille, en bo\u00eete, en tonneau, emball\u00e9s en carton ou \u00e0 d'autres produits cylindriques et carr\u00e9s, et il n'est pas facile de transporter des produits trop grands et trop lourds. Il est largement utilis\u00e9 dans les secteurs de l'alimentation, de la m\u00e9decine, de la chimie, des pi\u00e8ces automobiles et d'autres industries.<\/p>\n<p><img alt=\"\" decoding=\"async\" class=\"wp-image-7080 aligncenter\" src=\"https:\/\/www.ai-chenming.com\/wp-content\/uploads\/2025\/09\/13-2-300x212.png\" width=\"364\" height=\"257\" srcset=\"https:\/\/www.ai-chenming.com\/wp-content\/uploads\/2025\/09\/13-2-300x212.png 300w, https:\/\/www.ai-chenming.com\/wp-content\/uploads\/2025\/09\/13-2-1024x724.png 1024w, https:\/\/www.ai-chenming.com\/wp-content\/uploads\/2025\/09\/13-2-768x543.png 768w, https:\/\/www.ai-chenming.com\/wp-content\/uploads\/2025\/09\/13-2-1536x1086.png 1536w, https:\/\/www.ai-chenming.com\/wp-content\/uploads\/2025\/09\/13-2-2048x1448.png 2048w, https:\/\/www.ai-chenming.com\/wp-content\/uploads\/2025\/09\/13-2-18x12.png 18w, https:\/\/www.ai-chenming.com\/wp-content\/uploads\/2025\/09\/13-2-600x424.png 600w\" sizes=\"(max-width: 364px) 100vw, 364px\" \/><\/p>\n<\/div>\n<\/div>\n<\/div>\n<div class=\"editor-component-row editor-component-row-relative\">\n<div class=\"editor-component-container\">\n<div class=\"previewer-item-wrap\">\n<div id=\"44774686807\" class=\"J_module\">\n<div class=\"detail-decorate-json-renderer-container\" data-reactroot=\"\">\n<div>\n<div>\n<div>\n<div class=\"preview-image-edit\">\n<div class=\"preview-edit-image-item\" data-reactroot=\"\">\n<table>\n<tbody>\n<tr>\n<td>Nom du produit<\/td>\n<td>machine \u00e0 ouvrir les cartons<\/td>\n<\/tr>\n<tr>\n<td>Industries concern\u00e9es<\/td>\n<td>Logistique \/Alimentation\/boissonFabrication Agriculture<\/td>\n<\/tr>\n<tr>\n<td>\u00c9tat<\/td>\n<td>Nouveau<\/td>\n<\/tr>\n<tr>\n<td>Puissance<\/td>\n<td>220V<\/td>\n<\/tr>\n<tr>\n<td>Mat\u00e9riau<\/td>\n<td>Plastique POM PP PA<\/td>\n<\/tr>\n<tr>\n<td>Colo<\/td>\n<td>Offrir des services personnalis\u00e9s<\/td>\n<\/tr>\n<tr>\n<td>Charge de travail<\/td>\n<td>2500N\/m<\/td>\n<\/tr>\n<tr>\n<td>Certification<\/td>\n<td>ISO<\/td>\n<\/tr>\n<tr>\n<td>Vitesse du convoyeur<\/td>\n<td>0,1~5m\/s<\/td>\n<\/tr>\n<tr>\n<td>Taux d'ouverture<\/td>\n<td>0%<\/td>\n<\/tr>\n<tr>\n<td>Poids<\/td>\n<td>0.5\/\u33a1<\/td>\n<\/tr>\n<tr>\n<td>Paiements<\/td>\n<td>T\/T<\/td>\n<\/tr>\n<tr>\n<td>P\u00e9riode de garantie<\/td>\n<td>1 an<\/td>\n<\/tr>\n<\/tbody>\n<\/table>\n<\/div>\n<\/div>\n<p>&nbsp;<\/p>\n<\/div>\n<\/div>\n<div>\n<div class=\"preview-edit-text-editor\" data-reactroot=\"\">\n<div id=\"preview-edit-5\" class=\"content-editor\" tabindex=\"1\" contenteditable=\"true\">d\u00e9tails<\/div>\n<\/div>\n<\/div>\n<div>\n<div data-id=\"paragraph0\">\n<div class=\"preview-edit-text-editor\" data-reactroot=\"\">\n<div id=\"preview-edit-6\" class=\"content-editor\" tabindex=\"1\" contenteditable=\"true\">\n<p><b><\/b> <b><span style=\"color: #2196ed;\">1. haute efficacit\u00e9\uff1a<\/span><\/b>Jusqu'\u00e0 une ouverture de cartons par minute, ce qui permet d'acc\u00e9l\u00e9rer la production pour les commandes en grande quantit\u00e9.<\/p>\n<p><span style=\"color: #2196ed;\"> <b>2. fonctionnement facile\uff1a<\/b><\/span>Syst\u00e8me de contr\u00f4le PLC intuitif, permettant une mise en service rapide avec une formation minimale.<br \/>\n<span style=\"color: #2196ed;\"><br \/>\n<b>3. des performances fiables\uff1a<\/b><\/span>Construit avec des composants de premi\u00e8re qualit\u00e9 pour un fonctionnement stable et un faible taux de d\u00e9faillance.<\/p>\n<div>\n<div><span style=\"font-size: 16px;\">Avantages<\/span><\/div>\n<\/div>\n<\/div>\n<\/div>\n<\/div>\n<\/div>\n<\/div>\n<div>\n<div>\n<div data-id=\"paragraph1\">\n<div class=\"preview-edit-text-editor\" data-reactroot=\"\">\n<div id=\"preview-edit-8\" class=\"content-editor\" tabindex=\"1\" contenteditable=\"true\">\n<p><b><span style=\"color: #2196ed;\">4.Adaptabilit\u00e9 polyvalente\uff1a<\/span><\/b>Adaptable \u00e0 diff\u00e9rentes tailles de carton, id\u00e9al pour divers besoins d'emballage.<\/p>\n<p><b><span style=\"color: #2196ed;\">5. conception peu encombrante\uff1a<\/span><\/b>La structure compacte s'int\u00e8gre parfaitement dans les lignes de production existantes.<br \/>\n<span style=\"color: #2196ed;\"><br \/>\n<b>6. Syst\u00e8me d'alerte automatique<\/b><\/span>Avertissements imm\u00e9diats en cas de p\u00e9nurie ou de dysfonctionnement, ce qui r\u00e9duit les temps d'arr\u00eat.<\/p>\n<\/div>\n<\/div>\n<\/div>\n<\/div>\n<\/div>\n<\/div>\n<\/div>\n<\/div>\n<\/div>\n<\/div>\n<div class=\"editor-component-row editor-component-row-relative\">\n<div class=\"editor-component-container\">\n<div class=\"previewer-item-wrap\">\n<div id=\"44774686810\" class=\"J_module\">\n<div id=\"ali-anchor-AliMagic-bxaayt\" data-reactroot=\"\" data-section=\"AliMagic-bxaayt\" data-section-title=\"Product Overview\">Aper\u00e7u du produit<\/div>\n<\/div>\n<\/div>\n<\/div>\n<\/div>\n<div class=\"editor-component-row editor-component-row-relative\">\n<div class=\"editor-component-container\">\n<div class=\"previewer-item-wrap\">\n<div id=\"44774686811\" class=\"J_module\">\n<div class=\"detail-decorate-json-renderer-container\" data-reactroot=\"\">\n<div>\n<div>\n<div class=\"preview-edit-text-editor\" data-reactroot=\"\">\n<div id=\"preview-edit-1\" class=\"content-editor\" tabindex=\"1\" contenteditable=\"true\"><span style=\"color: #000000;\">d\u00e9tails<\/span><\/div>\n<\/div>\n<\/div>\n<div>\n<div data-id=\"paragraph0\">\n<div class=\"preview-edit-text-editor\" data-reactroot=\"\">\n<div id=\"preview-edit-2\" class=\"content-editor\" tabindex=\"1\" contenteditable=\"true\">\n<p><b><span style=\"color: #2196ed;\">Mat\u00e9riau de qualit\u00e9 sup\u00e9rieure, durabilit\u00e9 \u00e0 long terme : <\/span><\/b><\/p>\n<div>Fabriqu\u00e9 \u00e0 partir de mat\u00e9riaux plastiques de premi\u00e8re qualit\u00e9, il pr\u00e9sente une structure robuste et stable, d'une excellente durabilit\u00e9. Il peut fonctionner de mani\u00e8re stable pendant une p\u00e9riode prolong\u00e9e, ce qui r\u00e9duit efficacement la fr\u00e9quence des remplacements et le co\u00fbt global pour les utilisateurs. <b><span style=\"color: #2196ed;\">Conception modulaire, pratique et sans souci : <\/span><\/b><\/div>\n<div>\n<p>Con\u00e7u selon un concept modulaire, il facilite et simplifie le processus d'installation. En cours de fonctionnement, la maintenance est \u00e9galement plus simple, ce qui r\u00e9duit consid\u00e9rablement les temps d'arr\u00eat et constitue une garantie solide pour une production continue. Bonne adaptabilit\u00e9 \u00e0 l'industrie : Il peut fonctionner correctement dans diverses industries telles que l'industrie alimentaire, avec une large applicabilit\u00e9, et peut r\u00e9pondre aux divers besoins en mati\u00e8re de transport inclin\u00e9 de mat\u00e9riaux de diff\u00e9rentes industries.<\/p>\n<\/div>\n<\/div>\n<\/div>\n<\/div>\n<\/div>\n<\/div>\n<div>\n<div>\n<div class=\"preview-edit-text-editor\" data-reactroot=\"\">\n<div id=\"preview-edit-3\" class=\"content-editor\" tabindex=\"1\" contenteditable=\"true\">Avantages<\/div>\n<\/div>\n<\/div>\n<div>\n<div data-id=\"paragraph1\">\n<div class=\"preview-edit-text-editor\" data-reactroot=\"\">\n<div id=\"preview-edit-4\" class=\"content-editor\" tabindex=\"1\" contenteditable=\"true\">\n<p><b><span style=\"color: #2196ed;\">Robuste et durable, capacit\u00e9 de charge \u00e9lev\u00e9e : <\/span><\/b><\/p>\n<div>Fabriqu\u00e9 en plastique de haute qualit\u00e9, il a une forte capacit\u00e9 de charge et peut supporter de lourdes charges. Sa construction robuste r\u00e9siste efficacement \u00e0 l'usure, ce qui lui permet d'avoir une longue dur\u00e9e de vie, m\u00eame dans des conditions industrielles difficiles.<\/div>\n<div><b><span style=\"color: #2196ed;\">environnements. - Flexible et facile \u00e0 personnaliser : <\/span><\/b><\/div>\n<div>Sa conception modulaire unique lui conf\u00e8re une grande flexibilit\u00e9. Il est<br \/>\npeut \u00eatre facilement personnalis\u00e9 en fonction des diff\u00e9rents syst\u00e8mes de convoyage et de l'agencement des lignes de production. Qu'il s'agisse de modifier la longueur ou<br \/>\ns'adapter \u00e0 des exigences d'installation et d'ajustement complexes, il peut les g\u00e9rer avec facilit\u00e9.<\/div>\n<\/div>\n<\/div>\n<\/div>\n<\/div>\n<\/div>\n<\/div>\n<\/div>\n<\/div>\n<\/div>\n<\/div>\n<div class=\"editor-component-row editor-component-row-relative\">\n<div class=\"editor-component-container\">\n<div class=\"previewer-item-wrap\">\n<div id=\"44774686813\" class=\"J_module\"><\/div>\n<\/div>\n<\/div>\n<\/div>\n<div class=\"editor-component-row editor-component-row-relative\">\n<div class=\"editor-component-container\">\n<div class=\"previewer-item-wrap\">\n<div id=\"44774686827\" class=\"J_module\">\n<div class=\"icbu-pc-images\" data-reactroot=\"\">\n<div class=\"flex-layout-v\">\n<div class=\"flex-layout-h\"><\/div>\n<\/div>\n<\/div>\n<\/div>\n<\/div>\n<\/div>\n<\/div>\n<div class=\"editor-component-row editor-component-row-relative\">\n<div class=\"editor-component-container\"><\/div>\n<\/div>\n<div class=\"editor-component-row editor-component-row-relative\">\n<div class=\"editor-component-container\">\n<div class=\"editor-component-container-mask\"><\/div>\n<\/div>\n<\/div>\n<div class=\"editor-component-row editor-component-row-relative\">\n<div class=\"editor-component-container\">\n<div class=\"previewer-item-wrap\">\n<div id=\"44774686831\" class=\"J_module\">\n<div id=\"ali-anchor-AliMagic-bk4qsm\" data-reactroot=\"\" data-section=\"AliMagic-bk4qsm\" data-section-title=\"FAQ\">FAQ<\/div>\n<\/div>\n<\/div>\n<div class=\"editor-component-container-mask\"><\/div>\n<\/div>\n<\/div>\n<div class=\"editor-component-row editor-component-row-relative\">\n<div class=\"editor-component-container\">\n<div class=\"previewer-item-wrap\">\n<div id=\"44774686832\" class=\"J_module\">\n<div class=\"detail-decorate-json-renderer-container\" data-reactroot=\"\">\n<div>\n<div>\n<div>\n<div>\n<div class=\"preview-edit-text-editor\" data-reactroot=\"\"><span data-spm-anchor-id=\"a2700.pc-decorate.0.i3.fbab3333YLajjT\">1. qui sommes-nous ?<\/span><\/div>\n<div class=\"preview-edit-text-editor\" data-reactroot=\"\"><span data-spm-anchor-id=\"a2700.pc-decorate.0.i3.fbab3333YLajjT\"> Nous sommes bas\u00e9s dans la province de Shandong, en Chine, depuis 2018. Nous vendons \u00e0 diverses r\u00e9gions du monde, telles que l'Europe, l'Am\u00e9rique du Nord et l'Asie du Sud-Est. Il y a environ 50 personnes dans notre entreprise, y compris des \u00e9quipes professionnelles de R &amp; D, de production, de vente et de service apr\u00e8s-vente. <\/span><\/div>\n<div data-reactroot=\"\"><\/div>\n<div class=\"preview-edit-text-editor\" data-reactroot=\"\"><span data-spm-anchor-id=\"a2700.pc-decorate.0.i3.fbab3333YLajjT\">2. Comment pouvons-nous garantir la qualit\u00e9 ?<\/span><\/div>\n<div class=\"preview-edit-text-editor\" data-reactroot=\"\">\n<p><span data-spm-anchor-id=\"a2700.pc-decorate.0.i3.fbab3333YLajjT\"> Toujours un \u00e9chantillon de pr\u00e9production avant la production de masse ; cet \u00e9chantillon est strictement test\u00e9 conform\u00e9ment aux normes internationales et industrielles afin de garantir que tous les d\u00e9tails r\u00e9pondent aux exigences. Toujours une inspection finale avant l'exp\u00e9dition ; notre \u00e9quipe de contr\u00f4le de la qualit\u00e9 proc\u00e8de \u00e0 une inspection compl\u00e8te de chaque lot de produits, en v\u00e9rifiant qu'il n'y a pas de d\u00e9fauts d'apparence, de taille et de fonctionnalit\u00e9.<\/span><\/p>\n<div>\n<div>3. Pourquoi devriez-vous acheter chez nous plut\u00f4t que chez d'autres fournisseurs ?<\/div>\n<div>Des prix comp\u00e9titifs : Gr\u00e2ce \u00e0 une gestion efficace de la production et \u00e0 un approvisionnement \u00e0 grande \u00e9chelle en mati\u00e8res premi\u00e8res, nous pouvons proposer des produits \u00e0 des prix plus avantageux que ceux de nombreux concurrents. Produits de haute qualit\u00e9 : Gr\u00e2ce \u00e0 des processus stricts de contr\u00f4le de la qualit\u00e9, de la production \u00e0 l'exp\u00e9dition, nos produits sont tr\u00e8s fiables et offrent des performances \u00e0 long terme. Excellent service apr\u00e8s-vente : Notre \u00e9quipe professionnelle de service apr\u00e8s-vente est pr\u00eate \u00e0 r\u00e9soudre tous les probl\u00e8mes que vous rencontrez, \u00e0 fournir une assistance technique en temps voulu et \u00e0 assurer la maintenance des produits.<\/div>\n<div><\/div>\n<div>4. quels services pouvons-nous fournir ?<\/div>\n<div>Conditions de livraison accept\u00e9es : FOB (Qingdao), CIF, EXW, etc.<\/div>\n<div>Devise de paiement accept\u00e9e : USD, EUR, CNY etc.<\/div>\n<div>\n<p>Types de paiement accept\u00e9s : T\/T (transfert t\u00e9l\u00e9graphique), L\/C (lettre de cr\u00e9dit), PayPal, etc.<\/p>\n<div><\/div>\n<\/div>\n<\/div>\n<\/div>\n<\/div>\n<\/div>\n<\/div>\n<\/div>\n<\/div>\n<\/div>\n<\/div>\n<\/div>\n<\/div>","protected":false},"excerpt":{"rendered":"<p>Ligne de convoyeur \u00e0 cha\u00eene flexible bande transporteuse logistique syst\u00e8me de convoyeur \u00e0 rouleaux convoyeur de table<\/p>","protected":false},"featured_media":5258,"template":"","meta":{"_acf_changed":false,"_seopress_robots_primary_cat":"none","_seopress_titles_title":"Bottle Clamping Machine Bottle Clamping Elevator Bottle Clamping Lift Box Clamping Conveyor Automated Flexible Chain Conveyor Line","_seopress_titles_desc":"Flexible Chain Conveyor Line logistics conveyor belt roller conveyor system table top conveyor","_seopress_robots_index":"","_uag_custom_page_level_css":"","site-sidebar-layout":"default","site-content-layout":"","ast-site-content-layout":"default","site-content-style":"default","site-sidebar-style":"default","ast-global-header-display":"","ast-banner-title-visibility":"","ast-main-header-display":"","ast-hfb-above-header-display":"","ast-hfb-below-header-display":"","ast-hfb-mobile-header-display":"","site-post-title":"","ast-breadcrumbs-content":"","ast-featured-img":"","footer-sml-layout":"","theme-transparent-header-meta":"default","adv-header-id-meta":"","stick-header-meta":"","header-above-stick-meta":"","header-main-stick-meta":"","header-below-stick-meta":"","astra-migrate-meta-layouts":"set","ast-page-background-enabled":"default","ast-page-background-meta":{"desktop":{"background-color":"","background-image":"","background-repeat":"repeat","background-position":"center center","background-size":"auto","background-attachment":"scroll","background-type":"","background-media":"","overlay-type":"","overlay-color":"","overlay-opacity":"","overlay-gradient":""},"tablet":{"background-color":"","background-image":"","background-repeat":"repeat","background-position":"center center","background-size":"auto","background-attachment":"scroll","background-type":"","background-media":"","overlay-type":"","overlay-color":"","overlay-opacity":"","overlay-gradient":""},"mobile":{"background-color":"","background-image":"","background-repeat":"repeat","background-position":"center center","background-size":"auto","background-attachment":"scroll","background-type":"","background-media":"","overlay-type":"","overlay-color":"","overlay-opacity":"","overlay-gradient":""}},"ast-content-background-meta":{"desktop":{"background-color":"var(--ast-global-color-5)","background-image":"","background-repeat":"repeat","background-position":"center center","background-size":"auto","background-attachment":"scroll","background-type":"","background-media":"","overlay-type":"","overlay-color":"","overlay-opacity":"","overlay-gradient":""},"tablet":{"background-color":"var(--ast-global-color-5)","background-image":"","background-repeat":"repeat","background-position":"center center","background-size":"auto","background-attachment":"scroll","background-type":"","background-media":"","overlay-type":"","overlay-color":"","overlay-opacity":"","overlay-gradient":""},"mobile":{"background-color":"var(--ast-global-color-5)","background-image":"","background-repeat":"repeat","background-position":"center center","background-size":"auto","background-attachment":"scroll","background-type":"","background-media":"","overlay-type":"","overlay-color":"","overlay-opacity":"","overlay-gradient":""}}},"product_brand":[131],"product_cat":[87,99],"product_tag":[488,486,487,484,489,479,483,480,485,481,482],"class_list":{"0":"post-5250","1":"product","2":"type-product","3":"status-publish","4":"has-post-thumbnail","6":"product_brand-chenming","7":"product_cat-conveyor","8":"product_cat-flexible-conveyor","9":"product_tag-automated-flexible-chain-conveyor","10":"product_tag-bottle-clamping-elevator","11":"product_tag-bottle-clamping-lift-box","12":"product_tag-conveyor-roller-systems","13":"product_tag-customizable-dimension-conveyor","14":"product_tag-flexible-chain-conveyor-line","15":"product_tag-lift-conveyor","16":"product_tag-logistics-conveyor-belt","17":"product_tag-plastic-bottle-clamping-machine","18":"product_tag-roller-conveyor-system","19":"product_tag-table-top-conveyor","20":"desktop-align-center","21":"tablet-align-center","22":"mobile-align-left","23":"ast-product-gallery-layout-horizontal-slider","24":"ast-product-tabs-layout-horizontal","25":"ast-qv-on-image","27":"first","28":"instock","29":"sale","30":"shipping-taxable","31":"purchasable","32":"product-type-simple"},"acf":[],"uagb_featured_image_src":{"full":["https:\/\/www.ai-chenming.com\/wp-content\/uploads\/2025\/09\/ed6bef67-04af-454d-b987-27e8885a7821.png",640,640,false],"thumbnail":["https:\/\/www.ai-chenming.com\/wp-content\/uploads\/2025\/09\/ed6bef67-04af-454d-b987-27e8885a7821-150x150.png",150,150,true],"medium":["https:\/\/www.ai-chenming.com\/wp-content\/uploads\/2025\/09\/ed6bef67-04af-454d-b987-27e8885a7821-300x300.png",300,300,true],"medium_large":["https:\/\/www.ai-chenming.com\/wp-content\/uploads\/2025\/09\/ed6bef67-04af-454d-b987-27e8885a7821.png",640,640,false],"large":["https:\/\/www.ai-chenming.com\/wp-content\/uploads\/2025\/09\/ed6bef67-04af-454d-b987-27e8885a7821.png",640,640,false],"1536x1536":["https:\/\/www.ai-chenming.com\/wp-content\/uploads\/2025\/09\/ed6bef67-04af-454d-b987-27e8885a7821.png",640,640,false],"2048x2048":["https:\/\/www.ai-chenming.com\/wp-content\/uploads\/2025\/09\/ed6bef67-04af-454d-b987-27e8885a7821.png",640,640,false],"trp-custom-language-flag":["https:\/\/www.ai-chenming.com\/wp-content\/uploads\/2025\/09\/ed6bef67-04af-454d-b987-27e8885a7821-12x12.png",12,12,true],"woocommerce_thumbnail":["https:\/\/www.ai-chenming.com\/wp-content\/uploads\/2025\/09\/ed6bef67-04af-454d-b987-27e8885a7821-450x450.png",450,450,true],"woocommerce_single":["https:\/\/www.ai-chenming.com\/wp-content\/uploads\/2025\/09\/ed6bef67-04af-454d-b987-27e8885a7821-600x600.png",600,600,true],"woocommerce_gallery_thumbnail":["https:\/\/www.ai-chenming.com\/wp-content\/uploads\/2025\/09\/ed6bef67-04af-454d-b987-27e8885a7821-100x100.png",100,100,true]},"uagb_author_info":{"display_name":"chenming","author_link":"https:\/\/www.ai-chenming.com\/fr\/author\/"},"uagb_comment_info":0,"uagb_excerpt":"Flexible Chain Conveyor Line logistics conveyor belt roller conveyor system table top conveyor","_links":{"self":[{"href":"https:\/\/www.ai-chenming.com\/fr\/wp-json\/wp\/v2\/product\/5250","targetHints":{"allow":["GET"]}}],"collection":[{"href":"https:\/\/www.ai-chenming.com\/fr\/wp-json\/wp\/v2\/product"}],"about":[{"href":"https:\/\/www.ai-chenming.com\/fr\/wp-json\/wp\/v2\/types\/product"}],"wp:featuredmedia":[{"embeddable":true,"href":"https:\/\/www.ai-chenming.com\/fr\/wp-json\/wp\/v2\/media\/5258"}],"wp:attachment":[{"href":"https:\/\/www.ai-chenming.com\/fr\/wp-json\/wp\/v2\/media?parent=5250"}],"wp:term":[{"taxonomy":"product_brand","embeddable":true,"href":"https:\/\/www.ai-chenming.com\/fr\/wp-json\/wp\/v2\/product_brand?post=5250"},{"taxonomy":"product_cat","embeddable":true,"href":"https:\/\/www.ai-chenming.com\/fr\/wp-json\/wp\/v2\/product_cat?post=5250"},{"taxonomy":"product_tag","embeddable":true,"href":"https:\/\/www.ai-chenming.com\/fr\/wp-json\/wp\/v2\/product_tag?post=5250"}],"curies":[{"name":"wp","href":"https:\/\/api.w.org\/{rel}","templated":true}]}}