{"id":5244,"date":"2025-09-02T02:01:23","date_gmt":"2025-09-02T02:01:23","guid":{"rendered":"https:\/\/www.ai-chenming.com\/?post_type=product&#038;p=5244"},"modified":"2025-09-23T09:44:06","modified_gmt":"2025-09-23T09:44:06","slug":"telescopic-roller-chain-plate-conveyor-non-powered-roller-turning-conveyor-supplied-for-use-in-various-factories-production-line","status":"publish","type":"product","link":"https:\/\/www.ai-chenming.com\/fr\/produit\/telescopic-roller-chain-plate-conveyor-non-powered-roller-turning-conveyor-supplied-for-use-in-various-factories-production-line\/","title":{"rendered":"Convoyeur t\u00e9lescopique \u00e0 rouleaux\/cha\u00eenes \u00e0 plaques Convoyeur tournant \u00e0 rouleaux non motoris\u00e9 Fourni pour \u00eatre utilis\u00e9 dans diverses usines Ligne de production"},"content":{"rendered":"<div id=\"icbuEditorBackground\" class=\"icbu-editor-background\" data-spm-anchor-id=\"a2700.pc-decorate.0.i2.4e443333aJslaJ\"><\/div>\n<div id=\"detail_decorate_root\">\n<div class=\"editor-plugin-canvas\">\n<div class=\"render-engien-app\">\n<div class=\"editor-component-row editor-component-row-relative\">\n<div class=\"editor-component-container\">\n<div class=\"previewer-item-wrap\">\n<div id=\"43454463805\" class=\"J_module\">\n<div id=\"ali-anchor-AliMagic-q6b1pb\" data-reactroot=\"\" data-section=\"AliMagic-q6b1pb\" data-section-title=\"PRODUCT SPECIFICATIONS\">SP\u00c9CIFICATIONS DU PRODUIT<\/div>\n<\/div>\n<\/div>\n<div class=\"editor-component-container-mask\">\n<div style=\"width: 720px;\" class=\"wp-video\"><!--[if lt IE 9]><script>document.createElement('video');<\/script><![endif]-->\n<video class=\"wp-video-shortcode\" id=\"video-5244-1\" width=\"720\" height=\"1270\" preload=\"metadata\" controls=\"controls\"><source type=\"video\/mp4\" src=\"https:\/\/www.ai-chenming.com\/wp-content\/uploads\/2025\/08\/6000300326099.mp4?_=1\" \/><a href=\"https:\/\/www.ai-chenming.com\/wp-content\/uploads\/2025\/08\/6000300326099.mp4\">https:\/\/www.ai-chenming.com\/wp-content\/uploads\/2025\/08\/6000300326099.mp4<\/a><\/video><\/div>\n<\/div>\n<\/div>\n<\/div>\n<div class=\"editor-component-row editor-component-row-relative\">\n<div class=\"editor-component-container\">\n<div class=\"previewer-item-wrap\">\n<div id=\"43454463802\" class=\"J_module\">\n<div class=\"icbu-pc-images\" data-reactroot=\"\">\n<div>\n<div class=\"flex-layout-h\">\n<div class=\"text-wrapper\">\n<div class=\"text-wrapper-left text-theme-light text-align-left\">\n<div class=\"text-content\" data-id=\"left-content\">\n<div class=\"preview-edit-text-editor\" data-reactroot=\"\">\n<div id=\"preview-edit-1\" class=\"content-editor\" tabindex=\"1\" contenteditable=\"true\">\n<p>DIMENSIONS COMPACTES\u3001HAUTE R\u00c9SISTANCE \u00c0 L'USURE\u3001CADRE DE S\u00c9CURIT\u00c9\u3001LARGEMENT\u3001PRATIQUEMENT\u3001HAUTE EFFICACIT\u00c9\u3001VERSATILIT\u00c9<\/p>\n<\/div>\n<\/div>\n<\/div>\n<\/div>\n<\/div>\n<div class=\"flex-layout-v\">\n<div>\n<div class=\"preview-image-edit\">\n<div class=\"preview-edit-image-item\" data-reactroot=\"\"><\/div>\n<\/div>\n<p><img fetchpriority=\"high\" decoding=\"async\" class=\"aligncenter\" src=\"https:\/\/sc04.alicdn.com\/kf\/Hb0a14087f59b47ee8cf52c79fe68e82f8\/284464100\/Hb0a14087f59b47ee8cf52c79fe68e82f8.png\" width=\"360\" height=\"360\" data-id=\"child-image-0\" \/><\/p>\n<p>Le convoyeur \u00e0 rouleaux convient au transport d'objets sur le plan inf\u00e9rieur. Il se compose principalement d'un convoyeur \u00e0 rouleaux d'entra\u00eenement, d'un cadre, d'un support, d'une partie motrice, etc. Il pr\u00e9sente les caract\u00e9ristiques suivantes : grande capacit\u00e9 de transport, grande vitesse, vitesse rapide, forte capacit\u00e9 de charge, etc. Le convoyeur \u00e0 rouleaux et les autres convoyeurs constituent un syst\u00e8me complexe de transport de mat\u00e9riaux. Il peut \u00eatre divis\u00e9 en rouleaux non motoris\u00e9s, rouleaux motoris\u00e9s et rouleaux \u00e9lectriques. Il peut \u00eatre divis\u00e9 en convoyage horizontal, en convoyage tournant et en convoyage inclin\u00e9 en fonction de la disposition.<\/p>\n<p>&nbsp;<\/p>\n<p><img alt=\"\" decoding=\"async\" class=\"wp-image-6806 aligncenter\" src=\"https:\/\/www.ai-chenming.com\/wp-content\/uploads\/2025\/09\/4-2-300x212.png\" width=\"364\" height=\"257\" srcset=\"https:\/\/www.ai-chenming.com\/wp-content\/uploads\/2025\/09\/4-2-300x212.png 300w, https:\/\/www.ai-chenming.com\/wp-content\/uploads\/2025\/09\/4-2-1024x724.png 1024w, https:\/\/www.ai-chenming.com\/wp-content\/uploads\/2025\/09\/4-2-768x543.png 768w, https:\/\/www.ai-chenming.com\/wp-content\/uploads\/2025\/09\/4-2-1536x1086.png 1536w, https:\/\/www.ai-chenming.com\/wp-content\/uploads\/2025\/09\/4-2-2048x1448.png 2048w, https:\/\/www.ai-chenming.com\/wp-content\/uploads\/2025\/09\/4-2-18x12.png 18w, https:\/\/www.ai-chenming.com\/wp-content\/uploads\/2025\/09\/4-2-600x424.png 600w\" sizes=\"(max-width: 364px) 100vw, 364px\" \/><\/p>\n<p>&nbsp;<\/p>\n<\/div>\n<\/div>\n<\/div>\n<\/div>\n<\/div>\n<\/div>\n<\/div>\n<div class=\"editor-component-container-mask\">\n<table>\n<tbody>\n<tr>\n<td>1<\/td>\n<td>nom du produit<\/td>\n<td>8400Cha\u00eene de tri logistique<\/td>\n<\/tr>\n<tr>\n<td>2<\/td>\n<td>couleur<\/td>\n<td>personnalis\u00e9<\/td>\n<\/tr>\n<tr>\n<td>3<\/td>\n<td>pouvoir<\/td>\n<td>1,5KW<\/td>\n<\/tr>\n<tr>\n<td>3<\/td>\n<td>mat\u00e9riel<\/td>\n<td>POM PP PVC<\/td>\n<\/tr>\n<tr>\n<td>4<\/td>\n<td>la vertu<\/td>\n<td>silencieux \/ r\u00e9sistant \u00e0 l'usure<\/td>\n<\/tr>\n<\/tbody>\n<\/table>\n<\/div>\n<\/div>\n<\/div>\n<div class=\"editor-component-row editor-component-row-relative\">\n<div class=\"editor-component-container\">\n<div class=\"previewer-item-wrap\">\n<div id=\"43454463799\" class=\"J_module\">\n<div id=\"ali-anchor-AliMagic-i0t8a8\" data-reactroot=\"\" data-section=\"AliMagic-i0t8a8\" data-section-title=\"Product Overview\">Aper\u00e7u du produit<\/div>\n<\/div>\n<\/div>\n<\/div>\n<\/div>\n<div class=\"editor-component-row editor-component-row-relative\">\n<div class=\"editor-component-container\">\n<div class=\"previewer-item-wrap\">\n<div id=\"43454463800\" class=\"J_module\">\n<div class=\"detail-decorate-json-renderer-container\" data-reactroot=\"\">\n<div>\n<div class=\"preview-edit-text-editor\" data-reactroot=\"\">\n<div id=\"preview-edit-2\" class=\"content-editor\" tabindex=\"1\" contenteditable=\"true\"><\/div>\n<\/div>\n<div>\n<div>\n<div data-id=\"paragraph0\">\n<div class=\"preview-edit-text-editor\" data-reactroot=\"\">\n<div id=\"preview-edit-3\" class=\"content-editor\" tabindex=\"1\" contenteditable=\"true\">\n<p>Convoyeur \u00e0 bande<\/p>\n<p>* Principe : le moteur entra\u00eene le tambour, qui entra\u00eene \u00e0 son tour la courroie. Les mat\u00e9riaux sont transport\u00e9s par friction.<\/p>\n<p>* Composition : Courroie, tambours, galets, dispositifs d'entra\u00eenement et de tension<\/p>\n<p>* Caract\u00e9ristiques : Transport souple et silencieux, grande capacit\u00e9. Utilis\u00e9 dans les secteurs de l'alimentation, de l'\u00e9lectronique et de la logistique.<\/p>\n<p>Convoyeur \u00e0 rouleaux<\/p>\n<p>* Principe : le moteur entra\u00eene les rouleaux pour transporter les objets.<\/p>\n<p>* Composition : Rouleaux, ch\u00e2ssis, syst\u00e8mes d'entra\u00eenement et de contr\u00f4le<\/p>\n<p>* Caract\u00e9ristiques : Forte capacit\u00e9 de charge, fonctionnement stable. Utilis\u00e9 pour la manutention des marchandises dans l'entreposage et la transformation.<\/p>\n<p>Convoyeur \u00e0 cha\u00eene<\/p>\n<p>* Principe : le moteur entra\u00eene le pignon, qui fait tourner la cha\u00eene. Les accessoires poussent les mat\u00e9riaux.<\/p>\n<p>* Composition : Cha\u00eene, pignons, dispositifs d'entra\u00eenement et de tension, cadre<\/p>\n<p>* Caract\u00e9ristiques : Adaptable aux environnements difficiles, forte capacit\u00e9 de charge. Utilis\u00e9 dans la construction automobile et l'exploitation mini\u00e8re.<\/p>\n<p>Convoyeur \u00e0 vis<\/p>\n<p>* Principe : le moteur entra\u00eene l'arbre de la vis et les lames poussent les mat\u00e9riaux.<\/p>\n<p>* Composition : Arbre \u00e0 vis, lames, auge, dispositif d'entra\u00eenement<\/p>\n<p>* Caract\u00e9ristiques : Bonne performance d'\u00e9tanch\u00e9it\u00e9. Utilis\u00e9 pour le transport de mat\u00e9riaux pulv\u00e9rulents et granuleux dans les secteurs de la chimie et des mat\u00e9riaux de construction.<br \/>\ndes industries.<\/p>\n<p>Convoyeur pneumatique<\/p>\n<p>* Principe : Le flux d'air g\u00e9n\u00e9r\u00e9 par le ventilateur cr\u00e9e une diff\u00e9rence de pression pour transporter les mat\u00e9riaux.<\/p>\n<p>* Composition : Source d'air, canalisations, dispositifs d'alimentation et de d\u00e9charge<\/p>\n<p>* Caract\u00e9ristiques : Haute efficacit\u00e9, pr\u00e9vention de la pollution. Utilis\u00e9 pour le transport de mat\u00e9riaux pulv\u00e9rulents et granuleux dans les c\u00e9r\u00e9ales et le ciment.<br \/>\ndes industries.<\/p>\n<\/div>\n<\/div>\n<\/div>\n<\/div>\n<\/div>\n<\/div>\n<\/div>\n<\/div>\n<\/div>\n<\/div>\n<\/div>\n<\/div>\n<\/div>\n<div class=\"editor-component-row editor-component-row-relative\">\n<div class=\"editor-component-container\">\n<div class=\"previewer-item-wrap\">\n<div id=\"43454463808\" class=\"J_module\">\n<div class=\"detail-decorate-json-renderer-container\" data-reactroot=\"\">\n<div>\n<div>\n<div class=\"preview-image-edit\"><\/div>\n<\/div>\n<\/div>\n<div>\n<div><\/div>\n<\/div>\n<\/div>\n<\/div>\n<\/div>\n<\/div>\n<\/div>\n<div class=\"editor-component-row editor-component-row-relative\">\n<div class=\"editor-component-container\">\n<div class=\"previewer-item-wrap\">\n<div id=\"43454463810\" class=\"J_module\">\n<div class=\"icbu-pc-images\" data-reactroot=\"\">\n<div class=\"flex-layout-v\">\n<div class=\"flex-layout-h\"><\/div>\n<\/div>\n<\/div>\n<\/div>\n<\/div>\n<\/div>\n<\/div>\n<div class=\"editor-component-row editor-component-row-relative\">\n<div class=\"editor-component-container\">\n<div class=\"previewer-item-wrap\">\n<div id=\"43454463815\" class=\"J_module\">\n<div id=\"ali-anchor-AliMagic-vqc8cl\" data-reactroot=\"\" data-section=\"AliMagic-vqc8cl\" data-section-title=\"FAQ\">FAQ<\/div>\n<\/div>\n<\/div>\n<div class=\"editor-component-container-mask\"><\/div>\n<\/div>\n<\/div>\n<div class=\"editor-component-row editor-component-row-relative\">\n<div class=\"editor-component-container\">\n<div class=\"previewer-item-wrap\">\n<div id=\"43454463816\" class=\"J_module\">\n<div class=\"detail-decorate-json-renderer-container\" data-reactroot=\"\">\n<div>\n<div>\n<div>\n<div>\n<div class=\"preview-edit-text-editor\" data-reactroot=\"\">1. qui sommes-nous ?<\/div>\n<div class=\"preview-edit-text-editor\" data-reactroot=\"\">Nous sommes bas\u00e9s dans la province de Shandong, en Chine, depuis 2018. Nous vendons \u00e0 diverses r\u00e9gions du monde, telles que l'Europe, l'Am\u00e9rique du Nord et l'Asie du Sud-Est. Il y a environ 20 personnes dans notre entreprise, y compris des \u00e9quipes professionnelles de R &amp; D, de production, de vente et de service apr\u00e8s-vente.<\/div>\n<div data-reactroot=\"\"><\/div>\n<div class=\"preview-edit-text-editor\" data-reactroot=\"\">2. Comment pouvons-nous garantir la qualit\u00e9 ?<\/div>\n<div class=\"preview-edit-text-editor\" data-reactroot=\"\">\n<p>Toujours un \u00e9chantillon de pr\u00e9production avant la production de masse ; cet \u00e9chantillon est strictement test\u00e9 conform\u00e9ment aux normes internationales et industrielles afin de garantir que tous les d\u00e9tails r\u00e9pondent aux exigences. Toujours une inspection finale avant l'exp\u00e9dition ; notre \u00e9quipe de contr\u00f4le de la qualit\u00e9 proc\u00e8de \u00e0 une inspection compl\u00e8te de chaque lot de produits, en v\u00e9rifiant qu'il n'y a pas de d\u00e9fauts d'apparence, de taille et de fonctionnalit\u00e9.<\/p>\n<div>\n<div>3. Pourquoi devriez-vous acheter chez nous plut\u00f4t que chez d'autres fournisseurs ?<\/div>\n<div>Des prix comp\u00e9titifs : Gr\u00e2ce \u00e0 une gestion efficace de la production et \u00e0 un approvisionnement \u00e0 grande \u00e9chelle en mati\u00e8res premi\u00e8res, nous pouvons proposer des produits \u00e0 des prix plus avantageux que ceux de nombreux concurrents. - Produits de haute qualit\u00e9 : Gr\u00e2ce \u00e0 des processus stricts de contr\u00f4le de la qualit\u00e9, de la production \u00e0 l'exp\u00e9dition, nos produits sont tr\u00e8s fiables et offrent des performances \u00e0 long terme. - Excellent service apr\u00e8s-vente : Notre \u00e9quipe professionnelle de service apr\u00e8s-vente est pr\u00eate \u00e0 r\u00e9soudre tous les probl\u00e8mes que vous rencontrez, \u00e0 fournir une assistance technique en temps voulu et \u00e0 assurer la maintenance des produits.<\/div>\n<div><\/div>\n<div>4. quels services pouvons-nous fournir ?<\/div>\n<div>- Conditions de livraison accept\u00e9es : FOB (Qingdao), CIF, EXW, etc.<\/div>\n<div>- Devise de paiement accept\u00e9e : USD, EUR, CNY etc.<\/div>\n<div>\n<p>- Types de paiement accept\u00e9s : T\/T (transfert t\u00e9l\u00e9graphique), L\/C (lettre de cr\u00e9dit), PayPal, etc.<\/p>\n<\/div>\n<\/div>\n<\/div>\n<\/div>\n<\/div>\n<\/div>\n<\/div>\n<\/div>\n<\/div>\n<\/div>\n<\/div>\n<\/div>\n<\/div>","protected":false},"excerpt":{"rendered":"<p>Convoyeur d'entrep\u00f4t \u00e0 grande vitesse Convoyeur \u00e0 bande pour l'industrie alimentaire Convoyeur r\u00e9glable durable Convoyeur \u00e0 rouleaux silencieux Convoyeur \u00e0 bande personnalisable<\/p>","protected":false},"featured_media":4767,"template":"","meta":{"_acf_changed":false,"_seopress_robots_primary_cat":"none","_seopress_titles_title":"Telescopic Roller\/Chain Plate Conveyor Non-powered Roller Turning Conveyor Supplied for Use in Various Factories Production Line","_seopress_titles_desc":"High-speed warehouse conveyor Food factory belt conveyor Durable adjustable conveyor Noiseless roller conveyor Customizable belt conveyor","_seopress_robots_index":"","_uag_custom_page_level_css":"","site-sidebar-layout":"default","site-content-layout":"","ast-site-content-layout":"default","site-content-style":"default","site-sidebar-style":"default","ast-global-header-display":"","ast-banner-title-visibility":"","ast-main-header-display":"","ast-hfb-above-header-display":"","ast-hfb-below-header-display":"","ast-hfb-mobile-header-display":"","site-post-title":"","ast-breadcrumbs-content":"","ast-featured-img":"","footer-sml-layout":"","theme-transparent-header-meta":"default","adv-header-id-meta":"","stick-header-meta":"","header-above-stick-meta":"","header-main-stick-meta":"","header-below-stick-meta":"","astra-migrate-meta-layouts":"set","ast-page-background-enabled":"default","ast-page-background-meta":{"desktop":{"background-color":"","background-image":"","background-repeat":"repeat","background-position":"center center","background-size":"auto","background-attachment":"scroll","background-type":"","background-media":"","overlay-type":"","overlay-color":"","overlay-opacity":"","overlay-gradient":""},"tablet":{"background-color":"","background-image":"","background-repeat":"repeat","background-position":"center center","background-size":"auto","background-attachment":"scroll","background-type":"","background-media":"","overlay-type":"","overlay-color":"","overlay-opacity":"","overlay-gradient":""},"mobile":{"background-color":"","background-image":"","background-repeat":"repeat","background-position":"center center","background-size":"auto","background-attachment":"scroll","background-type":"","background-media":"","overlay-type":"","overlay-color":"","overlay-opacity":"","overlay-gradient":""}},"ast-content-background-meta":{"desktop":{"background-color":"var(--ast-global-color-5)","background-image":"","background-repeat":"repeat","background-position":"center center","background-size":"auto","background-attachment":"scroll","background-type":"","background-media":"","overlay-type":"","overlay-color":"","overlay-opacity":"","overlay-gradient":""},"tablet":{"background-color":"var(--ast-global-color-5)","background-image":"","background-repeat":"repeat","background-position":"center center","background-size":"auto","background-attachment":"scroll","background-type":"","background-media":"","overlay-type":"","overlay-color":"","overlay-opacity":"","overlay-gradient":""},"mobile":{"background-color":"var(--ast-global-color-5)","background-image":"","background-repeat":"repeat","background-position":"center center","background-size":"auto","background-attachment":"scroll","background-type":"","background-media":"","overlay-type":"","overlay-color":"","overlay-opacity":"","overlay-gradient":""}}},"product_brand":[131],"product_cat":[87,98,96,97],"product_tag":[478,476,475,474,477,376,396],"class_list":{"0":"post-5244","1":"product","2":"type-product","3":"status-publish","4":"has-post-thumbnail","6":"product_brand-chenming","7":"product_cat-conveyor","8":"product_cat-roller-conveyor","9":"product_cat-belt-conveyor","10":"product_cat-chain-conveyor","11":"product_tag-customizable-belt-conveyor","12":"product_tag-durable-adjustable-conveyor","13":"product_tag-food-factory-belt-conveyor","14":"product_tag-high-speed-warehouse-conveyor","15":"product_tag-noiseless-roller-conveyor","16":"product_tag-plastic-table-top-chain-conveyor","17":"product_tag-top-chain-conveyor-for-food-and-fruit","18":"desktop-align-center","19":"tablet-align-center","20":"mobile-align-left","21":"ast-product-gallery-layout-horizontal-slider","22":"ast-product-tabs-layout-horizontal","23":"ast-qv-on-image","25":"first","26":"instock","27":"sale","28":"shipping-taxable","29":"purchasable","30":"product-type-simple"},"acf":[],"uagb_featured_image_src":{"full":["https:\/\/www.ai-chenming.com\/wp-content\/uploads\/2025\/08\/1199d96e-3856-4e90-82bb-c105235f2c6c.png",640,640,false],"thumbnail":["https:\/\/www.ai-chenming.com\/wp-content\/uploads\/2025\/08\/1199d96e-3856-4e90-82bb-c105235f2c6c-150x150.png",150,150,true],"medium":["https:\/\/www.ai-chenming.com\/wp-content\/uploads\/2025\/08\/1199d96e-3856-4e90-82bb-c105235f2c6c-300x300.png",300,300,true],"medium_large":["https:\/\/www.ai-chenming.com\/wp-content\/uploads\/2025\/08\/1199d96e-3856-4e90-82bb-c105235f2c6c.png",640,640,false],"large":["https:\/\/www.ai-chenming.com\/wp-content\/uploads\/2025\/08\/1199d96e-3856-4e90-82bb-c105235f2c6c.png",640,640,false],"1536x1536":["https:\/\/www.ai-chenming.com\/wp-content\/uploads\/2025\/08\/1199d96e-3856-4e90-82bb-c105235f2c6c.png",640,640,false],"2048x2048":["https:\/\/www.ai-chenming.com\/wp-content\/uploads\/2025\/08\/1199d96e-3856-4e90-82bb-c105235f2c6c.png",640,640,false],"trp-custom-language-flag":["https:\/\/www.ai-chenming.com\/wp-content\/uploads\/2025\/08\/1199d96e-3856-4e90-82bb-c105235f2c6c-12x12.png",12,12,true],"woocommerce_thumbnail":["https:\/\/www.ai-chenming.com\/wp-content\/uploads\/2025\/08\/1199d96e-3856-4e90-82bb-c105235f2c6c-450x450.png",450,450,true],"woocommerce_single":["https:\/\/www.ai-chenming.com\/wp-content\/uploads\/2025\/08\/1199d96e-3856-4e90-82bb-c105235f2c6c-600x600.png",600,600,true],"woocommerce_gallery_thumbnail":["https:\/\/www.ai-chenming.com\/wp-content\/uploads\/2025\/08\/1199d96e-3856-4e90-82bb-c105235f2c6c-100x100.png",100,100,true]},"uagb_author_info":{"display_name":"chenming","author_link":"https:\/\/www.ai-chenming.com\/fr\/author\/"},"uagb_comment_info":0,"uagb_excerpt":"High-speed warehouse conveyor Food factory belt conveyor Durable adjustable conveyor Noiseless roller conveyor Customizable belt conveyor","_links":{"self":[{"href":"https:\/\/www.ai-chenming.com\/fr\/wp-json\/wp\/v2\/product\/5244","targetHints":{"allow":["GET"]}}],"collection":[{"href":"https:\/\/www.ai-chenming.com\/fr\/wp-json\/wp\/v2\/product"}],"about":[{"href":"https:\/\/www.ai-chenming.com\/fr\/wp-json\/wp\/v2\/types\/product"}],"wp:featuredmedia":[{"embeddable":true,"href":"https:\/\/www.ai-chenming.com\/fr\/wp-json\/wp\/v2\/media\/4767"}],"wp:attachment":[{"href":"https:\/\/www.ai-chenming.com\/fr\/wp-json\/wp\/v2\/media?parent=5244"}],"wp:term":[{"taxonomy":"product_brand","embeddable":true,"href":"https:\/\/www.ai-chenming.com\/fr\/wp-json\/wp\/v2\/product_brand?post=5244"},{"taxonomy":"product_cat","embeddable":true,"href":"https:\/\/www.ai-chenming.com\/fr\/wp-json\/wp\/v2\/product_cat?post=5244"},{"taxonomy":"product_tag","embeddable":true,"href":"https:\/\/www.ai-chenming.com\/fr\/wp-json\/wp\/v2\/product_tag?post=5244"}],"curies":[{"name":"wp","href":"https:\/\/api.w.org\/{rel}","templated":true}]}}