{"id":5213,"date":"2025-09-01T09:56:42","date_gmt":"2025-09-01T09:56:42","guid":{"rendered":"https:\/\/www.ai-chenming.com\/?post_type=product&#038;p=5213"},"modified":"2025-09-23T10:11:28","modified_gmt":"2025-09-23T10:11:28","slug":"logistics-sorting-conveyors-are-suitable-for-parcel-sorting-in-the-express-delivery-industry-intelligent-sorting-conveyormachine","status":"publish","type":"product","link":"https:\/\/www.ai-chenming.com\/fr\/produit\/logistics-sorting-conveyors-are-suitable-for-parcel-sorting-in-the-express-delivery-industry-intelligent-sorting-conveyormachine\/","title":{"rendered":"Les convoyeurs de tri logistique conviennent au tri des colis dans le secteur des livraisons express Convoyeur de tri intelligentMachine"},"content":{"rendered":"<div id=\"icbuEditorBackground\" class=\"icbu-editor-background\" data-spm-anchor-id=\"a2700.pc-decorate.0.i2.383333336CbjqL\"><span style=\"font-size: 16px;\">Aper\u00e7u du produit<\/span><\/div>\n<div id=\"detail_decorate_root\">\n<div class=\"editor-plugin-canvas\">\n<div class=\"render-engien-app\">\n<div class=\"editor-component-row editor-component-row-relative\">\n<div class=\"editor-component-container\">\n<div class=\"editor-component-container-mask\">\n<div style=\"width: 1280px;\" class=\"wp-video\"><!--[if lt IE 9]><script>document.createElement('video');<\/script><![endif]-->\n<video class=\"wp-video-shortcode\" id=\"video-5213-1\" width=\"1280\" height=\"720\" preload=\"metadata\" controls=\"controls\"><source type=\"video\/mp4\" src=\"https:\/\/www.ai-chenming.com\/wp-content\/uploads\/2025\/09\/6000299362031.mp4?_=1\" \/><a href=\"https:\/\/www.ai-chenming.com\/wp-content\/uploads\/2025\/09\/6000299362031.mp4\">https:\/\/www.ai-chenming.com\/wp-content\/uploads\/2025\/09\/6000299362031.mp4<\/a><\/video><\/div>\n<p><img alt=\"\" fetchpriority=\"high\" decoding=\"async\" class=\"wp-image-7123 aligncenter\" src=\"https:\/\/www.ai-chenming.com\/wp-content\/uploads\/2025\/09\/111-300x300.png\" width=\"360\" height=\"360\" srcset=\"https:\/\/www.ai-chenming.com\/wp-content\/uploads\/2025\/09\/111-300x300.png 300w, https:\/\/www.ai-chenming.com\/wp-content\/uploads\/2025\/09\/111-1024x1024.png 1024w, https:\/\/www.ai-chenming.com\/wp-content\/uploads\/2025\/09\/111-150x150.png 150w, https:\/\/www.ai-chenming.com\/wp-content\/uploads\/2025\/09\/111-768x768.png 768w, https:\/\/www.ai-chenming.com\/wp-content\/uploads\/2025\/09\/111-12x12.png 12w, https:\/\/www.ai-chenming.com\/wp-content\/uploads\/2025\/09\/111-450x450.png 450w, https:\/\/www.ai-chenming.com\/wp-content\/uploads\/2025\/09\/111-600x600.png 600w, https:\/\/www.ai-chenming.com\/wp-content\/uploads\/2025\/09\/111-100x100.png 100w, https:\/\/www.ai-chenming.com\/wp-content\/uploads\/2025\/09\/111.png 1280w\" sizes=\"(max-width: 360px) 100vw, 360px\" \/><\/p>\n<p>Les bandes modulaires (\u00e9galement appel\u00e9es bandes transporteuses modulaires) sont assembl\u00e9es \u00e0 partir de modules standardis\u00e9s. Elles permettent une personnalisation souple de la longueur et de la largeur, et peuvent r\u00e9aliser des trajectoires de transport complexes telles que les virages et les mont\u00e9es. Fabriqu\u00e9es dans des mat\u00e9riaux tels que les plastiques techniques de qualit\u00e9 alimentaire, elles sont r\u00e9sistantes \u00e0 l'usure et \u00e0 la corrosion. Leur surface peut \u00eatre con\u00e7ue avec des structures telles que des motifs antid\u00e9rapants et des d\u00e9flecteurs, ce qui les rend adapt\u00e9s au transport de divers mat\u00e9riaux. Gr\u00e2ce \u00e0 leur facilit\u00e9 d'entretien (les modules individuels peuvent \u00eatre remplac\u00e9s), ils sont largement utilis\u00e9s dans les industries alimentaires, pharmaceutiques, logistiques et \u00e9lectroniques, et constituent des supports efficaces et adaptables pour le transport automatis\u00e9.<\/p>\n<p><img alt=\"\" decoding=\"async\" class=\"wp-image-6753 aligncenter\" src=\"https:\/\/www.ai-chenming.com\/wp-content\/uploads\/2025\/09\/7-2-300x212.png\" width=\"364\" height=\"257\" srcset=\"https:\/\/www.ai-chenming.com\/wp-content\/uploads\/2025\/09\/7-2-300x212.png 300w, https:\/\/www.ai-chenming.com\/wp-content\/uploads\/2025\/09\/7-2-1024x724.png 1024w, https:\/\/www.ai-chenming.com\/wp-content\/uploads\/2025\/09\/7-2-768x543.png 768w, https:\/\/www.ai-chenming.com\/wp-content\/uploads\/2025\/09\/7-2-1536x1086.png 1536w, https:\/\/www.ai-chenming.com\/wp-content\/uploads\/2025\/09\/7-2-2048x1448.png 2048w, https:\/\/www.ai-chenming.com\/wp-content\/uploads\/2025\/09\/7-2-18x12.png 18w, https:\/\/www.ai-chenming.com\/wp-content\/uploads\/2025\/09\/7-2-600x424.png 600w\" sizes=\"(max-width: 364px) 100vw, 364px\" \/><\/p>\n<table>\n<tbody>\n<tr>\n<td>Nom du produit<\/td>\n<td>Convoyeur \u00e0 rouleaux tournants t\u00e9lescopiques flexibles<\/td>\n<\/tr>\n<tr>\n<td>Industries concern\u00e9es<\/td>\n<td>Logistique \/Alimentation\/boissonFabrication Agriculture<\/td>\n<\/tr>\n<tr>\n<td>\u00c9tat<\/td>\n<td>Nouveau<\/td>\n<\/tr>\n<tr>\n<td>Puissance<\/td>\n<td>220V<\/td>\n<\/tr>\n<tr>\n<td>Mat\u00e9riau<\/td>\n<td>Plastique POM PP PA<\/td>\n<\/tr>\n<tr>\n<td>Colo<\/td>\n<td>Offrir des services personnalis\u00e9s<\/td>\n<\/tr>\n<tr>\n<td>Charge de travail<\/td>\n<td>2500N\/m<\/td>\n<\/tr>\n<tr>\n<td>Certification<\/td>\n<td>ISO<\/td>\n<\/tr>\n<tr>\n<td>Vitesse du convoyeur<\/td>\n<td>0,1~5m\/s<\/td>\n<\/tr>\n<tr>\n<td>Taux d'ouverture<\/td>\n<td>0%<\/td>\n<\/tr>\n<tr>\n<td>Poids<\/td>\n<td>0.5\/\u33a1<\/td>\n<\/tr>\n<tr>\n<td>Paiements<\/td>\n<td>T\/T<\/td>\n<\/tr>\n<tr>\n<td>P\u00e9riode de garantie<\/td>\n<td>1 an<\/td>\n<\/tr>\n<\/tbody>\n<\/table>\n<\/div>\n<\/div>\n<\/div>\n<div class=\"editor-component-row editor-component-row-relative\">\n<div class=\"editor-component-container\">\n<div class=\"previewer-item-wrap\">\n<div id=\"44566457944\" class=\"J_module\">\n<div class=\"detail-decorate-json-renderer-container\" data-reactroot=\"\">\n<div>\n<div>\n<div class=\"preview-edit-text-editor\" data-reactroot=\"\">\n<div id=\"preview-edit-3\" class=\"content-editor\" tabindex=\"1\" contenteditable=\"true\">d\u00e9tails<\/div>\n<\/div>\n<\/div>\n<div>\n<div data-id=\"paragraph0\">\n<div class=\"preview-edit-text-editor\" data-reactroot=\"\">\n<div id=\"preview-edit-4\" class=\"content-editor\" tabindex=\"1\" contenteditable=\"true\">\n<p><b><span style=\"color: #2196ed;\">1. mat\u00e9riau durable\uff1a<\/span><\/b>Thermoplastique de haute qualit\u00e9, avec une grande r\u00e9sistance \u00e0 l'usure et \u00e0 la corrosion. Longue dur\u00e9e de vie dans des conditions difficiles.<\/p>\n<p><b><span style=\"color: #2196ed;\">2. transport en douceur\uff1a<\/span><\/b>Dessus plat \u00e0 faible frottement. Permet un transport stable et en douceur, en minimisant les dommages au produit.<\/p>\n<p><b><span style=\"color: #2196ed;\">3.Charge \u00e9lev\u00e9e - Palier\uff1a<\/span><\/b>Transporte des charges importantes, convient pour les marchandises lourdes dans divers secteurs d'activit\u00e9.<\/p>\n<\/div>\n<\/div>\n<\/div>\n<\/div>\n<\/div>\n<div>\n<div>\n<div class=\"preview-edit-text-editor\" data-reactroot=\"\">\n<div id=\"preview-edit-5\" class=\"content-editor\" tabindex=\"1\" contenteditable=\"true\">Avantages<\/div>\n<\/div>\n<\/div>\n<div>\n<div data-id=\"paragraph1\">\n<div class=\"preview-edit-text-editor\" data-reactroot=\"\">\n<div id=\"preview-edit-6\" class=\"content-editor\" tabindex=\"1\" contenteditable=\"true\">\n<p><b><span style=\"color: #2196ed;\">4. une mise en page flexible\uff1a<\/span><\/b>S'adapte facilement aux syst\u00e8mes de convoyage horizontaux, inclin\u00e9s et incurv\u00e9s. Offre une grande souplesse de conception.<\/p>\n<p><b><span style=\"color: #2196ed;\">5. entretien facile\uff1a<\/span><\/b>Le thermoplastique est facile \u00e0 nettoyer. La structure simple r\u00e9duit le temps et les co\u00fbts d'entretien.<\/p>\n<p><b><span style=\"color: #2196ed;\">6.Transmission pr\u00e9cise\uff1a<\/span><\/b>Garantit une vitesse pr\u00e9cise et stable pour une manipulation pr\u00e9cise des mat\u00e9riaux.<\/p>\n<\/div>\n<\/div>\n<\/div>\n<\/div>\n<\/div>\n<\/div>\n<\/div>\n<\/div>\n<\/div>\n<\/div>\n<\/div>\n<\/div>\n<div class=\"editor-component-row editor-component-row-relative\">\n<div class=\"editor-component-container\">\n<div class=\"previewer-item-wrap\">\n<div id=\"44566457969\" class=\"J_module\">\n<div id=\"ali-anchor-AliMagic-4zrn9q\" data-reactroot=\"\" data-section=\"AliMagic-4zrn9q\" data-section-title=\"FAQ\">FAQ<\/div>\n<\/div>\n<\/div>\n<div class=\"editor-component-container-mask\"><\/div>\n<\/div>\n<\/div>\n<div class=\"editor-component-row editor-component-row-relative\">\n<div class=\"editor-component-container\">\n<div class=\"previewer-item-wrap\">\n<div id=\"44566457970\" class=\"J_module\">\n<div class=\"detail-decorate-json-renderer-container\" data-reactroot=\"\">\n<div>\n<div>\n<div>\n<div>\n<div class=\"preview-edit-text-editor\" data-reactroot=\"\"><span data-spm-anchor-id=\"a2700.pc-decorate.0.i3.383333336CbjqL\">1. qui sommes-nous ? <\/span><\/div>\n<div class=\"preview-edit-text-editor\" data-reactroot=\"\"><span data-spm-anchor-id=\"a2700.pc-decorate.0.i3.383333336CbjqL\">Nous sommes bas\u00e9s dans la province de Shandong, en Chine, depuis 2018. Nous vendons \u00e0 diverses r\u00e9gions du monde, telles que l'Europe, l'Am\u00e9rique du Nord et l'Asie du Sud-Est. Il y a environ 50 personnes dans notre entreprise, y compris des \u00e9quipes professionnelles de R &amp; D, de production, de vente et de service apr\u00e8s-vente. <\/span><\/div>\n<div data-reactroot=\"\"><\/div>\n<div class=\"preview-edit-text-editor\" data-reactroot=\"\"><span data-spm-anchor-id=\"a2700.pc-decorate.0.i3.383333336CbjqL\">2. Comment pouvons-nous garantir la qualit\u00e9 ? <\/span><\/div>\n<div class=\"preview-edit-text-editor\" data-reactroot=\"\">\n<p><span data-spm-anchor-id=\"a2700.pc-decorate.0.i3.383333336CbjqL\">Toujours un \u00e9chantillon de pr\u00e9production avant la production de masse ; cet \u00e9chantillon est strictement test\u00e9 conform\u00e9ment aux normes internationales et industrielles afin de garantir que tous les d\u00e9tails r\u00e9pondent aux exigences. Toujours une inspection finale avant l'exp\u00e9dition ; notre \u00e9quipe de contr\u00f4le de la qualit\u00e9 proc\u00e8de \u00e0 une inspection compl\u00e8te de chaque lot de produits, en v\u00e9rifiant qu'il n'y a pas de d\u00e9fauts d'apparence, de taille et de fonctionnalit\u00e9.<\/span><\/p>\n<div>\n<div>3. Pourquoi devriez-vous acheter chez nous plut\u00f4t que chez d'autres fournisseurs ? Des prix comp\u00e9titifs : Gr\u00e2ce \u00e0 une gestion efficace de la production et \u00e0 un approvisionnement \u00e0 grande \u00e9chelle en mati\u00e8res premi\u00e8res, nous pouvons proposer des produits \u00e0 des prix plus avantageux que ceux de nombreux concurrents. Produits de haute qualit\u00e9 : Gr\u00e2ce \u00e0 des processus stricts de contr\u00f4le de la qualit\u00e9, de la production \u00e0 l'exp\u00e9dition, nos produits sont tr\u00e8s fiables et offrent des performances \u00e0 long terme. Excellent service apr\u00e8s-vente : Notre \u00e9quipe professionnelle de service apr\u00e8s-vente est pr\u00eate \u00e0 r\u00e9soudre tous les probl\u00e8mes que vous rencontrez, \u00e0 fournir une assistance technique en temps voulu et \u00e0 assurer la maintenance des produits.<\/div>\n<div><\/div>\n<div>4. quels services pouvons-nous fournir ?<\/div>\n<div>Conditions de livraison accept\u00e9es : FOB (Qingdao), CIF, EXW, etc.<\/div>\n<div>Devise de paiement accept\u00e9e : USD, EUR, CNY etc.<\/div>\n<div>\n<p>Types de paiement accept\u00e9s : T\/T (transfert t\u00e9l\u00e9graphique), L\/C (lettre de cr\u00e9dit), PayPal, etc.<\/p>\n<div><\/div>\n<\/div>\n<\/div>\n<\/div>\n<\/div>\n<\/div>\n<\/div>\n<\/div>\n<\/div>\n<\/div>\n<\/div>\n<\/div>\n<\/div>\n<\/div>","protected":false},"excerpt":{"rendered":"<p>Convoyeur de tri logistique convoyeur de tri convoyeur logistique convoyeur \u00e0 glissi\u00e8re convoyeur de tri<\/p>","protected":false},"featured_media":5217,"template":"","meta":{"_acf_changed":false,"_seopress_robots_primary_cat":"none","_seopress_titles_title":"Logistics Sorting Conveyors Are Suitable for Parcel Sorting in the Express Delivery Industry Intelligent Sorting ConveyorMachine","_seopress_titles_desc":"Logistics sorting conveyor sorting conveyor logistics conveyor slider sorting conveyor","_seopress_robots_index":"","_uag_custom_page_level_css":"","site-sidebar-layout":"default","site-content-layout":"","ast-site-content-layout":"default","site-content-style":"default","site-sidebar-style":"default","ast-global-header-display":"","ast-banner-title-visibility":"","ast-main-header-display":"","ast-hfb-above-header-display":"","ast-hfb-below-header-display":"","ast-hfb-mobile-header-display":"","site-post-title":"","ast-breadcrumbs-content":"","ast-featured-img":"","footer-sml-layout":"","theme-transparent-header-meta":"default","adv-header-id-meta":"","stick-header-meta":"","header-above-stick-meta":"","header-main-stick-meta":"","header-below-stick-meta":"","astra-migrate-meta-layouts":"set","ast-page-background-enabled":"default","ast-page-background-meta":{"desktop":{"background-color":"","background-image":"","background-repeat":"repeat","background-position":"center center","background-size":"auto","background-attachment":"scroll","background-type":"","background-media":"","overlay-type":"","overlay-color":"","overlay-opacity":"","overlay-gradient":""},"tablet":{"background-color":"","background-image":"","background-repeat":"repeat","background-position":"center center","background-size":"auto","background-attachment":"scroll","background-type":"","background-media":"","overlay-type":"","overlay-color":"","overlay-opacity":"","overlay-gradient":""},"mobile":{"background-color":"","background-image":"","background-repeat":"repeat","background-position":"center center","background-size":"auto","background-attachment":"scroll","background-type":"","background-media":"","overlay-type":"","overlay-color":"","overlay-opacity":"","overlay-gradient":""}},"ast-content-background-meta":{"desktop":{"background-color":"var(--ast-global-color-5)","background-image":"","background-repeat":"repeat","background-position":"center center","background-size":"auto","background-attachment":"scroll","background-type":"","background-media":"","overlay-type":"","overlay-color":"","overlay-opacity":"","overlay-gradient":""},"tablet":{"background-color":"var(--ast-global-color-5)","background-image":"","background-repeat":"repeat","background-position":"center center","background-size":"auto","background-attachment":"scroll","background-type":"","background-media":"","overlay-type":"","overlay-color":"","overlay-opacity":"","overlay-gradient":""},"mobile":{"background-color":"var(--ast-global-color-5)","background-image":"","background-repeat":"repeat","background-position":"center center","background-size":"auto","background-attachment":"scroll","background-type":"","background-media":"","overlay-type":"","overlay-color":"","overlay-opacity":"","overlay-gradient":""}}},"product_brand":[131],"product_cat":[94],"product_tag":[456,457,453,454,455],"class_list":{"0":"post-5213","1":"product","2":"type-product","3":"status-publish","4":"has-post-thumbnail","6":"product_brand-chenming","7":"product_cat-modualr-belt-conveyor","8":"product_tag-durable-noiseless-sorting","9":"product_tag-high-efficiency-low-cost","10":"product_tag-intelligent-express-parcel","11":"product_tag-sorter-conveyors-for-logistics","12":"product_tag-top-flexible-conveyor-chain","13":"desktop-align-center","14":"tablet-align-center","15":"mobile-align-left","16":"ast-product-gallery-layout-horizontal-slider","17":"ast-product-tabs-layout-horizontal","18":"ast-qv-on-image","20":"first","21":"instock","22":"sale","23":"shipping-taxable","24":"purchasable","25":"product-type-simple"},"acf":[],"uagb_featured_image_src":{"full":["https:\/\/www.ai-chenming.com\/wp-content\/uploads\/2025\/09\/4804525b-a2a5-4d97-a0a8-f6acb26d9182.png",1276,1276,false],"thumbnail":["https:\/\/www.ai-chenming.com\/wp-content\/uploads\/2025\/09\/4804525b-a2a5-4d97-a0a8-f6acb26d9182-150x150.png",150,150,true],"medium":["https:\/\/www.ai-chenming.com\/wp-content\/uploads\/2025\/09\/4804525b-a2a5-4d97-a0a8-f6acb26d9182-300x300.png",300,300,true],"medium_large":["https:\/\/www.ai-chenming.com\/wp-content\/uploads\/2025\/09\/4804525b-a2a5-4d97-a0a8-f6acb26d9182-768x768.png",768,768,true],"large":["https:\/\/www.ai-chenming.com\/wp-content\/uploads\/2025\/09\/4804525b-a2a5-4d97-a0a8-f6acb26d9182-1024x1024.png",1024,1024,true],"1536x1536":["https:\/\/www.ai-chenming.com\/wp-content\/uploads\/2025\/09\/4804525b-a2a5-4d97-a0a8-f6acb26d9182.png",1276,1276,false],"2048x2048":["https:\/\/www.ai-chenming.com\/wp-content\/uploads\/2025\/09\/4804525b-a2a5-4d97-a0a8-f6acb26d9182.png",1276,1276,false],"trp-custom-language-flag":["https:\/\/www.ai-chenming.com\/wp-content\/uploads\/2025\/09\/4804525b-a2a5-4d97-a0a8-f6acb26d9182-12x12.png",12,12,true],"woocommerce_thumbnail":["https:\/\/www.ai-chenming.com\/wp-content\/uploads\/2025\/09\/4804525b-a2a5-4d97-a0a8-f6acb26d9182-450x450.png",450,450,true],"woocommerce_single":["https:\/\/www.ai-chenming.com\/wp-content\/uploads\/2025\/09\/4804525b-a2a5-4d97-a0a8-f6acb26d9182-600x600.png",600,600,true],"woocommerce_gallery_thumbnail":["https:\/\/www.ai-chenming.com\/wp-content\/uploads\/2025\/09\/4804525b-a2a5-4d97-a0a8-f6acb26d9182-100x100.png",100,100,true]},"uagb_author_info":{"display_name":"chenming","author_link":"https:\/\/www.ai-chenming.com\/fr\/author\/"},"uagb_comment_info":0,"uagb_excerpt":"Logistics sorting conveyor sorting conveyor logistics conveyor slider sorting conveyor","_links":{"self":[{"href":"https:\/\/www.ai-chenming.com\/fr\/wp-json\/wp\/v2\/product\/5213","targetHints":{"allow":["GET"]}}],"collection":[{"href":"https:\/\/www.ai-chenming.com\/fr\/wp-json\/wp\/v2\/product"}],"about":[{"href":"https:\/\/www.ai-chenming.com\/fr\/wp-json\/wp\/v2\/types\/product"}],"wp:featuredmedia":[{"embeddable":true,"href":"https:\/\/www.ai-chenming.com\/fr\/wp-json\/wp\/v2\/media\/5217"}],"wp:attachment":[{"href":"https:\/\/www.ai-chenming.com\/fr\/wp-json\/wp\/v2\/media?parent=5213"}],"wp:term":[{"taxonomy":"product_brand","embeddable":true,"href":"https:\/\/www.ai-chenming.com\/fr\/wp-json\/wp\/v2\/product_brand?post=5213"},{"taxonomy":"product_cat","embeddable":true,"href":"https:\/\/www.ai-chenming.com\/fr\/wp-json\/wp\/v2\/product_cat?post=5213"},{"taxonomy":"product_tag","embeddable":true,"href":"https:\/\/www.ai-chenming.com\/fr\/wp-json\/wp\/v2\/product_tag?post=5213"}],"curies":[{"name":"wp","href":"https:\/\/api.w.org\/{rel}","templated":true}]}}