{"id":5194,"date":"2025-09-01T09:12:53","date_gmt":"2025-09-01T09:12:53","guid":{"rendered":"https:\/\/www.ai-chenming.com\/?post_type=product&#038;p=5194"},"modified":"2025-09-24T03:07:47","modified_gmt":"2025-09-24T03:07:47","slug":"high-efficiency-material-handling-equipment-with-customizable-color-conveyor-belt-made-of-new-plastic-ball-bearing-system","status":"publish","type":"product","link":"https:\/\/www.ai-chenming.com\/fr\/produit\/high-efficiency-material-handling-equipment-with-customizable-color-conveyor-belt-made-of-new-plastic-ball-bearing-system\/","title":{"rendered":"\u00c9quipement de manutention \u00e0 haute efficacit\u00e9 avec bande transporteuse de couleur personnalisable fabriqu\u00e9e \u00e0 partir d'un nouveau syst\u00e8me de roulement \u00e0 billes en plastique"},"content":{"rendered":"<div id=\"icbuEditorBackground\" class=\"icbu-editor-background\" data-spm-anchor-id=\"a2700.pc-decorate.0.i2.a47f3333JJsQNo\"><span style=\"font-size: 16px;\">Description du produit<\/span><\/div>\n<div id=\"detail_decorate_root\">\n<div class=\"editor-plugin-canvas\">\n<div class=\"render-engien-app\">\n<div class=\"editor-component-row editor-component-row-relative\">\n<div class=\"editor-component-container\">\n<div class=\"editor-component-container-mask\"><img alt=\"\" fetchpriority=\"high\" decoding=\"async\" class=\"wp-image-6776 aligncenter\" src=\"https:\/\/www.ai-chenming.com\/wp-content\/uploads\/2025\/09\/3-300x300.png\" width=\"360\" height=\"360\" srcset=\"https:\/\/www.ai-chenming.com\/wp-content\/uploads\/2025\/09\/3-300x300.png 300w, https:\/\/www.ai-chenming.com\/wp-content\/uploads\/2025\/09\/3-150x150.png 150w, https:\/\/www.ai-chenming.com\/wp-content\/uploads\/2025\/09\/3-12x12.png 12w, https:\/\/www.ai-chenming.com\/wp-content\/uploads\/2025\/09\/3-450x450.png 450w, https:\/\/www.ai-chenming.com\/wp-content\/uploads\/2025\/09\/3-600x600.png 600w, https:\/\/www.ai-chenming.com\/wp-content\/uploads\/2025\/09\/3-100x100.png 100w, https:\/\/www.ai-chenming.com\/wp-content\/uploads\/2025\/09\/3.png 640w\" sizes=\"(max-width: 360px) 100vw, 360px\" \/><\/div>\n<div>Le convoyeur \u00e0 cha\u00eene flexible est encore am\u00e9lior\u00e9 sur la base du convoyeur \u00e0 plaque \u00e0 cha\u00eene traditionnel, de sorte que le fonctionnement de la plaque \u00e0 cha\u00eene est qualitativement am\u00e9lior\u00e9. Le corps de la machine est fabriqu\u00e9 \u00e0 partir d'un profil\u00e9 d'aluminium standard. Toutes les pi\u00e8ces standard sont assembl\u00e9es pour rendre la rotation \u00e0 distance du convoyeur plus stable et plus souple. La forme du convoyeur peut compl\u00e9ter une disposition tridimensionnelle complexe, peut tourner, monter, descendre dans la m\u00eame puissance pour compl\u00e9ter. Principalement utilis\u00e9 dans les industries chimiques, pharmaceutiques, de roulements, de papier lamin\u00e9, de traitement des pi\u00e8ces automobiles et autres.<\/div>\n<div><img alt=\"\" decoding=\"async\" class=\"wp-image-6747 aligncenter\" src=\"https:\/\/www.ai-chenming.com\/wp-content\/uploads\/2025\/09\/10-2-300x212.png\" width=\"365\" height=\"258\" srcset=\"https:\/\/www.ai-chenming.com\/wp-content\/uploads\/2025\/09\/10-2-300x212.png 300w, https:\/\/www.ai-chenming.com\/wp-content\/uploads\/2025\/09\/10-2-1024x724.png 1024w, https:\/\/www.ai-chenming.com\/wp-content\/uploads\/2025\/09\/10-2-768x543.png 768w, https:\/\/www.ai-chenming.com\/wp-content\/uploads\/2025\/09\/10-2-1536x1086.png 1536w, https:\/\/www.ai-chenming.com\/wp-content\/uploads\/2025\/09\/10-2-2048x1448.png 2048w, https:\/\/www.ai-chenming.com\/wp-content\/uploads\/2025\/09\/10-2-18x12.png 18w, https:\/\/www.ai-chenming.com\/wp-content\/uploads\/2025\/09\/10-2-600x424.png 600w\" sizes=\"(max-width: 365px) 100vw, 365px\" \/><\/div>\n<div><\/div>\n<\/div>\n<\/div>\n<div class=\"editor-component-row editor-component-row-relative\">\n<div class=\"editor-component-container\">\n<div class=\"previewer-item-wrap\">\n<div id=\"43354795844\" class=\"J_module\">\n<div class=\"icbu-pc-detailManyImage\" data-reactroot=\"\" data-module-name=\"icbu-pc-detailManyImage\">\n<div>\n<table>\n<tbody>\n<tr>\n<td>article<\/td>\n<td>valeur<\/td>\n<\/tr>\n<tr>\n<td>Garantie<\/td>\n<td>1 an<\/td>\n<\/tr>\n<tr>\n<td>Industries concern\u00e9es<\/td>\n<td>Usine de produits alimentaires et de boissons, magasins de mat\u00e9riaux de construction, magasins d'alimentation<\/td>\n<\/tr>\n<tr>\n<td>Lieu d'origine<\/td>\n<td>Chine<\/td>\n<\/tr>\n<tr>\n<td>origine<\/td>\n<td>Shandong<\/td>\n<\/tr>\n<tr>\n<td>Mat\u00e9riau<\/td>\n<td>Plastique<\/td>\n<\/tr>\n<tr>\n<td>Poids (KG)<\/td>\n<td>50~80<\/td>\n<\/tr>\n<tr>\n<td>Condition<\/td>\n<td>Nouveau<\/td>\n<\/tr>\n<tr>\n<td>Nom de la marque<\/td>\n<td>Chenming<\/td>\n<\/tr>\n<tr>\n<td>Utilisation pour<\/td>\n<td>Usine de produits alimentaires et de boissons, magasins de mat\u00e9riaux de construction, magasins d'alimentation<\/td>\n<\/tr>\n<tr>\n<td>Taille<\/td>\n<td>Sur mesure<\/td>\n<\/tr>\n<tr>\n<td>Couleur<\/td>\n<td>Marron, bleu, blanc Personnalis\u00e9 selon les besoins du client<\/td>\n<\/tr>\n<tr>\n<td>Nom du produit<\/td>\n<td>1765 Cha\u00eene Multiflex<\/td>\n<\/tr>\n<\/tbody>\n<\/table>\n<\/div>\n<\/div>\n<\/div>\n<\/div>\n<\/div>\n<\/div>\n<\/div>\n<\/div>\n<div class=\"editor-component-row editor-component-row-relative\">\n<div class=\"editor-component-container\">\n<div class=\"previewer-item-wrap\">\n<div id=\"43354795857\" class=\"J_module\">\n<div class=\"detail-decorate-json-renderer-container\" data-reactroot=\"\">\n<div>\n<div class=\"preview-edit-text-editor\" data-reactroot=\"\">\n<div id=\"preview-edit-3\" class=\"content-editor\" tabindex=\"1\" contenteditable=\"true\">Efficace et rapide<\/div>\n<\/div>\n<div>\n<div>\n<div data-id=\"paragraph0\">\n<div class=\"preview-edit-text-editor\" data-reactroot=\"\">\n<div id=\"preview-edit-4\" class=\"content-editor\" tabindex=\"1\" contenteditable=\"true\">Dans le secteur manufacturier, l'efficacit\u00e9 est la ligne de vie, et notre ligne de production de convoyeurs est synonyme d'efficacit\u00e9 et de rapidit\u00e9. Elle int\u00e8gre une technologie de pointe et des processus m\u00e9ticuleusement optimis\u00e9s, garantissant un fonctionnement fluide et sans heurts de tous les composants. Du chargement rapide des mat\u00e9riaux au transport pr\u00e9cis, en passant par le d\u00e9chargement efficace, tout se d\u00e9roule en un seul mouvement fluide. Pendant le fonctionnement, des moteurs \u00e0 grande vitesse travaillent en tandem avec des syst\u00e8mes de transmission de pr\u00e9cision, permettant aux mat\u00e9riaux de circuler rapidement, d\u00e9passant de loin les normes industrielles en termes de production par unit\u00e9 de temps. En outre, des syst\u00e8mes de contr\u00f4le intelligents surveillent en temps r\u00e9el et r\u00e9agissent rapidement aux ajustements, \u00e9vitant ainsi les dysfonctionnements et les retards. Choisir notre ligne de production de convoyeurs, c'est opter pour une production efficace et s'engager dans une nouvelle voie de d\u00e9veloppement rapide de l'entreprise...<\/div>\n<\/div>\n<\/div>\n<\/div>\n<\/div>\n<\/div>\n<\/div>\n<\/div>\n<\/div>\n<\/div>\n<\/div>\n<div class=\"editor-component-row editor-component-row-relative\">\n<div class=\"editor-component-container\">\n<div class=\"editor-component-container-mask\"><\/div>\n<\/div>\n<\/div>\n<div class=\"editor-component-row editor-component-row-relative\">\n<div class=\"editor-component-container\">\n<div class=\"previewer-item-wrap\">\n<div id=\"43354795859\" class=\"J_module\">\n<div id=\"ali-anchor-AliMagic-9isey3\" data-reactroot=\"\" data-section=\"AliMagic-9isey3\" data-section-title=\"FAQ\">FAQ<\/div>\n<\/div>\n<\/div>\n<div class=\"editor-component-container-mask\"><\/div>\n<\/div>\n<\/div>\n<div class=\"editor-component-row editor-component-row-relative\">\n<div class=\"editor-component-container\">\n<div class=\"previewer-item-wrap\">\n<div id=\"43354795860\" class=\"J_module\">\n<div class=\"detail-decorate-json-renderer-container\" data-reactroot=\"\">\n<div>\n<div>\n<div>\n<div>\n<div class=\"preview-edit-text-editor\" data-reactroot=\"\"><b data-spm-anchor-id=\"a2700.pc-decorate.0.i3.a47f3333JJsQNo\">1. qui sommes-nous ?<\/b><br \/>\nNous sommes bas\u00e9s dans la province de Shandong, en Chine, depuis 2010. Nous vendons nos produits dans diverses r\u00e9gions du monde, telles que l'Europe, l'Am\u00e9rique du Nord et l'Asie du Sud-Est. Notre entreprise compte environ 100 personnes, dont des \u00e9quipes professionnelles de recherche et d\u00e9veloppement, de production, de vente et de service apr\u00e8s-vente.<br \/>\n<b>2. Comment pouvons-nous garantir la qualit\u00e9 ?<\/b><\/p>\n<div>\n<p><span data-spm-anchor-id=\"a2700.pc-decorate.0.i4.a47f3333JJsQNo\">Toujours un \u00e9chantillon de pr\u00e9production avant la production de masse ; cet \u00e9chantillon est strictement test\u00e9 conform\u00e9ment aux normes internationales et industrielles afin de garantir que tous les d\u00e9tails r\u00e9pondent aux exigences. Toujours une inspection finale avant l'exp\u00e9dition ; notre \u00e9quipe de contr\u00f4le de la qualit\u00e9 proc\u00e8de \u00e0 une inspection compl\u00e8te de chaque lot de produits, en v\u00e9rifiant qu'il n'y a pas de d\u00e9fauts d'apparence, de taille et de fonctionnalit\u00e9.<\/span><\/p>\n<p><b>3.Que pouvez-vous acheter chez nous ?<\/b><br \/>\nNous proposons une large gamme de produits, tels que Composants de convoyeur\uff0ccha\u00eene \u00e0 sommet plat \uff0ccha\u00eene en acier appliqu\u00e9e \u00e0 l'h\u00e9lice du convoyeur.<\/p>\n<\/div>\n<div><b>4. Pourquoi devriez-vous acheter chez nous plut\u00f4t que chez d'autres fournisseurs ?<\/b><br \/>\n-Prix comp\u00e9titifs - Produits de haute qualit\u00e9 - Fiabilit\u00e9 et performance \u00e0 long terme. - Excellent service apr\u00e8s-vente<\/div>\n<div><b>5. quels services pouvons-nous fournir ?<\/b><br \/>\n-Conditions de livraison accept\u00e9es : FOB (Qingdao), CIF, EXW, etc. - Devise de paiement accept\u00e9e : USD, EUR, CNY, etc. - Type de paiement accept\u00e9 : T\/T (transfert t\u00e9l\u00e9graphique), L\/C (lettre de cr\u00e9dit), PayPal, etc. - Langues parl\u00e9es : Anglais, chinois, et nous pouvons \u00e9galement fournir des services dans d'autres langues par le biais d'une aide \u00e0 la traduction.<\/div>\n<\/div>\n<\/div>\n<\/div>\n<\/div>\n<\/div>\n<\/div>\n<\/div>\n<\/div>\n<\/div>\n<\/div>\n<\/div>","protected":false},"excerpt":{"rendered":"<p>Syst\u00e8me de convoyage \u00e0 bande Bande transporteuse motoris\u00e9e en profil\u00e9 d'aluminium de qualit\u00e9 alimentaire avec guidage lat\u00e9ral<\/p>","protected":false},"featured_media":5197,"template":"","meta":{"_acf_changed":false,"_seopress_robots_primary_cat":"none","_seopress_titles_title":"High Efficiency Material Handling Equipment with Customizable Color Conveyor Belt Made of New Plastic Ball Bearing System","_seopress_titles_desc":"belt Conveying System Food Grade Motorized Aluminum Profile Conveyor Belt With Side Guid","_seopress_robots_index":"","_uag_custom_page_level_css":"","site-sidebar-layout":"default","site-content-layout":"","ast-site-content-layout":"default","site-content-style":"default","site-sidebar-style":"default","ast-global-header-display":"","ast-banner-title-visibility":"","ast-main-header-display":"","ast-hfb-above-header-display":"","ast-hfb-below-header-display":"","ast-hfb-mobile-header-display":"","site-post-title":"","ast-breadcrumbs-content":"","ast-featured-img":"","footer-sml-layout":"","theme-transparent-header-meta":"default","adv-header-id-meta":"","stick-header-meta":"","header-above-stick-meta":"","header-main-stick-meta":"","header-below-stick-meta":"","astra-migrate-meta-layouts":"set","ast-page-background-enabled":"default","ast-page-background-meta":{"desktop":{"background-color":"","background-image":"","background-repeat":"repeat","background-position":"center center","background-size":"auto","background-attachment":"scroll","background-type":"","background-media":"","overlay-type":"","overlay-color":"","overlay-opacity":"","overlay-gradient":""},"tablet":{"background-color":"","background-image":"","background-repeat":"repeat","background-position":"center center","background-size":"auto","background-attachment":"scroll","background-type":"","background-media":"","overlay-type":"","overlay-color":"","overlay-opacity":"","overlay-gradient":""},"mobile":{"background-color":"","background-image":"","background-repeat":"repeat","background-position":"center center","background-size":"auto","background-attachment":"scroll","background-type":"","background-media":"","overlay-type":"","overlay-color":"","overlay-opacity":"","overlay-gradient":""}},"ast-content-background-meta":{"desktop":{"background-color":"var(--ast-global-color-5)","background-image":"","background-repeat":"repeat","background-position":"center center","background-size":"auto","background-attachment":"scroll","background-type":"","background-media":"","overlay-type":"","overlay-color":"","overlay-opacity":"","overlay-gradient":""},"tablet":{"background-color":"var(--ast-global-color-5)","background-image":"","background-repeat":"repeat","background-position":"center center","background-size":"auto","background-attachment":"scroll","background-type":"","background-media":"","overlay-type":"","overlay-color":"","overlay-opacity":"","overlay-gradient":""},"mobile":{"background-color":"var(--ast-global-color-5)","background-image":"","background-repeat":"repeat","background-position":"center center","background-size":"auto","background-attachment":"scroll","background-type":"","background-media":"","overlay-type":"","overlay-color":"","overlay-opacity":"","overlay-gradient":""}}},"product_brand":[131],"product_cat":[99],"product_tag":[450,448,449,447],"class_list":{"0":"post-5194","1":"product","2":"type-product","3":"status-publish","4":"has-post-thumbnail","6":"product_brand-chenming","7":"product_cat-flexible-conveyor","8":"product_tag-customizable-color-conveyor-belt","9":"product_tag-factory-price-pu-straight-belt-conveyor","10":"product_tag-food-grade-motorized-aluminum-profile","11":"product_tag-seamless-material-flow-conveyor","12":"desktop-align-center","13":"tablet-align-center","14":"mobile-align-left","15":"ast-product-gallery-layout-horizontal-slider","16":"ast-product-tabs-layout-horizontal","17":"ast-qv-on-image","19":"first","20":"instock","21":"sale","22":"shipping-taxable","23":"purchasable","24":"product-type-simple"},"acf":[],"uagb_featured_image_src":{"full":["https:\/\/www.ai-chenming.com\/wp-content\/uploads\/2025\/09\/052edfaa-285c-4e7a-ae4c-8f687e28692c.png",640,640,false],"thumbnail":["https:\/\/www.ai-chenming.com\/wp-content\/uploads\/2025\/09\/052edfaa-285c-4e7a-ae4c-8f687e28692c-150x150.png",150,150,true],"medium":["https:\/\/www.ai-chenming.com\/wp-content\/uploads\/2025\/09\/052edfaa-285c-4e7a-ae4c-8f687e28692c-300x300.png",300,300,true],"medium_large":["https:\/\/www.ai-chenming.com\/wp-content\/uploads\/2025\/09\/052edfaa-285c-4e7a-ae4c-8f687e28692c.png",640,640,false],"large":["https:\/\/www.ai-chenming.com\/wp-content\/uploads\/2025\/09\/052edfaa-285c-4e7a-ae4c-8f687e28692c.png",640,640,false],"1536x1536":["https:\/\/www.ai-chenming.com\/wp-content\/uploads\/2025\/09\/052edfaa-285c-4e7a-ae4c-8f687e28692c.png",640,640,false],"2048x2048":["https:\/\/www.ai-chenming.com\/wp-content\/uploads\/2025\/09\/052edfaa-285c-4e7a-ae4c-8f687e28692c.png",640,640,false],"trp-custom-language-flag":["https:\/\/www.ai-chenming.com\/wp-content\/uploads\/2025\/09\/052edfaa-285c-4e7a-ae4c-8f687e28692c-12x12.png",12,12,true],"woocommerce_thumbnail":["https:\/\/www.ai-chenming.com\/wp-content\/uploads\/2025\/09\/052edfaa-285c-4e7a-ae4c-8f687e28692c-450x450.png",450,450,true],"woocommerce_single":["https:\/\/www.ai-chenming.com\/wp-content\/uploads\/2025\/09\/052edfaa-285c-4e7a-ae4c-8f687e28692c-600x600.png",600,600,true],"woocommerce_gallery_thumbnail":["https:\/\/www.ai-chenming.com\/wp-content\/uploads\/2025\/09\/052edfaa-285c-4e7a-ae4c-8f687e28692c-100x100.png",100,100,true]},"uagb_author_info":{"display_name":"chenming","author_link":"https:\/\/www.ai-chenming.com\/fr\/author\/"},"uagb_comment_info":0,"uagb_excerpt":"belt Conveying System Food Grade Motorized Aluminum Profile Conveyor Belt With Side Guid","_links":{"self":[{"href":"https:\/\/www.ai-chenming.com\/fr\/wp-json\/wp\/v2\/product\/5194","targetHints":{"allow":["GET"]}}],"collection":[{"href":"https:\/\/www.ai-chenming.com\/fr\/wp-json\/wp\/v2\/product"}],"about":[{"href":"https:\/\/www.ai-chenming.com\/fr\/wp-json\/wp\/v2\/types\/product"}],"wp:featuredmedia":[{"embeddable":true,"href":"https:\/\/www.ai-chenming.com\/fr\/wp-json\/wp\/v2\/media\/5197"}],"wp:attachment":[{"href":"https:\/\/www.ai-chenming.com\/fr\/wp-json\/wp\/v2\/media?parent=5194"}],"wp:term":[{"taxonomy":"product_brand","embeddable":true,"href":"https:\/\/www.ai-chenming.com\/fr\/wp-json\/wp\/v2\/product_brand?post=5194"},{"taxonomy":"product_cat","embeddable":true,"href":"https:\/\/www.ai-chenming.com\/fr\/wp-json\/wp\/v2\/product_cat?post=5194"},{"taxonomy":"product_tag","embeddable":true,"href":"https:\/\/www.ai-chenming.com\/fr\/wp-json\/wp\/v2\/product_tag?post=5194"}],"curies":[{"name":"wp","href":"https:\/\/api.w.org\/{rel}","templated":true}]}}