{"id":5125,"date":"2025-09-01T06:59:29","date_gmt":"2025-09-01T06:59:29","guid":{"rendered":"https:\/\/www.ai-chenming.com\/?post_type=product&#038;p=5125"},"modified":"2025-09-24T06:43:08","modified_gmt":"2025-09-24T06:43:08","slug":"new-2025-roller-belt-conveyor-system-conveyor-roller-conveyor-accessories-for-sale","status":"publish","type":"product","link":"https:\/\/www.ai-chenming.com\/fr\/produit\/new-2025-roller-belt-conveyor-system-conveyor-roller-conveyor-accessories-for-sale\/","title":{"rendered":"Nouveau 2025 Roller Belt Conveyor System Conveyor Roller Conveyor Accessories for Sale"},"content":{"rendered":"<div id=\"icbuEditorBackground\" class=\"icbu-editor-background\" data-spm-anchor-id=\"a2700.pc-decorate.0.i2.6c9933335CpD2d\"><span style=\"font-size: 16px;\">Description du produit<\/span><\/div>\n<div id=\"detail_decorate_root\">\n<div class=\"editor-plugin-canvas\">\n<div class=\"render-engien-app\">\n<div class=\"editor-component-row editor-component-row-relative\">\n<div class=\"editor-component-container\"><\/div>\n<\/div>\n<div class=\"editor-component-row editor-component-row-relative\">\n<div class=\"editor-component-container\">\n<div class=\"previewer-item-wrap\">\n<div id=\"43692904074\" class=\"J_module\">\n<div class=\"icbu-pc-images\" data-reactroot=\"\">\n<div>\n<div class=\"flex-layout-h\">\n<div class=\"text-wrapper\">\n<div class=\"text-wrapper-right text-theme-light text-align-left\">\n<div class=\"text-title\" data-id=\"right-title\">\n<div class=\"preview-edit-text-editor\" data-reactroot=\"\">\n<div id=\"preview-edit-2\" class=\"content-editor\" tabindex=\"1\" contenteditable=\"true\">\n<div><img alt=\"\" fetchpriority=\"high\" decoding=\"async\" class=\"wp-image-7161 aligncenter\" src=\"https:\/\/www.ai-chenming.com\/wp-content\/uploads\/2025\/09\/116-300x300.png\" width=\"360\" height=\"360\" srcset=\"https:\/\/www.ai-chenming.com\/wp-content\/uploads\/2025\/09\/116-300x300.png 300w, https:\/\/www.ai-chenming.com\/wp-content\/uploads\/2025\/09\/116-1024x1024.png 1024w, https:\/\/www.ai-chenming.com\/wp-content\/uploads\/2025\/09\/116-150x150.png 150w, https:\/\/www.ai-chenming.com\/wp-content\/uploads\/2025\/09\/116-768x768.png 768w, https:\/\/www.ai-chenming.com\/wp-content\/uploads\/2025\/09\/116-12x12.png 12w, https:\/\/www.ai-chenming.com\/wp-content\/uploads\/2025\/09\/116-450x450.png 450w, https:\/\/www.ai-chenming.com\/wp-content\/uploads\/2025\/09\/116-600x600.png 600w, https:\/\/www.ai-chenming.com\/wp-content\/uploads\/2025\/09\/116-100x100.png 100w, https:\/\/www.ai-chenming.com\/wp-content\/uploads\/2025\/09\/116.png 1280w\" sizes=\"(max-width: 360px) 100vw, 360px\" \/><\/div>\n<div><\/div>\n<div>Le convoyeur \u00e0 rouleaux convient au transport d'objets sur le plan inf\u00e9rieur. Il se compose principalement d'un convoyeur \u00e0 rouleaux d'entra\u00eenement, d'un cadre, d'un support, d'une partie motrice, etc. Il pr\u00e9sente les caract\u00e9ristiques suivantes : grande capacit\u00e9 de transport, grande vitesse, vitesse rapide, forte capacit\u00e9 de charge, etc. Le convoyeur \u00e0 rouleaux et les autres convoyeurs constituent un syst\u00e8me complexe de transport de mat\u00e9riaux. Il peut \u00eatre divis\u00e9 en rouleaux non motoris\u00e9s, rouleaux motoris\u00e9s et rouleaux \u00e9lectriques. Il peut \u00eatre divis\u00e9 en convoyage horizontal, en convoyage tournant et en convoyage inclin\u00e9 en fonction de la disposition.<\/div>\n<div><img alt=\"\" decoding=\"async\" class=\"wp-image-6806 aligncenter\" src=\"https:\/\/www.ai-chenming.com\/wp-content\/uploads\/2025\/09\/4-2-300x212.png\" width=\"364\" height=\"257\" srcset=\"https:\/\/www.ai-chenming.com\/wp-content\/uploads\/2025\/09\/4-2-300x212.png 300w, https:\/\/www.ai-chenming.com\/wp-content\/uploads\/2025\/09\/4-2-1024x724.png 1024w, https:\/\/www.ai-chenming.com\/wp-content\/uploads\/2025\/09\/4-2-768x543.png 768w, https:\/\/www.ai-chenming.com\/wp-content\/uploads\/2025\/09\/4-2-1536x1086.png 1536w, https:\/\/www.ai-chenming.com\/wp-content\/uploads\/2025\/09\/4-2-2048x1448.png 2048w, https:\/\/www.ai-chenming.com\/wp-content\/uploads\/2025\/09\/4-2-18x12.png 18w, https:\/\/www.ai-chenming.com\/wp-content\/uploads\/2025\/09\/4-2-600x424.png 600w\" sizes=\"(max-width: 364px) 100vw, 364px\" \/><\/div>\n<div><\/div>\n<p><span style=\"color: #ea9924;\">Caract\u00e9ristiques du produit<\/span><\/p>\n<\/div>\n<\/div>\n<\/div>\n<div class=\"text-content\" data-id=\"right-content\">\n<div class=\"preview-edit-text-editor\" data-reactroot=\"\">\n<div id=\"preview-edit-1\" class=\"content-editor\" tabindex=\"1\" contenteditable=\"true\">\n<div><b>* Mat\u00e9riau haute r\u00e9sistance : <\/b>Fabriqu\u00e9 en POM de premi\u00e8re qualit\u00e9, r\u00e9sistant \u00e0 l'usure et \u00e0 la corrosion.<\/div>\n<div><b>* Conception du rouleau : <\/b>Facile \u00e0 assembler et \u00e0 entretenir.<b>* Transport efficace : <\/b>Garantit un fonctionnement sans heurts et am\u00e9liore la productivit\u00e9.<\/p>\n<div><b>* Diff\u00e9rentes sp\u00e9cifications sont disponibles : <\/b>Personnalisable pour r\u00e9pondre aux diff\u00e9rents besoins des clients.<\/div>\n<div><b>* S\u00fbr et fiable : <\/b>La conception antid\u00e9rapante r\u00e9duit les taux de d\u00e9faillance.<\/div>\n<\/div>\n<\/div>\n<\/div>\n<\/div>\n<\/div>\n<\/div>\n<\/div>\n<\/div>\n<\/div>\n<\/div>\n<\/div>\n<\/div>\n<\/div>\n<\/div>\n<\/div>\n<div class=\"editor-component-row editor-component-row-relative\">\n<div class=\"editor-component-container\">\n<div class=\"previewer-item-wrap\">\n<div id=\"43692904091\" class=\"J_module\">\n<div class=\"icbu-pc-images\" data-reactroot=\"\">\n<div class=\"flex-layout-v\">\n<div class=\"flex-layout-h\">\n<div>\n<div class=\"preview-image-edit\"><\/div>\n<\/div>\n<\/div>\n<\/div>\n<\/div>\n<\/div>\n<\/div>\n<div class=\"editor-component-container-mask\"><\/div>\n<\/div>\n<\/div>\n<div class=\"editor-component-row editor-component-row-relative\">\n<div class=\"editor-component-container\">\n<div class=\"previewer-item-wrap\">\n<div id=\"43692904092\" class=\"J_module\">\n<div id=\"ali-anchor-AliMagic-or3p02\" data-reactroot=\"\" data-section=\"AliMagic-or3p02\" data-section-title=\"FAQ\">FAQ<\/div>\n<\/div>\n<\/div>\n<div class=\"editor-component-container-mask\"><\/div>\n<\/div>\n<\/div>\n<div class=\"editor-component-row editor-component-row-relative\">\n<div class=\"editor-component-container\">\n<div class=\"previewer-item-wrap\">\n<div id=\"43692904093\" class=\"J_module\">\n<div class=\"detail-decorate-json-renderer-container\" data-reactroot=\"\">\n<div>\n<div>\n<div>\n<div>\n<div class=\"preview-edit-text-editor\" data-reactroot=\"\"><b data-spm-anchor-id=\"a2700.pc-decorate.0.i3.6c9933335CpD2d\">Q1 : Comment puis-je obtenir plus d'informations sur votre produit ? <\/b><\/div>\n<div class=\"preview-edit-text-editor\" data-reactroot=\"\">A1:Vous pouvez nous envoyer un courriel ou demander \u00e0 nos repr\u00e9sentants en ligne de vous envoyer le dernier catalogue et la liste de prix.<\/div>\n<div data-reactroot=\"\"><\/div>\n<div class=\"preview-edit-text-editor\" data-reactroot=\"\"><b>Q2 : Acceptez-vous les OEM ou ODM ? <\/b><\/div>\n<div class=\"preview-edit-text-editor\" data-reactroot=\"\">A2:Oui, mais nous avons des exigences de quantit\u00e9, veuillez nous contacter directement.<\/div>\n<div data-reactroot=\"\"><\/div>\n<div class=\"preview-edit-text-editor\" data-reactroot=\"\"><b>Q3:Quel est le mode de paiement de votre entreprise ?<\/b><\/div>\n<div class=\"preview-edit-text-editor\" data-reactroot=\"\"><b> <\/b>A3:T\/T, L\/C \u00e0 vue, Paypal, Western Union<\/div>\n<div data-reactroot=\"\"><\/div>\n<div class=\"preview-edit-text-editor\" data-reactroot=\"\"><b>Q4:Quel est le mode d'exp\u00e9dition ? <\/b><\/div>\n<div class=\"preview-edit-text-editor\" data-reactroot=\"\">\n<p>A4:Par voie maritime, a\u00e9rienne, Fedex, DHL, UPS, TNT, etc.<\/p>\n<div><\/div>\n<div><b>Q5:Quel est le mode d'exp\u00e9dition ?<\/b><br \/>\nA5:Par voie maritime, a\u00e9rienne, Fedex, DHL, UPS, TNT, etc.<b>Q6 : Comment est votre service ?<\/b><br \/>\nA6\uff1aDon't worry, we have professionals at your service 24 hours a day.<\/p>\n<\/div>\n<\/div>\n<\/div>\n<\/div>\n<\/div>\n<\/div>\n<\/div>\n<\/div>\n<\/div>\n<\/div>\n<\/div>\n<\/div>","protected":false},"excerpt":{"rendered":"<p>CONVOYEUR \u00c0 ROULEAUX FLEXIBLE \u00c0 GRAVIT\u00c9 EXPANDABLE Table \u00e0 rouleaux ajustable Convoyeur \u00e0 rouleaux flexible17-5linch 176lbs Load<\/p>","protected":false},"featured_media":5132,"template":"","meta":{"_acf_changed":false,"_seopress_robots_primary_cat":"none","_seopress_titles_title":"New 2025 Roller Belt Conveyor System Conveyor Roller Conveyor Accessories for Sale","_seopress_titles_desc":"FLEXIBLE EXPANDABLE GRAVITY SKATEWHEEL CONVEYOR Adjustable Roller Conveyor Table Flexible Roller Conveyor17-5linch 176lbs Load","_seopress_robots_index":"","_uag_custom_page_level_css":"","site-sidebar-layout":"default","site-content-layout":"","ast-site-content-layout":"default","site-content-style":"default","site-sidebar-style":"default","ast-global-header-display":"","ast-banner-title-visibility":"","ast-main-header-display":"","ast-hfb-above-header-display":"","ast-hfb-below-header-display":"","ast-hfb-mobile-header-display":"","site-post-title":"","ast-breadcrumbs-content":"","ast-featured-img":"","footer-sml-layout":"","theme-transparent-header-meta":"default","adv-header-id-meta":"","stick-header-meta":"","header-above-stick-meta":"","header-main-stick-meta":"","header-below-stick-meta":"","astra-migrate-meta-layouts":"set","ast-page-background-enabled":"default","ast-page-background-meta":{"desktop":{"background-color":"","background-image":"","background-repeat":"repeat","background-position":"center center","background-size":"auto","background-attachment":"scroll","background-type":"","background-media":"","overlay-type":"","overlay-color":"","overlay-opacity":"","overlay-gradient":""},"tablet":{"background-color":"","background-image":"","background-repeat":"repeat","background-position":"center center","background-size":"auto","background-attachment":"scroll","background-type":"","background-media":"","overlay-type":"","overlay-color":"","overlay-opacity":"","overlay-gradient":""},"mobile":{"background-color":"","background-image":"","background-repeat":"repeat","background-position":"center center","background-size":"auto","background-attachment":"scroll","background-type":"","background-media":"","overlay-type":"","overlay-color":"","overlay-opacity":"","overlay-gradient":""}},"ast-content-background-meta":{"desktop":{"background-color":"var(--ast-global-color-5)","background-image":"","background-repeat":"repeat","background-position":"center center","background-size":"auto","background-attachment":"scroll","background-type":"","background-media":"","overlay-type":"","overlay-color":"","overlay-opacity":"","overlay-gradient":""},"tablet":{"background-color":"var(--ast-global-color-5)","background-image":"","background-repeat":"repeat","background-position":"center center","background-size":"auto","background-attachment":"scroll","background-type":"","background-media":"","overlay-type":"","overlay-color":"","overlay-opacity":"","overlay-gradient":""},"mobile":{"background-color":"var(--ast-global-color-5)","background-image":"","background-repeat":"repeat","background-position":"center center","background-size":"auto","background-attachment":"scroll","background-type":"","background-media":"","overlay-type":"","overlay-color":"","overlay-opacity":"","overlay-gradient":""}}},"product_brand":[131],"product_cat":[98],"product_tag":[132,417,135,136,421,133],"class_list":{"0":"post-5125","1":"product","2":"type-product","3":"status-publish","4":"has-post-thumbnail","6":"product_brand-chenming","7":"product_cat-roller-conveyor","8":"product_tag-automatic-cartoning-machine","9":"product_tag-conveyor-accessories","10":"product_tag-flexible-roller-conveyor","11":"product_tag-heavy-duty-roller-conveyor","12":"product_tag-roller","13":"product_tag-roller-conveyor","14":"desktop-align-center","15":"tablet-align-center","16":"mobile-align-left","17":"ast-product-gallery-layout-horizontal-slider","18":"ast-product-tabs-layout-horizontal","19":"ast-qv-on-image","21":"first","22":"instock","23":"sale","24":"shipping-taxable","25":"purchasable","26":"product-type-simple"},"acf":[],"uagb_featured_image_src":{"full":["https:\/\/www.ai-chenming.com\/wp-content\/uploads\/2025\/09\/0c17752f-f5dc-4224-87c2-b293255ecb3d.png",640,640,false],"thumbnail":["https:\/\/www.ai-chenming.com\/wp-content\/uploads\/2025\/09\/0c17752f-f5dc-4224-87c2-b293255ecb3d-150x150.png",150,150,true],"medium":["https:\/\/www.ai-chenming.com\/wp-content\/uploads\/2025\/09\/0c17752f-f5dc-4224-87c2-b293255ecb3d-300x300.png",300,300,true],"medium_large":["https:\/\/www.ai-chenming.com\/wp-content\/uploads\/2025\/09\/0c17752f-f5dc-4224-87c2-b293255ecb3d.png",640,640,false],"large":["https:\/\/www.ai-chenming.com\/wp-content\/uploads\/2025\/09\/0c17752f-f5dc-4224-87c2-b293255ecb3d.png",640,640,false],"1536x1536":["https:\/\/www.ai-chenming.com\/wp-content\/uploads\/2025\/09\/0c17752f-f5dc-4224-87c2-b293255ecb3d.png",640,640,false],"2048x2048":["https:\/\/www.ai-chenming.com\/wp-content\/uploads\/2025\/09\/0c17752f-f5dc-4224-87c2-b293255ecb3d.png",640,640,false],"trp-custom-language-flag":["https:\/\/www.ai-chenming.com\/wp-content\/uploads\/2025\/09\/0c17752f-f5dc-4224-87c2-b293255ecb3d-12x12.png",12,12,true],"woocommerce_thumbnail":["https:\/\/www.ai-chenming.com\/wp-content\/uploads\/2025\/09\/0c17752f-f5dc-4224-87c2-b293255ecb3d-450x450.png",450,450,true],"woocommerce_single":["https:\/\/www.ai-chenming.com\/wp-content\/uploads\/2025\/09\/0c17752f-f5dc-4224-87c2-b293255ecb3d-600x600.png",600,600,true],"woocommerce_gallery_thumbnail":["https:\/\/www.ai-chenming.com\/wp-content\/uploads\/2025\/09\/0c17752f-f5dc-4224-87c2-b293255ecb3d-100x100.png",100,100,true]},"uagb_author_info":{"display_name":"chenming","author_link":"https:\/\/www.ai-chenming.com\/fr\/author\/"},"uagb_comment_info":0,"uagb_excerpt":"FLEXIBLE EXPANDABLE GRAVITY SKATEWHEEL CONVEYOR Adjustable Roller Conveyor Table Flexible Roller Conveyor17-5linch 176lbs Load","_links":{"self":[{"href":"https:\/\/www.ai-chenming.com\/fr\/wp-json\/wp\/v2\/product\/5125","targetHints":{"allow":["GET"]}}],"collection":[{"href":"https:\/\/www.ai-chenming.com\/fr\/wp-json\/wp\/v2\/product"}],"about":[{"href":"https:\/\/www.ai-chenming.com\/fr\/wp-json\/wp\/v2\/types\/product"}],"wp:featuredmedia":[{"embeddable":true,"href":"https:\/\/www.ai-chenming.com\/fr\/wp-json\/wp\/v2\/media\/5132"}],"wp:attachment":[{"href":"https:\/\/www.ai-chenming.com\/fr\/wp-json\/wp\/v2\/media?parent=5125"}],"wp:term":[{"taxonomy":"product_brand","embeddable":true,"href":"https:\/\/www.ai-chenming.com\/fr\/wp-json\/wp\/v2\/product_brand?post=5125"},{"taxonomy":"product_cat","embeddable":true,"href":"https:\/\/www.ai-chenming.com\/fr\/wp-json\/wp\/v2\/product_cat?post=5125"},{"taxonomy":"product_tag","embeddable":true,"href":"https:\/\/www.ai-chenming.com\/fr\/wp-json\/wp\/v2\/product_tag?post=5125"}],"curies":[{"name":"wp","href":"https:\/\/api.w.org\/{rel}","templated":true}]}}