{"id":5116,"date":"2025-09-01T06:30:35","date_gmt":"2025-09-01T06:30:35","guid":{"rendered":"https:\/\/www.ai-chenming.com\/?post_type=product&#038;p=5116"},"modified":"2025-09-24T06:57:36","modified_gmt":"2025-09-24T06:57:36","slug":"304-stainless-steel-curve-slat-chain-conveyor-flat-top-chain-for-beverage-industry-assembly-line-machine","status":"publish","type":"product","link":"https:\/\/www.ai-chenming.com\/fr\/produit\/304-stainless-steel-curve-slat-chain-conveyor-flat-top-chain-for-beverage-industry-assembly-line-machine\/","title":{"rendered":"Cha\u00eene en acier inoxydable 304 pour les lignes d'assemblage de l'industrie des boissons"},"content":{"rendered":"<div class=\"editor-component-row editor-component-row-relative\">\n<div class=\"editor-component-container\">\n<div class=\"previewer-item-wrap\">\n<div id=\"43818449026\" class=\"J_module\">\n<div id=\"ali-anchor-AliMagic-6sceed\" data-reactroot=\"\" data-section=\"AliMagic-6sceed\" data-section-title=\"Product Description\" data-spm-anchor-id=\"a2700.pc-decorate.0.i2.67b53333Tqd4Eb\">Produit<span style=\"font-size: 16px;\">ct Description<\/span><\/div>\n<\/div>\n<\/div>\n<\/div>\n<\/div>\n<div class=\"editor-component-row editor-component-row-relative\">\n<div class=\"editor-component-container\">\n<div class=\"previewer-item-wrap\">\n<div id=\"43818449027\" class=\"J_module\">\n<div class=\"icbu-pc-detailVideoShow\" data-reactroot=\"\" data-magic=\"{&quot;mds&quot;:{&quot;assetsVersion&quot;:&quot;0.0.6&quot;,&quot;assetsPackageName&quot;:&quot;icbumod&quot;,&quot;moduleNameAlias&quot;:&quot;icbu-pc-detailVideoShow&quot;,&quot;moduleData&quot;:{&quot;videoInfo&quot;:{&quot;coverUrl&quot;:&quot;https:\/\/sc01.alicdn.com\/kf\/Hbed8600ea24940e4bed37f75c794e36bD.jpg&quot;,&quot;duration&quot;:33,&quot;fileSize&quot;:&quot;6867397&quot;,&quot;videoName&quot;:&quot;3\u67085\u65e5(1).mp4&quot;,&quot;videoId&quot;:6000292888380},&quot;hideBottom&quot;:false}},&quot;version&quot;:1}\">\n<div class=\"bc-react-video-player singleton undefined venus-component-video\" data-spm-anchor-id=\"a2700.pc-decorate.0.i0.67b53333Tqd4Eb\">\n<div class=\"bc-video-player\"><img alt=\"\" fetchpriority=\"high\" decoding=\"async\" class=\"wp-image-6850 aligncenter\" src=\"https:\/\/www.ai-chenming.com\/wp-content\/uploads\/2025\/09\/28-300x300.png\" width=\"360\" height=\"360\" srcset=\"https:\/\/www.ai-chenming.com\/wp-content\/uploads\/2025\/09\/28-300x300.png 300w, https:\/\/www.ai-chenming.com\/wp-content\/uploads\/2025\/09\/28-150x150.png 150w, https:\/\/www.ai-chenming.com\/wp-content\/uploads\/2025\/09\/28-12x12.png 12w, https:\/\/www.ai-chenming.com\/wp-content\/uploads\/2025\/09\/28-450x450.png 450w, https:\/\/www.ai-chenming.com\/wp-content\/uploads\/2025\/09\/28-600x600.png 600w, https:\/\/www.ai-chenming.com\/wp-content\/uploads\/2025\/09\/28-100x100.png 100w, https:\/\/www.ai-chenming.com\/wp-content\/uploads\/2025\/09\/28.png 640w\" sizes=\"(max-width: 360px) 100vw, 360px\" \/><\/div>\n<div>Le convoyeur \u00e0 plaques \u00e0 cha\u00eene utilise la cha\u00eene plate standard comme surface d'appui et le motor\u00e9ducteur comme transmission de puissance. Il se d\u00e9place sur un rail de guidage sp\u00e9cial. La surface de transport est plate et lisse, et la force de frottement est faible. Les mat\u00e9riaux passent en douceur d'une ligne de transport \u00e0 l'autre. En fonction des diff\u00e9rents processus, la ligne de plaques \u00e0 cha\u00eene est divis\u00e9e en ligne droite et ligne tournante, et les mat\u00e9riaux sont divis\u00e9s en acier thermoplastique et acier inoxydable. Elle convient au transport de bouteilles en plastique, de bouteilles en verre, de bo\u00eetes de conserve et d'autres mat\u00e9riaux d'emballage, mais peut \u00e9galement transporter des cartons, des sacs et des produits d'emballage. Nous pouvons en fabriquer une \u00e0 plusieurs rang\u00e9es, de mani\u00e8re \u00e0 ce que la surface de transport soit large et que la diff\u00e9rence de vitesse soit telle que la pluralit\u00e9 de rang\u00e9es devienne une seule rang\u00e9e sans extrusion, la rang\u00e9e unique peut \u00e9galement devenir une pluralit\u00e9 de rang\u00e9es et se d\u00e9placer lentement, de mani\u00e8re \u00e0 r\u00e9aliser le stockage des mat\u00e9riaux dans le processus de transport.<\/div>\n<\/div>\n<\/div>\n<\/div>\n<\/div>\n<div><img alt=\"\" decoding=\"async\" class=\"wp-image-6831 aligncenter\" src=\"https:\/\/www.ai-chenming.com\/wp-content\/uploads\/2025\/09\/5-2-300x212.png\" width=\"365\" height=\"258\" srcset=\"https:\/\/www.ai-chenming.com\/wp-content\/uploads\/2025\/09\/5-2-300x212.png 300w, https:\/\/www.ai-chenming.com\/wp-content\/uploads\/2025\/09\/5-2-1024x724.png 1024w, https:\/\/www.ai-chenming.com\/wp-content\/uploads\/2025\/09\/5-2-768x543.png 768w, https:\/\/www.ai-chenming.com\/wp-content\/uploads\/2025\/09\/5-2-1536x1086.png 1536w, https:\/\/www.ai-chenming.com\/wp-content\/uploads\/2025\/09\/5-2-2048x1448.png 2048w, https:\/\/www.ai-chenming.com\/wp-content\/uploads\/2025\/09\/5-2-18x12.png 18w, https:\/\/www.ai-chenming.com\/wp-content\/uploads\/2025\/09\/5-2-600x424.png 600w\" sizes=\"(max-width: 365px) 100vw, 365px\" \/><\/div>\n<\/div>\n<\/div>\n<div class=\"editor-component-row editor-component-row-relative\">\n<div class=\"editor-component-container\">\n<div class=\"previewer-item-wrap\">\n<div id=\"43818449028\" class=\"J_module\">\n<div class=\"icbu-pc-images\" data-reactroot=\"\">\n<div>\n<div class=\"flex-layout-h\">\n<div class=\"text-wrapper\">\n<div class=\"text-wrapper-right text-theme-light text-align-left\">\n<div class=\"text-title\" data-id=\"right-title\">\n<div class=\"preview-edit-text-editor\" data-reactroot=\"\">\n<div id=\"preview-edit-2\" class=\"content-editor\" tabindex=\"1\" contenteditable=\"true\">\n<p><span style=\"color: #ea9924;\">Caract\u00e9ristiques du produit<\/span><\/p>\n<\/div>\n<\/div>\n<\/div>\n<div class=\"text-content\" data-id=\"right-content\">\n<div class=\"preview-edit-text-editor\" data-reactroot=\"\">\n<div id=\"preview-edit-1\" class=\"content-editor\" tabindex=\"1\" contenteditable=\"true\">\n<div><b>* Mat\u00e9riau haute r\u00e9sistance : <\/b>Fabriqu\u00e9 en POM de premi\u00e8re qualit\u00e9, r\u00e9sistant \u00e0 l'usure et \u00e0 la corrosion.<\/div>\n<div>\n<p><b>* Conception modulaire : <\/b>Facile \u00e0 assembler et \u00e0 entretenir.<b>* Transport efficace : <\/b>Garantit un fonctionnement sans heurts et am\u00e9liore la productivit\u00e9.<\/p>\n<div><b>* Diff\u00e9rentes sp\u00e9cifications sont disponibles : <\/b>Personnalisable pour r\u00e9pondre aux diff\u00e9rents besoins des clients.<\/div>\n<div><b>* S\u00fbr et fiable : <\/b>La conception antid\u00e9rapante r\u00e9duit les taux de d\u00e9faillance.<\/div>\n<div><\/div>\n<div>\n<table>\n<tbody>\n<tr>\n<td><b>Article :<\/b><\/td>\n<td>Convoyeur \u00e0 cha\u00eene Flat Top<\/td>\n<\/tr>\n<tr>\n<td><b>Marque :<\/b><\/td>\n<td>Chenming<\/td>\n<\/tr>\n<tr>\n<td><span data-spm-anchor-id=\"a2700.pc-decorate.0.i6.30363333nu6Hri\"><b>Industries concern\u00e9es :<\/b><\/span><\/td>\n<td>H\u00f4tels, ateliers de confection, ateliers de mat\u00e9riaux de construction, ateliers de r\u00e9paration de machines, usines de fabrication, usines de produits alimentaires et de boissons, etc.<\/td>\n<\/tr>\n<tr>\n<td><b data-spm-anchor-id=\"a2700.pc-decorate.0.i42.45993333ei6U1Z\">\u00c9tat :<\/b><\/td>\n<td>Nouveau<\/td>\n<\/tr>\n<tr>\n<td><b>Dimension(L*L*H)<\/b><\/td>\n<td>Taille personnalis\u00e9e<\/td>\n<\/tr>\n<tr>\n<td><b>Mat\u00e9riau du cadre<\/b><\/td>\n<td>Acier inoxydable\/acier en carton<\/td>\n<\/tr>\n<tr>\n<td><b>Mat\u00e9riau de la ceinture<\/b><\/td>\n<td>POM\/PP<\/td>\n<\/tr>\n<tr>\n<td><b>Vitesse<\/b><\/td>\n<td>5-60M\/MIN r\u00e9glable<\/td>\n<\/tr>\n<tr>\n<td><b>Charge maximale<\/b><\/td>\n<td>0-200KG<\/td>\n<\/tr>\n<tr>\n<td><b>tension<\/b><\/td>\n<td>AC110-240V 1PH 50\/60HZ<\/td>\n<\/tr>\n<tr>\n<td><b>Test<\/b><\/td>\n<td>Avant d'\u00eatre exp\u00e9di\u00e9s, tous les convoyeurs sont test\u00e9s.<\/td>\n<\/tr>\n<tr>\n<td><b>Garantie<\/b><\/td>\n<td>Garantie d'un an, des services d'ing\u00e9nierie peuvent \u00eatre fournis<\/td>\n<\/tr>\n<tr>\n<td><b>Charge de fonctionnement<\/b><\/td>\n<td>Selon la taille du convoyeur<\/td>\n<\/tr>\n<tr>\n<td><b>Temp\u00e9rature de fonctionnementg<\/b><\/td>\n<td>200\u2103 \u00e0 130\u2103<\/td>\n<\/tr>\n<tr>\n<td><b>Mat\u00e9riau de la cha\u00eene<\/b><\/td>\n<td>PP\/POM\/304SS au choix<\/td>\n<\/tr>\n<tr>\n<td><b>Style de convoyeur<\/b><\/td>\n<td>Droite ou courb\u00e9e \u00e0 90\/180 degr\u00e9s<\/td>\n<\/tr>\n<tr>\n<td><b>hauteur du convoyeur<\/b><\/td>\n<td>800-900 mm ou sur mesure<\/td>\n<\/tr>\n<tr>\n<td><b>Largeur de la cha\u00eene (mm)<\/b><\/td>\n<td>63.5\/82.6\/88.9\/101.6\/114.3\/152.4\/190.5\/254\/304.8mm or customized<\/td>\n<\/tr>\n<\/tbody>\n<\/table>\n<\/div>\n<\/div>\n<\/div>\n<\/div>\n<\/div>\n<\/div>\n<\/div>\n<\/div>\n<\/div>\n<\/div>\n<\/div>\n<\/div>\n<\/div>\n<\/div>\n<div class=\"editor-component-row editor-component-row-relative\">\n<div class=\"editor-component-container\">\n<div class=\"editor-component-container-mask\"><\/div>\n<\/div>\n<\/div>\n<div class=\"editor-component-row editor-component-row-relative\">\n<div class=\"editor-component-container\">\n<div class=\"previewer-item-wrap\">\n<div id=\"43818449049\" class=\"J_module\">\n<div id=\"ali-anchor-AliMagic-d3wufz\" data-reactroot=\"\" data-section=\"AliMagic-d3wufz\" data-section-title=\"FAQ\">FAQ<\/div>\n<\/div>\n<\/div>\n<div class=\"editor-component-container-mask\"><\/div>\n<\/div>\n<\/div>\n<div class=\"editor-component-row editor-component-row-relative\">\n<div class=\"editor-component-container\">\n<div class=\"previewer-item-wrap\">\n<div id=\"43818449050\" class=\"J_module\">\n<div class=\"detail-decorate-json-renderer-container\" data-reactroot=\"\">\n<div>\n<div>\n<div>\n<div>\n<div class=\"preview-edit-text-editor\" data-reactroot=\"\"><b data-spm-anchor-id=\"a2700.pc-decorate.0.i3.67b53333Tqd4Eb\">Q1 : Comment puis-je obtenir plus d'informations sur votre produit ?<\/b><\/div>\n<div class=\"preview-edit-text-editor\" data-reactroot=\"\"><b data-spm-anchor-id=\"a2700.pc-decorate.0.i3.67b53333Tqd4Eb\"> <\/b>A1:Vous pouvez nous envoyer un courriel ou demander \u00e0 nos repr\u00e9sentants en ligne de vous envoyer le dernier catalogue et la liste de prix.<\/div>\n<div data-reactroot=\"\"><\/div>\n<div class=\"preview-edit-text-editor\" data-reactroot=\"\"><b>Q2 : Acceptez-vous les OEM ou ODM ? <\/b><\/div>\n<div class=\"preview-edit-text-editor\" data-reactroot=\"\">A2:Oui, mais nous avons des exigences de quantit\u00e9, veuillez nous contacter directement.<\/div>\n<div data-reactroot=\"\"><\/div>\n<div class=\"preview-edit-text-editor\" data-reactroot=\"\"><b>Q3:Quel est le mode de paiement de votre entreprise ?<\/b><\/div>\n<div class=\"preview-edit-text-editor\" data-reactroot=\"\"><b> <\/b>A3:T\/T, L\/C \u00e0 vue, Paypal, Western Union<\/div>\n<div data-reactroot=\"\"><\/div>\n<div class=\"preview-edit-text-editor\" data-reactroot=\"\"><b>Q4:Quel est le mode d'exp\u00e9dition ? <\/b><\/div>\n<div class=\"preview-edit-text-editor\" data-reactroot=\"\">\n<p>A4:Par voie maritime, a\u00e9rienne, Fedex, DHL, UPS, TNT, etc.<\/p>\n<div><\/div>\n<div><b>Q5:Quel est le mode d'exp\u00e9dition ?<\/b><br \/>\nA5:Par voie maritime, a\u00e9rienne, Fedex, DHL, UPS, TNT, etc.<b>Q6 : Comment est votre service ?<\/b><br \/>\nA6\uff1aDon't worry, we have professionals at your service 24 hours a day.<\/div>\n<\/div>\n<\/div>\n<\/div>\n<\/div>\n<\/div>\n<\/div>\n<\/div>\n<\/div>\n<\/div>\n<\/div>","protected":false},"excerpt":{"rendered":"<p>Convoyeurs industriels Convoyeur \u00e0 bande pour bouteilles Convoyeur \u00e0 cha\u00eene pour bouteilles<\/p>","protected":false},"featured_media":5121,"template":"","meta":{"_acf_changed":false,"_seopress_robots_primary_cat":"none","_seopress_titles_title":"304 Stainless Steel Curve Slat Chain Conveyor Flat Top Chain for Beverage Industry Assembly Line Machine","_seopress_titles_desc":"Industrial Conveyors Bottle Conveyor Belt Bottle Chain Conveyor","_seopress_robots_index":"","_uag_custom_page_level_css":"","site-sidebar-layout":"default","site-content-layout":"","ast-site-content-layout":"default","site-content-style":"default","site-sidebar-style":"default","ast-global-header-display":"","ast-banner-title-visibility":"","ast-main-header-display":"","ast-hfb-above-header-display":"","ast-hfb-below-header-display":"","ast-hfb-mobile-header-display":"","site-post-title":"","ast-breadcrumbs-content":"","ast-featured-img":"","footer-sml-layout":"","theme-transparent-header-meta":"default","adv-header-id-meta":"","stick-header-meta":"","header-above-stick-meta":"","header-main-stick-meta":"","header-below-stick-meta":"","astra-migrate-meta-layouts":"set","ast-page-background-enabled":"default","ast-page-background-meta":{"desktop":{"background-color":"","background-image":"","background-repeat":"repeat","background-position":"center center","background-size":"auto","background-attachment":"scroll","background-type":"","background-media":"","overlay-type":"","overlay-color":"","overlay-opacity":"","overlay-gradient":""},"tablet":{"background-color":"","background-image":"","background-repeat":"repeat","background-position":"center center","background-size":"auto","background-attachment":"scroll","background-type":"","background-media":"","overlay-type":"","overlay-color":"","overlay-opacity":"","overlay-gradient":""},"mobile":{"background-color":"","background-image":"","background-repeat":"repeat","background-position":"center center","background-size":"auto","background-attachment":"scroll","background-type":"","background-media":"","overlay-type":"","overlay-color":"","overlay-opacity":"","overlay-gradient":""}},"ast-content-background-meta":{"desktop":{"background-color":"var(--ast-global-color-5)","background-image":"","background-repeat":"repeat","background-position":"center center","background-size":"auto","background-attachment":"scroll","background-type":"","background-media":"","overlay-type":"","overlay-color":"","overlay-opacity":"","overlay-gradient":""},"tablet":{"background-color":"var(--ast-global-color-5)","background-image":"","background-repeat":"repeat","background-position":"center center","background-size":"auto","background-attachment":"scroll","background-type":"","background-media":"","overlay-type":"","overlay-color":"","overlay-opacity":"","overlay-gradient":""},"mobile":{"background-color":"var(--ast-global-color-5)","background-image":"","background-repeat":"repeat","background-position":"center center","background-size":"auto","background-attachment":"scroll","background-type":"","background-media":"","overlay-type":"","overlay-color":"","overlay-opacity":"","overlay-gradient":""}}},"product_brand":[131],"product_cat":[97],"product_tag":[273,272,336,274],"class_list":{"0":"post-5116","1":"product","2":"type-product","3":"status-publish","4":"has-post-thumbnail","6":"product_brand-chenming","7":"product_cat-chain-conveyor","8":"product_tag-flat-table-top-chain-plate","9":"product_tag-heavy-top-chain-plate-conveyor","10":"product_tag-industrial-conveyors","11":"product_tag-slat-chain-conveyor","12":"desktop-align-center","13":"tablet-align-center","14":"mobile-align-left","15":"ast-product-gallery-layout-horizontal-slider","16":"ast-product-tabs-layout-horizontal","17":"ast-qv-on-image","19":"first","20":"instock","21":"sale","22":"shipping-taxable","23":"purchasable","24":"product-type-simple"},"acf":[],"uagb_featured_image_src":{"full":["https:\/\/www.ai-chenming.com\/wp-content\/uploads\/2025\/09\/ed09714d-e5c7-4a69-8077-3d84baf9c099.png",640,640,false],"thumbnail":["https:\/\/www.ai-chenming.com\/wp-content\/uploads\/2025\/09\/ed09714d-e5c7-4a69-8077-3d84baf9c099-150x150.png",150,150,true],"medium":["https:\/\/www.ai-chenming.com\/wp-content\/uploads\/2025\/09\/ed09714d-e5c7-4a69-8077-3d84baf9c099-300x300.png",300,300,true],"medium_large":["https:\/\/www.ai-chenming.com\/wp-content\/uploads\/2025\/09\/ed09714d-e5c7-4a69-8077-3d84baf9c099.png",640,640,false],"large":["https:\/\/www.ai-chenming.com\/wp-content\/uploads\/2025\/09\/ed09714d-e5c7-4a69-8077-3d84baf9c099.png",640,640,false],"1536x1536":["https:\/\/www.ai-chenming.com\/wp-content\/uploads\/2025\/09\/ed09714d-e5c7-4a69-8077-3d84baf9c099.png",640,640,false],"2048x2048":["https:\/\/www.ai-chenming.com\/wp-content\/uploads\/2025\/09\/ed09714d-e5c7-4a69-8077-3d84baf9c099.png",640,640,false],"trp-custom-language-flag":["https:\/\/www.ai-chenming.com\/wp-content\/uploads\/2025\/09\/ed09714d-e5c7-4a69-8077-3d84baf9c099-12x12.png",12,12,true],"woocommerce_thumbnail":["https:\/\/www.ai-chenming.com\/wp-content\/uploads\/2025\/09\/ed09714d-e5c7-4a69-8077-3d84baf9c099-450x450.png",450,450,true],"woocommerce_single":["https:\/\/www.ai-chenming.com\/wp-content\/uploads\/2025\/09\/ed09714d-e5c7-4a69-8077-3d84baf9c099-600x600.png",600,600,true],"woocommerce_gallery_thumbnail":["https:\/\/www.ai-chenming.com\/wp-content\/uploads\/2025\/09\/ed09714d-e5c7-4a69-8077-3d84baf9c099-100x100.png",100,100,true]},"uagb_author_info":{"display_name":"chenming","author_link":"https:\/\/www.ai-chenming.com\/fr\/author\/"},"uagb_comment_info":0,"uagb_excerpt":"Industrial Conveyors Bottle Conveyor Belt Bottle Chain Conveyor","_links":{"self":[{"href":"https:\/\/www.ai-chenming.com\/fr\/wp-json\/wp\/v2\/product\/5116","targetHints":{"allow":["GET"]}}],"collection":[{"href":"https:\/\/www.ai-chenming.com\/fr\/wp-json\/wp\/v2\/product"}],"about":[{"href":"https:\/\/www.ai-chenming.com\/fr\/wp-json\/wp\/v2\/types\/product"}],"wp:featuredmedia":[{"embeddable":true,"href":"https:\/\/www.ai-chenming.com\/fr\/wp-json\/wp\/v2\/media\/5121"}],"wp:attachment":[{"href":"https:\/\/www.ai-chenming.com\/fr\/wp-json\/wp\/v2\/media?parent=5116"}],"wp:term":[{"taxonomy":"product_brand","embeddable":true,"href":"https:\/\/www.ai-chenming.com\/fr\/wp-json\/wp\/v2\/product_brand?post=5116"},{"taxonomy":"product_cat","embeddable":true,"href":"https:\/\/www.ai-chenming.com\/fr\/wp-json\/wp\/v2\/product_cat?post=5116"},{"taxonomy":"product_tag","embeddable":true,"href":"https:\/\/www.ai-chenming.com\/fr\/wp-json\/wp\/v2\/product_tag?post=5116"}],"curies":[{"name":"wp","href":"https:\/\/api.w.org\/{rel}","templated":true}]}}