{"id":5066,"date":"2025-08-29T08:23:25","date_gmt":"2025-08-29T08:23:25","guid":{"rendered":"https:\/\/www.ai-chenming.com\/?post_type=product&#038;p=5066"},"modified":"2025-09-24T07:41:09","modified_gmt":"2025-09-24T07:41:09","slug":"extendable-flexible-belt-conveyor-loader-for-truck-unloading-logistics-production-line-for-efficient-material-handling","status":"publish","type":"product","link":"https:\/\/www.ai-chenming.com\/fr\/produit\/extendable-flexible-belt-conveyor-loader-for-truck-unloading-logistics-production-line-for-efficient-material-handling\/","title":{"rendered":"Transporteur \u00e0 bande flexible extensible pour le d\u00e9chargement de camions Ligne de production logistique pour une manutention efficace des mat\u00e9riaux"},"content":{"rendered":"<div class=\"editor-component-row editor-component-row-relative\">\n<div class=\"editor-component-container\">\n<div class=\"previewer-item-wrap\">\n<div id=\"44301750908\" class=\"J_module\">\n<div id=\"ali-anchor-AliMagic-xuwccl\" data-reactroot=\"\" data-section=\"AliMagic-xuwccl\" data-section-title=\"Product Description\" data-spm-anchor-id=\"a2700.pc-decorate.0.i2.50ad33338KGIJS\">Description du produit<\/div>\n<\/div>\n<\/div>\n<div class=\"editor-component-container-mask\">\n<div style=\"width: 720px;\" class=\"wp-video\"><!--[if lt IE 9]><script>document.createElement('video');<\/script><![endif]-->\n<video class=\"wp-video-shortcode\" id=\"video-5066-1\" width=\"720\" height=\"720\" preload=\"metadata\" controls=\"controls\"><source type=\"video\/mp4\" src=\"https:\/\/www.ai-chenming.com\/wp-content\/uploads\/2025\/08\/6000298024258.mp4?_=1\" \/><a href=\"https:\/\/www.ai-chenming.com\/wp-content\/uploads\/2025\/08\/6000298024258.mp4\">https:\/\/www.ai-chenming.com\/wp-content\/uploads\/2025\/08\/6000298024258.mp4<\/a><\/video><\/div>\n<\/div>\n<\/div>\n<\/div>\n<div class=\"editor-component-row editor-component-row-relative\">\n<div class=\"editor-component-container\">\n<div class=\"previewer-item-wrap\">\n<div id=\"44374650915\" class=\"J_module\">\n<div class=\"icbu-pc-images\" data-reactroot=\"\">\n<div>\n<div class=\"flex-layout-v\">\n<div class=\"flex-layout-h\">\n<div class=\"preview-image-edit\">\n<div class=\"preview-edit-image-item\" data-reactroot=\"\"><\/div>\n<\/div>\n<p><img alt=\"\" fetchpriority=\"high\" decoding=\"async\" class=\"wp-image-6859 aligncenter\" src=\"https:\/\/www.ai-chenming.com\/wp-content\/uploads\/2025\/09\/32-300x300.png\" width=\"362\" height=\"362\" srcset=\"https:\/\/www.ai-chenming.com\/wp-content\/uploads\/2025\/09\/32-300x300.png 300w, https:\/\/www.ai-chenming.com\/wp-content\/uploads\/2025\/09\/32-150x150.png 150w, https:\/\/www.ai-chenming.com\/wp-content\/uploads\/2025\/09\/32-12x12.png 12w, https:\/\/www.ai-chenming.com\/wp-content\/uploads\/2025\/09\/32-450x450.png 450w, https:\/\/www.ai-chenming.com\/wp-content\/uploads\/2025\/09\/32-600x600.png 600w, https:\/\/www.ai-chenming.com\/wp-content\/uploads\/2025\/09\/32-100x100.png 100w, https:\/\/www.ai-chenming.com\/wp-content\/uploads\/2025\/09\/32.png 640w\" sizes=\"(max-width: 362px) 100vw, 362px\" \/><\/p>\n<p>Le convoyeur \u00e0 rouleaux convient au transport d'objets sur le plan inf\u00e9rieur. Il se compose principalement d'un convoyeur \u00e0 rouleaux d'entra\u00eenement, d'un cadre, d'un support, d'une partie motrice, etc. Il pr\u00e9sente les caract\u00e9ristiques suivantes : grande capacit\u00e9 de transport, grande vitesse, vitesse rapide, forte capacit\u00e9 de charge, etc. Le convoyeur \u00e0 rouleaux et les autres convoyeurs constituent un syst\u00e8me complexe de transport de mat\u00e9riaux. Il peut \u00eatre divis\u00e9 en rouleaux non motoris\u00e9s, rouleaux motoris\u00e9s et rouleaux \u00e9lectriques. Il peut \u00eatre divis\u00e9 en convoyage horizontal, en convoyage tournant et en convoyage inclin\u00e9 en fonction de la disposition.<\/p>\n<p><img alt=\"\" decoding=\"async\" class=\"wp-image-6806 aligncenter\" src=\"https:\/\/www.ai-chenming.com\/wp-content\/uploads\/2025\/09\/4-2-300x212.png\" width=\"364\" height=\"257\" srcset=\"https:\/\/www.ai-chenming.com\/wp-content\/uploads\/2025\/09\/4-2-300x212.png 300w, https:\/\/www.ai-chenming.com\/wp-content\/uploads\/2025\/09\/4-2-1024x724.png 1024w, https:\/\/www.ai-chenming.com\/wp-content\/uploads\/2025\/09\/4-2-768x543.png 768w, https:\/\/www.ai-chenming.com\/wp-content\/uploads\/2025\/09\/4-2-1536x1086.png 1536w, https:\/\/www.ai-chenming.com\/wp-content\/uploads\/2025\/09\/4-2-2048x1448.png 2048w, https:\/\/www.ai-chenming.com\/wp-content\/uploads\/2025\/09\/4-2-18x12.png 18w, https:\/\/www.ai-chenming.com\/wp-content\/uploads\/2025\/09\/4-2-600x424.png 600w\" sizes=\"(max-width: 364px) 100vw, 364px\" \/><\/p>\n<\/div>\n<\/div>\n<\/div>\n<div class=\"text-wrapper-inner text-theme-dark text-align-left\">\n<div class=\"text-title\" data-id=\"inner-title\">\n<div class=\"preview-edit-text-editor\" data-reactroot=\"\">\n<div id=\"preview-edit-2\" class=\"content-editor\" tabindex=\"1\" contenteditable=\"true\"><b><span style=\"color: #ea9924;\">Convoyeur t\u00e9lescopique<\/span><\/b><\/div>\n<\/div>\n<\/div>\n<div class=\"text-content\" data-id=\"inner-content\">\n<div class=\"preview-edit-text-editor\" data-reactroot=\"\">\n<div id=\"preview-edit-1\" class=\"content-editor\" tabindex=\"1\" contenteditable=\"true\"><span style=\"color: #ffc36d;\">Notre convoyeur t\u00e9lescopique est sp\u00e9cialement con\u00e7u pour am\u00e9liorer l'efficacit\u00e9 des op\u00e9rations de logistique et d'entreposage. Gr\u00e2ce \u00e0 ses capacit\u00e9s d'extension et de r\u00e9traction flexibles, il r\u00e9duit consid\u00e9rablement les temps de chargement et de d\u00e9chargement, diminue les co\u00fbts de main-d'\u0153uvre et minimise les dommages caus\u00e9s aux produits lors de la manutention. Con\u00e7u pour \u00eatre polyvalent, il s'adapte \u00e0 diff\u00e9rentes tailles de camions et \u00e0 diff\u00e9rents types de cargaisons, tandis que les conceptions ergonomiques am\u00e9liorent la s\u00e9curit\u00e9 et le confort de l'op\u00e9rateur. Facile \u00e0 utiliser et \u00e0 entretenir, notre convoyeur est id\u00e9al pour les environnements \u00e0 rythme rapide tels que les plateformes de messagerie, les centres de distribution et les entrep\u00f4ts de commerce \u00e9lectronique. Des options personnalisables sont disponibles pour r\u00e9pondre aux besoins op\u00e9rationnels sp\u00e9cifiques, garantissant une solution de manutention plus intelligente, plus rapide et plus s\u00fbre pour votre entreprise.<\/span><\/div>\n<\/div>\n<\/div>\n<\/div>\n<\/div>\n<\/div>\n<\/div>\n<div class=\"editor-component-container-mask\">\n<table>\n<tbody>\n<tr>\n<td><b><span data-spm-anchor-id=\"a2700.pc-decorate.0.i47.4d3a3333VxLmXu\">Nom du produit<\/span><\/b><\/td>\n<td>\n<div>Convoyeur \u00e0 bande t\u00e9lescopique<\/div>\n<\/td>\n<\/tr>\n<tr>\n<td><b>Marque<\/b><\/td>\n<td>\n<div>Chenming<\/div>\n<\/td>\n<\/tr>\n<tr>\n<td><b>L'industrie<\/b><\/td>\n<td>\n<div>Usines, entrep\u00f4ts, centres de distribution et de logistique<\/div>\n<\/td>\n<\/tr>\n<tr>\n<td><b>condition<\/b><\/td>\n<td>\n<div>Nouveau<\/div>\n<\/td>\n<\/tr>\n<tr>\n<td><b>Longueur*Largeur*Hauteur<\/b><\/td>\n<td>\n<div>Taille personnalis\u00e9e<\/div>\n<\/td>\n<\/tr>\n<tr>\n<td><b>Mat\u00e9riau du cadre<\/b><\/td>\n<td>\n<div>Carton en acier<\/div>\n<\/td>\n<\/tr>\n<tr>\n<td><b>Mat\u00e9riau de la ceinture<\/b><\/td>\n<td>\n<div>PVC\/Caoutchouc<\/div>\n<\/td>\n<\/tr>\n<tr>\n<td><b>Vitesse<\/b><\/td>\n<td>\n<div>0 - 30 m\/MIN r\u00e9glable<\/div>\n<\/td>\n<\/tr>\n<tr>\n<td><b>Alimentation \u00e9lectrique<\/b><\/td>\n<td>\n<div>220 V<\/div>\n<\/td>\n<\/tr>\n<tr>\n<td><b>Test du convoyeur<\/b><\/td>\n<td>\n<div>Avant d'\u00eatre exp\u00e9di\u00e9s, tous les convoyeurs sont test\u00e9s.<\/div>\n<\/td>\n<\/tr>\n<tr>\n<td><b>Garantie<\/b><\/td>\n<td>\n<div>Garantie d'un an, des services d'ing\u00e9nierie peuvent \u00eatre fournis<\/div>\n<\/td>\n<\/tr>\n<tr>\n<td><b>Paquet<\/b><\/td>\n<td>\n<div>Selon la taille du convoyeur<\/div>\n<\/td>\n<\/tr>\n<\/tbody>\n<\/table>\n<\/div>\n<\/div>\n<\/div>\n<div class=\"editor-component-row editor-component-row-relative\">\n<div class=\"editor-component-container\">\n<div class=\"previewer-item-wrap\">\n<div id=\"44301750953\" class=\"J_module\">\n<div id=\"ali-anchor-AliMagic-34z27i\" data-reactroot=\"\" data-section=\"AliMagic-34z27i\" data-section-title=\"FAQ\">FAQ<\/div>\n<\/div>\n<\/div>\n<div class=\"editor-component-container-mask\"><\/div>\n<\/div>\n<\/div>\n<div class=\"editor-component-row editor-component-row-relative\">\n<div class=\"editor-component-container\">\n<div class=\"previewer-item-wrap\">\n<div id=\"44301750955\" class=\"J_module\">\n<div class=\"detail-decorate-json-renderer-container\" data-reactroot=\"\">\n<div>\n<div>\n<div>\n<div>\n<div class=\"preview-edit-text-editor\" data-reactroot=\"\">\n<div id=\"preview-edit-3\" class=\"content-editor\" tabindex=\"1\" contenteditable=\"true\"><b><\/b><b>Q1 : \u00cates-vous une soci\u00e9t\u00e9 commerciale ou un fabricant ?<\/b><br \/>\nR : Nous sommes une usine.<b>Q2:Acceptez-vous les OEM ou ODM ? A2:Oui, mais nous avons des exigences en mati\u00e8re de quantit\u00e9. Veuillez nous contacter directement.<br \/>\n<\/b><br \/>\n<b>Q3:Quel est le mode de paiement de votre entreprise ?<\/b><br \/>\nA3:T\/T, L\/C \u00e0 vue, Paypal, Western Union<b>Q4:Quel est le mode d'exp\u00e9dition ?<\/b><br \/>\nA4:Par voie maritime, a\u00e9rienne, Fedex, DHL, UPS, TNT, etc.<\/p>\n<p><b>Q5 : Quel est le d\u00e9lai de livraison ?<\/b><br \/>\nA5 : En g\u00e9n\u00e9ral, le d\u00e9lai est de 5 \u00e0 10 jours si les marchandises sont en stock, ou de 15 \u00e0 20 jours si les marchandises ne sont pas en stock, en fonction de l'\u00e9tat des stocks.<br \/>\nquantit\u00e9.<\/p>\n<p><b>Q6 : Comment est votre service ?<\/b><br \/>\nA6\uff1aDon't worry, we have professionals at your service 24 hours a day.<\/p>\n<\/div>\n<\/div>\n<\/div>\n<\/div>\n<\/div>\n<\/div>\n<\/div>\n<\/div>\n<\/div>\n<\/div>\n<\/div>","protected":false},"excerpt":{"rendered":"<p>convoyeur conteneur convoyeur inclin\u00e9 hydraulique convoyeur \u00e0 bande mobile convoyeur de paquets w90xl1180x convoyeur \u00e0 grains convoyeur \u00e0 bande Convoyeur de chargement<\/p>","protected":false},"featured_media":5074,"template":"","meta":{"_acf_changed":false,"_seopress_robots_primary_cat":"none","_seopress_titles_title":"Extendable Flexible Belt Conveyor Loader for Truck Unloading Logistics Production Line for Efficient Material Handling","_seopress_titles_desc":"conveyor container hydraulic incline conveyor mobile belt conveyor pack conveyor w90xl1180x grain conveyor belt Loading conveyor","_seopress_robots_index":"","_uag_custom_page_level_css":"","site-sidebar-layout":"default","site-content-layout":"","ast-site-content-layout":"default","site-content-style":"default","site-sidebar-style":"default","ast-global-header-display":"","ast-banner-title-visibility":"","ast-main-header-display":"","ast-hfb-above-header-display":"","ast-hfb-below-header-display":"","ast-hfb-mobile-header-display":"","site-post-title":"","ast-breadcrumbs-content":"","ast-featured-img":"","footer-sml-layout":"","theme-transparent-header-meta":"default","adv-header-id-meta":"","stick-header-meta":"","header-above-stick-meta":"","header-main-stick-meta":"","header-below-stick-meta":"","astra-migrate-meta-layouts":"set","ast-page-background-enabled":"default","ast-page-background-meta":{"desktop":{"background-color":"","background-image":"","background-repeat":"repeat","background-position":"center center","background-size":"auto","background-attachment":"scroll","background-type":"","background-media":"","overlay-type":"","overlay-color":"","overlay-opacity":"","overlay-gradient":""},"tablet":{"background-color":"","background-image":"","background-repeat":"repeat","background-position":"center center","background-size":"auto","background-attachment":"scroll","background-type":"","background-media":"","overlay-type":"","overlay-color":"","overlay-opacity":"","overlay-gradient":""},"mobile":{"background-color":"","background-image":"","background-repeat":"repeat","background-position":"center center","background-size":"auto","background-attachment":"scroll","background-type":"","background-media":"","overlay-type":"","overlay-color":"","overlay-opacity":"","overlay-gradient":""}},"ast-content-background-meta":{"desktop":{"background-color":"var(--ast-global-color-5)","background-image":"","background-repeat":"repeat","background-position":"center center","background-size":"auto","background-attachment":"scroll","background-type":"","background-media":"","overlay-type":"","overlay-color":"","overlay-opacity":"","overlay-gradient":""},"tablet":{"background-color":"var(--ast-global-color-5)","background-image":"","background-repeat":"repeat","background-position":"center center","background-size":"auto","background-attachment":"scroll","background-type":"","background-media":"","overlay-type":"","overlay-color":"","overlay-opacity":"","overlay-gradient":""},"mobile":{"background-color":"var(--ast-global-color-5)","background-image":"","background-repeat":"repeat","background-position":"center center","background-size":"auto","background-attachment":"scroll","background-type":"","background-media":"","overlay-type":"","overlay-color":"","overlay-opacity":"","overlay-gradient":""}}},"product_brand":[131],"product_cat":[98],"product_tag":[401,406,407,251,404,405,403,402],"class_list":{"0":"post-5066","1":"product","2":"type-product","3":"status-publish","4":"has-post-thumbnail","6":"product_brand-chenming","7":"product_cat-roller-conveyor","8":"product_tag-flexible-belt-conveyor","9":"product_tag-inclined-belt-conveyor","10":"product_tag-logistics-production-line-efficient","11":"product_tag-manufacturing-plant-conveyor","12":"product_tag-portable-conveyor","13":"product_tag-portable-conveyor-for-truck-unloading","14":"product_tag-production-line","15":"product_tag-telescopic-belt-conveyor","16":"desktop-align-center","17":"tablet-align-center","18":"mobile-align-left","19":"ast-product-gallery-layout-horizontal-slider","20":"ast-product-tabs-layout-horizontal","21":"ast-qv-on-image","23":"first","24":"instock","25":"sale","26":"shipping-taxable","27":"purchasable","28":"product-type-simple"},"acf":[],"uagb_featured_image_src":{"full":["https:\/\/www.ai-chenming.com\/wp-content\/uploads\/2025\/08\/d7daa98b-c009-4e15-a8d1-b743f3d39352.png",640,640,false],"thumbnail":["https:\/\/www.ai-chenming.com\/wp-content\/uploads\/2025\/08\/d7daa98b-c009-4e15-a8d1-b743f3d39352-150x150.png",150,150,true],"medium":["https:\/\/www.ai-chenming.com\/wp-content\/uploads\/2025\/08\/d7daa98b-c009-4e15-a8d1-b743f3d39352-300x300.png",300,300,true],"medium_large":["https:\/\/www.ai-chenming.com\/wp-content\/uploads\/2025\/08\/d7daa98b-c009-4e15-a8d1-b743f3d39352.png",640,640,false],"large":["https:\/\/www.ai-chenming.com\/wp-content\/uploads\/2025\/08\/d7daa98b-c009-4e15-a8d1-b743f3d39352.png",640,640,false],"1536x1536":["https:\/\/www.ai-chenming.com\/wp-content\/uploads\/2025\/08\/d7daa98b-c009-4e15-a8d1-b743f3d39352.png",640,640,false],"2048x2048":["https:\/\/www.ai-chenming.com\/wp-content\/uploads\/2025\/08\/d7daa98b-c009-4e15-a8d1-b743f3d39352.png",640,640,false],"trp-custom-language-flag":["https:\/\/www.ai-chenming.com\/wp-content\/uploads\/2025\/08\/d7daa98b-c009-4e15-a8d1-b743f3d39352-12x12.png",12,12,true],"woocommerce_thumbnail":["https:\/\/www.ai-chenming.com\/wp-content\/uploads\/2025\/08\/d7daa98b-c009-4e15-a8d1-b743f3d39352-450x450.png",450,450,true],"woocommerce_single":["https:\/\/www.ai-chenming.com\/wp-content\/uploads\/2025\/08\/d7daa98b-c009-4e15-a8d1-b743f3d39352-600x600.png",600,600,true],"woocommerce_gallery_thumbnail":["https:\/\/www.ai-chenming.com\/wp-content\/uploads\/2025\/08\/d7daa98b-c009-4e15-a8d1-b743f3d39352-100x100.png",100,100,true]},"uagb_author_info":{"display_name":"chenming","author_link":"https:\/\/www.ai-chenming.com\/fr\/author\/"},"uagb_comment_info":0,"uagb_excerpt":"conveyor container hydraulic incline conveyor mobile belt conveyor pack conveyor w90xl1180x grain conveyor belt Loading conveyor","_links":{"self":[{"href":"https:\/\/www.ai-chenming.com\/fr\/wp-json\/wp\/v2\/product\/5066","targetHints":{"allow":["GET"]}}],"collection":[{"href":"https:\/\/www.ai-chenming.com\/fr\/wp-json\/wp\/v2\/product"}],"about":[{"href":"https:\/\/www.ai-chenming.com\/fr\/wp-json\/wp\/v2\/types\/product"}],"wp:featuredmedia":[{"embeddable":true,"href":"https:\/\/www.ai-chenming.com\/fr\/wp-json\/wp\/v2\/media\/5074"}],"wp:attachment":[{"href":"https:\/\/www.ai-chenming.com\/fr\/wp-json\/wp\/v2\/media?parent=5066"}],"wp:term":[{"taxonomy":"product_brand","embeddable":true,"href":"https:\/\/www.ai-chenming.com\/fr\/wp-json\/wp\/v2\/product_brand?post=5066"},{"taxonomy":"product_cat","embeddable":true,"href":"https:\/\/www.ai-chenming.com\/fr\/wp-json\/wp\/v2\/product_cat?post=5066"},{"taxonomy":"product_tag","embeddable":true,"href":"https:\/\/www.ai-chenming.com\/fr\/wp-json\/wp\/v2\/product_tag?post=5066"}],"curies":[{"name":"wp","href":"https:\/\/api.w.org\/{rel}","templated":true}]}}