{"id":5047,"date":"2025-08-29T07:50:56","date_gmt":"2025-08-29T07:50:56","guid":{"rendered":"https:\/\/www.ai-chenming.com\/?post_type=product&#038;p=5047"},"modified":"2025-09-24T07:50:12","modified_gmt":"2025-09-24T07:50:12","slug":"custom-conveyors-for-can-transport-lines-plastic-flat-top-chain-conveyors-beverage-conveyor-systems-for-juice-production-lines","status":"publish","type":"product","link":"https:\/\/www.ai-chenming.com\/fr\/produit\/custom-conveyors-for-can-transport-lines-plastic-flat-top-chain-conveyors-beverage-conveyor-systems-for-juice-production-lines\/","title":{"rendered":"Convoyeurs sur mesure pour les lignes de transport de canettes Convoyeurs \u00e0 cha\u00eene \u00e0 dessus plat en plastique Syst\u00e8mes de convoyeurs de boissons pour les lignes de production de jus de fruits"},"content":{"rendered":"<div id=\"icbuEditorBackground\" class=\"icbu-editor-background\" data-spm-anchor-id=\"a2700.pc-decorate.0.i2.f8a13333eq9OUS\"><span style=\"font-size: 16px;\">Description du produit<\/span><\/div>\n<div id=\"detail_decorate_root\">\n<div class=\"editor-plugin-canvas\">\n<div class=\"render-engien-app\">\n<div class=\"editor-component-row editor-component-row-relative\">\n<div class=\"editor-component-container\">\n<div class=\"editor-component-container-mask\">\n<div style=\"width: 1280px;\" class=\"wp-video\"><!--[if lt IE 9]><script>document.createElement('video');<\/script><![endif]-->\n<video class=\"wp-video-shortcode\" id=\"video-5047-1\" width=\"1280\" height=\"720\" preload=\"metadata\" controls=\"controls\"><source type=\"video\/mp4\" src=\"https:\/\/www.ai-chenming.com\/wp-content\/uploads\/2025\/08\/6000308338807.mp4?_=1\" \/><a href=\"https:\/\/www.ai-chenming.com\/wp-content\/uploads\/2025\/08\/6000308338807.mp4\">https:\/\/www.ai-chenming.com\/wp-content\/uploads\/2025\/08\/6000308338807.mp4<\/a><\/video><\/div>\n<p><img alt=\"\" fetchpriority=\"high\" decoding=\"async\" class=\"alignnone size-medium wp-image-7174\" src=\"https:\/\/www.ai-chenming.com\/wp-content\/uploads\/2025\/08\/117-300x300.png\" width=\"300\" height=\"300\" srcset=\"https:\/\/www.ai-chenming.com\/wp-content\/uploads\/2025\/08\/117-300x300.png 300w, https:\/\/www.ai-chenming.com\/wp-content\/uploads\/2025\/08\/117-1024x1024.png 1024w, https:\/\/www.ai-chenming.com\/wp-content\/uploads\/2025\/08\/117-150x150.png 150w, https:\/\/www.ai-chenming.com\/wp-content\/uploads\/2025\/08\/117-768x768.png 768w, https:\/\/www.ai-chenming.com\/wp-content\/uploads\/2025\/08\/117-12x12.png 12w, https:\/\/www.ai-chenming.com\/wp-content\/uploads\/2025\/08\/117-450x450.png 450w, https:\/\/www.ai-chenming.com\/wp-content\/uploads\/2025\/08\/117-600x600.png 600w, https:\/\/www.ai-chenming.com\/wp-content\/uploads\/2025\/08\/117-100x100.png 100w, https:\/\/www.ai-chenming.com\/wp-content\/uploads\/2025\/08\/117.png 1280w\" sizes=\"(max-width: 300px) 100vw, 300px\" \/><\/p>\n<p>Le convoyeur \u00e0 plaques \u00e0 cha\u00eene utilise la cha\u00eene plate standard comme surface d'appui et le motor\u00e9ducteur comme transmission de puissance. Il se d\u00e9place sur un rail de guidage sp\u00e9cial. La surface de transport est plate et lisse, et la force de frottement est faible. Les mat\u00e9riaux passent en douceur d'une ligne de transport \u00e0 l'autre. En fonction des diff\u00e9rents processus, la ligne de plaques \u00e0 cha\u00eene est divis\u00e9e en ligne droite et ligne tournante, et les mat\u00e9riaux sont divis\u00e9s en acier thermoplastique et acier inoxydable. Elle convient au transport de bouteilles en plastique, de bouteilles en verre, de bo\u00eetes de conserve et d'autres mat\u00e9riaux d'emballage, mais peut \u00e9galement transporter des cartons, des sacs et des produits d'emballage. Nous pouvons en fabriquer une \u00e0 plusieurs rang\u00e9es, de mani\u00e8re \u00e0 ce que la surface de transport soit large et que la diff\u00e9rence de vitesse soit telle que la pluralit\u00e9 de rang\u00e9es devienne une seule rang\u00e9e sans extrusion, la rang\u00e9e unique peut \u00e9galement devenir une pluralit\u00e9 de rang\u00e9es et se d\u00e9placer lentement, de mani\u00e8re \u00e0 r\u00e9aliser le stockage des mat\u00e9riaux dans le processus de transport.<\/p>\n<p><img alt=\"\" decoding=\"async\" class=\"wp-image-6831 aligncenter\" src=\"https:\/\/www.ai-chenming.com\/wp-content\/uploads\/2025\/09\/5-2-300x212.png\" width=\"362\" height=\"256\" srcset=\"https:\/\/www.ai-chenming.com\/wp-content\/uploads\/2025\/09\/5-2-300x212.png 300w, https:\/\/www.ai-chenming.com\/wp-content\/uploads\/2025\/09\/5-2-1024x724.png 1024w, https:\/\/www.ai-chenming.com\/wp-content\/uploads\/2025\/09\/5-2-768x543.png 768w, https:\/\/www.ai-chenming.com\/wp-content\/uploads\/2025\/09\/5-2-1536x1086.png 1536w, https:\/\/www.ai-chenming.com\/wp-content\/uploads\/2025\/09\/5-2-2048x1448.png 2048w, https:\/\/www.ai-chenming.com\/wp-content\/uploads\/2025\/09\/5-2-18x12.png 18w, https:\/\/www.ai-chenming.com\/wp-content\/uploads\/2025\/09\/5-2-600x424.png 600w\" sizes=\"(max-width: 362px) 100vw, 362px\" \/><\/p>\n<table>\n<tbody>\n<tr>\n<td>Nom du produit<\/td>\n<td>Convoyeur \u00e0 cha\u00eene<\/td>\n<\/tr>\n<tr>\n<td>Mat\u00e9riau du produit<\/td>\n<td>Inox\/Acier\/Aluminium<\/td>\n<\/tr>\n<tr>\n<td>Taille<\/td>\n<td>Personnalisable<\/td>\n<\/tr>\n<tr>\n<td>Vitesse<\/td>\n<td>R\u00e9glable<\/td>\n<\/tr>\n<tr>\n<td>Couleur<\/td>\n<td>En tant qu'exigence<\/td>\n<\/tr>\n<tr>\n<td>Tension du moteur<\/td>\n<td>110V 220V 380V Personnalisable<\/td>\n<\/tr>\n<\/tbody>\n<\/table>\n<\/div>\n<\/div>\n<\/div>\n<\/div>\n<\/div>\n<div class=\"editor-component-row editor-component-row-relative\">\n<div class=\"editor-component-container\">\n<div class=\"previewer-item-wrap\">\n<div id=\"45924527526\" class=\"J_module\"><\/div>\n<\/div>\n<\/div>\n<\/div>\n<div class=\"editor-component-row editor-component-row-relative\">\n<div class=\"editor-component-container\">\n<div class=\"editor-component-container-mask\"><\/div>\n<\/div>\n<\/div>\n<div class=\"editor-component-row editor-component-row-relative\">\n<div class=\"editor-component-container\">\n<div class=\"previewer-item-wrap\">\n<div id=\"45924527543\" class=\"J_module\">\n<div id=\"ali-anchor-AliMagic-wiudsk\" data-reactroot=\"\" data-section=\"AliMagic-wiudsk\" data-section-title=\"FAQ\">FAQ<\/div>\n<\/div>\n<\/div>\n<div class=\"editor-component-container-mask\"><\/div>\n<\/div>\n<\/div>\n<div class=\"editor-component-row editor-component-row-relative\">\n<div class=\"editor-component-container\">\n<div class=\"previewer-item-wrap\">\n<div id=\"45924527544\" class=\"J_module\">\n<div class=\"detail-decorate-json-renderer-container\" data-reactroot=\"\">\n<div>\n<div>\n<div>\n<div>\n<div class=\"preview-edit-text-editor\" data-reactroot=\"\">\n<div id=\"preview-edit-1\" class=\"content-editor\" tabindex=\"1\" contenteditable=\"true\">\n<p>Q1. \u00cates-vous un fabricant ou une soci\u00e9t\u00e9 commerciale ?<\/p>\n<div>\n<p>R : Nous sommes un fabricant professionnel avec 15 ans d'exp\u00e9rience dans l'industrie.<\/p>\n<p>Q2.Comment pouvons-nous garantir la qualit\u00e9 ?<br \/>\nR : Un \u00e9chantillon est toujours pr\u00e9lev\u00e9 avant la production en s\u00e9rie et un contr\u00f4le final est effectu\u00e9 avant l'exp\u00e9dition.<\/p>\n<p>Q3. Fournissez-vous des \u00e9chantillons ?<br \/>\nR:Oui, nous pouvons offrir des \u00e9chantillons de pi\u00e8ces de convoyeur gratuitement, mais l'acheteur doit payer les frais d'exp\u00e9dition.<\/p>\n<p>Q4. Quel est le mode de paiement ?<\/p>\n<\/div>\n<div>\n<p>R : T\/T, L\/C \u00e0 vue, Paypal, Western Union sont tous accept\u00e9s. Si vous avez d'autres moyens de paiement, veuillez me contacter.<\/p>\n<p>Q5.Quel est le d\u00e9lai de livraison ?<br \/>\nR : En g\u00e9n\u00e9ral, le d\u00e9lai est de 5 \u00e0 10 jours si les marchandises sont en stock, ou de 15 \u00e0 20 jours si les marchandises ne sont pas en stock.<br \/>\nquantit\u00e9.<\/p>\n<p>Q6. Quel est le mode d'exp\u00e9dition ?<br \/>\nR : Par voie maritime ou a\u00e9rienne, Fedex, DHL, UPS, TNT, etc.<\/p>\n<p>Q7. Votre produit b\u00e9n\u00e9ficie-t-il d'une p\u00e9riode de garantie ?<\/p>\n<\/div>\n<div>\n<p>R : Nos produits sont g\u00e9n\u00e9ralement garantis un an. Nous disposons d'une solide force technique, d'une capacit\u00e9 de d\u00e9veloppement de produits et d'une \u00e9quipe professionnelle de service apr\u00e8s-vente.<\/p>\n<p>Q8 : Qu'en est-il du service apr\u00e8s-vente ?<br \/>\nR : Pas de probl\u00e8me, le service client\u00e8le en ligne est \u00e0 votre disposition 24 heures sur 24, des conseils \u00e0 distance gratuits pour les machines et les \u00e9quipements, nous pouvons \u00e9galement envoyer nos ing\u00e9nieurs sur le site pour installer ou r\u00e9parer la machine le cas \u00e9ch\u00e9ant, mais cela peut entra\u00eener certains frais. Si vous avez des questions, vous pouvez y r\u00e9pondre \u00e0 temps via WhatsApp ou WeChat.<\/p>\n<div><span style=\"color: #2196ed;\">Si vous avez d'autres questions, n'h\u00e9sitez pas \u00e0 me contacter.<\/span><\/div>\n<\/div>\n<\/div>\n<\/div>\n<\/div>\n<\/div>\n<\/div>\n<\/div>\n<\/div>\n<\/div>\n<\/div>\n<div class=\"editor-component-container-mask\"><\/div>\n<\/div>\n<\/div>\n<div class=\"editor-component-row editor-component-row-relative\">\n<div class=\"editor-component-container\">\n<div class=\"previewer-item-wrap\">\n<div id=\"45924527545\" class=\"J_module\">\n<div class=\"icbu-pc-images\" data-reactroot=\"\">\n<div>\n<div class=\"flex-layout-v\">\n<div class=\"flex-layout-h\">\n<div>\n<div class=\"preview-image-edit\">\n<div class=\"preview-edit-image-item\" data-reactroot=\"\"><\/div>\n<\/div>\n<p><img decoding=\"async\" src=\"https:\/\/sc04.alicdn.com\/kf\/H3ab1dc4092954126803df7a0a6b73681V\/284464100\/H3ab1dc4092954126803df7a0a6b73681V.png\" data-id=\"child-image-0\" \/><\/p>\n<\/div>\n<\/div>\n<\/div>\n<\/div>\n<\/div>\n<\/div>\n<\/div>\n<\/div>\n<\/div>\n<\/div>","protected":false},"excerpt":{"rendered":"<p>Convoyeurs automatiques Convoyeurs \u00e0 cha\u00eene plats de table pour l'emballage de bouteilles de boissons<\/p>","protected":false},"featured_media":5055,"template":"","meta":{"_acf_changed":false,"_seopress_robots_primary_cat":"none","_seopress_titles_title":"Custom Conveyors for Can Transport Lines Plastic Flat Top Chain Conveyors Beverage Conveyor Systems for Juice Production Lines","_seopress_titles_desc":"Automatic conveyors Flat Table Top Chain Conveyors for Beverage Bottle Packing","_seopress_robots_index":"","_uag_custom_page_level_css":"","site-sidebar-layout":"default","site-content-layout":"","ast-site-content-layout":"default","site-content-style":"default","site-sidebar-style":"default","ast-global-header-display":"","ast-banner-title-visibility":"","ast-main-header-display":"","ast-hfb-above-header-display":"","ast-hfb-below-header-display":"","ast-hfb-mobile-header-display":"","site-post-title":"","ast-breadcrumbs-content":"","ast-featured-img":"","footer-sml-layout":"","theme-transparent-header-meta":"default","adv-header-id-meta":"","stick-header-meta":"","header-above-stick-meta":"","header-main-stick-meta":"","header-below-stick-meta":"","astra-migrate-meta-layouts":"set","ast-page-background-enabled":"default","ast-page-background-meta":{"desktop":{"background-color":"","background-image":"","background-repeat":"repeat","background-position":"center center","background-size":"auto","background-attachment":"scroll","background-type":"","background-media":"","overlay-type":"","overlay-color":"","overlay-opacity":"","overlay-gradient":""},"tablet":{"background-color":"","background-image":"","background-repeat":"repeat","background-position":"center center","background-size":"auto","background-attachment":"scroll","background-type":"","background-media":"","overlay-type":"","overlay-color":"","overlay-opacity":"","overlay-gradient":""},"mobile":{"background-color":"","background-image":"","background-repeat":"repeat","background-position":"center center","background-size":"auto","background-attachment":"scroll","background-type":"","background-media":"","overlay-type":"","overlay-color":"","overlay-opacity":"","overlay-gradient":""}},"ast-content-background-meta":{"desktop":{"background-color":"var(--ast-global-color-5)","background-image":"","background-repeat":"repeat","background-position":"center center","background-size":"auto","background-attachment":"scroll","background-type":"","background-media":"","overlay-type":"","overlay-color":"","overlay-opacity":"","overlay-gradient":""},"tablet":{"background-color":"var(--ast-global-color-5)","background-image":"","background-repeat":"repeat","background-position":"center center","background-size":"auto","background-attachment":"scroll","background-type":"","background-media":"","overlay-type":"","overlay-color":"","overlay-opacity":"","overlay-gradient":""},"mobile":{"background-color":"var(--ast-global-color-5)","background-image":"","background-repeat":"repeat","background-position":"center center","background-size":"auto","background-attachment":"scroll","background-type":"","background-media":"","overlay-type":"","overlay-color":"","overlay-opacity":"","overlay-gradient":""}}},"product_brand":[131],"product_cat":[97],"product_tag":[398,394,400,399,376,397,396,395],"class_list":{"0":"post-5047","1":"product","2":"type-product","3":"status-publish","4":"has-post-thumbnail","6":"product_brand-chenming","7":"product_cat-chain-conveyor","8":"product_tag-custom-stainless-steel-top-chain","9":"product_tag-flexible-chain-conveyor-system","10":"product_tag-manufacturing-plant-conveyor-system","11":"product_tag-new-condition-conveyor-system","12":"product_tag-plastic-table-top-chain-conveyor","13":"product_tag-slat-conveyor","14":"product_tag-top-chain-conveyor-for-food-and-fruit","15":"product_tag-transfer-conveyor","16":"desktop-align-center","17":"tablet-align-center","18":"mobile-align-left","19":"ast-product-gallery-layout-horizontal-slider","20":"ast-product-tabs-layout-horizontal","21":"ast-qv-on-image","23":"first","24":"instock","25":"sale","26":"shipping-taxable","27":"purchasable","28":"product-type-simple"},"acf":[],"uagb_featured_image_src":{"full":["https:\/\/www.ai-chenming.com\/wp-content\/uploads\/2025\/08\/761855f6-b1c1-439d-a7c6-2deb66554910.png",1600,1600,false],"thumbnail":["https:\/\/www.ai-chenming.com\/wp-content\/uploads\/2025\/08\/761855f6-b1c1-439d-a7c6-2deb66554910-150x150.png",150,150,true],"medium":["https:\/\/www.ai-chenming.com\/wp-content\/uploads\/2025\/08\/761855f6-b1c1-439d-a7c6-2deb66554910-300x300.png",300,300,true],"medium_large":["https:\/\/www.ai-chenming.com\/wp-content\/uploads\/2025\/08\/761855f6-b1c1-439d-a7c6-2deb66554910-768x768.png",768,768,true],"large":["https:\/\/www.ai-chenming.com\/wp-content\/uploads\/2025\/08\/761855f6-b1c1-439d-a7c6-2deb66554910-1024x1024.png",1024,1024,true],"1536x1536":["https:\/\/www.ai-chenming.com\/wp-content\/uploads\/2025\/08\/761855f6-b1c1-439d-a7c6-2deb66554910-1536x1536.png",1536,1536,true],"2048x2048":["https:\/\/www.ai-chenming.com\/wp-content\/uploads\/2025\/08\/761855f6-b1c1-439d-a7c6-2deb66554910.png",1600,1600,false],"trp-custom-language-flag":["https:\/\/www.ai-chenming.com\/wp-content\/uploads\/2025\/08\/761855f6-b1c1-439d-a7c6-2deb66554910-12x12.png",12,12,true],"woocommerce_thumbnail":["https:\/\/www.ai-chenming.com\/wp-content\/uploads\/2025\/08\/761855f6-b1c1-439d-a7c6-2deb66554910-450x450.png",450,450,true],"woocommerce_single":["https:\/\/www.ai-chenming.com\/wp-content\/uploads\/2025\/08\/761855f6-b1c1-439d-a7c6-2deb66554910-600x600.png",600,600,true],"woocommerce_gallery_thumbnail":["https:\/\/www.ai-chenming.com\/wp-content\/uploads\/2025\/08\/761855f6-b1c1-439d-a7c6-2deb66554910-100x100.png",100,100,true]},"uagb_author_info":{"display_name":"chenming","author_link":"https:\/\/www.ai-chenming.com\/fr\/author\/"},"uagb_comment_info":0,"uagb_excerpt":"Automatic conveyors Flat Table Top Chain Conveyors for Beverage Bottle Packing","_links":{"self":[{"href":"https:\/\/www.ai-chenming.com\/fr\/wp-json\/wp\/v2\/product\/5047","targetHints":{"allow":["GET"]}}],"collection":[{"href":"https:\/\/www.ai-chenming.com\/fr\/wp-json\/wp\/v2\/product"}],"about":[{"href":"https:\/\/www.ai-chenming.com\/fr\/wp-json\/wp\/v2\/types\/product"}],"wp:featuredmedia":[{"embeddable":true,"href":"https:\/\/www.ai-chenming.com\/fr\/wp-json\/wp\/v2\/media\/5055"}],"wp:attachment":[{"href":"https:\/\/www.ai-chenming.com\/fr\/wp-json\/wp\/v2\/media?parent=5047"}],"wp:term":[{"taxonomy":"product_brand","embeddable":true,"href":"https:\/\/www.ai-chenming.com\/fr\/wp-json\/wp\/v2\/product_brand?post=5047"},{"taxonomy":"product_cat","embeddable":true,"href":"https:\/\/www.ai-chenming.com\/fr\/wp-json\/wp\/v2\/product_cat?post=5047"},{"taxonomy":"product_tag","embeddable":true,"href":"https:\/\/www.ai-chenming.com\/fr\/wp-json\/wp\/v2\/product_tag?post=5047"}],"curies":[{"name":"wp","href":"https:\/\/api.w.org\/{rel}","templated":true}]}}