{"id":4958,"date":"2025-08-29T03:47:06","date_gmt":"2025-08-29T03:47:06","guid":{"rendered":"https:\/\/www.ai-chenming.com\/?post_type=product&#038;p=4958"},"modified":"2025-09-24T09:37:08","modified_gmt":"2025-09-24T09:37:08","slug":"z-type-lifting-conveyor-for-farm-product-line-lifter-manufacturer-inclined-conveyor-machine-conveying-with-hopper","status":"publish","type":"product","link":"https:\/\/www.ai-chenming.com\/fr\/produit\/z-type-lifting-conveyor-for-farm-product-line-lifter-manufacturer-inclined-conveyor-machine-conveying-with-hopper\/","title":{"rendered":"Convoyeur de levage de type Z pour la ligne de produits agricoles Convoyeur de levage fabricant de machines \u00e0 convoyer inclin\u00e9es avec tr\u00e9mie"},"content":{"rendered":"<div class=\"editor-component-row editor-component-row-relative\">\n<div class=\"editor-component-container\">\n<div class=\"previewer-item-wrap\">\n<div id=\"44747131696\" class=\"J_module\">\n<div id=\"ali-anchor-AliMagic-2cdn03\" data-reactroot=\"\" data-section=\"AliMagic-2cdn03\" data-section-title=\"Product Description\" data-spm-anchor-id=\"a2700.pc-decorate.0.i2.7b823333SOXQG0\">Description du produit<\/div>\n<\/div>\n<\/div>\n<div class=\"editor-component-container-mask\"><img alt=\"\" fetchpriority=\"high\" decoding=\"async\" class=\"wp-image-6980 aligncenter\" src=\"https:\/\/www.ai-chenming.com\/wp-content\/uploads\/2025\/09\/64-1-300x300.png\" width=\"360\" height=\"360\" srcset=\"https:\/\/www.ai-chenming.com\/wp-content\/uploads\/2025\/09\/64-1-300x300.png 300w, https:\/\/www.ai-chenming.com\/wp-content\/uploads\/2025\/09\/64-1-150x150.png 150w, https:\/\/www.ai-chenming.com\/wp-content\/uploads\/2025\/09\/64-1-12x12.png 12w, https:\/\/www.ai-chenming.com\/wp-content\/uploads\/2025\/09\/64-1-450x450.png 450w, https:\/\/www.ai-chenming.com\/wp-content\/uploads\/2025\/09\/64-1-600x600.png 600w, https:\/\/www.ai-chenming.com\/wp-content\/uploads\/2025\/09\/64-1-100x100.png 100w, https:\/\/www.ai-chenming.com\/wp-content\/uploads\/2025\/09\/64-1.png 640w\" sizes=\"(max-width: 360px) 100vw, 360px\" \/><\/div>\n<\/div>\n<div>\u00a0Le convoyeur de levage s'applique au levage ou \u00e0 l'abaissement d'articles plats au bas de grands articles tels que des cartons et des cadres en plastique entre deux \u00e9tages. Les articles transport\u00e9s entrent dans un type d'espace. Le retour n'occupe pas le temps de travail et l'efficacit\u00e9 du transport est \u00e9lev\u00e9e. Il peut \u00eatre utilis\u00e9 avec l'\u00e9quipement d'entr\u00e9e et de sortie pour rendre le processus de transport enti\u00e8rement automatique. Selon les exigences du site du client, il est possible de fabriquer deux formes diff\u00e9rentes d'\u00e9l\u00e9vateur, \u00e0 savoir l'\u00e9l\u00e9vateur de type Z et l'\u00e9l\u00e9vateur d'entr\u00e9e et de sortie de type C. La vitesse de transport du type 2 est de 20 pi\u00e8ces par minute, et celle du type C est de 10 pi\u00e8ces par minute. Afin d'augmenter la vitesse de transport, il est possible de doubler la vitesse de transport en cr\u00e9ant une double rang\u00e9e d'entr\u00e9e et de sortie.<\/div>\n<div><\/div>\n<div><img alt=\"\" decoding=\"async\" class=\"wp-image-6920 aligncenter\" src=\"https:\/\/www.ai-chenming.com\/wp-content\/uploads\/2025\/09\/12-2-300x212.png\" width=\"364\" height=\"257\" srcset=\"https:\/\/www.ai-chenming.com\/wp-content\/uploads\/2025\/09\/12-2-300x212.png 300w, https:\/\/www.ai-chenming.com\/wp-content\/uploads\/2025\/09\/12-2-1024x724.png 1024w, https:\/\/www.ai-chenming.com\/wp-content\/uploads\/2025\/09\/12-2-768x543.png 768w, https:\/\/www.ai-chenming.com\/wp-content\/uploads\/2025\/09\/12-2-1536x1086.png 1536w, https:\/\/www.ai-chenming.com\/wp-content\/uploads\/2025\/09\/12-2-2048x1448.png 2048w, https:\/\/www.ai-chenming.com\/wp-content\/uploads\/2025\/09\/12-2-18x12.png 18w, https:\/\/www.ai-chenming.com\/wp-content\/uploads\/2025\/09\/12-2-600x424.png 600w\" sizes=\"(max-width: 364px) 100vw, 364px\" \/><\/div>\n<div><\/div>\n<\/div>\n<div class=\"editor-component-row editor-component-row-relative\">\n<div class=\"editor-component-container\">\n<div class=\"previewer-item-wrap\">\n<div id=\"44747131702\" class=\"J_module\">\n<div class=\"icbu-pc-images\" data-reactroot=\"\">\n<div class=\"flex-layout-h\">\n<div class=\"flex-layout-v\">\n<div class=\"preview-image-edit\">\n<div class=\"preview-edit-image-item\" data-reactroot=\"\">\n<table>\n<tbody>\n<tr>\n<td>Nom du produit<\/td>\n<td>convoyeur de levage<\/td>\n<\/tr>\n<tr>\n<td>Mat\u00e9riau du produit<\/td>\n<td>Inox\/Acier<\/td>\n<\/tr>\n<tr>\n<td>Pitch<\/td>\n<td>Au fur et \u00e0 mesure que votre demande<\/td>\n<\/tr>\n<tr>\n<td>Certification<\/td>\n<td>ISO&amp;CE&amp;SGS<\/td>\n<\/tr>\n<tr>\n<td>Structure<\/td>\n<td>R\u00e9glable en hauteur et en vitesse<\/td>\n<\/tr>\n<tr>\n<td>Couleur<\/td>\n<td>En tant qu'exigence<\/td>\n<\/tr>\n<tr>\n<td>Moteur<\/td>\n<td>Moteur en option<\/td>\n<\/tr>\n<tr>\n<td>Avantages du produit<\/td>\n<td>fonctionnement sans heurts\/structure robuste\/entretien facile\/grande capacit\u00e9 de transport, etc.<\/td>\n<\/tr>\n<tr>\n<td>Application<\/td>\n<td>Exploitation mini\u00e8re, mat\u00e9riaux de construction, traitement des c\u00e9r\u00e9ales et autres industries<\/td>\n<\/tr>\n<\/tbody>\n<\/table>\n<\/div>\n<\/div>\n<\/div>\n<div class=\"text-wrapper\">\n<div class=\"text-wrapper-right text-theme-light text-align-left\">\n<div class=\"text-title\" data-id=\"right-title\">\n<div class=\"preview-edit-text-editor\" data-reactroot=\"\">\n<div id=\"preview-edit-4\" class=\"content-editor\" tabindex=\"1\" contenteditable=\"true\">\n<p>Fonctionnalit\u00e9 :<\/p>\n<\/div>\n<\/div>\n<\/div>\n<div class=\"text-content\" data-id=\"right-content\">\n<div class=\"preview-edit-text-editor\" data-reactroot=\"\">\n<div id=\"preview-edit-3\" class=\"content-editor\" tabindex=\"1\" contenteditable=\"true\">Il peut r\u00e9aliser un transport vertical ou inclin\u00e9 efficace et continu de mat\u00e9riaux pulv\u00e9rulents, granuleux ou en blocs, s'adapter aux longues distances, aux grands angles et aux terrains complexes, et est con\u00e7u pour \u00eatre \u00e9tanche \u00e0 la poussi\u00e8re et antid\u00e9rapant afin de r\u00e9pondre aux besoins de chargement et de d\u00e9chargement des mat\u00e9riaux en vrac.<\/div>\n<\/div>\n<\/div>\n<\/div>\n<\/div>\n<\/div>\n<\/div>\n<\/div>\n<\/div>\n<\/div>\n<\/div>\n<div class=\"editor-component-row editor-component-row-relative\">\n<div class=\"editor-component-container\">\n<div class=\"previewer-item-wrap\">\n<div id=\"44747131704\" class=\"J_module\">\n<div class=\"detail-decorate-json-renderer-container\" data-reactroot=\"\">\n<div>\n<div>\n<div>\n<div data-id=\"paragraph0\">\n<div class=\"preview-edit-text-editor\" data-reactroot=\"\">\n<div id=\"preview-edit-2\" class=\"content-editor\" tabindex=\"1\" contenteditable=\"true\"><b><span style=\"color: #2196ed;\">Diff\u00e9rents mod\u00e8les sont disponibles Vente directe \u00e0 l'usine soutien \u00e0 la personnalisation<\/span><\/b><\/div>\n<\/div>\n<\/div>\n<\/div>\n<\/div>\n<\/div>\n<\/div>\n<\/div>\n<\/div>\n<div class=\"editor-component-container-mask\"><\/div>\n<\/div>\n<\/div>\n<div class=\"editor-component-row editor-component-row-relative\">\n<div class=\"editor-component-container\">\n<div class=\"previewer-item-wrap\">\n<div id=\"44747131740\" class=\"J_module\">\n<div id=\"ali-anchor-AliMagic-l4157h\" data-reactroot=\"\" data-section=\"AliMagic-l4157h\" data-section-title=\"FAQ\">FAQ<\/div>\n<\/div>\n<\/div>\n<div class=\"editor-component-container-mask\"><\/div>\n<\/div>\n<\/div>\n<div class=\"editor-component-row editor-component-row-relative\">\n<div class=\"editor-component-container\">\n<div class=\"previewer-item-wrap\">\n<div id=\"44747131741\" class=\"J_module\">\n<div class=\"detail-decorate-json-renderer-container\" data-reactroot=\"\">\n<div>\n<div>\n<div>\n<div>\n<div class=\"preview-edit-text-editor\" data-reactroot=\"\">\n<div id=\"preview-edit-5\" class=\"content-editor\" tabindex=\"1\" contenteditable=\"true\">\n<p>Q1. \u00cates-vous un fabricant ou une soci\u00e9t\u00e9 commerciale ? R : Nous sommes un fabricant professionnel avec 15 ans d'exp\u00e9rience dans l'industrie.<\/p>\n<p>Q2.Comment pouvons-nous garantir la qualit\u00e9 ?<br \/>\nR : Un \u00e9chantillon est toujours pr\u00e9lev\u00e9 avant la production en s\u00e9rie et un contr\u00f4le final est effectu\u00e9 avant l'exp\u00e9dition.<\/p>\n<p>Q3. Fournissez-vous des \u00e9chantillons ?<br \/>\nR:Oui, nous pouvons offrir des \u00e9chantillons de pi\u00e8ces de convoyeur gratuitement, mais l'acheteur doit payer les frais d'exp\u00e9dition.<\/p>\n<p>Q4 : Quel est le mode de paiement ? R : T\/T, L\/C \u00e0 vue, Paypal, Western Union sont tous accept\u00e9s. Si vous avez d'autres moyens de paiement, veuillez les indiquer.<br \/>\nme contacter.<\/p>\n<p>Q5.Quel est le d\u00e9lai de livraison ?<br \/>\nR : En g\u00e9n\u00e9ral, le d\u00e9lai est de 5 \u00e0 10 jours si les marchandises sont en stock, ou de 15 \u00e0 20 jours si les marchandises ne sont pas en stock.<br \/>\nquantit\u00e9.<\/p>\n<p>Q6. Quel est le mode d'exp\u00e9dition ?<br \/>\nR : Par voie maritime ou a\u00e9rienne, Fedex, DHL, UPS, TNT, etc.<\/p>\n<p>Q7 : Votre produit b\u00e9n\u00e9ficie-t-il d'une p\u00e9riode de garantie ? R : Nos produits sont g\u00e9n\u00e9ralement garantis pendant un an. Nous disposons d'une solide force technique, d'une capacit\u00e9 de d\u00e9veloppement de produits et d'une \u00e9quipe professionnelle de service apr\u00e8s-vente.<\/p>\n<p>Q8 : Qu'en est-il du service apr\u00e8s-vente ? R : Il n'y a pas de probl\u00e8me. Le service client\u00e8le en ligne est \u00e0 votre disposition 24 heures sur 24 et nous pouvons envoyer notre ing\u00e9nieur pour installer ou r\u00e9parer la machine localement en temps voulu, mais le client doit payer les billets d'avion aller-retour et organiser le logement \u00e0 l'h\u00f4tel pour notre ing\u00e9nieur et le salaire journalier de l'ing\u00e9nieur est de 150 USD\/jour. Notre \u00e9quipe de service vous r\u00e9pondra dans les 12 heures par email, et en temps voulu par whatsapp ou wechat d\u00e8s que possible si vous avez des questions.<\/p>\n<div><span style=\"color: #2196ed;\">Si vous avez d'autres questions, n'h\u00e9sitez pas \u00e0 me contacter.<\/span><\/div>\n<\/div>\n<\/div>\n<\/div>\n<\/div>\n<\/div>\n<\/div>\n<\/div>\n<\/div>\n<\/div>\n<div class=\"editor-component-container-mask\"><\/div>\n<\/div>\n<\/div>\n<div class=\"editor-component-row editor-component-row-relative\">\n<div class=\"editor-component-container\">\n<div class=\"previewer-item-wrap\">\n<div id=\"44747131742\" class=\"J_module\">\n<div class=\"icbu-pc-images\" data-reactroot=\"\">\n<div>\n<div class=\"flex-layout-v\">\n<div class=\"flex-layout-h\">\n<div>\n<div class=\"preview-image-edit\">\n<div class=\"preview-edit-image-item\" data-reactroot=\"\"><\/div>\n<\/div>\n<p><img decoding=\"async\" src=\"https:\/\/sc04.alicdn.com\/kf\/H3ab1dc4092954126803df7a0a6b73681V\/284464100\/H3ab1dc4092954126803df7a0a6b73681V.png\" data-id=\"child-image-0\" \/><\/p>\n<\/div>\n<\/div>\n<\/div>\n<\/div>\n<\/div>\n<\/div>\n<\/div>\n<\/div>\n<\/div>","protected":false},"excerpt":{"rendered":"<p>Convoyeur d'alimentation pour l'usine de transformation agricole Convoyeur de levage de mat\u00e9riaux Convoyeur \u00e0 tr\u00e9mie inclin\u00e9e<\/p>","protected":false},"featured_media":4961,"template":"","meta":{"_acf_changed":false,"_seopress_robots_primary_cat":"none","_seopress_titles_title":"Z Type Lifting Conveyor for Farm Product Line Lifter Manufacturer Inclined Conveyor Machine Conveying with Hopper","_seopress_titles_desc":"Feed conveyor for farm processing plant material lifting conveyor Inclined hopper conveyor","_seopress_robots_index":"","_uag_custom_page_level_css":"","site-sidebar-layout":"default","site-content-layout":"","ast-site-content-layout":"default","site-content-style":"default","site-sidebar-style":"default","ast-global-header-display":"","ast-banner-title-visibility":"","ast-main-header-display":"","ast-hfb-above-header-display":"","ast-hfb-below-header-display":"","ast-hfb-mobile-header-display":"","site-post-title":"","ast-breadcrumbs-content":"","ast-featured-img":"","footer-sml-layout":"","theme-transparent-header-meta":"default","adv-header-id-meta":"","stick-header-meta":"","header-above-stick-meta":"","header-main-stick-meta":"","header-below-stick-meta":"","astra-migrate-meta-layouts":"set","ast-page-background-enabled":"default","ast-page-background-meta":{"desktop":{"background-color":"","background-image":"","background-repeat":"repeat","background-position":"center center","background-size":"auto","background-attachment":"scroll","background-type":"","background-media":"","overlay-type":"","overlay-color":"","overlay-opacity":"","overlay-gradient":""},"tablet":{"background-color":"","background-image":"","background-repeat":"repeat","background-position":"center center","background-size":"auto","background-attachment":"scroll","background-type":"","background-media":"","overlay-type":"","overlay-color":"","overlay-opacity":"","overlay-gradient":""},"mobile":{"background-color":"","background-image":"","background-repeat":"repeat","background-position":"center center","background-size":"auto","background-attachment":"scroll","background-type":"","background-media":"","overlay-type":"","overlay-color":"","overlay-opacity":"","overlay-gradient":""}},"ast-content-background-meta":{"desktop":{"background-color":"var(--ast-global-color-5)","background-image":"","background-repeat":"repeat","background-position":"center center","background-size":"auto","background-attachment":"scroll","background-type":"","background-media":"","overlay-type":"","overlay-color":"","overlay-opacity":"","overlay-gradient":""},"tablet":{"background-color":"var(--ast-global-color-5)","background-image":"","background-repeat":"repeat","background-position":"center center","background-size":"auto","background-attachment":"scroll","background-type":"","background-media":"","overlay-type":"","overlay-color":"","overlay-opacity":"","overlay-gradient":""},"mobile":{"background-color":"var(--ast-global-color-5)","background-image":"","background-repeat":"repeat","background-position":"center center","background-size":"auto","background-attachment":"scroll","background-type":"","background-media":"","overlay-type":"","overlay-color":"","overlay-opacity":"","overlay-gradient":""}}},"product_brand":[131],"product_cat":[96],"product_tag":[333,331,338,337,334,335,336,330,332,339],"class_list":{"0":"post-4958","1":"product","2":"type-product","3":"status-publish","4":"has-post-thumbnail","6":"product_brand-chenming","7":"product_cat-belt-conveyor","8":"product_tag-bag-loading-conveyors","9":"product_tag-conveying-bulk-conveyor","10":"product_tag-conveyor-polyurethane-skirt-board","11":"product_tag-farm-conveyor","12":"product_tag-feeding-lifting-machine","13":"product_tag-gravity-feed-conveyor","14":"product_tag-industrial-conveyors","15":"product_tag-loading-elevator-grain-belt-conveyors","16":"product_tag-vertical-lift-conveyor","17":"product_tag-z-type-lifting-conveyor-for-farm-product-line","18":"desktop-align-center","19":"tablet-align-center","20":"mobile-align-left","21":"ast-product-gallery-layout-horizontal-slider","22":"ast-product-tabs-layout-horizontal","23":"ast-qv-on-image","25":"first","26":"instock","27":"sale","28":"shipping-taxable","29":"purchasable","30":"product-type-simple"},"acf":[],"uagb_featured_image_src":{"full":["https:\/\/www.ai-chenming.com\/wp-content\/uploads\/2025\/08\/32550af5-4621-442f-9bce-097a48905803.png",604,604,false],"thumbnail":["https:\/\/www.ai-chenming.com\/wp-content\/uploads\/2025\/08\/32550af5-4621-442f-9bce-097a48905803-150x150.png",150,150,true],"medium":["https:\/\/www.ai-chenming.com\/wp-content\/uploads\/2025\/08\/32550af5-4621-442f-9bce-097a48905803-300x300.png",300,300,true],"medium_large":["https:\/\/www.ai-chenming.com\/wp-content\/uploads\/2025\/08\/32550af5-4621-442f-9bce-097a48905803.png",604,604,false],"large":["https:\/\/www.ai-chenming.com\/wp-content\/uploads\/2025\/08\/32550af5-4621-442f-9bce-097a48905803.png",604,604,false],"1536x1536":["https:\/\/www.ai-chenming.com\/wp-content\/uploads\/2025\/08\/32550af5-4621-442f-9bce-097a48905803.png",604,604,false],"2048x2048":["https:\/\/www.ai-chenming.com\/wp-content\/uploads\/2025\/08\/32550af5-4621-442f-9bce-097a48905803.png",604,604,false],"trp-custom-language-flag":["https:\/\/www.ai-chenming.com\/wp-content\/uploads\/2025\/08\/32550af5-4621-442f-9bce-097a48905803-12x12.png",12,12,true],"woocommerce_thumbnail":["https:\/\/www.ai-chenming.com\/wp-content\/uploads\/2025\/08\/32550af5-4621-442f-9bce-097a48905803-450x450.png",450,450,true],"woocommerce_single":["https:\/\/www.ai-chenming.com\/wp-content\/uploads\/2025\/08\/32550af5-4621-442f-9bce-097a48905803-600x600.png",600,600,true],"woocommerce_gallery_thumbnail":["https:\/\/www.ai-chenming.com\/wp-content\/uploads\/2025\/08\/32550af5-4621-442f-9bce-097a48905803-100x100.png",100,100,true]},"uagb_author_info":{"display_name":"chenming","author_link":"https:\/\/www.ai-chenming.com\/fr\/author\/"},"uagb_comment_info":0,"uagb_excerpt":"Feed conveyor for farm processing plant material lifting conveyor Inclined hopper conveyor","_links":{"self":[{"href":"https:\/\/www.ai-chenming.com\/fr\/wp-json\/wp\/v2\/product\/4958","targetHints":{"allow":["GET"]}}],"collection":[{"href":"https:\/\/www.ai-chenming.com\/fr\/wp-json\/wp\/v2\/product"}],"about":[{"href":"https:\/\/www.ai-chenming.com\/fr\/wp-json\/wp\/v2\/types\/product"}],"wp:featuredmedia":[{"embeddable":true,"href":"https:\/\/www.ai-chenming.com\/fr\/wp-json\/wp\/v2\/media\/4961"}],"wp:attachment":[{"href":"https:\/\/www.ai-chenming.com\/fr\/wp-json\/wp\/v2\/media?parent=4958"}],"wp:term":[{"taxonomy":"product_brand","embeddable":true,"href":"https:\/\/www.ai-chenming.com\/fr\/wp-json\/wp\/v2\/product_brand?post=4958"},{"taxonomy":"product_cat","embeddable":true,"href":"https:\/\/www.ai-chenming.com\/fr\/wp-json\/wp\/v2\/product_cat?post=4958"},{"taxonomy":"product_tag","embeddable":true,"href":"https:\/\/www.ai-chenming.com\/fr\/wp-json\/wp\/v2\/product_tag?post=4958"}],"curies":[{"name":"wp","href":"https:\/\/api.w.org\/{rel}","templated":true}]}}