{"id":4844,"date":"2025-08-29T01:39:03","date_gmt":"2025-08-29T01:39:03","guid":{"rendered":"https:\/\/www.ai-chenming.com\/?post_type=product&#038;p=4844"},"modified":"2025-09-26T07:28:44","modified_gmt":"2025-09-26T07:28:44","slug":"ball-module-belt-conveyor-universal-ball-conveyor-sorting-conveying-automation-machine-plastic-modular-conveyor-system","status":"publish","type":"product","link":"https:\/\/www.ai-chenming.com\/fr\/produit\/ball-module-belt-conveyor-universal-ball-conveyor-sorting-conveying-automation-machine-plastic-modular-conveyor-system\/","title":{"rendered":"Module \u00e0 billes Convoyeur \u00e0 bande Convoyeur universel \u00e0 billes Machine de triage et de convoyage automatis\u00e9e Syst\u00e8me de convoyeur modulaire en plastique"},"content":{"rendered":"<div class=\"editor-component-row editor-component-row-relative\">\n<div class=\"editor-component-container\">\n<div class=\"previewer-item-wrap\">\n<div id=\"44609722930\" class=\"J_module\">\n<div id=\"ali-anchor-AliMagic-5c469q\" data-reactroot=\"\" data-section=\"AliMagic-5c469q\" data-section-title=\"Product Description\" data-spm-anchor-id=\"a2700.pc-decorate.0.i2.6c0f3333e61wub\">Description du produit<\/div>\n<\/div>\n<\/div>\n<div class=\"editor-component-container-mask\"><img alt=\"\" fetchpriority=\"high\" decoding=\"async\" class=\"wp-image-7123 aligncenter\" src=\"https:\/\/www.ai-chenming.com\/wp-content\/uploads\/2025\/09\/111-300x300.png\" width=\"360\" height=\"360\" srcset=\"https:\/\/www.ai-chenming.com\/wp-content\/uploads\/2025\/09\/111-300x300.png 300w, https:\/\/www.ai-chenming.com\/wp-content\/uploads\/2025\/09\/111-1024x1024.png 1024w, https:\/\/www.ai-chenming.com\/wp-content\/uploads\/2025\/09\/111-150x150.png 150w, https:\/\/www.ai-chenming.com\/wp-content\/uploads\/2025\/09\/111-768x768.png 768w, https:\/\/www.ai-chenming.com\/wp-content\/uploads\/2025\/09\/111-12x12.png 12w, https:\/\/www.ai-chenming.com\/wp-content\/uploads\/2025\/09\/111-450x450.png 450w, https:\/\/www.ai-chenming.com\/wp-content\/uploads\/2025\/09\/111-600x600.png 600w, https:\/\/www.ai-chenming.com\/wp-content\/uploads\/2025\/09\/111-100x100.png 100w, https:\/\/www.ai-chenming.com\/wp-content\/uploads\/2025\/09\/111.png 1280w\" sizes=\"(max-width: 360px) 100vw, 360px\" \/><\/div>\n<div><\/div>\n<div>Le convoyeur \u00e0 plaques \u00e0 cha\u00eene utilise la cha\u00eene plate standard comme surface d'appui et le motor\u00e9ducteur comme transmission de puissance. Il se d\u00e9place sur un rail de guidage sp\u00e9cial. La surface de transport est plate et lisse, et la force de frottement est faible. Les mat\u00e9riaux passent en douceur d'une ligne de transport \u00e0 l'autre. En fonction des diff\u00e9rents processus, la ligne de plaques \u00e0 cha\u00eene est divis\u00e9e en ligne droite et ligne tournante, et les mat\u00e9riaux sont divis\u00e9s en acier thermoplastique et acier inoxydable. Elle convient au transport de bouteilles en plastique, de bouteilles en verre, de bo\u00eetes de conserve et d'autres mat\u00e9riaux d'emballage, mais peut \u00e9galement transporter des cartons, des sacs et des produits d'emballage. Nous pouvons en fabriquer une \u00e0 plusieurs rang\u00e9es, de mani\u00e8re \u00e0 ce que la surface de transport soit large et que la diff\u00e9rence de vitesse soit telle que la pluralit\u00e9 de rang\u00e9es devienne une seule rang\u00e9e sans extrusion, la rang\u00e9e unique peut \u00e9galement devenir une pluralit\u00e9 de rang\u00e9es et se d\u00e9placer lentement, de mani\u00e8re \u00e0 r\u00e9aliser le stockage des mat\u00e9riaux dans le processus de transport.<\/div>\n<div><\/div>\n<div><img alt=\"\" decoding=\"async\" class=\"wp-image-6831 aligncenter\" src=\"https:\/\/www.ai-chenming.com\/wp-content\/uploads\/2025\/09\/5-2-300x212.png\" width=\"365\" height=\"258\" srcset=\"https:\/\/www.ai-chenming.com\/wp-content\/uploads\/2025\/09\/5-2-300x212.png 300w, https:\/\/www.ai-chenming.com\/wp-content\/uploads\/2025\/09\/5-2-1024x724.png 1024w, https:\/\/www.ai-chenming.com\/wp-content\/uploads\/2025\/09\/5-2-768x543.png 768w, https:\/\/www.ai-chenming.com\/wp-content\/uploads\/2025\/09\/5-2-1536x1086.png 1536w, https:\/\/www.ai-chenming.com\/wp-content\/uploads\/2025\/09\/5-2-2048x1448.png 2048w, https:\/\/www.ai-chenming.com\/wp-content\/uploads\/2025\/09\/5-2-18x12.png 18w, https:\/\/www.ai-chenming.com\/wp-content\/uploads\/2025\/09\/5-2-600x424.png 600w\" sizes=\"(max-width: 365px) 100vw, 365px\" \/><\/div>\n<div><\/div>\n<\/div>\n<\/div>\n<div class=\"editor-component-row editor-component-row-relative\">\n<div class=\"editor-component-container\">\n<div class=\"previewer-item-wrap\">\n<div id=\"44609722933\" class=\"J_module\">\n<div class=\"icbu-pc-images\" data-reactroot=\"\">\n<div>\n<div class=\"flex-layout-h\">\n<div class=\"flex-layout-v\">\n<div>\n<div class=\"preview-image-edit\">\n<div class=\"preview-edit-image-item\" data-reactroot=\"\">\n<table>\n<tbody>\n<tr>\n<td>Nom du produit<\/td>\n<td>CONVOYEUR DE TRI<\/td>\n<\/tr>\n<tr>\n<td>Mat\u00e9riau du produit<\/td>\n<td>acier inoxydable<\/td>\n<\/tr>\n<tr>\n<td>Avantages du produit<\/td>\n<td>fonctionnement sans heurts\/structure robuste\/entretien facile\/grande capacit\u00e9 de transport, etc.<\/td>\n<\/tr>\n<\/tbody>\n<\/table>\n<\/div>\n<\/div>\n<p>&nbsp;<\/p>\n<\/div>\n<\/div>\n<div class=\"text-wrapper\">\n<div class=\"text-wrapper-right text-theme-light text-align-left\">\n<div class=\"text-title\" data-id=\"right-title\">\n<div class=\"preview-edit-text-editor\" data-reactroot=\"\">\n<div id=\"preview-edit-4\" class=\"content-editor\" tabindex=\"1\" contenteditable=\"true\"><\/div>\n<\/div>\n<\/div>\n<div class=\"text-content\" data-id=\"right-content\">\n<div class=\"preview-edit-text-editor\" data-reactroot=\"\">\n<div id=\"preview-edit-3\" class=\"content-editor\" tabindex=\"1\" contenteditable=\"true\">\n<p>Raccordement modulaire et flexible : il prend en charge les trajets complexes tels que les lignes droites, les virages et les escalades, et convient aux mises en page multi-sc\u00e9narios. <span style=\"color: #000000;\">Grande durabilit\u00e9 :<\/span><\/p>\n<div>P r\u00e9sistantes \u00e0 l'usure et aux chocs, et leur dur\u00e9e de vie est 3 \u00e0 5 fois plus longue que celle des courroies traditionnelles. Facilit\u00e9 d'entretien et faibles pertes : Les modules peuvent \u00eatre remplac\u00e9s s\u00e9par\u00e9ment en cas de dommages locaux, ce qui permet d'\u00e9conomiser 90% des co\u00fbts de maintenance.<\/div>\n<\/div>\n<\/div>\n<\/div>\n<\/div>\n<\/div>\n<\/div>\n<\/div>\n<\/div>\n<\/div>\n<\/div>\n<div class=\"editor-component-container-mask\"><\/div>\n<\/div>\n<\/div>\n<div class=\"editor-component-row editor-component-row-relative\">\n<div class=\"editor-component-container\">\n<div class=\"previewer-item-wrap\">\n<div id=\"44609722953\" class=\"J_module\">\n<div id=\"ali-anchor-AliMagic-e4kn4q\" data-reactroot=\"\" data-section=\"AliMagic-e4kn4q\" data-section-title=\"FAQ\">FAQ<\/div>\n<\/div>\n<\/div>\n<div class=\"editor-component-container-mask\"><\/div>\n<\/div>\n<\/div>\n<div class=\"editor-component-row editor-component-row-relative\">\n<div class=\"editor-component-container\">\n<div class=\"previewer-item-wrap\">\n<div id=\"44609722954\" class=\"J_module\">\n<div class=\"detail-decorate-json-renderer-container\" data-reactroot=\"\">\n<div>\n<div>\n<div>\n<div>\n<div class=\"preview-edit-text-editor\" data-reactroot=\"\">\n<div id=\"preview-edit-1\" class=\"content-editor\" tabindex=\"1\" contenteditable=\"true\">\n<p>Q1. \u00cates-vous un fabricant ou une soci\u00e9t\u00e9 commerciale ?<\/p>\n<div>\n<p>R : Nous sommes un fabricant professionnel avec 15 ans d'exp\u00e9rience dans l'industrie.<\/p>\n<p>Q2.Comment pouvons-nous garantir la qualit\u00e9 ?<br \/>\nR : Un \u00e9chantillon est toujours pr\u00e9lev\u00e9 avant la production en s\u00e9rie et un contr\u00f4le final est effectu\u00e9 avant l'exp\u00e9dition.<\/p>\n<p>Q3. Fournissez-vous des \u00e9chantillons ?<br \/>\nR:Oui, nous pouvons offrir des \u00e9chantillons de pi\u00e8ces de convoyeur gratuitement, mais l'acheteur doit payer les frais d'exp\u00e9dition.<\/p>\n<p>Q4 : Quel est le mode de paiement ? R : T\/T, L\/C \u00e0 vue, Paypal, Western Union sont tous accept\u00e9s. Si vous avez d'autres moyens de paiement, veuillez me contacter.<\/p>\n<p>Q5.Quel est le d\u00e9lai de livraison ?<br \/>\nR : En g\u00e9n\u00e9ral, le d\u00e9lai est de 5 \u00e0 10 jours si les marchandises sont en stock, ou de 15 \u00e0 20 jours si les marchandises ne sont pas en stock.<br \/>\nquantit\u00e9.<\/p>\n<p>Q6. Quel est le mode d'exp\u00e9dition ?<br \/>\nR : Par voie maritime ou a\u00e9rienne, Fedex, DHL, UPS, TNT, etc.<\/p>\n<p>Q7. Votre produit b\u00e9n\u00e9ficie-t-il d'une p\u00e9riode de garantie ?<\/p>\n<\/div>\n<div>\n<p>R : Nos produits sont g\u00e9n\u00e9ralement garantis un an. Nous disposons d'une solide force technique, d'une capacit\u00e9 de d\u00e9veloppement de produits et d'une \u00e9quipe professionnelle de service apr\u00e8s-vente.<\/p>\n<p>Q8 : Qu'en est-il de l'apr\u00e8s-service ?<\/p>\n<\/div>\n<div>\n<p>R : Il n'y a pas de probl\u00e8me Le service client\u00e8le en ligne est \u00e0 votre disposition 24 heures sur 24 et nous pouvons envoyer notre ing\u00e9nieur pour installer ou r\u00e9parer la machine localement en temps voulu, mais le client doit payer le co\u00fbt des billets d'avion aller-retour et organiser l'h\u00e9bergement \u00e0 l'h\u00f4tel pour notre ing\u00e9nieur et le salaire journalier de l'ing\u00e9nieur est de 150 USD\/jour.<\/p>\n<div><span style=\"color: #2196ed;\">Si vous avez d'autres questions, n'h\u00e9sitez pas \u00e0 me contacter.<\/span><\/div>\n<\/div>\n<\/div>\n<\/div>\n<\/div>\n<\/div>\n<\/div>\n<\/div>\n<\/div>\n<\/div>\n<\/div>\n<\/div>\n<\/div>\n<div class=\"editor-component-row editor-component-row-relative\">\n<div class=\"editor-component-container\">\n<div class=\"previewer-item-wrap\">\n<div id=\"44609722955\" class=\"J_module\">\n<div class=\"icbu-pc-images\" data-reactroot=\"\">\n<div>\n<div class=\"flex-layout-v\">\n<div class=\"flex-layout-h\">\n<div>\n<div class=\"preview-image-edit\">\n<div class=\"preview-edit-image-item\" data-reactroot=\"\">\n<div class=\"toolbar\">\n<div class=\"\">\n<div class=\"intl-pui-product-select\">\n<div><\/div>\n<\/div>\n<\/div>\n<\/div>\n<\/div>\n<\/div>\n<p>&nbsp;<\/p>\n<\/div>\n<\/div>\n<\/div>\n<\/div>\n<\/div>\n<\/div>\n<\/div>\n<\/div>\n<\/div>","protected":false},"excerpt":{"rendered":"<p>Convoyeur de tri logistique automatis\u00e9 Convoyeur de tri logistique automatis\u00e9 Module \u00e0 billes Convoyeur \u00e0 bande \u00e0 mailles pour le tri des produits<\/p>","protected":false},"featured_media":4850,"template":"","meta":{"_acf_changed":false,"_seopress_robots_primary_cat":"none","_seopress_titles_title":"Ball Module Belt Conveyor Universal Ball Conveyor Sorting Conveying Automation Machine Plastic Modular Conveyor System","_seopress_titles_desc":"Sorting conveyor automated logistics sorting conveyor ball module mesh belt conveyor for sorting products","_seopress_robots_index":"","_uag_custom_page_level_css":"","site-sidebar-layout":"default","site-content-layout":"","ast-site-content-layout":"default","site-content-style":"default","site-sidebar-style":"default","ast-global-header-display":"","ast-banner-title-visibility":"","ast-main-header-display":"","ast-hfb-above-header-display":"","ast-hfb-below-header-display":"","ast-hfb-mobile-header-display":"","site-post-title":"","ast-breadcrumbs-content":"","ast-featured-img":"","footer-sml-layout":"","theme-transparent-header-meta":"default","adv-header-id-meta":"","stick-header-meta":"","header-above-stick-meta":"","header-main-stick-meta":"","header-below-stick-meta":"","astra-migrate-meta-layouts":"set","ast-page-background-enabled":"default","ast-page-background-meta":{"desktop":{"background-color":"","background-image":"","background-repeat":"repeat","background-position":"center center","background-size":"auto","background-attachment":"scroll","background-type":"","background-media":"","overlay-type":"","overlay-color":"","overlay-opacity":"","overlay-gradient":""},"tablet":{"background-color":"","background-image":"","background-repeat":"repeat","background-position":"center center","background-size":"auto","background-attachment":"scroll","background-type":"","background-media":"","overlay-type":"","overlay-color":"","overlay-opacity":"","overlay-gradient":""},"mobile":{"background-color":"","background-image":"","background-repeat":"repeat","background-position":"center center","background-size":"auto","background-attachment":"scroll","background-type":"","background-media":"","overlay-type":"","overlay-color":"","overlay-opacity":"","overlay-gradient":""}},"ast-content-background-meta":{"desktop":{"background-color":"var(--ast-global-color-5)","background-image":"","background-repeat":"repeat","background-position":"center center","background-size":"auto","background-attachment":"scroll","background-type":"","background-media":"","overlay-type":"","overlay-color":"","overlay-opacity":"","overlay-gradient":""},"tablet":{"background-color":"var(--ast-global-color-5)","background-image":"","background-repeat":"repeat","background-position":"center center","background-size":"auto","background-attachment":"scroll","background-type":"","background-media":"","overlay-type":"","overlay-color":"","overlay-opacity":"","overlay-gradient":""},"mobile":{"background-color":"var(--ast-global-color-5)","background-image":"","background-repeat":"repeat","background-position":"center center","background-size":"auto","background-attachment":"scroll","background-type":"","background-media":"","overlay-type":"","overlay-color":"","overlay-opacity":"","overlay-gradient":""}}},"product_brand":[131],"product_cat":[97],"product_tag":[280,279,276,277,278],"class_list":{"0":"post-4844","1":"product","2":"type-product","3":"status-publish","4":"has-post-thumbnail","6":"product_brand-chenming","7":"product_cat-chain-conveyor","8":"product_tag-belt-conveyor-system","9":"product_tag-china-conveyor-systems","10":"product_tag-factory-price-small-conveyor-universal-ball-conveyor-sorting-conveying-automation-machine-plastic-modular-conveyor-system","11":"product_tag-pallet-conveyor-system","12":"product_tag-trolley-conveyor-system","13":"desktop-align-center","14":"tablet-align-center","15":"mobile-align-left","16":"ast-product-gallery-layout-horizontal-slider","17":"ast-product-tabs-layout-horizontal","18":"ast-qv-on-image","20":"first","21":"instock","22":"sale","23":"shipping-taxable","24":"purchasable","25":"product-type-simple"},"acf":[],"uagb_featured_image_src":{"full":["https:\/\/www.ai-chenming.com\/wp-content\/uploads\/2025\/08\/bf468af1-78b9-4109-a162-28eac46720cb.png",609,609,false],"thumbnail":["https:\/\/www.ai-chenming.com\/wp-content\/uploads\/2025\/08\/bf468af1-78b9-4109-a162-28eac46720cb-150x150.png",150,150,true],"medium":["https:\/\/www.ai-chenming.com\/wp-content\/uploads\/2025\/08\/bf468af1-78b9-4109-a162-28eac46720cb-300x300.png",300,300,true],"medium_large":["https:\/\/www.ai-chenming.com\/wp-content\/uploads\/2025\/08\/bf468af1-78b9-4109-a162-28eac46720cb.png",609,609,false],"large":["https:\/\/www.ai-chenming.com\/wp-content\/uploads\/2025\/08\/bf468af1-78b9-4109-a162-28eac46720cb.png",609,609,false],"1536x1536":["https:\/\/www.ai-chenming.com\/wp-content\/uploads\/2025\/08\/bf468af1-78b9-4109-a162-28eac46720cb.png",609,609,false],"2048x2048":["https:\/\/www.ai-chenming.com\/wp-content\/uploads\/2025\/08\/bf468af1-78b9-4109-a162-28eac46720cb.png",609,609,false],"trp-custom-language-flag":["https:\/\/www.ai-chenming.com\/wp-content\/uploads\/2025\/08\/bf468af1-78b9-4109-a162-28eac46720cb-12x12.png",12,12,true],"woocommerce_thumbnail":["https:\/\/www.ai-chenming.com\/wp-content\/uploads\/2025\/08\/bf468af1-78b9-4109-a162-28eac46720cb-450x450.png",450,450,true],"woocommerce_single":["https:\/\/www.ai-chenming.com\/wp-content\/uploads\/2025\/08\/bf468af1-78b9-4109-a162-28eac46720cb-600x600.png",600,600,true],"woocommerce_gallery_thumbnail":["https:\/\/www.ai-chenming.com\/wp-content\/uploads\/2025\/08\/bf468af1-78b9-4109-a162-28eac46720cb-100x100.png",100,100,true]},"uagb_author_info":{"display_name":"chenming","author_link":"https:\/\/www.ai-chenming.com\/fr\/author\/"},"uagb_comment_info":0,"uagb_excerpt":"Sorting conveyor automated logistics sorting conveyor ball module mesh belt conveyor for sorting products","_links":{"self":[{"href":"https:\/\/www.ai-chenming.com\/fr\/wp-json\/wp\/v2\/product\/4844","targetHints":{"allow":["GET"]}}],"collection":[{"href":"https:\/\/www.ai-chenming.com\/fr\/wp-json\/wp\/v2\/product"}],"about":[{"href":"https:\/\/www.ai-chenming.com\/fr\/wp-json\/wp\/v2\/types\/product"}],"wp:featuredmedia":[{"embeddable":true,"href":"https:\/\/www.ai-chenming.com\/fr\/wp-json\/wp\/v2\/media\/4850"}],"wp:attachment":[{"href":"https:\/\/www.ai-chenming.com\/fr\/wp-json\/wp\/v2\/media?parent=4844"}],"wp:term":[{"taxonomy":"product_brand","embeddable":true,"href":"https:\/\/www.ai-chenming.com\/fr\/wp-json\/wp\/v2\/product_brand?post=4844"},{"taxonomy":"product_cat","embeddable":true,"href":"https:\/\/www.ai-chenming.com\/fr\/wp-json\/wp\/v2\/product_cat?post=4844"},{"taxonomy":"product_tag","embeddable":true,"href":"https:\/\/www.ai-chenming.com\/fr\/wp-json\/wp\/v2\/product_tag?post=4844"}],"curies":[{"name":"wp","href":"https:\/\/api.w.org\/{rel}","templated":true}]}}