{"id":4807,"date":"2025-08-28T10:16:19","date_gmt":"2025-08-28T10:16:19","guid":{"rendered":"https:\/\/www.ai-chenming.com\/?post_type=product&#038;p=4807"},"modified":"2025-09-28T06:40:56","modified_gmt":"2025-09-28T06:40:56","slug":"telescopic-roller-conveyor-unpowered-roller-conveyor-system-a-warehouse-unloading-wonder-assembly-line-conveyor-belt","status":"publish","type":"product","link":"https:\/\/www.ai-chenming.com\/fr\/produit\/telescopic-roller-conveyor-unpowered-roller-conveyor-system-a-warehouse-unloading-wonder-assembly-line-conveyor-belt\/","title":{"rendered":"Convoyeur \u00e0 rouleaux t\u00e9lescopiques Convoyeur \u00e0 rouleaux non motoris\u00e9 Syst\u00e8me de convoyeur \u00e0 rouleaux d'un entrep\u00f4t D\u00e9chargement Merveilleux Ligne d'assemblage Convoyeur \u00e0 bande"},"content":{"rendered":"<div class=\"editor-component-row editor-component-row-relative\">\n<div class=\"editor-component-container\">\n<div class=\"previewer-item-wrap\">\n<div id=\"43800092415\" class=\"J_module\">\n<div id=\"ali-anchor-AliMagic-wowoc8\" data-reactroot=\"\" data-section=\"AliMagic-wowoc8\" data-section-title=\"Product Overview\" data-spm-anchor-id=\"a2700.pc-decorate.0.i2.39a43333zb0Jt7\">Aper\u00e7u du produit<\/div>\n<\/div>\n<\/div>\n<\/div>\n<\/div>\n<div class=\"editor-component-row editor-component-row-relative\">\n<div class=\"editor-component-container\">\n<div class=\"previewer-item-wrap\">\n<div id=\"43800092416\" class=\"J_module\">\n<div class=\"detail-decorate-json-renderer-container\" data-reactroot=\"\">\n<div>\n<div>\n<div>\n<div class=\"preview-image-edit\">\n<div data-reactroot=\"\"><img alt=\"\" fetchpriority=\"high\" decoding=\"async\" class=\"wp-image-6789 aligncenter\" src=\"https:\/\/www.ai-chenming.com\/wp-content\/uploads\/2025\/09\/6-300x300.png\" width=\"360\" height=\"360\" srcset=\"https:\/\/www.ai-chenming.com\/wp-content\/uploads\/2025\/09\/6-300x300.png 300w, https:\/\/www.ai-chenming.com\/wp-content\/uploads\/2025\/09\/6-150x150.png 150w, https:\/\/www.ai-chenming.com\/wp-content\/uploads\/2025\/09\/6-12x12.png 12w, https:\/\/www.ai-chenming.com\/wp-content\/uploads\/2025\/09\/6-450x450.png 450w, https:\/\/www.ai-chenming.com\/wp-content\/uploads\/2025\/09\/6-600x600.png 600w, https:\/\/www.ai-chenming.com\/wp-content\/uploads\/2025\/09\/6-100x100.png 100w, https:\/\/www.ai-chenming.com\/wp-content\/uploads\/2025\/09\/6.png 640w\" sizes=\"(max-width: 360px) 100vw, 360px\" \/><\/div>\n<div data-reactroot=\"\">Le convoyeur \u00e0 rouleaux convient au transport d'objets sur le plan inf\u00e9rieur. Il se compose principalement d'un convoyeur \u00e0 rouleaux d'entra\u00eenement, d'un cadre, d'un support, d'une partie motrice, etc. Il pr\u00e9sente les caract\u00e9ristiques suivantes : grande capacit\u00e9 de transport, grande vitesse, vitesse rapide, forte capacit\u00e9 de charge, etc. Le convoyeur \u00e0 rouleaux et les autres convoyeurs constituent un syst\u00e8me complexe de transport de mat\u00e9riaux. Il peut \u00eatre divis\u00e9 en rouleaux non motoris\u00e9s, rouleaux motoris\u00e9s et rouleaux \u00e9lectriques. Il peut \u00eatre divis\u00e9 en convoyage horizontal, en convoyage tournant et en convoyage inclin\u00e9 en fonction de la disposition.<\/div>\n<div data-reactroot=\"\"><\/div>\n<div data-reactroot=\"\"><img alt=\"\" decoding=\"async\" class=\"wp-image-6806 aligncenter\" src=\"https:\/\/www.ai-chenming.com\/wp-content\/uploads\/2025\/09\/4-2-300x212.png\" width=\"364\" height=\"257\" srcset=\"https:\/\/www.ai-chenming.com\/wp-content\/uploads\/2025\/09\/4-2-300x212.png 300w, https:\/\/www.ai-chenming.com\/wp-content\/uploads\/2025\/09\/4-2-1024x724.png 1024w, https:\/\/www.ai-chenming.com\/wp-content\/uploads\/2025\/09\/4-2-768x543.png 768w, https:\/\/www.ai-chenming.com\/wp-content\/uploads\/2025\/09\/4-2-1536x1086.png 1536w, https:\/\/www.ai-chenming.com\/wp-content\/uploads\/2025\/09\/4-2-2048x1448.png 2048w, https:\/\/www.ai-chenming.com\/wp-content\/uploads\/2025\/09\/4-2-18x12.png 18w, https:\/\/www.ai-chenming.com\/wp-content\/uploads\/2025\/09\/4-2-600x424.png 600w\" sizes=\"(max-width: 364px) 100vw, 364px\" \/><\/div>\n<div class=\"preview-edit-image-item\" data-reactroot=\"\"><span style=\"font-size: 16px;\">d\u00e9tails<\/span><\/div>\n<\/div>\n<\/div>\n<\/div>\n<div>\n<div data-id=\"paragraph0\">\n<div class=\"preview-edit-text-editor\" data-reactroot=\"\">\n<div id=\"preview-edit-2\" class=\"content-editor\" tabindex=\"1\" contenteditable=\"true\">\n<p><b><span style=\"color: #2196ed;\">1. transport \u00e0 haute efficacit\u00e9<\/span><\/b>: Con\u00e7us avec des rouleaux pour un transport rapide des marchandises, ils am\u00e9liorent l'efficacit\u00e9 du travail.<\/p>\n<div><b><span style=\"color: #2196ed;\">2. robuste et durable<\/span><\/b>: Fabriqu\u00e9 \u00e0 partir de mat\u00e9riaux de haute qualit\u00e9, avec une structure stable et une longue dur\u00e9e de vie.<\/div>\n<div><b><span style=\"color: #2196ed;\">3. mise en page flexible : <\/span><\/b>Librement combinable en fonction du site, s'adaptant \u00e0 diff\u00e9rents espaces.<\/div>\n<\/div>\n<\/div>\n<\/div>\n<\/div>\n<\/div>\n<div>\n<div>\n<div>\n<p>&nbsp;<\/p>\n<\/div>\n<\/div>\n<div>\n<div class=\"preview-edit-text-editor\" data-reactroot=\"\">\n<div id=\"preview-edit-3\" class=\"content-editor\" tabindex=\"1\" contenteditable=\"true\">Avantages<\/div>\n<\/div>\n<\/div>\n<div>\n<div data-id=\"paragraph1\">\n<div class=\"preview-edit-text-editor\" data-reactroot=\"\">\n<div id=\"preview-edit-4\" class=\"content-editor\" tabindex=\"1\" contenteditable=\"true\"><b><span style=\"color: #2196ed;\">4. fonctionnement \u00e0 faible bruit<\/span><\/b>: Fonctionne en douceur avec un minimum de bruit, sans perturber la vie quotidienne.<br \/>\nl'environnement de travail.<br \/>\n<b><span style=\"color: #2196ed;\">5. entretien facile<\/span><\/b>: Les composants sont faciles \u00e0 d\u00e9monter et \u00e0 remplacer, ce qui r\u00e9duit les co\u00fbts de maintenance.<br \/>\n<b><span style=\"color: #2196ed;\">6.Application large<\/span>: <\/b>Capable de r\u00e9pondre aux besoins de transport de mat\u00e9riaux de nombreuses industries.<\/p>\n<div><\/div>\n<\/div>\n<\/div>\n<\/div>\n<\/div>\n<\/div>\n<\/div>\n<\/div>\n<\/div>\n<div class=\"editor-component-container-mask\">\n<table>\n<tbody>\n<tr>\n<td>Nom du produit<\/td>\n<td>Table de travail pour convoyeur \u00e0 rouleaux par gravit\u00e9<\/td>\n<\/tr>\n<tr>\n<td>Industries concern\u00e9es<\/td>\n<td>Logistique Industrie manufacturi\u00e8re Agriculture<\/td>\n<\/tr>\n<tr>\n<td>\u00c9tat<\/td>\n<td>Nouveau<\/td>\n<\/tr>\n<tr>\n<td>Puissance<\/td>\n<td>220V<\/td>\n<\/tr>\n<tr>\n<td>Mat\u00e9riau<\/td>\n<td>Plastique POM PP PA<\/td>\n<\/tr>\n<tr>\n<td>Colo<\/td>\n<td>Offrir des services personnalis\u00e9s<\/td>\n<\/tr>\n<tr>\n<td>Charge de travail<\/td>\n<td>2500N\/m<\/td>\n<\/tr>\n<tr>\n<td>Certification<\/td>\n<td>ISO<\/td>\n<\/tr>\n<tr>\n<td>Vitesse du convoyeur<\/td>\n<td>0,1~5m\/s<\/td>\n<\/tr>\n<tr>\n<td>Taux d'ouverture<\/td>\n<td>0%<\/td>\n<\/tr>\n<tr>\n<td>Poids<\/td>\n<td>0.5\/\u33a1<\/td>\n<\/tr>\n<tr>\n<td>Paiements<\/td>\n<td>T\/T<\/td>\n<\/tr>\n<tr>\n<td>P\u00e9riode de garantie<\/td>\n<td>1 an<\/td>\n<\/tr>\n<\/tbody>\n<\/table>\n<\/div>\n<\/div>\n<\/div>\n<div class=\"editor-component-row editor-component-row-relative\">\n<div class=\"editor-component-container\">\n<div class=\"previewer-item-wrap\">\n<div id=\"43800092440\" class=\"J_module\">\n<div id=\"ali-anchor-AliMagic-rrzfkx\" data-reactroot=\"\" data-section=\"AliMagic-rrzfkx\" data-section-title=\"FAQ\">FAQ<\/div>\n<\/div>\n<\/div>\n<div class=\"editor-component-container-mask\"><span data-spm-anchor-id=\"a2700.pc-decorate.0.i3.39a43333zb0Jt7\">1. qui sommes-nous ? <\/span><\/div>\n<div class=\"editor-component-container-mask\"><span data-spm-anchor-id=\"a2700.pc-decorate.0.i3.39a43333zb0Jt7\">Nous sommes bas\u00e9s dans la province de Shandong, en Chine, depuis 2018. Nous vendons \u00e0 diverses r\u00e9gions du monde, telles que l'Europe, l'Am\u00e9rique du Nord et l'Asie du Sud-Est. Il y a environ 50 personnes dans notre entreprise, y compris des \u00e9quipes professionnelles de R &amp; D, de production, de vente et de service apr\u00e8s-vente. <\/span><\/div>\n<div><\/div>\n<div class=\"editor-component-container-mask\"><span data-spm-anchor-id=\"a2700.pc-decorate.0.i3.39a43333zb0Jt7\">2. Comment pouvons-nous garantir la qualit\u00e9 ? <\/span><\/div>\n<div class=\"editor-component-container-mask\">\n<p><span data-spm-anchor-id=\"a2700.pc-decorate.0.i3.39a43333zb0Jt7\">Toujours un \u00e9chantillon de pr\u00e9production avant la production de masse ; cet \u00e9chantillon est strictement test\u00e9 conform\u00e9ment aux normes internationales et industrielles afin de garantir que tous les d\u00e9tails r\u00e9pondent aux exigences. Toujours une inspection finale avant l'exp\u00e9dition ; notre \u00e9quipe de contr\u00f4le de la qualit\u00e9 proc\u00e8de \u00e0 une inspection compl\u00e8te de chaque lot de produits, en v\u00e9rifiant qu'il n'y a pas de d\u00e9fauts d'apparence, de taille et de fonctionnalit\u00e9.<\/span><\/p>\n<div>\n<div>3. Pourquoi devriez-vous acheter chez nous plut\u00f4t que chez d'autres fournisseurs ?<\/div>\n<div>Des prix comp\u00e9titifs : Gr\u00e2ce \u00e0 une gestion efficace de la production et \u00e0 un approvisionnement \u00e0 grande \u00e9chelle en mati\u00e8res premi\u00e8res, nous pouvons proposer des produits \u00e0 des prix plus avantageux que ceux de nombreux concurrents. Produits de haute qualit\u00e9 : Gr\u00e2ce \u00e0 des processus stricts de contr\u00f4le de la qualit\u00e9, de la production \u00e0 l'exp\u00e9dition, nos produits sont tr\u00e8s fiables et offrent des performances \u00e0 long terme. Excellent service apr\u00e8s-vente : Notre \u00e9quipe professionnelle de service apr\u00e8s-vente est pr\u00eate \u00e0 r\u00e9soudre tous les probl\u00e8mes que vous rencontrez, \u00e0 fournir une assistance technique en temps voulu et \u00e0 assurer la maintenance des produits.<\/div>\n<div><\/div>\n<div>4. quels services pouvons-nous fournir ?<\/div>\n<div>Conditions de livraison accept\u00e9es : FOB (Qingdao), CIF, EXW, etc.<\/div>\n<div>Devise de paiement accept\u00e9e : USD, EUR, CNY etc.<\/div>\n<div>Types de paiement accept\u00e9s : T\/T (transfert t\u00e9l\u00e9graphique), L\/C (lettre de cr\u00e9dit), PayPal, etc.<\/div>\n<\/div>\n<\/div>\n<\/div>\n<\/div>\n<div class=\"editor-component-row editor-component-row-relative\">\n<div class=\"editor-component-container\">\n<div class=\"previewer-item-wrap\">\n<div id=\"43800092441\" class=\"J_module\">\n<div class=\"detail-decorate-json-renderer-container\" data-reactroot=\"\">\n<div>\n<div>\n<div>\n<div>\n<div class=\"preview-edit-text-editor\" data-reactroot=\"\"><\/div>\n<\/div>\n<\/div>\n<\/div>\n<\/div>\n<\/div>\n<\/div>\n<\/div>\n<\/div>\n<\/div>","protected":false},"excerpt":{"rendered":"<p>Convoyeur \u00e0 rouleaux t\u00e9lescopiques : r\u00e9glage facile et forte capacit\u00e9 de charge<\/p>","protected":false},"featured_media":4814,"template":"","meta":{"_acf_changed":false,"_seopress_robots_primary_cat":"none","_seopress_titles_title":"Telescopic Roller Conveyor Unpowered Roller Conveyor System a Warehouse Unloading Wonder Assembly Line Conveyor Belt","_seopress_titles_desc":"Telescopic roller conveyor: easy adjustment and strong load-bearing capacity","_seopress_robots_index":"","_uag_custom_page_level_css":"","site-sidebar-layout":"default","site-content-layout":"","ast-site-content-layout":"default","site-content-style":"default","site-sidebar-style":"default","ast-global-header-display":"","ast-banner-title-visibility":"","ast-main-header-display":"","ast-hfb-above-header-display":"","ast-hfb-below-header-display":"","ast-hfb-mobile-header-display":"","site-post-title":"","ast-breadcrumbs-content":"","ast-featured-img":"","footer-sml-layout":"","theme-transparent-header-meta":"default","adv-header-id-meta":"","stick-header-meta":"","header-above-stick-meta":"","header-main-stick-meta":"","header-below-stick-meta":"","astra-migrate-meta-layouts":"set","ast-page-background-enabled":"default","ast-page-background-meta":{"desktop":{"background-color":"","background-image":"","background-repeat":"repeat","background-position":"center center","background-size":"auto","background-attachment":"scroll","background-type":"","background-media":"","overlay-type":"","overlay-color":"","overlay-opacity":"","overlay-gradient":""},"tablet":{"background-color":"","background-image":"","background-repeat":"repeat","background-position":"center center","background-size":"auto","background-attachment":"scroll","background-type":"","background-media":"","overlay-type":"","overlay-color":"","overlay-opacity":"","overlay-gradient":""},"mobile":{"background-color":"","background-image":"","background-repeat":"repeat","background-position":"center center","background-size":"auto","background-attachment":"scroll","background-type":"","background-media":"","overlay-type":"","overlay-color":"","overlay-opacity":"","overlay-gradient":""}},"ast-content-background-meta":{"desktop":{"background-color":"var(--ast-global-color-5)","background-image":"","background-repeat":"repeat","background-position":"center center","background-size":"auto","background-attachment":"scroll","background-type":"","background-media":"","overlay-type":"","overlay-color":"","overlay-opacity":"","overlay-gradient":""},"tablet":{"background-color":"var(--ast-global-color-5)","background-image":"","background-repeat":"repeat","background-position":"center center","background-size":"auto","background-attachment":"scroll","background-type":"","background-media":"","overlay-type":"","overlay-color":"","overlay-opacity":"","overlay-gradient":""},"mobile":{"background-color":"var(--ast-global-color-5)","background-image":"","background-repeat":"repeat","background-position":"center center","background-size":"auto","background-attachment":"scroll","background-type":"","background-media":"","overlay-type":"","overlay-color":"","overlay-opacity":"","overlay-gradient":""}}},"product_brand":[131],"product_cat":[98],"product_tag":[256,255,258,257],"class_list":{"0":"post-4807","1":"product","2":"type-product","3":"status-publish","4":"has-post-thumbnail","6":"product_brand-chenming","7":"product_cat-roller-conveyor","8":"product_tag-flexible-conveyor-gravity-conveyor-unloading-box-skate-wheels-conveyor","9":"product_tag-galvanized-conveyor-roller-carbon-steel-metal-gravity-roller","10":"product_tag-packing-system-customized-packing-system-sealing-machine-carton-sealer-box-sealing-machine-factory-price-carton-sealer-carton-sealer","11":"product_tag-robot-palletizer-palletizing-robot-industries-robot-conveyor-robot-palletizer-palletizing-robot-industries-robot","12":"desktop-align-center","13":"tablet-align-center","14":"mobile-align-left","15":"ast-product-gallery-layout-horizontal-slider","16":"ast-product-tabs-layout-horizontal","17":"ast-qv-on-image","19":"first","20":"instock","21":"sale","22":"shipping-taxable","23":"purchasable","24":"product-type-simple"},"acf":[],"uagb_featured_image_src":{"full":["https:\/\/www.ai-chenming.com\/wp-content\/uploads\/2025\/08\/3f32bd6e-44f9-4a36-9ffb-4b84cdc69e80.png",670,628,false],"thumbnail":["https:\/\/www.ai-chenming.com\/wp-content\/uploads\/2025\/08\/3f32bd6e-44f9-4a36-9ffb-4b84cdc69e80-150x150.png",150,150,true],"medium":["https:\/\/www.ai-chenming.com\/wp-content\/uploads\/2025\/08\/3f32bd6e-44f9-4a36-9ffb-4b84cdc69e80-300x281.png",300,281,true],"medium_large":["https:\/\/www.ai-chenming.com\/wp-content\/uploads\/2025\/08\/3f32bd6e-44f9-4a36-9ffb-4b84cdc69e80.png",670,628,false],"large":["https:\/\/www.ai-chenming.com\/wp-content\/uploads\/2025\/08\/3f32bd6e-44f9-4a36-9ffb-4b84cdc69e80.png",670,628,false],"1536x1536":["https:\/\/www.ai-chenming.com\/wp-content\/uploads\/2025\/08\/3f32bd6e-44f9-4a36-9ffb-4b84cdc69e80.png",670,628,false],"2048x2048":["https:\/\/www.ai-chenming.com\/wp-content\/uploads\/2025\/08\/3f32bd6e-44f9-4a36-9ffb-4b84cdc69e80.png",670,628,false],"trp-custom-language-flag":["https:\/\/www.ai-chenming.com\/wp-content\/uploads\/2025\/08\/3f32bd6e-44f9-4a36-9ffb-4b84cdc69e80-13x12.png",13,12,true],"woocommerce_thumbnail":["https:\/\/www.ai-chenming.com\/wp-content\/uploads\/2025\/08\/3f32bd6e-44f9-4a36-9ffb-4b84cdc69e80-450x450.png",450,450,true],"woocommerce_single":["https:\/\/www.ai-chenming.com\/wp-content\/uploads\/2025\/08\/3f32bd6e-44f9-4a36-9ffb-4b84cdc69e80-600x562.png",600,562,true],"woocommerce_gallery_thumbnail":["https:\/\/www.ai-chenming.com\/wp-content\/uploads\/2025\/08\/3f32bd6e-44f9-4a36-9ffb-4b84cdc69e80-100x100.png",100,100,true]},"uagb_author_info":{"display_name":"chenming","author_link":"https:\/\/www.ai-chenming.com\/fr\/author\/"},"uagb_comment_info":0,"uagb_excerpt":"Telescopic roller conveyor: easy adjustment and strong load-bearing capacity","_links":{"self":[{"href":"https:\/\/www.ai-chenming.com\/fr\/wp-json\/wp\/v2\/product\/4807","targetHints":{"allow":["GET"]}}],"collection":[{"href":"https:\/\/www.ai-chenming.com\/fr\/wp-json\/wp\/v2\/product"}],"about":[{"href":"https:\/\/www.ai-chenming.com\/fr\/wp-json\/wp\/v2\/types\/product"}],"wp:featuredmedia":[{"embeddable":true,"href":"https:\/\/www.ai-chenming.com\/fr\/wp-json\/wp\/v2\/media\/4814"}],"wp:attachment":[{"href":"https:\/\/www.ai-chenming.com\/fr\/wp-json\/wp\/v2\/media?parent=4807"}],"wp:term":[{"taxonomy":"product_brand","embeddable":true,"href":"https:\/\/www.ai-chenming.com\/fr\/wp-json\/wp\/v2\/product_brand?post=4807"},{"taxonomy":"product_cat","embeddable":true,"href":"https:\/\/www.ai-chenming.com\/fr\/wp-json\/wp\/v2\/product_cat?post=4807"},{"taxonomy":"product_tag","embeddable":true,"href":"https:\/\/www.ai-chenming.com\/fr\/wp-json\/wp\/v2\/product_tag?post=4807"}],"curies":[{"name":"wp","href":"https:\/\/api.w.org\/{rel}","templated":true}]}}