{"id":4770,"date":"2025-08-28T09:22:23","date_gmt":"2025-08-28T09:22:23","guid":{"rendered":"https:\/\/www.ai-chenming.com\/?post_type=product&#038;p=4770"},"modified":"2025-09-28T07:17:22","modified_gmt":"2025-09-28T07:17:22","slug":"high-speed-automatic-carton-assembling-machine-box-adjustable-opening-machinepaper-carton-box-erecting-forming-machine-industry","status":"publish","type":"product","link":"https:\/\/www.ai-chenming.com\/fr\/produit\/high-speed-automatic-carton-assembling-machine-box-adjustable-opening-machinepaper-carton-box-erecting-forming-machine-industry\/","title":{"rendered":"Machine d'assemblage de bo\u00eetes en carton automatique \u00e0 grande vitesse Machine d'ouverture ajustable de bo\u00eetes en carton Industrie"},"content":{"rendered":"<div class=\"editor-component-row editor-component-row-relative\">\n<div class=\"editor-component-container\">\n<div class=\"previewer-item-wrap\">\n<div id=\"44313797072\" class=\"J_module\">\n<div id=\"ali-anchor-AliMagic-dv0nk7\" data-reactroot=\"\" data-section=\"AliMagic-dv0nk7\" data-section-title=\"Product Overview\" data-spm-anchor-id=\"a2700.pc-decorate.0.i2.3df83333a9s443\">Aper\u00e7u du produit<img alt=\"\" fetchpriority=\"high\" decoding=\"async\" class=\"wp-image-7256 aligncenter\" src=\"https:\/\/www.ai-chenming.com\/wp-content\/uploads\/2025\/08\/128-300x300.png\" width=\"360\" height=\"360\" srcset=\"https:\/\/www.ai-chenming.com\/wp-content\/uploads\/2025\/08\/128-300x300.png 300w, https:\/\/www.ai-chenming.com\/wp-content\/uploads\/2025\/08\/128-1024x1024.png 1024w, https:\/\/www.ai-chenming.com\/wp-content\/uploads\/2025\/08\/128-150x150.png 150w, https:\/\/www.ai-chenming.com\/wp-content\/uploads\/2025\/08\/128-768x768.png 768w, https:\/\/www.ai-chenming.com\/wp-content\/uploads\/2025\/08\/128-12x12.png 12w, https:\/\/www.ai-chenming.com\/wp-content\/uploads\/2025\/08\/128-450x450.png 450w, https:\/\/www.ai-chenming.com\/wp-content\/uploads\/2025\/08\/128-600x600.png 600w, https:\/\/www.ai-chenming.com\/wp-content\/uploads\/2025\/08\/128-100x100.png 100w, https:\/\/www.ai-chenming.com\/wp-content\/uploads\/2025\/08\/128.png 1280w\" sizes=\"(max-width: 360px) 100vw, 360px\" \/><\/div>\n<div data-reactroot=\"\" data-section=\"AliMagic-dv0nk7\" data-section-title=\"Product Overview\" data-spm-anchor-id=\"a2700.pc-decorate.0.i2.3df83333a9s443\">La machine \u00e0 d\u00e9baller les cartons est un \u00e9quipement cl\u00e9 dans le domaine de l'emballage automatis\u00e9. Elle peut r\u00e9aliser automatiquement des processus tels que le pr\u00e9l\u00e8vement des cartons, le d\u00e9ballage, la formation et le scellement du fond, \u00e9liminant ainsi la n\u00e9cessit\u00e9 de plier et d'assembler manuellement, ce qui am\u00e9liore consid\u00e9rablement l'efficacit\u00e9 du d\u00e9ballage. Il est compatible avec des cartons de sp\u00e9cifications diff\u00e9rentes et r\u00e9pond avec souplesse aux besoins d'emballage d'industries telles que l'alimentation, le commerce \u00e9lectronique, les produits pharmaceutiques et l'\u00e9lectronique. Cet \u00e9quipement r\u00e9duit les co\u00fbts de main-d'\u0153uvre et les erreurs op\u00e9rationnelles, aidant les entreprises \u00e0 normaliser leurs processus d'emballage et \u00e0 les rendre plus efficaces.<\/div>\n<\/div>\n<\/div>\n<\/div>\n<\/div>\n<div class=\"editor-component-row editor-component-row-relative\">\n<div class=\"editor-component-container\">\n<div class=\"previewer-item-wrap\">\n<div id=\"44313797074\" class=\"J_module\">\n<div class=\"detail-decorate-json-renderer-container\" data-reactroot=\"\">\n<div>\n<div>\n<div>\n<p>&nbsp;<\/p>\n<\/div>\n<\/div>\n<div>\n<div class=\"preview-edit-text-editor\" data-reactroot=\"\">\n<div id=\"preview-edit-1\" class=\"content-editor\" tabindex=\"1\" contenteditable=\"true\">d\u00e9tails<\/div>\n<\/div>\n<\/div>\n<div>\n<div data-id=\"paragraph0\">\n<div class=\"preview-edit-text-editor\" data-reactroot=\"\">\n<div id=\"preview-edit-2\" class=\"content-editor\" tabindex=\"1\" contenteditable=\"true\">\n<p><b><\/b> <b><span style=\"color: #2196ed;\">1. haute efficacit\u00e9\uff1a<\/span><\/b>Jusqu'\u00e0 une ouverture de cartons par minute, ce qui permet d'acc\u00e9l\u00e9rer la production pour les commandes en grande quantit\u00e9.<\/p>\n<p><span style=\"color: #2196ed;\"> <b>2. fonctionnement facile\uff1a<\/b><\/span>Syst\u00e8me de contr\u00f4le PLC intuitif, permettant une mise en service rapide avec une formation minimale.<br \/>\n<span style=\"color: #2196ed;\"><br \/>\n<b>3. des performances fiables\uff1a<\/b><\/span>Construit avec des composants de premi\u00e8re qualit\u00e9 pour un fonctionnement stable et un faible taux de d\u00e9faillance.<\/p>\n<div>\n<div><span style=\"font-size: 16px;\">Avantages<\/span><\/div>\n<\/div>\n<\/div>\n<\/div>\n<\/div>\n<\/div>\n<\/div>\n<div>\n<div>\n<div data-id=\"paragraph1\">\n<div class=\"preview-edit-text-editor\" data-reactroot=\"\">\n<div id=\"preview-edit-4\" class=\"content-editor\" tabindex=\"1\" contenteditable=\"true\">\n<p><b><span style=\"color: #2196ed;\">4.Adaptabilit\u00e9 polyvalente\uff1a<\/span><\/b>Adaptable \u00e0 diff\u00e9rentes tailles de carton, id\u00e9al pour divers besoins d'emballage.<\/p>\n<p><b><span style=\"color: #2196ed;\">5. conception peu encombrante\uff1a<\/span><\/b>La structure compacte s'int\u00e8gre parfaitement dans les lignes de production existantes.<br \/>\n<span style=\"color: #2196ed;\"><br \/>\n<b>6. Syst\u00e8me d'alerte automatique<\/b><\/span>Avertissements imm\u00e9diats en cas de p\u00e9nurie ou de dysfonctionnement, ce qui r\u00e9duit les temps d'arr\u00eat.<\/p>\n<\/div>\n<\/div>\n<\/div>\n<\/div>\n<\/div>\n<\/div>\n<\/div>\n<\/div>\n<\/div>\n<\/div>\n<div class=\"editor-component-row editor-component-row-relative\">\n<div class=\"editor-component-container\">\n<div class=\"previewer-item-wrap\">\n<div id=\"44313797113\" class=\"J_module\">\n<div class=\"icbu-pc-images\" data-reactroot=\"\">\n<div>\n<div class=\"flex-layout-v\">\n<div class=\"flex-layout-h\">\n<div><\/div>\n<\/div>\n<\/div>\n<\/div>\n<\/div>\n<\/div>\n<\/div>\n<\/div>\n<\/div>\n<div class=\"editor-component-row editor-component-row-relative\">\n<div class=\"editor-component-container\">\n<div class=\"previewer-item-wrap\">\n<div id=\"44313797115\" class=\"J_module\">\n<div id=\"ali-anchor-AliMagic-y8jrch\" data-reactroot=\"\" data-section=\"AliMagic-y8jrch\" data-section-title=\"FAQ\">FAQ<\/div>\n<\/div>\n<\/div>\n<div class=\"editor-component-container-mask\"><\/div>\n<\/div>\n<\/div>\n<div class=\"editor-component-row editor-component-row-relative\">\n<div class=\"editor-component-container\">\n<div class=\"previewer-item-wrap\">\n<div id=\"44313797117\" class=\"J_module\">\n<div class=\"detail-decorate-json-renderer-container\" data-reactroot=\"\">\n<div>\n<div>\n<div>\n<div>\n<div class=\"preview-edit-text-editor\" data-reactroot=\"\"><span data-spm-anchor-id=\"a2700.pc-decorate.0.i3.3df83333a9s443\">1. qui sommes-nous ?<\/span><\/div>\n<div class=\"preview-edit-text-editor\" data-reactroot=\"\"><span data-spm-anchor-id=\"a2700.pc-decorate.0.i3.3df83333a9s443\"> Nous sommes bas\u00e9s dans la province de Shandong, en Chine, depuis 2018. Nous vendons \u00e0 diverses r\u00e9gions du monde, telles que l'Europe, l'Am\u00e9rique du Nord et l'Asie du Sud-Est. Il y a environ 50 personnes dans notre entreprise, y compris des \u00e9quipes professionnelles de R &amp; D, de production, de vente et de service apr\u00e8s-vente. <\/span><\/div>\n<div data-reactroot=\"\"><\/div>\n<div class=\"preview-edit-text-editor\" data-reactroot=\"\"><span data-spm-anchor-id=\"a2700.pc-decorate.0.i3.3df83333a9s443\">2. Comment pouvons-nous garantir la qualit\u00e9 ?<\/span><\/div>\n<div class=\"preview-edit-text-editor\" data-reactroot=\"\">\n<p><span data-spm-anchor-id=\"a2700.pc-decorate.0.i3.3df83333a9s443\"> Toujours un \u00e9chantillon de pr\u00e9production avant la production de masse ; cet \u00e9chantillon est strictement test\u00e9 conform\u00e9ment aux normes internationales et industrielles afin de garantir que tous les d\u00e9tails r\u00e9pondent aux exigences. Toujours une inspection finale avant l'exp\u00e9dition ; notre \u00e9quipe de contr\u00f4le de la qualit\u00e9 proc\u00e8de \u00e0 une inspection compl\u00e8te de chaque lot de produits, en v\u00e9rifiant qu'il n'y a pas de d\u00e9fauts d'apparence, de taille et de fonctionnalit\u00e9.<\/span><\/p>\n<div>\n<div>3. Pourquoi devriez-vous acheter chez nous plut\u00f4t que chez d'autres fournisseurs ?<\/div>\n<div>Des prix comp\u00e9titifs : Gr\u00e2ce \u00e0 une gestion efficace de la production et \u00e0 un approvisionnement \u00e0 grande \u00e9chelle en mati\u00e8res premi\u00e8res, nous pouvons proposer des produits \u00e0 des prix plus avantageux que ceux de nombreux concurrents. Produits de haute qualit\u00e9 : Gr\u00e2ce \u00e0 des processus stricts de contr\u00f4le de la qualit\u00e9, de la production \u00e0 l'exp\u00e9dition, nos produits sont tr\u00e8s fiables et offrent des performances \u00e0 long terme. Excellent service apr\u00e8s-vente : Notre \u00e9quipe professionnelle de service apr\u00e8s-vente est pr\u00eate \u00e0 r\u00e9soudre tous les probl\u00e8mes que vous rencontrez, \u00e0 fournir une assistance technique en temps voulu et \u00e0 assurer la maintenance des produits.<\/div>\n<div><\/div>\n<div>4. quels services pouvons-nous fournir ?<\/div>\n<div>Conditions de livraison accept\u00e9es : FOB (Qingdao), CIF, EXW, etc. Devise de paiement accept\u00e9e : USD, EUR, CNY, etc. Type de paiement accept\u00e9 : T\/T (transfert t\u00e9l\u00e9graphique), L\/C (lettre de cr\u00e9dit), PayPal, etc.<\/div>\n<\/div>\n<\/div>\n<\/div>\n<\/div>\n<\/div>\n<\/div>\n<\/div>\n<\/div>\n<\/div>\n<\/div>\n<\/div>","protected":false},"excerpt":{"rendered":"<p>Ouvreuses de cartons \u00e0 haut rendement Scelleuses de cartons \u00e0 haut rendement pour am\u00e9liorer l'efficacit\u00e9 de l'emballage 20 ouvreuses de cartons par minute<\/p>","protected":false},"featured_media":4773,"template":"","meta":{"_acf_changed":false,"_seopress_robots_primary_cat":"none","_seopress_titles_title":"High Speed Automatic Carton Assembling Machine Box Adjustable Opening Machinepaper Carton Box Erecting Forming Machine Industry","_seopress_titles_desc":"High-efficiency carton openers high-speed carton sealers equipment to improve packaging efficiency 20 carton openers per minute","_seopress_robots_index":"","_uag_custom_page_level_css":"","site-sidebar-layout":"default","site-content-layout":"","ast-site-content-layout":"default","site-content-style":"default","site-sidebar-style":"default","ast-global-header-display":"","ast-banner-title-visibility":"","ast-main-header-display":"","ast-hfb-above-header-display":"","ast-hfb-below-header-display":"","ast-hfb-mobile-header-display":"","site-post-title":"","ast-breadcrumbs-content":"","ast-featured-img":"","footer-sml-layout":"","theme-transparent-header-meta":"default","adv-header-id-meta":"","stick-header-meta":"","header-above-stick-meta":"","header-main-stick-meta":"","header-below-stick-meta":"","astra-migrate-meta-layouts":"set","ast-page-background-enabled":"default","ast-page-background-meta":{"desktop":{"background-color":"","background-image":"","background-repeat":"repeat","background-position":"center center","background-size":"auto","background-attachment":"scroll","background-type":"","background-media":"","overlay-type":"","overlay-color":"","overlay-opacity":"","overlay-gradient":""},"tablet":{"background-color":"","background-image":"","background-repeat":"repeat","background-position":"center center","background-size":"auto","background-attachment":"scroll","background-type":"","background-media":"","overlay-type":"","overlay-color":"","overlay-opacity":"","overlay-gradient":""},"mobile":{"background-color":"","background-image":"","background-repeat":"repeat","background-position":"center center","background-size":"auto","background-attachment":"scroll","background-type":"","background-media":"","overlay-type":"","overlay-color":"","overlay-opacity":"","overlay-gradient":""}},"ast-content-background-meta":{"desktop":{"background-color":"var(--ast-global-color-5)","background-image":"","background-repeat":"repeat","background-position":"center center","background-size":"auto","background-attachment":"scroll","background-type":"","background-media":"","overlay-type":"","overlay-color":"","overlay-opacity":"","overlay-gradient":""},"tablet":{"background-color":"var(--ast-global-color-5)","background-image":"","background-repeat":"repeat","background-position":"center center","background-size":"auto","background-attachment":"scroll","background-type":"","background-media":"","overlay-type":"","overlay-color":"","overlay-opacity":"","overlay-gradient":""},"mobile":{"background-color":"var(--ast-global-color-5)","background-image":"","background-repeat":"repeat","background-position":"center center","background-size":"auto","background-attachment":"scroll","background-type":"","background-media":"","overlay-type":"","overlay-color":"","overlay-opacity":"","overlay-gradient":""}}},"product_brand":[131],"product_cat":[87],"product_tag":[225,226,233,224,234,222,223,230,231,228,227,229,232],"class_list":{"0":"post-4770","1":"product","2":"type-product","3":"status-publish","4":"has-post-thumbnail","6":"product_brand-chenming","7":"product_cat-conveyor","8":"product_tag-adhesive-tape-carton-tape-machine","9":"product_tag-automatic-bottom-seal-folding-box-machine","10":"product_tag-automatic-box-erector","11":"product_tag-automatic-carton-erector","12":"product_tag-automatic-case-erector-carton-erector","13":"product_tag-automatic-case-packer","14":"product_tag-box-packing-machine","15":"product_tag-express-folding-box-forming-machine","16":"product_tag-paper-case-packaging-machine","17":"product_tag-plastic-packaging-machine","18":"product_tag-pneumatic-driven-machine","19":"product_tag-sealing-back-box-opening-machine","20":"product_tag-unpacking-opening","21":"desktop-align-center","22":"tablet-align-center","23":"mobile-align-left","24":"ast-product-gallery-layout-horizontal-slider","25":"ast-product-tabs-layout-horizontal","26":"ast-qv-on-image","28":"first","29":"instock","30":"sale","31":"shipping-taxable","32":"purchasable","33":"product-type-simple"},"acf":[],"uagb_featured_image_src":{"full":["https:\/\/www.ai-chenming.com\/wp-content\/uploads\/2025\/08\/15b362a3-c3cc-4c0e-84ab-2c8aef316447.png",640,640,false],"thumbnail":["https:\/\/www.ai-chenming.com\/wp-content\/uploads\/2025\/08\/15b362a3-c3cc-4c0e-84ab-2c8aef316447-150x150.png",150,150,true],"medium":["https:\/\/www.ai-chenming.com\/wp-content\/uploads\/2025\/08\/15b362a3-c3cc-4c0e-84ab-2c8aef316447-300x300.png",300,300,true],"medium_large":["https:\/\/www.ai-chenming.com\/wp-content\/uploads\/2025\/08\/15b362a3-c3cc-4c0e-84ab-2c8aef316447.png",640,640,false],"large":["https:\/\/www.ai-chenming.com\/wp-content\/uploads\/2025\/08\/15b362a3-c3cc-4c0e-84ab-2c8aef316447.png",640,640,false],"1536x1536":["https:\/\/www.ai-chenming.com\/wp-content\/uploads\/2025\/08\/15b362a3-c3cc-4c0e-84ab-2c8aef316447.png",640,640,false],"2048x2048":["https:\/\/www.ai-chenming.com\/wp-content\/uploads\/2025\/08\/15b362a3-c3cc-4c0e-84ab-2c8aef316447.png",640,640,false],"trp-custom-language-flag":["https:\/\/www.ai-chenming.com\/wp-content\/uploads\/2025\/08\/15b362a3-c3cc-4c0e-84ab-2c8aef316447-12x12.png",12,12,true],"woocommerce_thumbnail":["https:\/\/www.ai-chenming.com\/wp-content\/uploads\/2025\/08\/15b362a3-c3cc-4c0e-84ab-2c8aef316447-450x450.png",450,450,true],"woocommerce_single":["https:\/\/www.ai-chenming.com\/wp-content\/uploads\/2025\/08\/15b362a3-c3cc-4c0e-84ab-2c8aef316447-600x600.png",600,600,true],"woocommerce_gallery_thumbnail":["https:\/\/www.ai-chenming.com\/wp-content\/uploads\/2025\/08\/15b362a3-c3cc-4c0e-84ab-2c8aef316447-100x100.png",100,100,true]},"uagb_author_info":{"display_name":"chenming","author_link":"https:\/\/www.ai-chenming.com\/fr\/author\/"},"uagb_comment_info":0,"uagb_excerpt":"High-efficiency carton openers high-speed carton sealers equipment to improve packaging efficiency 20 carton openers per minute","_links":{"self":[{"href":"https:\/\/www.ai-chenming.com\/fr\/wp-json\/wp\/v2\/product\/4770","targetHints":{"allow":["GET"]}}],"collection":[{"href":"https:\/\/www.ai-chenming.com\/fr\/wp-json\/wp\/v2\/product"}],"about":[{"href":"https:\/\/www.ai-chenming.com\/fr\/wp-json\/wp\/v2\/types\/product"}],"wp:featuredmedia":[{"embeddable":true,"href":"https:\/\/www.ai-chenming.com\/fr\/wp-json\/wp\/v2\/media\/4773"}],"wp:attachment":[{"href":"https:\/\/www.ai-chenming.com\/fr\/wp-json\/wp\/v2\/media?parent=4770"}],"wp:term":[{"taxonomy":"product_brand","embeddable":true,"href":"https:\/\/www.ai-chenming.com\/fr\/wp-json\/wp\/v2\/product_brand?post=4770"},{"taxonomy":"product_cat","embeddable":true,"href":"https:\/\/www.ai-chenming.com\/fr\/wp-json\/wp\/v2\/product_cat?post=4770"},{"taxonomy":"product_tag","embeddable":true,"href":"https:\/\/www.ai-chenming.com\/fr\/wp-json\/wp\/v2\/product_tag?post=4770"}],"curies":[{"name":"wp","href":"https:\/\/api.w.org\/{rel}","templated":true}]}}