{"id":4683,"date":"2025-08-28T06:18:55","date_gmt":"2025-08-28T06:18:55","guid":{"rendered":"https:\/\/www.ai-chenming.com\/?post_type=product&#038;p=4683"},"modified":"2025-09-28T08:34:27","modified_gmt":"2025-09-28T08:34:27","slug":"white-modular-belt-conveyor-plastic-conveyor-belt-for-food-and-vegetable-support-customization-conveyor-food-grade","status":"publish","type":"product","link":"https:\/\/www.ai-chenming.com\/fr\/produit\/white-modular-belt-conveyor-plastic-conveyor-belt-for-food-and-vegetable-support-customization-conveyor-food-grade\/","title":{"rendered":"Convoyeur \u00e0 bande modulaire blanc Convoyeur \u00e0 bande en plastique pour aliments et l\u00e9gumes Support de personnalisation Convoyeur de qualit\u00e9 alimentaire"},"content":{"rendered":"<div id=\"icbuEditorBackground\" class=\"icbu-editor-background\" style=\"text-align: left;\" data-spm-anchor-id=\"a2700.pc-decorate.0.i2.35f83333FIeW5u\">Description du produit<\/div>\n<div id=\"detail_decorate_root\">\n<div class=\"editor-plugin-canvas\" style=\"text-align: left;\">\n<div class=\"render-engien-app\">\n<div class=\"editor-component-row editor-component-row-relative\">\n<div class=\"editor-component-container\">\n<div class=\"editor-component-container-mask\">\n<div style=\"width: 720px;\" class=\"wp-video\"><!--[if lt IE 9]><script>document.createElement('video');<\/script><![endif]-->\n<video class=\"wp-video-shortcode\" id=\"video-4683-1\" width=\"720\" height=\"1280\" preload=\"metadata\" controls=\"controls\"><source type=\"video\/mp4\" src=\"https:\/\/www.ai-chenming.com\/wp-content\/uploads\/2025\/08\/6000298454491.mp4?_=1\" \/><a href=\"https:\/\/www.ai-chenming.com\/wp-content\/uploads\/2025\/08\/6000298454491.mp4\">https:\/\/www.ai-chenming.com\/wp-content\/uploads\/2025\/08\/6000298454491.mp4<\/a><\/video><\/div>\n<\/div>\n<\/div>\n<\/div>\n<div class=\"editor-component-row editor-component-row-relative\">\n<div class=\"editor-component-container\">\n<div class=\"previewer-item-wrap\">\n<div id=\"43820856285\" class=\"J_module\">\n<div class=\"icbu-pc-detailVideoShow\" data-reactroot=\"\" data-magic=\"{&quot;mds&quot;:{&quot;assetsVersion&quot;:&quot;0.0.6&quot;,&quot;assetsPackageName&quot;:&quot;icbumod&quot;,&quot;moduleNameAlias&quot;:&quot;icbu-pc-detailVideoShow&quot;,&quot;moduleData&quot;:{&quot;videoInfo&quot;:{&quot;coverUrl&quot;:&quot;https:\/\/sc01.alicdn.com\/kf\/Hbed8600ea24940e4bed37f75c794e36bD.jpg&quot;,&quot;duration&quot;:33,&quot;fileSize&quot;:&quot;6867397&quot;,&quot;videoName&quot;:&quot;3\u67085\u65e5(1).mp4&quot;,&quot;videoId&quot;:6000292888380},&quot;hideBottom&quot;:false}},&quot;version&quot;:1}\">\n<div class=\"bc-react-video-player singleton undefined venus-component-video\" data-spm-anchor-id=\"a2700.pc-decorate.0.i1.35f83333FIeW5u\"><\/div>\n<\/div>\n<\/div>\n<\/div>\n<\/div>\n<\/div>\n<div class=\"editor-component-row editor-component-row-relative\">\n<div class=\"editor-component-container\">\n<div class=\"previewer-item-wrap\">\n<div id=\"43820856286\" class=\"J_module\">\n<div class=\"icbu-pc-images\" data-reactroot=\"\">\n<div class=\"flex-layout-h\">\n<div class=\"flex-layout-v\">\n<div>\n<p>Les bandes modulaires (\u00e9galement appel\u00e9es bandes transporteuses modulaires) sont assembl\u00e9es \u00e0 partir de modules standardis\u00e9s. Elles permettent une personnalisation souple de la longueur et de la largeur, et peuvent r\u00e9aliser des trajectoires de transport complexes telles que les virages et les mont\u00e9es. Fabriqu\u00e9es dans des mat\u00e9riaux tels que les plastiques techniques de qualit\u00e9 alimentaire, elles sont r\u00e9sistantes \u00e0 l'usure et \u00e0 la corrosion. Leur surface peut \u00eatre con\u00e7ue avec des structures telles que des motifs antid\u00e9rapants et des d\u00e9flecteurs, ce qui les rend adapt\u00e9s au transport de divers mat\u00e9riaux. Gr\u00e2ce \u00e0 leur facilit\u00e9 d'entretien (les modules individuels peuvent \u00eatre remplac\u00e9s), ils sont largement utilis\u00e9s dans les industries alimentaires, pharmaceutiques, logistiques et \u00e9lectroniques, et constituent des supports efficaces et adaptables pour le transport automatis\u00e9.<\/p>\n<p><img alt=\"\" fetchpriority=\"high\" decoding=\"async\" class=\"wp-image-6747 aligncenter\" src=\"https:\/\/www.ai-chenming.com\/wp-content\/uploads\/2025\/09\/10-2-300x212.png\" width=\"367\" height=\"259\" srcset=\"https:\/\/www.ai-chenming.com\/wp-content\/uploads\/2025\/09\/10-2-300x212.png 300w, https:\/\/www.ai-chenming.com\/wp-content\/uploads\/2025\/09\/10-2-1024x724.png 1024w, https:\/\/www.ai-chenming.com\/wp-content\/uploads\/2025\/09\/10-2-768x543.png 768w, https:\/\/www.ai-chenming.com\/wp-content\/uploads\/2025\/09\/10-2-1536x1086.png 1536w, https:\/\/www.ai-chenming.com\/wp-content\/uploads\/2025\/09\/10-2-2048x1448.png 2048w, https:\/\/www.ai-chenming.com\/wp-content\/uploads\/2025\/09\/10-2-18x12.png 18w, https:\/\/www.ai-chenming.com\/wp-content\/uploads\/2025\/09\/10-2-600x424.png 600w\" sizes=\"(max-width: 367px) 100vw, 367px\" \/><\/p>\n<\/div>\n<\/div>\n<div class=\"text-wrapper\">\n<div class=\"text-wrapper-right text-theme-light text-align-left\">\n<div class=\"text-title\" data-id=\"right-title\">\n<div class=\"preview-edit-text-editor\" data-reactroot=\"\">\n<div id=\"preview-edit-4\" class=\"content-editor\" tabindex=\"1\" contenteditable=\"true\">\n<p>Ceinture modulaire<\/p>\n<p><b>1. Haute efficacit\u00e9 -<\/b> Performances optimis\u00e9es et faible consommation d'\u00e9nergie.<b><br \/>\n<\/b><\/p>\n<div><b>2. Int\u00e9gration facile - <\/b>Conception plug-and-play pour une compatibilit\u00e9 sans faille.<b><br \/>\n<\/b><\/div>\n<div><b>3. Durabilit\u00e9 - <\/b>Construit pour r\u00e9sister aux environnements difficiles.<b><br \/>\n<\/b><\/div>\n<div><b>4. Conception compacte - <\/b>Structure l\u00e9g\u00e8re et peu encombrante.<b><br \/>\n<\/b><\/div>\n<div><b>5. Rentabilit\u00e9 <\/b>-<b> <\/b>Offre une valeur \u00e9lev\u00e9e \u00e0 un prix comp\u00e9titif.<\/div>\n<\/div>\n<\/div>\n<\/div>\n<div class=\"text-content\" data-id=\"right-content\">\n<div class=\"preview-edit-text-editor\" data-reactroot=\"\">\n<div id=\"preview-edit-3\" class=\"content-editor\" tabindex=\"1\" contenteditable=\"true\">\n<div>\n<div>\n<div><\/div>\n<\/div>\n<\/div>\n<\/div>\n<\/div>\n<\/div>\n<\/div>\n<\/div>\n<\/div>\n<\/div>\n<\/div>\n<\/div>\n<div class=\"editor-component-container-mask\">\n<table>\n<tbody>\n<tr>\n<td><b data-spm-anchor-id=\"a2700.pc-decorate.0.i1.53ed3333SFCHXb\">Type de bande modulaire<\/b><\/td>\n<td>\n<div data-spm-anchor-id=\"a2700.pc-decorate.0.i13.125033336GavY7\">Courroie modulaire<\/div>\n<\/td>\n<\/tr>\n<tr>\n<td><b>Mat\u00e9riau de la ceinture<\/b><\/td>\n<td>\n<div data-spm-anchor-id=\"a2700.pc-decorate.0.i14.125033336GavY7\">POM<\/div>\n<\/td>\n<\/tr>\n<tr>\n<td><b>Largeur de la plaque (mm)<\/b><\/td>\n<td>\n<div data-spm-anchor-id=\"a2700.pc-decorate.0.i29.1a693333tKAh21\">Contacter le service client\u00e8le<\/div>\n<\/td>\n<\/tr>\n<tr>\n<td><b>Charge de travail(max)<\/b><\/p>\n<div data-spm-anchor-id=\"a2700.pc-decorate.0.i18.43f93333z0cZhs\"><b>N\/m(21\u2103)<\/b><\/div>\n<\/td>\n<td>\n<div data-spm-anchor-id=\"a2700.pc-decorate.0.i42.43f93333z0cZhs\">&#8211;<\/div>\n<\/td>\n<\/tr>\n<tr>\n<td><b>Rayon de flexion lat\u00e9rale (mm)<\/b><\/td>\n<td>\n<div data-spm-anchor-id=\"a2700.pc-decorate.0.i8.bc1f3333bpb2cS\">Contacter le service client\u00e8le<\/div>\n<\/td>\n<\/tr>\n<tr>\n<td><b>Rayon de courbure (min)<\/b><\/td>\n<td>\n<div data-spm-anchor-id=\"a2700.pc-decorate.0.i144.45613333eYaTmO\">Contacter le service client\u00e8le<\/div>\n<\/td>\n<\/tr>\n<tr>\n<td><b>Poids (kg\/m\u00b2)<\/b><\/td>\n<td>\n<div data-spm-anchor-id=\"a2700.pc-decorate.0.i15.125033336GavY7\">5.1-7.1<\/div>\n<\/td>\n<\/tr>\n<tr>\n<td><b>Couleur<\/b><\/td>\n<td>\n<div data-spm-anchor-id=\"a2700.pc-decorate.0.i148.45613333eYaTmO\">Bleu\/gris\/support personnalis\u00e9<\/div>\n<\/td>\n<\/tr>\n<tr>\n<td><b>Pitch<\/b><\/td>\n<td>\n<div data-spm-anchor-id=\"a2700.pc-decorate.0.i23.1a693333tKAh21\">25.4<\/div>\n<\/td>\n<\/tr>\n<tr>\n<td><b>\u00c9paisseur<\/b><\/td>\n<td>\n<div data-spm-anchor-id=\"a2700.pc-decorate.0.i57.43bc3333u6XaqQ\">Contacter le service client\u00e8le<\/div>\n<\/td>\n<\/tr>\n<\/tbody>\n<\/table>\n<\/div>\n<\/div>\n<\/div>\n<\/div>\n<\/div>\n<div class=\"editor-component-row editor-component-row-relative\" style=\"text-align: left;\">\n<div class=\"editor-component-container\">\n<div class=\"previewer-item-wrap\">\n<div id=\"44075706296\" class=\"J_module\">\n<div class=\"icbu-pc-images\" data-reactroot=\"\">\n<div>\n<div class=\"flex-layout-v\">\n<div class=\"flex-layout-h\">\n<div>\n<p>&nbsp;<\/p>\n<p>Convoyage intelligent, meilleure production - Bande modulaire<\/p>\n<\/div>\n<\/div>\n<\/div>\n<\/div>\n<div class=\"text-wrapper-below text-theme-light text-align-left\">\n<div class=\"text-title\" data-id=\"below-title\">\n<div class=\"preview-edit-text-editor\" data-reactroot=\"\">\n<div id=\"preview-edit-2\" class=\"content-editor\" tabindex=\"1\" contenteditable=\"true\">Plus qu'un simple transport, il s'agit d'optimiser votre ligne avec flexibilit\u00e9 et s\u00e9curit\u00e9.<\/p>\n<div>\n<p>* Conception modulaire pour un assemblage personnalis\u00e9<\/p>\n<p>* R\u00e9sistant \u00e0 l'huile et \u00e0 l'humidit\u00e9 - fonctionne dans divers environnements<\/p>\n<p>* Les plaques de courroie durables minimisent l'usure et r\u00e9duisent les co\u00fbts<\/p>\n<p>* OEM\/ODM disponible pour une int\u00e9gration parfaite dans votre ligne de production<\/p>\n<\/div>\n<\/div>\n<\/div>\n<\/div>\n<\/div>\n<\/div>\n<\/div>\n<\/div>\n<\/div>\n<\/div>\n<div class=\"editor-component-row editor-component-row-relative\" style=\"text-align: left;\">\n<div class=\"editor-component-container\">\n<div class=\"editor-component-container-mask\"><\/div>\n<\/div>\n<\/div>\n<div class=\"editor-component-row editor-component-row-relative\" style=\"text-align: left;\">\n<div class=\"editor-component-container\">\n<div class=\"previewer-item-wrap\">\n<div id=\"44093468693\" class=\"J_module\">\n<div id=\"ali-anchor-AliMagic-siiy7o\" data-reactroot=\"\" data-section=\"AliMagic-siiy7o\" data-section-title=\"FAQ\">FAQ<\/div>\n<\/div>\n<\/div>\n<div class=\"editor-component-container-mask\"><\/div>\n<\/div>\n<\/div>\n<div class=\"editor-component-row editor-component-row-relative\" style=\"text-align: left;\">\n<div class=\"editor-component-container\">\n<div class=\"previewer-item-wrap\">\n<div id=\"44093468695\" class=\"J_module\">\n<div class=\"detail-decorate-json-renderer-container\" data-reactroot=\"\">\n<div>\n<div>\n<div>\n<div>\n<div class=\"preview-edit-text-editor\" data-reactroot=\"\">\n<div id=\"preview-edit-6\" class=\"content-editor\" tabindex=\"1\" contenteditable=\"true\"><b><\/b><b>Q : \u00cates-vous une soci\u00e9t\u00e9 commerciale ou un fabricant ?<\/b><br \/>\nR : Nous sommes une usine.<\/p>\n<div><\/div>\n<div>\n<p><b>Q2 : Acceptez-vous les OEM ou ODM ? <\/b><\/p>\n<div>A2:Oui, mais nous avons des exigences de quantit\u00e9, veuillez nous contacter directement.<\/div>\n<div><\/div>\n<div><b>Q3:Quel est le mode de paiement de votre entreprise ?<\/b><\/div>\n<div>A3:T\/T, L\/C \u00e0 vue, Paypal, Western Union<\/div>\n<div><\/div>\n<div><b>Q4:Quel est le mode d'exp\u00e9dition ?<\/b><\/div>\n<div>\n<p>A4:Par voie maritime, a\u00e9rienne, Fedex, DHL, UPS, TNT, etc.<\/p>\n<p><b>Q5 : Quel est le d\u00e9lai de livraison ?<\/b><br \/>\nA5 : En g\u00e9n\u00e9ral, le d\u00e9lai est de 5 \u00e0 10 jours si les marchandises sont en stock, ou de 15 \u00e0 20 jours si les marchandises ne sont pas en stock, en fonction de l'\u00e9tat des stocks.<br \/>\nquantit\u00e9.<\/p>\n<p><b>Q6 : Comment est votre service ?<\/b><br \/>\nA6\uff1aDon't worry, we have professionals at your service 24 hours a day.<\/p>\n<\/div>\n<\/div>\n<\/div>\n<\/div>\n<\/div>\n<\/div>\n<\/div>\n<\/div>\n<\/div>\n<\/div>\n<\/div>\n<\/div>\n<\/div>\n<div class=\"editor-component-row editor-component-row-relative\">\n<div class=\"editor-component-container\">\n<div class=\"previewer-item-wrap\">\n<div id=\"44093468698\" class=\"J_module\">\n<div class=\"icbu-pc-images\" data-reactroot=\"\">\n<div>\n<div class=\"flex-layout-v\">\n<div class=\"flex-layout-h\">\n<div>\n<div class=\"preview-image-edit\" style=\"text-align: left;\">\n<div class=\"preview-edit-image-item\" data-reactroot=\"\">\n<div class=\"toolbar\">\n<div class=\"\">\n<div class=\"intl-pui-product-select\">\n<div><\/div>\n<\/div>\n<\/div>\n<\/div>\n<\/div>\n<\/div>\n<p>&nbsp;<\/p>\n<\/div>\n<\/div>\n<\/div>\n<\/div>\n<\/div>\n<\/div>\n<\/div>\n<\/div>\n<\/div>\n<\/div>","protected":false},"excerpt":{"rendered":"<p>Mat\u00e9riau durable, facile \u00e0 nettoyer, approuv\u00e9 par la FDA, id\u00e9al pour le traitement hygi\u00e9nique des aliments et la manipulation des l\u00e9gumes Bande modulaire en POM<\/p>","protected":false},"featured_media":4688,"template":"","meta":{"_acf_changed":false,"_seopress_robots_primary_cat":"none","_seopress_titles_title":"White Modular Belt Conveyor Plastic Conveyor Belt for Food and Vegetable Support Customization Conveyor Food Grade","_seopress_titles_desc":"Durable, Easy-to-Clean, FDA Approved Material, Ideal for Hygienic Food Processing and Vegetable Handling POM Modular belt","_seopress_robots_index":"","_uag_custom_page_level_css":"","site-sidebar-layout":"default","site-content-layout":"","ast-site-content-layout":"default","site-content-style":"default","site-sidebar-style":"default","ast-global-header-display":"","ast-banner-title-visibility":"","ast-main-header-display":"","ast-hfb-above-header-display":"","ast-hfb-below-header-display":"","ast-hfb-mobile-header-display":"","site-post-title":"","ast-breadcrumbs-content":"","ast-featured-img":"","footer-sml-layout":"","theme-transparent-header-meta":"default","adv-header-id-meta":"","stick-header-meta":"","header-above-stick-meta":"","header-main-stick-meta":"","header-below-stick-meta":"","astra-migrate-meta-layouts":"set","ast-page-background-enabled":"default","ast-page-background-meta":{"desktop":{"background-color":"","background-image":"","background-repeat":"repeat","background-position":"center center","background-size":"auto","background-attachment":"scroll","background-type":"","background-media":"","overlay-type":"","overlay-color":"","overlay-opacity":"","overlay-gradient":""},"tablet":{"background-color":"","background-image":"","background-repeat":"repeat","background-position":"center center","background-size":"auto","background-attachment":"scroll","background-type":"","background-media":"","overlay-type":"","overlay-color":"","overlay-opacity":"","overlay-gradient":""},"mobile":{"background-color":"","background-image":"","background-repeat":"repeat","background-position":"center center","background-size":"auto","background-attachment":"scroll","background-type":"","background-media":"","overlay-type":"","overlay-color":"","overlay-opacity":"","overlay-gradient":""}},"ast-content-background-meta":{"desktop":{"background-color":"var(--ast-global-color-5)","background-image":"","background-repeat":"repeat","background-position":"center center","background-size":"auto","background-attachment":"scroll","background-type":"","background-media":"","overlay-type":"","overlay-color":"","overlay-opacity":"","overlay-gradient":""},"tablet":{"background-color":"var(--ast-global-color-5)","background-image":"","background-repeat":"repeat","background-position":"center center","background-size":"auto","background-attachment":"scroll","background-type":"","background-media":"","overlay-type":"","overlay-color":"","overlay-opacity":"","overlay-gradient":""},"mobile":{"background-color":"var(--ast-global-color-5)","background-image":"","background-repeat":"repeat","background-position":"center center","background-size":"auto","background-attachment":"scroll","background-type":"","background-media":"","overlay-type":"","overlay-color":"","overlay-opacity":"","overlay-gradient":""}}},"product_brand":[131],"product_cat":[94,99],"product_tag":[154,152,151,153,156,155],"class_list":{"0":"post-4683","1":"product","2":"type-product","3":"status-publish","4":"has-post-thumbnail","6":"product_brand-chenming","7":"product_cat-modualr-belt-conveyor","8":"product_cat-flexible-conveyor","9":"product_tag-flat-top-belt","10":"product_tag-modular-belt","11":"product_tag-modular-conveyor-belt","12":"product_tag-plastic-conveyor-belt","13":"product_tag-plastic-material-conveyor","14":"product_tag-pom-pp-material-belt","15":"desktop-align-center","16":"tablet-align-center","17":"mobile-align-left","18":"ast-product-gallery-layout-horizontal-slider","19":"ast-product-tabs-layout-horizontal","20":"ast-qv-on-image","22":"first","23":"instock","24":"sale","25":"shipping-taxable","26":"purchasable","27":"product-type-simple"},"acf":[],"uagb_featured_image_src":{"full":["https:\/\/www.ai-chenming.com\/wp-content\/uploads\/2025\/08\/331cf4a6-a401-47ba-a38c-5227aa40c844.png",640,640,false],"thumbnail":["https:\/\/www.ai-chenming.com\/wp-content\/uploads\/2025\/08\/331cf4a6-a401-47ba-a38c-5227aa40c844-150x150.png",150,150,true],"medium":["https:\/\/www.ai-chenming.com\/wp-content\/uploads\/2025\/08\/331cf4a6-a401-47ba-a38c-5227aa40c844-300x300.png",300,300,true],"medium_large":["https:\/\/www.ai-chenming.com\/wp-content\/uploads\/2025\/08\/331cf4a6-a401-47ba-a38c-5227aa40c844.png",640,640,false],"large":["https:\/\/www.ai-chenming.com\/wp-content\/uploads\/2025\/08\/331cf4a6-a401-47ba-a38c-5227aa40c844.png",640,640,false],"1536x1536":["https:\/\/www.ai-chenming.com\/wp-content\/uploads\/2025\/08\/331cf4a6-a401-47ba-a38c-5227aa40c844.png",640,640,false],"2048x2048":["https:\/\/www.ai-chenming.com\/wp-content\/uploads\/2025\/08\/331cf4a6-a401-47ba-a38c-5227aa40c844.png",640,640,false],"trp-custom-language-flag":["https:\/\/www.ai-chenming.com\/wp-content\/uploads\/2025\/08\/331cf4a6-a401-47ba-a38c-5227aa40c844-12x12.png",12,12,true],"woocommerce_thumbnail":["https:\/\/www.ai-chenming.com\/wp-content\/uploads\/2025\/08\/331cf4a6-a401-47ba-a38c-5227aa40c844-450x450.png",450,450,true],"woocommerce_single":["https:\/\/www.ai-chenming.com\/wp-content\/uploads\/2025\/08\/331cf4a6-a401-47ba-a38c-5227aa40c844-600x600.png",600,600,true],"woocommerce_gallery_thumbnail":["https:\/\/www.ai-chenming.com\/wp-content\/uploads\/2025\/08\/331cf4a6-a401-47ba-a38c-5227aa40c844-100x100.png",100,100,true]},"uagb_author_info":{"display_name":"chenming","author_link":"https:\/\/www.ai-chenming.com\/fr\/author\/"},"uagb_comment_info":0,"uagb_excerpt":"Durable, Easy-to-Clean, FDA Approved Material, Ideal for Hygienic Food Processing and Vegetable Handling POM Modular belt","_links":{"self":[{"href":"https:\/\/www.ai-chenming.com\/fr\/wp-json\/wp\/v2\/product\/4683","targetHints":{"allow":["GET"]}}],"collection":[{"href":"https:\/\/www.ai-chenming.com\/fr\/wp-json\/wp\/v2\/product"}],"about":[{"href":"https:\/\/www.ai-chenming.com\/fr\/wp-json\/wp\/v2\/types\/product"}],"wp:featuredmedia":[{"embeddable":true,"href":"https:\/\/www.ai-chenming.com\/fr\/wp-json\/wp\/v2\/media\/4688"}],"wp:attachment":[{"href":"https:\/\/www.ai-chenming.com\/fr\/wp-json\/wp\/v2\/media?parent=4683"}],"wp:term":[{"taxonomy":"product_brand","embeddable":true,"href":"https:\/\/www.ai-chenming.com\/fr\/wp-json\/wp\/v2\/product_brand?post=4683"},{"taxonomy":"product_cat","embeddable":true,"href":"https:\/\/www.ai-chenming.com\/fr\/wp-json\/wp\/v2\/product_cat?post=4683"},{"taxonomy":"product_tag","embeddable":true,"href":"https:\/\/www.ai-chenming.com\/fr\/wp-json\/wp\/v2\/product_tag?post=4683"}],"curies":[{"name":"wp","href":"https:\/\/api.w.org\/{rel}","templated":true}]}}