{"id":4656,"date":"2025-08-28T03:45:35","date_gmt":"2025-08-28T03:45:35","guid":{"rendered":"https:\/\/www.ai-chenming.com\/?post_type=product&#038;p=4656"},"modified":"2025-09-28T08:43:48","modified_gmt":"2025-09-28T08:43:48","slug":"logistics-industry-durable-plastic-roller-top-belt-heavy-transport-400-series-ball-mesh-belt-400-plastic-conveyor-chain-belt","status":"publish","type":"product","link":"https:\/\/www.ai-chenming.com\/fr\/produit\/logistics-industry-durable-plastic-roller-top-belt-heavy-transport-400-series-ball-mesh-belt-400-plastic-conveyor-chain-belt\/","title":{"rendered":"Bande transporteuse \u00e0 rouleaux en plastique durable pour l'industrie logistique Bande transporteuse \u00e0 mailles \u00e0 billes de la s\u00e9rie 400 Bande transporteuse \u00e0 cha\u00eenes en plastique de la s\u00e9rie 400"},"content":{"rendered":"<div class=\"editor-component-row editor-component-row-relative\">\n<div class=\"editor-component-container\">\n<div class=\"previewer-item-wrap\">\n<div id=\"43923592566\" class=\"J_module\">\n<div id=\"ali-anchor-AliMagic-f4lpqj\" style=\"text-align: left;\" data-reactroot=\"\" data-section=\"AliMagic-f4lpqj\" data-section-title=\"Product Description\" data-spm-anchor-id=\"a2700.pc-decorate.0.i2.534133332ChzIu\">Description du produit<\/div>\n<div data-reactroot=\"\" data-section=\"AliMagic-f4lpqj\" data-section-title=\"Product Description\" data-spm-anchor-id=\"a2700.pc-decorate.0.i2.534133332ChzIu\"><img alt=\"\" fetchpriority=\"high\" decoding=\"async\" class=\"wp-image-7123 aligncenter\" src=\"https:\/\/www.ai-chenming.com\/wp-content\/uploads\/2025\/09\/111-300x300.png\" width=\"360\" height=\"360\" srcset=\"https:\/\/www.ai-chenming.com\/wp-content\/uploads\/2025\/09\/111-300x300.png 300w, https:\/\/www.ai-chenming.com\/wp-content\/uploads\/2025\/09\/111-1024x1024.png 1024w, https:\/\/www.ai-chenming.com\/wp-content\/uploads\/2025\/09\/111-150x150.png 150w, https:\/\/www.ai-chenming.com\/wp-content\/uploads\/2025\/09\/111-768x768.png 768w, https:\/\/www.ai-chenming.com\/wp-content\/uploads\/2025\/09\/111-12x12.png 12w, https:\/\/www.ai-chenming.com\/wp-content\/uploads\/2025\/09\/111-450x450.png 450w, https:\/\/www.ai-chenming.com\/wp-content\/uploads\/2025\/09\/111-600x600.png 600w, https:\/\/www.ai-chenming.com\/wp-content\/uploads\/2025\/09\/111-100x100.png 100w, https:\/\/www.ai-chenming.com\/wp-content\/uploads\/2025\/09\/111.png 1280w\" sizes=\"(max-width: 360px) 100vw, 360px\" \/><\/div>\n<div data-reactroot=\"\" data-section=\"AliMagic-f4lpqj\" data-section-title=\"Product Description\" data-spm-anchor-id=\"a2700.pc-decorate.0.i2.534133332ChzIu\">Les bandes modulaires (\u00e9galement appel\u00e9es bandes transporteuses modulaires) sont assembl\u00e9es \u00e0 partir de modules standardis\u00e9s. Elles permettent une personnalisation souple de la longueur et de la largeur, et peuvent r\u00e9aliser des trajectoires de transport complexes telles que les virages et les mont\u00e9es. Fabriqu\u00e9es dans des mat\u00e9riaux tels que les plastiques techniques de qualit\u00e9 alimentaire, elles sont r\u00e9sistantes \u00e0 l'usure et \u00e0 la corrosion. Leur surface peut \u00eatre con\u00e7ue avec des structures telles que des motifs antid\u00e9rapants et des d\u00e9flecteurs, ce qui les rend adapt\u00e9s au transport de divers mat\u00e9riaux. Gr\u00e2ce \u00e0 leur facilit\u00e9 d'entretien (les modules individuels peuvent \u00eatre remplac\u00e9s), ils sont largement utilis\u00e9s dans les industries alimentaires, pharmaceutiques, logistiques et \u00e9lectroniques, et constituent des supports efficaces et adaptables pour le transport automatis\u00e9.<\/div>\n<div data-reactroot=\"\" data-section=\"AliMagic-f4lpqj\" data-section-title=\"Product Description\" data-spm-anchor-id=\"a2700.pc-decorate.0.i2.534133332ChzIu\"><img alt=\"\" decoding=\"async\" class=\"wp-image-6753 aligncenter\" src=\"https:\/\/www.ai-chenming.com\/wp-content\/uploads\/2025\/09\/7-2-300x212.png\" width=\"364\" height=\"257\" srcset=\"https:\/\/www.ai-chenming.com\/wp-content\/uploads\/2025\/09\/7-2-300x212.png 300w, https:\/\/www.ai-chenming.com\/wp-content\/uploads\/2025\/09\/7-2-1024x724.png 1024w, https:\/\/www.ai-chenming.com\/wp-content\/uploads\/2025\/09\/7-2-768x543.png 768w, https:\/\/www.ai-chenming.com\/wp-content\/uploads\/2025\/09\/7-2-1536x1086.png 1536w, https:\/\/www.ai-chenming.com\/wp-content\/uploads\/2025\/09\/7-2-2048x1448.png 2048w, https:\/\/www.ai-chenming.com\/wp-content\/uploads\/2025\/09\/7-2-18x12.png 18w, https:\/\/www.ai-chenming.com\/wp-content\/uploads\/2025\/09\/7-2-600x424.png 600w\" sizes=\"(max-width: 364px) 100vw, 364px\" \/><\/div>\n<\/div>\n<\/div>\n<\/div>\n<\/div>\n<div class=\"editor-component-row editor-component-row-relative\" style=\"text-align: left;\">\n<div class=\"editor-component-container\">\n<div class=\"previewer-item-wrap\">\n<div id=\"46136956696\" class=\"J_module\">\n<div class=\"icbu-pc-images\" data-reactroot=\"\">\n<div>\n<div class=\"flex-layout-v\">\n<div class=\"flex-layout-h\">\n<div>\n<p>&nbsp;<\/p>\n<p>Sp\u00e9cifications<\/p>\n<\/div>\n<\/div>\n<\/div>\n<\/div>\n<\/div>\n<\/div>\n<\/div>\n<div class=\"editor-component-container-mask\">\n<table>\n<tbody>\n<tr>\n<td>article<\/td>\n<td>Convoyeur \/ Bande modulaire<\/td>\n<\/tr>\n<tr>\n<td>Garantie<\/td>\n<td>1 an<\/td>\n<\/tr>\n<tr>\n<td>Industries concern\u00e9es<\/td>\n<td>Usinage CNC Brochage, per\u00e7age, fraisage, autres services d'usinage, prototypage rapide, tournage,<\/td>\n<\/tr>\n<tr>\n<td>Lieu d'origine<\/td>\n<td>Chine<\/td>\n<\/tr>\n<tr>\n<td>Mat\u00e9riau<\/td>\n<td>Plastique\/acier inoxydable<\/td>\n<\/tr>\n<tr>\n<td>Nom de la marque<\/td>\n<td>Chenming<\/td>\n<\/tr>\n<tr>\n<td>Autres informations<\/td>\n<td>Contacter le service client\u00e8le<\/td>\n<\/tr>\n<\/tbody>\n<\/table>\n<\/div>\n<\/div>\n<\/div>\n<div class=\"editor-component-row editor-component-row-relative\" style=\"text-align: left;\">\n<div class=\"editor-component-container\">\n<div class=\"previewer-item-wrap\">\n<div id=\"43923592586\" class=\"J_module\">\n<div id=\"ali-anchor-AliMagic-mn754c\" data-reactroot=\"\" data-section=\"AliMagic-mn754c\" data-section-title=\"FAQ\">FAQ<\/div>\n<\/div>\n<\/div>\n<div class=\"editor-component-container-mask\"><\/div>\n<\/div>\n<\/div>\n<div class=\"editor-component-row editor-component-row-relative\" style=\"text-align: left;\">\n<div class=\"editor-component-container\">\n<div class=\"previewer-item-wrap\">\n<div id=\"43923592587\" class=\"J_module\">\n<div class=\"detail-decorate-json-renderer-container\" data-reactroot=\"\">\n<div>\n<div>\n<div>\n<div>\n<div class=\"preview-edit-text-editor\" data-reactroot=\"\">\n<div id=\"preview-edit-2\" class=\"content-editor\" tabindex=\"1\" contenteditable=\"true\"><b><\/b><b>Q : \u00cates-vous une soci\u00e9t\u00e9 commerciale ou un fabricant ?<\/b><br \/>\nR : Nous sommes une usine. <b>Q2 : Acceptez-vous les OEM ou ODM ? <\/b>A2:Oui, mais nous avons des exigences de quantit\u00e9, veuillez nous contacter directement. <b>Q3:Quel est le mode de paiement de votre entreprise ? <\/b>A3:T\/T, L\/C \u00e0 vue, Paypal, Western Union <b>Q4:Quel est le mode d'exp\u00e9dition ? <\/b>A4:Par voie maritime, a\u00e9rienne, Fedex, DHL, UPS, TNT, etc.<\/p>\n<div><\/div>\n<div><b><\/b><b>Q5 : Quel est le d\u00e9lai de livraison ?<\/b><br \/>\nA5 : En g\u00e9n\u00e9ral, le d\u00e9lai est de 5 \u00e0 10 jours si les marchandises sont en stock, ou de 15 \u00e0 20 jours si les marchandises ne sont pas en stock, en fonction de l'\u00e9tat des stocks.<br \/>\nquantit\u00e9.<b>Q6 : Comment est votre service ?<\/b><br \/>\nA6\uff1aDon't worry, we have professionals at your service 24 hours a day.<\/div>\n<div><span style=\"color: #f21313;\"><b>\u00a0<\/b><\/span><\/div>\n<\/div>\n<\/div>\n<\/div>\n<\/div>\n<\/div>\n<\/div>\n<\/div>\n<\/div>\n<\/div>\n<\/div>\n<\/div>","protected":false},"excerpt":{"rendered":"<p>400\u7cfb\u5217\u6a21\u5757\u5316\u76ae\u5e26\u7269\u6d41\u5206\u62e3\u5851\u6599\u7403\u8f93\u9001\u5e26POM\u8f93\u9001\u5e26<\/p>","protected":false},"featured_media":4665,"template":"","meta":{"_acf_changed":false,"_seopress_robots_primary_cat":"none","_seopress_titles_title":"Logistics Industry Durable Plastic Roller Top Belt Heavy Transport 400 Series Ball Mesh Belt 400 Plastic Conveyor Chain Belt","_seopress_titles_desc":"400 Series Modular Belt Logistics sorting Plastic Ball Conveyor Belt POM Conveyor Belt","_seopress_robots_index":"","_uag_custom_page_level_css":"","site-sidebar-layout":"default","site-content-layout":"","ast-site-content-layout":"default","site-content-style":"default","site-sidebar-style":"default","ast-global-header-display":"","ast-banner-title-visibility":"","ast-main-header-display":"","ast-hfb-above-header-display":"","ast-hfb-below-header-display":"","ast-hfb-mobile-header-display":"","site-post-title":"","ast-breadcrumbs-content":"","ast-featured-img":"","footer-sml-layout":"","theme-transparent-header-meta":"default","adv-header-id-meta":"","stick-header-meta":"","header-above-stick-meta":"","header-main-stick-meta":"","header-below-stick-meta":"","astra-migrate-meta-layouts":"set","ast-page-background-enabled":"default","ast-page-background-meta":{"desktop":{"background-color":"","background-image":"","background-repeat":"repeat","background-position":"center center","background-size":"auto","background-attachment":"scroll","background-type":"","background-media":"","overlay-type":"","overlay-color":"","overlay-opacity":"","overlay-gradient":""},"tablet":{"background-color":"","background-image":"","background-repeat":"repeat","background-position":"center center","background-size":"auto","background-attachment":"scroll","background-type":"","background-media":"","overlay-type":"","overlay-color":"","overlay-opacity":"","overlay-gradient":""},"mobile":{"background-color":"","background-image":"","background-repeat":"repeat","background-position":"center center","background-size":"auto","background-attachment":"scroll","background-type":"","background-media":"","overlay-type":"","overlay-color":"","overlay-opacity":"","overlay-gradient":""}},"ast-content-background-meta":{"desktop":{"background-color":"var(--ast-global-color-5)","background-image":"","background-repeat":"repeat","background-position":"center center","background-size":"auto","background-attachment":"scroll","background-type":"","background-media":"","overlay-type":"","overlay-color":"","overlay-opacity":"","overlay-gradient":""},"tablet":{"background-color":"var(--ast-global-color-5)","background-image":"","background-repeat":"repeat","background-position":"center center","background-size":"auto","background-attachment":"scroll","background-type":"","background-media":"","overlay-type":"","overlay-color":"","overlay-opacity":"","overlay-gradient":""},"mobile":{"background-color":"var(--ast-global-color-5)","background-image":"","background-repeat":"repeat","background-position":"center center","background-size":"auto","background-attachment":"scroll","background-type":"","background-media":"","overlay-type":"","overlay-color":"","overlay-opacity":"","overlay-gradient":""}}},"product_brand":[131],"product_cat":[94],"product_tag":[143,142,144,145],"class_list":{"0":"post-4656","1":"product","2":"type-product","3":"status-publish","4":"has-post-thumbnail","6":"product_brand-chenming","7":"product_cat-modualr-belt-conveyor","8":"product_tag-400-plastic-roller-conveyor-chain-belt","9":"product_tag-modular-plastic-conveyor-belt","10":"product_tag-plastic-material-conveyor-belt","11":"product_tag-pom-material-conveyor-belt","12":"desktop-align-center","13":"tablet-align-center","14":"mobile-align-left","15":"ast-product-gallery-layout-horizontal-slider","16":"ast-product-tabs-layout-horizontal","17":"ast-qv-on-image","19":"first","20":"instock","21":"sale","22":"shipping-taxable","23":"purchasable","24":"product-type-simple"},"acf":[],"uagb_featured_image_src":{"full":["https:\/\/www.ai-chenming.com\/wp-content\/uploads\/2025\/08\/35737c9d-b166-4785-98b1-ada5be7b29dd.png",640,640,false],"thumbnail":["https:\/\/www.ai-chenming.com\/wp-content\/uploads\/2025\/08\/35737c9d-b166-4785-98b1-ada5be7b29dd-150x150.png",150,150,true],"medium":["https:\/\/www.ai-chenming.com\/wp-content\/uploads\/2025\/08\/35737c9d-b166-4785-98b1-ada5be7b29dd-300x300.png",300,300,true],"medium_large":["https:\/\/www.ai-chenming.com\/wp-content\/uploads\/2025\/08\/35737c9d-b166-4785-98b1-ada5be7b29dd.png",640,640,false],"large":["https:\/\/www.ai-chenming.com\/wp-content\/uploads\/2025\/08\/35737c9d-b166-4785-98b1-ada5be7b29dd.png",640,640,false],"1536x1536":["https:\/\/www.ai-chenming.com\/wp-content\/uploads\/2025\/08\/35737c9d-b166-4785-98b1-ada5be7b29dd.png",640,640,false],"2048x2048":["https:\/\/www.ai-chenming.com\/wp-content\/uploads\/2025\/08\/35737c9d-b166-4785-98b1-ada5be7b29dd.png",640,640,false],"trp-custom-language-flag":["https:\/\/www.ai-chenming.com\/wp-content\/uploads\/2025\/08\/35737c9d-b166-4785-98b1-ada5be7b29dd-12x12.png",12,12,true],"woocommerce_thumbnail":["https:\/\/www.ai-chenming.com\/wp-content\/uploads\/2025\/08\/35737c9d-b166-4785-98b1-ada5be7b29dd-450x450.png",450,450,true],"woocommerce_single":["https:\/\/www.ai-chenming.com\/wp-content\/uploads\/2025\/08\/35737c9d-b166-4785-98b1-ada5be7b29dd-600x600.png",600,600,true],"woocommerce_gallery_thumbnail":["https:\/\/www.ai-chenming.com\/wp-content\/uploads\/2025\/08\/35737c9d-b166-4785-98b1-ada5be7b29dd-100x100.png",100,100,true]},"uagb_author_info":{"display_name":"chenming","author_link":"https:\/\/www.ai-chenming.com\/fr\/author\/"},"uagb_comment_info":0,"uagb_excerpt":"400\u7cfb\u5217\u6a21\u5757\u5316\u76ae\u5e26\u7269\u6d41\u5206\u62e3\u5851\u6599\u7403\u8f93\u9001\u5e26POM\u8f93\u9001\u5e26","_links":{"self":[{"href":"https:\/\/www.ai-chenming.com\/fr\/wp-json\/wp\/v2\/product\/4656","targetHints":{"allow":["GET"]}}],"collection":[{"href":"https:\/\/www.ai-chenming.com\/fr\/wp-json\/wp\/v2\/product"}],"about":[{"href":"https:\/\/www.ai-chenming.com\/fr\/wp-json\/wp\/v2\/types\/product"}],"wp:featuredmedia":[{"embeddable":true,"href":"https:\/\/www.ai-chenming.com\/fr\/wp-json\/wp\/v2\/media\/4665"}],"wp:attachment":[{"href":"https:\/\/www.ai-chenming.com\/fr\/wp-json\/wp\/v2\/media?parent=4656"}],"wp:term":[{"taxonomy":"product_brand","embeddable":true,"href":"https:\/\/www.ai-chenming.com\/fr\/wp-json\/wp\/v2\/product_brand?post=4656"},{"taxonomy":"product_cat","embeddable":true,"href":"https:\/\/www.ai-chenming.com\/fr\/wp-json\/wp\/v2\/product_cat?post=4656"},{"taxonomy":"product_tag","embeddable":true,"href":"https:\/\/www.ai-chenming.com\/fr\/wp-json\/wp\/v2\/product_tag?post=4656"}],"curies":[{"name":"wp","href":"https:\/\/api.w.org\/{rel}","templated":true}]}}