{"id":4630,"date":"2025-08-28T02:30:55","date_gmt":"2025-08-28T02:30:55","guid":{"rendered":"https:\/\/www.ai-chenming.com\/?post_type=product&#038;p=4630"},"modified":"2025-09-28T08:50:41","modified_gmt":"2025-09-28T08:50:41","slug":"modular-belt-cooling-tower-conveyor-bakery-factory-fully-automatic-food-spiral-cooling-tower-double-spiral-freezer-buffer-tower","status":"publish","type":"product","link":"https:\/\/www.ai-chenming.com\/fr\/produit\/modular-belt-cooling-tower-conveyor-bakery-factory-fully-automatic-food-spiral-cooling-tower-double-spiral-freezer-buffer-tower\/","title":{"rendered":"Tour de refroidissement modulaire \u00e0 bande Convoyeur boulangerie Usine enti\u00e8rement automatique Tour de refroidissement alimentaire en spirale\/Cong\u00e9lateur \u00e0 double spirale\/Tour de stockage"},"content":{"rendered":"<div class=\"editor-component-row editor-component-row-relative\">\n<div class=\"editor-component-container\">\n<div class=\"previewer-item-wrap\">\n<div id=\"43721051369\" class=\"J_module\"><\/div>\n<\/div>\n<\/div>\n<\/div>\n<div class=\"editor-component-row editor-component-row-relative\" style=\"text-align: left;\">\n<div class=\"editor-component-container\">\n<div class=\"previewer-item-wrap\">\n<div id=\"43721051371\" class=\"J_module\">\n<div class=\"icbu-pc-images\" data-reactroot=\"\">\n<div class=\"flex-layout-h\">\n<div class=\"flex-layout-v\">\n<div class=\"preview-image-edit\">\n<div class=\"preview-edit-image-item\" data-reactroot=\"\"><span style=\"font-size: 16px;\">Caract\u00e9ristiques du produit<\/span><\/div>\n<\/div>\n<\/div>\n<div class=\"text-wrapper\">\n<div class=\"text-wrapper-right text-theme-light text-align-left\">\n<div class=\"text-title\" data-id=\"right-title\">\n<div class=\"preview-edit-text-editor\" data-reactroot=\"\">\n<div id=\"preview-edit-2\" class=\"content-editor\" tabindex=\"1\" contenteditable=\"true\">\n<div><img alt=\"\" fetchpriority=\"high\" decoding=\"async\" class=\"wp-image-7034 aligncenter\" src=\"https:\/\/www.ai-chenming.com\/wp-content\/uploads\/2025\/09\/87-300x300.png\" width=\"362\" height=\"362\" srcset=\"https:\/\/www.ai-chenming.com\/wp-content\/uploads\/2025\/09\/87-300x300.png 300w, https:\/\/www.ai-chenming.com\/wp-content\/uploads\/2025\/09\/87-150x150.png 150w, https:\/\/www.ai-chenming.com\/wp-content\/uploads\/2025\/09\/87-12x12.png 12w, https:\/\/www.ai-chenming.com\/wp-content\/uploads\/2025\/09\/87-450x450.png 450w, https:\/\/www.ai-chenming.com\/wp-content\/uploads\/2025\/09\/87-600x600.png 600w, https:\/\/www.ai-chenming.com\/wp-content\/uploads\/2025\/09\/87-100x100.png 100w, https:\/\/www.ai-chenming.com\/wp-content\/uploads\/2025\/09\/87.png 640w\" sizes=\"(max-width: 362px) 100vw, 362px\" \/><\/div>\n<div>Les bandes modulaires (\u00e9galement appel\u00e9es bandes transporteuses modulaires) sont assembl\u00e9es \u00e0 partir de modules standardis\u00e9s. Elles permettent une personnalisation souple de la longueur et de la largeur, et peuvent r\u00e9aliser des trajectoires de transport complexes telles que les virages et les mont\u00e9es. Fabriqu\u00e9es dans des mat\u00e9riaux tels que les plastiques techniques de qualit\u00e9 alimentaire, elles sont r\u00e9sistantes \u00e0 l'usure et \u00e0 la corrosion. Leur surface peut \u00eatre con\u00e7ue avec des structures telles que des motifs antid\u00e9rapants et des d\u00e9flecteurs, ce qui les rend adapt\u00e9s au transport de divers mat\u00e9riaux. Gr\u00e2ce \u00e0 leur facilit\u00e9 d'entretien (les modules individuels peuvent \u00eatre remplac\u00e9s), ils sont largement utilis\u00e9s dans les industries alimentaires, pharmaceutiques, logistiques et \u00e9lectroniques, et constituent des supports efficaces et adaptables pour le transport automatis\u00e9.<\/div>\n<div><img alt=\"\" decoding=\"async\" class=\"wp-image-6753 aligncenter\" src=\"https:\/\/www.ai-chenming.com\/wp-content\/uploads\/2025\/09\/7-2-300x212.png\" width=\"364\" height=\"257\" srcset=\"https:\/\/www.ai-chenming.com\/wp-content\/uploads\/2025\/09\/7-2-300x212.png 300w, https:\/\/www.ai-chenming.com\/wp-content\/uploads\/2025\/09\/7-2-1024x724.png 1024w, https:\/\/www.ai-chenming.com\/wp-content\/uploads\/2025\/09\/7-2-768x543.png 768w, https:\/\/www.ai-chenming.com\/wp-content\/uploads\/2025\/09\/7-2-1536x1086.png 1536w, https:\/\/www.ai-chenming.com\/wp-content\/uploads\/2025\/09\/7-2-2048x1448.png 2048w, https:\/\/www.ai-chenming.com\/wp-content\/uploads\/2025\/09\/7-2-18x12.png 18w, https:\/\/www.ai-chenming.com\/wp-content\/uploads\/2025\/09\/7-2-600x424.png 600w\" sizes=\"(max-width: 364px) 100vw, 364px\" \/><\/div>\n<div><\/div>\n<div><b>* Conception modulaire : <\/b>Facile \u00e0 assembler et \u00e0 entretenir.<b>* Transport efficace : <\/b>Garantit un fonctionnement sans heurts et am\u00e9liore la productivit\u00e9.<\/p>\n<div><b>* Diff\u00e9rentes sp\u00e9cifications sont disponibles : <\/b>Personnalisable pour r\u00e9pondre aux diff\u00e9rents besoins des clients.<\/div>\n<div><b>* S\u00fbr et fiable : <\/b>La conception antid\u00e9rapante permet de r\u00e9duire<\/div>\n<\/div>\n<\/div>\n<\/div>\n<\/div>\n<\/div>\n<\/div>\n<\/div>\n<\/div>\n<\/div>\n<\/div>\n<\/div>\n<\/div>\n<div class=\"editor-component-row editor-component-row-relative\" style=\"text-align: left;\">\n<div class=\"editor-component-container\">\n<div class=\"editor-component-container-mask\">\n<table>\n<tbody>\n<tr>\n<td><b>Objet<\/b><\/td>\n<td>Convoyeur (personnalisation possible)<\/td>\n<\/tr>\n<tr>\n<td><b>Condition<\/b><\/td>\n<td>Nouveau<\/td>\n<\/tr>\n<tr>\n<td><b>Garantie<\/b><\/td>\n<td>1 an<\/td>\n<\/tr>\n<tr>\n<td><b>Industries concern\u00e9es<\/b><\/td>\n<td>Ateliers de r\u00e9paration de machines, usines de fabrication, usines de produits alimentaires et de boissons, magasins d'alimentation, travaux de construction, magasins de produits alimentaires et de boissons<\/td>\n<\/tr>\n<tr>\n<td><b>Poids (KG)<\/b><\/td>\n<td>1500<\/td>\n<\/tr>\n<tr>\n<td><b>Mat\u00e9riau<\/b><\/td>\n<td>SS304<\/td>\n<\/tr>\n<tr>\n<td><b>Ceinture<\/b><\/td>\n<td>Courroie modulaire en POM \/ Courroie \u00e0 mailles en SS304<\/td>\n<\/tr>\n<tr>\n<td><b>Tension<\/b><\/td>\n<td>220V\/380V\/415V ou tension locale du client<\/td>\n<\/tr>\n<tr>\n<td><b>VSD<\/b><\/td>\n<td>Disponible<\/td>\n<\/tr>\n<tr>\n<td><b>Moteur<\/b><\/td>\n<td>SITI \/ SEW<\/td>\n<\/tr>\n<tr>\n<td><b>Onduleur<\/b><\/td>\n<td>Danfoss<\/td>\n<\/tr>\n<tr>\n<td><b>Vitesse<\/b><\/td>\n<td>3-15 min<\/td>\n<\/tr>\n<tr>\n<td><b>Largeur de la bande<\/b><\/td>\n<td>250 - 1500mm<\/td>\n<\/tr>\n<tr>\n<td><b>Application<\/b><\/td>\n<td>Produits de boulangerie, g\u00e2teaux, pain, toasts, tarte aux \u0153ufs, pizzze et industrie alimentaire<\/td>\n<\/tr>\n<\/tbody>\n<\/table>\n<\/div>\n<\/div>\n<\/div>\n<div class=\"editor-component-row editor-component-row-relative\" style=\"text-align: left;\">\n<div class=\"editor-component-container\">\n<div class=\"previewer-item-wrap\">\n<div id=\"43721051391\" class=\"J_module\">\n<div id=\"ali-anchor-AliMagic-qjreho\" data-reactroot=\"\" data-section=\"AliMagic-qjreho\" data-section-title=\"FAQ\">FAQ<\/div>\n<\/div>\n<\/div>\n<div class=\"editor-component-container-mask\"><\/div>\n<\/div>\n<\/div>\n<div class=\"editor-component-row editor-component-row-relative\">\n<div class=\"editor-component-container\">\n<div class=\"previewer-item-wrap\">\n<div id=\"43721051392\" class=\"J_module\">\n<div class=\"detail-decorate-json-renderer-container\" data-reactroot=\"\">\n<div>\n<div>\n<div>\n<div>\n<div class=\"preview-edit-text-editor\" style=\"text-align: left;\" data-reactroot=\"\"><b>Q1 : Comment puis-je obtenir plus d'informations sur votre produit ? <\/b><\/div>\n<div class=\"preview-edit-text-editor\" style=\"text-align: left;\" data-reactroot=\"\">A1:Vous pouvez nous envoyer un courriel ou demander \u00e0 nos repr\u00e9sentants en ligne de vous envoyer le dernier catalogue et la liste de prix.<\/div>\n<div style=\"text-align: left;\" data-reactroot=\"\"><\/div>\n<div class=\"preview-edit-text-editor\" style=\"text-align: left;\" data-reactroot=\"\"><b>Q2 : Acceptez-vous les OEM ou ODM ? <\/b><\/div>\n<div class=\"preview-edit-text-editor\" style=\"text-align: left;\" data-reactroot=\"\">A2:Oui, mais nous avons des exigences de quantit\u00e9, veuillez nous contacter directement.<\/div>\n<div style=\"text-align: left;\" data-reactroot=\"\"><\/div>\n<div class=\"preview-edit-text-editor\" style=\"text-align: left;\" data-reactroot=\"\"><b>Q3:Quel est le mode de paiement de votre entreprise ?<\/b><\/div>\n<div class=\"preview-edit-text-editor\" style=\"text-align: left;\" data-reactroot=\"\"><b> <\/b>A3:T\/T, L\/C \u00e0 vue, Paypal, Western Union.<\/div>\n<div style=\"text-align: left;\" data-reactroot=\"\"><\/div>\n<div class=\"preview-edit-text-editor\" style=\"text-align: left;\" data-reactroot=\"\"><b>Q4:Quel est le mode d'exp\u00e9dition ?<\/b><\/div>\n<div class=\"preview-edit-text-editor\" data-reactroot=\"\">\n<p style=\"text-align: left;\">A4:Par voie maritime, a\u00e9rienne, Fedex, DHL, UPS, TNT, etc.<\/p>\n<div style=\"text-align: left;\"><\/div>\n<div style=\"text-align: left;\"><b>Q5:Quel est le mode d'exp\u00e9dition ?<\/b><br \/>\nA4:Par voie maritime, a\u00e9rienne, Fedex, DHL, UPS, TNT, etc.<b>Q6 : Comment est votre service ?<\/b><br \/>\nA5\uff1aNe vous inqui\u00e9tez pas, nous avons des professionnels \u00e0 votre service 24 heures par jour.<\/div>\n<\/div>\n<\/div>\n<\/div>\n<\/div>\n<\/div>\n<\/div>\n<\/div>\n<\/div>\n<\/div>\n<\/div>","protected":false},"excerpt":{"rendered":"<p>Syst\u00e8me de refroidissement et de cong\u00e9lation \u00e0 haute efficacit\u00e9 pour la boulangerie et l'industrie alimentaire, fonctionnement continu et conception peu encombrante<\/p>","protected":false},"featured_media":4637,"template":"","meta":{"_acf_changed":false,"_seopress_robots_primary_cat":"none","_seopress_titles_title":"Modular Belt Cooling Tower\/ Spiral Cooling Tower\/Double Spiral Freezer\/Buffer Tower","_seopress_titles_desc":"High Efficiency Cooling & Freezing System for Bakery and Food Industry, Continuous Operation & Space Saving Design","_seopress_robots_index":"","_uag_custom_page_level_css":"","site-sidebar-layout":"default","site-content-layout":"","ast-site-content-layout":"default","site-content-style":"default","site-sidebar-style":"default","ast-global-header-display":"","ast-banner-title-visibility":"","ast-main-header-display":"","ast-hfb-above-header-display":"","ast-hfb-below-header-display":"","ast-hfb-mobile-header-display":"","site-post-title":"","ast-breadcrumbs-content":"","ast-featured-img":"","footer-sml-layout":"","theme-transparent-header-meta":"default","adv-header-id-meta":"","stick-header-meta":"","header-above-stick-meta":"","header-main-stick-meta":"","header-below-stick-meta":"","astra-migrate-meta-layouts":"set","ast-page-background-enabled":"default","ast-page-background-meta":{"desktop":{"background-color":"","background-image":"","background-repeat":"repeat","background-position":"center center","background-size":"auto","background-attachment":"scroll","background-type":"","background-media":"","overlay-type":"","overlay-color":"","overlay-opacity":"","overlay-gradient":""},"tablet":{"background-color":"","background-image":"","background-repeat":"repeat","background-position":"center center","background-size":"auto","background-attachment":"scroll","background-type":"","background-media":"","overlay-type":"","overlay-color":"","overlay-opacity":"","overlay-gradient":""},"mobile":{"background-color":"","background-image":"","background-repeat":"repeat","background-position":"center center","background-size":"auto","background-attachment":"scroll","background-type":"","background-media":"","overlay-type":"","overlay-color":"","overlay-opacity":"","overlay-gradient":""}},"ast-content-background-meta":{"desktop":{"background-color":"var(--ast-global-color-5)","background-image":"","background-repeat":"repeat","background-position":"center center","background-size":"auto","background-attachment":"scroll","background-type":"","background-media":"","overlay-type":"","overlay-color":"","overlay-opacity":"","overlay-gradient":""},"tablet":{"background-color":"var(--ast-global-color-5)","background-image":"","background-repeat":"repeat","background-position":"center center","background-size":"auto","background-attachment":"scroll","background-type":"","background-media":"","overlay-type":"","overlay-color":"","overlay-opacity":"","overlay-gradient":""},"mobile":{"background-color":"var(--ast-global-color-5)","background-image":"","background-repeat":"repeat","background-position":"center center","background-size":"auto","background-attachment":"scroll","background-type":"","background-media":"","overlay-type":"","overlay-color":"","overlay-opacity":"","overlay-gradient":""}}},"product_brand":[131],"product_cat":[94],"product_tag":[128,130,129,127],"class_list":{"0":"post-4630","1":"product","2":"type-product","3":"status-publish","4":"has-post-thumbnail","6":"product_brand-chenming","7":"product_cat-modualr-belt-conveyor","8":"product_tag-air-cooling-spiral-tower","9":"product_tag-bread-cooling-machine","10":"product_tag-double-spiral-freezer","11":"product_tag-spiral-cooling-tower","12":"desktop-align-center","13":"tablet-align-center","14":"mobile-align-left","15":"ast-product-gallery-layout-horizontal-slider","16":"ast-product-tabs-layout-horizontal","17":"ast-qv-on-image","19":"first","20":"instock","21":"sale","22":"shipping-taxable","23":"purchasable","24":"product-type-simple"},"acf":[],"uagb_featured_image_src":{"full":["https:\/\/www.ai-chenming.com\/wp-content\/uploads\/2025\/08\/f34291b7-d1c4-423e-8c7c-4b6c71dce5ad.png",640,640,false],"thumbnail":["https:\/\/www.ai-chenming.com\/wp-content\/uploads\/2025\/08\/f34291b7-d1c4-423e-8c7c-4b6c71dce5ad-150x150.png",150,150,true],"medium":["https:\/\/www.ai-chenming.com\/wp-content\/uploads\/2025\/08\/f34291b7-d1c4-423e-8c7c-4b6c71dce5ad-300x300.png",300,300,true],"medium_large":["https:\/\/www.ai-chenming.com\/wp-content\/uploads\/2025\/08\/f34291b7-d1c4-423e-8c7c-4b6c71dce5ad.png",640,640,false],"large":["https:\/\/www.ai-chenming.com\/wp-content\/uploads\/2025\/08\/f34291b7-d1c4-423e-8c7c-4b6c71dce5ad.png",640,640,false],"1536x1536":["https:\/\/www.ai-chenming.com\/wp-content\/uploads\/2025\/08\/f34291b7-d1c4-423e-8c7c-4b6c71dce5ad.png",640,640,false],"2048x2048":["https:\/\/www.ai-chenming.com\/wp-content\/uploads\/2025\/08\/f34291b7-d1c4-423e-8c7c-4b6c71dce5ad.png",640,640,false],"trp-custom-language-flag":["https:\/\/www.ai-chenming.com\/wp-content\/uploads\/2025\/08\/f34291b7-d1c4-423e-8c7c-4b6c71dce5ad-12x12.png",12,12,true],"woocommerce_thumbnail":["https:\/\/www.ai-chenming.com\/wp-content\/uploads\/2025\/08\/f34291b7-d1c4-423e-8c7c-4b6c71dce5ad-450x450.png",450,450,true],"woocommerce_single":["https:\/\/www.ai-chenming.com\/wp-content\/uploads\/2025\/08\/f34291b7-d1c4-423e-8c7c-4b6c71dce5ad-600x600.png",600,600,true],"woocommerce_gallery_thumbnail":["https:\/\/www.ai-chenming.com\/wp-content\/uploads\/2025\/08\/f34291b7-d1c4-423e-8c7c-4b6c71dce5ad-100x100.png",100,100,true]},"uagb_author_info":{"display_name":"chenming","author_link":"https:\/\/www.ai-chenming.com\/fr\/author\/"},"uagb_comment_info":0,"uagb_excerpt":"High Efficiency Cooling &amp; Freezing System for Bakery and Food Industry, Continuous Operation &amp; Space Saving Design","_links":{"self":[{"href":"https:\/\/www.ai-chenming.com\/fr\/wp-json\/wp\/v2\/product\/4630","targetHints":{"allow":["GET"]}}],"collection":[{"href":"https:\/\/www.ai-chenming.com\/fr\/wp-json\/wp\/v2\/product"}],"about":[{"href":"https:\/\/www.ai-chenming.com\/fr\/wp-json\/wp\/v2\/types\/product"}],"wp:featuredmedia":[{"embeddable":true,"href":"https:\/\/www.ai-chenming.com\/fr\/wp-json\/wp\/v2\/media\/4637"}],"wp:attachment":[{"href":"https:\/\/www.ai-chenming.com\/fr\/wp-json\/wp\/v2\/media?parent=4630"}],"wp:term":[{"taxonomy":"product_brand","embeddable":true,"href":"https:\/\/www.ai-chenming.com\/fr\/wp-json\/wp\/v2\/product_brand?post=4630"},{"taxonomy":"product_cat","embeddable":true,"href":"https:\/\/www.ai-chenming.com\/fr\/wp-json\/wp\/v2\/product_cat?post=4630"},{"taxonomy":"product_tag","embeddable":true,"href":"https:\/\/www.ai-chenming.com\/fr\/wp-json\/wp\/v2\/product_tag?post=4630"}],"curies":[{"name":"wp","href":"https:\/\/api.w.org\/{rel}","templated":true}]}}