{"id":2862,"date":"2024-12-24T01:54:56","date_gmt":"2024-12-24T01:54:56","guid":{"rendered":"https:\/\/ai-chenming.com\/?post_type=product&#038;p=2862"},"modified":"2025-01-03T02:58:28","modified_gmt":"2025-01-03T02:58:28","slug":"821-double-hinged-straight-chain","status":"publish","type":"product","link":"https:\/\/www.ai-chenming.com\/fr\/produit\/821-double-hinged-straight-chain\/","title":{"rendered":"821 cha\u00eene droite \u00e0 double charni\u00e8re"},"content":{"rendered":"<p><img alt=\"\" fetchpriority=\"high\" decoding=\"async\" class=\"alignnone size-full wp-image-2841 aligncenter\" src=\"https:\/\/ai-chenming.com\/wp-content\/uploads\/2024\/12\/879-1.jpg\" width=\"800\" height=\"800\" srcset=\"https:\/\/www.ai-chenming.com\/wp-content\/uploads\/2024\/12\/879-1.jpg 800w, https:\/\/www.ai-chenming.com\/wp-content\/uploads\/2024\/12\/879-1-450x450.jpg 450w, https:\/\/www.ai-chenming.com\/wp-content\/uploads\/2024\/12\/879-1-100x100.jpg 100w, https:\/\/www.ai-chenming.com\/wp-content\/uploads\/2024\/12\/879-1-600x600.jpg 600w, https:\/\/www.ai-chenming.com\/wp-content\/uploads\/2024\/12\/879-1-300x300.jpg 300w, https:\/\/www.ai-chenming.com\/wp-content\/uploads\/2024\/12\/879-1-150x150.jpg 150w, https:\/\/www.ai-chenming.com\/wp-content\/uploads\/2024\/12\/879-1-768x768.jpg 768w, https:\/\/www.ai-chenming.com\/wp-content\/uploads\/2024\/12\/879-1-12x12.jpg 12w\" sizes=\"(max-width: 800px) 100vw, 800px\" \/><br \/>\n<img alt=\"\" decoding=\"async\" class=\"alignnone size-full wp-image-2842 aligncenter\" src=\"https:\/\/ai-chenming.com\/wp-content\/uploads\/2024\/12\/\u8868\u9762\u52a0\u6a61\u80f6-1.jpg\" width=\"800\" height=\"800\" srcset=\"https:\/\/www.ai-chenming.com\/wp-content\/uploads\/2024\/12\/\u8868\u9762\u52a0\u6a61\u80f6-1.jpg 800w, https:\/\/www.ai-chenming.com\/wp-content\/uploads\/2024\/12\/\u8868\u9762\u52a0\u6a61\u80f6-1-450x450.jpg 450w, https:\/\/www.ai-chenming.com\/wp-content\/uploads\/2024\/12\/\u8868\u9762\u52a0\u6a61\u80f6-1-100x100.jpg 100w, https:\/\/www.ai-chenming.com\/wp-content\/uploads\/2024\/12\/\u8868\u9762\u52a0\u6a61\u80f6-1-600x600.jpg 600w, https:\/\/www.ai-chenming.com\/wp-content\/uploads\/2024\/12\/\u8868\u9762\u52a0\u6a61\u80f6-1-300x300.jpg 300w, https:\/\/www.ai-chenming.com\/wp-content\/uploads\/2024\/12\/\u8868\u9762\u52a0\u6a61\u80f6-1-150x150.jpg 150w, https:\/\/www.ai-chenming.com\/wp-content\/uploads\/2024\/12\/\u8868\u9762\u52a0\u6a61\u80f6-1-768x768.jpg 768w, https:\/\/www.ai-chenming.com\/wp-content\/uploads\/2024\/12\/\u8868\u9762\u52a0\u6a61\u80f6-1-12x12.jpg 12w\" sizes=\"(max-width: 800px) 100vw, 800px\" \/><br \/>\n<img alt=\"\" decoding=\"async\" class=\"alignnone size-full wp-image-2843 aligncenter\" src=\"https:\/\/ai-chenming.com\/wp-content\/uploads\/2024\/12\/\u76f4\u884c\u94fe\u677f\u5e26\u9f7f\u8f6e-1.jpg\" width=\"800\" height=\"800\" srcset=\"https:\/\/www.ai-chenming.com\/wp-content\/uploads\/2024\/12\/\u76f4\u884c\u94fe\u677f\u5e26\u9f7f\u8f6e-1.jpg 800w, https:\/\/www.ai-chenming.com\/wp-content\/uploads\/2024\/12\/\u76f4\u884c\u94fe\u677f\u5e26\u9f7f\u8f6e-1-450x450.jpg 450w, https:\/\/www.ai-chenming.com\/wp-content\/uploads\/2024\/12\/\u76f4\u884c\u94fe\u677f\u5e26\u9f7f\u8f6e-1-100x100.jpg 100w, https:\/\/www.ai-chenming.com\/wp-content\/uploads\/2024\/12\/\u76f4\u884c\u94fe\u677f\u5e26\u9f7f\u8f6e-1-600x600.jpg 600w, https:\/\/www.ai-chenming.com\/wp-content\/uploads\/2024\/12\/\u76f4\u884c\u94fe\u677f\u5e26\u9f7f\u8f6e-1-300x300.jpg 300w, https:\/\/www.ai-chenming.com\/wp-content\/uploads\/2024\/12\/\u76f4\u884c\u94fe\u677f\u5e26\u9f7f\u8f6e-1-150x150.jpg 150w, https:\/\/www.ai-chenming.com\/wp-content\/uploads\/2024\/12\/\u76f4\u884c\u94fe\u677f\u5e26\u9f7f\u8f6e-1-768x768.jpg 768w, https:\/\/www.ai-chenming.com\/wp-content\/uploads\/2024\/12\/\u76f4\u884c\u94fe\u677f\u5e26\u9f7f\u8f6e-1-12x12.jpg 12w\" sizes=\"(max-width: 800px) 100vw, 800px\" \/><br \/>\n<img alt=\"\" loading=\"lazy\" decoding=\"async\" class=\"alignnone size-full wp-image-2844 aligncenter\" src=\"https:\/\/ai-chenming.com\/wp-content\/uploads\/2024\/12\/\u76f4\u884c\u8bbe\u59071-1.jpg\" width=\"800\" height=\"800\" srcset=\"https:\/\/www.ai-chenming.com\/wp-content\/uploads\/2024\/12\/\u76f4\u884c\u8bbe\u59071-1.jpg 800w, https:\/\/www.ai-chenming.com\/wp-content\/uploads\/2024\/12\/\u76f4\u884c\u8bbe\u59071-1-450x450.jpg 450w, https:\/\/www.ai-chenming.com\/wp-content\/uploads\/2024\/12\/\u76f4\u884c\u8bbe\u59071-1-100x100.jpg 100w, https:\/\/www.ai-chenming.com\/wp-content\/uploads\/2024\/12\/\u76f4\u884c\u8bbe\u59071-1-600x600.jpg 600w, https:\/\/www.ai-chenming.com\/wp-content\/uploads\/2024\/12\/\u76f4\u884c\u8bbe\u59071-1-300x300.jpg 300w, https:\/\/www.ai-chenming.com\/wp-content\/uploads\/2024\/12\/\u76f4\u884c\u8bbe\u59071-1-150x150.jpg 150w, https:\/\/www.ai-chenming.com\/wp-content\/uploads\/2024\/12\/\u76f4\u884c\u8bbe\u59071-1-768x768.jpg 768w, https:\/\/www.ai-chenming.com\/wp-content\/uploads\/2024\/12\/\u76f4\u884c\u8bbe\u59071-1-12x12.jpg 12w\" sizes=\"(max-width: 800px) 100vw, 800px\" \/><br \/>\n<img alt=\"\" loading=\"lazy\" decoding=\"async\" class=\"alignnone size-full wp-image-2845 aligncenter\" src=\"https:\/\/ai-chenming.com\/wp-content\/uploads\/2024\/12\/\u76f4\u884c\u8bbe\u59072\u53cc\u6392-1.png\" width=\"800\" height=\"800\" srcset=\"https:\/\/www.ai-chenming.com\/wp-content\/uploads\/2024\/12\/\u76f4\u884c\u8bbe\u59072\u53cc\u6392-1.png 800w, https:\/\/www.ai-chenming.com\/wp-content\/uploads\/2024\/12\/\u76f4\u884c\u8bbe\u59072\u53cc\u6392-1-450x450.png 450w, https:\/\/www.ai-chenming.com\/wp-content\/uploads\/2024\/12\/\u76f4\u884c\u8bbe\u59072\u53cc\u6392-1-100x100.png 100w, https:\/\/www.ai-chenming.com\/wp-content\/uploads\/2024\/12\/\u76f4\u884c\u8bbe\u59072\u53cc\u6392-1-600x600.png 600w, https:\/\/www.ai-chenming.com\/wp-content\/uploads\/2024\/12\/\u76f4\u884c\u8bbe\u59072\u53cc\u6392-1-300x300.png 300w, https:\/\/www.ai-chenming.com\/wp-content\/uploads\/2024\/12\/\u76f4\u884c\u8bbe\u59072\u53cc\u6392-1-150x150.png 150w, https:\/\/www.ai-chenming.com\/wp-content\/uploads\/2024\/12\/\u76f4\u884c\u8bbe\u59072\u53cc\u6392-1-768x768.png 768w, https:\/\/www.ai-chenming.com\/wp-content\/uploads\/2024\/12\/\u76f4\u884c\u8bbe\u59072\u53cc\u6392-1-12x12.png 12w\" sizes=\"(max-width: 800px) 100vw, 800px\" \/><br \/>\n<img alt=\"\" loading=\"lazy\" decoding=\"async\" class=\"alignnone size-full wp-image-2846 aligncenter\" src=\"https:\/\/ai-chenming.com\/wp-content\/uploads\/2024\/12\/\u76f4\u884c\u8bbe\u59073\u7ec6\u8282-1.jpg\" width=\"800\" height=\"800\" srcset=\"https:\/\/www.ai-chenming.com\/wp-content\/uploads\/2024\/12\/\u76f4\u884c\u8bbe\u59073\u7ec6\u8282-1.jpg 800w, https:\/\/www.ai-chenming.com\/wp-content\/uploads\/2024\/12\/\u76f4\u884c\u8bbe\u59073\u7ec6\u8282-1-450x450.jpg 450w, https:\/\/www.ai-chenming.com\/wp-content\/uploads\/2024\/12\/\u76f4\u884c\u8bbe\u59073\u7ec6\u8282-1-100x100.jpg 100w, https:\/\/www.ai-chenming.com\/wp-content\/uploads\/2024\/12\/\u76f4\u884c\u8bbe\u59073\u7ec6\u8282-1-600x600.jpg 600w, https:\/\/www.ai-chenming.com\/wp-content\/uploads\/2024\/12\/\u76f4\u884c\u8bbe\u59073\u7ec6\u8282-1-300x300.jpg 300w, https:\/\/www.ai-chenming.com\/wp-content\/uploads\/2024\/12\/\u76f4\u884c\u8bbe\u59073\u7ec6\u8282-1-150x150.jpg 150w, https:\/\/www.ai-chenming.com\/wp-content\/uploads\/2024\/12\/\u76f4\u884c\u8bbe\u59073\u7ec6\u8282-1-768x768.jpg 768w, https:\/\/www.ai-chenming.com\/wp-content\/uploads\/2024\/12\/\u76f4\u884c\u8bbe\u59073\u7ec6\u8282-1-12x12.jpg 12w\" sizes=\"(max-width: 800px) 100vw, 800px\" \/><br \/>\n<img alt=\"\" loading=\"lazy\" decoding=\"async\" class=\"alignnone size-full wp-image-2847 aligncenter\" src=\"https:\/\/ai-chenming.com\/wp-content\/uploads\/2024\/12\/\u8f6c\u5f2f\u8bbe\u59071-1.png\" width=\"800\" height=\"800\" srcset=\"https:\/\/www.ai-chenming.com\/wp-content\/uploads\/2024\/12\/\u8f6c\u5f2f\u8bbe\u59071-1.png 800w, https:\/\/www.ai-chenming.com\/wp-content\/uploads\/2024\/12\/\u8f6c\u5f2f\u8bbe\u59071-1-450x450.png 450w, https:\/\/www.ai-chenming.com\/wp-content\/uploads\/2024\/12\/\u8f6c\u5f2f\u8bbe\u59071-1-100x100.png 100w, https:\/\/www.ai-chenming.com\/wp-content\/uploads\/2024\/12\/\u8f6c\u5f2f\u8bbe\u59071-1-600x600.png 600w, https:\/\/www.ai-chenming.com\/wp-content\/uploads\/2024\/12\/\u8f6c\u5f2f\u8bbe\u59071-1-300x300.png 300w, https:\/\/www.ai-chenming.com\/wp-content\/uploads\/2024\/12\/\u8f6c\u5f2f\u8bbe\u59071-1-150x150.png 150w, https:\/\/www.ai-chenming.com\/wp-content\/uploads\/2024\/12\/\u8f6c\u5f2f\u8bbe\u59071-1-768x768.png 768w, https:\/\/www.ai-chenming.com\/wp-content\/uploads\/2024\/12\/\u8f6c\u5f2f\u8bbe\u59071-1-12x12.png 12w\" sizes=\"(max-width: 800px) 100vw, 800px\" \/><br \/>\n<img alt=\"\" loading=\"lazy\" decoding=\"async\" class=\"alignnone size-full wp-image-2848 aligncenter\" src=\"https:\/\/ai-chenming.com\/wp-content\/uploads\/2024\/12\/\u8f6c\u5f2f\u8bbe\u59072\u591a\u6392-1.jpg\" width=\"800\" height=\"800\" srcset=\"https:\/\/www.ai-chenming.com\/wp-content\/uploads\/2024\/12\/\u8f6c\u5f2f\u8bbe\u59072\u591a\u6392-1.jpg 800w, https:\/\/www.ai-chenming.com\/wp-content\/uploads\/2024\/12\/\u8f6c\u5f2f\u8bbe\u59072\u591a\u6392-1-450x450.jpg 450w, https:\/\/www.ai-chenming.com\/wp-content\/uploads\/2024\/12\/\u8f6c\u5f2f\u8bbe\u59072\u591a\u6392-1-100x100.jpg 100w, https:\/\/www.ai-chenming.com\/wp-content\/uploads\/2024\/12\/\u8f6c\u5f2f\u8bbe\u59072\u591a\u6392-1-600x600.jpg 600w, https:\/\/www.ai-chenming.com\/wp-content\/uploads\/2024\/12\/\u8f6c\u5f2f\u8bbe\u59072\u591a\u6392-1-300x300.jpg 300w, https:\/\/www.ai-chenming.com\/wp-content\/uploads\/2024\/12\/\u8f6c\u5f2f\u8bbe\u59072\u591a\u6392-1-150x150.jpg 150w, https:\/\/www.ai-chenming.com\/wp-content\/uploads\/2024\/12\/\u8f6c\u5f2f\u8bbe\u59072\u591a\u6392-1-768x768.jpg 768w, https:\/\/www.ai-chenming.com\/wp-content\/uploads\/2024\/12\/\u8f6c\u5f2f\u8bbe\u59072\u591a\u6392-1-12x12.jpg 12w\" sizes=\"(max-width: 800px) 100vw, 800px\" \/><br \/>\n<img alt=\"\" loading=\"lazy\" decoding=\"async\" class=\"alignnone size-full wp-image-2849 aligncenter\" src=\"https:\/\/ai-chenming.com\/wp-content\/uploads\/2024\/12\/\u8f6c\u5f2f\u8bbe\u59073-1.png\" width=\"800\" height=\"800\" srcset=\"https:\/\/www.ai-chenming.com\/wp-content\/uploads\/2024\/12\/\u8f6c\u5f2f\u8bbe\u59073-1.png 800w, https:\/\/www.ai-chenming.com\/wp-content\/uploads\/2024\/12\/\u8f6c\u5f2f\u8bbe\u59073-1-450x450.png 450w, https:\/\/www.ai-chenming.com\/wp-content\/uploads\/2024\/12\/\u8f6c\u5f2f\u8bbe\u59073-1-100x100.png 100w, https:\/\/www.ai-chenming.com\/wp-content\/uploads\/2024\/12\/\u8f6c\u5f2f\u8bbe\u59073-1-600x600.png 600w, https:\/\/www.ai-chenming.com\/wp-content\/uploads\/2024\/12\/\u8f6c\u5f2f\u8bbe\u59073-1-300x300.png 300w, https:\/\/www.ai-chenming.com\/wp-content\/uploads\/2024\/12\/\u8f6c\u5f2f\u8bbe\u59073-1-150x150.png 150w, https:\/\/www.ai-chenming.com\/wp-content\/uploads\/2024\/12\/\u8f6c\u5f2f\u8bbe\u59073-1-768x768.png 768w, https:\/\/www.ai-chenming.com\/wp-content\/uploads\/2024\/12\/\u8f6c\u5f2f\u8bbe\u59073-1-12x12.png 12w\" sizes=\"(max-width: 800px) 100vw, 800px\" \/><br \/>\n<img alt=\"\" loading=\"lazy\" decoding=\"async\" class=\"alignnone size-full wp-image-2850 aligncenter\" src=\"https:\/\/ai-chenming.com\/wp-content\/uploads\/2024\/12\/\u8f6c\u5f2f\u8bbe\u59074-1.png\" width=\"800\" height=\"800\" srcset=\"https:\/\/www.ai-chenming.com\/wp-content\/uploads\/2024\/12\/\u8f6c\u5f2f\u8bbe\u59074-1.png 800w, https:\/\/www.ai-chenming.com\/wp-content\/uploads\/2024\/12\/\u8f6c\u5f2f\u8bbe\u59074-1-450x450.png 450w, https:\/\/www.ai-chenming.com\/wp-content\/uploads\/2024\/12\/\u8f6c\u5f2f\u8bbe\u59074-1-100x100.png 100w, https:\/\/www.ai-chenming.com\/wp-content\/uploads\/2024\/12\/\u8f6c\u5f2f\u8bbe\u59074-1-600x600.png 600w, https:\/\/www.ai-chenming.com\/wp-content\/uploads\/2024\/12\/\u8f6c\u5f2f\u8bbe\u59074-1-300x300.png 300w, https:\/\/www.ai-chenming.com\/wp-content\/uploads\/2024\/12\/\u8f6c\u5f2f\u8bbe\u59074-1-150x150.png 150w, https:\/\/www.ai-chenming.com\/wp-content\/uploads\/2024\/12\/\u8f6c\u5f2f\u8bbe\u59074-1-768x768.png 768w, https:\/\/www.ai-chenming.com\/wp-content\/uploads\/2024\/12\/\u8f6c\u5f2f\u8bbe\u59074-1-12x12.png 12w\" sizes=\"(max-width: 800px) 100vw, 800px\" \/><\/p>","protected":false},"excerpt":{"rendered":"","protected":false},"featured_media":2863,"template":"","meta":{"_acf_changed":false,"_seopress_robots_primary_cat":"none","_seopress_titles_title":"","_seopress_titles_desc":"","_seopress_robots_index":"","_uag_custom_page_level_css":"","site-sidebar-layout":"default","site-content-layout":"","ast-site-content-layout":"default","site-content-style":"default","site-sidebar-style":"default","ast-global-header-display":"","ast-banner-title-visibility":"","ast-main-header-display":"","ast-hfb-above-header-display":"","ast-hfb-below-header-display":"","ast-hfb-mobile-header-display":"","site-post-title":"","ast-breadcrumbs-content":"","ast-featured-img":"","footer-sml-layout":"","theme-transparent-header-meta":"default","adv-header-id-meta":"","stick-header-meta":"","header-above-stick-meta":"","header-main-stick-meta":"","header-below-stick-meta":"","astra-migrate-meta-layouts":"set","ast-page-background-enabled":"default","ast-page-background-meta":{"desktop":{"background-color":"","background-image":"","background-repeat":"repeat","background-position":"center center","background-size":"auto","background-attachment":"scroll","background-type":"","background-media":"","overlay-type":"","overlay-color":"","overlay-opacity":"","overlay-gradient":""},"tablet":{"background-color":"","background-image":"","background-repeat":"repeat","background-position":"center center","background-size":"auto","background-attachment":"scroll","background-type":"","background-media":"","overlay-type":"","overlay-color":"","overlay-opacity":"","overlay-gradient":""},"mobile":{"background-color":"","background-image":"","background-repeat":"repeat","background-position":"center center","background-size":"auto","background-attachment":"scroll","background-type":"","background-media":"","overlay-type":"","overlay-color":"","overlay-opacity":"","overlay-gradient":""}},"ast-content-background-meta":{"desktop":{"background-color":"var(--ast-global-color-5)","background-image":"","background-repeat":"repeat","background-position":"center center","background-size":"auto","background-attachment":"scroll","background-type":"","background-media":"","overlay-type":"","overlay-color":"","overlay-opacity":"","overlay-gradient":""},"tablet":{"background-color":"var(--ast-global-color-5)","background-image":"","background-repeat":"repeat","background-position":"center center","background-size":"auto","background-attachment":"scroll","background-type":"","background-media":"","overlay-type":"","overlay-color":"","overlay-opacity":"","overlay-gradient":""},"mobile":{"background-color":"var(--ast-global-color-5)","background-image":"","background-repeat":"repeat","background-position":"center center","background-size":"auto","background-attachment":"scroll","background-type":"","background-media":"","overlay-type":"","overlay-color":"","overlay-opacity":"","overlay-gradient":""}}},"product_brand":[],"product_cat":[93],"product_tag":[],"class_list":{"0":"post-2862","1":"product","2":"type-product","3":"status-publish","4":"has-post-thumbnail","6":"product_cat-plastic-modular-belt","7":"desktop-align-center","8":"tablet-align-center","9":"mobile-align-left","10":"ast-product-gallery-layout-horizontal-slider","11":"ast-product-gallery-with-no-image","12":"ast-product-tabs-layout-horizontal","13":"ast-qv-on-image","15":"first","16":"instock","17":"shipping-taxable","18":"product-type-simple"},"acf":[],"uagb_featured_image_src":{"full":["https:\/\/www.ai-chenming.com\/wp-content\/uploads\/2024\/12\/821\u53cc\u94f0\u76f4\u884c\u94fe1.jpg",800,800,false],"thumbnail":["https:\/\/www.ai-chenming.com\/wp-content\/uploads\/2024\/12\/821\u53cc\u94f0\u76f4\u884c\u94fe1-150x150.jpg",150,150,true],"medium":["https:\/\/www.ai-chenming.com\/wp-content\/uploads\/2024\/12\/821\u53cc\u94f0\u76f4\u884c\u94fe1-300x300.jpg",300,300,true],"medium_large":["https:\/\/www.ai-chenming.com\/wp-content\/uploads\/2024\/12\/821\u53cc\u94f0\u76f4\u884c\u94fe1-768x768.jpg",768,768,true],"large":["https:\/\/www.ai-chenming.com\/wp-content\/uploads\/2024\/12\/821\u53cc\u94f0\u76f4\u884c\u94fe1.jpg",800,800,false],"1536x1536":["https:\/\/www.ai-chenming.com\/wp-content\/uploads\/2024\/12\/821\u53cc\u94f0\u76f4\u884c\u94fe1.jpg",800,800,false],"2048x2048":["https:\/\/www.ai-chenming.com\/wp-content\/uploads\/2024\/12\/821\u53cc\u94f0\u76f4\u884c\u94fe1.jpg",800,800,false],"trp-custom-language-flag":["https:\/\/www.ai-chenming.com\/wp-content\/uploads\/2024\/12\/821\u53cc\u94f0\u76f4\u884c\u94fe1-12x12.jpg",12,12,true],"woocommerce_thumbnail":["https:\/\/www.ai-chenming.com\/wp-content\/uploads\/2024\/12\/821\u53cc\u94f0\u76f4\u884c\u94fe1-450x450.jpg",450,450,true],"woocommerce_single":["https:\/\/www.ai-chenming.com\/wp-content\/uploads\/2024\/12\/821\u53cc\u94f0\u76f4\u884c\u94fe1-600x600.jpg",600,600,true],"woocommerce_gallery_thumbnail":["https:\/\/www.ai-chenming.com\/wp-content\/uploads\/2024\/12\/821\u53cc\u94f0\u76f4\u884c\u94fe1-100x100.jpg",100,100,true]},"uagb_author_info":{"display_name":"jinxing6611@gmail.com","author_link":"https:\/\/www.ai-chenming.com\/fr\/author\/"},"uagb_comment_info":0,"uagb_excerpt":null,"_links":{"self":[{"href":"https:\/\/www.ai-chenming.com\/fr\/wp-json\/wp\/v2\/product\/2862","targetHints":{"allow":["GET"]}}],"collection":[{"href":"https:\/\/www.ai-chenming.com\/fr\/wp-json\/wp\/v2\/product"}],"about":[{"href":"https:\/\/www.ai-chenming.com\/fr\/wp-json\/wp\/v2\/types\/product"}],"wp:featuredmedia":[{"embeddable":true,"href":"https:\/\/www.ai-chenming.com\/fr\/wp-json\/wp\/v2\/media\/2863"}],"wp:attachment":[{"href":"https:\/\/www.ai-chenming.com\/fr\/wp-json\/wp\/v2\/media?parent=2862"}],"wp:term":[{"taxonomy":"product_brand","embeddable":true,"href":"https:\/\/www.ai-chenming.com\/fr\/wp-json\/wp\/v2\/product_brand?post=2862"},{"taxonomy":"product_cat","embeddable":true,"href":"https:\/\/www.ai-chenming.com\/fr\/wp-json\/wp\/v2\/product_cat?post=2862"},{"taxonomy":"product_tag","embeddable":true,"href":"https:\/\/www.ai-chenming.com\/fr\/wp-json\/wp\/v2\/product_tag?post=2862"}],"curies":[{"name":"wp","href":"https:\/\/api.w.org\/{rel}","templated":true}]}}