{"id":2139,"date":"2024-12-06T11:34:50","date_gmt":"2024-12-06T11:34:50","guid":{"rendered":"https:\/\/ai-chenming.com\/about-us\/"},"modified":"2025-01-24T15:23:45","modified_gmt":"2025-01-24T15:23:45","slug":"about-us","status":"publish","type":"page","link":"https:\/\/www.ai-chenming.com\/fr\/about-us\/","title":{"rendered":"\u00c0 propos de nous"},"content":{"rendered":"<h1>\n\t\t\t\t\t\u00c0 propos de nous\n\t\t\t\t<\/h1>\n\t\t\t<h3>\n\t\t\t\t\tNous nous effor\u00e7ons de vous fournir des bandes transporteuses \u00e0 modules divers et des accessoires connexes de haute qualit\u00e9.\n\t\t\t\t<\/h3>\n\t<p>Shandong Chenming Intelligent Equipment Co., Ltd. produit et vend principalement divers modules de bandes transporteuses, des \u00e9quipements automatis\u00e9s d'emballage, de palettisation, de remplissage et de transport, ainsi que des accessoires connexes. Chenming Intelligent est pr\u00eat \u00e0 vous fournir des services complets avec des normes professionnelles et une excellente qualit\u00e9.<\/p>\n\t\t\t<a href=\"\/product-category\/products\/\" target=\"_self\" role=\"button\">\n\t\t\t\t\t\tLire la suite\n\t\t<\/a>\n\t\t\t<h2>\n\t\t\t\t\tNotre entreprise\n\t\t\t\t<\/h2>\n\t\t\t<p>Shandong Chenming Intelligent Equipment Co. produit et vend principalement divers modules de bandes transporteuses, des \u00e9quipements automatis\u00e9s d'emballage, de palettisation, de remplissage et de transport, ainsi que des accessoires connexes ; le capital social s'\u00e9l\u00e8ve \u00e0 10 millions d'euros, ce qui permet d'\u00e9tendre l'\u00e9chelle et le march\u00e9.<\/p>\n\t\t\t\t<img decoding=\"async\" src=\"https:\/\/www.ai-chenming.com\/wp-content\/uploads\/2024\/12\/735f34cee745fbfc301122d101d3841.png\" alt=\"735f34cee745fbfc301122d101d3841\" \/>\n\t<p>Shandong Chenming Intelligent Equipment Co. Ltd. produit et vend principalement divers modules de bandes transporteuses, des \u00e9quipements automatis\u00e9s d'emballage, de palettisation, de remplissage et de transport, ainsi que des accessoires connexes ; le capital social est de 10 millions d'euros, ce qui permet d'\u00e9largir encore l'\u00e9chelle et le march\u00e9. Chenming Intelligent Company a coop\u00e9r\u00e9 avec de nombreuses entreprises de renom dans le pays et \u00e0 l'\u00e9tranger, et a acquis une bonne r\u00e9putation aupr\u00e8s de ses clients. Nos produits sont largement utilis\u00e9s dans diverses industries telles que l'alimentation et les boissons, la logistique express, le nettoyage des l\u00e9gumes, le remplissage et le transport, les produits laitiers, le tabac, les produits chimiques quotidiens, l'emballage et la mise en conserve, les pneus en caoutchouc, la transformation de la viande et des fruits de mer, les batteries, les produits pharmaceutiques chimiques, etc. Tout en d\u00e9veloppant continuellement de nouveaux produits, nous disposons \u00e9galement d'un groupe d'\u00e9quipes de vente et de personnel technique qui a grandi avec l'entreprise pendant de nombreuses ann\u00e9es. Nous nous engageons non seulement \u00e0 fournir des produits de haute qualit\u00e9, mais aussi \u00e0 offrir des conseils professionnels et un service apr\u00e8s-vente \u00e0 nos clients. Nous vous invitons \u00e0 discuter avec nous des questions d'automatisation. Notre soci\u00e9t\u00e9 est pr\u00eate \u00e0 vous fournir des services complets avec des normes professionnelles et une excellente qualit\u00e9.<\/p>\n\t\t\t<h2>\n\t\t\t\t\tNotre usine\n\t\t\t\t<\/h2>\n\t\t\t<p>Nous disposons d'\u00e9quipements de production avanc\u00e9s pour fabriquer d'excellents produits. Nous disposons d'un environnement de travail propre et rafra\u00eechissant.<\/p>\n\t\t\t\t<img fetchpriority=\"high\" decoding=\"async\" src=\"https:\/\/www.ai-chenming.com\/wp-content\/uploads\/2024\/12\/\u529e\u516c\u5ba4.jpg\" alt=\"\u529e\u516c\u5ba4\" height=\"750\" width=\"1000\" title=\"\u529e\u516c\u5ba4\" \/>\n\t\t\t\t<img decoding=\"async\" src=\"https:\/\/ai-chenming.com\/wp-content\/uploads\/2024\/12\/\u8f66\u95f4\u4ed3\u5e93.jpg\" alt=\"\u8f66\u95f4\u4ed3\u5e93\" title=\"\u8f66\u95f4\u4ed3\u5e93\" \/>\n\t\t\t\t<img decoding=\"async\" src=\"https:\/\/ai-chenming.com\/wp-content\/uploads\/2024\/12\/\u8f66\u95f4\u88c5\u914d.jpg\" alt=\"\u8f66\u95f4\u88c5\u914d\" title=\"\u8f66\u95f4\u88c5\u914d\" \/>\n\t\t\t\t<img decoding=\"async\" src=\"https:\/\/ai-chenming.com\/wp-content\/uploads\/2024\/12\/\u5de5\u5382\u8f66\u95f42.jpg\" alt=\"\u5de5\u5382\u8f66\u95f42\" title=\"\u5de5\u5382\u8f66\u95f42\" \/>\n\t\t\t\t<img decoding=\"async\" src=\"https:\/\/ai-chenming.com\/wp-content\/uploads\/2024\/12\/\u5de5\u5382\u8f66\u95f43.jpg\" alt=\"\u5de5\u5382\u8f66\u95f43\" title=\"\u5de5\u5382\u8f66\u95f43\" \/>\n\t\t\t\t<img decoding=\"async\" src=\"https:\/\/ai-chenming.com\/wp-content\/uploads\/2024\/12\/\u5de5\u5382\u8f66\u95f41.jpg\" alt=\"\u5de5\u5382\u8f66\u95f41\" title=\"\u5de5\u5382\u8f66\u95f41\" \/>\n\t\t\t\t<img decoding=\"async\" src=\"https:\/\/ai-chenming.com\/wp-content\/uploads\/2024\/12\/\u8f66\u95f4\u88c5\u914d.jpg\" alt=\"\u8f66\u95f4\u88c5\u914d\" title=\"\u8f66\u95f4\u88c5\u914d\" \/>\n\t\t\t\t<img decoding=\"async\" src=\"https:\/\/ai-chenming.com\/wp-content\/uploads\/2024\/12\/\u6fc0\u5149\u673a\u56fe\u7247.jpg\" alt=\"\u6fc0\u5149\u673a\u56fe\u7247\" title=\"\u6fc0\u5149\u673a\u56fe\u7247\" \/>\n\t\t\t\t<img decoding=\"async\" src=\"https:\/\/ai-chenming.com\/wp-content\/uploads\/2024\/12\/\u8bbe\u5907\u6837\u673a.jpg\" alt=\"\u8bbe\u5907\u6837\u673a\" title=\"\u8bbe\u5907\u6837\u673a\" \/>\n\t\t\t\t<img decoding=\"async\" src=\"https:\/\/ai-chenming.com\/wp-content\/uploads\/2024\/12\/\u6298\u5f2f-\u534a\u6210\u54c1.jpg\" alt=\"\u6298\u5f2f-\u534a\u6210\u54c1\" title=\"\u6298\u5f2f-\u534a\u6210\u54c1\" \/>\n\t\t\t\t<img decoding=\"async\" src=\"https:\/\/ai-chenming.com\/wp-content\/uploads\/2024\/12\/\u6ce8\u5851\u8f66\u95f4.jpg\" alt=\"\u6ce8\u5851\u8f66\u95f4\" title=\"\u6ce8\u5851\u8f66\u95f4\" \/>\n\t\t\t\t<img decoding=\"async\" src=\"https:\/\/ai-chenming.com\/wp-content\/uploads\/2024\/12\/\u88c5\u914d\u8f66\u95f4\u7167\u7247.jpg\" alt=\"\u88c5\u914d\u8f66\u95f4\u7167\u7247\" title=\"\u88c5\u914d\u8f66\u95f4\u7167\u7247\" \/>","protected":false},"excerpt":{"rendered":"<p>A propos de nous Nous nous effor\u00e7ons de vous fournir des bandes transporteuses \u00e0 modules vari\u00e9s de haute qualit\u00e9 et des accessoires connexes. Shandong Chenming Intelligent Equipment [...]<\/p>","protected":false},"author":1,"featured_media":0,"parent":0,"menu_order":0,"comment_status":"closed","ping_status":"closed","template":"","meta":{"_acf_changed":false,"_seopress_robots_primary_cat":"","_seopress_titles_title":"","_seopress_titles_desc":"","_seopress_robots_index":"","_uag_custom_page_level_css":"","site-sidebar-layout":"no-sidebar","site-content-layout":"page-builder","ast-site-content-layout":"full-width-container","site-content-style":"unboxed","site-sidebar-style":"unboxed","ast-global-header-display":"","ast-banner-title-visibility":"","ast-main-header-display":"","ast-hfb-above-header-display":"","ast-hfb-below-header-display":"","ast-hfb-mobile-header-display":"","site-post-title":"disabled","ast-breadcrumbs-content":"","ast-featured-img":"disabled","footer-sml-layout":"","theme-transparent-header-meta":"enabled","adv-header-id-meta":"","stick-header-meta":"","header-above-stick-meta":"","header-main-stick-meta":"","header-below-stick-meta":"","astra-migrate-meta-layouts":"set","ast-page-background-enabled":"default","ast-page-background-meta":{"desktop":{"background-color":"","background-image":"","background-repeat":"repeat","background-position":"center center","background-size":"auto","background-attachment":"scroll","background-type":"","background-media":"","overlay-type":"","overlay-color":"","overlay-opacity":"","overlay-gradient":""},"tablet":{"background-color":"","background-image":"","background-repeat":"repeat","background-position":"center center","background-size":"auto","background-attachment":"scroll","background-type":"","background-media":"","overlay-type":"","overlay-color":"","overlay-opacity":"","overlay-gradient":""},"mobile":{"background-color":"","background-image":"","background-repeat":"repeat","background-position":"center center","background-size":"auto","background-attachment":"scroll","background-type":"","background-media":"","overlay-type":"","overlay-color":"","overlay-opacity":"","overlay-gradient":""}},"ast-content-background-meta":{"desktop":{"background-color":"var(--ast-global-color-5)","background-image":"","background-repeat":"repeat","background-position":"center center","background-size":"auto","background-attachment":"scroll","background-type":"","background-media":"","overlay-type":"","overlay-color":"","overlay-opacity":"","overlay-gradient":""},"tablet":{"background-color":"var(--ast-global-color-5)","background-image":"","background-repeat":"repeat","background-position":"center center","background-size":"auto","background-attachment":"scroll","background-type":"","background-media":"","overlay-type":"","overlay-color":"","overlay-opacity":"","overlay-gradient":""},"mobile":{"background-color":"var(--ast-global-color-5)","background-image":"","background-repeat":"repeat","background-position":"center center","background-size":"auto","background-attachment":"scroll","background-type":"","background-media":"","overlay-type":"","overlay-color":"","overlay-opacity":"","overlay-gradient":""}},"footnotes":""},"class_list":["post-2139","page","type-page","status-publish","hentry"],"acf":[],"uagb_featured_image_src":{"full":false,"thumbnail":false,"medium":false,"medium_large":false,"large":false,"1536x1536":false,"2048x2048":false,"trp-custom-language-flag":false,"woocommerce_thumbnail":false,"woocommerce_single":false,"woocommerce_gallery_thumbnail":false},"uagb_author_info":{"display_name":"jinxing6611@gmail.com","author_link":"https:\/\/www.ai-chenming.com\/fr\/author\/jinxing6611gmail-com\/"},"uagb_comment_info":0,"uagb_excerpt":"About Us We strive to provide you with high-quality various module conveyor belts and related accessories. Shandong Chenming Intelligent Equipment [&hellip;]","_links":{"self":[{"href":"https:\/\/www.ai-chenming.com\/fr\/wp-json\/wp\/v2\/pages\/2139","targetHints":{"allow":["GET"]}}],"collection":[{"href":"https:\/\/www.ai-chenming.com\/fr\/wp-json\/wp\/v2\/pages"}],"about":[{"href":"https:\/\/www.ai-chenming.com\/fr\/wp-json\/wp\/v2\/types\/page"}],"author":[{"embeddable":true,"href":"https:\/\/www.ai-chenming.com\/fr\/wp-json\/wp\/v2\/users\/1"}],"replies":[{"embeddable":true,"href":"https:\/\/www.ai-chenming.com\/fr\/wp-json\/wp\/v2\/comments?post=2139"}],"version-history":[{"count":37,"href":"https:\/\/www.ai-chenming.com\/fr\/wp-json\/wp\/v2\/pages\/2139\/revisions"}],"predecessor-version":[{"id":3544,"href":"https:\/\/www.ai-chenming.com\/fr\/wp-json\/wp\/v2\/pages\/2139\/revisions\/3544"}],"wp:attachment":[{"href":"https:\/\/www.ai-chenming.com\/fr\/wp-json\/wp\/v2\/media?parent=2139"}],"curies":[{"name":"wp","href":"https:\/\/api.w.org\/{rel}","templated":true}]}}